{"id":144994,"date":"2023-05-14T14:09:11","date_gmt":"2023-05-14T14:09:11","guid":{"rendered":"http:\/\/talkpal.ai\/islandsk-grammatik\/"},"modified":"2025-12-12T10:52:17","modified_gmt":"2025-12-12T10:52:17","slug":"islandsk-grammatik","status":"publish","type":"page","link":"https:\/\/talkpal.ai\/da\/islandsk-grammatik\/","title":{"rendered":"Islandsk grammatik"},"content":{"rendered":"\r\n\r\n\r\n<section class=\"languageChallengeSection\">\r\n    <div class=\"languageInfoWrapper\">\r\n        \r\n        <h1>Islandsk grammatik<\/h1>\r\n        <p>Udforsk den fascinerende struktur i <a href=\"https:\/\/talkpal.ai\/learn-icelandic\/\">islandsk<\/a> ved at l\u00e6re de grundl\u00e6ggende grammatiske regler. At beherske <a href=\"https:\/\/talkpal.ai\/da\/laer-islandsk\/\">islandsk grammatik<\/a> vil hj\u00e6lpe dig med at kommunikere effektivt og f\u00e5 en dybere kontakt med Islands unikke kultur og historie. Begynd at l\u00e6re islandsk <a href=\"https:\/\/talkpal.ai\/fr\/les\/\">grammatik<\/a> i dag, og tag dit f\u00f8rste skridt mod flydende <a href=\"https:\/\/talkpal.ai\/what-language-is-spoken-on-the-international-space-station\/\">sprog<\/a>!<\/p>\r\n\r\n                            <a class=\"getStartedHidden\" href=\"https:\/\/app.talkpal.ai\/da\/signup?lng=\">Kom i gang<\/a>\r\n        \r\n    <\/div>\r\n\r\n    <figure>\r\n    <img decoding=\"async\" width=\"768\" height=\"768\" src=\"https:\/\/talkpal.ai\/wp-content\/uploads\/2023\/06\/Icelandic-768x768.png\" class=\"languageImage no-lazy\" alt=\"Language learning for better job opportunities\" fetchpriority=\"high\" sizes=\"(max-width: 768px) 150px, 768px\" srcset=\"https:\/\/talkpal.ai\/wp-content\/uploads\/2023\/06\/Icelandic-768x768.png 768w, https:\/\/talkpal.ai\/wp-content\/uploads\/2023\/06\/Icelandic-300x300.png 300w\" \/>\r\n    \r\n\r\n    <\/figure>\r\n\r\n            <a class=\"getStartedVisible\" href=\"https:\/\/app.talkpal.ai\/da\/signup?lng=\">Kom i gang<\/a>\r\n    \r\n<\/section>\r\n<section class=\"promotionalBanner\">\r\n    <p class=\"promotionalText\">Den mest effektive m\u00e5de at l\u00e6re et sprog p\u00e5<\/p>\r\n    <a class=\"promotionalLink\" href=\"https:\/\/app.talkpal.ai\/da\/signup?lng=\">Pr\u00f8v Talkpal gratis<\/a>\r\n<\/section>\n<div class=\"wp-block-group pageContainerStyle\"><div class=\"wp-block-group__inner-container is-layout-constrained wp-block-group-is-layout-constrained\">\n<h2 class=\"wp-block-heading\" id=\"h-the-magic-of-icelandic-grammar-unlocking-the-secrets-of-the-viking-tongue\">Den islandske grammatiks magi: L\u00e5s op for vikingetungens hemmeligheder<\/h2>\n\n\n\n<h3 class=\"wp-block-heading\" id=\"h-introduction-icelandic-the-land-of-fire-and-ice\">Indledning: Islandsk, ildens og isens land<\/h3>\n\n\n\n<p>Det islandske sprog, der tales af befolkningen i den fantastiske \u00f8nation Island, er kendt for sin rige historie, f\u00e6ngslende poetiske tradition og enest\u00e5ende evne til at tilpasse sig og udvikle sig med tiden. Islandsk stammer fra oldnordisk og har en s\u00e6rlig charme, der tryllebinder sprogelskere og h\u00e5befulde polygloter. S\u00e5 sp\u00e6nd sikkerhedsselerne, folkens! Vi skal til at dykke ned i den smukke, komplekse verden af islandsk grammatik, opklare dens mysterier og opdage dens skjulte skatte undervejs.<\/p>\n\n\n\n<h3 class=\"wp-block-heading\" id=\"h-1-runic-scripts-to-latin-alphabet-a-story-of-transformation\">1. Runeskrifter til latinsk alfabet: En historie om transformation<\/h3>\n\n\n\n<p>Det islandske alfabet er et eventyr i sig selv, der best\u00e5r af 32 tegn, der stammer fra forskellige historiske r\u00f8dder. Selv om det prim\u00e6rt er baseret p\u00e5 den latinske skrift, har alfabetet bevaret nogle karakteristiske tegn fra sine oldnordiske forf\u00e6dres runeskrift. At <a href=\"https:\/\/talkpal.ai\/locations\/language-courses-in-mestre\/\">mestre<\/a> disse tegn er den f\u00f8rste forhindring i at l\u00e6re sproget, men med lidt \u00f8velse bliver du en mester p\u00e5 ingen tid!<\/p>\n\n\n\n<h3 class=\"wp-block-heading\" id=\"h-2-noun-mastery-getting-to-the-roots-of-icelandic-grammar\">2. Substantivbeherskelse: Kom til r\u00f8dderne af islandsk grammatik<\/h3>\n\n\n\n<p>Et af kernefunktionerne i islandsk grammatik er b\u00f8jningen af substantiver efter k\u00f8n, tal og kasus. Islandske navneord kan v\u00e6re feminine, maskuline eller neutrale, og hvert k\u00f8n kommer med sit unikke s\u00e6t regler for forkortelse. Selvom dette kan virke som en sproglig rutsjebanetur, er det vigtigt at forst\u00e5 disse forviklinger for at forst\u00e5 sproget som helhed. Den viden, du f\u00e5r, vil \u00e5bne op for en verden af muligheder for at udtrykke en r\u00e6kke subtile og komplekse betydninger &#8211; den islandske grammatiks sande herlighed!<\/p>\n\n\n\n<h3 class=\"wp-block-heading\" id=\"h-3-the-mighty-verb-icelandic-s-unsung-hero\">3. Det m\u00e6gtige verbum: Islands ubesungne helt<\/h3>\n\n\n\n<p>Ligesom substantiver gennemg\u00e5r islandske verber en omfattende transformation afh\u00e6ngigt af deres tid, stemning og subjektets person og tal. Dette indviklede system kan v\u00e6re skr\u00e6mmende i starten, men b\u00e6r over med mig! N\u00e5r du l\u00e6rer de regelm\u00e6ssige m\u00f8nstre og uregelm\u00e6ssige s\u00e6rheder, vil du begynde at se, hvor elegant og alsidig islandsk verbeb\u00f8jning kan v\u00e6re. At erobre de islandske verber vil l\u00e5se op for kraften til at udtrykke tanker, f\u00f8lelser og handlinger med pr\u00e6cision og kreativitet.<\/p>\n\n\n\n<h3 class=\"wp-block-heading\" id=\"h-4-word-order-icelandic-s-flexible-backbone\">4. Ordstilling: Islands fleksible rygrad<\/h3>\n\n\n\n<p>I mods\u00e6tning til stivheden i nogle elementer i islandsk grammatik tilbyder sproget fleksibilitet i ordr\u00e6kkef\u00f8lgen. Det betyder, at du kan placere subjekt, verbum og objekt i forskellige arrangementer, s\u00e5 l\u00e6nge du opretholder overensstemmelse i k\u00f8n, tal, kasus og meget mere &#8211; du vil slippe kunstneren i dig l\u00f8s! Tilpasning af dine s\u00e6tninger p\u00e5 denne legende m\u00e5de kan hj\u00e6lpe med at skabe v\u00e6gt, nuance og en samtaletone, hvilket g\u00f8r din tale mere engagerende og behagelig.<\/p>\n\n\n\n<h3 class=\"wp-block-heading\" id=\"h-5-embrace-the-culture-discover-the-pulse-of-the-icelandic-language\">5. Omfavn kulturen: Oplev pulsen p\u00e5 det islandske sprog<\/h3>\n\n\n\n<p>Det islandske sprog kan ikke adskilles fra sine kulturelle r\u00f8dder med dets st\u00e6rke b\u00e5nd til sagaerne, eddaerne og nationens unikke historie og verdensbillede. For virkelig at fordybe dig i sproget skal du omfavne dets kontekst helhjertet. Dyk ned i dens folklore, fort\u00e6re dens litter\u00e6re skatte og engagere sig med indf\u00f8dte. Denne tilgang er n\u00f8glen til at opn\u00e5 b\u00e5de sproglige f\u00e6rdigheder og en dybere forbindelse med det islandske folk og deres rige kulturarv.<\/p>\n\n\n\n<h3 class=\"wp-block-heading\" id=\"h-conclusion-an-icelandic-grammar-journey-worth-taking\">Konklusion: En islandsk grammatikrejse v\u00e6rd at tage<\/h3>\n\n\n\n<p>Selvom islandsk grammatik kan virke som en formidabel udfordring, er bel\u00f8nningen rigelig for dem, der tager springet. Med udholdenhed, en stor interesse for kulturen og et gener\u00f8st drys af nysgerrighed vil du blive betaget af det islandske sprogs finurligheder. S\u00e5 kom med os i dette eventyr og afsl\u00f8r magien i islandsk grammatik, et sp\u00e6ndende skridt ad gangen.<\/p>\n<\/div><\/div>\n\r\n<section class=\"learnNavigationSection\">\r\n            \r\n        <a href=\"https:\/\/talkpal.ai\/da\/laer-islandsk\/\">\r\n            <div class=\"learnNavigationWrapper\">\r\n                <div class=\"learnNavigationContent\">\r\n                    <img decoding=\"async\" src=\"https:\/\/talkpal.ai\/wp-content\/uploads\/2024\/08\/Icelandic.jpg\" alt=\"Iceland Flag\">\r\n                    <div>\r\n                        <h4>Om islandsk l\u00e6ring<\/h4>\r\n                        <p>Find ud af alt om islandsk grammatik.<\/p>\r\n                    <\/div>\r\n                <\/div>\r\n            <\/div>\r\n        <\/a>\r\n\r\n        \r\n        <a href=\"https:\/\/talkpal.ai\/da\/islandske-grammatikoevelser\/\">\r\n            <div class=\"learnNavigationWrapper\">\r\n                <div class=\"learnNavigationContent\">\r\n                    <img decoding=\"async\" src=\"https:\/\/talkpal.ai\/wp-content\/uploads\/2024\/08\/Icelandic.jpg\" alt=\"Iceland Flag\">\r\n                    <div>\r\n                        <h4>\u00d8velse i islandsk grammatik<\/h4>\r\n                        <p>\u00d8v islandsk grammatik.<\/p>\r\n                    <\/div>\r\n                <\/div>\r\n            <\/div>\r\n        <\/a>\r\n\r\n        \r\n        <a href=\"https:\/\/talkpal.ai\/vocabulary_language\/icelandic\/\">\r\n            <div class=\"learnNavigationWrapper\">\r\n                <div class=\"learnNavigationContent\">\r\n                    <img decoding=\"async\" src=\"https:\/\/talkpal.ai\/wp-content\/uploads\/2024\/08\/Icelandic.jpg\" alt=\"Iceland Flag\">\r\n                    <div>\r\n                        <h4>Islandsk ordforr\u00e5d<\/h4>\r\n                        <p>Udvid dit islandske ordforr\u00e5d.<\/p>\r\n                    <\/div>\r\n                <\/div>\r\n            <\/div>\r\n        <\/a>\r\n\r\n            <\/section>","protected":false},"excerpt":{"rendered":"<p>Den islandske grammatiks magi: L\u00e5s op for vikingetungens hemmeligheder Indledning: Islandsk, ildens og isens land Det islandske sprog, der tales af befolkningen i den fantastiske \u00f8nation Island, er kendt for sin rige historie, f\u00e6ngslende poetiske tradition og enest\u00e5ende evne til at tilpasse sig og udvikle sig med tiden. Islandsk stammer fra oldnordisk og har en [&hellip;]<\/p>\n","protected":false},"author":1,"featured_media":113424,"parent":0,"menu_order":0,"comment_status":"closed","ping_status":"closed","template":"LearningContentPage.php","meta":{"_acf_changed":false,"footnotes":""},"class_list":["post-144994","page","type-page","status-publish","has-post-thumbnail","hentry"],"acf":[],"yoast_head":"<!-- This site is optimized with the Yoast SEO Premium plugin v27.2 (Yoast SEO v27.2) - https:\/\/yoast.com\/product\/yoast-seo-premium-wordpress\/ -->\n<title>Islandsk grammatik - Talkpal<\/title>\n<meta name=\"description\" content=\"L\u00e6r islandsk grammatik tydeligt - forst\u00e5 de vigtigste grammatiske regler, form korrekte s\u00e6tninger, og \u00f8g hurtigt selvtilliden ved hj\u00e6lp af Talkpal&#039;s AI-lektioner.\" \/>\n<meta name=\"robots\" content=\"index, follow, max-snippet:-1, max-image-preview:large, max-video-preview:-1\" \/>\n<link rel=\"canonical\" href=\"https:\/\/talkpal.ai\/da\/islandsk-grammatik\/\" \/>\n<meta property=\"og:locale\" content=\"da_DK\" \/>\n<meta property=\"og:type\" content=\"article\" \/>\n<meta property=\"og:title\" content=\"Islandsk grammatik\" \/>\n<meta property=\"og:description\" content=\"Den islandske grammatiks magi: L\u00e5s op for vikingetungens hemmeligheder Indledning: Islandsk, ildens og isens land Det islandske sprog, der tales af\" \/>\n<meta property=\"og:url\" content=\"https:\/\/talkpal.ai\/da\/islandsk-grammatik\/\" \/>\n<meta property=\"og:site_name\" content=\"Talkpal\" \/>\n<meta property=\"article:publisher\" content=\"https:\/\/www.facebook.com\/profile.php?id=100090733639311\" \/>\n<meta property=\"article:modified_time\" content=\"2025-12-12T10:52:17+00:00\" \/>\n<meta property=\"og:image\" content=\"https:\/\/talkpal.ai\/wp-content\/uploads\/2023\/05\/iceland.png\" \/>\n\t<meta property=\"og:image:width\" content=\"512\" \/>\n\t<meta property=\"og:image:height\" content=\"512\" \/>\n\t<meta property=\"og:image:type\" content=\"image\/png\" \/>\n<meta name=\"twitter:card\" content=\"summary_large_image\" \/>\n<meta name=\"twitter:site\" content=\"@talkpalai\" \/>\n<meta name=\"twitter:label1\" content=\"Estimeret l\u00e6setid\" \/>\n\t<meta name=\"twitter:data1\" content=\"3 minutter\" \/>\n<script type=\"application\/ld+json\" class=\"yoast-schema-graph\">{\"@context\":\"https:\/\/schema.org\",\"@graph\":[{\"@type\":\"WebPage\",\"@id\":\"https:\/\/talkpal.ai\/da\/islandsk-grammatik\/\",\"url\":\"https:\/\/talkpal.ai\/da\/islandsk-grammatik\/\",\"name\":\"Islandsk grammatik - Talkpal\",\"isPartOf\":{\"@id\":\"https:\/\/talkpal.ai\/da\/#website\"},\"primaryImageOfPage\":{\"@id\":\"https:\/\/talkpal.ai\/da\/islandsk-grammatik\/#primaryimage\"},\"image\":{\"@id\":\"https:\/\/talkpal.ai\/da\/islandsk-grammatik\/#primaryimage\"},\"thumbnailUrl\":\"https:\/\/talkpal.ai\/wp-content\/uploads\/2023\/05\/iceland.png\",\"datePublished\":\"2023-05-14T14:09:11+00:00\",\"dateModified\":\"2025-12-12T10:52:17+00:00\",\"description\":\"L\u00e6r islandsk grammatik tydeligt - forst\u00e5 de vigtigste grammatiske regler, form korrekte s\u00e6tninger, og \u00f8g hurtigt selvtilliden ved hj\u00e6lp af Talkpal's AI-lektioner.\",\"breadcrumb\":{\"@id\":\"https:\/\/talkpal.ai\/da\/islandsk-grammatik\/#breadcrumb\"},\"inLanguage\":\"da-DK\",\"potentialAction\":[{\"@type\":\"ReadAction\",\"target\":[\"https:\/\/talkpal.ai\/da\/islandsk-grammatik\/\"]}]},{\"@type\":\"ImageObject\",\"inLanguage\":\"da-DK\",\"@id\":\"https:\/\/talkpal.ai\/da\/islandsk-grammatik\/#primaryimage\",\"url\":\"https:\/\/talkpal.ai\/wp-content\/uploads\/2023\/05\/iceland.png\",\"contentUrl\":\"https:\/\/talkpal.ai\/wp-content\/uploads\/2023\/05\/iceland.png\",\"width\":512,\"height\":512},{\"@type\":\"BreadcrumbList\",\"@id\":\"https:\/\/talkpal.ai\/da\/islandsk-grammatik\/#breadcrumb\",\"itemListElement\":[{\"@type\":\"ListItem\",\"position\":1,\"name\":\"Homepage\",\"item\":\"https:\/\/talkpal.ai\/da\/\"},{\"@type\":\"ListItem\",\"position\":2,\"name\":\"Islandsk grammatik\"}]},{\"@type\":\"WebSite\",\"@id\":\"https:\/\/talkpal.ai\/da\/#website\",\"url\":\"https:\/\/talkpal.ai\/da\/\",\"name\":\"Talkpal\",\"description\":\"AI Language Learning\",\"publisher\":{\"@id\":\"https:\/\/talkpal.ai\/da\/#organization\"},\"alternateName\":\"Talkpal AI\",\"potentialAction\":[{\"@type\":\"SearchAction\",\"target\":{\"@type\":\"EntryPoint\",\"urlTemplate\":\"https:\/\/talkpal.ai\/da\/?s={search_term_string}\"},\"query-input\":{\"@type\":\"PropertyValueSpecification\",\"valueRequired\":true,\"valueName\":\"search_term_string\"}}],\"inLanguage\":\"da-DK\"},{\"@type\":\"Organization\",\"@id\":\"https:\/\/talkpal.ai\/da\/#organization\",\"name\":\"Talkpal, Inc.\",\"alternateName\":\"Talkpal AI\",\"url\":\"https:\/\/talkpal.ai\/da\/\",\"logo\":{\"@type\":\"ImageObject\",\"inLanguage\":\"da-DK\",\"@id\":\"https:\/\/talkpal.ai\/da\/#\/schema\/logo\/image\/\",\"url\":\"https:\/\/talkpal.ai\/wp-content\/uploads\/2024\/03\/Talkpal-Logo-Icon.png\",\"contentUrl\":\"https:\/\/talkpal.ai\/wp-content\/uploads\/2024\/03\/Talkpal-Logo-Icon.png\",\"width\":2880,\"height\":2880,\"caption\":\"Talkpal, Inc.\"},\"image\":{\"@id\":\"https:\/\/talkpal.ai\/da\/#\/schema\/logo\/image\/\"},\"sameAs\":[\"https:\/\/www.facebook.com\/profile.php?id=100090733639311\",\"https:\/\/x.com\/talkpalai\",\"https:\/\/www.linkedin.com\/company\/talkpal\/\",\"https:\/\/www.youtube.com\/@TalkPal\/\",\"https:\/\/www.tiktok.com\/@talkpal\",\"https:\/\/www.instagram.com\/talkpal_ai\/\",\"https:\/\/www.crunchbase.com\/organization\/talkpal-9cde\",\"https:\/\/www.g2.com\/products\/talkpal-for-business\/\",\"https:\/\/www.trustpilot.com\/review\/talkpal.ai\",\"https:\/\/www.capterra.com\/p\/10006800\/TalkPal\/\"],\"description\":\"Talkpal is a language learning web and mobile education app, powered by the latest AI technologies, that provides engaging experiences to its customers in many different languages to help them improve their language skills. Users can chat about unlimited amount of topics with the app and use other modes to practice their language learning.\",\"email\":\"support@talkpal.ai\",\"legalName\":\"Talkpal, Inc.\",\"foundingDate\":\"2023-04-03\",\"duns\":\"118989042\",\"numberOfEmployees\":{\"@type\":\"QuantitativeValue\",\"minValue\":\"11\",\"maxValue\":\"50\"},\"publishingPrinciples\":\"https:\/\/talkpal.ai\/publishing-principles\/\",\"actionableFeedbackPolicy\":\"https:\/\/talkpal.ai\/actionable-feedback-policy\/\",\"correctionsPolicy\":\"https:\/\/talkpal.ai\/corrections-policy\/\",\"ethicsPolicy\":\"https:\/\/talkpal.ai\/ethics-policy\/\",\"diversityPolicy\":\"https:\/\/talkpal.ai\/diversity-policy\/\",\"diversityStaffingReport\":\"https:\/\/talkpal.ai\/diversity-policy\/\"}]}<\/script>\n<!-- \/ Yoast SEO Premium plugin. -->","yoast_head_json":{"title":"Islandsk grammatik - Talkpal","description":"L\u00e6r islandsk grammatik tydeligt - forst\u00e5 de vigtigste grammatiske regler, form korrekte s\u00e6tninger, og \u00f8g hurtigt selvtilliden ved hj\u00e6lp af Talkpal's AI-lektioner.","robots":{"index":"index","follow":"follow","max-snippet":"max-snippet:-1","max-image-preview":"max-image-preview:large","max-video-preview":"max-video-preview:-1"},"canonical":"https:\/\/talkpal.ai\/da\/islandsk-grammatik\/","og_locale":"da_DK","og_type":"article","og_title":"Islandsk grammatik","og_description":"Den islandske grammatiks magi: L\u00e5s op for vikingetungens hemmeligheder Indledning: Islandsk, ildens og isens land Det islandske sprog, der tales af","og_url":"https:\/\/talkpal.ai\/da\/islandsk-grammatik\/","og_site_name":"Talkpal","article_publisher":"https:\/\/www.facebook.com\/profile.php?id=100090733639311","article_modified_time":"2025-12-12T10:52:17+00:00","og_image":[{"width":512,"height":512,"url":"https:\/\/talkpal.ai\/wp-content\/uploads\/2023\/05\/iceland.png","type":"image\/png"}],"twitter_card":"summary_large_image","twitter_site":"@talkpalai","twitter_misc":{"Estimeret l\u00e6setid":"3 minutter"},"schema":{"@context":"https:\/\/schema.org","@graph":[{"@type":"WebPage","@id":"https:\/\/talkpal.ai\/da\/islandsk-grammatik\/","url":"https:\/\/talkpal.ai\/da\/islandsk-grammatik\/","name":"Islandsk grammatik - Talkpal","isPartOf":{"@id":"https:\/\/talkpal.ai\/da\/#website"},"primaryImageOfPage":{"@id":"https:\/\/talkpal.ai\/da\/islandsk-grammatik\/#primaryimage"},"image":{"@id":"https:\/\/talkpal.ai\/da\/islandsk-grammatik\/#primaryimage"},"thumbnailUrl":"https:\/\/talkpal.ai\/wp-content\/uploads\/2023\/05\/iceland.png","datePublished":"2023-05-14T14:09:11+00:00","dateModified":"2025-12-12T10:52:17+00:00","description":"L\u00e6r islandsk grammatik tydeligt - forst\u00e5 de vigtigste grammatiske regler, form korrekte s\u00e6tninger, og \u00f8g hurtigt selvtilliden ved hj\u00e6lp af Talkpal's AI-lektioner.","breadcrumb":{"@id":"https:\/\/talkpal.ai\/da\/islandsk-grammatik\/#breadcrumb"},"inLanguage":"da-DK","potentialAction":[{"@type":"ReadAction","target":["https:\/\/talkpal.ai\/da\/islandsk-grammatik\/"]}]},{"@type":"ImageObject","inLanguage":"da-DK","@id":"https:\/\/talkpal.ai\/da\/islandsk-grammatik\/#primaryimage","url":"https:\/\/talkpal.ai\/wp-content\/uploads\/2023\/05\/iceland.png","contentUrl":"https:\/\/talkpal.ai\/wp-content\/uploads\/2023\/05\/iceland.png","width":512,"height":512},{"@type":"BreadcrumbList","@id":"https:\/\/talkpal.ai\/da\/islandsk-grammatik\/#breadcrumb","itemListElement":[{"@type":"ListItem","position":1,"name":"Homepage","item":"https:\/\/talkpal.ai\/da\/"},{"@type":"ListItem","position":2,"name":"Islandsk grammatik"}]},{"@type":"WebSite","@id":"https:\/\/talkpal.ai\/da\/#website","url":"https:\/\/talkpal.ai\/da\/","name":"Talkpal","description":"AI Language Learning","publisher":{"@id":"https:\/\/talkpal.ai\/da\/#organization"},"alternateName":"Talkpal AI","potentialAction":[{"@type":"SearchAction","target":{"@type":"EntryPoint","urlTemplate":"https:\/\/talkpal.ai\/da\/?s={search_term_string}"},"query-input":{"@type":"PropertyValueSpecification","valueRequired":true,"valueName":"search_term_string"}}],"inLanguage":"da-DK"},{"@type":"Organization","@id":"https:\/\/talkpal.ai\/da\/#organization","name":"Talkpal, Inc.","alternateName":"Talkpal AI","url":"https:\/\/talkpal.ai\/da\/","logo":{"@type":"ImageObject","inLanguage":"da-DK","@id":"https:\/\/talkpal.ai\/da\/#\/schema\/logo\/image\/","url":"https:\/\/talkpal.ai\/wp-content\/uploads\/2024\/03\/Talkpal-Logo-Icon.png","contentUrl":"https:\/\/talkpal.ai\/wp-content\/uploads\/2024\/03\/Talkpal-Logo-Icon.png","width":2880,"height":2880,"caption":"Talkpal, Inc."},"image":{"@id":"https:\/\/talkpal.ai\/da\/#\/schema\/logo\/image\/"},"sameAs":["https:\/\/www.facebook.com\/profile.php?id=100090733639311","https:\/\/x.com\/talkpalai","https:\/\/www.linkedin.com\/company\/talkpal\/","https:\/\/www.youtube.com\/@TalkPal\/","https:\/\/www.tiktok.com\/@talkpal","https:\/\/www.instagram.com\/talkpal_ai\/","https:\/\/www.crunchbase.com\/organization\/talkpal-9cde","https:\/\/www.g2.com\/products\/talkpal-for-business\/","https:\/\/www.trustpilot.com\/review\/talkpal.ai","https:\/\/www.capterra.com\/p\/10006800\/TalkPal\/"],"description":"Talkpal is a language learning web and mobile education app, powered by the latest AI technologies, that provides engaging experiences to its customers in many different languages to help them improve their language skills. Users can chat about unlimited amount of topics with the app and use other modes to practice their language learning.","email":"support@talkpal.ai","legalName":"Talkpal, Inc.","foundingDate":"2023-04-03","duns":"118989042","numberOfEmployees":{"@type":"QuantitativeValue","minValue":"11","maxValue":"50"},"publishingPrinciples":"https:\/\/talkpal.ai\/publishing-principles\/","actionableFeedbackPolicy":"https:\/\/talkpal.ai\/actionable-feedback-policy\/","correctionsPolicy":"https:\/\/talkpal.ai\/corrections-policy\/","ethicsPolicy":"https:\/\/talkpal.ai\/ethics-policy\/","diversityPolicy":"https:\/\/talkpal.ai\/diversity-policy\/","diversityStaffingReport":"https:\/\/talkpal.ai\/diversity-policy\/"}]}},"_links":{"self":[{"href":"https:\/\/talkpal.ai\/da\/wp-json\/wp\/v2\/pages\/144994","targetHints":{"allow":["GET"]}}],"collection":[{"href":"https:\/\/talkpal.ai\/da\/wp-json\/wp\/v2\/pages"}],"about":[{"href":"https:\/\/talkpal.ai\/da\/wp-json\/wp\/v2\/types\/page"}],"author":[{"embeddable":true,"href":"https:\/\/talkpal.ai\/da\/wp-json\/wp\/v2\/users\/1"}],"replies":[{"embeddable":true,"href":"https:\/\/talkpal.ai\/da\/wp-json\/wp\/v2\/comments?post=144994"}],"version-history":[{"count":0,"href":"https:\/\/talkpal.ai\/da\/wp-json\/wp\/v2\/pages\/144994\/revisions"}],"wp:featuredmedia":[{"embeddable":true,"href":"https:\/\/talkpal.ai\/da\/wp-json\/wp\/v2\/media\/113424"}],"wp:attachment":[{"href":"https:\/\/talkpal.ai\/da\/wp-json\/wp\/v2\/media?parent=144994"}],"curies":[{"name":"wp","href":"https:\/\/api.w.org\/{rel}","templated":true}]}}