{"id":144714,"date":"2023-05-14T14:08:53","date_gmt":"2023-05-14T14:08:53","guid":{"rendered":"http:\/\/talkpal.ai\/ungarsk-grammatik\/"},"modified":"2025-12-12T10:49:09","modified_gmt":"2025-12-12T10:49:09","slug":"ungarsk-grammatik","status":"publish","type":"page","link":"https:\/\/talkpal.ai\/da\/ungarsk-grammatik\/","title":{"rendered":"Ungarsk grammatik"},"content":{"rendered":"\r\n\r\n\r\n<section class=\"languageChallengeSection\">\r\n    <div class=\"languageInfoWrapper\">\r\n        \r\n        <h1>Ungarsk grammatik<\/h1>\r\n        <p>Er du klar til at tage en helt unik sproglig udfordring op? Dyk ned i den ungarske grammatik og opdag dens bem\u00e6rkelsesv\u00e6rdige egenskaber. Begynd at l\u00e6re i dag, og opdag, hvordan beherskelse af <a href=\"https:\/\/talkpal.ai\/sv\/grammar\/obestamd-artikel-i-ungarsk-grammatik\/\">ungarsk grammatik<\/a> \u00e5bner d\u00f8re til meningsfulde samtaler og en dyb forst\u00e5else af Ungarns rige sproglige arv!<\/p>\r\n\r\n                            <a class=\"getStartedHidden\" href=\"https:\/\/app.talkpal.ai\/da\/signup?lng=\">Kom i gang<\/a>\r\n        \r\n    <\/div>\r\n\r\n    <figure>\r\n    <img decoding=\"async\" width=\"768\" height=\"768\" src=\"https:\/\/talkpal.ai\/wp-content\/uploads\/2023\/06\/hungarian-768x768.png\" class=\"languageImage no-lazy\" alt=\"Language learning strategies for advanced learners\" fetchpriority=\"high\" sizes=\"(max-width: 768px) 150px, 768px\" srcset=\"https:\/\/talkpal.ai\/wp-content\/uploads\/2023\/06\/hungarian-768x768.png 768w, https:\/\/talkpal.ai\/wp-content\/uploads\/2023\/06\/hungarian-300x300.png 300w\" \/>\r\n    \r\n\r\n    <\/figure>\r\n\r\n            <a class=\"getStartedVisible\" href=\"https:\/\/app.talkpal.ai\/da\/signup?lng=\">Kom i gang<\/a>\r\n    \r\n<\/section>\r\n<section class=\"promotionalBanner\">\r\n    <p class=\"promotionalText\">Den mest effektive m\u00e5de at l\u00e6re et <a href=\"https:\/\/talkpal.ai\/what-language-is-spoken-on-the-international-space-station\/\">sprog<\/a> p\u00e5<\/p>\r\n    <a class=\"promotionalLink\" href=\"https:\/\/app.talkpal.ai\/da\/signup?lng=\">Pr\u00f8v Talkpal gratis<\/a>\r\n<\/section>\n<div class=\"wp-block-group pageContainerStyle\"><div class=\"wp-block-group__inner-container is-layout-constrained wp-block-group-is-layout-constrained\">\n<h2 class=\"wp-block-heading\" id=\"h-title-unlocking-the-secrets-of-hungarian-grammar\">Titel: Opl\u00e5sning af hemmelighederne ved ungarsk grammatik<\/h2>\n\n\n\n<p><a href=\"https:\/\/talkpal.ai\/learn-hungarian\/\">Ungarsk<\/a>, et finsk-ugrisk sprog, skiller sig ud med sit unikke grammatiksystem, hvilket g\u00f8r det til en sp\u00e6ndende udfordring for <a href=\"https:\/\/talkpal.ai\/talkpal-discount-for-language-enthusiasts\/\">sprogentusiaster<\/a>. At l\u00e6re <a href=\"https:\/\/talkpal.ai\/learn-hungarian\/\">ungarsk<\/a> udvider ikke kun din sproglige viden, men giver dig ogs\u00e5 mulighed for at dykke ned i Ungarns f\u00e6ngslende kultur og historie. Mens ungarsk grammatik oprindeligt kan virke skr\u00e6mmende, g\u00f8r det l\u00e6ringsprocessen mere tilg\u00e6ngelig at bryde den ned i h\u00e5ndterbare komponenter. I denne artikel introducerer vi dig til den ungarske grammatiks sp\u00e6ndende verden og giver dig vejledning i at <a href=\"https:\/\/talkpal.ai\/locations\/language-courses-in-mestre\/\">mestre<\/a> dens kompleksitet.<\/p>\n\n\n\n<h3 class=\"wp-block-heading\" id=\"h-1-word-order-a-flexible-feature\">1. Ordstilling: En fleksibel funktion<\/h3>\n\n\n\n<p>I mods\u00e6tning til mange andre sprog har ungarsk en relativt fleksibel ordstilling. Mens den typiske ungarske s\u00e6tning f\u00f8lger m\u00f8nsteret Subject-Verb-Object (SVO), er andre ordstillinger ogs\u00e5 almindelige og <a href=\"https:\/\/talkpal.ai\/locations\/learn-french-in-bruges\/\">bruges<\/a> til at understrege forskellige dele af s\u00e6tningen. At blive fortrolig med disse variationer vil g\u00f8re det muligt for dig at forst\u00e5 og konstruere ungarske s\u00e6tninger mere effektivt.<\/p>\n\n\n\n<h3 class=\"wp-block-heading\" id=\"h-2-nouns-and-cases-the-role-of-suffixes\">2. Substantiver og sager: Suffiksernes rolle<\/h3>\n\n\n\n<p>Ungarske navneord har ikke grammatisk k\u00f8n, hvilket forenkler s\u00e6tningskonstruktion. Imidlertid bruger substantiver og andre dele af tale i ungarsk grammatik en overflod af suffikser til at angive tilf\u00e6lde, besiddelse og pluralitet. At l\u00e6re disse suffikser og deres anvendelser vil i h\u00f8j grad forbedre din evne til at kommunikere p\u00e5 ungarsk.<\/p>\n\n\n\n<p>Eksempler:<\/p>\n\n\n\n<p><strong>&#8211; h\u00e1z (hus) &#8211; h\u00e1zak (huse)<\/strong><\/p>\n\n\n\n<p><strong>&#8211; h\u00e1zban (i huset) &#8211; h\u00e1zakban (i husene)<\/strong><\/p>\n\n\n\n<h3 class=\"wp-block-heading\" id=\"h-3-verbs-conjugation-and-tense\">3. Verb: b\u00f8jning og sp\u00e6nding<\/h3>\n\n\n\n<p>Ungarske verb er b\u00f8jet efter tid, hum\u00f8r, emne og bestemthed. Der er flere tider p\u00e5 ungarsk, men det er et godt udgangspunkt at l\u00e6re de tre prim\u00e6re tider &#8211; nutid, datid og fremtid. G\u00f8r dig bekendt med regelm\u00e6ssige verbb\u00f8jningsm\u00f8nstre og l\u00e6r almindelige uregelm\u00e6ssige verb for at \u00f8ge dine verbale kommunikationsevner.<\/p>\n\n\n\n<h3 class=\"wp-block-heading\" id=\"h-4-adjectives-agreement-and-placement\">4. Adjektiver: Aftale og placering<\/h3>\n\n\n\n<p>I ungarsk grammatik skal adjektiver v\u00e6re enige med det substantiv, de \u00e6ndrer med hensyn til antal (ental eller flertal). Adjektiver beh\u00f8ver dog ikke at matche substantivet for grammatisk kasus. Adjektiver g\u00e5r normalt forud for substantivet, hvilket giver beskrivende kontekst for s\u00e6tningen.<\/p>\n\n\n\n<p>Eksempler:<\/p>\n\n\n\n<p><strong>&#8211; piros alma (r\u00f8dt \u00e6ble)<\/strong><\/p>\n\n\n\n<p><strong>&#8211; sz\u00e9p vir\u00e1gok (smukke blomster)<\/strong><\/p>\n\n\n\n<h3 class=\"wp-block-heading\" id=\"h-5-vowel-harmony-a-unique-feature\">5. Vokalharmoni: En unik funktion<\/h3>\n\n\n\n<p>Et karakteristisk aspekt af ungarsk grammatik er vokalharmoni, som involverer enighed om vokaler inden for ord. Vokalharmoni p\u00e5virker den m\u00e5de, suffikser dannes og knyttes til ord p\u00e5. Forst\u00e5else og praktisering af vokalharmoni vil g\u00f8re din skriftlige og talte ungarsk mere pr\u00e6cis og naturlig.<\/p>\n\n\n\n<h3 class=\"wp-block-heading\" id=\"h-6-engaging-with-the-language\">6. Engagerende med sproget<\/h3>\n\n\n\n<p>Den mest effektive m\u00e5de at forst\u00e5 og internalisere ungarsk grammatik fuldt ud er at konsekvent engagere sig i sproget. Ved at l\u00e6se ungarsk litteratur, se indf\u00f8dte film eller aktivt tale med indf\u00f8dte talere, vil du styrke din forst\u00e5else af grammatik, mens du udvider dit ordforr\u00e5d samtidigt.<\/p>\n\n\n\n<h3 class=\"wp-block-heading\" id=\"h-conclusion\">Konklusion<\/h3>\n\n\n\n<p>Selvom ungarsk grammatik kan virke kompleks, vil det at n\u00e6rme sig det trin for trin og \u00f8ve konsekvent hj\u00e6lpe dig med at blive dygtig til dette fascinerende sprog. Tag udfordringen op, n\u00e5r du begiver dig ud p\u00e5 din ungarske sprogrejse, og du vil snart finde dig selv i at navigere sikkert rundt i grammatikkens forviklinger. God forn\u00f8jelse med at studere og nyd at udforske vidunderne i ungarsk grammatik!<\/p>\n<\/div><\/div>\n\r\n<section class=\"learnNavigationSection\">\r\n            \r\n        <a href=\"https:\/\/talkpal.ai\/da\/laer-ungarsk\/\">\r\n            <div class=\"learnNavigationWrapper\">\r\n                <div class=\"learnNavigationContent\">\r\n                    <img decoding=\"async\" src=\"https:\/\/talkpal.ai\/wp-content\/uploads\/2024\/08\/Hungarian.jpg\" alt=\"Hungarian Flag\">\r\n                    <div>\r\n                        <h4>Om ungarsk l\u00e6ring<\/h4>\r\n                        <p>Find ud af alt om ungarsk grammatik.<\/p>\r\n                    <\/div>\r\n                <\/div>\r\n            <\/div>\r\n        <\/a>\r\n\r\n        \r\n        <a href=\"https:\/\/talkpal.ai\/da\/ungarske-grammatikoevelser\/\">\r\n            <div class=\"learnNavigationWrapper\">\r\n                <div class=\"learnNavigationContent\">\r\n                    <img decoding=\"async\" src=\"https:\/\/talkpal.ai\/wp-content\/uploads\/2024\/08\/Hungarian.jpg\" alt=\"Hungarian Flag\">\r\n                    <div>\r\n                        <h4>Ungarsk grammatik-\u00f8velse<\/h4>\r\n                        <p>\u00d8v ungarsk grammatik.<\/p>\r\n                    <\/div>\r\n                <\/div>\r\n            <\/div>\r\n        <\/a>\r\n\r\n        \r\n        <a href=\"https:\/\/talkpal.ai\/vocabulary_language\/hungarian\/\">\r\n            <div class=\"learnNavigationWrapper\">\r\n                <div class=\"learnNavigationContent\">\r\n                    <img decoding=\"async\" src=\"https:\/\/talkpal.ai\/wp-content\/uploads\/2024\/08\/Hungarian.jpg\" alt=\"Hungarian Flag\">\r\n                    <div>\r\n                        <h4>Ungarsk ordforr\u00e5d<\/h4>\r\n                        <p>Udvid dit ungarske ordforr\u00e5d.<\/p>\r\n                    <\/div>\r\n                <\/div>\r\n            <\/div>\r\n        <\/a>\r\n\r\n            <\/section>","protected":false},"excerpt":{"rendered":"<p>Titel: Opl\u00e5sning af hemmelighederne ved ungarsk grammatik Ungarsk, et finsk-ugrisk sprog, skiller sig ud med sit unikke grammatiksystem, hvilket g\u00f8r det til en sp\u00e6ndende udfordring for sprogentusiaster. At l\u00e6re ungarsk udvider ikke kun din sproglige viden, men giver dig ogs\u00e5 mulighed for at dykke ned i Ungarns f\u00e6ngslende kultur og historie. Mens ungarsk grammatik oprindeligt [&hellip;]<\/p>\n","protected":false},"author":1,"featured_media":113196,"parent":0,"menu_order":0,"comment_status":"closed","ping_status":"closed","template":"LearningContentPage.php","meta":{"_acf_changed":false,"footnotes":""},"class_list":["post-144714","page","type-page","status-publish","has-post-thumbnail","hentry"],"acf":[],"yoast_head":"<!-- This site is optimized with the Yoast SEO Premium plugin v27.2 (Yoast SEO v27.2) - https:\/\/yoast.com\/product\/yoast-seo-premium-wordpress\/ -->\n<title>Ungarsk grammatik - Talkpal<\/title>\n<meta name=\"description\" content=\"Behersk ungarsk grammatik - l\u00e6r grammatiske regler, og \u00f8v dig i at danne s\u00e6tninger. Modtag nyttig vejledning fra Talkpal AI.\" \/>\n<meta name=\"robots\" content=\"index, follow, max-snippet:-1, max-image-preview:large, max-video-preview:-1\" \/>\n<link rel=\"canonical\" href=\"https:\/\/talkpal.ai\/da\/ungarsk-grammatik\/\" \/>\n<meta property=\"og:locale\" content=\"da_DK\" \/>\n<meta property=\"og:type\" content=\"article\" \/>\n<meta property=\"og:title\" content=\"Ungarsk grammatik\" \/>\n<meta property=\"og:description\" content=\"Titel: Opl\u00e5sning af hemmelighederne ved ungarsk grammatik Ungarsk, et finsk-ugrisk sprog, skiller sig ud med sit unikke grammatiksystem, hvilket g\u00f8r det\" \/>\n<meta property=\"og:url\" content=\"https:\/\/talkpal.ai\/da\/ungarsk-grammatik\/\" \/>\n<meta property=\"og:site_name\" content=\"Talkpal\" \/>\n<meta property=\"article:publisher\" content=\"https:\/\/www.facebook.com\/profile.php?id=100090733639311\" \/>\n<meta property=\"article:modified_time\" content=\"2025-12-12T10:49:09+00:00\" \/>\n<meta property=\"og:image\" content=\"https:\/\/talkpal.ai\/wp-content\/uploads\/2023\/05\/Hungarian.png\" \/>\n\t<meta property=\"og:image:width\" content=\"512\" \/>\n\t<meta property=\"og:image:height\" content=\"512\" \/>\n\t<meta property=\"og:image:type\" content=\"image\/png\" \/>\n<meta name=\"twitter:card\" content=\"summary_large_image\" \/>\n<meta name=\"twitter:site\" content=\"@talkpalai\" \/>\n<meta name=\"twitter:label1\" content=\"Estimeret l\u00e6setid\" \/>\n\t<meta name=\"twitter:data1\" content=\"3 minutter\" \/>\n<script type=\"application\/ld+json\" class=\"yoast-schema-graph\">{\"@context\":\"https:\/\/schema.org\",\"@graph\":[{\"@type\":\"WebPage\",\"@id\":\"https:\/\/talkpal.ai\/da\/ungarsk-grammatik\/\",\"url\":\"https:\/\/talkpal.ai\/da\/ungarsk-grammatik\/\",\"name\":\"Ungarsk grammatik - Talkpal\",\"isPartOf\":{\"@id\":\"https:\/\/talkpal.ai\/da\/#website\"},\"primaryImageOfPage\":{\"@id\":\"https:\/\/talkpal.ai\/da\/ungarsk-grammatik\/#primaryimage\"},\"image\":{\"@id\":\"https:\/\/talkpal.ai\/da\/ungarsk-grammatik\/#primaryimage\"},\"thumbnailUrl\":\"https:\/\/talkpal.ai\/wp-content\/uploads\/2023\/05\/Hungarian.png\",\"datePublished\":\"2023-05-14T14:08:53+00:00\",\"dateModified\":\"2025-12-12T10:49:09+00:00\",\"description\":\"Behersk ungarsk grammatik - l\u00e6r grammatiske regler, og \u00f8v dig i at danne s\u00e6tninger. Modtag nyttig vejledning fra Talkpal AI.\",\"breadcrumb\":{\"@id\":\"https:\/\/talkpal.ai\/da\/ungarsk-grammatik\/#breadcrumb\"},\"inLanguage\":\"da-DK\",\"potentialAction\":[{\"@type\":\"ReadAction\",\"target\":[\"https:\/\/talkpal.ai\/da\/ungarsk-grammatik\/\"]}]},{\"@type\":\"ImageObject\",\"inLanguage\":\"da-DK\",\"@id\":\"https:\/\/talkpal.ai\/da\/ungarsk-grammatik\/#primaryimage\",\"url\":\"https:\/\/talkpal.ai\/wp-content\/uploads\/2023\/05\/Hungarian.png\",\"contentUrl\":\"https:\/\/talkpal.ai\/wp-content\/uploads\/2023\/05\/Hungarian.png\",\"width\":512,\"height\":512},{\"@type\":\"BreadcrumbList\",\"@id\":\"https:\/\/talkpal.ai\/da\/ungarsk-grammatik\/#breadcrumb\",\"itemListElement\":[{\"@type\":\"ListItem\",\"position\":1,\"name\":\"Homepage\",\"item\":\"https:\/\/talkpal.ai\/da\/\"},{\"@type\":\"ListItem\",\"position\":2,\"name\":\"Ungarsk grammatik\"}]},{\"@type\":\"WebSite\",\"@id\":\"https:\/\/talkpal.ai\/da\/#website\",\"url\":\"https:\/\/talkpal.ai\/da\/\",\"name\":\"Talkpal\",\"description\":\"AI Language Learning\",\"publisher\":{\"@id\":\"https:\/\/talkpal.ai\/da\/#organization\"},\"alternateName\":\"Talkpal AI\",\"potentialAction\":[{\"@type\":\"SearchAction\",\"target\":{\"@type\":\"EntryPoint\",\"urlTemplate\":\"https:\/\/talkpal.ai\/da\/?s={search_term_string}\"},\"query-input\":{\"@type\":\"PropertyValueSpecification\",\"valueRequired\":true,\"valueName\":\"search_term_string\"}}],\"inLanguage\":\"da-DK\"},{\"@type\":\"Organization\",\"@id\":\"https:\/\/talkpal.ai\/da\/#organization\",\"name\":\"Talkpal, Inc.\",\"alternateName\":\"Talkpal AI\",\"url\":\"https:\/\/talkpal.ai\/da\/\",\"logo\":{\"@type\":\"ImageObject\",\"inLanguage\":\"da-DK\",\"@id\":\"https:\/\/talkpal.ai\/da\/#\/schema\/logo\/image\/\",\"url\":\"https:\/\/talkpal.ai\/wp-content\/uploads\/2024\/03\/Talkpal-Logo-Icon.png\",\"contentUrl\":\"https:\/\/talkpal.ai\/wp-content\/uploads\/2024\/03\/Talkpal-Logo-Icon.png\",\"width\":2880,\"height\":2880,\"caption\":\"Talkpal, Inc.\"},\"image\":{\"@id\":\"https:\/\/talkpal.ai\/da\/#\/schema\/logo\/image\/\"},\"sameAs\":[\"https:\/\/www.facebook.com\/profile.php?id=100090733639311\",\"https:\/\/x.com\/talkpalai\",\"https:\/\/www.linkedin.com\/company\/talkpal\/\",\"https:\/\/www.youtube.com\/@TalkPal\/\",\"https:\/\/www.tiktok.com\/@talkpal\",\"https:\/\/www.instagram.com\/talkpal_ai\/\",\"https:\/\/www.crunchbase.com\/organization\/talkpal-9cde\",\"https:\/\/www.g2.com\/products\/talkpal-for-business\/\",\"https:\/\/www.trustpilot.com\/review\/talkpal.ai\",\"https:\/\/www.capterra.com\/p\/10006800\/TalkPal\/\"],\"description\":\"Talkpal is a language learning web and mobile education app, powered by the latest AI technologies, that provides engaging experiences to its customers in many different languages to help them improve their language skills. Users can chat about unlimited amount of topics with the app and use other modes to practice their language learning.\",\"email\":\"support@talkpal.ai\",\"legalName\":\"Talkpal, Inc.\",\"foundingDate\":\"2023-04-03\",\"duns\":\"118989042\",\"numberOfEmployees\":{\"@type\":\"QuantitativeValue\",\"minValue\":\"11\",\"maxValue\":\"50\"},\"publishingPrinciples\":\"https:\/\/talkpal.ai\/publishing-principles\/\",\"actionableFeedbackPolicy\":\"https:\/\/talkpal.ai\/actionable-feedback-policy\/\",\"correctionsPolicy\":\"https:\/\/talkpal.ai\/corrections-policy\/\",\"ethicsPolicy\":\"https:\/\/talkpal.ai\/ethics-policy\/\",\"diversityPolicy\":\"https:\/\/talkpal.ai\/diversity-policy\/\",\"diversityStaffingReport\":\"https:\/\/talkpal.ai\/diversity-policy\/\"}]}<\/script>\n<!-- \/ Yoast SEO Premium plugin. -->","yoast_head_json":{"title":"Ungarsk grammatik - Talkpal","description":"Behersk ungarsk grammatik - l\u00e6r grammatiske regler, og \u00f8v dig i at danne s\u00e6tninger. Modtag nyttig vejledning fra Talkpal AI.","robots":{"index":"index","follow":"follow","max-snippet":"max-snippet:-1","max-image-preview":"max-image-preview:large","max-video-preview":"max-video-preview:-1"},"canonical":"https:\/\/talkpal.ai\/da\/ungarsk-grammatik\/","og_locale":"da_DK","og_type":"article","og_title":"Ungarsk grammatik","og_description":"Titel: Opl\u00e5sning af hemmelighederne ved ungarsk grammatik Ungarsk, et finsk-ugrisk sprog, skiller sig ud med sit unikke grammatiksystem, hvilket g\u00f8r det","og_url":"https:\/\/talkpal.ai\/da\/ungarsk-grammatik\/","og_site_name":"Talkpal","article_publisher":"https:\/\/www.facebook.com\/profile.php?id=100090733639311","article_modified_time":"2025-12-12T10:49:09+00:00","og_image":[{"width":512,"height":512,"url":"https:\/\/talkpal.ai\/wp-content\/uploads\/2023\/05\/Hungarian.png","type":"image\/png"}],"twitter_card":"summary_large_image","twitter_site":"@talkpalai","twitter_misc":{"Estimeret l\u00e6setid":"3 minutter"},"schema":{"@context":"https:\/\/schema.org","@graph":[{"@type":"WebPage","@id":"https:\/\/talkpal.ai\/da\/ungarsk-grammatik\/","url":"https:\/\/talkpal.ai\/da\/ungarsk-grammatik\/","name":"Ungarsk grammatik - Talkpal","isPartOf":{"@id":"https:\/\/talkpal.ai\/da\/#website"},"primaryImageOfPage":{"@id":"https:\/\/talkpal.ai\/da\/ungarsk-grammatik\/#primaryimage"},"image":{"@id":"https:\/\/talkpal.ai\/da\/ungarsk-grammatik\/#primaryimage"},"thumbnailUrl":"https:\/\/talkpal.ai\/wp-content\/uploads\/2023\/05\/Hungarian.png","datePublished":"2023-05-14T14:08:53+00:00","dateModified":"2025-12-12T10:49:09+00:00","description":"Behersk ungarsk grammatik - l\u00e6r grammatiske regler, og \u00f8v dig i at danne s\u00e6tninger. Modtag nyttig vejledning fra Talkpal AI.","breadcrumb":{"@id":"https:\/\/talkpal.ai\/da\/ungarsk-grammatik\/#breadcrumb"},"inLanguage":"da-DK","potentialAction":[{"@type":"ReadAction","target":["https:\/\/talkpal.ai\/da\/ungarsk-grammatik\/"]}]},{"@type":"ImageObject","inLanguage":"da-DK","@id":"https:\/\/talkpal.ai\/da\/ungarsk-grammatik\/#primaryimage","url":"https:\/\/talkpal.ai\/wp-content\/uploads\/2023\/05\/Hungarian.png","contentUrl":"https:\/\/talkpal.ai\/wp-content\/uploads\/2023\/05\/Hungarian.png","width":512,"height":512},{"@type":"BreadcrumbList","@id":"https:\/\/talkpal.ai\/da\/ungarsk-grammatik\/#breadcrumb","itemListElement":[{"@type":"ListItem","position":1,"name":"Homepage","item":"https:\/\/talkpal.ai\/da\/"},{"@type":"ListItem","position":2,"name":"Ungarsk grammatik"}]},{"@type":"WebSite","@id":"https:\/\/talkpal.ai\/da\/#website","url":"https:\/\/talkpal.ai\/da\/","name":"Talkpal","description":"AI Language Learning","publisher":{"@id":"https:\/\/talkpal.ai\/da\/#organization"},"alternateName":"Talkpal AI","potentialAction":[{"@type":"SearchAction","target":{"@type":"EntryPoint","urlTemplate":"https:\/\/talkpal.ai\/da\/?s={search_term_string}"},"query-input":{"@type":"PropertyValueSpecification","valueRequired":true,"valueName":"search_term_string"}}],"inLanguage":"da-DK"},{"@type":"Organization","@id":"https:\/\/talkpal.ai\/da\/#organization","name":"Talkpal, Inc.","alternateName":"Talkpal AI","url":"https:\/\/talkpal.ai\/da\/","logo":{"@type":"ImageObject","inLanguage":"da-DK","@id":"https:\/\/talkpal.ai\/da\/#\/schema\/logo\/image\/","url":"https:\/\/talkpal.ai\/wp-content\/uploads\/2024\/03\/Talkpal-Logo-Icon.png","contentUrl":"https:\/\/talkpal.ai\/wp-content\/uploads\/2024\/03\/Talkpal-Logo-Icon.png","width":2880,"height":2880,"caption":"Talkpal, Inc."},"image":{"@id":"https:\/\/talkpal.ai\/da\/#\/schema\/logo\/image\/"},"sameAs":["https:\/\/www.facebook.com\/profile.php?id=100090733639311","https:\/\/x.com\/talkpalai","https:\/\/www.linkedin.com\/company\/talkpal\/","https:\/\/www.youtube.com\/@TalkPal\/","https:\/\/www.tiktok.com\/@talkpal","https:\/\/www.instagram.com\/talkpal_ai\/","https:\/\/www.crunchbase.com\/organization\/talkpal-9cde","https:\/\/www.g2.com\/products\/talkpal-for-business\/","https:\/\/www.trustpilot.com\/review\/talkpal.ai","https:\/\/www.capterra.com\/p\/10006800\/TalkPal\/"],"description":"Talkpal is a language learning web and mobile education app, powered by the latest AI technologies, that provides engaging experiences to its customers in many different languages to help them improve their language skills. Users can chat about unlimited amount of topics with the app and use other modes to practice their language learning.","email":"support@talkpal.ai","legalName":"Talkpal, Inc.","foundingDate":"2023-04-03","duns":"118989042","numberOfEmployees":{"@type":"QuantitativeValue","minValue":"11","maxValue":"50"},"publishingPrinciples":"https:\/\/talkpal.ai\/publishing-principles\/","actionableFeedbackPolicy":"https:\/\/talkpal.ai\/actionable-feedback-policy\/","correctionsPolicy":"https:\/\/talkpal.ai\/corrections-policy\/","ethicsPolicy":"https:\/\/talkpal.ai\/ethics-policy\/","diversityPolicy":"https:\/\/talkpal.ai\/diversity-policy\/","diversityStaffingReport":"https:\/\/talkpal.ai\/diversity-policy\/"}]}},"_links":{"self":[{"href":"https:\/\/talkpal.ai\/da\/wp-json\/wp\/v2\/pages\/144714","targetHints":{"allow":["GET"]}}],"collection":[{"href":"https:\/\/talkpal.ai\/da\/wp-json\/wp\/v2\/pages"}],"about":[{"href":"https:\/\/talkpal.ai\/da\/wp-json\/wp\/v2\/types\/page"}],"author":[{"embeddable":true,"href":"https:\/\/talkpal.ai\/da\/wp-json\/wp\/v2\/users\/1"}],"replies":[{"embeddable":true,"href":"https:\/\/talkpal.ai\/da\/wp-json\/wp\/v2\/comments?post=144714"}],"version-history":[{"count":0,"href":"https:\/\/talkpal.ai\/da\/wp-json\/wp\/v2\/pages\/144714\/revisions"}],"wp:featuredmedia":[{"embeddable":true,"href":"https:\/\/talkpal.ai\/da\/wp-json\/wp\/v2\/media\/113196"}],"wp:attachment":[{"href":"https:\/\/talkpal.ai\/da\/wp-json\/wp\/v2\/media?parent=144714"}],"curies":[{"name":"wp","href":"https:\/\/api.w.org\/{rel}","templated":true}]}}