{"id":144341,"date":"2023-05-14T14:04:48","date_gmt":"2023-05-14T14:04:48","guid":{"rendered":"http:\/\/talkpal.ai\/hebraisk-grammatik\/"},"modified":"2025-12-13T15:39:58","modified_gmt":"2025-12-13T15:39:58","slug":"hebraisk-grammatik","status":"publish","type":"page","link":"https:\/\/talkpal.ai\/da\/hebraisk-grammatik\/","title":{"rendered":"Hebraisk grammatik"},"content":{"rendered":"\r\n\r\n\r\n<section class=\"languageChallengeSection\">\r\n    <div class=\"languageInfoWrapper\">\r\n        \r\n        <h1>Hebraisk grammatik<\/h1>\r\n        <p>L\u00e6r <a href=\"https:\/\/talkpal.ai\/hebrew-grammar\/\">hebraisk grammatik<\/a>, og opdag hemmelighederne bag et sprog med dybe historiske r\u00f8dder og moderne relevans. Tag udfordringen op, og kom i kontakt med en levende kultur gennem den hebraiske grammatiks sk\u00f8nhed!<\/p>\r\n\r\n                            <a class=\"getStartedHidden\" href=\"https:\/\/app.talkpal.ai\/da\/signup?lng=\">Kom i gang<\/a>\r\n        \r\n    <\/div>\r\n\r\n    <figure>\r\n    <img decoding=\"async\" width=\"768\" height=\"768\" src=\"https:\/\/talkpal.ai\/wp-content\/uploads\/2023\/06\/hebrew-768x768.png\" class=\"languageImage no-lazy\" alt=\"Language learning for proficient communication\" fetchpriority=\"high\" sizes=\"(max-width: 768px) 150px, 768px\" srcset=\"https:\/\/talkpal.ai\/wp-content\/uploads\/2023\/06\/hebrew-768x768.png 768w, https:\/\/talkpal.ai\/wp-content\/uploads\/2023\/06\/hebrew-300x300.png 300w\" \/>\r\n    \r\n\r\n    <\/figure>\r\n\r\n            <a class=\"getStartedVisible\" href=\"https:\/\/app.talkpal.ai\/da\/signup?lng=\">Kom i gang<\/a>\r\n    \r\n<\/section>\r\n<section class=\"promotionalBanner\">\r\n    <p class=\"promotionalText\">Den mest effektive m\u00e5de at l\u00e6re et sprog p\u00e5<\/p>\r\n    <a class=\"promotionalLink\" href=\"https:\/\/app.talkpal.ai\/da\/signup?lng=\">Pr\u00f8v Talkpal gratis<\/a>\r\n<\/section>\n<div class=\"wp-block-group pageContainerStyle\"><div class=\"wp-block-group__inner-container is-layout-constrained wp-block-group-is-layout-constrained\">\n<h2 class=\"wp-block-heading\" id=\"h-mastering-hebrew-grammar-your-ultimate-guide\">Mastering hebraisk grammatik: Din ultimative guide<\/h2>\n\n\n\n<p>Shalom, <a href=\"https:\/\/talkpal.ai\/talkpal-discount-for-language-enthusiasts\/\">sprogentusiaster<\/a>! Er du klar til at dykke ned i den fascinerende verden af <a href=\"https:\/\/talkpal.ai\/learn-hebrew\/\">hebraisk<\/a> <a href=\"https:\/\/talkpal.ai\/fr\/les\/\">grammatik<\/a>? Du er kommet til det rette sted. Fyldt med letforst\u00e5elig information og en konversationstone, vil denne artikel guide dig gennem det fascinerende rige af hebraisk grammatik. Snart vil du v\u00e6re i stand til at konstruere s\u00e6tninger og deltage i meningsfulde samtaler med indf\u00f8dte talere. S\u00e5 lad os begynde din rejse mod at <a href=\"https:\/\/talkpal.ai\/locations\/language-courses-in-mestre\/\">mestre<\/a> hebraisk grammatik!<\/p>\n\n\n\n<p><strong>Men f\u00f8rst, hvorfor hebraisk grammatik?<\/strong><\/p>\n\n\n\n<p>Hvis du l\u00e6rer hebraisk, er et solidt fundament i grammatik afg\u00f8rende for at kunne tale, l\u00e6se og skrive flydende. Mens hebraisk grammatik oprindeligt kan virke kompleks, bliver den mere tilg\u00e6ngelig, n\u00e5r den f\u00f8rst er opdelt i mindre, mere h\u00e5ndterbare stykker. S\u00e5 lad os g\u00e5 i gang med denne sp\u00e6ndende rejse!<\/p>\n\n\n\n<h3 class=\"wp-block-heading\" id=\"h-1-nouns-gender-and-number\">1. Substantiver, k\u00f8n og nummer<\/h3>\n\n\n\n<p>Hebraiske navneord har to k\u00f8n &#8211; maskulin og feminin &#8211; og kan v\u00e6re ental eller flertal. At identificere et substantivs k\u00f8n danner grundlag for korrekt s\u00e6tningskonstruktion, fordi det p\u00e5virker andre dele af talen, s\u00e5som verber og adjektiver.  <\/p>\n\n\n\n<p>En generel tommelfingerregel: Hvis et navneord ender p\u00e5 &#8220;\u05d4&#8221; (hey) eller &#8220;\u05ea&#8221; (tav), er det som regel feminint. Der findes dog undtagelser, s\u00e5 det er vigtigt at huske substantivk\u00f8n, mens du l\u00e6rer ordforr\u00e5d.<\/p>\n\n\n\n<p>Derudover har hebraiske navneord forskellige former afh\u00e6ngigt af antal. Maskuline navneord i flertal ender typisk p\u00e5 &#8220;\u05d9\u05dd&#8221; (yim), mens feminine navneord i flertal ender p\u00e5 &#8220;\u05d5\u05ea&#8221; (ot).<\/p>\n\n\n\n<h3 class=\"wp-block-heading\" id=\"h-2-adjectives-agreement-and-definite-articles\">2. Adjektiver, aftale og bestemte artikler<\/h3>\n\n\n\n<p>Adjektiver p\u00e5 hebraisk skal stemme overens i k\u00f8n og antal med det substantiv, de \u00e6ndrer. For at g\u00f8re et adjektiv feminint skal du tilf\u00f8je et &#8220;\u05d4&#8221; (hey) til sidst, hvis det ikke allerede har et. For at g\u00f8re et adjektiv til flertal skal du f\u00f8lge samme princip som for navneord: Tilf\u00f8j &#8220;\u05d9\u05dd&#8221; for maskulinum og &#8220;\u05d5\u05ea&#8221; for femininum.<\/p>\n\n\n\n<p>Den bestemte artikel &#8220;den&#8221; p\u00e5 hebraisk er &#8220;\u05d4&#8221; (hey) og tilf\u00f8jes som pr\u00e6fiks til substantivet eller adjektivet. For eksempel &#8220;\u05d4\u05e1\u05e4\u05e8&#8221; (haSefer &#8211; bogen) eller &#8220;\u05d4\u05db\u05d3\u05d5\u05e8 \u05d4\u05d2\u05d3\u05d5\u05dc&#8221; (hakadur hagadol &#8211; den store bold).<\/p>\n\n\n\n<h3 class=\"wp-block-heading\" id=\"h-3-verbs-tense-and-conjugation\">3. Verber, tid og b\u00f8jning<\/h3>\n\n\n\n<p>Hebraiske verber spiller en afg\u00f8rende rolle i grammatikken og er inddelt i syv b\u00f8jningsgrupper kaldet &#8220;binyanim&#8221;. Hver binyan p\u00e5virker verbets betydning og rolle i en s\u00e6tning.<\/p>\n\n\n\n<p>For at give dig et hurtigt overblik, lad os diskutere nutid af regelm\u00e6ssige verber:<\/p>\n\n\n\n<p><strong>&#8211; \u05d0\u05e0\u05d9 \u05e7\u05d5\u05e8\u05d0\/\u05ea (ani kore\/et &#8211; jeg l\u00e6ser, masc.\/fem.)<\/strong><\/p>\n\n\n\n<p><strong>&#8211; \u05d0\u05ea\/\u05d4 \u05e7\u05d5\u05e8\u05d0\/\u05ea (ata\/at kore\/et &#8211; du l\u00e6ser, masc.\/fem.)<\/strong><\/p>\n\n\n\n<p><strong>&#8211; \u05d4\u05d5\u05d0\/\u05d4\u05d9\u05d0 \u05e7\u05d5\u05e8\u05d0\/\u05ea (hu\/hi kore\/et &#8211; han\/hun l\u00e6ser)<\/strong><\/p>\n\n\n\n<p>Husk, dette er kun begyndelsen! Mange andre tider, uregelm\u00e6ssige verber og binyan-kompleksiteter vil dukke op, efterh\u00e5nden som du skrider frem.<\/p>\n\n\n\n<h3 class=\"wp-block-heading\" id=\"h-4-pronouns-prepositions-and-more\">4. Pronomen, pr\u00e6positioner og mere!<\/h3>\n\n\n\n<p>Hebraisk grammatik indeholder andre komponenter som pronominer (\u05d0\u05e0\u05d9, \u05d0\u05ea\u05d4, \u05d4\u05d5\u05d0, \u05d4\u05d9\u05d0 og s\u00e5 videre), pr\u00e6positioner (\u05d1, \u05dc, \u05de, \u05e2\u05dc og s\u00e5 videre) og idiomatiske udtryk. Det er vigtigt at tage fat p\u00e5 hvert enkelt element for at opn\u00e5 omfattende flydende hebraisk, s\u00e5 tag et skridt ad gangen.<\/p>\n\n\n\n<p>Konklusionen er, at der ikke er nogen genvej til at mestre hebraisk grammatik. Det kr\u00e6ver vedholdenhed, \u00f8velse og t\u00e5lmodighed. Men n\u00e5r du f\u00f8rst har forst\u00e5et dets finurligheder, vil du nyde nuancerne ved at tale hebraisk, udforske den rige kultur og historie og uddybe din forst\u00e5else for sproget. \u05d1\u05d4\u05e6\u05dc\u05d7\u05d4 (behatzlacha &#8211; held og lykke)!<\/p>\n<\/div><\/div>\n\r\n<section class=\"learnNavigationSection\">\r\n            \r\n        <a href=\"https:\/\/talkpal.ai\/da\/laer-hebraisk\/\">\r\n            <div class=\"learnNavigationWrapper\">\r\n                <div class=\"learnNavigationContent\">\r\n                    <img decoding=\"async\" src=\"https:\/\/talkpal.ai\/wp-content\/uploads\/2024\/08\/Hebrew.jpg\" alt=\"Israel Flag\">\r\n                    <div>\r\n                        <h4>Om hebraisk l\u00e6ring<\/h4>\r\n                        <p>Find ud af alt om hebraisk grammatik.<\/p>\r\n                    <\/div>\r\n                <\/div>\r\n            <\/div>\r\n        <\/a>\r\n\r\n        \r\n        <a href=\"https:\/\/talkpal.ai\/da\/hebraiske-grammatikoevelser\/\">\r\n            <div class=\"learnNavigationWrapper\">\r\n                <div class=\"learnNavigationContent\">\r\n                    <img decoding=\"async\" src=\"https:\/\/talkpal.ai\/wp-content\/uploads\/2024\/08\/Hebrew.jpg\" alt=\"Israel Flag\">\r\n                    <div>\r\n                        <h4>\u00d8velse i hebraisk grammatik<\/h4>\r\n                        <p>\u00d8v hebraisk grammatik.<\/p>\r\n                    <\/div>\r\n                <\/div>\r\n            <\/div>\r\n        <\/a>\r\n\r\n        \r\n        <a href=\"https:\/\/talkpal.ai\/vocabulary_language\/hebrew\/\">\r\n            <div class=\"learnNavigationWrapper\">\r\n                <div class=\"learnNavigationContent\">\r\n                    <img decoding=\"async\" src=\"https:\/\/talkpal.ai\/wp-content\/uploads\/2024\/08\/Hebrew.jpg\" alt=\"Israel Flag\">\r\n                    <div>\r\n                        <h4>Hebraisk ordforr\u00e5d<\/h4>\r\n                        <p>Udvid dit hebraiske ordforr\u00e5d.<\/p>\r\n                    <\/div>\r\n                <\/div>\r\n            <\/div>\r\n        <\/a>\r\n\r\n            <\/section>","protected":false},"excerpt":{"rendered":"<p>Mastering hebraisk grammatik: Din ultimative guide Shalom, sprogentusiaster! Er du klar til at dykke ned i den fascinerende verden af hebraisk grammatik? Du er kommet til det rette sted. Fyldt med letforst\u00e5elig information og en konversationstone, vil denne artikel guide dig gennem det fascinerende rige af hebraisk grammatik. Snart vil du v\u00e6re i stand til [&hellip;]<\/p>\n","protected":false},"author":1,"featured_media":112954,"parent":0,"menu_order":0,"comment_status":"closed","ping_status":"closed","template":"LearningContentPage.php","meta":{"_acf_changed":false,"footnotes":""},"class_list":["post-144341","page","type-page","status-publish","has-post-thumbnail","hentry"],"acf":[],"yoast_head":"<!-- This site is optimized with the Yoast SEO Premium plugin v27.2 (Yoast SEO v27.2) - https:\/\/yoast.com\/product\/yoast-seo-premium-wordpress\/ -->\n<title>Hebraisk grammatik - Talkpal<\/title>\n<meta name=\"description\" content=\"Forbedr din hebraiske grammatik med selvtillid - l\u00e6r de vigtigste regler, form korrekte s\u00e6tninger og kommuniker klart med Talkpal&#039;s nemme AI-lektioner.\" \/>\n<meta name=\"robots\" content=\"index, follow, max-snippet:-1, max-image-preview:large, max-video-preview:-1\" \/>\n<link rel=\"canonical\" href=\"https:\/\/talkpal.ai\/da\/hebraisk-grammatik\/\" \/>\n<meta property=\"og:locale\" content=\"da_DK\" \/>\n<meta property=\"og:type\" content=\"article\" \/>\n<meta property=\"og:title\" content=\"Hebraisk grammatik\" \/>\n<meta property=\"og:description\" content=\"Mastering hebraisk grammatik: Din ultimative guide Shalom, sprogentusiaster! Er du klar til at dykke ned i den fascinerende verden af hebraisk grammatik?\" \/>\n<meta property=\"og:url\" content=\"https:\/\/talkpal.ai\/da\/hebraisk-grammatik\/\" \/>\n<meta property=\"og:site_name\" content=\"Talkpal\" \/>\n<meta property=\"article:publisher\" content=\"https:\/\/www.facebook.com\/profile.php?id=100090733639311\" \/>\n<meta property=\"article:modified_time\" content=\"2025-12-13T15:39:58+00:00\" \/>\n<meta property=\"og:image\" content=\"https:\/\/talkpal.ai\/wp-content\/uploads\/2023\/05\/israel.png\" \/>\n\t<meta property=\"og:image:width\" content=\"512\" \/>\n\t<meta property=\"og:image:height\" content=\"512\" \/>\n\t<meta property=\"og:image:type\" content=\"image\/png\" \/>\n<meta name=\"twitter:card\" content=\"summary_large_image\" \/>\n<meta name=\"twitter:site\" content=\"@talkpalai\" \/>\n<meta name=\"twitter:label1\" content=\"Estimeret l\u00e6setid\" \/>\n\t<meta name=\"twitter:data1\" content=\"3 minutter\" \/>\n<script type=\"application\/ld+json\" class=\"yoast-schema-graph\">{\"@context\":\"https:\/\/schema.org\",\"@graph\":[{\"@type\":\"WebPage\",\"@id\":\"https:\/\/talkpal.ai\/da\/hebraisk-grammatik\/\",\"url\":\"https:\/\/talkpal.ai\/da\/hebraisk-grammatik\/\",\"name\":\"Hebraisk grammatik - Talkpal\",\"isPartOf\":{\"@id\":\"https:\/\/talkpal.ai\/da\/#website\"},\"primaryImageOfPage\":{\"@id\":\"https:\/\/talkpal.ai\/da\/hebraisk-grammatik\/#primaryimage\"},\"image\":{\"@id\":\"https:\/\/talkpal.ai\/da\/hebraisk-grammatik\/#primaryimage\"},\"thumbnailUrl\":\"https:\/\/talkpal.ai\/wp-content\/uploads\/2023\/05\/israel.png\",\"datePublished\":\"2023-05-14T14:04:48+00:00\",\"dateModified\":\"2025-12-13T15:39:58+00:00\",\"description\":\"Forbedr din hebraiske grammatik med selvtillid - l\u00e6r de vigtigste regler, form korrekte s\u00e6tninger og kommuniker klart med Talkpal's nemme AI-lektioner.\",\"breadcrumb\":{\"@id\":\"https:\/\/talkpal.ai\/da\/hebraisk-grammatik\/#breadcrumb\"},\"inLanguage\":\"da-DK\",\"potentialAction\":[{\"@type\":\"ReadAction\",\"target\":[\"https:\/\/talkpal.ai\/da\/hebraisk-grammatik\/\"]}]},{\"@type\":\"ImageObject\",\"inLanguage\":\"da-DK\",\"@id\":\"https:\/\/talkpal.ai\/da\/hebraisk-grammatik\/#primaryimage\",\"url\":\"https:\/\/talkpal.ai\/wp-content\/uploads\/2023\/05\/israel.png\",\"contentUrl\":\"https:\/\/talkpal.ai\/wp-content\/uploads\/2023\/05\/israel.png\",\"width\":512,\"height\":512},{\"@type\":\"BreadcrumbList\",\"@id\":\"https:\/\/talkpal.ai\/da\/hebraisk-grammatik\/#breadcrumb\",\"itemListElement\":[{\"@type\":\"ListItem\",\"position\":1,\"name\":\"Homepage\",\"item\":\"https:\/\/talkpal.ai\/da\/\"},{\"@type\":\"ListItem\",\"position\":2,\"name\":\"Hebraisk grammatik\"}]},{\"@type\":\"WebSite\",\"@id\":\"https:\/\/talkpal.ai\/da\/#website\",\"url\":\"https:\/\/talkpal.ai\/da\/\",\"name\":\"Talkpal\",\"description\":\"AI Language Learning\",\"publisher\":{\"@id\":\"https:\/\/talkpal.ai\/da\/#organization\"},\"alternateName\":\"Talkpal AI\",\"potentialAction\":[{\"@type\":\"SearchAction\",\"target\":{\"@type\":\"EntryPoint\",\"urlTemplate\":\"https:\/\/talkpal.ai\/da\/?s={search_term_string}\"},\"query-input\":{\"@type\":\"PropertyValueSpecification\",\"valueRequired\":true,\"valueName\":\"search_term_string\"}}],\"inLanguage\":\"da-DK\"},{\"@type\":\"Organization\",\"@id\":\"https:\/\/talkpal.ai\/da\/#organization\",\"name\":\"Talkpal, Inc.\",\"alternateName\":\"Talkpal AI\",\"url\":\"https:\/\/talkpal.ai\/da\/\",\"logo\":{\"@type\":\"ImageObject\",\"inLanguage\":\"da-DK\",\"@id\":\"https:\/\/talkpal.ai\/da\/#\/schema\/logo\/image\/\",\"url\":\"https:\/\/talkpal.ai\/wp-content\/uploads\/2024\/03\/Talkpal-Logo-Icon.png\",\"contentUrl\":\"https:\/\/talkpal.ai\/wp-content\/uploads\/2024\/03\/Talkpal-Logo-Icon.png\",\"width\":2880,\"height\":2880,\"caption\":\"Talkpal, Inc.\"},\"image\":{\"@id\":\"https:\/\/talkpal.ai\/da\/#\/schema\/logo\/image\/\"},\"sameAs\":[\"https:\/\/www.facebook.com\/profile.php?id=100090733639311\",\"https:\/\/x.com\/talkpalai\",\"https:\/\/www.linkedin.com\/company\/talkpal\/\",\"https:\/\/www.youtube.com\/@TalkPal\/\",\"https:\/\/www.tiktok.com\/@talkpal\",\"https:\/\/www.instagram.com\/talkpal_ai\/\",\"https:\/\/www.crunchbase.com\/organization\/talkpal-9cde\",\"https:\/\/www.g2.com\/products\/talkpal-for-business\/\",\"https:\/\/www.trustpilot.com\/review\/talkpal.ai\",\"https:\/\/www.capterra.com\/p\/10006800\/TalkPal\/\"],\"description\":\"Talkpal is a language learning web and mobile education app, powered by the latest AI technologies, that provides engaging experiences to its customers in many different languages to help them improve their language skills. Users can chat about unlimited amount of topics with the app and use other modes to practice their language learning.\",\"email\":\"support@talkpal.ai\",\"legalName\":\"Talkpal, Inc.\",\"foundingDate\":\"2023-04-03\",\"duns\":\"118989042\",\"numberOfEmployees\":{\"@type\":\"QuantitativeValue\",\"minValue\":\"11\",\"maxValue\":\"50\"},\"publishingPrinciples\":\"https:\/\/talkpal.ai\/publishing-principles\/\",\"actionableFeedbackPolicy\":\"https:\/\/talkpal.ai\/actionable-feedback-policy\/\",\"correctionsPolicy\":\"https:\/\/talkpal.ai\/corrections-policy\/\",\"ethicsPolicy\":\"https:\/\/talkpal.ai\/ethics-policy\/\",\"diversityPolicy\":\"https:\/\/talkpal.ai\/diversity-policy\/\",\"diversityStaffingReport\":\"https:\/\/talkpal.ai\/diversity-policy\/\"}]}<\/script>\n<!-- \/ Yoast SEO Premium plugin. -->","yoast_head_json":{"title":"Hebraisk grammatik - Talkpal","description":"Forbedr din hebraiske grammatik med selvtillid - l\u00e6r de vigtigste regler, form korrekte s\u00e6tninger og kommuniker klart med Talkpal's nemme AI-lektioner.","robots":{"index":"index","follow":"follow","max-snippet":"max-snippet:-1","max-image-preview":"max-image-preview:large","max-video-preview":"max-video-preview:-1"},"canonical":"https:\/\/talkpal.ai\/da\/hebraisk-grammatik\/","og_locale":"da_DK","og_type":"article","og_title":"Hebraisk grammatik","og_description":"Mastering hebraisk grammatik: Din ultimative guide Shalom, sprogentusiaster! Er du klar til at dykke ned i den fascinerende verden af hebraisk grammatik?","og_url":"https:\/\/talkpal.ai\/da\/hebraisk-grammatik\/","og_site_name":"Talkpal","article_publisher":"https:\/\/www.facebook.com\/profile.php?id=100090733639311","article_modified_time":"2025-12-13T15:39:58+00:00","og_image":[{"width":512,"height":512,"url":"https:\/\/talkpal.ai\/wp-content\/uploads\/2023\/05\/israel.png","type":"image\/png"}],"twitter_card":"summary_large_image","twitter_site":"@talkpalai","twitter_misc":{"Estimeret l\u00e6setid":"3 minutter"},"schema":{"@context":"https:\/\/schema.org","@graph":[{"@type":"WebPage","@id":"https:\/\/talkpal.ai\/da\/hebraisk-grammatik\/","url":"https:\/\/talkpal.ai\/da\/hebraisk-grammatik\/","name":"Hebraisk grammatik - Talkpal","isPartOf":{"@id":"https:\/\/talkpal.ai\/da\/#website"},"primaryImageOfPage":{"@id":"https:\/\/talkpal.ai\/da\/hebraisk-grammatik\/#primaryimage"},"image":{"@id":"https:\/\/talkpal.ai\/da\/hebraisk-grammatik\/#primaryimage"},"thumbnailUrl":"https:\/\/talkpal.ai\/wp-content\/uploads\/2023\/05\/israel.png","datePublished":"2023-05-14T14:04:48+00:00","dateModified":"2025-12-13T15:39:58+00:00","description":"Forbedr din hebraiske grammatik med selvtillid - l\u00e6r de vigtigste regler, form korrekte s\u00e6tninger og kommuniker klart med Talkpal's nemme AI-lektioner.","breadcrumb":{"@id":"https:\/\/talkpal.ai\/da\/hebraisk-grammatik\/#breadcrumb"},"inLanguage":"da-DK","potentialAction":[{"@type":"ReadAction","target":["https:\/\/talkpal.ai\/da\/hebraisk-grammatik\/"]}]},{"@type":"ImageObject","inLanguage":"da-DK","@id":"https:\/\/talkpal.ai\/da\/hebraisk-grammatik\/#primaryimage","url":"https:\/\/talkpal.ai\/wp-content\/uploads\/2023\/05\/israel.png","contentUrl":"https:\/\/talkpal.ai\/wp-content\/uploads\/2023\/05\/israel.png","width":512,"height":512},{"@type":"BreadcrumbList","@id":"https:\/\/talkpal.ai\/da\/hebraisk-grammatik\/#breadcrumb","itemListElement":[{"@type":"ListItem","position":1,"name":"Homepage","item":"https:\/\/talkpal.ai\/da\/"},{"@type":"ListItem","position":2,"name":"Hebraisk grammatik"}]},{"@type":"WebSite","@id":"https:\/\/talkpal.ai\/da\/#website","url":"https:\/\/talkpal.ai\/da\/","name":"Talkpal","description":"AI Language Learning","publisher":{"@id":"https:\/\/talkpal.ai\/da\/#organization"},"alternateName":"Talkpal AI","potentialAction":[{"@type":"SearchAction","target":{"@type":"EntryPoint","urlTemplate":"https:\/\/talkpal.ai\/da\/?s={search_term_string}"},"query-input":{"@type":"PropertyValueSpecification","valueRequired":true,"valueName":"search_term_string"}}],"inLanguage":"da-DK"},{"@type":"Organization","@id":"https:\/\/talkpal.ai\/da\/#organization","name":"Talkpal, Inc.","alternateName":"Talkpal AI","url":"https:\/\/talkpal.ai\/da\/","logo":{"@type":"ImageObject","inLanguage":"da-DK","@id":"https:\/\/talkpal.ai\/da\/#\/schema\/logo\/image\/","url":"https:\/\/talkpal.ai\/wp-content\/uploads\/2024\/03\/Talkpal-Logo-Icon.png","contentUrl":"https:\/\/talkpal.ai\/wp-content\/uploads\/2024\/03\/Talkpal-Logo-Icon.png","width":2880,"height":2880,"caption":"Talkpal, Inc."},"image":{"@id":"https:\/\/talkpal.ai\/da\/#\/schema\/logo\/image\/"},"sameAs":["https:\/\/www.facebook.com\/profile.php?id=100090733639311","https:\/\/x.com\/talkpalai","https:\/\/www.linkedin.com\/company\/talkpal\/","https:\/\/www.youtube.com\/@TalkPal\/","https:\/\/www.tiktok.com\/@talkpal","https:\/\/www.instagram.com\/talkpal_ai\/","https:\/\/www.crunchbase.com\/organization\/talkpal-9cde","https:\/\/www.g2.com\/products\/talkpal-for-business\/","https:\/\/www.trustpilot.com\/review\/talkpal.ai","https:\/\/www.capterra.com\/p\/10006800\/TalkPal\/"],"description":"Talkpal is a language learning web and mobile education app, powered by the latest AI technologies, that provides engaging experiences to its customers in many different languages to help them improve their language skills. Users can chat about unlimited amount of topics with the app and use other modes to practice their language learning.","email":"support@talkpal.ai","legalName":"Talkpal, Inc.","foundingDate":"2023-04-03","duns":"118989042","numberOfEmployees":{"@type":"QuantitativeValue","minValue":"11","maxValue":"50"},"publishingPrinciples":"https:\/\/talkpal.ai\/publishing-principles\/","actionableFeedbackPolicy":"https:\/\/talkpal.ai\/actionable-feedback-policy\/","correctionsPolicy":"https:\/\/talkpal.ai\/corrections-policy\/","ethicsPolicy":"https:\/\/talkpal.ai\/ethics-policy\/","diversityPolicy":"https:\/\/talkpal.ai\/diversity-policy\/","diversityStaffingReport":"https:\/\/talkpal.ai\/diversity-policy\/"}]}},"_links":{"self":[{"href":"https:\/\/talkpal.ai\/da\/wp-json\/wp\/v2\/pages\/144341","targetHints":{"allow":["GET"]}}],"collection":[{"href":"https:\/\/talkpal.ai\/da\/wp-json\/wp\/v2\/pages"}],"about":[{"href":"https:\/\/talkpal.ai\/da\/wp-json\/wp\/v2\/types\/page"}],"author":[{"embeddable":true,"href":"https:\/\/talkpal.ai\/da\/wp-json\/wp\/v2\/users\/1"}],"replies":[{"embeddable":true,"href":"https:\/\/talkpal.ai\/da\/wp-json\/wp\/v2\/comments?post=144341"}],"version-history":[{"count":0,"href":"https:\/\/talkpal.ai\/da\/wp-json\/wp\/v2\/pages\/144341\/revisions"}],"wp:featuredmedia":[{"embeddable":true,"href":"https:\/\/talkpal.ai\/da\/wp-json\/wp\/v2\/media\/112954"}],"wp:attachment":[{"href":"https:\/\/talkpal.ai\/da\/wp-json\/wp\/v2\/media?parent=144341"}],"curies":[{"name":"wp","href":"https:\/\/api.w.org\/{rel}","templated":true}]}}