{"id":144106,"date":"2023-05-14T14:03:43","date_gmt":"2023-05-14T14:03:43","guid":{"rendered":"http:\/\/talkpal.ai\/galicisk-grammatik\/"},"modified":"2025-12-13T15:36:37","modified_gmt":"2025-12-13T15:36:37","slug":"galicisk-grammatik","status":"publish","type":"page","link":"https:\/\/talkpal.ai\/da\/galicisk-grammatik\/","title":{"rendered":"Galicisk grammatik"},"content":{"rendered":"\r\n\r\n\r\n<section class=\"languageChallengeSection\">\r\n    <div class=\"languageInfoWrapper\">\r\n        \r\n        <h1>Galicisk grammatik<\/h1>\r\n        <p>Oplev charmen ved det galiciske <a href=\"https:\/\/talkpal.ai\/what-language-is-spoken-on-the-international-space-station\/\">sprog<\/a> ved at beherske dets grundl\u00e6ggende grammatiske regler. At forst\u00e5 <a href=\"https:\/\/talkpal.ai\/da\/laer-galicisk\/\">galicisk grammatik<\/a> vil \u00e5bne d\u00f8re til meningsfuld kommunikation og en dybere forst\u00e5else af Galiciens levende kultur. Begynd at l\u00e6re <a href=\"https:\/\/talkpal.ai\/learn-galician\/\">galicisk<\/a> <a href=\"https:\/\/talkpal.ai\/fr\/les\/\">grammatik<\/a> i dag, og tag dit f\u00f8rste skridt mod flydende sprog!<\/p>\r\n\r\n                            <a class=\"getStartedHidden\" href=\"https:\/\/app.talkpal.ai\/da\/signup?lng=\">Kom i gang<\/a>\r\n        \r\n    <\/div>\r\n\r\n    <figure>\r\n    <img decoding=\"async\" width=\"768\" height=\"768\" src=\"https:\/\/talkpal.ai\/wp-content\/uploads\/2023\/06\/galician-768x768.png\" class=\"languageImage no-lazy\" alt=\"Language immersion powerful learning method\" fetchpriority=\"high\" sizes=\"(max-width: 768px) 150px, 768px\" srcset=\"https:\/\/talkpal.ai\/wp-content\/uploads\/2023\/06\/galician-768x768.png 768w, https:\/\/talkpal.ai\/wp-content\/uploads\/2023\/06\/galician-300x300.png 300w\" \/>\r\n    \r\n\r\n    <\/figure>\r\n\r\n            <a class=\"getStartedVisible\" href=\"https:\/\/app.talkpal.ai\/da\/signup?lng=\">Kom i gang<\/a>\r\n    \r\n<\/section>\r\n<section class=\"promotionalBanner\">\r\n    <p class=\"promotionalText\">Den mest effektive m\u00e5de at l\u00e6re et sprog p\u00e5<\/p>\r\n    <a class=\"promotionalLink\" href=\"https:\/\/app.talkpal.ai\/da\/signup?lng=\">Pr\u00f8v Talkpal gratis<\/a>\r\n<\/section>\n<div class=\"wp-block-group pageContainerStyle\"><div class=\"wp-block-group__inner-container is-layout-constrained wp-block-group-is-layout-constrained\">\n<h2 class=\"wp-block-heading\" id=\"h-galician-grammar-unlocking-the-beauty-of-a-romance-language\">Galicisk grammatik: L\u00e5s op for sk\u00f8nheden i et romansk sprog<\/h2>\n\n\n\n<p><a href=\"https:\/\/talkpal.ai\/learn-galician\/\">Galicisk<\/a>, et romansk sprog, der tales af over to millioner mennesker i det nordvestlige Spanien, er en unik og f\u00e6ngslende dialekt, der deler ligheder med <a href=\"https:\/\/talkpal.ai\/learn-portuguese\/\">portugisisk<\/a>. Det har en karakteristisk fonologi, fascinerende historie og en levende poetisk tradition. For at <a href=\"https:\/\/talkpal.ai\/locations\/language-courses-in-mestre\/\">mestre<\/a> dette fortryllende sprog er det afg\u00f8rende at forst\u00e5 dets grammatik. I denne artikel vil vi udforske de vigtigste aspekter af <a href=\"https:\/\/talkpal.ai\/da\/laer-galicisk\/\">galicisk grammatik<\/a> og give tips til at hj\u00e6lpe dig med at udm\u00e6rke dig p\u00e5 denne sproglige rejse.<\/p>\n\n\n\n<h3 class=\"wp-block-heading\" id=\"h-key-components-of-galician-grammar\">N\u00f8glekomponenter i galicisk grammatik:<\/h3>\n\n\n\n<p>Galicisk grammatik, som andre romanske sprog, best\u00e5r af forskellige regler og strukturer, der definerer dens korrekte brug. Her er nogle grundl\u00e6ggende aspekter af galicisk grammatik, du b\u00f8r v\u00e6re bekendt med:<\/p>\n\n\n\n<p><strong>1. Substantiver:<\/strong> Galiciske navneord har to grammatiske k\u00f8n (maskulin og feminin) og b\u00f8jes for tal (ental og flertal). K\u00f8nnet p\u00e5 et substantiv p\u00e5virker formen af artikler, adjektiver og pronomen, der ledsager det.<\/p>\n\n\n\n<p><strong>2. Artikler:<\/strong> Galicisk har bestemte artikler (o, os, a, as) og ubestemte artikler (un, uns, unha, unhas). Bestemte artikler bruges til at henvise til bestemte objekter eller personer, mens ubestemte artikler bruges til generelle eller uspecifikke referencer.<\/p>\n\n\n\n<p>3. Adjektiver og <strong>adverb: Adjektiver<\/strong> p\u00e5 galicisk er normalt enige i k\u00f8n og antal med de navneord, de \u00e6ndrer. Adverbier er derimod uforanderlige og \u00e6ndrer sig ikke i forhold til substantivets k\u00f8n eller tal.<\/p>\n\n\n\n<p><strong>4. Verber:<\/strong> Galiciske verb er b\u00f8jet i tre regelm\u00e6ssige m\u00f8nstre (ar, er, ir) og forskellige uregelm\u00e6ssige m\u00f8nstre. Verb b\u00f8jes efter sp\u00e6nding (nutid, fortid, fremtid osv.), Hum\u00f8r (vejledende, konjunktiv, imperativ), aspekt (perfektiv, ufuldkommen) og stemme (aktiv, passiv). Pronomen udelades ofte i verbb\u00f8jning, da verbformen normalt angiver emnet.<\/p>\n\n\n\n<p><strong>5. S\u00e6tningsstruktur:<\/strong> Galicisk bruger typisk Subject-Verb-Object (SVO) eller Verb-Subject-Object (VSO) ordr\u00e6kkef\u00f8lge, afh\u00e6ngigt af v\u00e6gt og kontekst. Denne ordr\u00e6kkef\u00f8lge er dog fleksibel.<\/p>\n\n\n\n<h3 class=\"wp-block-heading\" id=\"h-tips-for-learning-galician-grammar\">Tips til at l\u00e6re galicisk grammatik:<\/h3>\n\n\n\n<p>For at udm\u00e6rke dig i din galiciske grammatiske l\u00e6ringsrejse skal du overveje disse nyttige strategier:<\/p>\n\n\n\n<p><strong>1. Regelm\u00e6ssig praksis:<\/strong> Konsistens er n\u00f8glen. Dediker bestemte tidspunkter hver dag eller uge til at \u00f8ve grammatik\u00f8velser, l\u00e6se og skrive p\u00e5 galicisk.<\/p>\n\n\n\n<p><strong>2. Brug indf\u00f8dte ressourcer:<\/strong> Fordyb dig i autentiske galiciske materialer som litteratur, nyhedsartikler og film. Dette hj\u00e6lper dig ikke kun med at se galicisk grammatik i sammenh\u00e6ng, men forbedrer ogs\u00e5 dine l\u00e6se- og lyttef\u00e6rdigheder.<\/p>\n\n\n\n<p>3. L\u00e6r substantiv k\u00f8n og artikler: G\u00f8r dig bekendt med galiciske <strong>substantiv k\u00f8n og<\/strong> korrekt brug af artikler. Dette er afg\u00f8rende for at danne n\u00f8jagtige og sammenh\u00e6ngende s\u00e6tninger.<\/p>\n\n\n\n<p><strong>4. Opret forbindelse til modersm\u00e5lstalende:<\/strong> Interager med indf\u00f8dte galiciske talere gennem sprogudvekslingsprogrammer, sociale medier eller onlinefora. Dette giver mulighed for at \u00f8ve grammatik i virkelige samtaler og modtage v\u00e6rdifuld feedback.<\/p>\n\n\n\n<p><strong>5. T\u00e5lmodighed og vedholdenhed: At<\/strong> l\u00e6re et nyt sprog tager tid, beslutsomhed og t\u00e5lmodighed. Omfavn udfordringerne og fejr dine fremskridt undervejs.<\/p>\n\n\n\n<h2 class=\"wp-block-heading\" id=\"h-conclusion\">Konklusion:<\/h2>\n\n\n\n<p>Galicisk grammatik, med sine unikke egenskaber og forbindelse til den romanske sprogfamilie, har n\u00f8glen til at mestre denne f\u00e6ngslende dialekt. Hvis du forst\u00e5r de vigtigste komponenter og f\u00f8lger vores l\u00e6ringsstrategier, er du godt p\u00e5 vej til at blive sprogligt dygtig. S\u00e5 begiv dig ud p\u00e5 denne sp\u00e6ndende rejse, og l\u00e5s op for det galiciske sprogs vidundere!<\/p>\n<\/div><\/div>\n\r\n<section class=\"learnNavigationSection\">\r\n            \r\n        <a href=\"https:\/\/talkpal.ai\/da\/laer-galicisk\/\">\r\n            <div class=\"learnNavigationWrapper\">\r\n                <div class=\"learnNavigationContent\">\r\n                    <img decoding=\"async\" src=\"https:\/\/talkpal.ai\/wp-content\/uploads\/2024\/08\/Galician.jpg\" alt=\"Galicia Flag\">\r\n                    <div>\r\n                        <h4>Om galicisk l\u00e6ring<\/h4>\r\n                        <p>Find ud af alt om galicisk grammatik.<\/p>\r\n                    <\/div>\r\n                <\/div>\r\n            <\/div>\r\n        <\/a>\r\n\r\n        \r\n        <a href=\"https:\/\/talkpal.ai\/da\/galiciske-grammatikoevelser\/\">\r\n            <div class=\"learnNavigationWrapper\">\r\n                <div class=\"learnNavigationContent\">\r\n                    <img decoding=\"async\" src=\"https:\/\/talkpal.ai\/wp-content\/uploads\/2024\/08\/Galician.jpg\" alt=\"Galicia Flag\">\r\n                    <div>\r\n                        <h4>\u00d8velse i galicisk grammatik<\/h4>\r\n                        <p>\u00d8v galicisk grammatik.<\/p>\r\n                    <\/div>\r\n                <\/div>\r\n            <\/div>\r\n        <\/a>\r\n\r\n        \r\n        <a href=\"https:\/\/talkpal.ai\/vocabulary_language\/galician\/\">\r\n            <div class=\"learnNavigationWrapper\">\r\n                <div class=\"learnNavigationContent\">\r\n                    <img decoding=\"async\" src=\"https:\/\/talkpal.ai\/wp-content\/uploads\/2024\/08\/Galician.jpg\" alt=\"Galicia Flag\">\r\n                    <div>\r\n                        <h4>Galicisk ordforr\u00e5d<\/h4>\r\n                        <p>Udvid dit galiciske ordforr\u00e5d.<\/p>\r\n                    <\/div>\r\n                <\/div>\r\n            <\/div>\r\n        <\/a>\r\n\r\n            <\/section>","protected":false},"excerpt":{"rendered":"<p>Galicisk grammatik: L\u00e5s op for sk\u00f8nheden i et romansk sprog Galicisk, et romansk sprog, der tales af over to millioner mennesker i det nordvestlige Spanien, er en unik og f\u00e6ngslende dialekt, der deler ligheder med portugisisk. Det har en karakteristisk fonologi, fascinerende historie og en levende poetisk tradition. For at mestre dette fortryllende sprog er [&hellip;]<\/p>\n","protected":false},"author":1,"featured_media":111990,"parent":0,"menu_order":0,"comment_status":"closed","ping_status":"closed","template":"LearningContentPage.php","meta":{"_acf_changed":false,"footnotes":""},"class_list":["post-144106","page","type-page","status-publish","has-post-thumbnail","hentry"],"acf":[],"yoast_head":"<!-- This site is optimized with the Yoast SEO Premium plugin v27.2 (Yoast SEO v27.2) - https:\/\/yoast.com\/product\/yoast-seo-premium-wordpress\/ -->\n<title>Galicisk grammatik - Talkpal<\/title>\n<meta name=\"description\" content=\"Behersk nemt galicisk grammatik - l\u00e6r regler, opbyg korrekte s\u00e6tninger, og kommuniker tydeligt\" \/>\n<meta name=\"robots\" content=\"index, follow, max-snippet:-1, max-image-preview:large, max-video-preview:-1\" \/>\n<link rel=\"canonical\" href=\"https:\/\/talkpal.ai\/da\/galicisk-grammatik\/\" \/>\n<meta property=\"og:locale\" content=\"da_DK\" \/>\n<meta property=\"og:type\" content=\"article\" \/>\n<meta property=\"og:title\" content=\"Galicisk grammatik\" \/>\n<meta property=\"og:description\" content=\"Galicisk grammatik: L\u00e5s op for sk\u00f8nheden i et romansk sprog Galicisk, et romansk sprog, der tales af over to millioner mennesker i det nordvestlige\" \/>\n<meta property=\"og:url\" content=\"https:\/\/talkpal.ai\/da\/galicisk-grammatik\/\" \/>\n<meta property=\"og:site_name\" content=\"Talkpal\" \/>\n<meta property=\"article:publisher\" content=\"https:\/\/www.facebook.com\/profile.php?id=100090733639311\" \/>\n<meta property=\"article:modified_time\" content=\"2025-12-13T15:36:37+00:00\" \/>\n<meta property=\"og:image\" content=\"https:\/\/talkpal.ai\/wp-content\/uploads\/2023\/05\/Galician-spain.png\" \/>\n\t<meta property=\"og:image:width\" content=\"512\" \/>\n\t<meta property=\"og:image:height\" content=\"512\" \/>\n\t<meta property=\"og:image:type\" content=\"image\/png\" \/>\n<meta name=\"twitter:card\" content=\"summary_large_image\" \/>\n<meta name=\"twitter:site\" content=\"@talkpalai\" \/>\n<meta name=\"twitter:label1\" content=\"Estimeret l\u00e6setid\" \/>\n\t<meta name=\"twitter:data1\" content=\"3 minutter\" \/>\n<script type=\"application\/ld+json\" class=\"yoast-schema-graph\">{\"@context\":\"https:\/\/schema.org\",\"@graph\":[{\"@type\":\"WebPage\",\"@id\":\"https:\/\/talkpal.ai\/da\/galicisk-grammatik\/\",\"url\":\"https:\/\/talkpal.ai\/da\/galicisk-grammatik\/\",\"name\":\"Galicisk grammatik - Talkpal\",\"isPartOf\":{\"@id\":\"https:\/\/talkpal.ai\/da\/#website\"},\"primaryImageOfPage\":{\"@id\":\"https:\/\/talkpal.ai\/da\/galicisk-grammatik\/#primaryimage\"},\"image\":{\"@id\":\"https:\/\/talkpal.ai\/da\/galicisk-grammatik\/#primaryimage\"},\"thumbnailUrl\":\"https:\/\/talkpal.ai\/wp-content\/uploads\/2023\/05\/Galician-spain.png\",\"datePublished\":\"2023-05-14T14:03:43+00:00\",\"dateModified\":\"2025-12-13T15:36:37+00:00\",\"description\":\"Behersk nemt galicisk grammatik - l\u00e6r regler, opbyg korrekte s\u00e6tninger, og kommuniker tydeligt\",\"breadcrumb\":{\"@id\":\"https:\/\/talkpal.ai\/da\/galicisk-grammatik\/#breadcrumb\"},\"inLanguage\":\"da-DK\",\"potentialAction\":[{\"@type\":\"ReadAction\",\"target\":[\"https:\/\/talkpal.ai\/da\/galicisk-grammatik\/\"]}]},{\"@type\":\"ImageObject\",\"inLanguage\":\"da-DK\",\"@id\":\"https:\/\/talkpal.ai\/da\/galicisk-grammatik\/#primaryimage\",\"url\":\"https:\/\/talkpal.ai\/wp-content\/uploads\/2023\/05\/Galician-spain.png\",\"contentUrl\":\"https:\/\/talkpal.ai\/wp-content\/uploads\/2023\/05\/Galician-spain.png\",\"width\":512,\"height\":512},{\"@type\":\"BreadcrumbList\",\"@id\":\"https:\/\/talkpal.ai\/da\/galicisk-grammatik\/#breadcrumb\",\"itemListElement\":[{\"@type\":\"ListItem\",\"position\":1,\"name\":\"Homepage\",\"item\":\"https:\/\/talkpal.ai\/da\/\"},{\"@type\":\"ListItem\",\"position\":2,\"name\":\"Galicisk grammatik\"}]},{\"@type\":\"WebSite\",\"@id\":\"https:\/\/talkpal.ai\/da\/#website\",\"url\":\"https:\/\/talkpal.ai\/da\/\",\"name\":\"Talkpal\",\"description\":\"AI Language Learning\",\"publisher\":{\"@id\":\"https:\/\/talkpal.ai\/da\/#organization\"},\"alternateName\":\"Talkpal AI\",\"potentialAction\":[{\"@type\":\"SearchAction\",\"target\":{\"@type\":\"EntryPoint\",\"urlTemplate\":\"https:\/\/talkpal.ai\/da\/?s={search_term_string}\"},\"query-input\":{\"@type\":\"PropertyValueSpecification\",\"valueRequired\":true,\"valueName\":\"search_term_string\"}}],\"inLanguage\":\"da-DK\"},{\"@type\":\"Organization\",\"@id\":\"https:\/\/talkpal.ai\/da\/#organization\",\"name\":\"Talkpal, Inc.\",\"alternateName\":\"Talkpal AI\",\"url\":\"https:\/\/talkpal.ai\/da\/\",\"logo\":{\"@type\":\"ImageObject\",\"inLanguage\":\"da-DK\",\"@id\":\"https:\/\/talkpal.ai\/da\/#\/schema\/logo\/image\/\",\"url\":\"https:\/\/talkpal.ai\/wp-content\/uploads\/2024\/03\/Talkpal-Logo-Icon.png\",\"contentUrl\":\"https:\/\/talkpal.ai\/wp-content\/uploads\/2024\/03\/Talkpal-Logo-Icon.png\",\"width\":2880,\"height\":2880,\"caption\":\"Talkpal, Inc.\"},\"image\":{\"@id\":\"https:\/\/talkpal.ai\/da\/#\/schema\/logo\/image\/\"},\"sameAs\":[\"https:\/\/www.facebook.com\/profile.php?id=100090733639311\",\"https:\/\/x.com\/talkpalai\",\"https:\/\/www.linkedin.com\/company\/talkpal\/\",\"https:\/\/www.youtube.com\/@TalkPal\/\",\"https:\/\/www.tiktok.com\/@talkpal\",\"https:\/\/www.instagram.com\/talkpal_ai\/\",\"https:\/\/www.crunchbase.com\/organization\/talkpal-9cde\",\"https:\/\/www.g2.com\/products\/talkpal-for-business\/\",\"https:\/\/www.trustpilot.com\/review\/talkpal.ai\",\"https:\/\/www.capterra.com\/p\/10006800\/TalkPal\/\"],\"description\":\"Talkpal is a language learning web and mobile education app, powered by the latest AI technologies, that provides engaging experiences to its customers in many different languages to help them improve their language skills. Users can chat about unlimited amount of topics with the app and use other modes to practice their language learning.\",\"email\":\"support@talkpal.ai\",\"legalName\":\"Talkpal, Inc.\",\"foundingDate\":\"2023-04-03\",\"duns\":\"118989042\",\"numberOfEmployees\":{\"@type\":\"QuantitativeValue\",\"minValue\":\"11\",\"maxValue\":\"50\"},\"publishingPrinciples\":\"https:\/\/talkpal.ai\/publishing-principles\/\",\"actionableFeedbackPolicy\":\"https:\/\/talkpal.ai\/actionable-feedback-policy\/\",\"correctionsPolicy\":\"https:\/\/talkpal.ai\/corrections-policy\/\",\"ethicsPolicy\":\"https:\/\/talkpal.ai\/ethics-policy\/\",\"diversityPolicy\":\"https:\/\/talkpal.ai\/diversity-policy\/\",\"diversityStaffingReport\":\"https:\/\/talkpal.ai\/diversity-policy\/\"}]}<\/script>\n<!-- \/ Yoast SEO Premium plugin. -->","yoast_head_json":{"title":"Galicisk grammatik - Talkpal","description":"Behersk nemt galicisk grammatik - l\u00e6r regler, opbyg korrekte s\u00e6tninger, og kommuniker tydeligt","robots":{"index":"index","follow":"follow","max-snippet":"max-snippet:-1","max-image-preview":"max-image-preview:large","max-video-preview":"max-video-preview:-1"},"canonical":"https:\/\/talkpal.ai\/da\/galicisk-grammatik\/","og_locale":"da_DK","og_type":"article","og_title":"Galicisk grammatik","og_description":"Galicisk grammatik: L\u00e5s op for sk\u00f8nheden i et romansk sprog Galicisk, et romansk sprog, der tales af over to millioner mennesker i det nordvestlige","og_url":"https:\/\/talkpal.ai\/da\/galicisk-grammatik\/","og_site_name":"Talkpal","article_publisher":"https:\/\/www.facebook.com\/profile.php?id=100090733639311","article_modified_time":"2025-12-13T15:36:37+00:00","og_image":[{"width":512,"height":512,"url":"https:\/\/talkpal.ai\/wp-content\/uploads\/2023\/05\/Galician-spain.png","type":"image\/png"}],"twitter_card":"summary_large_image","twitter_site":"@talkpalai","twitter_misc":{"Estimeret l\u00e6setid":"3 minutter"},"schema":{"@context":"https:\/\/schema.org","@graph":[{"@type":"WebPage","@id":"https:\/\/talkpal.ai\/da\/galicisk-grammatik\/","url":"https:\/\/talkpal.ai\/da\/galicisk-grammatik\/","name":"Galicisk grammatik - Talkpal","isPartOf":{"@id":"https:\/\/talkpal.ai\/da\/#website"},"primaryImageOfPage":{"@id":"https:\/\/talkpal.ai\/da\/galicisk-grammatik\/#primaryimage"},"image":{"@id":"https:\/\/talkpal.ai\/da\/galicisk-grammatik\/#primaryimage"},"thumbnailUrl":"https:\/\/talkpal.ai\/wp-content\/uploads\/2023\/05\/Galician-spain.png","datePublished":"2023-05-14T14:03:43+00:00","dateModified":"2025-12-13T15:36:37+00:00","description":"Behersk nemt galicisk grammatik - l\u00e6r regler, opbyg korrekte s\u00e6tninger, og kommuniker tydeligt","breadcrumb":{"@id":"https:\/\/talkpal.ai\/da\/galicisk-grammatik\/#breadcrumb"},"inLanguage":"da-DK","potentialAction":[{"@type":"ReadAction","target":["https:\/\/talkpal.ai\/da\/galicisk-grammatik\/"]}]},{"@type":"ImageObject","inLanguage":"da-DK","@id":"https:\/\/talkpal.ai\/da\/galicisk-grammatik\/#primaryimage","url":"https:\/\/talkpal.ai\/wp-content\/uploads\/2023\/05\/Galician-spain.png","contentUrl":"https:\/\/talkpal.ai\/wp-content\/uploads\/2023\/05\/Galician-spain.png","width":512,"height":512},{"@type":"BreadcrumbList","@id":"https:\/\/talkpal.ai\/da\/galicisk-grammatik\/#breadcrumb","itemListElement":[{"@type":"ListItem","position":1,"name":"Homepage","item":"https:\/\/talkpal.ai\/da\/"},{"@type":"ListItem","position":2,"name":"Galicisk grammatik"}]},{"@type":"WebSite","@id":"https:\/\/talkpal.ai\/da\/#website","url":"https:\/\/talkpal.ai\/da\/","name":"Talkpal","description":"AI Language Learning","publisher":{"@id":"https:\/\/talkpal.ai\/da\/#organization"},"alternateName":"Talkpal AI","potentialAction":[{"@type":"SearchAction","target":{"@type":"EntryPoint","urlTemplate":"https:\/\/talkpal.ai\/da\/?s={search_term_string}"},"query-input":{"@type":"PropertyValueSpecification","valueRequired":true,"valueName":"search_term_string"}}],"inLanguage":"da-DK"},{"@type":"Organization","@id":"https:\/\/talkpal.ai\/da\/#organization","name":"Talkpal, Inc.","alternateName":"Talkpal AI","url":"https:\/\/talkpal.ai\/da\/","logo":{"@type":"ImageObject","inLanguage":"da-DK","@id":"https:\/\/talkpal.ai\/da\/#\/schema\/logo\/image\/","url":"https:\/\/talkpal.ai\/wp-content\/uploads\/2024\/03\/Talkpal-Logo-Icon.png","contentUrl":"https:\/\/talkpal.ai\/wp-content\/uploads\/2024\/03\/Talkpal-Logo-Icon.png","width":2880,"height":2880,"caption":"Talkpal, Inc."},"image":{"@id":"https:\/\/talkpal.ai\/da\/#\/schema\/logo\/image\/"},"sameAs":["https:\/\/www.facebook.com\/profile.php?id=100090733639311","https:\/\/x.com\/talkpalai","https:\/\/www.linkedin.com\/company\/talkpal\/","https:\/\/www.youtube.com\/@TalkPal\/","https:\/\/www.tiktok.com\/@talkpal","https:\/\/www.instagram.com\/talkpal_ai\/","https:\/\/www.crunchbase.com\/organization\/talkpal-9cde","https:\/\/www.g2.com\/products\/talkpal-for-business\/","https:\/\/www.trustpilot.com\/review\/talkpal.ai","https:\/\/www.capterra.com\/p\/10006800\/TalkPal\/"],"description":"Talkpal is a language learning web and mobile education app, powered by the latest AI technologies, that provides engaging experiences to its customers in many different languages to help them improve their language skills. Users can chat about unlimited amount of topics with the app and use other modes to practice their language learning.","email":"support@talkpal.ai","legalName":"Talkpal, Inc.","foundingDate":"2023-04-03","duns":"118989042","numberOfEmployees":{"@type":"QuantitativeValue","minValue":"11","maxValue":"50"},"publishingPrinciples":"https:\/\/talkpal.ai\/publishing-principles\/","actionableFeedbackPolicy":"https:\/\/talkpal.ai\/actionable-feedback-policy\/","correctionsPolicy":"https:\/\/talkpal.ai\/corrections-policy\/","ethicsPolicy":"https:\/\/talkpal.ai\/ethics-policy\/","diversityPolicy":"https:\/\/talkpal.ai\/diversity-policy\/","diversityStaffingReport":"https:\/\/talkpal.ai\/diversity-policy\/"}]}},"_links":{"self":[{"href":"https:\/\/talkpal.ai\/da\/wp-json\/wp\/v2\/pages\/144106","targetHints":{"allow":["GET"]}}],"collection":[{"href":"https:\/\/talkpal.ai\/da\/wp-json\/wp\/v2\/pages"}],"about":[{"href":"https:\/\/talkpal.ai\/da\/wp-json\/wp\/v2\/types\/page"}],"author":[{"embeddable":true,"href":"https:\/\/talkpal.ai\/da\/wp-json\/wp\/v2\/users\/1"}],"replies":[{"embeddable":true,"href":"https:\/\/talkpal.ai\/da\/wp-json\/wp\/v2\/comments?post=144106"}],"version-history":[{"count":0,"href":"https:\/\/talkpal.ai\/da\/wp-json\/wp\/v2\/pages\/144106\/revisions"}],"wp:featuredmedia":[{"embeddable":true,"href":"https:\/\/talkpal.ai\/da\/wp-json\/wp\/v2\/media\/111990"}],"wp:attachment":[{"href":"https:\/\/talkpal.ai\/da\/wp-json\/wp\/v2\/media?parent=144106"}],"curies":[{"name":"wp","href":"https:\/\/api.w.org\/{rel}","templated":true}]}}