{"id":143356,"date":"2023-05-14T14:03:07","date_gmt":"2023-05-14T14:03:07","guid":{"rendered":"http:\/\/talkpal.ai\/tjekkisk-grammatik\/"},"modified":"2025-12-13T15:24:06","modified_gmt":"2025-12-13T15:24:06","slug":"tjekkisk-grammatik","status":"publish","type":"page","link":"https:\/\/talkpal.ai\/da\/tjekkisk-grammatik\/","title":{"rendered":"Tjekkisk grammatik"},"content":{"rendered":"\r\n\r\n\r\n<section class=\"languageChallengeSection\">\r\n    <div class=\"languageInfoWrapper\">\r\n        \r\n        <h1>Tjekkisk grammatik<\/h1>\r\n        <p>Udforsk den tjekkiske grammatiks finurligheder, og \u00e5bn d\u00f8ren til at forst\u00e5 dette centraleurop\u00e6iske <a href=\"https:\/\/talkpal.ai\/what-language-is-spoken-on-the-international-space-station\/\">sprog<\/a>. Ved at beherske de v\u00e6sentlige regler og m\u00f8nstre vil du kommunikere mere effektivt og f\u00e5 en dybere indsigt i den tjekkiske kultur. Begynd at l\u00e6re <a href=\"https:\/\/talkpal.ai\/da\/laer-tjekkisk\/\">tjekkisk grammatik<\/a> i dag, og tag dit f\u00f8rste skridt mod flydende sprog!<\/p>\r\n\r\n                            <a class=\"getStartedHidden\" href=\"https:\/\/app.talkpal.ai\/da\/signup?lng=\">Kom i gang<\/a>\r\n        \r\n    <\/div>\r\n\r\n    <figure>\r\n    <img decoding=\"async\" width=\"768\" height=\"768\" src=\"https:\/\/talkpal.ai\/wp-content\/uploads\/2023\/06\/Czech-768x768.png\" class=\"languageImage no-lazy\" alt=\"Language learning for intellectual development\" fetchpriority=\"high\" sizes=\"(max-width: 768px) 150px, 768px\" srcset=\"https:\/\/talkpal.ai\/wp-content\/uploads\/2023\/06\/Czech-768x768.png 768w, https:\/\/talkpal.ai\/wp-content\/uploads\/2023\/06\/Czech-300x300.png 300w\" \/>\r\n    \r\n\r\n    <\/figure>\r\n\r\n            <a class=\"getStartedVisible\" href=\"https:\/\/app.talkpal.ai\/da\/signup?lng=\">Kom i gang<\/a>\r\n    \r\n<\/section>\r\n<section class=\"promotionalBanner\">\r\n    <p class=\"promotionalText\">Den mest effektive m\u00e5de at l\u00e6re et sprog p\u00e5<\/p>\r\n    <a class=\"promotionalLink\" href=\"https:\/\/app.talkpal.ai\/da\/signup?lng=\">Pr\u00f8v Talkpal gratis<\/a>\r\n<\/section>\n<div class=\"wp-block-group pageContainerStyle\"><div class=\"wp-block-group__inner-container is-layout-constrained wp-block-group-is-layout-constrained\">\n<h2 class=\"wp-block-heading\" id=\"h-czech-grammar-making-sense-of-the-czech-language-s-unique-structure\">Tjekkisk grammatik: At forst\u00e5 det tjekkiske sprogs unikke struktur<\/h2>\n\n\n\n<p>Hvis du nogensinde har pr\u00f8vet at l\u00e6re <a href=\"https:\/\/talkpal.ai\/learn-czech\/\">tjekkisk<\/a> &#8211; eller bare l\u00e6st en tjekkisk artikel eller bog &#8211; har du sikkert bem\u00e6rket, at grammatikken kan v\u00e6re ret udfordrende. Bredt betragtet som et af de mest komplekse sprogsystemer, har <a href=\"https:\/\/talkpal.ai\/da\/laer-tjekkisk\/\">tjekkisk grammatik<\/a> forvirret mange udenlandske <a href=\"https:\/\/talkpal.ai\/talkpal-discount-for-students\/\">studerende<\/a>. Men lad dig ikke skr\u00e6mme af det! De s\u00e6rlige egenskaber ved tjekkisk <a href=\"https:\/\/talkpal.ai\/fr\/les\/\">grammatik<\/a> er det, der g\u00f8r det fascinerende og unikt. I denne artikel vil vi afmystificere et par n\u00f8gleelementer i tjekkisk grammatik p\u00e5 en samtaleagtig m\u00e5de, s\u00e5 du kan forst\u00e5 dette smukke sprog bedre.<\/p>\n\n\n\n<h3 class=\"wp-block-heading\" id=\"h-1-nouns-declensions-and-cases-galore\">1. Substantiver &#8211; Forkortelser og sager i massevis!<\/h3>\n\n\n\n<p>Noget af det f\u00f8rste, du vil l\u00e6gge m\u00e6rke til ved tjekkisk grammatik, er substantivets b\u00f8jning. En forkortelse er en gruppe substantiver med lignende grammatiske tr\u00e6k, og tjekkisk har op til 14 forskellige forkortelser. Hvad siger du til variation? Hver forkortelse har et specifikt m\u00f8nster til repr\u00e6sentation af entals- og flertalssubstantivformer.<\/p>\n\n\n\n<p>Tjekkiske navneord har ogs\u00e5 syv forskellige tilf\u00e6lde: nominativ , genitiv, dativ, akkusativ, vokativ, lokativ og instrumental. Selv om et s\u00e5dant antal kan virke skr\u00e6mmende, er det vigtigt at l\u00e6re om disse tilf\u00e6lde, fordi de er afg\u00f8rende for at formidle mening. P\u00e5 tjekkisk er ordstillingen f.eks. ikke s\u00e5 afg\u00f8rende som p\u00e5 <a href=\"https:\/\/talkpal.ai\/learn-english-with-ai\/\">engelsk<\/a> &#8211; det er kasus, der angiver forholdet mellem ordene.<\/p>\n\n\n\n<h3 class=\"wp-block-heading\" id=\"h-2-adjectives-agreeing-with-nouns\">2. Adjektiver &#8211; Enig med substantiver<\/h3>\n\n\n\n<p>Tjekkiske adjektiver har en s\u00e6rlig pligt: de skal v\u00e6re enige med de navneord, de \u00e6ndrer i k\u00f8n, antal og store bogstaver. T\u00e6nk p\u00e5 det som en dynamisk duo, grammatikkens tango, hvor den ene halvdel yndefuldt tilpasser sig for at supplere den anden. Denne aftale hj\u00e6lper med at skabe harmoni i s\u00e6tninger og \u00f8ger klarheden.<\/p>\n\n\n\n<p>For eksempel er ordet for &#8220;smuk&#8221; p\u00e5 tjekkisk &#8220;kr\u00e1sn\u00fd&#8221;. Hvis du beskriver et smukt hus (d\u016fm), som er maskulinum, bruger du &#8220;kr\u00e1sn\u00fd d\u016fm&#8221;. For en smuk pige (d\u00edvka), som er feminin, bliver det &#8220;kr\u00e1sn\u00e1 d\u00edvka&#8221;. Og for en smuk dag (den), som er neutrum, siger man &#8220;kr\u00e1sn\u00fd den&#8221;. Se hvordan adjektivet danser sammen med substantivet?<\/p>\n\n\n\n<h3 class=\"wp-block-heading\" id=\"h-3-verbs-the-art-of-conjugation\">3. Verber &#8211; kunsten at b\u00f8je<\/h3>\n\n\n\n<p>P\u00e5 tjekkisk f\u00e5r b\u00f8jningskunsten \u2013 det vil sige skiftende verbformer baseret p\u00e5 sp\u00e6nding, hum\u00f8r og person \u2013 sit eget liv. Tjekkiske verb falder i to kategorier: perfektiv og ufuldkommen. Perfektive verb angiver, at en handling er afsluttet, mens ufuldkomne verb antyder igangv\u00e6rende eller s\u00e6dvanlige handlinger.  <\/p>\n\n\n\n<p>Tjekkisk grammatik har nogle sp\u00e6ndende s\u00e6rheder, n\u00e5r det kommer til verber. For eksempel dannes fremtidstid kun regelm\u00e6ssigt for ufuldkomne verb. For perfekte verb smelter det sammen med nutiden! I stedet for at have en bestemt <a href=\"https:\/\/talkpal.ai\/ja\/grammar\/%e5%8f%97%e5%8b%95%e6%85%8b\/\">passiv<\/a> stemme inkorporerer tjekkisk ogs\u00e5 passive konstruktioner ved hj\u00e6lp af hj\u00e6lpeverb. Lad os ikke glemme de tjekkiske refleksive verber, hvor handlinger vender tilbage til subjektet, hvilket tilf\u00f8jer endnu et lag af nuancer til dette sp\u00e6ndende sprog.<\/p>\n\n\n\n<h3 class=\"wp-block-heading\" id=\"h-4-pronouns-the-mirror-of-linguistic-diversity\">4. Pronomen: Spejlet af sproglig mangfoldighed<\/h3>\n\n\n\n<p>Pronomener i tjekkisk grammatik &#8211; vi taler om personlige, possessive, demonstrative, sp\u00f8rgende og relative pronominer &#8211; udviser alle den samme mangfoldighed som andre dele af talen. De skal ogs\u00e5 v\u00e6re enige i k\u00f8n, antal og store og sm\u00e5 bogstaver med de navneord, de erstatter eller henviser til.<\/p>\n\n\n\n<p>Hvis du f.eks. taler om en bog, du godt kan lide, siger du &#8220;M\u00e1m r\u00e1d tu knihu&#8221; (Jeg kan godt lide den bog). Her er &#8220;tu&#8221; den feminine form af det demonstrative pronomen &#8220;at&#8221;, der stemmer overens med &#8220;kniha&#8221; (bog), som ogs\u00e5 er feminint.<\/p>\n\n\n\n<h3 class=\"wp-block-heading\" id=\"h-5-embracing-the-challenge\">5. Omfavn udfordringen<\/h3>\n\n\n\n<p>Tjekkisk grammatik kan v\u00e6re forvirrende og skr\u00e6mmende, men det er ogs\u00e5 det, der f\u00e5r dette fascinerende sprog til at skille sig ud. V\u00e6r ikke bange for at tage udfordringen op! Husk, at det ikke handler om at mestre alt p\u00e5 \u00e9n gang, men om at g\u00f8re fremskridt skridt for skridt. Tag dig tid til at forst\u00e5 den tjekkiske grammatiks unikke system, s\u00e5 er du godt p\u00e5 vej til at beherske dette smukke, komplekse sprog. Og n\u00e5r du omfavner de dejlige nuancer, som tjekkisk grammatik har at byde p\u00e5, vil du uden tvivl opdage en nyfunden forst\u00e5else for dens finurligheder. God forn\u00f8jelse med at l\u00e6re!<\/p>\n<\/div><\/div>\n\r\n<section class=\"learnNavigationSection\">\r\n            \r\n        <a href=\"https:\/\/talkpal.ai\/da\/laer-tjekkisk\/\">\r\n            <div class=\"learnNavigationWrapper\">\r\n                <div class=\"learnNavigationContent\">\r\n                    <img decoding=\"async\" src=\"https:\/\/talkpal.ai\/wp-content\/uploads\/2024\/08\/Czech.jpg\" alt=\"Czech Flag\">\r\n                    <div>\r\n                        <h4>Om tjekkisk l\u00e6ring<\/h4>\r\n                        <p>Find ud af alt om tjekkisk grammatik.<\/p>\r\n                    <\/div>\r\n                <\/div>\r\n            <\/div>\r\n        <\/a>\r\n\r\n        \r\n        <a href=\"https:\/\/talkpal.ai\/da\/tjekkiske-grammatikoevelser\/\">\r\n            <div class=\"learnNavigationWrapper\">\r\n                <div class=\"learnNavigationContent\">\r\n                    <img decoding=\"async\" src=\"https:\/\/talkpal.ai\/wp-content\/uploads\/2024\/08\/Czech.jpg\" alt=\"Czech Flag\">\r\n                    <div>\r\n                        <h4>Tjekkisk grammatik-\u00f8velse<\/h4>\r\n                        <p>\u00d8v tjekkisk grammatik.<\/p>\r\n                    <\/div>\r\n                <\/div>\r\n            <\/div>\r\n        <\/a>\r\n\r\n        \r\n        <a href=\"https:\/\/talkpal.ai\/vocabulary_language\/czech\/\">\r\n            <div class=\"learnNavigationWrapper\">\r\n                <div class=\"learnNavigationContent\">\r\n                    <img decoding=\"async\" src=\"https:\/\/talkpal.ai\/wp-content\/uploads\/2024\/08\/Czech.jpg\" alt=\"Czech Flag\">\r\n                    <div>\r\n                        <h4>Tjekkisk ordforr\u00e5d<\/h4>\r\n                        <p>Udvid dit tjekkiske ordforr\u00e5d.<\/p>\r\n                    <\/div>\r\n                <\/div>\r\n            <\/div>\r\n        <\/a>\r\n\r\n            <\/section>","protected":false},"excerpt":{"rendered":"<p>Tjekkisk grammatik: At forst\u00e5 det tjekkiske sprogs unikke struktur Hvis du nogensinde har pr\u00f8vet at l\u00e6re tjekkisk &#8211; eller bare l\u00e6st en tjekkisk artikel eller bog &#8211; har du sikkert bem\u00e6rket, at grammatikken kan v\u00e6re ret udfordrende. Bredt betragtet som et af de mest komplekse sprogsystemer, har tjekkisk grammatik forvirret mange udenlandske studerende. Men lad [&hellip;]<\/p>\n","protected":false},"author":1,"featured_media":111741,"parent":0,"menu_order":0,"comment_status":"closed","ping_status":"closed","template":"LearningContentPage.php","meta":{"_acf_changed":false,"footnotes":""},"class_list":["post-143356","page","type-page","status-publish","has-post-thumbnail","hentry"],"acf":[],"yoast_head":"<!-- This site is optimized with the Yoast SEO Premium plugin v27.2 (Yoast SEO v27.2) - https:\/\/yoast.com\/product\/yoast-seo-premium-wordpress\/ -->\n<title>Tjekkisk grammatik - Talkpal<\/title>\n<meta name=\"description\" content=\"Afsl\u00f8r den tjekkiske grammatiks hemmeligheder. L\u00e6r om dens unikke kompleksitet, og hvordan du mestrer substantivb\u00f8jninger effektivt.\" \/>\n<meta name=\"robots\" content=\"index, follow, max-snippet:-1, max-image-preview:large, max-video-preview:-1\" \/>\n<link rel=\"canonical\" href=\"https:\/\/talkpal.ai\/da\/tjekkisk-grammatik\/\" \/>\n<meta property=\"og:locale\" content=\"da_DK\" \/>\n<meta property=\"og:type\" content=\"article\" \/>\n<meta property=\"og:title\" content=\"Tjekkisk grammatik\" \/>\n<meta property=\"og:description\" content=\"Tjekkisk grammatik: At forst\u00e5 det tjekkiske sprogs unikke struktur Hvis du nogensinde har pr\u00f8vet at l\u00e6re tjekkisk - eller bare l\u00e6st en tjekkisk artikel\" \/>\n<meta property=\"og:url\" content=\"https:\/\/talkpal.ai\/da\/tjekkisk-grammatik\/\" \/>\n<meta property=\"og:site_name\" content=\"Talkpal\" \/>\n<meta property=\"article:publisher\" content=\"https:\/\/www.facebook.com\/profile.php?id=100090733639311\" \/>\n<meta property=\"article:modified_time\" content=\"2025-12-13T15:24:06+00:00\" \/>\n<meta property=\"og:image\" content=\"https:\/\/talkpal.ai\/wp-content\/uploads\/2023\/05\/czech-republic.png\" \/>\n\t<meta property=\"og:image:width\" content=\"512\" \/>\n\t<meta property=\"og:image:height\" content=\"512\" \/>\n\t<meta property=\"og:image:type\" content=\"image\/png\" \/>\n<meta name=\"twitter:card\" content=\"summary_large_image\" \/>\n<meta name=\"twitter:site\" content=\"@talkpalai\" \/>\n<meta name=\"twitter:label1\" content=\"Estimeret l\u00e6setid\" \/>\n\t<meta name=\"twitter:data1\" content=\"4 minutter\" \/>\n<script type=\"application\/ld+json\" class=\"yoast-schema-graph\">{\"@context\":\"https:\/\/schema.org\",\"@graph\":[{\"@type\":\"WebPage\",\"@id\":\"https:\/\/talkpal.ai\/da\/tjekkisk-grammatik\/\",\"url\":\"https:\/\/talkpal.ai\/da\/tjekkisk-grammatik\/\",\"name\":\"Tjekkisk grammatik - Talkpal\",\"isPartOf\":{\"@id\":\"https:\/\/talkpal.ai\/da\/#website\"},\"primaryImageOfPage\":{\"@id\":\"https:\/\/talkpal.ai\/da\/tjekkisk-grammatik\/#primaryimage\"},\"image\":{\"@id\":\"https:\/\/talkpal.ai\/da\/tjekkisk-grammatik\/#primaryimage\"},\"thumbnailUrl\":\"https:\/\/talkpal.ai\/wp-content\/uploads\/2023\/05\/czech-republic.png\",\"datePublished\":\"2023-05-14T14:03:07+00:00\",\"dateModified\":\"2025-12-13T15:24:06+00:00\",\"description\":\"Afsl\u00f8r den tjekkiske grammatiks hemmeligheder. L\u00e6r om dens unikke kompleksitet, og hvordan du mestrer substantivb\u00f8jninger effektivt.\",\"breadcrumb\":{\"@id\":\"https:\/\/talkpal.ai\/da\/tjekkisk-grammatik\/#breadcrumb\"},\"inLanguage\":\"da-DK\",\"potentialAction\":[{\"@type\":\"ReadAction\",\"target\":[\"https:\/\/talkpal.ai\/da\/tjekkisk-grammatik\/\"]}]},{\"@type\":\"ImageObject\",\"inLanguage\":\"da-DK\",\"@id\":\"https:\/\/talkpal.ai\/da\/tjekkisk-grammatik\/#primaryimage\",\"url\":\"https:\/\/talkpal.ai\/wp-content\/uploads\/2023\/05\/czech-republic.png\",\"contentUrl\":\"https:\/\/talkpal.ai\/wp-content\/uploads\/2023\/05\/czech-republic.png\",\"width\":512,\"height\":512},{\"@type\":\"BreadcrumbList\",\"@id\":\"https:\/\/talkpal.ai\/da\/tjekkisk-grammatik\/#breadcrumb\",\"itemListElement\":[{\"@type\":\"ListItem\",\"position\":1,\"name\":\"Homepage\",\"item\":\"https:\/\/talkpal.ai\/da\/\"},{\"@type\":\"ListItem\",\"position\":2,\"name\":\"Tjekkisk grammatik\"}]},{\"@type\":\"WebSite\",\"@id\":\"https:\/\/talkpal.ai\/da\/#website\",\"url\":\"https:\/\/talkpal.ai\/da\/\",\"name\":\"Talkpal\",\"description\":\"AI Language Learning\",\"publisher\":{\"@id\":\"https:\/\/talkpal.ai\/da\/#organization\"},\"alternateName\":\"Talkpal AI\",\"potentialAction\":[{\"@type\":\"SearchAction\",\"target\":{\"@type\":\"EntryPoint\",\"urlTemplate\":\"https:\/\/talkpal.ai\/da\/?s={search_term_string}\"},\"query-input\":{\"@type\":\"PropertyValueSpecification\",\"valueRequired\":true,\"valueName\":\"search_term_string\"}}],\"inLanguage\":\"da-DK\"},{\"@type\":\"Organization\",\"@id\":\"https:\/\/talkpal.ai\/da\/#organization\",\"name\":\"Talkpal, Inc.\",\"alternateName\":\"Talkpal AI\",\"url\":\"https:\/\/talkpal.ai\/da\/\",\"logo\":{\"@type\":\"ImageObject\",\"inLanguage\":\"da-DK\",\"@id\":\"https:\/\/talkpal.ai\/da\/#\/schema\/logo\/image\/\",\"url\":\"https:\/\/talkpal.ai\/wp-content\/uploads\/2024\/03\/Talkpal-Logo-Icon.png\",\"contentUrl\":\"https:\/\/talkpal.ai\/wp-content\/uploads\/2024\/03\/Talkpal-Logo-Icon.png\",\"width\":2880,\"height\":2880,\"caption\":\"Talkpal, Inc.\"},\"image\":{\"@id\":\"https:\/\/talkpal.ai\/da\/#\/schema\/logo\/image\/\"},\"sameAs\":[\"https:\/\/www.facebook.com\/profile.php?id=100090733639311\",\"https:\/\/x.com\/talkpalai\",\"https:\/\/www.linkedin.com\/company\/talkpal\/\",\"https:\/\/www.youtube.com\/@TalkPal\/\",\"https:\/\/www.tiktok.com\/@talkpal\",\"https:\/\/www.instagram.com\/talkpal_ai\/\",\"https:\/\/www.crunchbase.com\/organization\/talkpal-9cde\",\"https:\/\/www.g2.com\/products\/talkpal-for-business\/\",\"https:\/\/www.trustpilot.com\/review\/talkpal.ai\",\"https:\/\/www.capterra.com\/p\/10006800\/TalkPal\/\"],\"description\":\"Talkpal is a language learning web and mobile education app, powered by the latest AI technologies, that provides engaging experiences to its customers in many different languages to help them improve their language skills. Users can chat about unlimited amount of topics with the app and use other modes to practice their language learning.\",\"email\":\"support@talkpal.ai\",\"legalName\":\"Talkpal, Inc.\",\"foundingDate\":\"2023-04-03\",\"duns\":\"118989042\",\"numberOfEmployees\":{\"@type\":\"QuantitativeValue\",\"minValue\":\"11\",\"maxValue\":\"50\"},\"publishingPrinciples\":\"https:\/\/talkpal.ai\/publishing-principles\/\",\"actionableFeedbackPolicy\":\"https:\/\/talkpal.ai\/actionable-feedback-policy\/\",\"correctionsPolicy\":\"https:\/\/talkpal.ai\/corrections-policy\/\",\"ethicsPolicy\":\"https:\/\/talkpal.ai\/ethics-policy\/\",\"diversityPolicy\":\"https:\/\/talkpal.ai\/diversity-policy\/\",\"diversityStaffingReport\":\"https:\/\/talkpal.ai\/diversity-policy\/\"}]}<\/script>\n<!-- \/ Yoast SEO Premium plugin. -->","yoast_head_json":{"title":"Tjekkisk grammatik - Talkpal","description":"Afsl\u00f8r den tjekkiske grammatiks hemmeligheder. L\u00e6r om dens unikke kompleksitet, og hvordan du mestrer substantivb\u00f8jninger effektivt.","robots":{"index":"index","follow":"follow","max-snippet":"max-snippet:-1","max-image-preview":"max-image-preview:large","max-video-preview":"max-video-preview:-1"},"canonical":"https:\/\/talkpal.ai\/da\/tjekkisk-grammatik\/","og_locale":"da_DK","og_type":"article","og_title":"Tjekkisk grammatik","og_description":"Tjekkisk grammatik: At forst\u00e5 det tjekkiske sprogs unikke struktur Hvis du nogensinde har pr\u00f8vet at l\u00e6re tjekkisk - eller bare l\u00e6st en tjekkisk artikel","og_url":"https:\/\/talkpal.ai\/da\/tjekkisk-grammatik\/","og_site_name":"Talkpal","article_publisher":"https:\/\/www.facebook.com\/profile.php?id=100090733639311","article_modified_time":"2025-12-13T15:24:06+00:00","og_image":[{"width":512,"height":512,"url":"https:\/\/talkpal.ai\/wp-content\/uploads\/2023\/05\/czech-republic.png","type":"image\/png"}],"twitter_card":"summary_large_image","twitter_site":"@talkpalai","twitter_misc":{"Estimeret l\u00e6setid":"4 minutter"},"schema":{"@context":"https:\/\/schema.org","@graph":[{"@type":"WebPage","@id":"https:\/\/talkpal.ai\/da\/tjekkisk-grammatik\/","url":"https:\/\/talkpal.ai\/da\/tjekkisk-grammatik\/","name":"Tjekkisk grammatik - Talkpal","isPartOf":{"@id":"https:\/\/talkpal.ai\/da\/#website"},"primaryImageOfPage":{"@id":"https:\/\/talkpal.ai\/da\/tjekkisk-grammatik\/#primaryimage"},"image":{"@id":"https:\/\/talkpal.ai\/da\/tjekkisk-grammatik\/#primaryimage"},"thumbnailUrl":"https:\/\/talkpal.ai\/wp-content\/uploads\/2023\/05\/czech-republic.png","datePublished":"2023-05-14T14:03:07+00:00","dateModified":"2025-12-13T15:24:06+00:00","description":"Afsl\u00f8r den tjekkiske grammatiks hemmeligheder. L\u00e6r om dens unikke kompleksitet, og hvordan du mestrer substantivb\u00f8jninger effektivt.","breadcrumb":{"@id":"https:\/\/talkpal.ai\/da\/tjekkisk-grammatik\/#breadcrumb"},"inLanguage":"da-DK","potentialAction":[{"@type":"ReadAction","target":["https:\/\/talkpal.ai\/da\/tjekkisk-grammatik\/"]}]},{"@type":"ImageObject","inLanguage":"da-DK","@id":"https:\/\/talkpal.ai\/da\/tjekkisk-grammatik\/#primaryimage","url":"https:\/\/talkpal.ai\/wp-content\/uploads\/2023\/05\/czech-republic.png","contentUrl":"https:\/\/talkpal.ai\/wp-content\/uploads\/2023\/05\/czech-republic.png","width":512,"height":512},{"@type":"BreadcrumbList","@id":"https:\/\/talkpal.ai\/da\/tjekkisk-grammatik\/#breadcrumb","itemListElement":[{"@type":"ListItem","position":1,"name":"Homepage","item":"https:\/\/talkpal.ai\/da\/"},{"@type":"ListItem","position":2,"name":"Tjekkisk grammatik"}]},{"@type":"WebSite","@id":"https:\/\/talkpal.ai\/da\/#website","url":"https:\/\/talkpal.ai\/da\/","name":"Talkpal","description":"AI Language Learning","publisher":{"@id":"https:\/\/talkpal.ai\/da\/#organization"},"alternateName":"Talkpal AI","potentialAction":[{"@type":"SearchAction","target":{"@type":"EntryPoint","urlTemplate":"https:\/\/talkpal.ai\/da\/?s={search_term_string}"},"query-input":{"@type":"PropertyValueSpecification","valueRequired":true,"valueName":"search_term_string"}}],"inLanguage":"da-DK"},{"@type":"Organization","@id":"https:\/\/talkpal.ai\/da\/#organization","name":"Talkpal, Inc.","alternateName":"Talkpal AI","url":"https:\/\/talkpal.ai\/da\/","logo":{"@type":"ImageObject","inLanguage":"da-DK","@id":"https:\/\/talkpal.ai\/da\/#\/schema\/logo\/image\/","url":"https:\/\/talkpal.ai\/wp-content\/uploads\/2024\/03\/Talkpal-Logo-Icon.png","contentUrl":"https:\/\/talkpal.ai\/wp-content\/uploads\/2024\/03\/Talkpal-Logo-Icon.png","width":2880,"height":2880,"caption":"Talkpal, Inc."},"image":{"@id":"https:\/\/talkpal.ai\/da\/#\/schema\/logo\/image\/"},"sameAs":["https:\/\/www.facebook.com\/profile.php?id=100090733639311","https:\/\/x.com\/talkpalai","https:\/\/www.linkedin.com\/company\/talkpal\/","https:\/\/www.youtube.com\/@TalkPal\/","https:\/\/www.tiktok.com\/@talkpal","https:\/\/www.instagram.com\/talkpal_ai\/","https:\/\/www.crunchbase.com\/organization\/talkpal-9cde","https:\/\/www.g2.com\/products\/talkpal-for-business\/","https:\/\/www.trustpilot.com\/review\/talkpal.ai","https:\/\/www.capterra.com\/p\/10006800\/TalkPal\/"],"description":"Talkpal is a language learning web and mobile education app, powered by the latest AI technologies, that provides engaging experiences to its customers in many different languages to help them improve their language skills. Users can chat about unlimited amount of topics with the app and use other modes to practice their language learning.","email":"support@talkpal.ai","legalName":"Talkpal, Inc.","foundingDate":"2023-04-03","duns":"118989042","numberOfEmployees":{"@type":"QuantitativeValue","minValue":"11","maxValue":"50"},"publishingPrinciples":"https:\/\/talkpal.ai\/publishing-principles\/","actionableFeedbackPolicy":"https:\/\/talkpal.ai\/actionable-feedback-policy\/","correctionsPolicy":"https:\/\/talkpal.ai\/corrections-policy\/","ethicsPolicy":"https:\/\/talkpal.ai\/ethics-policy\/","diversityPolicy":"https:\/\/talkpal.ai\/diversity-policy\/","diversityStaffingReport":"https:\/\/talkpal.ai\/diversity-policy\/"}]}},"_links":{"self":[{"href":"https:\/\/talkpal.ai\/da\/wp-json\/wp\/v2\/pages\/143356","targetHints":{"allow":["GET"]}}],"collection":[{"href":"https:\/\/talkpal.ai\/da\/wp-json\/wp\/v2\/pages"}],"about":[{"href":"https:\/\/talkpal.ai\/da\/wp-json\/wp\/v2\/types\/page"}],"author":[{"embeddable":true,"href":"https:\/\/talkpal.ai\/da\/wp-json\/wp\/v2\/users\/1"}],"replies":[{"embeddable":true,"href":"https:\/\/talkpal.ai\/da\/wp-json\/wp\/v2\/comments?post=143356"}],"version-history":[{"count":0,"href":"https:\/\/talkpal.ai\/da\/wp-json\/wp\/v2\/pages\/143356\/revisions"}],"wp:featuredmedia":[{"embeddable":true,"href":"https:\/\/talkpal.ai\/da\/wp-json\/wp\/v2\/media\/111741"}],"wp:attachment":[{"href":"https:\/\/talkpal.ai\/da\/wp-json\/wp\/v2\/media?parent=143356"}],"curies":[{"name":"wp","href":"https:\/\/api.w.org\/{rel}","templated":true}]}}