{"id":143132,"date":"2023-05-14T14:02:30","date_gmt":"2023-05-14T14:02:30","guid":{"rendered":"http:\/\/talkpal.ai\/graesk-grammatik\/"},"modified":"2025-12-13T15:14:17","modified_gmt":"2025-12-13T15:14:17","slug":"graesk-grammatik","status":"publish","type":"page","link":"https:\/\/talkpal.ai\/da\/graesk-grammatik\/","title":{"rendered":"Gr\u00e6sk grammatik"},"content":{"rendered":"\r\n\r\n\r\n<section class=\"languageChallengeSection\">\r\n    <div class=\"languageInfoWrapper\">\r\n        \r\n        <h1>Gr\u00e6sk grammatik<\/h1>\r\n        <p>L\u00e6r <a href=\"https:\/\/talkpal.ai\/da\/laer-graesk\/\">gr\u00e6sk grammatik<\/a>, og tr\u00e6d ind i en verden af et af menneskehedens \u00e6ldste og mest indflydelsesrige <a href=\"https:\/\/talkpal.ai\/what-language-is-spoken-on-the-international-space-station\/\">sprog<\/a>. <a href=\"https:\/\/talkpal.ai\/learn-greek\/\">Gr\u00e6sk<\/a> introducerer dig til dets unikke alfabet, udtryksfulde verbalb\u00f8jninger og et system af navneord, der former betydningen. N\u00e5r du g\u00e5r p\u00e5 opdagelse, vil du opdage r\u00f8dderne til mange engelske ord og komme i kontakt med en rig kulturarv. Kast dig ud i det og nyd den givende udfordring, det er at l\u00e6re <a href=\"https:\/\/talkpal.ai\/learn-greek\/\">gr\u00e6sk<\/a> <a href=\"https:\/\/talkpal.ai\/fr\/les\/\">grammatik<\/a>!<\/p>\r\n\r\n                            <a class=\"getStartedHidden\" href=\"https:\/\/app.talkpal.ai\/da\/signup?lng=\">Kom i gang<\/a>\r\n        \r\n    <\/div>\r\n\r\n    <figure>\r\n    <img decoding=\"async\" width=\"768\" height=\"768\" src=\"https:\/\/talkpal.ai\/wp-content\/uploads\/2023\/06\/greek-768x768.png\" class=\"languageImage no-lazy\" alt=\"Language learning to boost personal capability\" fetchpriority=\"high\" sizes=\"(max-width: 768px) 150px, 768px\" srcset=\"https:\/\/talkpal.ai\/wp-content\/uploads\/2023\/06\/greek-768x768.png 768w, https:\/\/talkpal.ai\/wp-content\/uploads\/2023\/06\/greek-300x300.png 300w\" \/>\r\n    \r\n\r\n    <\/figure>\r\n\r\n            <a class=\"getStartedVisible\" href=\"https:\/\/app.talkpal.ai\/da\/signup?lng=\">Kom i gang<\/a>\r\n    \r\n<\/section>\r\n<section class=\"promotionalBanner\">\r\n    <p class=\"promotionalText\">Den mest effektive m\u00e5de at l\u00e6re et sprog p\u00e5<\/p>\r\n    <a class=\"promotionalLink\" href=\"https:\/\/app.talkpal.ai\/da\/signup?lng=\">Pr\u00f8v Talkpal gratis<\/a>\r\n<\/section>\n<div class=\"wp-block-group pageContainerStyle\"><div class=\"wp-block-group__inner-container is-layout-constrained wp-block-group-is-layout-constrained\">\n<h2 class=\"wp-block-heading\" id=\"h-demystifying-greek-grammar-a-comprehensive-guide\">Afmystificering af gr\u00e6sk grammatik: En omfattende guide<\/h2>\n\n\n\n<p>Gr\u00e6sk, et elegant og gammelt sprog, har en s\u00e6rlig plads i sproghistorien og er stadig indflydelsesrig i dag. Med et st\u00e6rkt fundament i gr\u00e6sk grammatik f\u00e5r du adgang til et v\u00e6ld af kulturelle og historiske ressourcer, mens du l\u00e5ser op for et andet lag af betydning i <a href=\"https:\/\/talkpal.ai\/english-vocabulary\/\">engelsk ordforr\u00e5d<\/a>. I mods\u00e6tning til hvad mange tror, er gr\u00e6sk grammatik ikke s\u00e5 skr\u00e6mmende, som det oprindeligt kan synes. I denne artikel hj\u00e6lper vi dig med at navigere gennem den gr\u00e6ske grammatiks v\u00e6sentlige komponenter, s\u00e5 du kan n\u00e6rme dig dette sprog med selvtillid og entusiasme.<\/p>\n\n\n\n<h3 class=\"wp-block-heading\" id=\"h-1-understanding-greek-nouns-cases-and-articles\">1. Forst\u00e5else af gr\u00e6ske navneord, sager og artikler<\/h3>\n\n\n\n<p>Gr\u00e6ske navneord klassificeres i tre k\u00f8n: maskulin, feminin og neutral. Hvert substantiv tilh\u00f8rer en af de tre deklinationer, som bestemmer substantivets endelser baseret p\u00e5 dets k\u00f8n, tal (ental eller flertal) og kasus. P\u00e5 det gr\u00e6ske sprog er der fem tilf\u00e6lde: nominativ , genitiv, dativ, akkusativ og vokativ.<\/p>\n\n\n\n<p>Et v\u00e6sentligt aspekt af gr\u00e6sk grammatik drejer sig om artiklen. Ligesom det engelske &#8216;the&#8217; er den gr\u00e6ske bestemte artikel afg\u00f8rende for forst\u00e5elsen af gr\u00e6ske tekster. Den gr\u00e6ske artikel skal stemme overens med substantivet i k\u00f8n, tal og store bogstaver. Gr\u00e6sk har ogs\u00e5 en ubestemt artikel, der fungerer som &#8216;a&#8217; eller &#8216;an&#8217; p\u00e5 <a href=\"https:\/\/talkpal.ai\/learn-english-with-ai\/\">engelsk<\/a>.<\/p>\n\n\n\n<h3 class=\"wp-block-heading\" id=\"h-2-tackling-greek-verbs-conjugation-and-moods\">2. Tackling af gr\u00e6ske verb: b\u00f8jning og stemninger<\/h3>\n\n\n\n<p>Gr\u00e6ske verb er kendetegnet ved deres sp\u00e6nding, stemme, hum\u00f8r, person og nummer. Verb p\u00e5 det gr\u00e6ske sprog er konjugeret i henhold til deres tid, hvilket indikerer, hvorn\u00e5r en handling opst\u00e5r. Der er syv hoveddele af et gr\u00e6sk verbum, der hver svarer til en tid:<\/p>\n\n\n\n<p><strong>&#8211; Til stede<\/strong><\/p>\n\n\n\n<p><strong>&#8211; Fremtiden<\/strong><\/p>\n\n\n\n<p><strong>&#8211; Aorist (simpel datid)<\/strong><\/p>\n\n\n\n<p><strong>&#8211; Perfekt<\/strong><\/p>\n\n\n\n<p><strong>&#8211; Perfekt fremtid<\/strong><\/p>\n\n\n\n<p><strong>&#8211; Pluskvamperfekt<\/strong><\/p>\n\n\n\n<p><strong>&#8211; Aorist passiv<\/strong><\/p>\n\n\n\n<p>Desuden har gr\u00e6ske verber forskellige stemninger, der udtrykker talerens holdning til handlingen. Disse stemninger er imperativer, vejledende og konjunktive.<\/p>\n\n\n\n<h3 class=\"wp-block-heading\" id=\"h-3-crafting-expressive-sentences-with-greek-adjectives-and-adverbs\">3. Fremstilling af udtryksfulde s\u00e6tninger med gr\u00e6ske adjektiver og adverb<\/h3>\n\n\n\n<p>Gr\u00e6ske adjektiver tilf\u00f8jer farve og beskrivelse til dine s\u00e6tninger. I lighed med substantiver skal adjektiver p\u00e5 gr\u00e6sk v\u00e6re enige i k\u00f8n, antal og store og sm\u00e5 bogstaver med det substantiv, de beskriver. Desuden h\u00f8rer adjektiver til en af de tre forkortelser, som bestemmer deres slutninger.<\/p>\n\n\n\n<p>Gr\u00e6ske adverb \u00e6ndrer verb, adjektiver eller andre adverb. De udtrykker, hvordan, hvorn\u00e5r, hvor eller i hvilket omfang en handling udf\u00f8res. I mods\u00e6tning til adjektiver beh\u00f8ver adverb ikke at v\u00e6re enige med substantiver i k\u00f8n, antal eller store og sm\u00e5 bogstaver. I mange tilf\u00e6lde dannes adverb ved at tilf\u00f8je specifikke slutninger til adjektivr\u00f8dder.<\/p>\n\n\n\n<h3 class=\"wp-block-heading\" id=\"h-4-exploring-greek-pronouns-and-greek-sentence-structure\">4. Udforskning af gr\u00e6ske pronomen og gr\u00e6sk s\u00e6tningsstruktur<\/h3>\n\n\n\n<p>Pronomen spiller en v\u00e6sentlig rolle i gr\u00e6sk grammatik, da de erstatter substantiver og skal v\u00e6re enige med det substantiv, de repr\u00e6senterer i k\u00f8n, antal og store og sm\u00e5 bogstaver. Der er personlige, refleksive, demonstrative, relative, sp\u00f8rgende og ubestemte pronomen p\u00e5 gr\u00e6sk.<\/p>\n\n\n\n<p>Gr\u00e6sk s\u00e6tningsstruktur f\u00f8lger prim\u00e6rt r\u00e6kkef\u00f8lgen subjekt-verbum-objekt (SVO). P\u00e5 grund af sin meget b\u00f8jede natur tilbyder gr\u00e6sk imidlertid mere fleksibilitet i ordr\u00e6kkef\u00f8lge, hvilket giver mulighed for v\u00e6gt og poetisk udtryk. Denne fleksibilitet kan virke udfordrende i starten, men bliver mere tilg\u00e6ngelig, efterh\u00e5nden som du bliver fortrolig med sprogets nuancer.<\/p>\n\n\n\n<h3 class=\"wp-block-heading\" id=\"h-conclusion\">Konklusion<\/h3>\n\n\n\n<p>N\u00e5r du begiver dig ud p\u00e5 din rejse for at mestre gr\u00e6sk grammatik, skal du huske, at \u00f8velse og udholdenhed er afg\u00f8rende for succes. Tag dig tid til at afsl\u00f8re kompleksiteten af gr\u00e6ske navneord, verb, adjektiver, adverb og s\u00e6tningsstruktur. N\u00e5r du dykker dybere ned i dette fascinerende sprog, vil du opdage, at gr\u00e6sk grammatik bliver mere velkendt og mindre skr\u00e6mmende. Held og lykke, og \u03ba\u03b1\u03bb\u03ae \u03b5\u03c0\u03b9\u03c4\u03c5\u03c7\u03af\u03b1!<\/p>\n<\/div><\/div>\n\r\n<section class=\"learnNavigationSection\">\r\n            \r\n        <a href=\"https:\/\/talkpal.ai\/da\/laer-graesk\/\">\r\n            <div class=\"learnNavigationWrapper\">\r\n                <div class=\"learnNavigationContent\">\r\n                    <img decoding=\"async\" src=\"https:\/\/talkpal.ai\/wp-content\/uploads\/2024\/08\/Greek.jpg\" alt=\"Greek Flag\">\r\n                    <div>\r\n                        <h4>Om gr\u00e6sk l\u00e6ring<\/h4>\r\n                        <p>Find ud af alt om gr\u00e6sk grammatik.<\/p>\r\n                    <\/div>\r\n                <\/div>\r\n            <\/div>\r\n        <\/a>\r\n\r\n        \r\n        <a href=\"https:\/\/talkpal.ai\/da\/graeske-grammatikoevelser\/\">\r\n            <div class=\"learnNavigationWrapper\">\r\n                <div class=\"learnNavigationContent\">\r\n                    <img decoding=\"async\" src=\"https:\/\/talkpal.ai\/wp-content\/uploads\/2024\/08\/Greek.jpg\" alt=\"Greek Flag\">\r\n                    <div>\r\n                        <h4>Gr\u00e6sk grammatik-\u00f8velse<\/h4>\r\n                        <p>\u00d8v gr\u00e6sk grammatik.<\/p>\r\n                    <\/div>\r\n                <\/div>\r\n            <\/div>\r\n        <\/a>\r\n\r\n        \r\n        <a href=\"https:\/\/talkpal.ai\/vocabulary_language\/greek\/\">\r\n            <div class=\"learnNavigationWrapper\">\r\n                <div class=\"learnNavigationContent\">\r\n                    <img decoding=\"async\" src=\"https:\/\/talkpal.ai\/wp-content\/uploads\/2024\/08\/Greek.jpg\" alt=\"Greek Flag\">\r\n                    <div>\r\n                        <h4>Gr\u00e6sk ordforr\u00e5d<\/h4>\r\n                        <p>Udvid dit gr\u00e6ske ordforr\u00e5d.<\/p>\r\n                    <\/div>\r\n                <\/div>\r\n            <\/div>\r\n        <\/a>\r\n\r\n            <\/section>","protected":false},"excerpt":{"rendered":"<p>Afmystificering af gr\u00e6sk grammatik: En omfattende guide Gr\u00e6sk, et elegant og gammelt sprog, har en s\u00e6rlig plads i sproghistorien og er stadig indflydelsesrig i dag. Med et st\u00e6rkt fundament i gr\u00e6sk grammatik f\u00e5r du adgang til et v\u00e6ld af kulturelle og historiske ressourcer, mens du l\u00e5ser op for et andet lag af betydning i engelsk [&hellip;]<\/p>\n","protected":false},"author":1,"featured_media":112714,"parent":0,"menu_order":0,"comment_status":"closed","ping_status":"closed","template":"LearningContentPage.php","meta":{"_acf_changed":false,"footnotes":""},"class_list":["post-143132","page","type-page","status-publish","has-post-thumbnail","hentry"],"acf":[],"yoast_head":"<!-- This site is optimized with the Yoast SEO Premium plugin v27.2 (Yoast SEO v27.2) - https:\/\/yoast.com\/product\/yoast-seo-premium-wordpress\/ -->\n<title>Gr\u00e6sk grammatik - Talkpal<\/title>\n<meta name=\"description\" content=\"Behersk gr\u00e6sk grammatik med selvtillid - l\u00e6r vigtige regler, \u00f8v dig i at danne s\u00e6tninger, og styrk dine f\u00e6rdigheder hurtigt med Talkpal AI.\" \/>\n<meta name=\"robots\" content=\"index, follow, max-snippet:-1, max-image-preview:large, max-video-preview:-1\" \/>\n<link rel=\"canonical\" href=\"https:\/\/talkpal.ai\/da\/graesk-grammatik\/\" \/>\n<meta property=\"og:locale\" content=\"da_DK\" \/>\n<meta property=\"og:type\" content=\"article\" \/>\n<meta property=\"og:title\" content=\"Gr\u00e6sk grammatik\" \/>\n<meta property=\"og:description\" content=\"Afmystificering af gr\u00e6sk grammatik: En omfattende guide Gr\u00e6sk, et elegant og gammelt sprog, har en s\u00e6rlig plads i sproghistorien og er stadig\" \/>\n<meta property=\"og:url\" content=\"https:\/\/talkpal.ai\/da\/graesk-grammatik\/\" \/>\n<meta property=\"og:site_name\" content=\"Talkpal\" \/>\n<meta property=\"article:publisher\" content=\"https:\/\/www.facebook.com\/profile.php?id=100090733639311\" \/>\n<meta property=\"article:modified_time\" content=\"2025-12-13T15:14:17+00:00\" \/>\n<meta property=\"og:image\" content=\"https:\/\/talkpal.ai\/wp-content\/uploads\/2023\/05\/greece.png\" \/>\n\t<meta property=\"og:image:width\" content=\"512\" \/>\n\t<meta property=\"og:image:height\" content=\"512\" \/>\n\t<meta property=\"og:image:type\" content=\"image\/png\" \/>\n<meta name=\"twitter:card\" content=\"summary_large_image\" \/>\n<meta name=\"twitter:site\" content=\"@talkpalai\" \/>\n<meta name=\"twitter:label1\" content=\"Estimeret l\u00e6setid\" \/>\n\t<meta name=\"twitter:data1\" content=\"3 minutter\" \/>\n<script type=\"application\/ld+json\" class=\"yoast-schema-graph\">{\"@context\":\"https:\/\/schema.org\",\"@graph\":[{\"@type\":\"WebPage\",\"@id\":\"https:\/\/talkpal.ai\/da\/graesk-grammatik\/\",\"url\":\"https:\/\/talkpal.ai\/da\/graesk-grammatik\/\",\"name\":\"Gr\u00e6sk grammatik - Talkpal\",\"isPartOf\":{\"@id\":\"https:\/\/talkpal.ai\/da\/#website\"},\"primaryImageOfPage\":{\"@id\":\"https:\/\/talkpal.ai\/da\/graesk-grammatik\/#primaryimage\"},\"image\":{\"@id\":\"https:\/\/talkpal.ai\/da\/graesk-grammatik\/#primaryimage\"},\"thumbnailUrl\":\"https:\/\/talkpal.ai\/wp-content\/uploads\/2023\/05\/greece.png\",\"datePublished\":\"2023-05-14T14:02:30+00:00\",\"dateModified\":\"2025-12-13T15:14:17+00:00\",\"description\":\"Behersk gr\u00e6sk grammatik med selvtillid - l\u00e6r vigtige regler, \u00f8v dig i at danne s\u00e6tninger, og styrk dine f\u00e6rdigheder hurtigt med Talkpal AI.\",\"breadcrumb\":{\"@id\":\"https:\/\/talkpal.ai\/da\/graesk-grammatik\/#breadcrumb\"},\"inLanguage\":\"da-DK\",\"potentialAction\":[{\"@type\":\"ReadAction\",\"target\":[\"https:\/\/talkpal.ai\/da\/graesk-grammatik\/\"]}]},{\"@type\":\"ImageObject\",\"inLanguage\":\"da-DK\",\"@id\":\"https:\/\/talkpal.ai\/da\/graesk-grammatik\/#primaryimage\",\"url\":\"https:\/\/talkpal.ai\/wp-content\/uploads\/2023\/05\/greece.png\",\"contentUrl\":\"https:\/\/talkpal.ai\/wp-content\/uploads\/2023\/05\/greece.png\",\"width\":512,\"height\":512},{\"@type\":\"BreadcrumbList\",\"@id\":\"https:\/\/talkpal.ai\/da\/graesk-grammatik\/#breadcrumb\",\"itemListElement\":[{\"@type\":\"ListItem\",\"position\":1,\"name\":\"Homepage\",\"item\":\"https:\/\/talkpal.ai\/da\/\"},{\"@type\":\"ListItem\",\"position\":2,\"name\":\"Gr\u00e6sk grammatik\"}]},{\"@type\":\"WebSite\",\"@id\":\"https:\/\/talkpal.ai\/da\/#website\",\"url\":\"https:\/\/talkpal.ai\/da\/\",\"name\":\"Talkpal\",\"description\":\"AI Language Learning\",\"publisher\":{\"@id\":\"https:\/\/talkpal.ai\/da\/#organization\"},\"alternateName\":\"Talkpal AI\",\"potentialAction\":[{\"@type\":\"SearchAction\",\"target\":{\"@type\":\"EntryPoint\",\"urlTemplate\":\"https:\/\/talkpal.ai\/da\/?s={search_term_string}\"},\"query-input\":{\"@type\":\"PropertyValueSpecification\",\"valueRequired\":true,\"valueName\":\"search_term_string\"}}],\"inLanguage\":\"da-DK\"},{\"@type\":\"Organization\",\"@id\":\"https:\/\/talkpal.ai\/da\/#organization\",\"name\":\"Talkpal, Inc.\",\"alternateName\":\"Talkpal AI\",\"url\":\"https:\/\/talkpal.ai\/da\/\",\"logo\":{\"@type\":\"ImageObject\",\"inLanguage\":\"da-DK\",\"@id\":\"https:\/\/talkpal.ai\/da\/#\/schema\/logo\/image\/\",\"url\":\"https:\/\/talkpal.ai\/wp-content\/uploads\/2024\/03\/Talkpal-Logo-Icon.png\",\"contentUrl\":\"https:\/\/talkpal.ai\/wp-content\/uploads\/2024\/03\/Talkpal-Logo-Icon.png\",\"width\":2880,\"height\":2880,\"caption\":\"Talkpal, Inc.\"},\"image\":{\"@id\":\"https:\/\/talkpal.ai\/da\/#\/schema\/logo\/image\/\"},\"sameAs\":[\"https:\/\/www.facebook.com\/profile.php?id=100090733639311\",\"https:\/\/x.com\/talkpalai\",\"https:\/\/www.linkedin.com\/company\/talkpal\/\",\"https:\/\/www.youtube.com\/@TalkPal\/\",\"https:\/\/www.tiktok.com\/@talkpal\",\"https:\/\/www.instagram.com\/talkpal_ai\/\",\"https:\/\/www.crunchbase.com\/organization\/talkpal-9cde\",\"https:\/\/www.g2.com\/products\/talkpal-for-business\/\",\"https:\/\/www.trustpilot.com\/review\/talkpal.ai\",\"https:\/\/www.capterra.com\/p\/10006800\/TalkPal\/\"],\"description\":\"Talkpal is a language learning web and mobile education app, powered by the latest AI technologies, that provides engaging experiences to its customers in many different languages to help them improve their language skills. Users can chat about unlimited amount of topics with the app and use other modes to practice their language learning.\",\"email\":\"support@talkpal.ai\",\"legalName\":\"Talkpal, Inc.\",\"foundingDate\":\"2023-04-03\",\"duns\":\"118989042\",\"numberOfEmployees\":{\"@type\":\"QuantitativeValue\",\"minValue\":\"11\",\"maxValue\":\"50\"},\"publishingPrinciples\":\"https:\/\/talkpal.ai\/publishing-principles\/\",\"actionableFeedbackPolicy\":\"https:\/\/talkpal.ai\/actionable-feedback-policy\/\",\"correctionsPolicy\":\"https:\/\/talkpal.ai\/corrections-policy\/\",\"ethicsPolicy\":\"https:\/\/talkpal.ai\/ethics-policy\/\",\"diversityPolicy\":\"https:\/\/talkpal.ai\/diversity-policy\/\",\"diversityStaffingReport\":\"https:\/\/talkpal.ai\/diversity-policy\/\"}]}<\/script>\n<!-- \/ Yoast SEO Premium plugin. -->","yoast_head_json":{"title":"Gr\u00e6sk grammatik - Talkpal","description":"Behersk gr\u00e6sk grammatik med selvtillid - l\u00e6r vigtige regler, \u00f8v dig i at danne s\u00e6tninger, og styrk dine f\u00e6rdigheder hurtigt med Talkpal AI.","robots":{"index":"index","follow":"follow","max-snippet":"max-snippet:-1","max-image-preview":"max-image-preview:large","max-video-preview":"max-video-preview:-1"},"canonical":"https:\/\/talkpal.ai\/da\/graesk-grammatik\/","og_locale":"da_DK","og_type":"article","og_title":"Gr\u00e6sk grammatik","og_description":"Afmystificering af gr\u00e6sk grammatik: En omfattende guide Gr\u00e6sk, et elegant og gammelt sprog, har en s\u00e6rlig plads i sproghistorien og er stadig","og_url":"https:\/\/talkpal.ai\/da\/graesk-grammatik\/","og_site_name":"Talkpal","article_publisher":"https:\/\/www.facebook.com\/profile.php?id=100090733639311","article_modified_time":"2025-12-13T15:14:17+00:00","og_image":[{"width":512,"height":512,"url":"https:\/\/talkpal.ai\/wp-content\/uploads\/2023\/05\/greece.png","type":"image\/png"}],"twitter_card":"summary_large_image","twitter_site":"@talkpalai","twitter_misc":{"Estimeret l\u00e6setid":"3 minutter"},"schema":{"@context":"https:\/\/schema.org","@graph":[{"@type":"WebPage","@id":"https:\/\/talkpal.ai\/da\/graesk-grammatik\/","url":"https:\/\/talkpal.ai\/da\/graesk-grammatik\/","name":"Gr\u00e6sk grammatik - Talkpal","isPartOf":{"@id":"https:\/\/talkpal.ai\/da\/#website"},"primaryImageOfPage":{"@id":"https:\/\/talkpal.ai\/da\/graesk-grammatik\/#primaryimage"},"image":{"@id":"https:\/\/talkpal.ai\/da\/graesk-grammatik\/#primaryimage"},"thumbnailUrl":"https:\/\/talkpal.ai\/wp-content\/uploads\/2023\/05\/greece.png","datePublished":"2023-05-14T14:02:30+00:00","dateModified":"2025-12-13T15:14:17+00:00","description":"Behersk gr\u00e6sk grammatik med selvtillid - l\u00e6r vigtige regler, \u00f8v dig i at danne s\u00e6tninger, og styrk dine f\u00e6rdigheder hurtigt med Talkpal AI.","breadcrumb":{"@id":"https:\/\/talkpal.ai\/da\/graesk-grammatik\/#breadcrumb"},"inLanguage":"da-DK","potentialAction":[{"@type":"ReadAction","target":["https:\/\/talkpal.ai\/da\/graesk-grammatik\/"]}]},{"@type":"ImageObject","inLanguage":"da-DK","@id":"https:\/\/talkpal.ai\/da\/graesk-grammatik\/#primaryimage","url":"https:\/\/talkpal.ai\/wp-content\/uploads\/2023\/05\/greece.png","contentUrl":"https:\/\/talkpal.ai\/wp-content\/uploads\/2023\/05\/greece.png","width":512,"height":512},{"@type":"BreadcrumbList","@id":"https:\/\/talkpal.ai\/da\/graesk-grammatik\/#breadcrumb","itemListElement":[{"@type":"ListItem","position":1,"name":"Homepage","item":"https:\/\/talkpal.ai\/da\/"},{"@type":"ListItem","position":2,"name":"Gr\u00e6sk grammatik"}]},{"@type":"WebSite","@id":"https:\/\/talkpal.ai\/da\/#website","url":"https:\/\/talkpal.ai\/da\/","name":"Talkpal","description":"AI Language Learning","publisher":{"@id":"https:\/\/talkpal.ai\/da\/#organization"},"alternateName":"Talkpal AI","potentialAction":[{"@type":"SearchAction","target":{"@type":"EntryPoint","urlTemplate":"https:\/\/talkpal.ai\/da\/?s={search_term_string}"},"query-input":{"@type":"PropertyValueSpecification","valueRequired":true,"valueName":"search_term_string"}}],"inLanguage":"da-DK"},{"@type":"Organization","@id":"https:\/\/talkpal.ai\/da\/#organization","name":"Talkpal, Inc.","alternateName":"Talkpal AI","url":"https:\/\/talkpal.ai\/da\/","logo":{"@type":"ImageObject","inLanguage":"da-DK","@id":"https:\/\/talkpal.ai\/da\/#\/schema\/logo\/image\/","url":"https:\/\/talkpal.ai\/wp-content\/uploads\/2024\/03\/Talkpal-Logo-Icon.png","contentUrl":"https:\/\/talkpal.ai\/wp-content\/uploads\/2024\/03\/Talkpal-Logo-Icon.png","width":2880,"height":2880,"caption":"Talkpal, Inc."},"image":{"@id":"https:\/\/talkpal.ai\/da\/#\/schema\/logo\/image\/"},"sameAs":["https:\/\/www.facebook.com\/profile.php?id=100090733639311","https:\/\/x.com\/talkpalai","https:\/\/www.linkedin.com\/company\/talkpal\/","https:\/\/www.youtube.com\/@TalkPal\/","https:\/\/www.tiktok.com\/@talkpal","https:\/\/www.instagram.com\/talkpal_ai\/","https:\/\/www.crunchbase.com\/organization\/talkpal-9cde","https:\/\/www.g2.com\/products\/talkpal-for-business\/","https:\/\/www.trustpilot.com\/review\/talkpal.ai","https:\/\/www.capterra.com\/p\/10006800\/TalkPal\/"],"description":"Talkpal is a language learning web and mobile education app, powered by the latest AI technologies, that provides engaging experiences to its customers in many different languages to help them improve their language skills. Users can chat about unlimited amount of topics with the app and use other modes to practice their language learning.","email":"support@talkpal.ai","legalName":"Talkpal, Inc.","foundingDate":"2023-04-03","duns":"118989042","numberOfEmployees":{"@type":"QuantitativeValue","minValue":"11","maxValue":"50"},"publishingPrinciples":"https:\/\/talkpal.ai\/publishing-principles\/","actionableFeedbackPolicy":"https:\/\/talkpal.ai\/actionable-feedback-policy\/","correctionsPolicy":"https:\/\/talkpal.ai\/corrections-policy\/","ethicsPolicy":"https:\/\/talkpal.ai\/ethics-policy\/","diversityPolicy":"https:\/\/talkpal.ai\/diversity-policy\/","diversityStaffingReport":"https:\/\/talkpal.ai\/diversity-policy\/"}]}},"_links":{"self":[{"href":"https:\/\/talkpal.ai\/da\/wp-json\/wp\/v2\/pages\/143132","targetHints":{"allow":["GET"]}}],"collection":[{"href":"https:\/\/talkpal.ai\/da\/wp-json\/wp\/v2\/pages"}],"about":[{"href":"https:\/\/talkpal.ai\/da\/wp-json\/wp\/v2\/types\/page"}],"author":[{"embeddable":true,"href":"https:\/\/talkpal.ai\/da\/wp-json\/wp\/v2\/users\/1"}],"replies":[{"embeddable":true,"href":"https:\/\/talkpal.ai\/da\/wp-json\/wp\/v2\/comments?post=143132"}],"version-history":[{"count":0,"href":"https:\/\/talkpal.ai\/da\/wp-json\/wp\/v2\/pages\/143132\/revisions"}],"wp:featuredmedia":[{"embeddable":true,"href":"https:\/\/talkpal.ai\/da\/wp-json\/wp\/v2\/media\/112714"}],"wp:attachment":[{"href":"https:\/\/talkpal.ai\/da\/wp-json\/wp\/v2\/media?parent=143132"}],"curies":[{"name":"wp","href":"https:\/\/api.w.org\/{rel}","templated":true}]}}