{"id":142184,"date":"2023-05-14T14:00:56","date_gmt":"2023-05-14T14:00:56","guid":{"rendered":"http:\/\/talkpal.ai\/catalansk-grammatik\/"},"modified":"2025-05-22T18:36:41","modified_gmt":"2025-05-22T18:36:41","slug":"catalansk-grammatik","status":"publish","type":"page","link":"https:\/\/talkpal.ai\/da\/catalansk-grammatik\/","title":{"rendered":"Catalansk grammatik"},"content":{"rendered":"\r\n\r\n\r\n<section class=\"languageChallengeSection\">\r\n    <div class=\"languageInfoWrapper\">\r\n        \r\n        <h1>Catalansk grammatik<\/h1>\r\n        <p>Dyk ned i den catalanske grammatiks verden, og opdag den unikke struktur i dette livlige romanske <a href=\"https:\/\/talkpal.ai\/what-language-is-spoken-on-the-international-space-station\/\">sprog<\/a>. Hvis du mestrer det grundl\u00e6ggende, kan du kommunikere mere effektivt og komme i kontakt med den catalanske kultur p\u00e5 et dybere niveau. Begynd at l\u00e6re <a href=\"https:\/\/talkpal.ai\/catalan-grammar\/\">catalansk grammatik<\/a> i dag, og tag dit f\u00f8rste skridt mod flydende sprog!\n\n<\/p>\r\n\r\n                            <a class=\"getStartedHidden\" href=\"https:\/\/app.talkpal.ai\/da\/signup?lng=\">Kom i gang<\/a>\r\n        \r\n    <\/div>\r\n\r\n    <figure>\r\n    <img decoding=\"async\" width=\"768\" height=\"768\" src=\"https:\/\/talkpal.ai\/wp-content\/uploads\/2023\/06\/catalan-768x768.png\" class=\"languageImage no-lazy\" alt=\"Language learning techniques for fast learning\" fetchpriority=\"high\" sizes=\"(max-width: 768px) 150px, 768px\" srcset=\"https:\/\/talkpal.ai\/wp-content\/uploads\/2023\/06\/catalan-768x768.png 768w, https:\/\/talkpal.ai\/wp-content\/uploads\/2023\/06\/catalan-300x300.png 300w\" \/>\r\n    \r\n\r\n    <\/figure>\r\n\r\n            <a class=\"getStartedVisible\" href=\"https:\/\/app.talkpal.ai\/da\/signup?lng=\">Kom i gang<\/a>\r\n    \r\n<\/section>\r\n<section class=\"promotionalBanner\">\r\n    <p class=\"promotionalText\">Den mest effektive m\u00e5de at l\u00e6re et sprog p\u00e5<\/p>\r\n    <a class=\"promotionalLink\" href=\"https:\/\/app.talkpal.ai\/da\/signup?lng=\">Pr\u00f8v Talkpal gratis<\/a>\r\n<\/section>\n<div class=\"wp-block-group pageContainerStyle\"><div class=\"wp-block-group__inner-container is-layout-constrained wp-block-group-is-layout-constrained\">\n<h2 class=\"wp-block-heading\" id=\"h-catalan-grammar-a-quick-guide-for-language-enthusiasts\">Catalansk grammatik: En hurtig guide til sprogentusiaster<\/h2>\n\n\n\n<p>Planl\u00e6gger du at l\u00e6re <a href=\"https:\/\/talkpal.ai\/learn-catalan\/\">catalansk<\/a> eller bare nysgerrig efter dette smukke romanske sprog? Du beh\u00f8ver ikke lede l\u00e6ngere! Vi er her for at tage dig med p\u00e5 en hurtig rundtur i <a href=\"https:\/\/talkpal.ai\/catalan-grammar\/\">catalansk grammatik<\/a> og udstyre dig med det grundl\u00e6ggende. Lad os dykke ned i dette charmerende sprog og unders\u00f8ge, hvordan det fungerer p\u00e5 et grammatisk niveau.<\/p>\n\n\n\n<p><a href=\"https:\/\/talkpal.ai\/learn-catalan\/\">Catalansk<\/a>, der tales af omkring 10 millioner mennesker overvejende i Catalonien, <a href=\"https:\/\/talkpal.ai\/locations\/language-courses-in-valencia\/\">Valencia<\/a> og De Baleariske \u00d8er, har en unik blanding af p\u00e5virkninger fra latin, <a href=\"https:\/\/talkpal.ai\/learn-spanish\/\">spansk<\/a> og <a href=\"https:\/\/talkpal.ai\/learn-french\/\">fransk<\/a>. Ligesom dig og mig beriger sprog sig yderligere ved at l\u00e5ne forskellige nuancer fra hinanden over tid. Hvor sp\u00e6ndende!<\/p>\n\n\n\n<p><strong>Lad os nu l\u00e6re nogle grundl\u00e6ggende aspekter af catalansk grammatik:<\/strong><\/p>\n\n\n\n<h3 class=\"wp-block-heading\" id=\"h-1-nouns-and-gender\">1. Substantiver og k\u00f8n:<\/h3>\n\n\n\n<p>Syng det med mig &#8211; &#8220;Hvert substantiv har magt! Ligesom p\u00e5 andre romanske sprog er catalanske navneord enten maskuline eller feminine, og dette &#8220;k\u00f8n&#8221; p\u00e5virker, hvordan de bruges med artikler og adjektiver. Men bare rolig! For det meste er navneord, der ender p\u00e5 &#8216;-a&#8217;, feminine, mens navneord, der ender p\u00e5 &#8216;-o&#8217; (eller andre konsonanter), er maskuline. V\u00e6r dog opm\u00e6rksom p\u00e5 undtagelser &#8211; de elsker at snige sig ind p\u00e5 dig!<\/p>\n\n\n\n<h3 class=\"wp-block-heading\" id=\"h-2-articles\">2. Artikler:<\/h3>\n\n\n\n<p>Livet ville v\u00e6re kedeligt uden artikler, ikke sandt? P\u00e5 catalansk har vi bestemte artikler til at udpege specifikke ting eller personer (som \u00bbhunden\u00ab eller \u00bbbogen\u00ab) og ubestemte artikler til generelle referencer (som \u00bben hund\u00ab eller \u00bben bog\u00ab).  <\/p>\n\n\n\n<p>Bestemte artikler p\u00e5 catalansk er &#8220;el&#8221; for maskuline substantiver i ental, &#8220;la&#8221; for feminine substantiver i ental, &#8220;els&#8221; for maskuline substantiver i flertal og &#8220;les&#8221; for feminine substantiver i flertal. Ubestemte artikler er derimod &#8220;un&#8221; for navneord i maskulinum singularis og &#8220;una&#8221; for navneord i femininum singularis. I flertalsformen er der ingen specifikke ubestemte artikler. Let-simpelt, ikke?<\/p>\n\n\n\n<h3 class=\"wp-block-heading\" id=\"h-3-adjectives\">3. Adjektiver:<\/h3>\n\n\n\n<p>Adjektiver tilf\u00f8jer smag til dine s\u00e6tninger ved at beskrive substantiver, og p\u00e5 catalansk er de enige i k\u00f8n og antal med de navneord, de \u00e6ndrer. I de fleste tilf\u00e6lde er adjektiver, der ender p\u00e5 &#8220;-o&#8221;, maskuline, og dem, der ender p\u00e5 &#8220;-a&#8221;, er feminine. For at danne flertal skal du \u00e6ndre &#8220;-o&#8221; til &#8220;-os&#8221; (maskulinum) og &#8220;-a&#8221; til &#8220;-es&#8221; (femininum). Husk, at nogle adjektiver har en unik form for begge k\u00f8n, og kun flertalsmark\u00f8ren \u00e6ndres. Det lyder sjovt, ikke?<\/p>\n\n\n\n<h3 class=\"wp-block-heading\" id=\"h-4-verbs-and-conjugation\">4. Verber og b\u00f8jning:<\/h3>\n\n\n\n<p>Hjertet i ethvert sprog! Verber p\u00e5 catalansk inddeles i tre grupper baseret p\u00e5 deres infinitivendelser: &#8220;-ar&#8221;, &#8220;-er&#8221; og &#8220;-ir&#8221;. Hver gruppe har sit s\u00e6rskilte b\u00f8jningsm\u00f8nster for forskellige tider, stemninger og pronomen &#8211; ligesom at danse til forskellige rytmer. Catalansk har ogs\u00e5 hj\u00e6lpeverber (som &#8216;at have&#8217; og &#8216;at v\u00e6re&#8217;), der kombineres med andre verber for at skabe sammensatte tider og passiv stemme. S\u00e5 tag danseskoene p\u00e5 og begynd at udforske den livlige verden af catalanske verber.<\/p>\n\n\n\n<h3 class=\"wp-block-heading\" id=\"h-5-word-order\">5. Ordstilling:<\/h3>\n\n\n\n<p>Lad os placere ordene i den rigtige r\u00e6kkef\u00f8lge! Catalansk f\u00f8lger typisk en emne-verb-objekt (SVO) ordr\u00e6kkef\u00f8lge, ligesom engelsk. Fleksibilitet i ordr\u00e6kkef\u00f8lge er dog tilladt for v\u00e6gt eller stilistiske form\u00e5l. Adjektiver kommer normalt efter det substantiv, de beskriver, men du kan se dem f\u00f8r substantivet for at understrege deres betydning. Husk, \u00f8velse g\u00f8r mester, n\u00e5r det kommer til at mestre ordstilling p\u00e5 catalansk.<\/p>\n\n\n\n<h3 class=\"wp-block-heading\" id=\"h-6-pronouns-and-prepositions\">6. Pronomen og pr\u00e6positioner:<\/h3>\n\n\n\n<p>Sidst men ikke mindst! Catalansk har subjektpronomen (jeg, du, han, hun osv.) og objektpronomen (mig, dig, ham, hende osv.), Som kan gennemg\u00e5 forskellige \u00e6ndringer afh\u00e6ngigt af deres funktion inden for en s\u00e6tning. Derudover hj\u00e6lper catalanske pr\u00e6positioner (s\u00e5som &#8220;a&#8221;, &#8220;de&#8221;, &#8220;en&#8221;, &#8220;amb&#8221;) dig med at forbinde ord og s\u00e6tninger og vise relationer mellem dem.<\/p>\n\n\n\n<p>Puha! Nu har du l\u00e6rt det grundl\u00e6ggende i catalansk grammatik. Bliv ved med at udforske, stille sp\u00f8rgsm\u00e5l og \u00f8ve dette dejlige sprog. Husk, at l\u00e6re et nyt sprog er som at begive sig ud p\u00e5 en sp\u00e6ndende rejse. Du vil f\u00e5 dine op- og nedture, men bel\u00f8nningen er indsatsen v\u00e6rd. God viatge!<\/p>\n<\/div><\/div>\n\r\n<section class=\"learnNavigationSection\">\r\n            \r\n        <a href=\"https:\/\/talkpal.ai\/da\/laer-catalansk\/\">\r\n            <div class=\"learnNavigationWrapper\">\r\n                <div class=\"learnNavigationContent\">\r\n                    <img decoding=\"async\" src=\"https:\/\/talkpal.ai\/wp-content\/uploads\/2024\/08\/Catalan.jpg\" alt=\"Catalan Flag\">\r\n                    <div>\r\n                        <h4>Om catalansk l\u00e6ring<\/h4>\r\n                        <p>Find ud af alt om catalansk grammatik.<\/p>\r\n                    <\/div>\r\n                <\/div>\r\n            <\/div>\r\n        <\/a>\r\n\r\n        \r\n        <a href=\"https:\/\/talkpal.ai\/da\/catalanske-grammatikoevelser\/\">\r\n            <div class=\"learnNavigationWrapper\">\r\n                <div class=\"learnNavigationContent\">\r\n                    <img decoding=\"async\" src=\"https:\/\/talkpal.ai\/wp-content\/uploads\/2024\/08\/Catalan.jpg\" alt=\"Catalan Flag\">\r\n                    <div>\r\n                        <h4>\u00d8velse i catalansk grammatik<\/h4>\r\n                        <p>\u00d8v catalansk grammatik.<\/p>\r\n                    <\/div>\r\n                <\/div>\r\n            <\/div>\r\n        <\/a>\r\n\r\n        \r\n        <a href=\"https:\/\/talkpal.ai\/vocabulary_language\/catalan\/\">\r\n            <div class=\"learnNavigationWrapper\">\r\n                <div class=\"learnNavigationContent\">\r\n                    <img decoding=\"async\" src=\"https:\/\/talkpal.ai\/wp-content\/uploads\/2024\/08\/Catalan.jpg\" alt=\"Catalan Flag\">\r\n                    <div>\r\n                        <h4>Catalansk ordforr\u00e5d<\/h4>\r\n                        <p>Udvid dit catalanske ordforr\u00e5d.<\/p>\r\n                    <\/div>\r\n                <\/div>\r\n            <\/div>\r\n        <\/a>\r\n\r\n            <\/section>","protected":false},"excerpt":{"rendered":"<p>Catalansk grammatik: En hurtig guide til sprogentusiaster Planl\u00e6gger du at l\u00e6re catalansk eller bare nysgerrig efter dette smukke romanske sprog? Du beh\u00f8ver ikke lede l\u00e6ngere! Vi er her for at tage dig med p\u00e5 en hurtig rundtur i catalansk grammatik og udstyre dig med det grundl\u00e6ggende. Lad os dykke ned i dette charmerende sprog og [&hellip;]<\/p>\n","protected":false},"author":1,"featured_media":142192,"parent":0,"menu_order":0,"comment_status":"closed","ping_status":"closed","template":"LearningContentPage.php","meta":{"_acf_changed":false,"footnotes":""},"class_list":["post-142184","page","type-page","status-publish","has-post-thumbnail","hentry"],"acf":[],"yoast_head":"<!-- This site is optimized with the Yoast SEO Premium plugin v27.2 (Yoast SEO v27.2) - https:\/\/yoast.com\/product\/yoast-seo-premium-wordpress\/ -->\n<title>Catalansk grammatik - Talkpal<\/title>\n<meta name=\"description\" content=\"Opdag den grundl\u00e6ggende catalanske grammatik, og start din rejse ind i dette smukke romanske sprog i dag!\" \/>\n<meta name=\"robots\" content=\"index, follow, max-snippet:-1, max-image-preview:large, max-video-preview:-1\" \/>\n<link rel=\"canonical\" href=\"https:\/\/talkpal.ai\/da\/catalansk-grammatik\/\" \/>\n<meta property=\"og:locale\" content=\"da_DK\" \/>\n<meta property=\"og:type\" content=\"article\" \/>\n<meta property=\"og:title\" content=\"Catalansk grammatik\" \/>\n<meta property=\"og:description\" content=\"Catalansk grammatik: En hurtig guide til sprogentusiaster Planl\u00e6gger du at l\u00e6re catalansk eller bare nysgerrig efter dette smukke romanske sprog? Du\" \/>\n<meta property=\"og:url\" content=\"https:\/\/talkpal.ai\/da\/catalansk-grammatik\/\" \/>\n<meta property=\"og:site_name\" content=\"Talkpal\" \/>\n<meta property=\"article:publisher\" content=\"https:\/\/www.facebook.com\/profile.php?id=100090733639311\" \/>\n<meta property=\"article:modified_time\" content=\"2025-05-22T18:36:41+00:00\" \/>\n<meta property=\"og:image\" content=\"https:\/\/talkpal.ai\/wp-content\/uploads\/2023\/08\/Catalan.png\" \/>\n\t<meta property=\"og:image:width\" content=\"479\" \/>\n\t<meta property=\"og:image:height\" content=\"479\" \/>\n\t<meta property=\"og:image:type\" content=\"image\/png\" \/>\n<meta name=\"twitter:card\" content=\"summary_large_image\" \/>\n<meta name=\"twitter:site\" content=\"@talkpalai\" \/>\n<meta name=\"twitter:label1\" content=\"Estimeret l\u00e6setid\" \/>\n\t<meta name=\"twitter:data1\" content=\"3 minutter\" \/>\n<script type=\"application\/ld+json\" class=\"yoast-schema-graph\">{\"@context\":\"https:\/\/schema.org\",\"@graph\":[{\"@type\":\"WebPage\",\"@id\":\"https:\/\/talkpal.ai\/da\/catalansk-grammatik\/\",\"url\":\"https:\/\/talkpal.ai\/da\/catalansk-grammatik\/\",\"name\":\"Catalansk grammatik - Talkpal\",\"isPartOf\":{\"@id\":\"https:\/\/talkpal.ai\/da\/#website\"},\"primaryImageOfPage\":{\"@id\":\"https:\/\/talkpal.ai\/da\/catalansk-grammatik\/#primaryimage\"},\"image\":{\"@id\":\"https:\/\/talkpal.ai\/da\/catalansk-grammatik\/#primaryimage\"},\"thumbnailUrl\":\"https:\/\/talkpal.ai\/wp-content\/uploads\/2023\/08\/Catalan.png\",\"datePublished\":\"2023-05-14T14:00:56+00:00\",\"dateModified\":\"2025-05-22T18:36:41+00:00\",\"description\":\"Opdag den grundl\u00e6ggende catalanske grammatik, og start din rejse ind i dette smukke romanske sprog i dag!\",\"breadcrumb\":{\"@id\":\"https:\/\/talkpal.ai\/da\/catalansk-grammatik\/#breadcrumb\"},\"inLanguage\":\"da-DK\",\"potentialAction\":[{\"@type\":\"ReadAction\",\"target\":[\"https:\/\/talkpal.ai\/da\/catalansk-grammatik\/\"]}]},{\"@type\":\"ImageObject\",\"inLanguage\":\"da-DK\",\"@id\":\"https:\/\/talkpal.ai\/da\/catalansk-grammatik\/#primaryimage\",\"url\":\"https:\/\/talkpal.ai\/wp-content\/uploads\/2023\/08\/Catalan.png\",\"contentUrl\":\"https:\/\/talkpal.ai\/wp-content\/uploads\/2023\/08\/Catalan.png\",\"width\":479,\"height\":479},{\"@type\":\"BreadcrumbList\",\"@id\":\"https:\/\/talkpal.ai\/da\/catalansk-grammatik\/#breadcrumb\",\"itemListElement\":[{\"@type\":\"ListItem\",\"position\":1,\"name\":\"Homepage\",\"item\":\"https:\/\/talkpal.ai\/da\/\"},{\"@type\":\"ListItem\",\"position\":2,\"name\":\"Catalansk grammatik\"}]},{\"@type\":\"WebSite\",\"@id\":\"https:\/\/talkpal.ai\/da\/#website\",\"url\":\"https:\/\/talkpal.ai\/da\/\",\"name\":\"Talkpal\",\"description\":\"AI Language Learning\",\"publisher\":{\"@id\":\"https:\/\/talkpal.ai\/da\/#organization\"},\"alternateName\":\"Talkpal AI\",\"potentialAction\":[{\"@type\":\"SearchAction\",\"target\":{\"@type\":\"EntryPoint\",\"urlTemplate\":\"https:\/\/talkpal.ai\/da\/?s={search_term_string}\"},\"query-input\":{\"@type\":\"PropertyValueSpecification\",\"valueRequired\":true,\"valueName\":\"search_term_string\"}}],\"inLanguage\":\"da-DK\"},{\"@type\":\"Organization\",\"@id\":\"https:\/\/talkpal.ai\/da\/#organization\",\"name\":\"Talkpal, Inc.\",\"alternateName\":\"Talkpal AI\",\"url\":\"https:\/\/talkpal.ai\/da\/\",\"logo\":{\"@type\":\"ImageObject\",\"inLanguage\":\"da-DK\",\"@id\":\"https:\/\/talkpal.ai\/da\/#\/schema\/logo\/image\/\",\"url\":\"https:\/\/talkpal.ai\/wp-content\/uploads\/2024\/03\/Talkpal-Logo-Icon.png\",\"contentUrl\":\"https:\/\/talkpal.ai\/wp-content\/uploads\/2024\/03\/Talkpal-Logo-Icon.png\",\"width\":2880,\"height\":2880,\"caption\":\"Talkpal, Inc.\"},\"image\":{\"@id\":\"https:\/\/talkpal.ai\/da\/#\/schema\/logo\/image\/\"},\"sameAs\":[\"https:\/\/www.facebook.com\/profile.php?id=100090733639311\",\"https:\/\/x.com\/talkpalai\",\"https:\/\/www.linkedin.com\/company\/talkpal\/\",\"https:\/\/www.youtube.com\/@TalkPal\/\",\"https:\/\/www.tiktok.com\/@talkpal\",\"https:\/\/www.instagram.com\/talkpal_ai\/\",\"https:\/\/www.crunchbase.com\/organization\/talkpal-9cde\",\"https:\/\/www.g2.com\/products\/talkpal-for-business\/\",\"https:\/\/www.trustpilot.com\/review\/talkpal.ai\",\"https:\/\/www.capterra.com\/p\/10006800\/TalkPal\/\"],\"description\":\"Talkpal is a language learning web and mobile education app, powered by the latest AI technologies, that provides engaging experiences to its customers in many different languages to help them improve their language skills. Users can chat about unlimited amount of topics with the app and use other modes to practice their language learning.\",\"email\":\"support@talkpal.ai\",\"legalName\":\"Talkpal, Inc.\",\"foundingDate\":\"2023-04-03\",\"duns\":\"118989042\",\"numberOfEmployees\":{\"@type\":\"QuantitativeValue\",\"minValue\":\"11\",\"maxValue\":\"50\"},\"publishingPrinciples\":\"https:\/\/talkpal.ai\/publishing-principles\/\",\"actionableFeedbackPolicy\":\"https:\/\/talkpal.ai\/actionable-feedback-policy\/\",\"correctionsPolicy\":\"https:\/\/talkpal.ai\/corrections-policy\/\",\"ethicsPolicy\":\"https:\/\/talkpal.ai\/ethics-policy\/\",\"diversityPolicy\":\"https:\/\/talkpal.ai\/diversity-policy\/\",\"diversityStaffingReport\":\"https:\/\/talkpal.ai\/diversity-policy\/\"}]}<\/script>\n<!-- \/ Yoast SEO Premium plugin. -->","yoast_head_json":{"title":"Catalansk grammatik - Talkpal","description":"Opdag den grundl\u00e6ggende catalanske grammatik, og start din rejse ind i dette smukke romanske sprog i dag!","robots":{"index":"index","follow":"follow","max-snippet":"max-snippet:-1","max-image-preview":"max-image-preview:large","max-video-preview":"max-video-preview:-1"},"canonical":"https:\/\/talkpal.ai\/da\/catalansk-grammatik\/","og_locale":"da_DK","og_type":"article","og_title":"Catalansk grammatik","og_description":"Catalansk grammatik: En hurtig guide til sprogentusiaster Planl\u00e6gger du at l\u00e6re catalansk eller bare nysgerrig efter dette smukke romanske sprog? Du","og_url":"https:\/\/talkpal.ai\/da\/catalansk-grammatik\/","og_site_name":"Talkpal","article_publisher":"https:\/\/www.facebook.com\/profile.php?id=100090733639311","article_modified_time":"2025-05-22T18:36:41+00:00","og_image":[{"width":479,"height":479,"url":"https:\/\/talkpal.ai\/wp-content\/uploads\/2023\/08\/Catalan.png","type":"image\/png"}],"twitter_card":"summary_large_image","twitter_site":"@talkpalai","twitter_misc":{"Estimeret l\u00e6setid":"3 minutter"},"schema":{"@context":"https:\/\/schema.org","@graph":[{"@type":"WebPage","@id":"https:\/\/talkpal.ai\/da\/catalansk-grammatik\/","url":"https:\/\/talkpal.ai\/da\/catalansk-grammatik\/","name":"Catalansk grammatik - Talkpal","isPartOf":{"@id":"https:\/\/talkpal.ai\/da\/#website"},"primaryImageOfPage":{"@id":"https:\/\/talkpal.ai\/da\/catalansk-grammatik\/#primaryimage"},"image":{"@id":"https:\/\/talkpal.ai\/da\/catalansk-grammatik\/#primaryimage"},"thumbnailUrl":"https:\/\/talkpal.ai\/wp-content\/uploads\/2023\/08\/Catalan.png","datePublished":"2023-05-14T14:00:56+00:00","dateModified":"2025-05-22T18:36:41+00:00","description":"Opdag den grundl\u00e6ggende catalanske grammatik, og start din rejse ind i dette smukke romanske sprog i dag!","breadcrumb":{"@id":"https:\/\/talkpal.ai\/da\/catalansk-grammatik\/#breadcrumb"},"inLanguage":"da-DK","potentialAction":[{"@type":"ReadAction","target":["https:\/\/talkpal.ai\/da\/catalansk-grammatik\/"]}]},{"@type":"ImageObject","inLanguage":"da-DK","@id":"https:\/\/talkpal.ai\/da\/catalansk-grammatik\/#primaryimage","url":"https:\/\/talkpal.ai\/wp-content\/uploads\/2023\/08\/Catalan.png","contentUrl":"https:\/\/talkpal.ai\/wp-content\/uploads\/2023\/08\/Catalan.png","width":479,"height":479},{"@type":"BreadcrumbList","@id":"https:\/\/talkpal.ai\/da\/catalansk-grammatik\/#breadcrumb","itemListElement":[{"@type":"ListItem","position":1,"name":"Homepage","item":"https:\/\/talkpal.ai\/da\/"},{"@type":"ListItem","position":2,"name":"Catalansk grammatik"}]},{"@type":"WebSite","@id":"https:\/\/talkpal.ai\/da\/#website","url":"https:\/\/talkpal.ai\/da\/","name":"Talkpal","description":"AI Language Learning","publisher":{"@id":"https:\/\/talkpal.ai\/da\/#organization"},"alternateName":"Talkpal AI","potentialAction":[{"@type":"SearchAction","target":{"@type":"EntryPoint","urlTemplate":"https:\/\/talkpal.ai\/da\/?s={search_term_string}"},"query-input":{"@type":"PropertyValueSpecification","valueRequired":true,"valueName":"search_term_string"}}],"inLanguage":"da-DK"},{"@type":"Organization","@id":"https:\/\/talkpal.ai\/da\/#organization","name":"Talkpal, Inc.","alternateName":"Talkpal AI","url":"https:\/\/talkpal.ai\/da\/","logo":{"@type":"ImageObject","inLanguage":"da-DK","@id":"https:\/\/talkpal.ai\/da\/#\/schema\/logo\/image\/","url":"https:\/\/talkpal.ai\/wp-content\/uploads\/2024\/03\/Talkpal-Logo-Icon.png","contentUrl":"https:\/\/talkpal.ai\/wp-content\/uploads\/2024\/03\/Talkpal-Logo-Icon.png","width":2880,"height":2880,"caption":"Talkpal, Inc."},"image":{"@id":"https:\/\/talkpal.ai\/da\/#\/schema\/logo\/image\/"},"sameAs":["https:\/\/www.facebook.com\/profile.php?id=100090733639311","https:\/\/x.com\/talkpalai","https:\/\/www.linkedin.com\/company\/talkpal\/","https:\/\/www.youtube.com\/@TalkPal\/","https:\/\/www.tiktok.com\/@talkpal","https:\/\/www.instagram.com\/talkpal_ai\/","https:\/\/www.crunchbase.com\/organization\/talkpal-9cde","https:\/\/www.g2.com\/products\/talkpal-for-business\/","https:\/\/www.trustpilot.com\/review\/talkpal.ai","https:\/\/www.capterra.com\/p\/10006800\/TalkPal\/"],"description":"Talkpal is a language learning web and mobile education app, powered by the latest AI technologies, that provides engaging experiences to its customers in many different languages to help them improve their language skills. Users can chat about unlimited amount of topics with the app and use other modes to practice their language learning.","email":"support@talkpal.ai","legalName":"Talkpal, Inc.","foundingDate":"2023-04-03","duns":"118989042","numberOfEmployees":{"@type":"QuantitativeValue","minValue":"11","maxValue":"50"},"publishingPrinciples":"https:\/\/talkpal.ai\/publishing-principles\/","actionableFeedbackPolicy":"https:\/\/talkpal.ai\/actionable-feedback-policy\/","correctionsPolicy":"https:\/\/talkpal.ai\/corrections-policy\/","ethicsPolicy":"https:\/\/talkpal.ai\/ethics-policy\/","diversityPolicy":"https:\/\/talkpal.ai\/diversity-policy\/","diversityStaffingReport":"https:\/\/talkpal.ai\/diversity-policy\/"}]}},"_links":{"self":[{"href":"https:\/\/talkpal.ai\/da\/wp-json\/wp\/v2\/pages\/142184","targetHints":{"allow":["GET"]}}],"collection":[{"href":"https:\/\/talkpal.ai\/da\/wp-json\/wp\/v2\/pages"}],"about":[{"href":"https:\/\/talkpal.ai\/da\/wp-json\/wp\/v2\/types\/page"}],"author":[{"embeddable":true,"href":"https:\/\/talkpal.ai\/da\/wp-json\/wp\/v2\/users\/1"}],"replies":[{"embeddable":true,"href":"https:\/\/talkpal.ai\/da\/wp-json\/wp\/v2\/comments?post=142184"}],"version-history":[{"count":0,"href":"https:\/\/talkpal.ai\/da\/wp-json\/wp\/v2\/pages\/142184\/revisions"}],"wp:featuredmedia":[{"embeddable":true,"href":"https:\/\/talkpal.ai\/da\/wp-json\/wp\/v2\/media\/142192"}],"wp:attachment":[{"href":"https:\/\/talkpal.ai\/da\/wp-json\/wp\/v2\/media?parent=142184"}],"curies":[{"name":"wp","href":"https:\/\/api.w.org\/{rel}","templated":true}]}}