{"id":141742,"date":"2023-05-14T14:00:39","date_gmt":"2023-05-14T14:00:39","guid":{"rendered":"http:\/\/talkpal.ai\/bulgarsk-grammatik\/"},"modified":"2025-05-22T14:36:49","modified_gmt":"2025-05-22T14:36:49","slug":"bulgarsk-grammatik","status":"publish","type":"page","link":"https:\/\/talkpal.ai\/da\/bulgarsk-grammatik\/","title":{"rendered":"Bulgarsk grammatik"},"content":{"rendered":"\r\n\r\n\r\n<section class=\"languageChallengeSection\">\r\n    <div class=\"languageInfoWrapper\">\r\n        \r\n        <h1>Bulgarsk grammatik<\/h1>\r\n        <p>Udforsk de unikke tr\u00e6k ved <a href=\"https:\/\/talkpal.ai\/bulgarian-grammar\/\">bulgarsk grammatik<\/a>, og f\u00e5 redskaberne til at kommunikere sikkert p\u00e5 dette levende slaviske <a href=\"https:\/\/talkpal.ai\/what-language-is-spoken-on-the-international-space-station\/\">sprog<\/a>. Ved at forst\u00e5 de centrale regler vil du forbedre din evne til at komme i kontakt med modersm\u00e5lstalende og dykke dybere ned i Bulgariens rige kulturarv. Begynd din bulgarske grammatikrejse i dag, og tag dit f\u00f8rste skridt mod at <a href=\"https:\/\/talkpal.ai\/locations\/language-courses-in-mestre\/\">mestre<\/a> sproget!<\/p>\r\n\r\n                            <a class=\"getStartedHidden\" href=\"https:\/\/app.talkpal.ai\/da\/signup?lng=\">Kom i gang<\/a>\r\n        \r\n    <\/div>\r\n\r\n    <figure>\r\n    <img decoding=\"async\" width=\"768\" height=\"768\" src=\"https:\/\/talkpal.ai\/wp-content\/uploads\/2023\/06\/bulgarian-768x768.png\" class=\"languageImage no-lazy\" alt=\"Language learning for deeper cultural understanding\" fetchpriority=\"high\" sizes=\"(max-width: 768px) 150px, 768px\" srcset=\"https:\/\/talkpal.ai\/wp-content\/uploads\/2023\/06\/bulgarian-768x768.png 768w, https:\/\/talkpal.ai\/wp-content\/uploads\/2023\/06\/bulgarian-300x300.png 300w\" \/>\r\n    \r\n\r\n    <\/figure>\r\n\r\n            <a class=\"getStartedVisible\" href=\"https:\/\/app.talkpal.ai\/da\/signup?lng=\">Kom i gang<\/a>\r\n    \r\n<\/section>\r\n<section class=\"promotionalBanner\">\r\n    <p class=\"promotionalText\">Den mest effektive m\u00e5de at l\u00e6re et sprog p\u00e5<\/p>\r\n    <a class=\"promotionalLink\" href=\"https:\/\/app.talkpal.ai\/da\/signup?lng=\">Pr\u00f8v Talkpal gratis<\/a>\r\n<\/section>\n<div class=\"wp-block-group pageContainerStyle\"><div class=\"wp-block-group__inner-container is-layout-constrained wp-block-group-is-layout-constrained\">\n<h2 class=\"wp-block-heading\" id=\"h-the-ultimate-guide-to-bulgarian-grammar-navigating-the-intricacies-of-a-rich-language\">Den ultimative guide til bulgarsk grammatik: Navigering i forviklingerne i et rigt sprog<\/h2>\n\n\n\n<p><a href=\"https:\/\/talkpal.ai\/bulgarian-grammar\/\">Bulgarsk grammatik<\/a>, ligesom sproget selv, er en fascinerende blanding af enkelhed, kompleksitet og rig kulturhistorie. Som et af de \u00e6ldste slaviske sprog tilbyder <a href=\"https:\/\/talkpal.ai\/learn-bulgarian\/\">bulgarsk<\/a> sproglig sp\u00e6nding til eleverne og udfordrer selv de mest dygtige talere. I denne guide udforsker vi de vigtigste principper i bulgarsk <a href=\"https:\/\/talkpal.ai\/fr\/les\/\">grammatik<\/a>, afmystificerer dens kompleksitet og hj\u00e6lper dig p\u00e5 vej til at mestre dette smukke sprog. Lad os dykke ned i det!<\/p>\n\n\n\n<h2 class=\"wp-block-heading\" id=\"h-the-nuts-and-bolts-bulgarian-sentence-structure\">M\u00f8trikker og bolte: Bulgarsk s\u00e6tningsstruktur<\/h2>\n\n\n\n<p>I sin kerne er bulgarsk grammatik ret ligetil. Sproget f\u00f8lger s\u00e6tningsstrukturen Subject-Verb-Object (SVO), svarende til <a href=\"https:\/\/talkpal.ai\/learn-english-with-ai\/\">engelsk<\/a> og mange andre sprog. For eksempel kan s\u00e6tningen &#8220;Jeg spiser et \u00e6ble&#8221; overs\u00e6ttes til &#8220;\u0410\u0437 \u044f\u043c \u044f\u0431\u044a\u043b\u043a\u0430&#8221; (Az yam yabalka). Simpelt, ikke? Men n\u00e5r vi graver dybere, vil du opdage, at den bulgarske grammatik er fuld af overraskelser og unikke karakteristika.<\/p>\n\n\n\n<h3 class=\"wp-block-heading\" id=\"h-meet-the-family-bulgarian-nouns-and-their-genders\">M\u00f8d familien: bulgarske navneord og deres k\u00f8n<\/h3>\n\n\n\n<p>Et af de mest forvirrende aspekter af bulgarsk grammatik for engelsktalende er begrebet grammatisk k\u00f8n. P\u00e5 bulgarsk er alle navneord tildelt et af tre k\u00f8n &#8211; maskulinum, femininum og neutrum. Det er vigtigt at kende et substantivs k\u00f8n, da det p\u00e5virker formen af adjektiver og pronominer og b\u00f8jningen af de efterf\u00f8lgende verber.<\/p>\n\n\n\n<p>S\u00e5 hvordan bestemmer du k\u00f8nnet p\u00e5 et substantiv? Generelt handler det om slutningen:<\/p>\n\n\n\n<p><strong>&#8211; Maskuline navneord ender som regel p\u00e5 en konsonant.<\/strong><\/p>\n\n\n\n<p><strong>&#8211; Feminine navneord ender typisk p\u00e5 -\u0430 (-a) eller -\u044f (-ya).<\/strong><\/p>\n\n\n\n<p><strong>&#8211; Neutrale navneord ender ofte p\u00e5 -\u043e (-o) eller -\u0435 (-\u0435).<\/strong><\/p>\n\n\n\n<p>For eksempel betyder &#8220;\u043c\u044a\u0436&#8221; (mazh) &#8220;mand&#8221; og er maskulin, &#8220;\u0436\u0435\u043d\u0430&#8221; (zhena) betyder &#8220;kvinde&#8221; og er feminin, og &#8220;\u0434\u0435\u0442\u0435&#8221; (dete) betyder &#8220;barn&#8221; og er neutrum.<\/p>\n\n\n\n<p>Der er selvf\u00f8lgelig undtagelser, og derfor er det vigtigt at l\u00e6re navneord sammen med deres k\u00f8n.<\/p>\n\n\n\n<h3 class=\"wp-block-heading\" id=\"h-playing-with-numbers-bulgarian-plurals\">Spil med tal: bulgarsk flertal<\/h3>\n\n\n\n<p>N\u00e5r du har styr p\u00e5 de bulgarske substantivers k\u00f8n, er det tid til at besk\u00e6ftige dig med deres flertal. Generelt danner man flertal ved at tilf\u00f8je specifikke endelser, der svarer til substantivets k\u00f8n:<\/p>\n\n\n\n<p><strong>&#8211; Maskuline navneord \u00e6ndrer den sidste konsonant til -\u0438 (-i) eller tilf\u00f8jer -\u043e\u0432\u0435 (-ove).<\/strong><\/p>\n\n\n\n<p><strong>&#8211; Feminine navneord erstatter -\u0430 eller -\u044f med -\u0438 eller -\u0435.<\/strong><\/p>\n\n\n\n<p><strong>&#8211; Neutrale navneord erstatter -\u043e eller -\u0435 med -\u0430.<\/strong><\/p>\n\n\n\n<p>For eksempel bliver &#8220;\u0443\u0447\u0435\u043d\u0438\u043a&#8221; (uchenik, maskulinum) til &#8220;\u0443\u0447\u0435\u043d\u0438\u0446\u0438&#8221; (uchenici, studerende), og &#8220;\u043a\u043d\u0438\u0433\u0430&#8221; (kniga, femininum) bliver til &#8220;\u043a\u043d\u0438\u0433\u0438&#8221; (knigi, b\u00f8ger).<\/p>\n\n\n\n<p>Denne regel har undtagelser, s\u00e5 hold \u00f8je med uregelm\u00e6ssige flertal og udvid dit ordforr\u00e5d i overensstemmelse hermed.<\/p>\n\n\n\n<h3 class=\"wp-block-heading\" id=\"h-the-art-of-conjugation-bulgarian-verbs\">Kunsten at b\u00f8je: bulgarske verber<\/h3>\n\n\n\n<p>Bulgarske verber kan v\u00e6re skr\u00e6mmende p\u00e5 grund af deres store antal tider, stemninger og b\u00f8jninger. N\u00f8glen til at kn\u00e6kke dem er dog at genkende m\u00f8nstre og \u00f8ve regelm\u00e6ssigt.<\/p>\n\n\n\n<p>P\u00e5 bulgarsk er verb opdelt i tre grupper baseret p\u00e5 deres infinitive slutning, -\u0430 (-a), -\u0435 (-\u0435) eller -\u0438 (-i). Hver gruppe har sine specifikke b\u00f8jningsregler. Lad os for eksempel tage verbet &#8220;\u043f\u0438\u0448\u0430&#8221; (pisha, &#8220;at skrive&#8221;):<\/p>\n\n\n\n<p><strong>Nutid: \u0410\u0437 \u043f\u0438\u0448\u0430 (Az pisha, &#8220;jeg skriver&#8221;)<\/strong><\/p>\n\n\n\n<p><strong>Datid: \u0410\u0437 \u043f\u0438\u0441\u0430\u0445 (Az pisah, &#8220;jeg skrev&#8221;)<\/strong><\/p>\n\n\n\n<p><strong>Fremtidig tid: \u0410\u0437 \u0449\u0435 \u043f\u0438\u0448\u0430 (Az shte pisha, &#8220;Jeg vil skrive&#8221;)<\/strong><\/p>\n\n\n\n<p>Som du kan se, \u00e6ndres slutningerne i henhold til sp\u00e6ndingen. Og det er ikke engang nok til at ridse overfladen af de bulgarske verbers b\u00f8jning! Men lad dig ikke overv\u00e6lde af det. Med \u00f8velse og t\u00e5lmodighed vil du begynde at genkende m\u00f8nstrene og overvinde denne udfordring.<\/p>\n\n\n\n<h3 class=\"wp-block-heading\" id=\"h-the-finishing-touches-bulgarian-adjectives-adverbs-and-more\">Den sidste h\u00e5nd: bulgarske adjektiver, adverb og mere<\/h3>\n\n\n\n<p>N\u00e5r det kommer til bulgarske adjektiver og adverb, spiller de afg\u00f8rende roller i at tilf\u00f8je dybde og kompleksitet til din tale. Adjektiver skal stemme overens med de navneord, de \u00e6ndrer, hvad ang\u00e5r k\u00f8n, og du finder normalt tre former &#8211; maskulinum, femininum og neutrum.<\/p>\n\n\n\n<p>For eksempel betyder &#8220;\u0434\u043e\u0431\u044a\u0440&#8221; (dobur) &#8220;god&#8221; og optr\u00e6der som &#8220;\u0434\u043e\u0431\u044a\u0440 \u043c\u044a\u0436&#8221; (dobur mazh, &#8220;god mand&#8221;), &#8220;\u0434\u043e\u0431\u0440\u0430 \u0436\u0435\u043d\u0430&#8221; (dobra zhena, &#8220;god kvinde&#8221;) og &#8220;\u0434\u043e\u0431\u0440\u043e \u0434\u0435\u0442\u0435&#8221; (dobro dete, &#8220;godt barn&#8221;). Adverb f\u00f8lger lignende m\u00f8nstre, ofte afledt af adjektiver.<\/p>\n\n\n\n<p>Konklusionen er, at den bulgarske grammatiks forviklinger og s\u00e6rheder, selv om de er komplekse, giver sproget dets f\u00e6ngslende sk\u00f8nhed og karakter. Med en kombination af vedholdenhed, nysgerrighed og praktisk anvendelse vil du snart kunne navigere i den bulgarske grammatik med lethed og selvtillid. God forn\u00f8jelse med at l\u00e6re!<\/p>\n<\/div><\/div>\n\r\n<section class=\"learnNavigationSection\">\r\n            \r\n        <a href=\"https:\/\/talkpal.ai\/da\/laer-bulgarsk\/\">\r\n            <div class=\"learnNavigationWrapper\">\r\n                <div class=\"learnNavigationContent\">\r\n                    <img decoding=\"async\" src=\"https:\/\/talkpal.ai\/wp-content\/uploads\/2024\/08\/Bulgarian.jpg\" alt=\"Bulgarian Flag\">\r\n                    <div>\r\n                        <h4>Om at l\u00e6re bulgarsk<\/h4>\r\n                        <p>Find ud af alt om bulgarsk grammatik.<\/p>\r\n                    <\/div>\r\n                <\/div>\r\n            <\/div>\r\n        <\/a>\r\n\r\n        \r\n        <a href=\"https:\/\/talkpal.ai\/da\/bulgarske-grammatikoevelser\/\">\r\n            <div class=\"learnNavigationWrapper\">\r\n                <div class=\"learnNavigationContent\">\r\n                    <img decoding=\"async\" src=\"https:\/\/talkpal.ai\/wp-content\/uploads\/2024\/08\/Bulgarian.jpg\" alt=\"Bulgarian Flag\">\r\n                    <div>\r\n                        <h4>Bulgarsk grammatik-\u00f8velse<\/h4>\r\n                        <p>\u00d8v bulgarsk grammatik.<\/p>\r\n                    <\/div>\r\n                <\/div>\r\n            <\/div>\r\n        <\/a>\r\n\r\n        \r\n        <a href=\"https:\/\/talkpal.ai\/vocabulary_language\/bulgarian\/\">\r\n            <div class=\"learnNavigationWrapper\">\r\n                <div class=\"learnNavigationContent\">\r\n                    <img decoding=\"async\" src=\"https:\/\/talkpal.ai\/wp-content\/uploads\/2024\/08\/Bulgarian.jpg\" alt=\"Bulgarian Flag\">\r\n                    <div>\r\n                        <h4>Bulgarsk ordforr\u00e5d<\/h4>\r\n                        <p>Udvid dit bulgarske ordforr\u00e5d.<\/p>\r\n                    <\/div>\r\n                <\/div>\r\n            <\/div>\r\n        <\/a>\r\n\r\n            <\/section>","protected":false},"excerpt":{"rendered":"<p>Den ultimative guide til bulgarsk grammatik: Navigering i forviklingerne i et rigt sprog Bulgarsk grammatik, ligesom sproget selv, er en fascinerende blanding af enkelhed, kompleksitet og rig kulturhistorie. Som et af de \u00e6ldste slaviske sprog tilbyder bulgarsk sproglig sp\u00e6nding til eleverne og udfordrer selv de mest dygtige talere. I denne guide udforsker vi de vigtigste [&hellip;]<\/p>\n","protected":false},"author":1,"featured_media":111191,"parent":0,"menu_order":0,"comment_status":"closed","ping_status":"closed","template":"LearningContentPage.php","meta":{"_acf_changed":false,"footnotes":""},"class_list":["post-141742","page","type-page","status-publish","has-post-thumbnail","hentry"],"acf":[],"yoast_head":"<!-- This site is optimized with the Yoast SEO Premium plugin v27.2 (Yoast SEO v27.2) - https:\/\/yoast.com\/product\/yoast-seo-premium-wordpress\/ -->\n<title>Bulgarsk grammatik - Talkpal<\/title>\n<meta name=\"description\" content=\"Udforsk det v\u00e6sentlige i bulgarsk grammatik for at f\u00e5 bedre sprogforst\u00e5else og kommunikationsevner.\" \/>\n<meta name=\"robots\" content=\"index, follow, max-snippet:-1, max-image-preview:large, max-video-preview:-1\" \/>\n<link rel=\"canonical\" href=\"https:\/\/talkpal.ai\/da\/bulgarsk-grammatik\/\" \/>\n<meta property=\"og:locale\" content=\"da_DK\" \/>\n<meta property=\"og:type\" content=\"article\" \/>\n<meta property=\"og:title\" content=\"Bulgarsk grammatik\" \/>\n<meta property=\"og:description\" content=\"Den ultimative guide til bulgarsk grammatik: Navigering i forviklingerne i et rigt sprog Bulgarsk grammatik, ligesom sproget selv, er en fascinerende\" \/>\n<meta property=\"og:url\" content=\"https:\/\/talkpal.ai\/da\/bulgarsk-grammatik\/\" \/>\n<meta property=\"og:site_name\" content=\"Talkpal\" \/>\n<meta property=\"article:publisher\" content=\"https:\/\/www.facebook.com\/profile.php?id=100090733639311\" \/>\n<meta property=\"article:modified_time\" content=\"2025-05-22T14:36:49+00:00\" \/>\n<meta property=\"og:image\" content=\"https:\/\/talkpal.ai\/wp-content\/uploads\/2023\/05\/bulgaria.png\" \/>\n\t<meta property=\"og:image:width\" content=\"512\" \/>\n\t<meta property=\"og:image:height\" content=\"512\" \/>\n\t<meta property=\"og:image:type\" content=\"image\/png\" \/>\n<meta name=\"twitter:card\" content=\"summary_large_image\" \/>\n<meta name=\"twitter:site\" content=\"@talkpalai\" \/>\n<meta name=\"twitter:label1\" content=\"Estimeret l\u00e6setid\" \/>\n\t<meta name=\"twitter:data1\" content=\"4 minutter\" \/>\n<script type=\"application\/ld+json\" class=\"yoast-schema-graph\">{\"@context\":\"https:\/\/schema.org\",\"@graph\":[{\"@type\":\"WebPage\",\"@id\":\"https:\/\/talkpal.ai\/da\/bulgarsk-grammatik\/\",\"url\":\"https:\/\/talkpal.ai\/da\/bulgarsk-grammatik\/\",\"name\":\"Bulgarsk grammatik - Talkpal\",\"isPartOf\":{\"@id\":\"https:\/\/talkpal.ai\/da\/#website\"},\"primaryImageOfPage\":{\"@id\":\"https:\/\/talkpal.ai\/da\/bulgarsk-grammatik\/#primaryimage\"},\"image\":{\"@id\":\"https:\/\/talkpal.ai\/da\/bulgarsk-grammatik\/#primaryimage\"},\"thumbnailUrl\":\"https:\/\/talkpal.ai\/wp-content\/uploads\/2023\/05\/bulgaria.png\",\"datePublished\":\"2023-05-14T14:00:39+00:00\",\"dateModified\":\"2025-05-22T14:36:49+00:00\",\"description\":\"Udforsk det v\u00e6sentlige i bulgarsk grammatik for at f\u00e5 bedre sprogforst\u00e5else og kommunikationsevner.\",\"breadcrumb\":{\"@id\":\"https:\/\/talkpal.ai\/da\/bulgarsk-grammatik\/#breadcrumb\"},\"inLanguage\":\"da-DK\",\"potentialAction\":[{\"@type\":\"ReadAction\",\"target\":[\"https:\/\/talkpal.ai\/da\/bulgarsk-grammatik\/\"]}]},{\"@type\":\"ImageObject\",\"inLanguage\":\"da-DK\",\"@id\":\"https:\/\/talkpal.ai\/da\/bulgarsk-grammatik\/#primaryimage\",\"url\":\"https:\/\/talkpal.ai\/wp-content\/uploads\/2023\/05\/bulgaria.png\",\"contentUrl\":\"https:\/\/talkpal.ai\/wp-content\/uploads\/2023\/05\/bulgaria.png\",\"width\":512,\"height\":512},{\"@type\":\"BreadcrumbList\",\"@id\":\"https:\/\/talkpal.ai\/da\/bulgarsk-grammatik\/#breadcrumb\",\"itemListElement\":[{\"@type\":\"ListItem\",\"position\":1,\"name\":\"Homepage\",\"item\":\"https:\/\/talkpal.ai\/da\/\"},{\"@type\":\"ListItem\",\"position\":2,\"name\":\"Bulgarsk grammatik\"}]},{\"@type\":\"WebSite\",\"@id\":\"https:\/\/talkpal.ai\/da\/#website\",\"url\":\"https:\/\/talkpal.ai\/da\/\",\"name\":\"Talkpal\",\"description\":\"AI Language Learning\",\"publisher\":{\"@id\":\"https:\/\/talkpal.ai\/da\/#organization\"},\"alternateName\":\"Talkpal AI\",\"potentialAction\":[{\"@type\":\"SearchAction\",\"target\":{\"@type\":\"EntryPoint\",\"urlTemplate\":\"https:\/\/talkpal.ai\/da\/?s={search_term_string}\"},\"query-input\":{\"@type\":\"PropertyValueSpecification\",\"valueRequired\":true,\"valueName\":\"search_term_string\"}}],\"inLanguage\":\"da-DK\"},{\"@type\":\"Organization\",\"@id\":\"https:\/\/talkpal.ai\/da\/#organization\",\"name\":\"Talkpal, Inc.\",\"alternateName\":\"Talkpal AI\",\"url\":\"https:\/\/talkpal.ai\/da\/\",\"logo\":{\"@type\":\"ImageObject\",\"inLanguage\":\"da-DK\",\"@id\":\"https:\/\/talkpal.ai\/da\/#\/schema\/logo\/image\/\",\"url\":\"https:\/\/talkpal.ai\/wp-content\/uploads\/2024\/03\/Talkpal-Logo-Icon.png\",\"contentUrl\":\"https:\/\/talkpal.ai\/wp-content\/uploads\/2024\/03\/Talkpal-Logo-Icon.png\",\"width\":2880,\"height\":2880,\"caption\":\"Talkpal, Inc.\"},\"image\":{\"@id\":\"https:\/\/talkpal.ai\/da\/#\/schema\/logo\/image\/\"},\"sameAs\":[\"https:\/\/www.facebook.com\/profile.php?id=100090733639311\",\"https:\/\/x.com\/talkpalai\",\"https:\/\/www.linkedin.com\/company\/talkpal\/\",\"https:\/\/www.youtube.com\/@TalkPal\/\",\"https:\/\/www.tiktok.com\/@talkpal\",\"https:\/\/www.instagram.com\/talkpal_ai\/\",\"https:\/\/www.crunchbase.com\/organization\/talkpal-9cde\",\"https:\/\/www.g2.com\/products\/talkpal-for-business\/\",\"https:\/\/www.trustpilot.com\/review\/talkpal.ai\",\"https:\/\/www.capterra.com\/p\/10006800\/TalkPal\/\"],\"description\":\"Talkpal is a language learning web and mobile education app, powered by the latest AI technologies, that provides engaging experiences to its customers in many different languages to help them improve their language skills. Users can chat about unlimited amount of topics with the app and use other modes to practice their language learning.\",\"email\":\"support@talkpal.ai\",\"legalName\":\"Talkpal, Inc.\",\"foundingDate\":\"2023-04-03\",\"duns\":\"118989042\",\"numberOfEmployees\":{\"@type\":\"QuantitativeValue\",\"minValue\":\"11\",\"maxValue\":\"50\"},\"publishingPrinciples\":\"https:\/\/talkpal.ai\/publishing-principles\/\",\"actionableFeedbackPolicy\":\"https:\/\/talkpal.ai\/actionable-feedback-policy\/\",\"correctionsPolicy\":\"https:\/\/talkpal.ai\/corrections-policy\/\",\"ethicsPolicy\":\"https:\/\/talkpal.ai\/ethics-policy\/\",\"diversityPolicy\":\"https:\/\/talkpal.ai\/diversity-policy\/\",\"diversityStaffingReport\":\"https:\/\/talkpal.ai\/diversity-policy\/\"}]}<\/script>\n<!-- \/ Yoast SEO Premium plugin. -->","yoast_head_json":{"title":"Bulgarsk grammatik - Talkpal","description":"Udforsk det v\u00e6sentlige i bulgarsk grammatik for at f\u00e5 bedre sprogforst\u00e5else og kommunikationsevner.","robots":{"index":"index","follow":"follow","max-snippet":"max-snippet:-1","max-image-preview":"max-image-preview:large","max-video-preview":"max-video-preview:-1"},"canonical":"https:\/\/talkpal.ai\/da\/bulgarsk-grammatik\/","og_locale":"da_DK","og_type":"article","og_title":"Bulgarsk grammatik","og_description":"Den ultimative guide til bulgarsk grammatik: Navigering i forviklingerne i et rigt sprog Bulgarsk grammatik, ligesom sproget selv, er en fascinerende","og_url":"https:\/\/talkpal.ai\/da\/bulgarsk-grammatik\/","og_site_name":"Talkpal","article_publisher":"https:\/\/www.facebook.com\/profile.php?id=100090733639311","article_modified_time":"2025-05-22T14:36:49+00:00","og_image":[{"width":512,"height":512,"url":"https:\/\/talkpal.ai\/wp-content\/uploads\/2023\/05\/bulgaria.png","type":"image\/png"}],"twitter_card":"summary_large_image","twitter_site":"@talkpalai","twitter_misc":{"Estimeret l\u00e6setid":"4 minutter"},"schema":{"@context":"https:\/\/schema.org","@graph":[{"@type":"WebPage","@id":"https:\/\/talkpal.ai\/da\/bulgarsk-grammatik\/","url":"https:\/\/talkpal.ai\/da\/bulgarsk-grammatik\/","name":"Bulgarsk grammatik - Talkpal","isPartOf":{"@id":"https:\/\/talkpal.ai\/da\/#website"},"primaryImageOfPage":{"@id":"https:\/\/talkpal.ai\/da\/bulgarsk-grammatik\/#primaryimage"},"image":{"@id":"https:\/\/talkpal.ai\/da\/bulgarsk-grammatik\/#primaryimage"},"thumbnailUrl":"https:\/\/talkpal.ai\/wp-content\/uploads\/2023\/05\/bulgaria.png","datePublished":"2023-05-14T14:00:39+00:00","dateModified":"2025-05-22T14:36:49+00:00","description":"Udforsk det v\u00e6sentlige i bulgarsk grammatik for at f\u00e5 bedre sprogforst\u00e5else og kommunikationsevner.","breadcrumb":{"@id":"https:\/\/talkpal.ai\/da\/bulgarsk-grammatik\/#breadcrumb"},"inLanguage":"da-DK","potentialAction":[{"@type":"ReadAction","target":["https:\/\/talkpal.ai\/da\/bulgarsk-grammatik\/"]}]},{"@type":"ImageObject","inLanguage":"da-DK","@id":"https:\/\/talkpal.ai\/da\/bulgarsk-grammatik\/#primaryimage","url":"https:\/\/talkpal.ai\/wp-content\/uploads\/2023\/05\/bulgaria.png","contentUrl":"https:\/\/talkpal.ai\/wp-content\/uploads\/2023\/05\/bulgaria.png","width":512,"height":512},{"@type":"BreadcrumbList","@id":"https:\/\/talkpal.ai\/da\/bulgarsk-grammatik\/#breadcrumb","itemListElement":[{"@type":"ListItem","position":1,"name":"Homepage","item":"https:\/\/talkpal.ai\/da\/"},{"@type":"ListItem","position":2,"name":"Bulgarsk grammatik"}]},{"@type":"WebSite","@id":"https:\/\/talkpal.ai\/da\/#website","url":"https:\/\/talkpal.ai\/da\/","name":"Talkpal","description":"AI Language Learning","publisher":{"@id":"https:\/\/talkpal.ai\/da\/#organization"},"alternateName":"Talkpal AI","potentialAction":[{"@type":"SearchAction","target":{"@type":"EntryPoint","urlTemplate":"https:\/\/talkpal.ai\/da\/?s={search_term_string}"},"query-input":{"@type":"PropertyValueSpecification","valueRequired":true,"valueName":"search_term_string"}}],"inLanguage":"da-DK"},{"@type":"Organization","@id":"https:\/\/talkpal.ai\/da\/#organization","name":"Talkpal, Inc.","alternateName":"Talkpal AI","url":"https:\/\/talkpal.ai\/da\/","logo":{"@type":"ImageObject","inLanguage":"da-DK","@id":"https:\/\/talkpal.ai\/da\/#\/schema\/logo\/image\/","url":"https:\/\/talkpal.ai\/wp-content\/uploads\/2024\/03\/Talkpal-Logo-Icon.png","contentUrl":"https:\/\/talkpal.ai\/wp-content\/uploads\/2024\/03\/Talkpal-Logo-Icon.png","width":2880,"height":2880,"caption":"Talkpal, Inc."},"image":{"@id":"https:\/\/talkpal.ai\/da\/#\/schema\/logo\/image\/"},"sameAs":["https:\/\/www.facebook.com\/profile.php?id=100090733639311","https:\/\/x.com\/talkpalai","https:\/\/www.linkedin.com\/company\/talkpal\/","https:\/\/www.youtube.com\/@TalkPal\/","https:\/\/www.tiktok.com\/@talkpal","https:\/\/www.instagram.com\/talkpal_ai\/","https:\/\/www.crunchbase.com\/organization\/talkpal-9cde","https:\/\/www.g2.com\/products\/talkpal-for-business\/","https:\/\/www.trustpilot.com\/review\/talkpal.ai","https:\/\/www.capterra.com\/p\/10006800\/TalkPal\/"],"description":"Talkpal is a language learning web and mobile education app, powered by the latest AI technologies, that provides engaging experiences to its customers in many different languages to help them improve their language skills. Users can chat about unlimited amount of topics with the app and use other modes to practice their language learning.","email":"support@talkpal.ai","legalName":"Talkpal, Inc.","foundingDate":"2023-04-03","duns":"118989042","numberOfEmployees":{"@type":"QuantitativeValue","minValue":"11","maxValue":"50"},"publishingPrinciples":"https:\/\/talkpal.ai\/publishing-principles\/","actionableFeedbackPolicy":"https:\/\/talkpal.ai\/actionable-feedback-policy\/","correctionsPolicy":"https:\/\/talkpal.ai\/corrections-policy\/","ethicsPolicy":"https:\/\/talkpal.ai\/ethics-policy\/","diversityPolicy":"https:\/\/talkpal.ai\/diversity-policy\/","diversityStaffingReport":"https:\/\/talkpal.ai\/diversity-policy\/"}]}},"_links":{"self":[{"href":"https:\/\/talkpal.ai\/da\/wp-json\/wp\/v2\/pages\/141742","targetHints":{"allow":["GET"]}}],"collection":[{"href":"https:\/\/talkpal.ai\/da\/wp-json\/wp\/v2\/pages"}],"about":[{"href":"https:\/\/talkpal.ai\/da\/wp-json\/wp\/v2\/types\/page"}],"author":[{"embeddable":true,"href":"https:\/\/talkpal.ai\/da\/wp-json\/wp\/v2\/users\/1"}],"replies":[{"embeddable":true,"href":"https:\/\/talkpal.ai\/da\/wp-json\/wp\/v2\/comments?post=141742"}],"version-history":[{"count":0,"href":"https:\/\/talkpal.ai\/da\/wp-json\/wp\/v2\/pages\/141742\/revisions"}],"wp:featuredmedia":[{"embeddable":true,"href":"https:\/\/talkpal.ai\/da\/wp-json\/wp\/v2\/media\/111191"}],"wp:attachment":[{"href":"https:\/\/talkpal.ai\/da\/wp-json\/wp\/v2\/media?parent=141742"}],"curies":[{"name":"wp","href":"https:\/\/api.w.org\/{rel}","templated":true}]}}