{"id":141394,"date":"2023-05-14T14:00:03","date_gmt":"2023-05-14T14:00:03","guid":{"rendered":"http:\/\/talkpal.ai\/bosnisk-grammatik\/"},"modified":"2025-05-22T14:41:35","modified_gmt":"2025-05-22T14:41:35","slug":"bosnisk-grammatik","status":"publish","type":"page","link":"https:\/\/talkpal.ai\/da\/bosnisk-grammatik\/","title":{"rendered":"Bosnisk grammatik"},"content":{"rendered":"\r\n\r\n\r\n<section class=\"languageChallengeSection\">\r\n    <div class=\"languageInfoWrapper\">\r\n        \r\n        <h1>Bosnisk grammatik<\/h1>\r\n        <p>Luk op for det bosniske sprogs rige og udtryksfulde verden ved at mestre de vigtigste grammatiske elementer. En solid forst\u00e5else af <a href=\"https:\/\/talkpal.ai\/bosnian-grammar\/\">bosnisk grammatik<\/a> vil hj\u00e6lpe dig med at kommunikere sikkert og s\u00e6tte st\u00f8rre pris p\u00e5 kulturen. Begynd at <a href=\"https:\/\/talkpal.ai\/no\/hvordan-laere-bosnisk-raskt-og-enkelt-din-komplette-guide\/\">l\u00e6re bosnisk<\/a> <a href=\"https:\/\/talkpal.ai\/fr\/les\/\">grammatik<\/a> i dag, og tag dit f\u00f8rste skridt mod flydende <a href=\"https:\/\/talkpal.ai\/what-language-is-spoken-on-the-international-space-station\/\">sprog<\/a>!<\/p>\r\n\r\n                            <a class=\"getStartedHidden\" href=\"https:\/\/app.talkpal.ai\/da\/signup?lng=\">Kom i gang<\/a>\r\n        \r\n    <\/div>\r\n\r\n    <figure>\r\n    <img decoding=\"async\" width=\"768\" height=\"768\" src=\"https:\/\/talkpal.ai\/wp-content\/uploads\/2023\/06\/bosinian-768x768.png\" class=\"languageImage no-lazy\" alt=\"Language learning for increasing employability\" fetchpriority=\"high\" sizes=\"(max-width: 768px) 150px, 768px\" srcset=\"https:\/\/talkpal.ai\/wp-content\/uploads\/2023\/06\/bosinian-768x768.png 768w, https:\/\/talkpal.ai\/wp-content\/uploads\/2023\/06\/bosinian-300x300.png 300w\" \/>\r\n    \r\n\r\n    <\/figure>\r\n\r\n            <a class=\"getStartedVisible\" href=\"https:\/\/app.talkpal.ai\/da\/signup?lng=\">Kom i gang<\/a>\r\n    \r\n<\/section>\r\n<section class=\"promotionalBanner\">\r\n    <p class=\"promotionalText\">Den mest effektive m\u00e5de at l\u00e6re et sprog p\u00e5<\/p>\r\n    <a class=\"promotionalLink\" href=\"https:\/\/app.talkpal.ai\/da\/signup?lng=\">Pr\u00f8v Talkpal gratis<\/a>\r\n<\/section>\n<div class=\"wp-block-group pageContainerStyle\"><div class=\"wp-block-group__inner-container is-layout-constrained wp-block-group-is-layout-constrained\">\n<h2 class=\"wp-block-heading\" id=\"h-bosnian-grammar-a-guide-to-understanding-its-unique-features\">Bosnisk grammatik: En guide til forst\u00e5else af dens unikke funktioner<\/h2>\n\n\n\n<p>Er du ved at l\u00e6re <a href=\"https:\/\/talkpal.ai\/learn-bosnian\/\">bosnisk<\/a> og undrer dig over sprogets grammatik? Frygt ej! I denne artikel vil vi dykke ned i den bosniske grammatiks mysterier og hj\u00e6lpe dig med at forst\u00e5 dens unikke egenskaber, samtidig med at vi holder det enkelt og engagerende. Klar til at begive dig ud p\u00e5 denne sp\u00e6ndende sproglige rejse? Lad os komme i gang!<\/p>\n\n\n\n<h3 class=\"wp-block-heading\" id=\"h-the-fundamentals-nouns-and-pronouns\">Det grundl\u00e6ggende: Substantiver og pronomen<\/h3>\n\n\n\n<p>F\u00f8rst og fremmest er det vigtigt at vide, at bosnisk, ligesom andre slaviske sprog, har tre grammatiske k\u00f8n: maskulinum, femininum og neutrum. Hvordan kan du se, hvilket k\u00f8n et substantiv tilh\u00f8rer? Det er nemt! Det hele handler om slutningen. Her er en hurtig guide:<\/p>\n\n\n\n<p><strong>&#8211; Maskuline navneord ender typisk p\u00e5 en konsonant,<\/strong><\/p>\n\n\n\n<p><strong>&#8211; Feminine navneord ender som regel p\u00e5 -a,<\/strong><\/p>\n\n\n\n<p><strong>&#8211; Neutrale navneord ender oftest p\u00e5 -o eller -e.<\/strong><\/p>\n\n\n\n<p>Husk, at dette er generelle regler, og der kan v\u00e6re undtagelser. Lad os nu tale om pronominer. Personlige pronominer p\u00e5 bosnisk \u00e6ndrer sig alt efter substantivets k\u00f8n, tal (ental eller flertal) og kasus (mere om kasus senere). Der er syv personlige pronomen p\u00e5 bosnisk: ja (I), ti (du, ental\/uformel), p\u00e5 (han), ona (hun), <a href=\"https:\/\/talkpal.ai\/locations\/language-courses-in-ono\/\">ono<\/a> (it), mi (vi) og vi (du, flertal\/formel). Husk, at bosnisk har b\u00e5de en uformel og formel m\u00e5de at henvende sig til folk p\u00e5 &#8211; s\u00e5 s\u00f8rg for at bruge det rigtige pronomen, n\u00e5r du taler med nogen!<\/p>\n\n\n\n<h3 class=\"wp-block-heading\" id=\"h-next-up-verb-conjugation\">N\u00e6ste op: Verb b\u00f8jning<\/h3>\n\n\n\n<p>Verb er rygraden i ethvert sprog, og bosnisk er ikke anderledes. Bosniske verber har to hovedb\u00f8jningsm\u00f8nstre: et for verberne, der ender p\u00e5 -ti (f\u00f8rste b\u00f8jning) og et andet for dem, der ender p\u00e5 -\u0107i (anden b\u00f8jning). I begge tilf\u00e6lde \u00e6ndres verbets endelse afh\u00e6ngigt af subjektets k\u00f8n, tal og tid.<\/p>\n\n\n\n<p>N\u00e5r vi taler om tider, har bosnisk tre enkle tider: nutid, fortid og fremtid. Nutiden dannes ved at tilf\u00f8je specifikke slutninger til verbstammen. Datid dannes derimod ved hj\u00e6lp af hj\u00e6lpeverbet &#8220;biti&#8221; (at v\u00e6re) i infinitivformen &#8220;bio&#8221; og datidens participium. Endelig skabes fremtidsformen ved at kombinere hj\u00e6lpeverbet &#8220;htjeti&#8221; (vil) og infinitivformen af hovedverbet.<\/p>\n\n\n\n<h3 class=\"wp-block-heading\" id=\"h-the-magic-of-cases\">Magien ved sager<\/h3>\n\n\n\n<p>Bosnisk grammatik anvender et kasussystem, hvilket betyder, at substantiver, pronomen, adjektiver og nogle gange endda verb \u00e6ndrer deres former i henhold til deres funktion i en s\u00e6tning. Der er syv tilf\u00e6lde p\u00e5 bosnisk: nominativ, genitiv, dativ, akkusativ, vokativ, instrumental og lokativ.<\/p>\n\n\n\n<p>Lad dig nu ikke skr\u00e6mme af disse udtryk! Det er bare et sp\u00f8rgsm\u00e5l om \u00f8velse. Hver sag tjener et bestemt form\u00e5l og besvarer specifikke sp\u00f8rgsm\u00e5l:<\/p>\n\n\n\n<p><strong>1. Nominativ:<\/strong> Emnet for s\u00e6tningen. Hvem eller hvad g\u00f8r handlingen?<\/p>\n\n\n\n<p><strong>2. Genitiv:<\/strong> Angiver besiddelse, oprindelse eller en del af noget. Hvem eller af hvad?<\/p>\n\n\n\n<p><strong>3. Dativ:<\/strong> Det indirekte objekt \u2013 til hvem eller for hvem noget er givet eller gjort?<\/p>\n\n\n\n<p><strong>4. Akkusativ:<\/strong> Det direkte objekt \u2013 hvem eller hvad modtager handlingen?<\/p>\n\n\n\n<p><strong>5. Vokativ:<\/strong> <a href=\"https:\/\/talkpal.ai\/locations\/learn-french-in-bruges\/\">Bruges<\/a> til at henvende sig direkte til nogen eller noget &#8211; Hey, du!<\/p>\n\n\n\n<p><strong>6. Instrumentel:<\/strong> Repr\u00e6senterer handlingens midler eller metode \u2013 med hvad eller af hvem?<\/p>\n\n\n\n<p><strong>7. Locative:<\/strong> Viser placeringen eller placeringen af noget &#8211; hvor eller p\u00e5 hvad?<\/p>\n\n\n\n<h3 class=\"wp-block-heading\" id=\"h-loving-the-adjectives\">Elsker adjektiverne<\/h3>\n\n\n\n<p>Adjektiver p\u00e5 bosnisk er enige med substantivet, de \u00e6ndrer med hensyn til k\u00f8n, antal og kasus. Det betyder, at adjektiver, ligesom substantiver og pronomen, har forskellige former afh\u00e6ngigt af det substantiv, de beskriver.<\/p>\n\n\n\n<p>Hvis du for eksempel vil sige &#8220;stort hus&#8221; p\u00e5 bosnisk (som er et feminint substantiv), siger du &#8220;velika ku\u0107a&#8221;. Men hvis man taler om en &#8220;stor bil&#8221; (maskulint substantiv), siger man &#8220;veliki auto&#8221;.<\/p>\n\n\n\n<h3 class=\"wp-block-heading\" id=\"h-final-thoughts\">Afsluttende tanker<\/h3>\n\n\n\n<p>Bosnisk grammatik, med dens k\u00f8n, kasus og verbb\u00f8jning, kan virke kompleks i starten, men husk: \u00f8velse g\u00f8r mester! Det handler om at forst\u00e5 systemet og bruge det i virkelige situationer. V\u00e6r t\u00e5lmodig, bliv ved med at \u00f8ve dig, og snart vil du opleve, at du behersker Bosniens smukke sprog. Sretno! (Held og lykke!)<\/p>\n<\/div><\/div>\n\r\n<section class=\"learnNavigationSection\">\r\n            \r\n        <a href=\"https:\/\/talkpal.ai\/da\/laer-bosnisk\/\">\r\n            <div class=\"learnNavigationWrapper\">\r\n                <div class=\"learnNavigationContent\">\r\n                    <img decoding=\"async\" src=\"https:\/\/talkpal.ai\/wp-content\/uploads\/2024\/08\/Bosnian.jpg\" alt=\"Bosnian Flag\">\r\n                    <div>\r\n                        <h4>Om bosnisk l\u00e6ring<\/h4>\r\n                        <p>Find ud af alt om bosnisk grammatik.<\/p>\r\n                    <\/div>\r\n                <\/div>\r\n            <\/div>\r\n        <\/a>\r\n\r\n        \r\n        <a href=\"https:\/\/talkpal.ai\/da\/bosniske-grammatikoevelser\/\">\r\n            <div class=\"learnNavigationWrapper\">\r\n                <div class=\"learnNavigationContent\">\r\n                    <img decoding=\"async\" src=\"https:\/\/talkpal.ai\/wp-content\/uploads\/2024\/08\/Bosnian.jpg\" alt=\"Bosnian Flag\">\r\n                    <div>\r\n                        <h4>Bosnisk grammatik-\u00f8velse<\/h4>\r\n                        <p>\u00d8v bosnisk grammatik.<\/p>\r\n                    <\/div>\r\n                <\/div>\r\n            <\/div>\r\n        <\/a>\r\n\r\n        \r\n        <a href=\"https:\/\/talkpal.ai\/vocabulary_language\/bosnian\/\">\r\n            <div class=\"learnNavigationWrapper\">\r\n                <div class=\"learnNavigationContent\">\r\n                    <img decoding=\"async\" src=\"https:\/\/talkpal.ai\/wp-content\/uploads\/2024\/08\/Bosnian.jpg\" alt=\"Bosnian Flag\">\r\n                    <div>\r\n                        <h4>Bosnisk ordforr\u00e5d<\/h4>\r\n                        <p>Udvid dit bosniske ordforr\u00e5d.<\/p>\r\n                    <\/div>\r\n                <\/div>\r\n            <\/div>\r\n        <\/a>\r\n\r\n            <\/section>","protected":false},"excerpt":{"rendered":"<p>Bosnisk grammatik: En guide til forst\u00e5else af dens unikke funktioner Er du ved at l\u00e6re bosnisk og undrer dig over sprogets grammatik? Frygt ej! I denne artikel vil vi dykke ned i den bosniske grammatiks mysterier og hj\u00e6lpe dig med at forst\u00e5 dens unikke egenskaber, samtidig med at vi holder det enkelt og engagerende. Klar [&hellip;]<\/p>\n","protected":false},"author":1,"featured_media":111408,"parent":0,"menu_order":0,"comment_status":"closed","ping_status":"closed","template":"LearningContentPage.php","meta":{"_acf_changed":false,"footnotes":""},"class_list":["post-141394","page","type-page","status-publish","has-post-thumbnail","hentry"],"acf":[],"yoast_head":"<!-- This site is optimized with the Yoast SEO Premium plugin v27.2 (Yoast SEO v27.2) - https:\/\/yoast.com\/product\/yoast-seo-premium-wordpress\/ -->\n<title>Bosnisk grammatik - Talkpal<\/title>\n<meta name=\"description\" content=\"Behersk bosnisk grammatik uden besv\u00e6r med Talkpaldin AI-drevne sprogl\u00e6rer. Oplev nemme forklaringer, praktiske tips og interaktive \u00f8velser!\" \/>\n<meta name=\"robots\" content=\"index, follow, max-snippet:-1, max-image-preview:large, max-video-preview:-1\" \/>\n<link rel=\"canonical\" href=\"https:\/\/talkpal.ai\/da\/bosnisk-grammatik\/\" \/>\n<meta property=\"og:locale\" content=\"da_DK\" \/>\n<meta property=\"og:type\" content=\"article\" \/>\n<meta property=\"og:title\" content=\"Bosnisk grammatik\" \/>\n<meta property=\"og:description\" content=\"Bosnisk grammatik: En guide til forst\u00e5else af dens unikke funktioner Er du ved at l\u00e6re bosnisk og undrer dig over sprogets grammatik? Frygt ej! I denne\" \/>\n<meta property=\"og:url\" content=\"https:\/\/talkpal.ai\/da\/bosnisk-grammatik\/\" \/>\n<meta property=\"og:site_name\" content=\"Talkpal\" \/>\n<meta property=\"article:publisher\" content=\"https:\/\/www.facebook.com\/profile.php?id=100090733639311\" \/>\n<meta property=\"article:modified_time\" content=\"2025-05-22T14:41:35+00:00\" \/>\n<meta property=\"og:image\" content=\"https:\/\/talkpal.ai\/wp-content\/uploads\/2023\/05\/bosnia-and-herzegovina.png\" \/>\n\t<meta property=\"og:image:width\" content=\"512\" \/>\n\t<meta property=\"og:image:height\" content=\"512\" \/>\n\t<meta property=\"og:image:type\" content=\"image\/png\" \/>\n<meta name=\"twitter:card\" content=\"summary_large_image\" \/>\n<meta name=\"twitter:site\" content=\"@talkpalai\" \/>\n<meta name=\"twitter:label1\" content=\"Estimeret l\u00e6setid\" \/>\n\t<meta name=\"twitter:data1\" content=\"3 minutter\" \/>\n<script type=\"application\/ld+json\" class=\"yoast-schema-graph\">{\"@context\":\"https:\/\/schema.org\",\"@graph\":[{\"@type\":\"WebPage\",\"@id\":\"https:\/\/talkpal.ai\/da\/bosnisk-grammatik\/\",\"url\":\"https:\/\/talkpal.ai\/da\/bosnisk-grammatik\/\",\"name\":\"Bosnisk grammatik - Talkpal\",\"isPartOf\":{\"@id\":\"https:\/\/talkpal.ai\/da\/#website\"},\"primaryImageOfPage\":{\"@id\":\"https:\/\/talkpal.ai\/da\/bosnisk-grammatik\/#primaryimage\"},\"image\":{\"@id\":\"https:\/\/talkpal.ai\/da\/bosnisk-grammatik\/#primaryimage\"},\"thumbnailUrl\":\"https:\/\/talkpal.ai\/wp-content\/uploads\/2023\/05\/bosnia-and-herzegovina.png\",\"datePublished\":\"2023-05-14T14:00:03+00:00\",\"dateModified\":\"2025-05-22T14:41:35+00:00\",\"description\":\"Behersk bosnisk grammatik uden besv\u00e6r med Talkpaldin AI-drevne sprogl\u00e6rer. Oplev nemme forklaringer, praktiske tips og interaktive \u00f8velser!\",\"breadcrumb\":{\"@id\":\"https:\/\/talkpal.ai\/da\/bosnisk-grammatik\/#breadcrumb\"},\"inLanguage\":\"da-DK\",\"potentialAction\":[{\"@type\":\"ReadAction\",\"target\":[\"https:\/\/talkpal.ai\/da\/bosnisk-grammatik\/\"]}]},{\"@type\":\"ImageObject\",\"inLanguage\":\"da-DK\",\"@id\":\"https:\/\/talkpal.ai\/da\/bosnisk-grammatik\/#primaryimage\",\"url\":\"https:\/\/talkpal.ai\/wp-content\/uploads\/2023\/05\/bosnia-and-herzegovina.png\",\"contentUrl\":\"https:\/\/talkpal.ai\/wp-content\/uploads\/2023\/05\/bosnia-and-herzegovina.png\",\"width\":512,\"height\":512},{\"@type\":\"BreadcrumbList\",\"@id\":\"https:\/\/talkpal.ai\/da\/bosnisk-grammatik\/#breadcrumb\",\"itemListElement\":[{\"@type\":\"ListItem\",\"position\":1,\"name\":\"Homepage\",\"item\":\"https:\/\/talkpal.ai\/da\/\"},{\"@type\":\"ListItem\",\"position\":2,\"name\":\"Bosnisk grammatik\"}]},{\"@type\":\"WebSite\",\"@id\":\"https:\/\/talkpal.ai\/da\/#website\",\"url\":\"https:\/\/talkpal.ai\/da\/\",\"name\":\"Talkpal\",\"description\":\"AI Language Learning\",\"publisher\":{\"@id\":\"https:\/\/talkpal.ai\/da\/#organization\"},\"alternateName\":\"Talkpal AI\",\"potentialAction\":[{\"@type\":\"SearchAction\",\"target\":{\"@type\":\"EntryPoint\",\"urlTemplate\":\"https:\/\/talkpal.ai\/da\/?s={search_term_string}\"},\"query-input\":{\"@type\":\"PropertyValueSpecification\",\"valueRequired\":true,\"valueName\":\"search_term_string\"}}],\"inLanguage\":\"da-DK\"},{\"@type\":\"Organization\",\"@id\":\"https:\/\/talkpal.ai\/da\/#organization\",\"name\":\"Talkpal, Inc.\",\"alternateName\":\"Talkpal AI\",\"url\":\"https:\/\/talkpal.ai\/da\/\",\"logo\":{\"@type\":\"ImageObject\",\"inLanguage\":\"da-DK\",\"@id\":\"https:\/\/talkpal.ai\/da\/#\/schema\/logo\/image\/\",\"url\":\"https:\/\/talkpal.ai\/wp-content\/uploads\/2024\/03\/Talkpal-Logo-Icon.png\",\"contentUrl\":\"https:\/\/talkpal.ai\/wp-content\/uploads\/2024\/03\/Talkpal-Logo-Icon.png\",\"width\":2880,\"height\":2880,\"caption\":\"Talkpal, Inc.\"},\"image\":{\"@id\":\"https:\/\/talkpal.ai\/da\/#\/schema\/logo\/image\/\"},\"sameAs\":[\"https:\/\/www.facebook.com\/profile.php?id=100090733639311\",\"https:\/\/x.com\/talkpalai\",\"https:\/\/www.linkedin.com\/company\/talkpal\/\",\"https:\/\/www.youtube.com\/@TalkPal\/\",\"https:\/\/www.tiktok.com\/@talkpal\",\"https:\/\/www.instagram.com\/talkpal_ai\/\",\"https:\/\/www.crunchbase.com\/organization\/talkpal-9cde\",\"https:\/\/www.g2.com\/products\/talkpal-for-business\/\",\"https:\/\/www.trustpilot.com\/review\/talkpal.ai\",\"https:\/\/www.capterra.com\/p\/10006800\/TalkPal\/\"],\"description\":\"Talkpal is a language learning web and mobile education app, powered by the latest AI technologies, that provides engaging experiences to its customers in many different languages to help them improve their language skills. Users can chat about unlimited amount of topics with the app and use other modes to practice their language learning.\",\"email\":\"support@talkpal.ai\",\"legalName\":\"Talkpal, Inc.\",\"foundingDate\":\"2023-04-03\",\"duns\":\"118989042\",\"numberOfEmployees\":{\"@type\":\"QuantitativeValue\",\"minValue\":\"11\",\"maxValue\":\"50\"},\"publishingPrinciples\":\"https:\/\/talkpal.ai\/publishing-principles\/\",\"actionableFeedbackPolicy\":\"https:\/\/talkpal.ai\/actionable-feedback-policy\/\",\"correctionsPolicy\":\"https:\/\/talkpal.ai\/corrections-policy\/\",\"ethicsPolicy\":\"https:\/\/talkpal.ai\/ethics-policy\/\",\"diversityPolicy\":\"https:\/\/talkpal.ai\/diversity-policy\/\",\"diversityStaffingReport\":\"https:\/\/talkpal.ai\/diversity-policy\/\"}]}<\/script>\n<!-- \/ Yoast SEO Premium plugin. -->","yoast_head_json":{"title":"Bosnisk grammatik - Talkpal","description":"Behersk bosnisk grammatik uden besv\u00e6r med Talkpaldin AI-drevne sprogl\u00e6rer. Oplev nemme forklaringer, praktiske tips og interaktive \u00f8velser!","robots":{"index":"index","follow":"follow","max-snippet":"max-snippet:-1","max-image-preview":"max-image-preview:large","max-video-preview":"max-video-preview:-1"},"canonical":"https:\/\/talkpal.ai\/da\/bosnisk-grammatik\/","og_locale":"da_DK","og_type":"article","og_title":"Bosnisk grammatik","og_description":"Bosnisk grammatik: En guide til forst\u00e5else af dens unikke funktioner Er du ved at l\u00e6re bosnisk og undrer dig over sprogets grammatik? Frygt ej! I denne","og_url":"https:\/\/talkpal.ai\/da\/bosnisk-grammatik\/","og_site_name":"Talkpal","article_publisher":"https:\/\/www.facebook.com\/profile.php?id=100090733639311","article_modified_time":"2025-05-22T14:41:35+00:00","og_image":[{"width":512,"height":512,"url":"https:\/\/talkpal.ai\/wp-content\/uploads\/2023\/05\/bosnia-and-herzegovina.png","type":"image\/png"}],"twitter_card":"summary_large_image","twitter_site":"@talkpalai","twitter_misc":{"Estimeret l\u00e6setid":"3 minutter"},"schema":{"@context":"https:\/\/schema.org","@graph":[{"@type":"WebPage","@id":"https:\/\/talkpal.ai\/da\/bosnisk-grammatik\/","url":"https:\/\/talkpal.ai\/da\/bosnisk-grammatik\/","name":"Bosnisk grammatik - Talkpal","isPartOf":{"@id":"https:\/\/talkpal.ai\/da\/#website"},"primaryImageOfPage":{"@id":"https:\/\/talkpal.ai\/da\/bosnisk-grammatik\/#primaryimage"},"image":{"@id":"https:\/\/talkpal.ai\/da\/bosnisk-grammatik\/#primaryimage"},"thumbnailUrl":"https:\/\/talkpal.ai\/wp-content\/uploads\/2023\/05\/bosnia-and-herzegovina.png","datePublished":"2023-05-14T14:00:03+00:00","dateModified":"2025-05-22T14:41:35+00:00","description":"Behersk bosnisk grammatik uden besv\u00e6r med Talkpaldin AI-drevne sprogl\u00e6rer. Oplev nemme forklaringer, praktiske tips og interaktive \u00f8velser!","breadcrumb":{"@id":"https:\/\/talkpal.ai\/da\/bosnisk-grammatik\/#breadcrumb"},"inLanguage":"da-DK","potentialAction":[{"@type":"ReadAction","target":["https:\/\/talkpal.ai\/da\/bosnisk-grammatik\/"]}]},{"@type":"ImageObject","inLanguage":"da-DK","@id":"https:\/\/talkpal.ai\/da\/bosnisk-grammatik\/#primaryimage","url":"https:\/\/talkpal.ai\/wp-content\/uploads\/2023\/05\/bosnia-and-herzegovina.png","contentUrl":"https:\/\/talkpal.ai\/wp-content\/uploads\/2023\/05\/bosnia-and-herzegovina.png","width":512,"height":512},{"@type":"BreadcrumbList","@id":"https:\/\/talkpal.ai\/da\/bosnisk-grammatik\/#breadcrumb","itemListElement":[{"@type":"ListItem","position":1,"name":"Homepage","item":"https:\/\/talkpal.ai\/da\/"},{"@type":"ListItem","position":2,"name":"Bosnisk grammatik"}]},{"@type":"WebSite","@id":"https:\/\/talkpal.ai\/da\/#website","url":"https:\/\/talkpal.ai\/da\/","name":"Talkpal","description":"AI Language Learning","publisher":{"@id":"https:\/\/talkpal.ai\/da\/#organization"},"alternateName":"Talkpal AI","potentialAction":[{"@type":"SearchAction","target":{"@type":"EntryPoint","urlTemplate":"https:\/\/talkpal.ai\/da\/?s={search_term_string}"},"query-input":{"@type":"PropertyValueSpecification","valueRequired":true,"valueName":"search_term_string"}}],"inLanguage":"da-DK"},{"@type":"Organization","@id":"https:\/\/talkpal.ai\/da\/#organization","name":"Talkpal, Inc.","alternateName":"Talkpal AI","url":"https:\/\/talkpal.ai\/da\/","logo":{"@type":"ImageObject","inLanguage":"da-DK","@id":"https:\/\/talkpal.ai\/da\/#\/schema\/logo\/image\/","url":"https:\/\/talkpal.ai\/wp-content\/uploads\/2024\/03\/Talkpal-Logo-Icon.png","contentUrl":"https:\/\/talkpal.ai\/wp-content\/uploads\/2024\/03\/Talkpal-Logo-Icon.png","width":2880,"height":2880,"caption":"Talkpal, Inc."},"image":{"@id":"https:\/\/talkpal.ai\/da\/#\/schema\/logo\/image\/"},"sameAs":["https:\/\/www.facebook.com\/profile.php?id=100090733639311","https:\/\/x.com\/talkpalai","https:\/\/www.linkedin.com\/company\/talkpal\/","https:\/\/www.youtube.com\/@TalkPal\/","https:\/\/www.tiktok.com\/@talkpal","https:\/\/www.instagram.com\/talkpal_ai\/","https:\/\/www.crunchbase.com\/organization\/talkpal-9cde","https:\/\/www.g2.com\/products\/talkpal-for-business\/","https:\/\/www.trustpilot.com\/review\/talkpal.ai","https:\/\/www.capterra.com\/p\/10006800\/TalkPal\/"],"description":"Talkpal is a language learning web and mobile education app, powered by the latest AI technologies, that provides engaging experiences to its customers in many different languages to help them improve their language skills. Users can chat about unlimited amount of topics with the app and use other modes to practice their language learning.","email":"support@talkpal.ai","legalName":"Talkpal, Inc.","foundingDate":"2023-04-03","duns":"118989042","numberOfEmployees":{"@type":"QuantitativeValue","minValue":"11","maxValue":"50"},"publishingPrinciples":"https:\/\/talkpal.ai\/publishing-principles\/","actionableFeedbackPolicy":"https:\/\/talkpal.ai\/actionable-feedback-policy\/","correctionsPolicy":"https:\/\/talkpal.ai\/corrections-policy\/","ethicsPolicy":"https:\/\/talkpal.ai\/ethics-policy\/","diversityPolicy":"https:\/\/talkpal.ai\/diversity-policy\/","diversityStaffingReport":"https:\/\/talkpal.ai\/diversity-policy\/"}]}},"_links":{"self":[{"href":"https:\/\/talkpal.ai\/da\/wp-json\/wp\/v2\/pages\/141394","targetHints":{"allow":["GET"]}}],"collection":[{"href":"https:\/\/talkpal.ai\/da\/wp-json\/wp\/v2\/pages"}],"about":[{"href":"https:\/\/talkpal.ai\/da\/wp-json\/wp\/v2\/types\/page"}],"author":[{"embeddable":true,"href":"https:\/\/talkpal.ai\/da\/wp-json\/wp\/v2\/users\/1"}],"replies":[{"embeddable":true,"href":"https:\/\/talkpal.ai\/da\/wp-json\/wp\/v2\/comments?post=141394"}],"version-history":[{"count":0,"href":"https:\/\/talkpal.ai\/da\/wp-json\/wp\/v2\/pages\/141394\/revisions"}],"wp:featuredmedia":[{"embeddable":true,"href":"https:\/\/talkpal.ai\/da\/wp-json\/wp\/v2\/media\/111408"}],"wp:attachment":[{"href":"https:\/\/talkpal.ai\/da\/wp-json\/wp\/v2\/media?parent=141394"}],"curies":[{"name":"wp","href":"https:\/\/api.w.org\/{rel}","templated":true}]}}