{"id":141167,"date":"2023-05-14T13:59:42","date_gmt":"2023-05-14T13:59:42","guid":{"rendered":"http:\/\/talkpal.ai\/hviderussisk-grammatik\/"},"modified":"2025-05-22T13:50:02","modified_gmt":"2025-05-22T13:50:02","slug":"hviderussisk-grammatik","status":"publish","type":"page","link":"https:\/\/talkpal.ai\/da\/hviderussisk-grammatik\/","title":{"rendered":"Hviderussisk grammatik"},"content":{"rendered":"\r\n\r\n\r\n<section class=\"languageChallengeSection\">\r\n    <div class=\"languageInfoWrapper\">\r\n        \r\n        <h1>Hviderussisk grammatik<\/h1>\r\n        <p>Oplev det hviderussiske sprogs sk\u00f8nhed og rigdom ved at l\u00e6re dets grundl\u00e6ggende grammatiske regler. En solid forst\u00e5else af <a href=\"https:\/\/talkpal.ai\/da\/laer-hviderussisk\/\">hviderussisk grammatik<\/a> vil hj\u00e6lpe dig med at kommunikere med selvtillid og komme i kontakt med den hviderussiske kultur. Kast dig ud i det nu, og start din rejse mod at mestre <a href=\"https:\/\/talkpal.ai\/learn-belarusian\/\">hviderussisk<\/a> i dag!<\/p>\r\n\r\n                            <a class=\"getStartedHidden\" href=\"https:\/\/app.talkpal.ai\/da\/signup?lng=\">Kom i gang<\/a>\r\n        \r\n    <\/div>\r\n\r\n    <figure>\r\n    <img decoding=\"async\" width=\"768\" height=\"768\" src=\"https:\/\/talkpal.ai\/wp-content\/uploads\/2023\/06\/belarusian-768x768.png\" class=\"languageImage no-lazy\" alt=\"Language learning for academic excellence\" fetchpriority=\"high\" sizes=\"(max-width: 768px) 150px, 768px\" srcset=\"https:\/\/talkpal.ai\/wp-content\/uploads\/2023\/06\/belarusian-768x768.png 768w, https:\/\/talkpal.ai\/wp-content\/uploads\/2023\/06\/belarusian-300x300.png 300w\" \/>\r\n    \r\n\r\n    <\/figure>\r\n\r\n            <a class=\"getStartedVisible\" href=\"https:\/\/app.talkpal.ai\/da\/signup?lng=\">Kom i gang<\/a>\r\n    \r\n<\/section>\r\n<section class=\"promotionalBanner\">\r\n    <p class=\"promotionalText\">Den mest effektive m\u00e5de at l\u00e6re et <a href=\"https:\/\/talkpal.ai\/what-language-is-spoken-on-the-international-space-station\/\">sprog<\/a> p\u00e5<\/p>\r\n    <a class=\"promotionalLink\" href=\"https:\/\/app.talkpal.ai\/da\/signup?lng=\">Pr\u00f8v Talkpal gratis<\/a>\r\n<\/section>\n<div class=\"wp-block-group pageContainerStyle\"><div class=\"wp-block-group__inner-container is-layout-constrained wp-block-group-is-layout-constrained\">\n<h2 class=\"wp-block-heading\" id=\"h-belarusian-grammar-a-closer-look-at-the-slavic-language-s-intricacies\">Hviderussisk grammatik: Et n\u00e6rmere kig p\u00e5 det slaviske sprogs finurligheder<\/h2>\n\n\n\n<p>Er du en h\u00e5befuld polyglot med en fascination for slaviske sprog? Eller m\u00e5ske er du bare nysgerrig p\u00e5 de grammatiske finurligheder i sprog fra denne interessante region? Hvis ja, sp\u00e6nd op! I denne artikel vil vi udforske den hviderussiske grammatiks vidunderlige verden, et mindre kendt, men alligevel fascinerende medlem af den slaviske sprogfamilie.<\/p>\n\n\n\n<p>Lad os dykke ned i det, skal vi?<\/p>\n\n\n\n<h3 class=\"wp-block-heading\" id=\"h-first-things-first-what-is-belarusian\">F\u00f8rste ting f\u00f8rst: Hvad er hviderussisk?<\/h3>\n\n\n\n<p><a href=\"https:\/\/talkpal.ai\/learn-belarusian\/\">Hviderussisk<\/a> er det officielle sprog i Hviderusland, en indlandsstat beliggende i \u00d8steuropa mellem Rusland, <a href=\"https:\/\/talkpal.ai\/locations\/language-courses-in-ukraine\/\">Ukraine<\/a>, Polen, Litauen og Letland. Med cirka 7,9 millioner talere har hviderussisk en k\u00e6rlig charme for b\u00e5de lingvister og <a href=\"https:\/\/talkpal.ai\/talkpal-discount-for-language-enthusiasts\/\">sprogentusiaster<\/a>. Som slavisk sprog har hviderussisk mange ligheder med <a href=\"https:\/\/talkpal.ai\/learn-russian\/\">russisk<\/a>, <a href=\"https:\/\/talkpal.ai\/learn-ukrainian\/\">ukrainsk<\/a> og <a href=\"https:\/\/talkpal.ai\/polish-grammar-exercises\/\">polsk<\/a>; Det omfavner dog ogs\u00e5 sine egne unikke egenskaber, der adskiller det fra sine s\u00f8skende.<\/p>\n\n\n\n<h3 class=\"wp-block-heading\" id=\"h-the-building-blocks-nouns-pronouns-and-cases\">Byggestenene: Substantiver, pronomen og kasus<\/h3>\n\n\n\n<p>Ligesom andre slaviske sprog drejer hviderussisk grammatik sig om b\u00f8jning af ord. Det betyder, at ordenes slutninger \u00e6ndres i henhold til deres grammatiske funktion i en s\u00e6tning. Det er mest tydeligt i substantiver, pronominer og adjektiver, n\u00e5r de bruges i forskellige kasus. Hviderussisk har seks tilf\u00e6lde, som er som f\u00f8lger:<\/p>\n\n\n\n<p><strong>1. Nominativ &#8211; angiver subjektet i en s\u00e6tning<\/strong><\/p>\n\n\n\n<p><strong>2. Genitiv &#8211; viser besiddelse eller genstand for negation<\/strong><\/p>\n\n\n\n<p><strong>3. Dativ &#8211; markerer det indirekte objekt i en s\u00e6tning<\/strong><\/p>\n\n\n\n<p><strong>4. Akkusativ &#8211; betegner det direkte objekt i en s\u00e6tning<\/strong><\/p>\n\n\n\n<p><strong>5. Instrumental &#8211; udtrykker det middel eller den metode, hvormed en handling udf\u00f8res<\/strong><\/p>\n\n\n\n<p><strong>6. Pr\u00e6position eller lokativ &#8211; angiver sted eller genstand for pr\u00e6positioner<\/strong><\/p>\n\n\n\n<p>Ud over tilf\u00e6lde har hviderussiske navneord ogs\u00e5 tre k\u00f8n (maskulin, feminin og neutral) og to tal (ental og flertal). Hver kombination af k\u00f8n og tal har specifikke slutninger i hvert tilf\u00e6lde, hvilket g\u00f8r det afg\u00f8rende at huske disse for at konstruere grammatisk korrekte s\u00e6tninger.<\/p>\n\n\n\n<h3 class=\"wp-block-heading\" id=\"h-let-s-talk-verbs-tenses-aspects-and-moods\">Lad os tale om verber: Tider, aspekter og stemninger<\/h3>\n\n\n\n<p>Hviderussiske verb er vidunderligt komplekse, fulde af nuancer og intriger. De har tre tider (fortid, nutid og fremtid), to aspekter (perfektiv og ufuldkommen) samt tre stemninger (vejledende, imperativ og betinget). Det, der f\u00e5r hviderussiske verb til at skille sig ud fra andre slaviske sprog, er deres omfattende brug af aspekt.<\/p>\n\n\n\n<p>Aspekt henviser til, om en handling ses som afsluttet (perfektiv) eller l\u00f8bende (ufuldkommen). Mange verber kommer parvis, der angiver de forskellige aspekter, ofte ved hj\u00e6lp af et unikt pr\u00e6fiks eller suffiks. Beherskelse af aspekt er afg\u00f8rende for at forst\u00e5 finesserne i det hviderussiske sprog.<\/p>\n\n\n\n<h3 class=\"wp-block-heading\" id=\"h-adjectives-adverbs-and-other-delights\">Adjektiver, adverb og andre l\u00e6kkerier<\/h3>\n\n\n\n<p>Hviderussiske adjektiver er enige med de navneord, de \u00e6ndrer med hensyn til k\u00f8n, antal og store og sm\u00e5 bogstaver. De har ogs\u00e5 komparative og superlative former for at udtrykke varierende grader af kvaliteter. Derudover er mange adverbier afledt af adjektiver ved blot at tilf\u00f8je endelsen &#8216;-\u0430&#8217; for maskulinum og &#8216;-\u044b&#8217; for femininum.<\/p>\n\n\n\n<p>Det hviderussiske sprog har ogs\u00e5 et fascinerende udvalg af konjunktioner, pr\u00e6positioner, tal og partikler, der hj\u00e6lper dig med at skabe detaljerede og udtryksfulde s\u00e6tninger. Med tilstr\u00e6kkelig \u00f8velse vil du snart v\u00e6re i stand til at flette dine ord sammen som en \u00e6gte hviderussisk ordsmed.<\/p>\n\n\n\n<h3 class=\"wp-block-heading\" id=\"h-in-closing-the-magic-of-belarusian-grammar\">Afslutningsvis: Magien i hviderussisk grammatik<\/h3>\n\n\n\n<p>Ved f\u00f8rste \u00f8jekast kan hviderussisk grammatik virke skr\u00e6mmende. Men n\u00e5r du dykker ned i det rige v\u00e6v af cases, aspekter og andre sproglige finurligheder, vil du opdage et sprog fuld af dybde, nuancer og udtryksfuldhed. At omfavne udfordringen med hviderussisk grammatik vil ikke kun give dig en st\u00f8rre forst\u00e5else af den slaviske familie som helhed, men ogs\u00e5 give dig adgang til en smuk og levende kultur, der venter p\u00e5 din udforskning.<\/p>\n\n\n\n<p>Nu, bev\u00e6bnet med en nyfunden forst\u00e5else af hviderussisk grammatik, hvorfor ikke dykke dybere ned i dette fascinerende sprog? Hvem ved &#8211; m\u00e5ske finder du en dag dig selv slentrende gennem Minsks gader, mens du ubesv\u00e6ret taler med de lokale p\u00e5 deres modersm\u00e5l. God forn\u00f8jelse med at l\u00e6re!<\/p>\n<\/div><\/div>\n\r\n<section class=\"learnNavigationSection\">\r\n            \r\n        <a href=\"https:\/\/talkpal.ai\/da\/laer-hviderussisk\/\">\r\n            <div class=\"learnNavigationWrapper\">\r\n                <div class=\"learnNavigationContent\">\r\n                    <img decoding=\"async\" src=\"https:\/\/talkpal.ai\/wp-content\/uploads\/2024\/08\/Belarusian.jpg\" alt=\"Belarusian Flag\">\r\n                    <div>\r\n                        <h4>Om hviderussisk l\u00e6ring<\/h4>\r\n                        <p>Find ud af alt om hviderussisk grammatik.<\/p>\r\n                    <\/div>\r\n                <\/div>\r\n            <\/div>\r\n        <\/a>\r\n\r\n        \r\n        <a href=\"https:\/\/talkpal.ai\/da\/hviderussiske-grammatikoevelser\/\">\r\n            <div class=\"learnNavigationWrapper\">\r\n                <div class=\"learnNavigationContent\">\r\n                    <img decoding=\"async\" src=\"https:\/\/talkpal.ai\/wp-content\/uploads\/2024\/08\/Belarusian.jpg\" alt=\"Belarusian Flag\">\r\n                    <div>\r\n                        <h4>Hviderussisk grammatik-\u00f8velse<\/h4>\r\n                        <p>\u00d8v hviderussisk grammatik.<\/p>\r\n                    <\/div>\r\n                <\/div>\r\n            <\/div>\r\n        <\/a>\r\n\r\n        \r\n        <a href=\"https:\/\/talkpal.ai\/vocabulary_language\/belarusian\/\">\r\n            <div class=\"learnNavigationWrapper\">\r\n                <div class=\"learnNavigationContent\">\r\n                    <img decoding=\"async\" src=\"https:\/\/talkpal.ai\/wp-content\/uploads\/2024\/08\/Belarusian.jpg\" alt=\"Belarusian Flag\">\r\n                    <div>\r\n                        <h4>Hviderussisk ordforr\u00e5d<\/h4>\r\n                        <p>Udvid dit hviderussiske ordforr\u00e5d.<\/p>\r\n                    <\/div>\r\n                <\/div>\r\n            <\/div>\r\n        <\/a>\r\n\r\n            <\/section>","protected":false},"excerpt":{"rendered":"<p>Hviderussisk grammatik: Et n\u00e6rmere kig p\u00e5 det slaviske sprogs finurligheder Er du en h\u00e5befuld polyglot med en fascination for slaviske sprog? Eller m\u00e5ske er du bare nysgerrig p\u00e5 de grammatiske finurligheder i sprog fra denne interessante region? Hvis ja, sp\u00e6nd op! I denne artikel vil vi udforske den hviderussiske grammatiks vidunderlige verden, et mindre kendt, [&hellip;]<\/p>\n","protected":false},"author":1,"featured_media":110582,"parent":0,"menu_order":0,"comment_status":"closed","ping_status":"closed","template":"LearningContentPage.php","meta":{"_acf_changed":false,"footnotes":""},"class_list":["post-141167","page","type-page","status-publish","has-post-thumbnail","hentry"],"acf":[],"yoast_head":"<!-- This site is optimized with the Yoast SEO Premium plugin v27.2 (Yoast SEO v27.2) - https:\/\/yoast.com\/product\/yoast-seo-premium-wordpress\/ -->\n<title>Hviderussisk grammatik - Talkpal<\/title>\n<meta name=\"description\" content=\"Behersk hviderussisk grammatik uden besv\u00e6r med Talkpaldin AI-drevne sprogl\u00e6rer. F\u00e5 klare forklaringer, nyttige tips og interaktive \u00f8velser!\" \/>\n<meta name=\"robots\" content=\"index, follow, max-snippet:-1, max-image-preview:large, max-video-preview:-1\" \/>\n<link rel=\"canonical\" href=\"https:\/\/talkpal.ai\/da\/hviderussisk-grammatik\/\" \/>\n<meta property=\"og:locale\" content=\"da_DK\" \/>\n<meta property=\"og:type\" content=\"article\" \/>\n<meta property=\"og:title\" content=\"Hviderussisk grammatik\" \/>\n<meta property=\"og:description\" content=\"Hviderussisk grammatik: Et n\u00e6rmere kig p\u00e5 det slaviske sprogs finurligheder Er du en h\u00e5befuld polyglot med en fascination for slaviske sprog? Eller m\u00e5ske\" \/>\n<meta property=\"og:url\" content=\"https:\/\/talkpal.ai\/da\/hviderussisk-grammatik\/\" \/>\n<meta property=\"og:site_name\" content=\"Talkpal\" \/>\n<meta property=\"article:publisher\" content=\"https:\/\/www.facebook.com\/profile.php?id=100090733639311\" \/>\n<meta property=\"article:modified_time\" content=\"2025-05-22T13:50:02+00:00\" \/>\n<meta property=\"og:image\" content=\"https:\/\/talkpal.ai\/wp-content\/uploads\/2023\/05\/belarus.png\" \/>\n\t<meta property=\"og:image:width\" content=\"512\" \/>\n\t<meta property=\"og:image:height\" content=\"512\" \/>\n\t<meta property=\"og:image:type\" content=\"image\/png\" \/>\n<meta name=\"twitter:card\" content=\"summary_large_image\" \/>\n<meta name=\"twitter:site\" content=\"@talkpalai\" \/>\n<meta name=\"twitter:label1\" content=\"Estimeret l\u00e6setid\" \/>\n\t<meta name=\"twitter:data1\" content=\"3 minutter\" \/>\n<script type=\"application\/ld+json\" class=\"yoast-schema-graph\">{\"@context\":\"https:\/\/schema.org\",\"@graph\":[{\"@type\":\"WebPage\",\"@id\":\"https:\/\/talkpal.ai\/da\/hviderussisk-grammatik\/\",\"url\":\"https:\/\/talkpal.ai\/da\/hviderussisk-grammatik\/\",\"name\":\"Hviderussisk grammatik - Talkpal\",\"isPartOf\":{\"@id\":\"https:\/\/talkpal.ai\/da\/#website\"},\"primaryImageOfPage\":{\"@id\":\"https:\/\/talkpal.ai\/da\/hviderussisk-grammatik\/#primaryimage\"},\"image\":{\"@id\":\"https:\/\/talkpal.ai\/da\/hviderussisk-grammatik\/#primaryimage\"},\"thumbnailUrl\":\"https:\/\/talkpal.ai\/wp-content\/uploads\/2023\/05\/belarus.png\",\"datePublished\":\"2023-05-14T13:59:42+00:00\",\"dateModified\":\"2025-05-22T13:50:02+00:00\",\"description\":\"Behersk hviderussisk grammatik uden besv\u00e6r med Talkpaldin AI-drevne sprogl\u00e6rer. F\u00e5 klare forklaringer, nyttige tips og interaktive \u00f8velser!\",\"breadcrumb\":{\"@id\":\"https:\/\/talkpal.ai\/da\/hviderussisk-grammatik\/#breadcrumb\"},\"inLanguage\":\"da-DK\",\"potentialAction\":[{\"@type\":\"ReadAction\",\"target\":[\"https:\/\/talkpal.ai\/da\/hviderussisk-grammatik\/\"]}]},{\"@type\":\"ImageObject\",\"inLanguage\":\"da-DK\",\"@id\":\"https:\/\/talkpal.ai\/da\/hviderussisk-grammatik\/#primaryimage\",\"url\":\"https:\/\/talkpal.ai\/wp-content\/uploads\/2023\/05\/belarus.png\",\"contentUrl\":\"https:\/\/talkpal.ai\/wp-content\/uploads\/2023\/05\/belarus.png\",\"width\":512,\"height\":512},{\"@type\":\"BreadcrumbList\",\"@id\":\"https:\/\/talkpal.ai\/da\/hviderussisk-grammatik\/#breadcrumb\",\"itemListElement\":[{\"@type\":\"ListItem\",\"position\":1,\"name\":\"Homepage\",\"item\":\"https:\/\/talkpal.ai\/da\/\"},{\"@type\":\"ListItem\",\"position\":2,\"name\":\"Hviderussisk grammatik\"}]},{\"@type\":\"WebSite\",\"@id\":\"https:\/\/talkpal.ai\/da\/#website\",\"url\":\"https:\/\/talkpal.ai\/da\/\",\"name\":\"Talkpal\",\"description\":\"AI Language Learning\",\"publisher\":{\"@id\":\"https:\/\/talkpal.ai\/da\/#organization\"},\"alternateName\":\"Talkpal AI\",\"potentialAction\":[{\"@type\":\"SearchAction\",\"target\":{\"@type\":\"EntryPoint\",\"urlTemplate\":\"https:\/\/talkpal.ai\/da\/?s={search_term_string}\"},\"query-input\":{\"@type\":\"PropertyValueSpecification\",\"valueRequired\":true,\"valueName\":\"search_term_string\"}}],\"inLanguage\":\"da-DK\"},{\"@type\":\"Organization\",\"@id\":\"https:\/\/talkpal.ai\/da\/#organization\",\"name\":\"Talkpal, Inc.\",\"alternateName\":\"Talkpal AI\",\"url\":\"https:\/\/talkpal.ai\/da\/\",\"logo\":{\"@type\":\"ImageObject\",\"inLanguage\":\"da-DK\",\"@id\":\"https:\/\/talkpal.ai\/da\/#\/schema\/logo\/image\/\",\"url\":\"https:\/\/talkpal.ai\/wp-content\/uploads\/2024\/03\/Talkpal-Logo-Icon.png\",\"contentUrl\":\"https:\/\/talkpal.ai\/wp-content\/uploads\/2024\/03\/Talkpal-Logo-Icon.png\",\"width\":2880,\"height\":2880,\"caption\":\"Talkpal, Inc.\"},\"image\":{\"@id\":\"https:\/\/talkpal.ai\/da\/#\/schema\/logo\/image\/\"},\"sameAs\":[\"https:\/\/www.facebook.com\/profile.php?id=100090733639311\",\"https:\/\/x.com\/talkpalai\",\"https:\/\/www.linkedin.com\/company\/talkpal\/\",\"https:\/\/www.youtube.com\/@TalkPal\/\",\"https:\/\/www.tiktok.com\/@talkpal\",\"https:\/\/www.instagram.com\/talkpal_ai\/\",\"https:\/\/www.crunchbase.com\/organization\/talkpal-9cde\",\"https:\/\/www.g2.com\/products\/talkpal-for-business\/\",\"https:\/\/www.trustpilot.com\/review\/talkpal.ai\",\"https:\/\/www.capterra.com\/p\/10006800\/TalkPal\/\"],\"description\":\"Talkpal is a language learning web and mobile education app, powered by the latest AI technologies, that provides engaging experiences to its customers in many different languages to help them improve their language skills. Users can chat about unlimited amount of topics with the app and use other modes to practice their language learning.\",\"email\":\"support@talkpal.ai\",\"legalName\":\"Talkpal, Inc.\",\"foundingDate\":\"2023-04-03\",\"duns\":\"118989042\",\"numberOfEmployees\":{\"@type\":\"QuantitativeValue\",\"minValue\":\"11\",\"maxValue\":\"50\"},\"publishingPrinciples\":\"https:\/\/talkpal.ai\/publishing-principles\/\",\"actionableFeedbackPolicy\":\"https:\/\/talkpal.ai\/actionable-feedback-policy\/\",\"correctionsPolicy\":\"https:\/\/talkpal.ai\/corrections-policy\/\",\"ethicsPolicy\":\"https:\/\/talkpal.ai\/ethics-policy\/\",\"diversityPolicy\":\"https:\/\/talkpal.ai\/diversity-policy\/\",\"diversityStaffingReport\":\"https:\/\/talkpal.ai\/diversity-policy\/\"}]}<\/script>\n<!-- \/ Yoast SEO Premium plugin. -->","yoast_head_json":{"title":"Hviderussisk grammatik - Talkpal","description":"Behersk hviderussisk grammatik uden besv\u00e6r med Talkpaldin AI-drevne sprogl\u00e6rer. F\u00e5 klare forklaringer, nyttige tips og interaktive \u00f8velser!","robots":{"index":"index","follow":"follow","max-snippet":"max-snippet:-1","max-image-preview":"max-image-preview:large","max-video-preview":"max-video-preview:-1"},"canonical":"https:\/\/talkpal.ai\/da\/hviderussisk-grammatik\/","og_locale":"da_DK","og_type":"article","og_title":"Hviderussisk grammatik","og_description":"Hviderussisk grammatik: Et n\u00e6rmere kig p\u00e5 det slaviske sprogs finurligheder Er du en h\u00e5befuld polyglot med en fascination for slaviske sprog? Eller m\u00e5ske","og_url":"https:\/\/talkpal.ai\/da\/hviderussisk-grammatik\/","og_site_name":"Talkpal","article_publisher":"https:\/\/www.facebook.com\/profile.php?id=100090733639311","article_modified_time":"2025-05-22T13:50:02+00:00","og_image":[{"width":512,"height":512,"url":"https:\/\/talkpal.ai\/wp-content\/uploads\/2023\/05\/belarus.png","type":"image\/png"}],"twitter_card":"summary_large_image","twitter_site":"@talkpalai","twitter_misc":{"Estimeret l\u00e6setid":"3 minutter"},"schema":{"@context":"https:\/\/schema.org","@graph":[{"@type":"WebPage","@id":"https:\/\/talkpal.ai\/da\/hviderussisk-grammatik\/","url":"https:\/\/talkpal.ai\/da\/hviderussisk-grammatik\/","name":"Hviderussisk grammatik - Talkpal","isPartOf":{"@id":"https:\/\/talkpal.ai\/da\/#website"},"primaryImageOfPage":{"@id":"https:\/\/talkpal.ai\/da\/hviderussisk-grammatik\/#primaryimage"},"image":{"@id":"https:\/\/talkpal.ai\/da\/hviderussisk-grammatik\/#primaryimage"},"thumbnailUrl":"https:\/\/talkpal.ai\/wp-content\/uploads\/2023\/05\/belarus.png","datePublished":"2023-05-14T13:59:42+00:00","dateModified":"2025-05-22T13:50:02+00:00","description":"Behersk hviderussisk grammatik uden besv\u00e6r med Talkpaldin AI-drevne sprogl\u00e6rer. F\u00e5 klare forklaringer, nyttige tips og interaktive \u00f8velser!","breadcrumb":{"@id":"https:\/\/talkpal.ai\/da\/hviderussisk-grammatik\/#breadcrumb"},"inLanguage":"da-DK","potentialAction":[{"@type":"ReadAction","target":["https:\/\/talkpal.ai\/da\/hviderussisk-grammatik\/"]}]},{"@type":"ImageObject","inLanguage":"da-DK","@id":"https:\/\/talkpal.ai\/da\/hviderussisk-grammatik\/#primaryimage","url":"https:\/\/talkpal.ai\/wp-content\/uploads\/2023\/05\/belarus.png","contentUrl":"https:\/\/talkpal.ai\/wp-content\/uploads\/2023\/05\/belarus.png","width":512,"height":512},{"@type":"BreadcrumbList","@id":"https:\/\/talkpal.ai\/da\/hviderussisk-grammatik\/#breadcrumb","itemListElement":[{"@type":"ListItem","position":1,"name":"Homepage","item":"https:\/\/talkpal.ai\/da\/"},{"@type":"ListItem","position":2,"name":"Hviderussisk grammatik"}]},{"@type":"WebSite","@id":"https:\/\/talkpal.ai\/da\/#website","url":"https:\/\/talkpal.ai\/da\/","name":"Talkpal","description":"AI Language Learning","publisher":{"@id":"https:\/\/talkpal.ai\/da\/#organization"},"alternateName":"Talkpal AI","potentialAction":[{"@type":"SearchAction","target":{"@type":"EntryPoint","urlTemplate":"https:\/\/talkpal.ai\/da\/?s={search_term_string}"},"query-input":{"@type":"PropertyValueSpecification","valueRequired":true,"valueName":"search_term_string"}}],"inLanguage":"da-DK"},{"@type":"Organization","@id":"https:\/\/talkpal.ai\/da\/#organization","name":"Talkpal, Inc.","alternateName":"Talkpal AI","url":"https:\/\/talkpal.ai\/da\/","logo":{"@type":"ImageObject","inLanguage":"da-DK","@id":"https:\/\/talkpal.ai\/da\/#\/schema\/logo\/image\/","url":"https:\/\/talkpal.ai\/wp-content\/uploads\/2024\/03\/Talkpal-Logo-Icon.png","contentUrl":"https:\/\/talkpal.ai\/wp-content\/uploads\/2024\/03\/Talkpal-Logo-Icon.png","width":2880,"height":2880,"caption":"Talkpal, Inc."},"image":{"@id":"https:\/\/talkpal.ai\/da\/#\/schema\/logo\/image\/"},"sameAs":["https:\/\/www.facebook.com\/profile.php?id=100090733639311","https:\/\/x.com\/talkpalai","https:\/\/www.linkedin.com\/company\/talkpal\/","https:\/\/www.youtube.com\/@TalkPal\/","https:\/\/www.tiktok.com\/@talkpal","https:\/\/www.instagram.com\/talkpal_ai\/","https:\/\/www.crunchbase.com\/organization\/talkpal-9cde","https:\/\/www.g2.com\/products\/talkpal-for-business\/","https:\/\/www.trustpilot.com\/review\/talkpal.ai","https:\/\/www.capterra.com\/p\/10006800\/TalkPal\/"],"description":"Talkpal is a language learning web and mobile education app, powered by the latest AI technologies, that provides engaging experiences to its customers in many different languages to help them improve their language skills. Users can chat about unlimited amount of topics with the app and use other modes to practice their language learning.","email":"support@talkpal.ai","legalName":"Talkpal, Inc.","foundingDate":"2023-04-03","duns":"118989042","numberOfEmployees":{"@type":"QuantitativeValue","minValue":"11","maxValue":"50"},"publishingPrinciples":"https:\/\/talkpal.ai\/publishing-principles\/","actionableFeedbackPolicy":"https:\/\/talkpal.ai\/actionable-feedback-policy\/","correctionsPolicy":"https:\/\/talkpal.ai\/corrections-policy\/","ethicsPolicy":"https:\/\/talkpal.ai\/ethics-policy\/","diversityPolicy":"https:\/\/talkpal.ai\/diversity-policy\/","diversityStaffingReport":"https:\/\/talkpal.ai\/diversity-policy\/"}]}},"_links":{"self":[{"href":"https:\/\/talkpal.ai\/da\/wp-json\/wp\/v2\/pages\/141167","targetHints":{"allow":["GET"]}}],"collection":[{"href":"https:\/\/talkpal.ai\/da\/wp-json\/wp\/v2\/pages"}],"about":[{"href":"https:\/\/talkpal.ai\/da\/wp-json\/wp\/v2\/types\/page"}],"author":[{"embeddable":true,"href":"https:\/\/talkpal.ai\/da\/wp-json\/wp\/v2\/users\/1"}],"replies":[{"embeddable":true,"href":"https:\/\/talkpal.ai\/da\/wp-json\/wp\/v2\/comments?post=141167"}],"version-history":[{"count":0,"href":"https:\/\/talkpal.ai\/da\/wp-json\/wp\/v2\/pages\/141167\/revisions"}],"wp:featuredmedia":[{"embeddable":true,"href":"https:\/\/talkpal.ai\/da\/wp-json\/wp\/v2\/media\/110582"}],"wp:attachment":[{"href":"https:\/\/talkpal.ai\/da\/wp-json\/wp\/v2\/media?parent=141167"}],"curies":[{"name":"wp","href":"https:\/\/api.w.org\/{rel}","templated":true}]}}