{"id":140842,"date":"2023-05-14T13:59:24","date_gmt":"2023-05-14T13:59:24","guid":{"rendered":"http:\/\/talkpal.ai\/afrikaans-grammatik\/"},"modified":"2025-05-22T19:05:27","modified_gmt":"2025-05-22T19:05:27","slug":"afrikaans-grammatik","status":"publish","type":"page","link":"https:\/\/talkpal.ai\/da\/afrikaans-grammatik\/","title":{"rendered":"Afrikaans grammatik"},"content":{"rendered":"\r\n\r\n\r\n<section class=\"languageChallengeSection\">\r\n    <div class=\"languageInfoWrapper\">\r\n        \r\n        <h1>Afrikaans grammatik<\/h1>\r\n        <p>Oplev den enkle sk\u00f8nhed i <a href=\"https:\/\/talkpal.ai\/learn-afrikaans\/\">afrikaans<\/a> ved at l\u00e6re de vigtigste grammatiske regler. Hvis du mestrer <a href=\"https:\/\/talkpal.ai\/es\/gramatica-afrikaans\/\">afrikaans grammatik<\/a>, bliver du i stand til at kommunikere effektivt og nyde den rige kultur hos dem, der taler afrikaans. Start din rejse med afrikaans-grammatik i dag, og tag dit f\u00f8rste skridt mod flydende <a href=\"https:\/\/talkpal.ai\/what-language-is-spoken-on-the-international-space-station\/\">sprog<\/a>!<\/p>\r\n\r\n                            <a class=\"getStartedHidden\" href=\"https:\/\/app.talkpal.ai\/da\/signup?lng=\">Kom i gang<\/a>\r\n        \r\n    <\/div>\r\n\r\n    <figure>\r\n    <img decoding=\"async\" width=\"768\" height=\"768\" src=\"https:\/\/talkpal.ai\/wp-content\/uploads\/2023\/06\/TalkPal-Afrikaans-768x768.png\" class=\"languageImage no-lazy\" alt=\"Language learning for global awareness\" fetchpriority=\"high\" sizes=\"(max-width: 768px) 150px, 768px\" srcset=\"https:\/\/talkpal.ai\/wp-content\/uploads\/2023\/06\/TalkPal-Afrikaans-768x768.png 768w, https:\/\/talkpal.ai\/wp-content\/uploads\/2023\/06\/TalkPal-Afrikaans-300x300.png 300w\" \/>\r\n    \r\n\r\n    <\/figure>\r\n\r\n            <a class=\"getStartedVisible\" href=\"https:\/\/app.talkpal.ai\/da\/signup?lng=\">Kom i gang<\/a>\r\n    \r\n<\/section>\r\n<section class=\"promotionalBanner\">\r\n    <p class=\"promotionalText\">Den mest effektive m\u00e5de at l\u00e6re et sprog p\u00e5<\/p>\r\n    <a class=\"promotionalLink\" href=\"https:\/\/app.talkpal.ai\/da\/signup?lng=\">Pr\u00f8v Talkpal gratis<\/a>\r\n<\/section>\n<div class=\"wp-block-group pageContainerStyle\"><div class=\"wp-block-group__inner-container is-layout-constrained wp-block-group-is-layout-constrained\">\n<h2 class=\"wp-block-heading\" id=\"h-mastering-afrikaans-grammar-your-ultimate-guide\">Mastering Afrikaans grammatik: Din ultimative guide<\/h2>\n\n\n\n<p><strong>Goeie dag<\/strong>, <a href=\"https:\/\/talkpal.ai\/talkpal-discount-for-language-enthusiasts\/\">sprogentusiaster<\/a>! Er du klar til at begive dig ud p\u00e5 en rejse ind i en verden af <a href=\"https:\/\/talkpal.ai\/es\/gramatica-afrikaans\/\">afrikaans grammatik<\/a>? Du er kommet til det rette sted. Fyldt med letforst\u00e5elig information og en konversationstone, vil denne artikel guide dig gennem det fascinerende rige af afrikaans <a href=\"https:\/\/talkpal.ai\/fr\/les\/\">grammatik<\/a>. Snart vil du v\u00e6re i stand til at konstruere s\u00e6tninger og f\u00f8re meningsfulde samtaler med indf\u00f8dte talere. S\u00e5 lad os komme i gang!<\/p>\n\n\n\n<p><strong>Men f\u00f8rst, hvorfor afrikaans grammatik?<\/strong><\/p>\n\n\n\n<p>Hvis du l\u00e6rer afrikaans, er et st\u00e6rkt fundament i grammatik afg\u00f8rende for at kunne tale, l\u00e6se og skrive flydende. Selv om afrikaans grammatik kan virke kompleks i starten, er den relativt ligetil, n\u00e5r man deler den op i mindre, mere overskuelige dele. S\u00e5 lad os begynde din rejse mod at <a href=\"https:\/\/talkpal.ai\/locations\/language-courses-in-mestre\/\">mestre<\/a> afrikaans grammatik!<\/p>\n\n\n\n<h3 class=\"wp-block-heading\" id=\"h-1-nouns-gender-and-articles\">1. Substantiver, k\u00f8n og artikler<\/h3>\n\n\n\n<p>I mods\u00e6tning til mange andre sprog har afrikanske navneord ikke k\u00f8n, hvilket g\u00f8r dem enklere at l\u00e6re. Den bestemte artikel &#8220;die&#8221; (den) <a href=\"https:\/\/talkpal.ai\/locations\/learn-french-in-bruges\/\">bruges<\/a> til alle navneord, mens de ubestemte artikler &#8220;&#8216;n&#8221; eller &#8220;een&#8221; (a\/an) ogs\u00e5 er k\u00f8nsneutrale.  <\/p>\n\n\n\n<p>For eksempel:<\/p>\n\n\n\n<p>&#8211; die hond (hunden)<\/p>\n\n\n\n<p>&#8211; &#8216;n hond (en hund)<\/p>\n\n\n\n<h3 class=\"wp-block-heading\" id=\"h-2-adjectives\">2. Adjektiver<\/h3>\n\n\n\n<p>P\u00e5 afrikaans g\u00e5r adjektiver typisk forud for substantivet, de \u00e6ndrer og er enige med substantivet i antal. Adjektiver har ikke k\u00f8nsaftale. For eksempel:<\/p>\n\n\n\n<p>&#8211; &#8216;n groot huis (et stort hus)<\/p>\n\n\n\n<p>&#8211; twee groot huise (to store huse)<\/p>\n\n\n\n<p>Nogle adjektiver kr\u00e6ver et ekstra &#8220;-e&#8221;, n\u00e5r de beskriver et substantiv i flertal:<\/p>\n\n\n\n<p>&#8211; &#8216;n ou man (en gammel mand)<\/p>\n\n\n\n<p>&#8211; twee ou manne (to gamle m\u00e6nd)<\/p>\n\n\n\n<h3 class=\"wp-block-heading\" id=\"h-3-verbs-and-tense\">3. Verb og sp\u00e6nding<\/h3>\n\n\n\n<p>Afrikaans verb er relativt lette at l\u00e6re, da de ikke er b\u00f8jet baseret p\u00e5 emnet for s\u00e6tningen. Afrikaans har ogs\u00e5 f\u00e6rre tider end mange andre sprog. For at give dig en smagspr\u00f8ve p\u00e5 afrikaans-verber, lad os diskutere regelm\u00e6ssige verber i nutid:<\/p>\n\n\n\n<p>&#8211; Ek leer (Jeg l\u00e6rer)<\/p>\n\n\n\n<p>&#8211; Jy\/u leer (du l\u00e6rer, uformelt\/formelt)<\/p>\n\n\n\n<p>&#8211; Hy\/sy\/dit leer (han\/hun\/det l\u00e6rer)<\/p>\n\n\n\n<p>&#8211; Ons\/julle leer (vi\/du l\u00e6rer alle)<\/p>\n\n\n\n<p>&#8211; Hulle leer (de l\u00e6rer)<\/p>\n\n\n\n<p>Husk, dette er kun toppen af isbjerget! N\u00e5r du skrider frem i dine studier, vil du st\u00f8de p\u00e5 forskellige andre tider og nogle uregelm\u00e6ssige verber.<\/p>\n\n\n\n<h3 class=\"wp-block-heading\" id=\"h-4-pronouns-prepositions-and-more\">4. Pronomen, pr\u00e6positioner og mere!<\/h3>\n\n\n\n<p>Afrikaans grammatik omfatter andre komponenter s\u00e5som pronomen (ek, jy, hy, sy osv.), pr\u00e6positioner (i, op, met osv.) og idiomatiske udtryk. Efterh\u00e5nden som du l\u00e6rer sproget, skal du mestre hvert af disse elementer for at kunne tale sproget flydende.<\/p>\n\n\n\n<p>Afslutningsvis kr\u00e6ver mastering af afrikaans grammatik vedholdenhed, \u00f8velse og t\u00e5lmodighed. Men n\u00e5r du f\u00f8rst har forst\u00e5et sprogets finurligheder, er du godt p\u00e5 vej til at tale med indf\u00f8dte, opleve den rige kultur og historie i den afrikaans-talende verden og uddybe din k\u00e6rlighed til sproget. Sterkte (held og lykke)!<\/p>\n<\/div><\/div>\n\r\n<section class=\"learnNavigationSection\">\r\n            \r\n        <a href=\"https:\/\/talkpal.ai\/da\/laer-afrikaans\/\">\r\n            <div class=\"learnNavigationWrapper\">\r\n                <div class=\"learnNavigationContent\">\r\n                    <img decoding=\"async\" src=\"https:\/\/talkpal.ai\/wp-content\/uploads\/2024\/08\/Afrikaans.jpg\" alt=\"South Africa Flag\">\r\n                    <div>\r\n                        <h4>Om at l\u00e6re afrikaans<\/h4>\r\n                        <p>Find ud af alt om afrikaans grammatik.<\/p>\r\n                    <\/div>\r\n                <\/div>\r\n            <\/div>\r\n        <\/a>\r\n\r\n        \r\n        <a href=\"https:\/\/talkpal.ai\/da\/afrikaans-grammatik-oevelser\/\">\r\n            <div class=\"learnNavigationWrapper\">\r\n                <div class=\"learnNavigationContent\">\r\n                    <img decoding=\"async\" src=\"https:\/\/talkpal.ai\/wp-content\/uploads\/2024\/08\/Afrikaans.jpg\" alt=\"South Africa Flag\">\r\n                    <div>\r\n                        <h4>Afrikaans grammatik-\u00f8velse<\/h4>\r\n                        <p>\u00d8v afrikaans grammatik.<\/p>\r\n                    <\/div>\r\n                <\/div>\r\n            <\/div>\r\n        <\/a>\r\n\r\n        \r\n        <a href=\"https:\/\/talkpal.ai\/vocabulary_language\/afrikaans\/\">\r\n            <div class=\"learnNavigationWrapper\">\r\n                <div class=\"learnNavigationContent\">\r\n                    <img decoding=\"async\" src=\"https:\/\/talkpal.ai\/wp-content\/uploads\/2024\/08\/Afrikaans.jpg\" alt=\"South Africa Flag\">\r\n                    <div>\r\n                        <h4>Ordforr\u00e5d p\u00e5 afrikaans<\/h4>\r\n                        <p>Udvid dit ordforr\u00e5d p\u00e5 afrikaans.<\/p>\r\n                    <\/div>\r\n                <\/div>\r\n            <\/div>\r\n        <\/a>\r\n\r\n            <\/section>","protected":false},"excerpt":{"rendered":"<p>Mastering Afrikaans grammatik: Din ultimative guide Goeie dag, sprogentusiaster! Er du klar til at begive dig ud p\u00e5 en rejse ind i en verden af afrikaans grammatik? Du er kommet til det rette sted. Fyldt med letforst\u00e5elig information og en konversationstone, vil denne artikel guide dig gennem det fascinerende rige af afrikaans grammatik. Snart vil [&hellip;]<\/p>\n","protected":false},"author":1,"featured_media":108910,"parent":0,"menu_order":0,"comment_status":"closed","ping_status":"closed","template":"LearningContentPage.php","meta":{"_acf_changed":false,"footnotes":""},"class_list":["post-140842","page","type-page","status-publish","has-post-thumbnail","hentry"],"acf":[],"yoast_head":"<!-- This site is optimized with the Yoast SEO Premium plugin v27.2 (Yoast SEO v27.2) - https:\/\/yoast.com\/product\/yoast-seo-premium-wordpress\/ -->\n<title>Afrikaans grammatik - Talkpal<\/title>\n<meta name=\"description\" content=\"Udforsk afrikaans grammatik med vores begyndervenlige guide. F\u00e5 styr p\u00e5 s\u00e6tningskonstruktionen og styrk dine samtaleevner.\" \/>\n<meta name=\"robots\" content=\"index, follow, max-snippet:-1, max-image-preview:large, max-video-preview:-1\" \/>\n<link rel=\"canonical\" href=\"https:\/\/talkpal.ai\/da\/afrikaans-grammatik\/\" \/>\n<meta property=\"og:locale\" content=\"da_DK\" \/>\n<meta property=\"og:type\" content=\"article\" \/>\n<meta property=\"og:title\" content=\"Afrikaans grammatik\" \/>\n<meta property=\"og:description\" content=\"Mastering Afrikaans grammatik: Din ultimative guide Goeie dag, sprogentusiaster! Er du klar til at begive dig ud p\u00e5 en rejse ind i en verden af afrikaans\" \/>\n<meta property=\"og:url\" content=\"https:\/\/talkpal.ai\/da\/afrikaans-grammatik\/\" \/>\n<meta property=\"og:site_name\" content=\"Talkpal\" \/>\n<meta property=\"article:publisher\" content=\"https:\/\/www.facebook.com\/profile.php?id=100090733639311\" \/>\n<meta property=\"article:modified_time\" content=\"2025-05-22T19:05:27+00:00\" \/>\n<meta property=\"og:image\" content=\"https:\/\/talkpal.ai\/wp-content\/uploads\/2023\/05\/south-africa.png\" \/>\n\t<meta property=\"og:image:width\" content=\"512\" \/>\n\t<meta property=\"og:image:height\" content=\"512\" \/>\n\t<meta property=\"og:image:type\" content=\"image\/png\" \/>\n<meta name=\"twitter:card\" content=\"summary_large_image\" \/>\n<meta name=\"twitter:site\" content=\"@talkpalai\" \/>\n<meta name=\"twitter:label1\" content=\"Estimeret l\u00e6setid\" \/>\n\t<meta name=\"twitter:data1\" content=\"2 minutter\" \/>\n<script type=\"application\/ld+json\" class=\"yoast-schema-graph\">{\"@context\":\"https:\/\/schema.org\",\"@graph\":[{\"@type\":\"WebPage\",\"@id\":\"https:\/\/talkpal.ai\/da\/afrikaans-grammatik\/\",\"url\":\"https:\/\/talkpal.ai\/da\/afrikaans-grammatik\/\",\"name\":\"Afrikaans grammatik - Talkpal\",\"isPartOf\":{\"@id\":\"https:\/\/talkpal.ai\/da\/#website\"},\"primaryImageOfPage\":{\"@id\":\"https:\/\/talkpal.ai\/da\/afrikaans-grammatik\/#primaryimage\"},\"image\":{\"@id\":\"https:\/\/talkpal.ai\/da\/afrikaans-grammatik\/#primaryimage\"},\"thumbnailUrl\":\"https:\/\/talkpal.ai\/wp-content\/uploads\/2023\/05\/south-africa.png\",\"datePublished\":\"2023-05-14T13:59:24+00:00\",\"dateModified\":\"2025-05-22T19:05:27+00:00\",\"description\":\"Udforsk afrikaans grammatik med vores begyndervenlige guide. F\u00e5 styr p\u00e5 s\u00e6tningskonstruktionen og styrk dine samtaleevner.\",\"breadcrumb\":{\"@id\":\"https:\/\/talkpal.ai\/da\/afrikaans-grammatik\/#breadcrumb\"},\"inLanguage\":\"da-DK\",\"potentialAction\":[{\"@type\":\"ReadAction\",\"target\":[\"https:\/\/talkpal.ai\/da\/afrikaans-grammatik\/\"]}]},{\"@type\":\"ImageObject\",\"inLanguage\":\"da-DK\",\"@id\":\"https:\/\/talkpal.ai\/da\/afrikaans-grammatik\/#primaryimage\",\"url\":\"https:\/\/talkpal.ai\/wp-content\/uploads\/2023\/05\/south-africa.png\",\"contentUrl\":\"https:\/\/talkpal.ai\/wp-content\/uploads\/2023\/05\/south-africa.png\",\"width\":512,\"height\":512},{\"@type\":\"BreadcrumbList\",\"@id\":\"https:\/\/talkpal.ai\/da\/afrikaans-grammatik\/#breadcrumb\",\"itemListElement\":[{\"@type\":\"ListItem\",\"position\":1,\"name\":\"Homepage\",\"item\":\"https:\/\/talkpal.ai\/da\/\"},{\"@type\":\"ListItem\",\"position\":2,\"name\":\"Afrikaans grammatik\"}]},{\"@type\":\"WebSite\",\"@id\":\"https:\/\/talkpal.ai\/da\/#website\",\"url\":\"https:\/\/talkpal.ai\/da\/\",\"name\":\"Talkpal\",\"description\":\"AI Language Learning\",\"publisher\":{\"@id\":\"https:\/\/talkpal.ai\/da\/#organization\"},\"alternateName\":\"Talkpal AI\",\"potentialAction\":[{\"@type\":\"SearchAction\",\"target\":{\"@type\":\"EntryPoint\",\"urlTemplate\":\"https:\/\/talkpal.ai\/da\/?s={search_term_string}\"},\"query-input\":{\"@type\":\"PropertyValueSpecification\",\"valueRequired\":true,\"valueName\":\"search_term_string\"}}],\"inLanguage\":\"da-DK\"},{\"@type\":\"Organization\",\"@id\":\"https:\/\/talkpal.ai\/da\/#organization\",\"name\":\"Talkpal, Inc.\",\"alternateName\":\"Talkpal AI\",\"url\":\"https:\/\/talkpal.ai\/da\/\",\"logo\":{\"@type\":\"ImageObject\",\"inLanguage\":\"da-DK\",\"@id\":\"https:\/\/talkpal.ai\/da\/#\/schema\/logo\/image\/\",\"url\":\"https:\/\/talkpal.ai\/wp-content\/uploads\/2024\/03\/Talkpal-Logo-Icon.png\",\"contentUrl\":\"https:\/\/talkpal.ai\/wp-content\/uploads\/2024\/03\/Talkpal-Logo-Icon.png\",\"width\":2880,\"height\":2880,\"caption\":\"Talkpal, Inc.\"},\"image\":{\"@id\":\"https:\/\/talkpal.ai\/da\/#\/schema\/logo\/image\/\"},\"sameAs\":[\"https:\/\/www.facebook.com\/profile.php?id=100090733639311\",\"https:\/\/x.com\/talkpalai\",\"https:\/\/www.linkedin.com\/company\/talkpal\/\",\"https:\/\/www.youtube.com\/@TalkPal\/\",\"https:\/\/www.tiktok.com\/@talkpal\",\"https:\/\/www.instagram.com\/talkpal_ai\/\",\"https:\/\/www.crunchbase.com\/organization\/talkpal-9cde\",\"https:\/\/www.g2.com\/products\/talkpal-for-business\/\",\"https:\/\/www.trustpilot.com\/review\/talkpal.ai\",\"https:\/\/www.capterra.com\/p\/10006800\/TalkPal\/\"],\"description\":\"Talkpal is a language learning web and mobile education app, powered by the latest AI technologies, that provides engaging experiences to its customers in many different languages to help them improve their language skills. Users can chat about unlimited amount of topics with the app and use other modes to practice their language learning.\",\"email\":\"support@talkpal.ai\",\"legalName\":\"Talkpal, Inc.\",\"foundingDate\":\"2023-04-03\",\"duns\":\"118989042\",\"numberOfEmployees\":{\"@type\":\"QuantitativeValue\",\"minValue\":\"11\",\"maxValue\":\"50\"},\"publishingPrinciples\":\"https:\/\/talkpal.ai\/publishing-principles\/\",\"actionableFeedbackPolicy\":\"https:\/\/talkpal.ai\/actionable-feedback-policy\/\",\"correctionsPolicy\":\"https:\/\/talkpal.ai\/corrections-policy\/\",\"ethicsPolicy\":\"https:\/\/talkpal.ai\/ethics-policy\/\",\"diversityPolicy\":\"https:\/\/talkpal.ai\/diversity-policy\/\",\"diversityStaffingReport\":\"https:\/\/talkpal.ai\/diversity-policy\/\"}]}<\/script>\n<!-- \/ Yoast SEO Premium plugin. -->","yoast_head_json":{"title":"Afrikaans grammatik - Talkpal","description":"Udforsk afrikaans grammatik med vores begyndervenlige guide. F\u00e5 styr p\u00e5 s\u00e6tningskonstruktionen og styrk dine samtaleevner.","robots":{"index":"index","follow":"follow","max-snippet":"max-snippet:-1","max-image-preview":"max-image-preview:large","max-video-preview":"max-video-preview:-1"},"canonical":"https:\/\/talkpal.ai\/da\/afrikaans-grammatik\/","og_locale":"da_DK","og_type":"article","og_title":"Afrikaans grammatik","og_description":"Mastering Afrikaans grammatik: Din ultimative guide Goeie dag, sprogentusiaster! Er du klar til at begive dig ud p\u00e5 en rejse ind i en verden af afrikaans","og_url":"https:\/\/talkpal.ai\/da\/afrikaans-grammatik\/","og_site_name":"Talkpal","article_publisher":"https:\/\/www.facebook.com\/profile.php?id=100090733639311","article_modified_time":"2025-05-22T19:05:27+00:00","og_image":[{"width":512,"height":512,"url":"https:\/\/talkpal.ai\/wp-content\/uploads\/2023\/05\/south-africa.png","type":"image\/png"}],"twitter_card":"summary_large_image","twitter_site":"@talkpalai","twitter_misc":{"Estimeret l\u00e6setid":"2 minutter"},"schema":{"@context":"https:\/\/schema.org","@graph":[{"@type":"WebPage","@id":"https:\/\/talkpal.ai\/da\/afrikaans-grammatik\/","url":"https:\/\/talkpal.ai\/da\/afrikaans-grammatik\/","name":"Afrikaans grammatik - Talkpal","isPartOf":{"@id":"https:\/\/talkpal.ai\/da\/#website"},"primaryImageOfPage":{"@id":"https:\/\/talkpal.ai\/da\/afrikaans-grammatik\/#primaryimage"},"image":{"@id":"https:\/\/talkpal.ai\/da\/afrikaans-grammatik\/#primaryimage"},"thumbnailUrl":"https:\/\/talkpal.ai\/wp-content\/uploads\/2023\/05\/south-africa.png","datePublished":"2023-05-14T13:59:24+00:00","dateModified":"2025-05-22T19:05:27+00:00","description":"Udforsk afrikaans grammatik med vores begyndervenlige guide. F\u00e5 styr p\u00e5 s\u00e6tningskonstruktionen og styrk dine samtaleevner.","breadcrumb":{"@id":"https:\/\/talkpal.ai\/da\/afrikaans-grammatik\/#breadcrumb"},"inLanguage":"da-DK","potentialAction":[{"@type":"ReadAction","target":["https:\/\/talkpal.ai\/da\/afrikaans-grammatik\/"]}]},{"@type":"ImageObject","inLanguage":"da-DK","@id":"https:\/\/talkpal.ai\/da\/afrikaans-grammatik\/#primaryimage","url":"https:\/\/talkpal.ai\/wp-content\/uploads\/2023\/05\/south-africa.png","contentUrl":"https:\/\/talkpal.ai\/wp-content\/uploads\/2023\/05\/south-africa.png","width":512,"height":512},{"@type":"BreadcrumbList","@id":"https:\/\/talkpal.ai\/da\/afrikaans-grammatik\/#breadcrumb","itemListElement":[{"@type":"ListItem","position":1,"name":"Homepage","item":"https:\/\/talkpal.ai\/da\/"},{"@type":"ListItem","position":2,"name":"Afrikaans grammatik"}]},{"@type":"WebSite","@id":"https:\/\/talkpal.ai\/da\/#website","url":"https:\/\/talkpal.ai\/da\/","name":"Talkpal","description":"AI Language Learning","publisher":{"@id":"https:\/\/talkpal.ai\/da\/#organization"},"alternateName":"Talkpal AI","potentialAction":[{"@type":"SearchAction","target":{"@type":"EntryPoint","urlTemplate":"https:\/\/talkpal.ai\/da\/?s={search_term_string}"},"query-input":{"@type":"PropertyValueSpecification","valueRequired":true,"valueName":"search_term_string"}}],"inLanguage":"da-DK"},{"@type":"Organization","@id":"https:\/\/talkpal.ai\/da\/#organization","name":"Talkpal, Inc.","alternateName":"Talkpal AI","url":"https:\/\/talkpal.ai\/da\/","logo":{"@type":"ImageObject","inLanguage":"da-DK","@id":"https:\/\/talkpal.ai\/da\/#\/schema\/logo\/image\/","url":"https:\/\/talkpal.ai\/wp-content\/uploads\/2024\/03\/Talkpal-Logo-Icon.png","contentUrl":"https:\/\/talkpal.ai\/wp-content\/uploads\/2024\/03\/Talkpal-Logo-Icon.png","width":2880,"height":2880,"caption":"Talkpal, Inc."},"image":{"@id":"https:\/\/talkpal.ai\/da\/#\/schema\/logo\/image\/"},"sameAs":["https:\/\/www.facebook.com\/profile.php?id=100090733639311","https:\/\/x.com\/talkpalai","https:\/\/www.linkedin.com\/company\/talkpal\/","https:\/\/www.youtube.com\/@TalkPal\/","https:\/\/www.tiktok.com\/@talkpal","https:\/\/www.instagram.com\/talkpal_ai\/","https:\/\/www.crunchbase.com\/organization\/talkpal-9cde","https:\/\/www.g2.com\/products\/talkpal-for-business\/","https:\/\/www.trustpilot.com\/review\/talkpal.ai","https:\/\/www.capterra.com\/p\/10006800\/TalkPal\/"],"description":"Talkpal is a language learning web and mobile education app, powered by the latest AI technologies, that provides engaging experiences to its customers in many different languages to help them improve their language skills. Users can chat about unlimited amount of topics with the app and use other modes to practice their language learning.","email":"support@talkpal.ai","legalName":"Talkpal, Inc.","foundingDate":"2023-04-03","duns":"118989042","numberOfEmployees":{"@type":"QuantitativeValue","minValue":"11","maxValue":"50"},"publishingPrinciples":"https:\/\/talkpal.ai\/publishing-principles\/","actionableFeedbackPolicy":"https:\/\/talkpal.ai\/actionable-feedback-policy\/","correctionsPolicy":"https:\/\/talkpal.ai\/corrections-policy\/","ethicsPolicy":"https:\/\/talkpal.ai\/ethics-policy\/","diversityPolicy":"https:\/\/talkpal.ai\/diversity-policy\/","diversityStaffingReport":"https:\/\/talkpal.ai\/diversity-policy\/"}]}},"_links":{"self":[{"href":"https:\/\/talkpal.ai\/da\/wp-json\/wp\/v2\/pages\/140842","targetHints":{"allow":["GET"]}}],"collection":[{"href":"https:\/\/talkpal.ai\/da\/wp-json\/wp\/v2\/pages"}],"about":[{"href":"https:\/\/talkpal.ai\/da\/wp-json\/wp\/v2\/types\/page"}],"author":[{"embeddable":true,"href":"https:\/\/talkpal.ai\/da\/wp-json\/wp\/v2\/users\/1"}],"replies":[{"embeddable":true,"href":"https:\/\/talkpal.ai\/da\/wp-json\/wp\/v2\/comments?post=140842"}],"version-history":[{"count":0,"href":"https:\/\/talkpal.ai\/da\/wp-json\/wp\/v2\/pages\/140842\/revisions"}],"wp:featuredmedia":[{"embeddable":true,"href":"https:\/\/talkpal.ai\/da\/wp-json\/wp\/v2\/media\/108910"}],"wp:attachment":[{"href":"https:\/\/talkpal.ai\/da\/wp-json\/wp\/v2\/media?parent=140842"}],"curies":[{"name":"wp","href":"https:\/\/api.w.org\/{rel}","templated":true}]}}