{"id":140496,"date":"2023-05-14T13:54:14","date_gmt":"2023-05-14T13:54:14","guid":{"rendered":"http:\/\/talkpal.ai\/armensk-grammatik\/"},"modified":"2025-05-21T10:55:49","modified_gmt":"2025-05-21T10:55:49","slug":"armensk-grammatik","status":"publish","type":"page","link":"https:\/\/talkpal.ai\/da\/armensk-grammatik\/","title":{"rendered":"Armensk grammatik"},"content":{"rendered":"\r\n\r\n\r\n<section class=\"languageChallengeSection\">\r\n    <div class=\"languageInfoWrapper\">\r\n        \r\n        <h1>Armensk grammatik<\/h1>\r\n        <p>Er du klar til at udforske et nyt <a href=\"https:\/\/talkpal.ai\/what-language-is-spoken-on-the-international-space-station\/\">sprog<\/a>? <a href=\"https:\/\/talkpal.ai\/da\/laer-armensk\/\">Armensk grammatik<\/a> er din indgang til en verden af fascinerende m\u00f8nstre og unikke traditioner! N\u00e5r du l\u00e6rer <a href=\"https:\/\/talkpal.ai\/learn-armenian\/\">armensk<\/a> <a href=\"https:\/\/talkpal.ai\/fr\/les\/\">grammatik<\/a>, vil du ikke kun mestre et sprog, men ogs\u00e5 komme i kontakt med Armeniens dybe kulturarv. Lad os dykke ned i det sammen og nyde rejsen ind i <a href=\"https:\/\/talkpal.ai\/learn-armenian\/\">armensk<\/a>!<\/p>\r\n\r\n                            <a class=\"getStartedHidden\" href=\"https:\/\/app.talkpal.ai\/da\/signup?lng=\">Kom i gang<\/a>\r\n        \r\n    <\/div>\r\n\r\n    <figure>\r\n    <img decoding=\"async\" width=\"768\" height=\"768\" src=\"https:\/\/talkpal.ai\/wp-content\/uploads\/2023\/06\/armenian-768x768.png\" class=\"languageImage no-lazy\" alt=\"Language learning for higher cognition\" fetchpriority=\"high\" sizes=\"(max-width: 768px) 150px, 768px\" srcset=\"https:\/\/talkpal.ai\/wp-content\/uploads\/2023\/06\/armenian-768x768.png 768w, https:\/\/talkpal.ai\/wp-content\/uploads\/2023\/06\/armenian-300x300.png 300w\" \/>\r\n    \r\n\r\n    <\/figure>\r\n\r\n            <a class=\"getStartedVisible\" href=\"https:\/\/app.talkpal.ai\/da\/signup?lng=\">Kom i gang<\/a>\r\n    \r\n<\/section>\r\n<section class=\"promotionalBanner\">\r\n    <p class=\"promotionalText\">Den mest effektive m\u00e5de at l\u00e6re et sprog p\u00e5<\/p>\r\n    <a class=\"promotionalLink\" href=\"https:\/\/app.talkpal.ai\/da\/signup?lng=\">Pr\u00f8v Talkpal gratis<\/a>\r\n<\/section>\n<div class=\"wp-block-group pageContainerStyle\"><div class=\"wp-block-group__inner-container is-layout-constrained wp-block-group-is-layout-constrained\">\n<h2 class=\"wp-block-heading\" id=\"h-discovering-the-richness-of-armenian-grammar\">Opdage rigdommen af armensk grammatik<\/h2>\n\n\n\n<p>Armensk, et unikt og fascinerende sprog, har en s\u00e6rskilt plads i den indoeurop\u00e6iske familie. At l\u00e6re armensk beriger ikke kun dit sproglige repertoire, men giver dig ogs\u00e5 mulighed for at dykke ned i Armeniens rige historie og kultur. Mens armensk grammatik kan virke skr\u00e6mmende ved f\u00f8rste \u00f8jekast, forenkler det processen at bryde den ned i dens v\u00e6sentlige komponenter. I denne artikel introducerer vi dig til den armenske grammatiks f\u00e6ngslende verden og giver tips til, hvordan du mestrer dens finurligheder.<\/p>\n\n\n\n<h3 class=\"wp-block-heading\" id=\"h-1-the-armenian-alphabet\">1. Det armenske alfabet<\/h3>\n\n\n\n<p>Armensk har sit s\u00e6rskilte alfabet, der best\u00e5r af 39 bogstaver, der hver repr\u00e6senterer et specifikt fonem eller en kombination af fonemer. For at l\u00e6re armensk grammatik er det vigtigt at g\u00f8re sig bekendt med dette unikke skriftsystem ved at \u00f8ve sig i at l\u00e6se og skrive armenske tekster.<\/p>\n\n\n\n<h3 class=\"wp-block-heading\" id=\"h-2-nouns-gender-and-cases\">2. Substantiver: k\u00f8n og sager<\/h3>\n\n\n\n<p>Armenske navneord har ikke grammatisk k\u00f8n som mange andre sprog. De har dog flere tilf\u00e6lde, herunder nominativ, akkusativ, dativ, genitiv, instrumentel, ablativ og lokativ. At l\u00e6re reglerne for dannelse af disse sager giver dig mulighed for bedre at forst\u00e5 og strukturere armenske s\u00e6tninger.<\/p>\n\n\n\n<h3 class=\"wp-block-heading\" id=\"h-3-verbs-conjugation-and-tense\">3. Verb: b\u00f8jning og sp\u00e6nding<\/h3>\n\n\n\n<p>Armenske verb er konjugeret efter deres sp\u00e6nding, hum\u00f8r og aspekt. Der er syv grundl\u00e6ggende tider p\u00e5 armensk, herunder nutid, ufuldkommen, perfekt, aorist, fremtid, pluperfekt og fremtid perfekt. Regelm\u00e6ssige verber f\u00f8lger specifikke b\u00f8jningsm\u00f8nstre, hvilket g\u00f8r dem relativt lette at l\u00e6re, n\u00e5r du f\u00f8rst forst\u00e5r reglerne.<\/p>\n\n\n\n<h3 class=\"wp-block-heading\" id=\"h-4-adjectives-agreement-and-placement\">4. Adjektiver: Aftale og placering<\/h3>\n\n\n\n<p>I armensk grammatik kommer adjektiver generelt f\u00f8r substantivet, de \u00e6ndrer, og de beh\u00f8ver ikke at v\u00e6re enige i tilf\u00e6lde af substantivet. Adjektiver kan dog afvises, hvis de <a href=\"https:\/\/talkpal.ai\/locations\/learn-french-in-bruges\/\">bruges<\/a> substantielt (som substantiv) eller indledes med visse demonstrative og besiddende pronomen.<\/p>\n\n\n\n<p><strong>Eksempler:<\/strong><\/p>\n\n\n\n<p>&#8211; \u057d\u0578\u0582\u0580\u0562 \u057f\u0561\u0573\u0561\u0580 (surb tachar) &#8211; helligt tempel<\/p>\n\n\n\n<p>&#8211; \u0561\u0575\u057d \u0574\u0565\u056e \u057f\u0578\u0582\u0576 (ays <a href=\"https:\/\/talkpal.ai\/locations\/language-courses-in-metz\/\">metz<\/a> tun) &#8211; dette store hus<\/p>\n\n\n\n<h3 class=\"wp-block-heading\" id=\"h-5-evidentiality-in-verbs\">5. Beviskraft i verber<\/h3>\n\n\n\n<p>Et unikt aspekt af armensk grammatik er brugen af bevism\u00e6ssige verb. Denne funktion viser kilden til en talers viden (personlig erfaring, rygter eller slutninger) om handlingen i en s\u00e6tning. At v\u00e6re opm\u00e6rksom p\u00e5 disse nuancer kan hj\u00e6lpe dig med at give kontekst og klarhed i din samtale.<\/p>\n\n\n\n<h3 class=\"wp-block-heading\" id=\"h-6-engaging-with-the-language\">6. Engagerende med sproget<\/h3>\n\n\n\n<p>Den mest effektive m\u00e5de at forst\u00e5 og internalisere armensk grammatik p\u00e5 er at regelm\u00e6ssigt interagere med sproget. Ved at l\u00e6se armensk litteratur, se film eller tv-serier og aktivt kommunikere med indf\u00f8dte, vil du styrke din forst\u00e5else af grammatikken og udvide dit ordforr\u00e5d samtidigt.<\/p>\n\n\n\n<h3 class=\"wp-block-heading\" id=\"h-conclusion\">Konklusion<\/h3>\n\n\n\n<p>Selvom armensk grammatik kan virke kompliceret, vil det at n\u00e6rme sig det trin for trin og konsekvent \u00f8ve dig med at blive dygtig til dette smukke sprog. Tag udfordringen op, n\u00e5r du begiver dig ud p\u00e5 dit armenske sprogeventyr, og du vil snart finde dig selv navigere i grammatikkens nuancer med stigende selvtillid. God forn\u00f8jelse med at studere, og nyd at udforske rigdommen af armensk grammatik!<\/p>\n<\/div><\/div>\n\r\n<section class=\"learnNavigationSection\">\r\n            \r\n        <a href=\"https:\/\/talkpal.ai\/da\/laer-armensk\/\">\r\n            <div class=\"learnNavigationWrapper\">\r\n                <div class=\"learnNavigationContent\">\r\n                    <img decoding=\"async\" src=\"https:\/\/talkpal.ai\/wp-content\/uploads\/2024\/08\/Armenian.jpg\" alt=\"Armenian Flag\">\r\n                    <div>\r\n                        <h4>Om armensk l\u00e6ring<\/h4>\r\n                        <p>Find ud af alt om armensk grammatik.<\/p>\r\n                    <\/div>\r\n                <\/div>\r\n            <\/div>\r\n        <\/a>\r\n\r\n        \r\n        <a href=\"https:\/\/talkpal.ai\/da\/armenske-grammatikoevelser\/\">\r\n            <div class=\"learnNavigationWrapper\">\r\n                <div class=\"learnNavigationContent\">\r\n                    <img decoding=\"async\" src=\"https:\/\/talkpal.ai\/wp-content\/uploads\/2024\/08\/Armenian.jpg\" alt=\"Armenian Flag\">\r\n                    <div>\r\n                        <h4>Armensk grammatik-\u00f8velse<\/h4>\r\n                        <p>\u00d8v armensk grammatik.<\/p>\r\n                    <\/div>\r\n                <\/div>\r\n            <\/div>\r\n        <\/a>\r\n\r\n        \r\n        <a href=\"https:\/\/talkpal.ai\/vocabulary_language\/armenian\/\">\r\n            <div class=\"learnNavigationWrapper\">\r\n                <div class=\"learnNavigationContent\">\r\n                    <img decoding=\"async\" src=\"https:\/\/talkpal.ai\/wp-content\/uploads\/2024\/08\/Armenian.jpg\" alt=\"Armenian Flag\">\r\n                    <div>\r\n                        <h4>Armensk ordforr\u00e5d<\/h4>\r\n                        <p>Udvid dit armenske ordforr\u00e5d.<\/p>\r\n                    <\/div>\r\n                <\/div>\r\n            <\/div>\r\n        <\/a>\r\n\r\n            <\/section>","protected":false},"excerpt":{"rendered":"<p>Opdage rigdommen af armensk grammatik Armensk, et unikt og fascinerende sprog, har en s\u00e6rskilt plads i den indoeurop\u00e6iske familie. At l\u00e6re armensk beriger ikke kun dit sproglige repertoire, men giver dig ogs\u00e5 mulighed for at dykke ned i Armeniens rige historie og kultur. Mens armensk grammatik kan virke skr\u00e6mmende ved f\u00f8rste \u00f8jekast, forenkler det processen [&hellip;]<\/p>\n","protected":false},"author":1,"featured_media":109109,"parent":0,"menu_order":0,"comment_status":"closed","ping_status":"closed","template":"LearningContentPage.php","meta":{"_acf_changed":false,"footnotes":""},"class_list":["post-140496","page","type-page","status-publish","has-post-thumbnail","hentry"],"acf":[],"yoast_head":"<!-- This site is optimized with the Yoast SEO Premium plugin v27.2 (Yoast SEO v27.2) - https:\/\/yoast.com\/product\/yoast-seo-premium-wordpress\/ -->\n<title>Armensk grammatik - Talkpal<\/title>\n<meta name=\"description\" content=\"Afsl\u00f8r hemmelighederne bag armensk grammatik, og udforsk Armeniens rige kultur, mens du mestrer dette fascinerende sprog.\" \/>\n<meta name=\"robots\" content=\"index, follow, max-snippet:-1, max-image-preview:large, max-video-preview:-1\" \/>\n<link rel=\"canonical\" href=\"https:\/\/talkpal.ai\/da\/armensk-grammatik\/\" \/>\n<meta property=\"og:locale\" content=\"da_DK\" \/>\n<meta property=\"og:type\" content=\"article\" \/>\n<meta property=\"og:title\" content=\"Armensk grammatik\" \/>\n<meta property=\"og:description\" content=\"Opdage rigdommen af armensk grammatik Armensk, et unikt og fascinerende sprog, har en s\u00e6rskilt plads i den indoeurop\u00e6iske familie. At l\u00e6re armensk beriger\" \/>\n<meta property=\"og:url\" content=\"https:\/\/talkpal.ai\/da\/armensk-grammatik\/\" \/>\n<meta property=\"og:site_name\" content=\"Talkpal\" \/>\n<meta property=\"article:publisher\" content=\"https:\/\/www.facebook.com\/profile.php?id=100090733639311\" \/>\n<meta property=\"article:modified_time\" content=\"2025-05-21T10:55:49+00:00\" \/>\n<meta property=\"og:image\" content=\"https:\/\/talkpal.ai\/wp-content\/uploads\/2023\/05\/armenia.png\" \/>\n\t<meta property=\"og:image:width\" content=\"512\" \/>\n\t<meta property=\"og:image:height\" content=\"512\" \/>\n\t<meta property=\"og:image:type\" content=\"image\/png\" \/>\n<meta name=\"twitter:card\" content=\"summary_large_image\" \/>\n<meta name=\"twitter:site\" content=\"@talkpalai\" \/>\n<meta name=\"twitter:label1\" content=\"Estimeret l\u00e6setid\" \/>\n\t<meta name=\"twitter:data1\" content=\"3 minutter\" \/>\n<script type=\"application\/ld+json\" class=\"yoast-schema-graph\">{\"@context\":\"https:\/\/schema.org\",\"@graph\":[{\"@type\":\"WebPage\",\"@id\":\"https:\/\/talkpal.ai\/da\/armensk-grammatik\/\",\"url\":\"https:\/\/talkpal.ai\/da\/armensk-grammatik\/\",\"name\":\"Armensk grammatik - Talkpal\",\"isPartOf\":{\"@id\":\"https:\/\/talkpal.ai\/da\/#website\"},\"primaryImageOfPage\":{\"@id\":\"https:\/\/talkpal.ai\/da\/armensk-grammatik\/#primaryimage\"},\"image\":{\"@id\":\"https:\/\/talkpal.ai\/da\/armensk-grammatik\/#primaryimage\"},\"thumbnailUrl\":\"https:\/\/talkpal.ai\/wp-content\/uploads\/2023\/05\/armenia.png\",\"datePublished\":\"2023-05-14T13:54:14+00:00\",\"dateModified\":\"2025-05-21T10:55:49+00:00\",\"description\":\"Afsl\u00f8r hemmelighederne bag armensk grammatik, og udforsk Armeniens rige kultur, mens du mestrer dette fascinerende sprog.\",\"breadcrumb\":{\"@id\":\"https:\/\/talkpal.ai\/da\/armensk-grammatik\/#breadcrumb\"},\"inLanguage\":\"da-DK\",\"potentialAction\":[{\"@type\":\"ReadAction\",\"target\":[\"https:\/\/talkpal.ai\/da\/armensk-grammatik\/\"]}]},{\"@type\":\"ImageObject\",\"inLanguage\":\"da-DK\",\"@id\":\"https:\/\/talkpal.ai\/da\/armensk-grammatik\/#primaryimage\",\"url\":\"https:\/\/talkpal.ai\/wp-content\/uploads\/2023\/05\/armenia.png\",\"contentUrl\":\"https:\/\/talkpal.ai\/wp-content\/uploads\/2023\/05\/armenia.png\",\"width\":512,\"height\":512},{\"@type\":\"BreadcrumbList\",\"@id\":\"https:\/\/talkpal.ai\/da\/armensk-grammatik\/#breadcrumb\",\"itemListElement\":[{\"@type\":\"ListItem\",\"position\":1,\"name\":\"Homepage\",\"item\":\"https:\/\/talkpal.ai\/da\/\"},{\"@type\":\"ListItem\",\"position\":2,\"name\":\"Armensk grammatik\"}]},{\"@type\":\"WebSite\",\"@id\":\"https:\/\/talkpal.ai\/da\/#website\",\"url\":\"https:\/\/talkpal.ai\/da\/\",\"name\":\"Talkpal\",\"description\":\"AI Language Learning\",\"publisher\":{\"@id\":\"https:\/\/talkpal.ai\/da\/#organization\"},\"alternateName\":\"Talkpal AI\",\"potentialAction\":[{\"@type\":\"SearchAction\",\"target\":{\"@type\":\"EntryPoint\",\"urlTemplate\":\"https:\/\/talkpal.ai\/da\/?s={search_term_string}\"},\"query-input\":{\"@type\":\"PropertyValueSpecification\",\"valueRequired\":true,\"valueName\":\"search_term_string\"}}],\"inLanguage\":\"da-DK\"},{\"@type\":\"Organization\",\"@id\":\"https:\/\/talkpal.ai\/da\/#organization\",\"name\":\"Talkpal, Inc.\",\"alternateName\":\"Talkpal AI\",\"url\":\"https:\/\/talkpal.ai\/da\/\",\"logo\":{\"@type\":\"ImageObject\",\"inLanguage\":\"da-DK\",\"@id\":\"https:\/\/talkpal.ai\/da\/#\/schema\/logo\/image\/\",\"url\":\"https:\/\/talkpal.ai\/wp-content\/uploads\/2024\/03\/Talkpal-Logo-Icon.png\",\"contentUrl\":\"https:\/\/talkpal.ai\/wp-content\/uploads\/2024\/03\/Talkpal-Logo-Icon.png\",\"width\":2880,\"height\":2880,\"caption\":\"Talkpal, Inc.\"},\"image\":{\"@id\":\"https:\/\/talkpal.ai\/da\/#\/schema\/logo\/image\/\"},\"sameAs\":[\"https:\/\/www.facebook.com\/profile.php?id=100090733639311\",\"https:\/\/x.com\/talkpalai\",\"https:\/\/www.linkedin.com\/company\/talkpal\/\",\"https:\/\/www.youtube.com\/@TalkPal\/\",\"https:\/\/www.tiktok.com\/@talkpal\",\"https:\/\/www.instagram.com\/talkpal_ai\/\",\"https:\/\/www.crunchbase.com\/organization\/talkpal-9cde\",\"https:\/\/www.g2.com\/products\/talkpal-for-business\/\",\"https:\/\/www.trustpilot.com\/review\/talkpal.ai\",\"https:\/\/www.capterra.com\/p\/10006800\/TalkPal\/\"],\"description\":\"Talkpal is a language learning web and mobile education app, powered by the latest AI technologies, that provides engaging experiences to its customers in many different languages to help them improve their language skills. Users can chat about unlimited amount of topics with the app and use other modes to practice their language learning.\",\"email\":\"support@talkpal.ai\",\"legalName\":\"Talkpal, Inc.\",\"foundingDate\":\"2023-04-03\",\"duns\":\"118989042\",\"numberOfEmployees\":{\"@type\":\"QuantitativeValue\",\"minValue\":\"11\",\"maxValue\":\"50\"},\"publishingPrinciples\":\"https:\/\/talkpal.ai\/publishing-principles\/\",\"actionableFeedbackPolicy\":\"https:\/\/talkpal.ai\/actionable-feedback-policy\/\",\"correctionsPolicy\":\"https:\/\/talkpal.ai\/corrections-policy\/\",\"ethicsPolicy\":\"https:\/\/talkpal.ai\/ethics-policy\/\",\"diversityPolicy\":\"https:\/\/talkpal.ai\/diversity-policy\/\",\"diversityStaffingReport\":\"https:\/\/talkpal.ai\/diversity-policy\/\"}]}<\/script>\n<!-- \/ Yoast SEO Premium plugin. -->","yoast_head_json":{"title":"Armensk grammatik - Talkpal","description":"Afsl\u00f8r hemmelighederne bag armensk grammatik, og udforsk Armeniens rige kultur, mens du mestrer dette fascinerende sprog.","robots":{"index":"index","follow":"follow","max-snippet":"max-snippet:-1","max-image-preview":"max-image-preview:large","max-video-preview":"max-video-preview:-1"},"canonical":"https:\/\/talkpal.ai\/da\/armensk-grammatik\/","og_locale":"da_DK","og_type":"article","og_title":"Armensk grammatik","og_description":"Opdage rigdommen af armensk grammatik Armensk, et unikt og fascinerende sprog, har en s\u00e6rskilt plads i den indoeurop\u00e6iske familie. At l\u00e6re armensk beriger","og_url":"https:\/\/talkpal.ai\/da\/armensk-grammatik\/","og_site_name":"Talkpal","article_publisher":"https:\/\/www.facebook.com\/profile.php?id=100090733639311","article_modified_time":"2025-05-21T10:55:49+00:00","og_image":[{"width":512,"height":512,"url":"https:\/\/talkpal.ai\/wp-content\/uploads\/2023\/05\/armenia.png","type":"image\/png"}],"twitter_card":"summary_large_image","twitter_site":"@talkpalai","twitter_misc":{"Estimeret l\u00e6setid":"3 minutter"},"schema":{"@context":"https:\/\/schema.org","@graph":[{"@type":"WebPage","@id":"https:\/\/talkpal.ai\/da\/armensk-grammatik\/","url":"https:\/\/talkpal.ai\/da\/armensk-grammatik\/","name":"Armensk grammatik - Talkpal","isPartOf":{"@id":"https:\/\/talkpal.ai\/da\/#website"},"primaryImageOfPage":{"@id":"https:\/\/talkpal.ai\/da\/armensk-grammatik\/#primaryimage"},"image":{"@id":"https:\/\/talkpal.ai\/da\/armensk-grammatik\/#primaryimage"},"thumbnailUrl":"https:\/\/talkpal.ai\/wp-content\/uploads\/2023\/05\/armenia.png","datePublished":"2023-05-14T13:54:14+00:00","dateModified":"2025-05-21T10:55:49+00:00","description":"Afsl\u00f8r hemmelighederne bag armensk grammatik, og udforsk Armeniens rige kultur, mens du mestrer dette fascinerende sprog.","breadcrumb":{"@id":"https:\/\/talkpal.ai\/da\/armensk-grammatik\/#breadcrumb"},"inLanguage":"da-DK","potentialAction":[{"@type":"ReadAction","target":["https:\/\/talkpal.ai\/da\/armensk-grammatik\/"]}]},{"@type":"ImageObject","inLanguage":"da-DK","@id":"https:\/\/talkpal.ai\/da\/armensk-grammatik\/#primaryimage","url":"https:\/\/talkpal.ai\/wp-content\/uploads\/2023\/05\/armenia.png","contentUrl":"https:\/\/talkpal.ai\/wp-content\/uploads\/2023\/05\/armenia.png","width":512,"height":512},{"@type":"BreadcrumbList","@id":"https:\/\/talkpal.ai\/da\/armensk-grammatik\/#breadcrumb","itemListElement":[{"@type":"ListItem","position":1,"name":"Homepage","item":"https:\/\/talkpal.ai\/da\/"},{"@type":"ListItem","position":2,"name":"Armensk grammatik"}]},{"@type":"WebSite","@id":"https:\/\/talkpal.ai\/da\/#website","url":"https:\/\/talkpal.ai\/da\/","name":"Talkpal","description":"AI Language Learning","publisher":{"@id":"https:\/\/talkpal.ai\/da\/#organization"},"alternateName":"Talkpal AI","potentialAction":[{"@type":"SearchAction","target":{"@type":"EntryPoint","urlTemplate":"https:\/\/talkpal.ai\/da\/?s={search_term_string}"},"query-input":{"@type":"PropertyValueSpecification","valueRequired":true,"valueName":"search_term_string"}}],"inLanguage":"da-DK"},{"@type":"Organization","@id":"https:\/\/talkpal.ai\/da\/#organization","name":"Talkpal, Inc.","alternateName":"Talkpal AI","url":"https:\/\/talkpal.ai\/da\/","logo":{"@type":"ImageObject","inLanguage":"da-DK","@id":"https:\/\/talkpal.ai\/da\/#\/schema\/logo\/image\/","url":"https:\/\/talkpal.ai\/wp-content\/uploads\/2024\/03\/Talkpal-Logo-Icon.png","contentUrl":"https:\/\/talkpal.ai\/wp-content\/uploads\/2024\/03\/Talkpal-Logo-Icon.png","width":2880,"height":2880,"caption":"Talkpal, Inc."},"image":{"@id":"https:\/\/talkpal.ai\/da\/#\/schema\/logo\/image\/"},"sameAs":["https:\/\/www.facebook.com\/profile.php?id=100090733639311","https:\/\/x.com\/talkpalai","https:\/\/www.linkedin.com\/company\/talkpal\/","https:\/\/www.youtube.com\/@TalkPal\/","https:\/\/www.tiktok.com\/@talkpal","https:\/\/www.instagram.com\/talkpal_ai\/","https:\/\/www.crunchbase.com\/organization\/talkpal-9cde","https:\/\/www.g2.com\/products\/talkpal-for-business\/","https:\/\/www.trustpilot.com\/review\/talkpal.ai","https:\/\/www.capterra.com\/p\/10006800\/TalkPal\/"],"description":"Talkpal is a language learning web and mobile education app, powered by the latest AI technologies, that provides engaging experiences to its customers in many different languages to help them improve their language skills. Users can chat about unlimited amount of topics with the app and use other modes to practice their language learning.","email":"support@talkpal.ai","legalName":"Talkpal, Inc.","foundingDate":"2023-04-03","duns":"118989042","numberOfEmployees":{"@type":"QuantitativeValue","minValue":"11","maxValue":"50"},"publishingPrinciples":"https:\/\/talkpal.ai\/publishing-principles\/","actionableFeedbackPolicy":"https:\/\/talkpal.ai\/actionable-feedback-policy\/","correctionsPolicy":"https:\/\/talkpal.ai\/corrections-policy\/","ethicsPolicy":"https:\/\/talkpal.ai\/ethics-policy\/","diversityPolicy":"https:\/\/talkpal.ai\/diversity-policy\/","diversityStaffingReport":"https:\/\/talkpal.ai\/diversity-policy\/"}]}},"_links":{"self":[{"href":"https:\/\/talkpal.ai\/da\/wp-json\/wp\/v2\/pages\/140496","targetHints":{"allow":["GET"]}}],"collection":[{"href":"https:\/\/talkpal.ai\/da\/wp-json\/wp\/v2\/pages"}],"about":[{"href":"https:\/\/talkpal.ai\/da\/wp-json\/wp\/v2\/types\/page"}],"author":[{"embeddable":true,"href":"https:\/\/talkpal.ai\/da\/wp-json\/wp\/v2\/users\/1"}],"replies":[{"embeddable":true,"href":"https:\/\/talkpal.ai\/da\/wp-json\/wp\/v2\/comments?post=140496"}],"version-history":[{"count":0,"href":"https:\/\/talkpal.ai\/da\/wp-json\/wp\/v2\/pages\/140496\/revisions"}],"wp:featuredmedia":[{"embeddable":true,"href":"https:\/\/talkpal.ai\/da\/wp-json\/wp\/v2\/media\/109109"}],"wp:attachment":[{"href":"https:\/\/talkpal.ai\/da\/wp-json\/wp\/v2\/media?parent=140496"}],"curies":[{"name":"wp","href":"https:\/\/api.w.org\/{rel}","templated":true}]}}