{"id":140199,"date":"2023-05-14T13:53:48","date_gmt":"2023-05-14T13:53:48","guid":{"rendered":"http:\/\/talkpal.ai\/aserbajdsjansk-grammatik\/"},"modified":"2025-05-22T08:22:59","modified_gmt":"2025-05-22T08:22:59","slug":"aserbajdsjansk-grammatik","status":"publish","type":"page","link":"https:\/\/talkpal.ai\/da\/aserbajdsjansk-grammatik\/","title":{"rendered":"Aserbajdsjansk grammatik"},"content":{"rendered":"\r\n\r\n\r\n<section class=\"languageChallengeSection\">\r\n    <div class=\"languageInfoWrapper\">\r\n        \r\n        <h1>Aserbajdsjansk grammatik<\/h1>\r\n        <p>Er du klar til at \u00e5bne op for sk\u00f8nheden i det aserbajdsjanske <a href=\"https:\/\/talkpal.ai\/what-language-is-spoken-on-the-international-space-station\/\">sprog<\/a>? Dyk ned i <a href=\"https:\/\/talkpal.ai\/sv\/grammar\/obestamd-artikel-i-azerbajdzjansk-grammatik\/\">aserbajdsjansk grammatik<\/a> og opdag dens unikke struktur, fra vokalharmoni til udtryksfulde verbalformer. Begynd at l\u00e6re i dag, og oplev, hvordan beherskelse af grammatik virkelig \u00e5bner din vej til flydende samtale og en dybere forst\u00e5else af <a href=\"https:\/\/talkpal.ai\/learn-azerbaijani\/\">aserbajdsjansk<\/a> kultur!<\/p>\r\n\r\n                            <a class=\"getStartedHidden\" href=\"https:\/\/app.talkpal.ai\/da\/signup?lng=\">Kom i gang<\/a>\r\n        \r\n    <\/div>\r\n\r\n    <figure>\r\n    <img decoding=\"async\" width=\"768\" height=\"768\" src=\"https:\/\/talkpal.ai\/wp-content\/uploads\/2023\/06\/azerbaijani-768x768.png\" class=\"languageImage no-lazy\" alt=\"Language learning for enhanced cognitive skills\" fetchpriority=\"high\" sizes=\"(max-width: 768px) 150px, 768px\" srcset=\"https:\/\/talkpal.ai\/wp-content\/uploads\/2023\/06\/azerbaijani-768x768.png 768w, https:\/\/talkpal.ai\/wp-content\/uploads\/2023\/06\/azerbaijani-300x300.png 300w\" \/>\r\n    \r\n\r\n    <\/figure>\r\n\r\n            <a class=\"getStartedVisible\" href=\"https:\/\/app.talkpal.ai\/da\/signup?lng=\">Kom i gang<\/a>\r\n    \r\n<\/section>\r\n<section class=\"promotionalBanner\">\r\n    <p class=\"promotionalText\">Den mest effektive m\u00e5de at l\u00e6re et sprog p\u00e5<\/p>\r\n    <a class=\"promotionalLink\" href=\"https:\/\/app.talkpal.ai\/da\/signup?lng=\">Pr\u00f8v Talkpal gratis<\/a>\r\n<\/section>\n<div class=\"wp-block-group pageContainerStyle\"><div class=\"wp-block-group__inner-container is-layout-constrained wp-block-group-is-layout-constrained\">\n<h2 class=\"wp-block-heading\" id=\"h-a-comprehensive-guide-to-azerbaijani-grammar\">En omfattende guide til aserbajdsjansk grammatik<\/h2>\n\n\n\n<p>Har du nogensinde t\u00e6nkt p\u00e5 at l\u00e6re aserbajdsjansk? Som det officielle sprog i Aserbajdsjan og talt af millioner af mennesker i Kaukasus-regionen er aserbajdsjansk et unikt og fascinerende sprog. Med en rig historie, forskelligartet kultur og en blanding af p\u00e5virkninger fra tyrkiske, russiske og persiske sprog giver aserbajdsjansk en unik sproglig oplevelse. Men frygt ikke, min ven! I denne artikel vil vi afd\u00e6kke vidunderne i aserbajdsjansk grammatik, hvilket g\u00f8r det tilg\u00e6ngeligt, og t\u00f8r jeg sige, behageligt for <a href=\"https:\/\/talkpal.ai\/talkpal-discount-for-language-enthusiasts\/\">sprogentusiaster<\/a> som dig.<\/p>\n\n\n\n<p><strong>Lad os begynde, skal vi?<\/strong><\/p>\n\n\n\n<h3 class=\"wp-block-heading\" id=\"h-1-the-azerbaijani-alphabet-a-fusion-of-beauty-and-simplicity\">1. Det aserbajdsjanske alfabet: en fusion af sk\u00f8nhed og enkelhed<\/h3>\n\n\n\n<p>Det aserbajdsjanske alfabet er baseret p\u00e5 det latinske script, der best\u00e5r af 32 bogstaver. Bare rolig, du beh\u00f8ver ikke at dechifrere kryptiske tegn, da det ligner det engelske alfabet. Nogle bogstaver har dog unikke accenter og diakritiske m\u00e6rker for at repr\u00e6sentere specifikke aserbajdsjanske lyde. Hvad er det vigtigste at tage med sig? At <a href=\"https:\/\/talkpal.ai\/locations\/language-courses-in-mestre\/\">mestre<\/a> alfabetet er det f\u00f8rste <a href=\"https:\/\/talkpal.ai\/locations\/language-courses-in-lille\/\">lille<\/a>, men vigtige skridt i at l\u00e6re sproget.<\/p>\n\n\n\n<h3 class=\"wp-block-heading\" id=\"h-2-word-order-simple-as-s-o-v\">2. Ordstilling: Enkel som S-O-V!<\/h3>\n\n\n\n<p>I mods\u00e6tning til <a href=\"https:\/\/talkpal.ai\/learn-english-with-ai\/\">engelsk<\/a>, der f\u00f8lger en emne-verb-objekt (SVO) ordr\u00e6kkef\u00f8lge, er aserbajdsjansk et SOV-sprog. Det betyder, at du normalt finder emnet i begyndelsen af en s\u00e6tning, efterfulgt af objektet og slutter med verbet. Det virker m\u00e5ske lidt underligt i starten, men tro mig, du f\u00e5r hurtigt styr p\u00e5 det! P\u00e5 engelsk siger vi for eksempel &#8220;I love Azerbaijan&#8221;. P\u00e5 aserbajdsjansk ville s\u00e6tningen v\u00e6re &#8220;M\u0259n Az\u0259rbaycan\u0131 sevir\u0259m&#8221; (bogstaveligt talt: &#8220;Jeg elsker Aserbajdsjan&#8221;). Stykke kage, ikke?<\/p>\n\n\n\n<h3 class=\"wp-block-heading\" id=\"h-3-noun-cases-a-colorful-display-of-linguistic-variety\">3. Substantivsager: En farverig visning af sproglig variation<\/h3>\n\n\n\n<p>Et af de mest sl\u00e5ende tr\u00e6k ved aserbajdsjansk grammatik er dets substantivsager. Sproget kan prale af seks forskellige sager, der hver tjener en bestemt funktion. Disse er: nominativ , genitiv, dativ, akkusativ, lokativ og ablativ. Nu lyder det m\u00e5ske skr\u00e6mmende, men frygt ikke! Ligesom at male et billede med forskellige farver, tilf\u00f8jer disse tilf\u00e6lde dybde og mening til dine s\u00e6tninger. For eksempel kan &#8220;kitab&#8221; (bog) blive til &#8220;kitab\u0131n&#8221; (af bogen) for at vise, at man er i besiddelse af den. Efterh\u00e5nden som du bliver fortrolig med disse tilf\u00e6lde, vil du begynde at forst\u00e5 deres betydning for sproget.<\/p>\n\n\n\n<h3 class=\"wp-block-heading\" id=\"h-4-verb-conjugation-express-yourself-with-ease\">4. Verbb\u00f8jning: Udtryk dig selv med lethed<\/h3>\n\n\n\n<p>Aserbajdsjanske verb er rige og udtryksfulde, s\u00e5 du kan formidle en bred vifte af handlinger, f\u00f8lelser, intentioner og meget mere. N\u00f8glen til at mestre aserbajdsjansk verbb\u00f8jning ligger i at forst\u00e5 infinitivformen (verbets grundl\u00e6ggende, ukonjugerede form) og forskellige suffikser, der angiver sp\u00e6nding, person og tal. For eksempel kan infinitiven &#8220;g\u00f6rm\u0259k&#8221; (at se) blive til &#8220;g\u00f6r\u00fcr\u0259m&#8221; (jeg ser) eller &#8220;g\u00f6rd\u00fcm&#8221; (jeg s\u00e5) ved hj\u00e6lp af b\u00f8jningens magi. \u00d8velse g\u00f8r mester, s\u00e5 bliv ved med det, s\u00e5 bliver du en \u00f8rn til at b\u00f8je verber p\u00e5 ingen tid!<\/p>\n\n\n\n<h3 class=\"wp-block-heading\" id=\"h-5-it-s-all-about-the-context-dig-deep-into-the-azerbaijani-mindset\">5. Det handler om konteksten: Grav dybt i det aserbajdsjanske mindset!<\/h3>\n\n\n\n<p>N\u00e5r du begynder at sammens\u00e6tte s\u00e6tninger og fordybe dig i det aserbajdsjanske sprog, skal du altid huske p\u00e5, at konteksten er afg\u00f8rende. Den aserbajdsjanske kultur, historie og verdensbillede spiller en stor rolle i udformningen af sproget. Derfor, som man siger, &#8220;n\u00e5r du er i Rom, s\u00e5 g\u00f8r som romerne&#8221;. Dyk ned i den aserbajdsjanske tankegang for at f\u00e5 en \u00e6gte fornemmelse af sproget. Engagere sig med indf\u00f8dte, udforske lokal litteratur og omfavne sprogets idiosynkrasier. Tro mig, du vil ikke kun forbedre dine sprogkundskaber, men ogs\u00e5 f\u00e5 uforglemmelige oplevelser og minder.<\/p>\n\n\n\n<p>Konklusionen er, at aserbajdsjansk grammatik kan virke udfordrende i starten, men med engagement, \u00f8velse og en stor interesse for kulturen bliver du professionel p\u00e5 ingen tid! S\u00e5 hvorfor vente? Tag springet og g\u00e5 i gang med dette sp\u00e6ndende sproglige eventyr, der vil efterlade dig i \u00e6refrygt for sk\u00f8nheden og dybden af det aserbajdsjanske sprog.<\/p>\n<\/div><\/div>\n\r\n<section class=\"learnNavigationSection\">\r\n            \r\n        <a href=\"https:\/\/talkpal.ai\/da\/laer-aserbajdsjansk\/\">\r\n            <div class=\"learnNavigationWrapper\">\r\n                <div class=\"learnNavigationContent\">\r\n                    <img decoding=\"async\" src=\"https:\/\/talkpal.ai\/wp-content\/uploads\/2024\/08\/Azerbaijani.jpg\" alt=\"Azerbaijani Flag\">\r\n                    <div>\r\n                        <h4>Om aserbajdsjansk l\u00e6ring<\/h4>\r\n                        <p>Find ud af alt om aserbajdsjansk grammatik.<\/p>\r\n                    <\/div>\r\n                <\/div>\r\n            <\/div>\r\n        <\/a>\r\n\r\n        \r\n        <a href=\"https:\/\/talkpal.ai\/da\/aserbajdsjanske-grammatikoevelser\/\">\r\n            <div class=\"learnNavigationWrapper\">\r\n                <div class=\"learnNavigationContent\">\r\n                    <img decoding=\"async\" src=\"https:\/\/talkpal.ai\/wp-content\/uploads\/2024\/08\/Azerbaijani.jpg\" alt=\"Azerbaijani Flag\">\r\n                    <div>\r\n                        <h4>Aserbajdsjansk grammatik-\u00f8velse<\/h4>\r\n                        <p>\u00d8v aserbajdsjansk grammatik.<\/p>\r\n                    <\/div>\r\n                <\/div>\r\n            <\/div>\r\n        <\/a>\r\n\r\n        \r\n        <a href=\"https:\/\/talkpal.ai\/vocabulary_language\/azerbaijani\/\">\r\n            <div class=\"learnNavigationWrapper\">\r\n                <div class=\"learnNavigationContent\">\r\n                    <img decoding=\"async\" src=\"https:\/\/talkpal.ai\/wp-content\/uploads\/2024\/08\/Azerbaijani.jpg\" alt=\"Azerbaijani Flag\">\r\n                    <div>\r\n                        <h4>Aserbajdsjansk ordforr\u00e5d<\/h4>\r\n                        <p>Udvid dit aserbajdsjanske ordforr\u00e5d.<\/p>\r\n                    <\/div>\r\n                <\/div>\r\n            <\/div>\r\n        <\/a>\r\n\r\n            <\/section>","protected":false},"excerpt":{"rendered":"<p>En omfattende guide til aserbajdsjansk grammatik Har du nogensinde t\u00e6nkt p\u00e5 at l\u00e6re aserbajdsjansk? Som det officielle sprog i Aserbajdsjan og talt af millioner af mennesker i Kaukasus-regionen er aserbajdsjansk et unikt og fascinerende sprog. Med en rig historie, forskelligartet kultur og en blanding af p\u00e5virkninger fra tyrkiske, russiske og persiske sprog giver aserbajdsjansk en [&hellip;]<\/p>\n","protected":false},"author":1,"featured_media":109396,"parent":0,"menu_order":0,"comment_status":"closed","ping_status":"closed","template":"LearningContentPage.php","meta":{"_acf_changed":false,"footnotes":""},"class_list":["post-140199","page","type-page","status-publish","has-post-thumbnail","hentry"],"acf":[],"yoast_head":"<!-- This site is optimized with the Yoast SEO Premium plugin v27.2 (Yoast SEO v27.2) - https:\/\/yoast.com\/product\/yoast-seo-premium-wordpress\/ -->\n<title>Aserbajdsjansk grammatik - Talkpal<\/title>\n<meta name=\"description\" content=\"Behersk aserbajdsjansk grammatik uden besv\u00e6r med Talkpaldin AI-drevne tutor. Oplev nemme forklaringer, interaktive \u00f8velser og praktiske tips\" \/>\n<meta name=\"robots\" content=\"index, follow, max-snippet:-1, max-image-preview:large, max-video-preview:-1\" \/>\n<link rel=\"canonical\" href=\"https:\/\/talkpal.ai\/da\/aserbajdsjansk-grammatik\/\" \/>\n<meta property=\"og:locale\" content=\"da_DK\" \/>\n<meta property=\"og:type\" content=\"article\" \/>\n<meta property=\"og:title\" content=\"Aserbajdsjansk grammatik\" \/>\n<meta property=\"og:description\" content=\"En omfattende guide til aserbajdsjansk grammatik Har du nogensinde t\u00e6nkt p\u00e5 at l\u00e6re aserbajdsjansk? Som det officielle sprog i Aserbajdsjan og talt af\" \/>\n<meta property=\"og:url\" content=\"https:\/\/talkpal.ai\/da\/aserbajdsjansk-grammatik\/\" \/>\n<meta property=\"og:site_name\" content=\"Talkpal\" \/>\n<meta property=\"article:publisher\" content=\"https:\/\/www.facebook.com\/profile.php?id=100090733639311\" \/>\n<meta property=\"article:modified_time\" content=\"2025-05-22T08:22:59+00:00\" \/>\n<meta property=\"og:image\" content=\"https:\/\/talkpal.ai\/wp-content\/uploads\/2023\/05\/azerbaijan.png\" \/>\n\t<meta property=\"og:image:width\" content=\"512\" \/>\n\t<meta property=\"og:image:height\" content=\"512\" \/>\n\t<meta property=\"og:image:type\" content=\"image\/png\" \/>\n<meta name=\"twitter:card\" content=\"summary_large_image\" \/>\n<meta name=\"twitter:site\" content=\"@talkpalai\" \/>\n<meta name=\"twitter:label1\" content=\"Estimeret l\u00e6setid\" \/>\n\t<meta name=\"twitter:data1\" content=\"3 minutter\" \/>\n<script type=\"application\/ld+json\" class=\"yoast-schema-graph\">{\"@context\":\"https:\/\/schema.org\",\"@graph\":[{\"@type\":\"WebPage\",\"@id\":\"https:\/\/talkpal.ai\/da\/aserbajdsjansk-grammatik\/\",\"url\":\"https:\/\/talkpal.ai\/da\/aserbajdsjansk-grammatik\/\",\"name\":\"Aserbajdsjansk grammatik - Talkpal\",\"isPartOf\":{\"@id\":\"https:\/\/talkpal.ai\/da\/#website\"},\"primaryImageOfPage\":{\"@id\":\"https:\/\/talkpal.ai\/da\/aserbajdsjansk-grammatik\/#primaryimage\"},\"image\":{\"@id\":\"https:\/\/talkpal.ai\/da\/aserbajdsjansk-grammatik\/#primaryimage\"},\"thumbnailUrl\":\"https:\/\/talkpal.ai\/wp-content\/uploads\/2023\/05\/azerbaijan.png\",\"datePublished\":\"2023-05-14T13:53:48+00:00\",\"dateModified\":\"2025-05-22T08:22:59+00:00\",\"description\":\"Behersk aserbajdsjansk grammatik uden besv\u00e6r med Talkpaldin AI-drevne tutor. Oplev nemme forklaringer, interaktive \u00f8velser og praktiske tips\",\"breadcrumb\":{\"@id\":\"https:\/\/talkpal.ai\/da\/aserbajdsjansk-grammatik\/#breadcrumb\"},\"inLanguage\":\"da-DK\",\"potentialAction\":[{\"@type\":\"ReadAction\",\"target\":[\"https:\/\/talkpal.ai\/da\/aserbajdsjansk-grammatik\/\"]}]},{\"@type\":\"ImageObject\",\"inLanguage\":\"da-DK\",\"@id\":\"https:\/\/talkpal.ai\/da\/aserbajdsjansk-grammatik\/#primaryimage\",\"url\":\"https:\/\/talkpal.ai\/wp-content\/uploads\/2023\/05\/azerbaijan.png\",\"contentUrl\":\"https:\/\/talkpal.ai\/wp-content\/uploads\/2023\/05\/azerbaijan.png\",\"width\":512,\"height\":512},{\"@type\":\"BreadcrumbList\",\"@id\":\"https:\/\/talkpal.ai\/da\/aserbajdsjansk-grammatik\/#breadcrumb\",\"itemListElement\":[{\"@type\":\"ListItem\",\"position\":1,\"name\":\"Homepage\",\"item\":\"https:\/\/talkpal.ai\/da\/\"},{\"@type\":\"ListItem\",\"position\":2,\"name\":\"Aserbajdsjansk grammatik\"}]},{\"@type\":\"WebSite\",\"@id\":\"https:\/\/talkpal.ai\/da\/#website\",\"url\":\"https:\/\/talkpal.ai\/da\/\",\"name\":\"Talkpal\",\"description\":\"AI Language Learning\",\"publisher\":{\"@id\":\"https:\/\/talkpal.ai\/da\/#organization\"},\"alternateName\":\"Talkpal AI\",\"potentialAction\":[{\"@type\":\"SearchAction\",\"target\":{\"@type\":\"EntryPoint\",\"urlTemplate\":\"https:\/\/talkpal.ai\/da\/?s={search_term_string}\"},\"query-input\":{\"@type\":\"PropertyValueSpecification\",\"valueRequired\":true,\"valueName\":\"search_term_string\"}}],\"inLanguage\":\"da-DK\"},{\"@type\":\"Organization\",\"@id\":\"https:\/\/talkpal.ai\/da\/#organization\",\"name\":\"Talkpal, Inc.\",\"alternateName\":\"Talkpal AI\",\"url\":\"https:\/\/talkpal.ai\/da\/\",\"logo\":{\"@type\":\"ImageObject\",\"inLanguage\":\"da-DK\",\"@id\":\"https:\/\/talkpal.ai\/da\/#\/schema\/logo\/image\/\",\"url\":\"https:\/\/talkpal.ai\/wp-content\/uploads\/2024\/03\/Talkpal-Logo-Icon.png\",\"contentUrl\":\"https:\/\/talkpal.ai\/wp-content\/uploads\/2024\/03\/Talkpal-Logo-Icon.png\",\"width\":2880,\"height\":2880,\"caption\":\"Talkpal, Inc.\"},\"image\":{\"@id\":\"https:\/\/talkpal.ai\/da\/#\/schema\/logo\/image\/\"},\"sameAs\":[\"https:\/\/www.facebook.com\/profile.php?id=100090733639311\",\"https:\/\/x.com\/talkpalai\",\"https:\/\/www.linkedin.com\/company\/talkpal\/\",\"https:\/\/www.youtube.com\/@TalkPal\/\",\"https:\/\/www.tiktok.com\/@talkpal\",\"https:\/\/www.instagram.com\/talkpal_ai\/\",\"https:\/\/www.crunchbase.com\/organization\/talkpal-9cde\",\"https:\/\/www.g2.com\/products\/talkpal-for-business\/\",\"https:\/\/www.trustpilot.com\/review\/talkpal.ai\",\"https:\/\/www.capterra.com\/p\/10006800\/TalkPal\/\"],\"description\":\"Talkpal is a language learning web and mobile education app, powered by the latest AI technologies, that provides engaging experiences to its customers in many different languages to help them improve their language skills. Users can chat about unlimited amount of topics with the app and use other modes to practice their language learning.\",\"email\":\"support@talkpal.ai\",\"legalName\":\"Talkpal, Inc.\",\"foundingDate\":\"2023-04-03\",\"duns\":\"118989042\",\"numberOfEmployees\":{\"@type\":\"QuantitativeValue\",\"minValue\":\"11\",\"maxValue\":\"50\"},\"publishingPrinciples\":\"https:\/\/talkpal.ai\/publishing-principles\/\",\"actionableFeedbackPolicy\":\"https:\/\/talkpal.ai\/actionable-feedback-policy\/\",\"correctionsPolicy\":\"https:\/\/talkpal.ai\/corrections-policy\/\",\"ethicsPolicy\":\"https:\/\/talkpal.ai\/ethics-policy\/\",\"diversityPolicy\":\"https:\/\/talkpal.ai\/diversity-policy\/\",\"diversityStaffingReport\":\"https:\/\/talkpal.ai\/diversity-policy\/\"}]}<\/script>\n<!-- \/ Yoast SEO Premium plugin. -->","yoast_head_json":{"title":"Aserbajdsjansk grammatik - Talkpal","description":"Behersk aserbajdsjansk grammatik uden besv\u00e6r med Talkpaldin AI-drevne tutor. Oplev nemme forklaringer, interaktive \u00f8velser og praktiske tips","robots":{"index":"index","follow":"follow","max-snippet":"max-snippet:-1","max-image-preview":"max-image-preview:large","max-video-preview":"max-video-preview:-1"},"canonical":"https:\/\/talkpal.ai\/da\/aserbajdsjansk-grammatik\/","og_locale":"da_DK","og_type":"article","og_title":"Aserbajdsjansk grammatik","og_description":"En omfattende guide til aserbajdsjansk grammatik Har du nogensinde t\u00e6nkt p\u00e5 at l\u00e6re aserbajdsjansk? Som det officielle sprog i Aserbajdsjan og talt af","og_url":"https:\/\/talkpal.ai\/da\/aserbajdsjansk-grammatik\/","og_site_name":"Talkpal","article_publisher":"https:\/\/www.facebook.com\/profile.php?id=100090733639311","article_modified_time":"2025-05-22T08:22:59+00:00","og_image":[{"width":512,"height":512,"url":"https:\/\/talkpal.ai\/wp-content\/uploads\/2023\/05\/azerbaijan.png","type":"image\/png"}],"twitter_card":"summary_large_image","twitter_site":"@talkpalai","twitter_misc":{"Estimeret l\u00e6setid":"3 minutter"},"schema":{"@context":"https:\/\/schema.org","@graph":[{"@type":"WebPage","@id":"https:\/\/talkpal.ai\/da\/aserbajdsjansk-grammatik\/","url":"https:\/\/talkpal.ai\/da\/aserbajdsjansk-grammatik\/","name":"Aserbajdsjansk grammatik - Talkpal","isPartOf":{"@id":"https:\/\/talkpal.ai\/da\/#website"},"primaryImageOfPage":{"@id":"https:\/\/talkpal.ai\/da\/aserbajdsjansk-grammatik\/#primaryimage"},"image":{"@id":"https:\/\/talkpal.ai\/da\/aserbajdsjansk-grammatik\/#primaryimage"},"thumbnailUrl":"https:\/\/talkpal.ai\/wp-content\/uploads\/2023\/05\/azerbaijan.png","datePublished":"2023-05-14T13:53:48+00:00","dateModified":"2025-05-22T08:22:59+00:00","description":"Behersk aserbajdsjansk grammatik uden besv\u00e6r med Talkpaldin AI-drevne tutor. Oplev nemme forklaringer, interaktive \u00f8velser og praktiske tips","breadcrumb":{"@id":"https:\/\/talkpal.ai\/da\/aserbajdsjansk-grammatik\/#breadcrumb"},"inLanguage":"da-DK","potentialAction":[{"@type":"ReadAction","target":["https:\/\/talkpal.ai\/da\/aserbajdsjansk-grammatik\/"]}]},{"@type":"ImageObject","inLanguage":"da-DK","@id":"https:\/\/talkpal.ai\/da\/aserbajdsjansk-grammatik\/#primaryimage","url":"https:\/\/talkpal.ai\/wp-content\/uploads\/2023\/05\/azerbaijan.png","contentUrl":"https:\/\/talkpal.ai\/wp-content\/uploads\/2023\/05\/azerbaijan.png","width":512,"height":512},{"@type":"BreadcrumbList","@id":"https:\/\/talkpal.ai\/da\/aserbajdsjansk-grammatik\/#breadcrumb","itemListElement":[{"@type":"ListItem","position":1,"name":"Homepage","item":"https:\/\/talkpal.ai\/da\/"},{"@type":"ListItem","position":2,"name":"Aserbajdsjansk grammatik"}]},{"@type":"WebSite","@id":"https:\/\/talkpal.ai\/da\/#website","url":"https:\/\/talkpal.ai\/da\/","name":"Talkpal","description":"AI Language Learning","publisher":{"@id":"https:\/\/talkpal.ai\/da\/#organization"},"alternateName":"Talkpal AI","potentialAction":[{"@type":"SearchAction","target":{"@type":"EntryPoint","urlTemplate":"https:\/\/talkpal.ai\/da\/?s={search_term_string}"},"query-input":{"@type":"PropertyValueSpecification","valueRequired":true,"valueName":"search_term_string"}}],"inLanguage":"da-DK"},{"@type":"Organization","@id":"https:\/\/talkpal.ai\/da\/#organization","name":"Talkpal, Inc.","alternateName":"Talkpal AI","url":"https:\/\/talkpal.ai\/da\/","logo":{"@type":"ImageObject","inLanguage":"da-DK","@id":"https:\/\/talkpal.ai\/da\/#\/schema\/logo\/image\/","url":"https:\/\/talkpal.ai\/wp-content\/uploads\/2024\/03\/Talkpal-Logo-Icon.png","contentUrl":"https:\/\/talkpal.ai\/wp-content\/uploads\/2024\/03\/Talkpal-Logo-Icon.png","width":2880,"height":2880,"caption":"Talkpal, Inc."},"image":{"@id":"https:\/\/talkpal.ai\/da\/#\/schema\/logo\/image\/"},"sameAs":["https:\/\/www.facebook.com\/profile.php?id=100090733639311","https:\/\/x.com\/talkpalai","https:\/\/www.linkedin.com\/company\/talkpal\/","https:\/\/www.youtube.com\/@TalkPal\/","https:\/\/www.tiktok.com\/@talkpal","https:\/\/www.instagram.com\/talkpal_ai\/","https:\/\/www.crunchbase.com\/organization\/talkpal-9cde","https:\/\/www.g2.com\/products\/talkpal-for-business\/","https:\/\/www.trustpilot.com\/review\/talkpal.ai","https:\/\/www.capterra.com\/p\/10006800\/TalkPal\/"],"description":"Talkpal is a language learning web and mobile education app, powered by the latest AI technologies, that provides engaging experiences to its customers in many different languages to help them improve their language skills. Users can chat about unlimited amount of topics with the app and use other modes to practice their language learning.","email":"support@talkpal.ai","legalName":"Talkpal, Inc.","foundingDate":"2023-04-03","duns":"118989042","numberOfEmployees":{"@type":"QuantitativeValue","minValue":"11","maxValue":"50"},"publishingPrinciples":"https:\/\/talkpal.ai\/publishing-principles\/","actionableFeedbackPolicy":"https:\/\/talkpal.ai\/actionable-feedback-policy\/","correctionsPolicy":"https:\/\/talkpal.ai\/corrections-policy\/","ethicsPolicy":"https:\/\/talkpal.ai\/ethics-policy\/","diversityPolicy":"https:\/\/talkpal.ai\/diversity-policy\/","diversityStaffingReport":"https:\/\/talkpal.ai\/diversity-policy\/"}]}},"_links":{"self":[{"href":"https:\/\/talkpal.ai\/da\/wp-json\/wp\/v2\/pages\/140199","targetHints":{"allow":["GET"]}}],"collection":[{"href":"https:\/\/talkpal.ai\/da\/wp-json\/wp\/v2\/pages"}],"about":[{"href":"https:\/\/talkpal.ai\/da\/wp-json\/wp\/v2\/types\/page"}],"author":[{"embeddable":true,"href":"https:\/\/talkpal.ai\/da\/wp-json\/wp\/v2\/users\/1"}],"replies":[{"embeddable":true,"href":"https:\/\/talkpal.ai\/da\/wp-json\/wp\/v2\/comments?post=140199"}],"version-history":[{"count":0,"href":"https:\/\/talkpal.ai\/da\/wp-json\/wp\/v2\/pages\/140199\/revisions"}],"wp:featuredmedia":[{"embeddable":true,"href":"https:\/\/talkpal.ai\/da\/wp-json\/wp\/v2\/media\/109396"}],"wp:attachment":[{"href":"https:\/\/talkpal.ai\/da\/wp-json\/wp\/v2\/media?parent=140199"}],"curies":[{"name":"wp","href":"https:\/\/api.w.org\/{rel}","templated":true}]}}