{"id":139932,"date":"2023-05-14T13:52:49","date_gmt":"2023-05-14T13:52:49","guid":{"rendered":"http:\/\/talkpal.ai\/russisk-grammatik\/"},"modified":"2025-12-13T15:18:06","modified_gmt":"2025-12-13T15:18:06","slug":"russisk-grammatik","status":"publish","type":"page","link":"https:\/\/talkpal.ai\/da\/russisk-grammatik\/","title":{"rendered":"Russisk grammatik"},"content":{"rendered":"\r\n\r\n\r\n<section class=\"languageChallengeSection\">\r\n    <div class=\"languageInfoWrapper\">\r\n        \r\n        <h1>Russisk grammatik<\/h1>\r\n        <p>Begynd dit eventyr i det russiske <a href=\"https:\/\/talkpal.ai\/what-language-is-spoken-on-the-international-space-station\/\">sprog<\/a>, og \u00e5bn d\u00f8rene til en rig kultur og historie. At beherske <a href=\"https:\/\/talkpal.ai\/russian-grammar\/\">russisk grammatik<\/a> og ordforr\u00e5d vil forbedre dine rejse-, karriere- og kommunikationsmuligheder. Begynd at l\u00e6re <a href=\"https:\/\/talkpal.ai\/learn-russian\/\">russisk<\/a> i dag, og tag det f\u00f8rste skridt mod flydende sprog!\n\n<\/p>\r\n\r\n                            <a class=\"getStartedHidden\" href=\"https:\/\/app.talkpal.ai\/da\/signup?lng=\">Kom i gang<\/a>\r\n        \r\n    <\/div>\r\n\r\n    <figure>\r\n    <img decoding=\"async\" width=\"768\" height=\"768\" src=\"https:\/\/talkpal.ai\/wp-content\/uploads\/2023\/06\/russian-768x768.png\" class=\"languageImage no-lazy\" alt=\"Language learning for multicultural understanding\" fetchpriority=\"high\" sizes=\"(max-width: 768px) 150px, 768px\" srcset=\"https:\/\/talkpal.ai\/wp-content\/uploads\/2023\/06\/russian-768x768.png 768w, https:\/\/talkpal.ai\/wp-content\/uploads\/2023\/06\/russian-300x300.png 300w\" \/>\r\n    \r\n\r\n    <\/figure>\r\n\r\n            <a class=\"getStartedVisible\" href=\"https:\/\/app.talkpal.ai\/da\/signup?lng=\">Kom i gang<\/a>\r\n    \r\n<\/section>\r\n<section class=\"promotionalBanner\">\r\n    <p class=\"promotionalText\">Den mest effektive m\u00e5de at l\u00e6re et sprog p\u00e5<\/p>\r\n    <a class=\"promotionalLink\" href=\"https:\/\/app.talkpal.ai\/da\/signup?lng=\">Pr\u00f8v Talkpal gratis<\/a>\r\n<\/section>\n<div class=\"wp-block-group pageContainerStyle\"><div class=\"wp-block-group__inner-container is-layout-constrained wp-block-group-is-layout-constrained\">\n<h1 class=\"wp-block-heading\" id=\"h-russian-grammar-unlock-the-secrets-to-mastering-russian\">Russisk grammatik: L\u00e5s op for hemmelighederne ved at mestre russisk<\/h1>\n\n\n\n<p>Tillykke med at tage det dristige skridt mod at l\u00e6re russisk! Med mere end 258 millioner talere over hele verden er russisk et fascinerende og givende sprog, der giver indsigt i en rig kultur og historie. N\u00e5r det kommer til <a href=\"https:\/\/talkpal.ai\/russian-grammar\/\">russisk grammatik<\/a>, kan det virke skr\u00e6mmende, men frygt ikke! Denne venlige begynderguide er her for at nedbryde det v\u00e6sentlige i russisk <a href=\"https:\/\/talkpal.ai\/fr\/les\/\">grammatik<\/a> p\u00e5 en enkel og engagerende m\u00e5de.<\/p>\n\n\n\n<h3 class=\"wp-block-heading\" id=\"h-1-the-russian-alphabet-your-starting-point\">1. Det russiske alfabet: dit udgangspunkt<\/h3>\n\n\n\n<p>N\u00f8glen til at navigere russisk grammatik er at <a href=\"https:\/\/talkpal.ai\/locations\/language-courses-in-mestre\/\">mestre<\/a> det kyrilliske alfabet. Med 33 bogstaver, 10 vokaler og 21 konsonanter danner det grundlaget for l\u00e6sning, skrivning og forst\u00e5else af sproget. At g\u00f8re dig bekendt med alfabetet vil skabe en solid base at bygge dine russiske grammatikf\u00e6rdigheder p\u00e5.<\/p>\n\n\n\n<h3 class=\"wp-block-heading\" id=\"h-2-nouns-and-cases-the-core-of-russian-grammar\">2. Substantiver og sager: kernen i russisk grammatik<\/h3>\n\n\n\n<p>Russisk grammatik understreger brugen af sager til at formidle mening og kontekst. Med seks kasus &#8211; Nominativ, Genitiv, Dativ, Akkusativ, Instrumentel og Pr\u00e6position &#8211; \u00e6ndrer russiske navneord deres slutninger for at vise deres funktion i en s\u00e6tning. Derfor bliver ordr\u00e6kkef\u00f8lgen mindre kritisk end p\u00e5 <a href=\"https:\/\/talkpal.ai\/learn-english-with-ai\/\">engelsk<\/a>. For eksempel:<\/p>\n\n\n\n<p>Engelsk: Jeg giver en bog til en ven.<\/p>\n\n\n\n<p>Russisk: \u042f \u0434\u0430\u044e \u0434\u0440\u0443\u0433\u0443 \u043a\u043d\u0438\u0433\u0443 (Ya dayu drugu knigu)<\/p>\n\n\n\n<p>Her st\u00e5r &#8220;\u0434\u0440\u0443\u0433\u0443&#8221; (til en ven) og &#8220;\u043a\u043d\u0438\u0433\u0443&#8221; (bog) i henholdsvis dativ og akkusativ.<\/p>\n\n\n\n<h3 class=\"wp-block-heading\" id=\"h-3-mastering-gender-and-plurals\">3. Beherskelse af k\u00f8n og flertal<\/h3>\n\n\n\n<p>I russisk grammatik tildeles substantiver et af tre k\u00f8n: maskulin, feminin eller neutral. Slutningen af et substantiv angiver typisk dets k\u00f8n:<\/p>\n\n\n\n<p>&#8211; Maskulinum: ender med en konsonant eller &#8220;-\u0439&#8221;<\/p>\n\n\n\n<p>&#8211; Femininum: ender med &#8220;-\u0430&#8221; eller &#8220;-\u044f&#8221;<\/p>\n\n\n\n<p>&#8211; Neutrum: ender med &#8220;-\u043e&#8221; eller &#8220;-\u0435&#8221;<\/p>\n\n\n\n<p>For at danne flertal \u00e6ndres endelserne p\u00e5 substantiver baseret p\u00e5 deres k\u00f8n og den sag, de er i.<\/p>\n\n\n\n<h3 class=\"wp-block-heading\" id=\"h-4-conquer-verb-conjugation\">4. Erobre verbb\u00f8jning<\/h3>\n\n\n\n<p>Som mange sprog \u00e6ndrer russiske verb form (b\u00f8jning) baseret p\u00e5 sp\u00e6nding, person og tal. Russiske verb kommer ogs\u00e5 i to aspekter: perfektiv og ufuldkommen. Det perfektive aspekt signalerer en afsluttet handling, mens det ufuldkomne aspekt refererer til igangv\u00e6rende eller s\u00e6dvanlige handlinger.<\/p>\n\n\n\n<p>For at starte skal du fokusere p\u00e5 at forst\u00e5 den nuv\u00e6rende sp\u00e6ndte b\u00f8jning for ufuldkomne verb og datid for begge aspekter. For eksempel:<\/p>\n\n\n\n<p>Nutid (imperfektiv): \u042f \u0447\u0438\u0442\u0430\u044e (Ya chitayu) &#8211; &#8220;Jeg l\u00e6ser&#8221; eller &#8220;Jeg l\u00e6ser&#8221;<\/p>\n\n\n\n<p>Datid (imperfektum): \u042f \u0447\u0438\u0442\u0430\u043b (Ya chital) &#8211; &#8220;Jeg l\u00e6ste&#8221;<\/p>\n\n\n\n<p>Datid (perfektum): \u042f \u043f\u0440\u043e\u0447\u0438\u0442\u0430\u043b (Ya prochital) &#8211; &#8220;Jeg har l\u00e6st&#8221; eller &#8220;Jeg l\u00e6ste (og blev f\u00e6rdig)&#8221;<\/p>\n\n\n\n<h3 class=\"wp-block-heading\" id=\"h-5-embrace-russian-pronouns\">5. Omfavn russiske pronomen<\/h3>\n\n\n\n<p>Pronomen i russisk grammatik erstatter substantiver og er afg\u00f8rende for flydende tale. Dyk ned i at l\u00e6re personlige og besiddende pronomen, s\u00e5som:<\/p>\n\n\n\n<p>Personlige pronomen: \u044f (I), \u0442\u044b (du, uformel), \u043e\u043d\/\u043e\u043d\u0430\/\u043e\u043d\u043e (han\/hun\/det), \u0432\u044b (du, formel eller flertal), \u043c\u044b (vi), \u043e\u043d\u0438 (de)<\/p>\n\n\n\n<p>Besiddende pronomen: \u043c\u043e\u0439\/\u043c\u043e\u044f\/\u043c\u043e\u0451 (min), \u0442\u0432\u043e\u0439\/\u0442\u0432\u043e\u044f\/\u0442\u0432\u043e\u0451 (din, uformel), \u0435\u0433\u043e\/\u0435\u0451\/\u0438\u0445 (hans\/hendes\/deres), \u0432\u0430\u0448\/\u0432\u0430\u0448\u0430\/\u0432\u0430\u0448\u0435 (din, formel eller flertal), \u043d\u0430\u0448\/\u043d\u0430\u0448\u0430\/\u043d\u0430\u0448\u0435 (vores)<\/p>\n\n\n\n<p>Glem ikke, at russiske pronominer skal stemme overens med k\u00f8nnet og kasus p\u00e5 det substantiv, de erstatter.<\/p>\n\n\n\n<p>Tillykke! Du har taget de f\u00f8rste skridt mod at beherske den russiske grammatiks finurligheder. Husk, at praksis er afg\u00f8rende, s\u00e5 dyk dybere ned i sproget, engager dig med indf\u00f8dte talere og styrk dit l\u00e6ringsfundament. \u0423\u0434\u0430\u0447\u0438! (Held og lykke!)<\/p>\n<\/div><\/div>\n\r\n<section class=\"learnNavigationSection\">\r\n            \r\n        <a href=\"https:\/\/talkpal.ai\/da\/laer-russisk\/\">\r\n            <div class=\"learnNavigationWrapper\">\r\n                <div class=\"learnNavigationContent\">\r\n                    <img decoding=\"async\" src=\"https:\/\/talkpal.ai\/wp-content\/uploads\/2024\/08\/Russian.jpg\" alt=\"Russian Flag\">\r\n                    <div>\r\n                        <h4>Om at l\u00e6re russisk<\/h4>\r\n                        <p>Find ud af alt om russisk grammatik.<\/p>\r\n                    <\/div>\r\n                <\/div>\r\n            <\/div>\r\n        <\/a>\r\n\r\n        \r\n        <a href=\"https:\/\/talkpal.ai\/da\/russiske-grammatikoevelser\/\">\r\n            <div class=\"learnNavigationWrapper\">\r\n                <div class=\"learnNavigationContent\">\r\n                    <img decoding=\"async\" src=\"https:\/\/talkpal.ai\/wp-content\/uploads\/2024\/08\/Russian.jpg\" alt=\"Russian Flag\">\r\n                    <div>\r\n                        <h4>\u00d8velse i russisk grammatik<\/h4>\r\n                        <p>\u00d8v russisk grammatik.<\/p>\r\n                    <\/div>\r\n                <\/div>\r\n            <\/div>\r\n        <\/a>\r\n\r\n        \r\n        <a href=\"https:\/\/talkpal.ai\/vocabulary_language\/russian\/\">\r\n            <div class=\"learnNavigationWrapper\">\r\n                <div class=\"learnNavigationContent\">\r\n                    <img decoding=\"async\" src=\"https:\/\/talkpal.ai\/wp-content\/uploads\/2024\/08\/Russian.jpg\" alt=\"Russian Flag\">\r\n                    <div>\r\n                        <h4>Russisk ordforr\u00e5d<\/h4>\r\n                        <p>Udvid dit russiske ordforr\u00e5d.<\/p>\r\n                    <\/div>\r\n                <\/div>\r\n            <\/div>\r\n        <\/a>\r\n\r\n            <\/section>","protected":false},"excerpt":{"rendered":"<p>Russisk grammatik: L\u00e5s op for hemmelighederne ved at mestre russisk Tillykke med at tage det dristige skridt mod at l\u00e6re russisk! Med mere end 258 millioner talere over hele verden er russisk et fascinerende og givende sprog, der giver indsigt i en rig kultur og historie. N\u00e5r det kommer til russisk grammatik, kan det virke [&hellip;]<\/p>\n","protected":false},"author":1,"featured_media":108042,"parent":0,"menu_order":0,"comment_status":"closed","ping_status":"closed","template":"LearningContentPage.php","meta":{"_acf_changed":false,"footnotes":""},"class_list":["post-139932","page","type-page","status-publish","has-post-thumbnail","hentry"],"acf":[],"yoast_head":"<!-- This site is optimized with the Yoast SEO Premium plugin v27.2 (Yoast SEO v27.2) - https:\/\/yoast.com\/product\/yoast-seo-premium-wordpress\/ -->\n<title>Russisk grammatik - Talkpal<\/title>\n<meta name=\"description\" content=\"Luk op for en verden af russisk grammatik med vores begynderguide. Behersk det kyrilliske alfabet, og opbyg dine sprogf\u00e6rdigheder.\" \/>\n<meta name=\"robots\" content=\"index, follow, max-snippet:-1, max-image-preview:large, max-video-preview:-1\" \/>\n<link rel=\"canonical\" href=\"https:\/\/talkpal.ai\/da\/russisk-grammatik\/\" \/>\n<meta property=\"og:locale\" content=\"da_DK\" \/>\n<meta property=\"og:type\" content=\"article\" \/>\n<meta property=\"og:title\" content=\"Russisk grammatik\" \/>\n<meta property=\"og:description\" content=\"Russisk grammatik: L\u00e5s op for hemmelighederne ved at mestre russisk Tillykke med at tage det dristige skridt mod at l\u00e6re russisk! Med mere end 258\" \/>\n<meta property=\"og:url\" content=\"https:\/\/talkpal.ai\/da\/russisk-grammatik\/\" \/>\n<meta property=\"og:site_name\" content=\"Talkpal\" \/>\n<meta property=\"article:publisher\" content=\"https:\/\/www.facebook.com\/profile.php?id=100090733639311\" \/>\n<meta property=\"article:modified_time\" content=\"2025-12-13T15:18:06+00:00\" \/>\n<meta property=\"og:image\" content=\"https:\/\/talkpal.ai\/wp-content\/uploads\/2023\/04\/rusia.png\" \/>\n\t<meta property=\"og:image:width\" content=\"512\" \/>\n\t<meta property=\"og:image:height\" content=\"512\" \/>\n\t<meta property=\"og:image:type\" content=\"image\/png\" \/>\n<meta name=\"twitter:card\" content=\"summary_large_image\" \/>\n<meta name=\"twitter:site\" content=\"@talkpalai\" \/>\n<meta name=\"twitter:label1\" content=\"Estimeret l\u00e6setid\" \/>\n\t<meta name=\"twitter:data1\" content=\"3 minutter\" \/>\n<script type=\"application\/ld+json\" class=\"yoast-schema-graph\">{\"@context\":\"https:\/\/schema.org\",\"@graph\":[{\"@type\":\"WebPage\",\"@id\":\"https:\/\/talkpal.ai\/da\/russisk-grammatik\/\",\"url\":\"https:\/\/talkpal.ai\/da\/russisk-grammatik\/\",\"name\":\"Russisk grammatik - Talkpal\",\"isPartOf\":{\"@id\":\"https:\/\/talkpal.ai\/da\/#website\"},\"primaryImageOfPage\":{\"@id\":\"https:\/\/talkpal.ai\/da\/russisk-grammatik\/#primaryimage\"},\"image\":{\"@id\":\"https:\/\/talkpal.ai\/da\/russisk-grammatik\/#primaryimage\"},\"thumbnailUrl\":\"https:\/\/talkpal.ai\/wp-content\/uploads\/2023\/04\/rusia.png\",\"datePublished\":\"2023-05-14T13:52:49+00:00\",\"dateModified\":\"2025-12-13T15:18:06+00:00\",\"description\":\"Luk op for en verden af russisk grammatik med vores begynderguide. Behersk det kyrilliske alfabet, og opbyg dine sprogf\u00e6rdigheder.\",\"breadcrumb\":{\"@id\":\"https:\/\/talkpal.ai\/da\/russisk-grammatik\/#breadcrumb\"},\"inLanguage\":\"da-DK\",\"potentialAction\":[{\"@type\":\"ReadAction\",\"target\":[\"https:\/\/talkpal.ai\/da\/russisk-grammatik\/\"]}]},{\"@type\":\"ImageObject\",\"inLanguage\":\"da-DK\",\"@id\":\"https:\/\/talkpal.ai\/da\/russisk-grammatik\/#primaryimage\",\"url\":\"https:\/\/talkpal.ai\/wp-content\/uploads\/2023\/04\/rusia.png\",\"contentUrl\":\"https:\/\/talkpal.ai\/wp-content\/uploads\/2023\/04\/rusia.png\",\"width\":512,\"height\":512},{\"@type\":\"BreadcrumbList\",\"@id\":\"https:\/\/talkpal.ai\/da\/russisk-grammatik\/#breadcrumb\",\"itemListElement\":[{\"@type\":\"ListItem\",\"position\":1,\"name\":\"Homepage\",\"item\":\"https:\/\/talkpal.ai\/da\/\"},{\"@type\":\"ListItem\",\"position\":2,\"name\":\"Russisk grammatik\"}]},{\"@type\":\"WebSite\",\"@id\":\"https:\/\/talkpal.ai\/da\/#website\",\"url\":\"https:\/\/talkpal.ai\/da\/\",\"name\":\"Talkpal\",\"description\":\"AI Language Learning\",\"publisher\":{\"@id\":\"https:\/\/talkpal.ai\/da\/#organization\"},\"alternateName\":\"Talkpal AI\",\"potentialAction\":[{\"@type\":\"SearchAction\",\"target\":{\"@type\":\"EntryPoint\",\"urlTemplate\":\"https:\/\/talkpal.ai\/da\/?s={search_term_string}\"},\"query-input\":{\"@type\":\"PropertyValueSpecification\",\"valueRequired\":true,\"valueName\":\"search_term_string\"}}],\"inLanguage\":\"da-DK\"},{\"@type\":\"Organization\",\"@id\":\"https:\/\/talkpal.ai\/da\/#organization\",\"name\":\"Talkpal, Inc.\",\"alternateName\":\"Talkpal AI\",\"url\":\"https:\/\/talkpal.ai\/da\/\",\"logo\":{\"@type\":\"ImageObject\",\"inLanguage\":\"da-DK\",\"@id\":\"https:\/\/talkpal.ai\/da\/#\/schema\/logo\/image\/\",\"url\":\"https:\/\/talkpal.ai\/wp-content\/uploads\/2024\/03\/Talkpal-Logo-Icon.png\",\"contentUrl\":\"https:\/\/talkpal.ai\/wp-content\/uploads\/2024\/03\/Talkpal-Logo-Icon.png\",\"width\":2880,\"height\":2880,\"caption\":\"Talkpal, Inc.\"},\"image\":{\"@id\":\"https:\/\/talkpal.ai\/da\/#\/schema\/logo\/image\/\"},\"sameAs\":[\"https:\/\/www.facebook.com\/profile.php?id=100090733639311\",\"https:\/\/x.com\/talkpalai\",\"https:\/\/www.linkedin.com\/company\/talkpal\/\",\"https:\/\/www.youtube.com\/@TalkPal\/\",\"https:\/\/www.tiktok.com\/@talkpal\",\"https:\/\/www.instagram.com\/talkpal_ai\/\",\"https:\/\/www.crunchbase.com\/organization\/talkpal-9cde\",\"https:\/\/www.g2.com\/products\/talkpal-for-business\/\",\"https:\/\/www.trustpilot.com\/review\/talkpal.ai\",\"https:\/\/www.capterra.com\/p\/10006800\/TalkPal\/\"],\"description\":\"Talkpal is a language learning web and mobile education app, powered by the latest AI technologies, that provides engaging experiences to its customers in many different languages to help them improve their language skills. Users can chat about unlimited amount of topics with the app and use other modes to practice their language learning.\",\"email\":\"support@talkpal.ai\",\"legalName\":\"Talkpal, Inc.\",\"foundingDate\":\"2023-04-03\",\"duns\":\"118989042\",\"numberOfEmployees\":{\"@type\":\"QuantitativeValue\",\"minValue\":\"11\",\"maxValue\":\"50\"},\"publishingPrinciples\":\"https:\/\/talkpal.ai\/publishing-principles\/\",\"actionableFeedbackPolicy\":\"https:\/\/talkpal.ai\/actionable-feedback-policy\/\",\"correctionsPolicy\":\"https:\/\/talkpal.ai\/corrections-policy\/\",\"ethicsPolicy\":\"https:\/\/talkpal.ai\/ethics-policy\/\",\"diversityPolicy\":\"https:\/\/talkpal.ai\/diversity-policy\/\",\"diversityStaffingReport\":\"https:\/\/talkpal.ai\/diversity-policy\/\"}]}<\/script>\n<!-- \/ Yoast SEO Premium plugin. -->","yoast_head_json":{"title":"Russisk grammatik - Talkpal","description":"Luk op for en verden af russisk grammatik med vores begynderguide. Behersk det kyrilliske alfabet, og opbyg dine sprogf\u00e6rdigheder.","robots":{"index":"index","follow":"follow","max-snippet":"max-snippet:-1","max-image-preview":"max-image-preview:large","max-video-preview":"max-video-preview:-1"},"canonical":"https:\/\/talkpal.ai\/da\/russisk-grammatik\/","og_locale":"da_DK","og_type":"article","og_title":"Russisk grammatik","og_description":"Russisk grammatik: L\u00e5s op for hemmelighederne ved at mestre russisk Tillykke med at tage det dristige skridt mod at l\u00e6re russisk! Med mere end 258","og_url":"https:\/\/talkpal.ai\/da\/russisk-grammatik\/","og_site_name":"Talkpal","article_publisher":"https:\/\/www.facebook.com\/profile.php?id=100090733639311","article_modified_time":"2025-12-13T15:18:06+00:00","og_image":[{"width":512,"height":512,"url":"https:\/\/talkpal.ai\/wp-content\/uploads\/2023\/04\/rusia.png","type":"image\/png"}],"twitter_card":"summary_large_image","twitter_site":"@talkpalai","twitter_misc":{"Estimeret l\u00e6setid":"3 minutter"},"schema":{"@context":"https:\/\/schema.org","@graph":[{"@type":"WebPage","@id":"https:\/\/talkpal.ai\/da\/russisk-grammatik\/","url":"https:\/\/talkpal.ai\/da\/russisk-grammatik\/","name":"Russisk grammatik - Talkpal","isPartOf":{"@id":"https:\/\/talkpal.ai\/da\/#website"},"primaryImageOfPage":{"@id":"https:\/\/talkpal.ai\/da\/russisk-grammatik\/#primaryimage"},"image":{"@id":"https:\/\/talkpal.ai\/da\/russisk-grammatik\/#primaryimage"},"thumbnailUrl":"https:\/\/talkpal.ai\/wp-content\/uploads\/2023\/04\/rusia.png","datePublished":"2023-05-14T13:52:49+00:00","dateModified":"2025-12-13T15:18:06+00:00","description":"Luk op for en verden af russisk grammatik med vores begynderguide. Behersk det kyrilliske alfabet, og opbyg dine sprogf\u00e6rdigheder.","breadcrumb":{"@id":"https:\/\/talkpal.ai\/da\/russisk-grammatik\/#breadcrumb"},"inLanguage":"da-DK","potentialAction":[{"@type":"ReadAction","target":["https:\/\/talkpal.ai\/da\/russisk-grammatik\/"]}]},{"@type":"ImageObject","inLanguage":"da-DK","@id":"https:\/\/talkpal.ai\/da\/russisk-grammatik\/#primaryimage","url":"https:\/\/talkpal.ai\/wp-content\/uploads\/2023\/04\/rusia.png","contentUrl":"https:\/\/talkpal.ai\/wp-content\/uploads\/2023\/04\/rusia.png","width":512,"height":512},{"@type":"BreadcrumbList","@id":"https:\/\/talkpal.ai\/da\/russisk-grammatik\/#breadcrumb","itemListElement":[{"@type":"ListItem","position":1,"name":"Homepage","item":"https:\/\/talkpal.ai\/da\/"},{"@type":"ListItem","position":2,"name":"Russisk grammatik"}]},{"@type":"WebSite","@id":"https:\/\/talkpal.ai\/da\/#website","url":"https:\/\/talkpal.ai\/da\/","name":"Talkpal","description":"AI Language Learning","publisher":{"@id":"https:\/\/talkpal.ai\/da\/#organization"},"alternateName":"Talkpal AI","potentialAction":[{"@type":"SearchAction","target":{"@type":"EntryPoint","urlTemplate":"https:\/\/talkpal.ai\/da\/?s={search_term_string}"},"query-input":{"@type":"PropertyValueSpecification","valueRequired":true,"valueName":"search_term_string"}}],"inLanguage":"da-DK"},{"@type":"Organization","@id":"https:\/\/talkpal.ai\/da\/#organization","name":"Talkpal, Inc.","alternateName":"Talkpal AI","url":"https:\/\/talkpal.ai\/da\/","logo":{"@type":"ImageObject","inLanguage":"da-DK","@id":"https:\/\/talkpal.ai\/da\/#\/schema\/logo\/image\/","url":"https:\/\/talkpal.ai\/wp-content\/uploads\/2024\/03\/Talkpal-Logo-Icon.png","contentUrl":"https:\/\/talkpal.ai\/wp-content\/uploads\/2024\/03\/Talkpal-Logo-Icon.png","width":2880,"height":2880,"caption":"Talkpal, Inc."},"image":{"@id":"https:\/\/talkpal.ai\/da\/#\/schema\/logo\/image\/"},"sameAs":["https:\/\/www.facebook.com\/profile.php?id=100090733639311","https:\/\/x.com\/talkpalai","https:\/\/www.linkedin.com\/company\/talkpal\/","https:\/\/www.youtube.com\/@TalkPal\/","https:\/\/www.tiktok.com\/@talkpal","https:\/\/www.instagram.com\/talkpal_ai\/","https:\/\/www.crunchbase.com\/organization\/talkpal-9cde","https:\/\/www.g2.com\/products\/talkpal-for-business\/","https:\/\/www.trustpilot.com\/review\/talkpal.ai","https:\/\/www.capterra.com\/p\/10006800\/TalkPal\/"],"description":"Talkpal is a language learning web and mobile education app, powered by the latest AI technologies, that provides engaging experiences to its customers in many different languages to help them improve their language skills. Users can chat about unlimited amount of topics with the app and use other modes to practice their language learning.","email":"support@talkpal.ai","legalName":"Talkpal, Inc.","foundingDate":"2023-04-03","duns":"118989042","numberOfEmployees":{"@type":"QuantitativeValue","minValue":"11","maxValue":"50"},"publishingPrinciples":"https:\/\/talkpal.ai\/publishing-principles\/","actionableFeedbackPolicy":"https:\/\/talkpal.ai\/actionable-feedback-policy\/","correctionsPolicy":"https:\/\/talkpal.ai\/corrections-policy\/","ethicsPolicy":"https:\/\/talkpal.ai\/ethics-policy\/","diversityPolicy":"https:\/\/talkpal.ai\/diversity-policy\/","diversityStaffingReport":"https:\/\/talkpal.ai\/diversity-policy\/"}]}},"_links":{"self":[{"href":"https:\/\/talkpal.ai\/da\/wp-json\/wp\/v2\/pages\/139932","targetHints":{"allow":["GET"]}}],"collection":[{"href":"https:\/\/talkpal.ai\/da\/wp-json\/wp\/v2\/pages"}],"about":[{"href":"https:\/\/talkpal.ai\/da\/wp-json\/wp\/v2\/types\/page"}],"author":[{"embeddable":true,"href":"https:\/\/talkpal.ai\/da\/wp-json\/wp\/v2\/users\/1"}],"replies":[{"embeddable":true,"href":"https:\/\/talkpal.ai\/da\/wp-json\/wp\/v2\/comments?post=139932"}],"version-history":[{"count":0,"href":"https:\/\/talkpal.ai\/da\/wp-json\/wp\/v2\/pages\/139932\/revisions"}],"wp:featuredmedia":[{"embeddable":true,"href":"https:\/\/talkpal.ai\/da\/wp-json\/wp\/v2\/media\/108042"}],"wp:attachment":[{"href":"https:\/\/talkpal.ai\/da\/wp-json\/wp\/v2\/media?parent=139932"}],"curies":[{"name":"wp","href":"https:\/\/api.w.org\/{rel}","templated":true}]}}