{"id":135931,"date":"2023-06-16T10:51:16","date_gmt":"2023-06-16T10:51:16","guid":{"rendered":"http:\/\/talkpal.ai\/ukrainske-grammatikoevelser\/"},"modified":"2025-12-17T16:22:11","modified_gmt":"2025-12-17T16:22:11","slug":"ukrainske-grammatikoevelser","status":"publish","type":"page","link":"https:\/\/talkpal.ai\/da\/ukrainske-grammatikoevelser\/","title":{"rendered":"Ukrainske grammatik\u00f8velser"},"content":{"rendered":"\r\n\r\n\r\n<section class=\"languageChallengeSection\">\r\n    <div class=\"languageInfoWrapper\">\r\n        \r\n        <h1>Ukrainske grammatik\u00f8velser<\/h1>\r\n        <p>Vil du tage dine ukrainske f\u00e6rdigheder til n\u00e6ste niveau? At \u00f8ve grammatik\u00f8velser er en vigtig m\u00e5de at <a href=\"https:\/\/talkpal.ai\/locations\/language-courses-in-mestre\/\">mestre<\/a> s\u00e6tningsstruktur, verbalformer og de unikke m\u00f8nstre i det ukrainske <a href=\"https:\/\/talkpal.ai\/what-language-is-spoken-on-the-international-space-station\/\">sprog<\/a>. Begynd at arbejde med <a href=\"https:\/\/talkpal.ai\/learn-ukrainian\/\">ukrainsk<\/a> <a href=\"https:\/\/talkpal.ai\/fr\/les\/\">grammatik<\/a> i dag, og se din selvtillid og flydende sprogbrug vokse for hver \u00f8velse!<\/p>\r\n\r\n                            <a class=\"getStartedHidden\" href=\"https:\/\/app.talkpal.ai\/da\/signup?lng=\">Kom i gang<\/a>\r\n        \r\n    <\/div>\r\n\r\n    <figure>\r\n    <img decoding=\"async\" width=\"768\" height=\"768\" src=\"https:\/\/talkpal.ai\/wp-content\/uploads\/2023\/06\/Ukrainian-768x768.png\" class=\"languageImage no-lazy\" alt=\"Language learning - Your doorway to the world\" fetchpriority=\"high\" sizes=\"(max-width: 768px) 150px, 768px\" srcset=\"https:\/\/talkpal.ai\/wp-content\/uploads\/2023\/06\/Ukrainian-768x768.png 768w, https:\/\/talkpal.ai\/wp-content\/uploads\/2023\/06\/Ukrainian-300x300.png 300w\" \/>\r\n    \r\n\r\n    <\/figure>\r\n\r\n            <a class=\"getStartedVisible\" href=\"https:\/\/app.talkpal.ai\/da\/signup?lng=\">Kom i gang<\/a>\r\n    \r\n<\/section>\r\n\r\n\r\n<!-- <section class=\"grammarSection\">\r\n    <div class=\"grammarLinks\">\r\n            <\/div>\r\n<\/section> -->\r\n\r\n\r\n\r\n\r\n<section class=\"promotionalBanner\">\r\n    <p class=\"promotionalText\">Den mest effektive m\u00e5de at l\u00e6re et sprog p\u00e5<\/p>\r\n    <a class=\"promotionalLink\" href=\"https:\/\/app.talkpal.ai\/da\/signup?lng=\">Pr\u00f8v Talkpal gratis<\/a>\r\n<\/section>\n<div class=\"wp-block-group pageContainerStyle\"><div class=\"wp-block-group__inner-container is-layout-constrained wp-block-group-is-layout-constrained\">\n<h2 class=\"wp-block-heading\" id=\"h-ukrainian-grammar-topics\">Ukrainske grammatik emner<\/h2>\n\n\n\n<p>At l\u00e6re et nyt sprog kan v\u00e6re en sp\u00e6ndende, men udfordrende indsats, og det ukrainske sprog er ingen undtagelse. <a href=\"https:\/\/talkpal.ai\/learn-ukrainian\/\">Ukrainsk<\/a>, et \u00f8stslavisk sprog, er det officielle sprog i <a href=\"https:\/\/talkpal.ai\/locations\/language-courses-in-ukraine\/\">Ukraine<\/a> og kan prale af en rig historie og forskelligartet grammatisk struktur. N\u00e5r du g\u00e5r i gang med din rejse til at blive dygtig til ukrainsk, er der flere vigtige grammatiske emner, du bliver n\u00f8dt til at mestre, herunder tider, verb, substantiver, artikler, pronomen, adjektiver, adverb, pr\u00e6positioner og s\u00e6tningsstruktur. Forst\u00e5else og korrekt anvendelse af disse grammatikregler vil forbedre din flydende sprog betydeligt. S\u00e5 lad os dykke ned i hvert emne og unders\u00f8ge, i hvilken r\u00e6kkef\u00f8lge du skal l\u00e6re dem.<\/p>\n\n\n\n<h3 class=\"wp-block-heading\" id=\"h-1-nouns\">1. Substantiver:<\/h3>\n\n\n\n<p>Start med at l\u00e6re ukrainske navneord, <a href=\"https:\/\/talkpal.ai\/culture\/how-do-you-use-the-conjunction-da-de\/\">da de<\/a> er grundlaget for sproget. G\u00f8r dig bekendt med deres k\u00f8n (maskulin, feminin og neutral) og deres flertalsformer. Forst\u00e5else af substantivforkortelser (kasus) er afg\u00f8rende for korrekt s\u00e6tningsdannelse.<\/p>\n\n\n\n<h3 class=\"wp-block-heading\" id=\"h-2-pronouns\">2. Pronomen:<\/h3>\n\n\n\n<p>L\u00e6r derefter pronomen &#8211; ord, der erstatter substantiver i en s\u00e6tning. De har ogs\u00e5 forskel p\u00e5 k\u00f8n og kasus, s\u00e5 det er vigtigt at l\u00e6re de rette former at bruge afh\u00e6ngigt af det substantiv, de erstatter.<\/p>\n\n\n\n<h3 class=\"wp-block-heading\" id=\"h-3-verbs\">3. Udsagnsord:<\/h3>\n\n\n\n<p>Verb er handlingsordene i en s\u00e6tning. P\u00e5 ukrainsk har verb forskellige former baseret p\u00e5 sp\u00e6nding, hum\u00f8r og aspekt. Begynd med at l\u00e6re de nuv\u00e6rende tidsindikative former for verb, som vil hj\u00e6lpe dig med at forst\u00e5 grundl\u00e6ggende s\u00e6tningsstruktur.<\/p>\n\n\n\n<h3 class=\"wp-block-heading\" id=\"h-4-tenses-indicative\">4. Tider vejledende:<\/h3>\n\n\n\n<p>N\u00e5r du er fortrolig med verber i nutid, kan du g\u00e5 videre til at l\u00e6re datid og fremtid i indikativ. Dette giver dig mulighed for at kommunikere om begivenheder, der allerede har fundet sted eller vil forekomme i fremtiden.<\/p>\n\n\n\n<h3 class=\"wp-block-heading\" id=\"h-5-tenses-subjunctive\">5. Tider Konjunktiv:<\/h3>\n\n\n\n<p>N\u00e5r du har mestret den vejledende stemning, skal du udforske det konjunktive hum\u00f8r, som udtrykker hypotetiske situationer, \u00f8nsker eller forslag. Den konjunktive stemning forekommer hovedsageligt i fortid og fremtid p\u00e5 ukrainsk.<\/p>\n\n\n\n<h3 class=\"wp-block-heading\" id=\"h-6-tense-comparison\">6. Ansp\u00e6ndt sammenligning:<\/h3>\n\n\n\n<p>L\u00e6r at sammenligne tider p\u00e5 ukrainsk for at udtrykke forskellige grader af sikkerhed eller mulighed. Dette vil hj\u00e6lpe dig med at forst\u00e5 og skabe mere komplekse s\u00e6tninger.<\/p>\n\n\n\n<h3 class=\"wp-block-heading\" id=\"h-7-adjectives\">7. Adjektiver:<\/h3>\n\n\n\n<p>Adjektiver beskriver substantivernes kvaliteter. De er enige i k\u00f8n, antal og store og sm\u00e5 bogstaver med det substantiv, de \u00e6ndrer. At l\u00e6re adjektiver hj\u00e6lper dig med at tilf\u00f8je flere detaljer til dine s\u00e6tninger.<\/p>\n\n\n\n<h3 class=\"wp-block-heading\" id=\"h-8-adverbs\">8. Adverbi:<\/h3>\n\n\n\n<p>Adverb beskriver m\u00e5den, stedet eller tidspunktet for en handling. De falder ikke som adjektiver, men de spiller en afg\u00f8rende rolle i at g\u00f8re dine s\u00e6tninger mere informative og engagerende.<\/p>\n\n\n\n<h3 class=\"wp-block-heading\" id=\"h-9-prepositions\">9. Pr\u00e6positioner:<\/h3>\n\n\n\n<p>Pr\u00e6positioner viser forholdet mellem ord i en s\u00e6tning (f.eks. Placering, retning eller tid). L\u00e6r hvordan du bruger pr\u00e6positioner korrekt for at undg\u00e5 forvirring og formidle din tilsigtede betydning.<\/p>\n\n\n\n<h3 class=\"wp-block-heading\" id=\"h-10-sentence-structure\">10. S\u00e6tningsstruktur:<\/h3>\n\n\n\n<p>Endelig skal du g\u00f8re dig bekendt med ukrainsk s\u00e6tningsstruktur. Dette omfatter forst\u00e5else af emne-verb-objekt (SVO) ordr\u00e6kkef\u00f8lge og hvordan man bruger kasus og andre grammatiske elementer til at danne klare, sammenh\u00e6ngende s\u00e6tninger.<\/p>\n\n\n\n<h3 class=\"wp-block-heading\" id=\"h-11-articles\">11. Artikler:<\/h3>\n\n\n\n<p>Ukrainsk har ikke artikler som &#8220;the&#8221; eller &#8220;a&#8221; p\u00e5 <a href=\"https:\/\/talkpal.ai\/learn-english-with-ai\/\">engelsk<\/a>, men det er vigtigt at forst\u00e5, hvordan bestemthed og ubestemthed formidles i sproget, som regel gennem brug af demonstrative pronominer eller kontekst.<\/p>\n\n\n\n<p>Ved at l\u00e6re disse grammatiske emner i den foresl\u00e5ede r\u00e6kkef\u00f8lge, vil du gradvist opbygge et st\u00e6rkt fundament p\u00e5 ukrainsk og fremskridt mod flydende sprog.<\/p>\n<\/div><\/div>\n\r\n<section class=\"learnNavigationSection\">\r\n            \r\n        <a href=\"https:\/\/talkpal.ai\/da\/laer-ukrainsk\/\">\r\n            <div class=\"learnNavigationWrapper\">\r\n                <div class=\"learnNavigationContent\">\r\n                    <img decoding=\"async\" src=\"https:\/\/talkpal.ai\/wp-content\/uploads\/2024\/08\/Ukrainian.jpg\" alt=\"Ukrainian Flag\">\r\n                    <div>\r\n                        <h4>Om ukrainsk l\u00e6ring<\/h4>\r\n                        <p>Find ud af alt om ukrainsk grammatik.<\/p>\r\n                    <\/div>\r\n                <\/div>\r\n            <\/div>\r\n        <\/a>\r\n\r\n        \r\n        <a href=\"https:\/\/talkpal.ai\/da\/ukrainsk-grammatik\/\">\r\n            <div class=\"learnNavigationWrapper\">\r\n                <div class=\"learnNavigationContent\">\r\n                    <img decoding=\"async\" src=\"https:\/\/talkpal.ai\/wp-content\/uploads\/2024\/08\/Ukrainian.jpg\" alt=\"Ukrainian Flag\">\r\n                    <div>\r\n                        <h4>Ukrainske grammatik lektioner<\/h4>\r\n                        <p>\u00d8v ukrainsk grammatik.<\/p>\r\n                    <\/div>\r\n                <\/div>\r\n            <\/div>\r\n        <\/a>\r\n\r\n        \r\n        <a href=\"https:\/\/talkpal.ai\/vocabulary_language\/ukrainian\/\">\r\n            <div class=\"learnNavigationWrapper\">\r\n                <div class=\"learnNavigationContent\">\r\n                    <img decoding=\"async\" src=\"https:\/\/talkpal.ai\/wp-content\/uploads\/2024\/08\/Ukrainian.jpg\" alt=\"Ukrainian Flag\">\r\n                    <div>\r\n                        <h4>Ukrainsk ordforr\u00e5d<\/h4>\r\n                        <p>Udvid dit ukrainske ordforr\u00e5d.<\/p>\r\n                    <\/div>\r\n                <\/div>\r\n            <\/div>\r\n        <\/a>\r\n\r\n            <\/section>","protected":false},"excerpt":{"rendered":"<p>Ukrainske grammatik emner At l\u00e6re et nyt sprog kan v\u00e6re en sp\u00e6ndende, men udfordrende indsats, og det ukrainske sprog er ingen undtagelse. Ukrainsk, et \u00f8stslavisk sprog, er det officielle sprog i Ukraine og kan prale af en rig historie og forskelligartet grammatisk struktur. N\u00e5r du g\u00e5r i gang med din rejse til at blive dygtig [&hellip;]<\/p>\n","protected":false},"author":6,"featured_media":108600,"parent":0,"menu_order":0,"comment_status":"closed","ping_status":"closed","template":"LearningContentPage.php","meta":{"_acf_changed":false,"footnotes":""},"class_list":["post-135931","page","type-page","status-publish","has-post-thumbnail","hentry"],"acf":[],"yoast_head":"<!-- This site is optimized with the Yoast SEO Premium plugin v27.2 (Yoast SEO v27.2) - https:\/\/yoast.com\/product\/yoast-seo-premium-wordpress\/ -->\n<title>Ukrainske grammatik\u00f8velser - Talkpal<\/title>\n<meta name=\"description\" content=\"Forbedr dine ukrainske f\u00e6rdigheder med engagerende ukrainske grammatik\u00f8velser, der d\u00e6kker vigtige grammatiske emner for flydende tale.\" \/>\n<meta name=\"robots\" content=\"index, follow, max-snippet:-1, max-image-preview:large, max-video-preview:-1\" \/>\n<link rel=\"canonical\" href=\"https:\/\/talkpal.ai\/da\/ukrainske-grammatikoevelser\/\" \/>\n<meta property=\"og:locale\" content=\"da_DK\" \/>\n<meta property=\"og:type\" content=\"article\" \/>\n<meta property=\"og:title\" content=\"Ukrainske grammatik\u00f8velser\" \/>\n<meta property=\"og:description\" content=\"Ukrainske grammatik emner At l\u00e6re et nyt sprog kan v\u00e6re en sp\u00e6ndende, men udfordrende indsats, og det ukrainske sprog er ingen undtagelse. Ukrainsk, et\" \/>\n<meta property=\"og:url\" content=\"https:\/\/talkpal.ai\/da\/ukrainske-grammatikoevelser\/\" \/>\n<meta property=\"og:site_name\" content=\"Talkpal\" \/>\n<meta property=\"article:publisher\" content=\"https:\/\/www.facebook.com\/profile.php?id=100090733639311\" \/>\n<meta property=\"article:modified_time\" content=\"2025-12-17T16:22:11+00:00\" \/>\n<meta property=\"og:image\" content=\"https:\/\/talkpal.ai\/wp-content\/uploads\/2023\/04\/ukraine.png\" \/>\n\t<meta property=\"og:image:width\" content=\"512\" \/>\n\t<meta property=\"og:image:height\" content=\"512\" \/>\n\t<meta property=\"og:image:type\" content=\"image\/png\" \/>\n<meta name=\"twitter:card\" content=\"summary_large_image\" \/>\n<meta name=\"twitter:site\" content=\"@talkpalai\" \/>\n<meta name=\"twitter:label1\" content=\"Estimeret l\u00e6setid\" \/>\n\t<meta name=\"twitter:data1\" content=\"3 minutter\" \/>\n<script type=\"application\/ld+json\" class=\"yoast-schema-graph\">{\"@context\":\"https:\/\/schema.org\",\"@graph\":[{\"@type\":\"WebPage\",\"@id\":\"https:\/\/talkpal.ai\/da\/ukrainske-grammatikoevelser\/\",\"url\":\"https:\/\/talkpal.ai\/da\/ukrainske-grammatikoevelser\/\",\"name\":\"Ukrainske grammatik\u00f8velser - Talkpal\",\"isPartOf\":{\"@id\":\"https:\/\/talkpal.ai\/da\/#website\"},\"primaryImageOfPage\":{\"@id\":\"https:\/\/talkpal.ai\/da\/ukrainske-grammatikoevelser\/#primaryimage\"},\"image\":{\"@id\":\"https:\/\/talkpal.ai\/da\/ukrainske-grammatikoevelser\/#primaryimage\"},\"thumbnailUrl\":\"https:\/\/talkpal.ai\/wp-content\/uploads\/2023\/04\/ukraine.png\",\"datePublished\":\"2023-06-16T10:51:16+00:00\",\"dateModified\":\"2025-12-17T16:22:11+00:00\",\"description\":\"Forbedr dine ukrainske f\u00e6rdigheder med engagerende ukrainske grammatik\u00f8velser, der d\u00e6kker vigtige grammatiske emner for flydende tale.\",\"breadcrumb\":{\"@id\":\"https:\/\/talkpal.ai\/da\/ukrainske-grammatikoevelser\/#breadcrumb\"},\"inLanguage\":\"da-DK\",\"potentialAction\":[{\"@type\":\"ReadAction\",\"target\":[\"https:\/\/talkpal.ai\/da\/ukrainske-grammatikoevelser\/\"]}]},{\"@type\":\"ImageObject\",\"inLanguage\":\"da-DK\",\"@id\":\"https:\/\/talkpal.ai\/da\/ukrainske-grammatikoevelser\/#primaryimage\",\"url\":\"https:\/\/talkpal.ai\/wp-content\/uploads\/2023\/04\/ukraine.png\",\"contentUrl\":\"https:\/\/talkpal.ai\/wp-content\/uploads\/2023\/04\/ukraine.png\",\"width\":512,\"height\":512,\"caption\":\"TalkPal Ukrainian Flag\"},{\"@type\":\"BreadcrumbList\",\"@id\":\"https:\/\/talkpal.ai\/da\/ukrainske-grammatikoevelser\/#breadcrumb\",\"itemListElement\":[{\"@type\":\"ListItem\",\"position\":1,\"name\":\"Homepage\",\"item\":\"https:\/\/talkpal.ai\/da\/\"},{\"@type\":\"ListItem\",\"position\":2,\"name\":\"Ukrainske grammatik\u00f8velser\"}]},{\"@type\":\"WebSite\",\"@id\":\"https:\/\/talkpal.ai\/da\/#website\",\"url\":\"https:\/\/talkpal.ai\/da\/\",\"name\":\"Talkpal\",\"description\":\"AI Language Learning\",\"publisher\":{\"@id\":\"https:\/\/talkpal.ai\/da\/#organization\"},\"alternateName\":\"Talkpal AI\",\"potentialAction\":[{\"@type\":\"SearchAction\",\"target\":{\"@type\":\"EntryPoint\",\"urlTemplate\":\"https:\/\/talkpal.ai\/da\/?s={search_term_string}\"},\"query-input\":{\"@type\":\"PropertyValueSpecification\",\"valueRequired\":true,\"valueName\":\"search_term_string\"}}],\"inLanguage\":\"da-DK\"},{\"@type\":\"Organization\",\"@id\":\"https:\/\/talkpal.ai\/da\/#organization\",\"name\":\"Talkpal, Inc.\",\"alternateName\":\"Talkpal AI\",\"url\":\"https:\/\/talkpal.ai\/da\/\",\"logo\":{\"@type\":\"ImageObject\",\"inLanguage\":\"da-DK\",\"@id\":\"https:\/\/talkpal.ai\/da\/#\/schema\/logo\/image\/\",\"url\":\"https:\/\/talkpal.ai\/wp-content\/uploads\/2024\/03\/Talkpal-Logo-Icon.png\",\"contentUrl\":\"https:\/\/talkpal.ai\/wp-content\/uploads\/2024\/03\/Talkpal-Logo-Icon.png\",\"width\":2880,\"height\":2880,\"caption\":\"Talkpal, Inc.\"},\"image\":{\"@id\":\"https:\/\/talkpal.ai\/da\/#\/schema\/logo\/image\/\"},\"sameAs\":[\"https:\/\/www.facebook.com\/profile.php?id=100090733639311\",\"https:\/\/x.com\/talkpalai\",\"https:\/\/www.linkedin.com\/company\/talkpal\/\",\"https:\/\/www.youtube.com\/@TalkPal\/\",\"https:\/\/www.tiktok.com\/@talkpal\",\"https:\/\/www.instagram.com\/talkpal_ai\/\",\"https:\/\/www.crunchbase.com\/organization\/talkpal-9cde\",\"https:\/\/www.g2.com\/products\/talkpal-for-business\/\",\"https:\/\/www.trustpilot.com\/review\/talkpal.ai\",\"https:\/\/www.capterra.com\/p\/10006800\/TalkPal\/\"],\"description\":\"Talkpal is a language learning web and mobile education app, powered by the latest AI technologies, that provides engaging experiences to its customers in many different languages to help them improve their language skills. Users can chat about unlimited amount of topics with the app and use other modes to practice their language learning.\",\"email\":\"support@talkpal.ai\",\"legalName\":\"Talkpal, Inc.\",\"foundingDate\":\"2023-04-03\",\"duns\":\"118989042\",\"numberOfEmployees\":{\"@type\":\"QuantitativeValue\",\"minValue\":\"11\",\"maxValue\":\"50\"},\"publishingPrinciples\":\"https:\/\/talkpal.ai\/publishing-principles\/\",\"actionableFeedbackPolicy\":\"https:\/\/talkpal.ai\/actionable-feedback-policy\/\",\"correctionsPolicy\":\"https:\/\/talkpal.ai\/corrections-policy\/\",\"ethicsPolicy\":\"https:\/\/talkpal.ai\/ethics-policy\/\",\"diversityPolicy\":\"https:\/\/talkpal.ai\/diversity-policy\/\",\"diversityStaffingReport\":\"https:\/\/talkpal.ai\/diversity-policy\/\"}]}<\/script>\n<!-- \/ Yoast SEO Premium plugin. -->","yoast_head_json":{"title":"Ukrainske grammatik\u00f8velser - Talkpal","description":"Forbedr dine ukrainske f\u00e6rdigheder med engagerende ukrainske grammatik\u00f8velser, der d\u00e6kker vigtige grammatiske emner for flydende tale.","robots":{"index":"index","follow":"follow","max-snippet":"max-snippet:-1","max-image-preview":"max-image-preview:large","max-video-preview":"max-video-preview:-1"},"canonical":"https:\/\/talkpal.ai\/da\/ukrainske-grammatikoevelser\/","og_locale":"da_DK","og_type":"article","og_title":"Ukrainske grammatik\u00f8velser","og_description":"Ukrainske grammatik emner At l\u00e6re et nyt sprog kan v\u00e6re en sp\u00e6ndende, men udfordrende indsats, og det ukrainske sprog er ingen undtagelse. Ukrainsk, et","og_url":"https:\/\/talkpal.ai\/da\/ukrainske-grammatikoevelser\/","og_site_name":"Talkpal","article_publisher":"https:\/\/www.facebook.com\/profile.php?id=100090733639311","article_modified_time":"2025-12-17T16:22:11+00:00","og_image":[{"width":512,"height":512,"url":"https:\/\/talkpal.ai\/wp-content\/uploads\/2023\/04\/ukraine.png","type":"image\/png"}],"twitter_card":"summary_large_image","twitter_site":"@talkpalai","twitter_misc":{"Estimeret l\u00e6setid":"3 minutter"},"schema":{"@context":"https:\/\/schema.org","@graph":[{"@type":"WebPage","@id":"https:\/\/talkpal.ai\/da\/ukrainske-grammatikoevelser\/","url":"https:\/\/talkpal.ai\/da\/ukrainske-grammatikoevelser\/","name":"Ukrainske grammatik\u00f8velser - Talkpal","isPartOf":{"@id":"https:\/\/talkpal.ai\/da\/#website"},"primaryImageOfPage":{"@id":"https:\/\/talkpal.ai\/da\/ukrainske-grammatikoevelser\/#primaryimage"},"image":{"@id":"https:\/\/talkpal.ai\/da\/ukrainske-grammatikoevelser\/#primaryimage"},"thumbnailUrl":"https:\/\/talkpal.ai\/wp-content\/uploads\/2023\/04\/ukraine.png","datePublished":"2023-06-16T10:51:16+00:00","dateModified":"2025-12-17T16:22:11+00:00","description":"Forbedr dine ukrainske f\u00e6rdigheder med engagerende ukrainske grammatik\u00f8velser, der d\u00e6kker vigtige grammatiske emner for flydende tale.","breadcrumb":{"@id":"https:\/\/talkpal.ai\/da\/ukrainske-grammatikoevelser\/#breadcrumb"},"inLanguage":"da-DK","potentialAction":[{"@type":"ReadAction","target":["https:\/\/talkpal.ai\/da\/ukrainske-grammatikoevelser\/"]}]},{"@type":"ImageObject","inLanguage":"da-DK","@id":"https:\/\/talkpal.ai\/da\/ukrainske-grammatikoevelser\/#primaryimage","url":"https:\/\/talkpal.ai\/wp-content\/uploads\/2023\/04\/ukraine.png","contentUrl":"https:\/\/talkpal.ai\/wp-content\/uploads\/2023\/04\/ukraine.png","width":512,"height":512,"caption":"TalkPal Ukrainian Flag"},{"@type":"BreadcrumbList","@id":"https:\/\/talkpal.ai\/da\/ukrainske-grammatikoevelser\/#breadcrumb","itemListElement":[{"@type":"ListItem","position":1,"name":"Homepage","item":"https:\/\/talkpal.ai\/da\/"},{"@type":"ListItem","position":2,"name":"Ukrainske grammatik\u00f8velser"}]},{"@type":"WebSite","@id":"https:\/\/talkpal.ai\/da\/#website","url":"https:\/\/talkpal.ai\/da\/","name":"Talkpal","description":"AI Language Learning","publisher":{"@id":"https:\/\/talkpal.ai\/da\/#organization"},"alternateName":"Talkpal AI","potentialAction":[{"@type":"SearchAction","target":{"@type":"EntryPoint","urlTemplate":"https:\/\/talkpal.ai\/da\/?s={search_term_string}"},"query-input":{"@type":"PropertyValueSpecification","valueRequired":true,"valueName":"search_term_string"}}],"inLanguage":"da-DK"},{"@type":"Organization","@id":"https:\/\/talkpal.ai\/da\/#organization","name":"Talkpal, Inc.","alternateName":"Talkpal AI","url":"https:\/\/talkpal.ai\/da\/","logo":{"@type":"ImageObject","inLanguage":"da-DK","@id":"https:\/\/talkpal.ai\/da\/#\/schema\/logo\/image\/","url":"https:\/\/talkpal.ai\/wp-content\/uploads\/2024\/03\/Talkpal-Logo-Icon.png","contentUrl":"https:\/\/talkpal.ai\/wp-content\/uploads\/2024\/03\/Talkpal-Logo-Icon.png","width":2880,"height":2880,"caption":"Talkpal, Inc."},"image":{"@id":"https:\/\/talkpal.ai\/da\/#\/schema\/logo\/image\/"},"sameAs":["https:\/\/www.facebook.com\/profile.php?id=100090733639311","https:\/\/x.com\/talkpalai","https:\/\/www.linkedin.com\/company\/talkpal\/","https:\/\/www.youtube.com\/@TalkPal\/","https:\/\/www.tiktok.com\/@talkpal","https:\/\/www.instagram.com\/talkpal_ai\/","https:\/\/www.crunchbase.com\/organization\/talkpal-9cde","https:\/\/www.g2.com\/products\/talkpal-for-business\/","https:\/\/www.trustpilot.com\/review\/talkpal.ai","https:\/\/www.capterra.com\/p\/10006800\/TalkPal\/"],"description":"Talkpal is a language learning web and mobile education app, powered by the latest AI technologies, that provides engaging experiences to its customers in many different languages to help them improve their language skills. Users can chat about unlimited amount of topics with the app and use other modes to practice their language learning.","email":"support@talkpal.ai","legalName":"Talkpal, Inc.","foundingDate":"2023-04-03","duns":"118989042","numberOfEmployees":{"@type":"QuantitativeValue","minValue":"11","maxValue":"50"},"publishingPrinciples":"https:\/\/talkpal.ai\/publishing-principles\/","actionableFeedbackPolicy":"https:\/\/talkpal.ai\/actionable-feedback-policy\/","correctionsPolicy":"https:\/\/talkpal.ai\/corrections-policy\/","ethicsPolicy":"https:\/\/talkpal.ai\/ethics-policy\/","diversityPolicy":"https:\/\/talkpal.ai\/diversity-policy\/","diversityStaffingReport":"https:\/\/talkpal.ai\/diversity-policy\/"}]}},"_links":{"self":[{"href":"https:\/\/talkpal.ai\/da\/wp-json\/wp\/v2\/pages\/135931","targetHints":{"allow":["GET"]}}],"collection":[{"href":"https:\/\/talkpal.ai\/da\/wp-json\/wp\/v2\/pages"}],"about":[{"href":"https:\/\/talkpal.ai\/da\/wp-json\/wp\/v2\/types\/page"}],"author":[{"embeddable":true,"href":"https:\/\/talkpal.ai\/da\/wp-json\/wp\/v2\/users\/6"}],"replies":[{"embeddable":true,"href":"https:\/\/talkpal.ai\/da\/wp-json\/wp\/v2\/comments?post=135931"}],"version-history":[{"count":0,"href":"https:\/\/talkpal.ai\/da\/wp-json\/wp\/v2\/pages\/135931\/revisions"}],"wp:featuredmedia":[{"embeddable":true,"href":"https:\/\/talkpal.ai\/da\/wp-json\/wp\/v2\/media\/108600"}],"wp:attachment":[{"href":"https:\/\/talkpal.ai\/da\/wp-json\/wp\/v2\/media?parent=135931"}],"curies":[{"name":"wp","href":"https:\/\/api.w.org\/{rel}","templated":true}]}}