{"id":135223,"date":"2023-06-16T10:27:33","date_gmt":"2023-06-16T10:27:33","guid":{"rendered":"http:\/\/talkpal.ai\/koreansk-grammatik-oevelser\/"},"modified":"2025-12-17T16:49:41","modified_gmt":"2025-12-17T16:49:41","slug":"koreansk-grammatik-oevelser","status":"publish","type":"page","link":"https:\/\/talkpal.ai\/da\/koreansk-grammatik-oevelser\/","title":{"rendered":"Koreansk grammatik \u00f8velser"},"content":{"rendered":"\r\n\r\n\r\n<section class=\"languageChallengeSection\">\r\n    <div class=\"languageInfoWrapper\">\r\n        \r\n        <h1>Koreansk grammatik \u00f8velser<\/h1>\r\n        <p>\u00d8nsker du at styrke dine koreanske sprogf\u00e6rdigheder? At fokusere p\u00e5 grammatik\u00f8velser er en god m\u00e5de at f\u00e5 styr p\u00e5 s\u00e6tningsstruktur, verbernes endelser og hverdagsudtryk. Dyk ned og \u00f8v <a href=\"https:\/\/talkpal.ai\/sv\/grammar\/tidigare-progressiv-i-koreansk-grammatik\/\">koreansk grammatik<\/a> regelm\u00e6ssigt &#8211; hver \u00f8velse bringer dig t\u00e6ttere p\u00e5 naturlig og sikker kommunikation. Begynd i dag, og se dine koreanske f\u00e6rdigheder vokse trin for trin!<\/p>\r\n\r\n                            <a class=\"getStartedHidden\" href=\"https:\/\/app.talkpal.ai\/da\/signup?lng=\">Kom i gang<\/a>\r\n        \r\n    <\/div>\r\n\r\n    <figure>\r\n    <img decoding=\"async\" width=\"768\" height=\"768\" src=\"https:\/\/talkpal.ai\/wp-content\/uploads\/2023\/06\/korean-768x768.png\" class=\"languageImage no-lazy\" alt=\"Line-by-line learning for language acquisition\" fetchpriority=\"high\" sizes=\"(max-width: 768px) 150px, 768px\" srcset=\"https:\/\/talkpal.ai\/wp-content\/uploads\/2023\/06\/korean-768x768.png 768w, https:\/\/talkpal.ai\/wp-content\/uploads\/2023\/06\/korean-300x300.png 300w\" \/>\r\n    \r\n\r\n    <\/figure>\r\n\r\n            <a class=\"getStartedVisible\" href=\"https:\/\/app.talkpal.ai\/da\/signup?lng=\">Kom i gang<\/a>\r\n    \r\n<\/section>\r\n\r\n\r\n<!-- <section class=\"grammarSection\">\r\n    <div class=\"grammarLinks\">\r\n            <\/div>\r\n<\/section> -->\r\n\r\n\r\n\r\n\r\n<section class=\"promotionalBanner\">\r\n    <p class=\"promotionalText\">Den mest effektive m\u00e5de at l\u00e6re et <a href=\"https:\/\/talkpal.ai\/what-language-is-spoken-on-the-international-space-station\/\">sprog<\/a> p\u00e5<\/p>\r\n    <a class=\"promotionalLink\" href=\"https:\/\/app.talkpal.ai\/da\/signup?lng=\">Pr\u00f8v Talkpal gratis<\/a>\r\n<\/section>\n<div class=\"wp-block-group pageContainerStyle\"><div class=\"wp-block-group__inner-container is-layout-constrained wp-block-group-is-layout-constrained\">\n<h2 class=\"wp-block-heading\" id=\"h-korean-grammar-topics\">Koreansk grammatik emner<\/h2>\n\n\n\n<p>At l\u00e6re <a href=\"https:\/\/talkpal.ai\/learn-korean\/\">koreansk<\/a> kan v\u00e6re en sp\u00e6ndende og givende oplevelse, da det \u00e5bner <a href=\"https:\/\/talkpal.ai\/talkpal-new-years-discount\/\">nye<\/a> kulturelle og faglige muligheder. Det koreanske sprog har en rig historie og tales af millioner af mennesker over hele verden. Et af de vigtigste aspekter ved at l\u00e6re ethvert sprog er at forst\u00e5 dets <a href=\"https:\/\/talkpal.ai\/fr\/les\/\">grammatik<\/a>. I tilf\u00e6lde af koreansk er grammatikken helt forskellig fra mange vestlige sprog, men med den rigtige tilgang kan den forst\u00e5s systematisk. I denne artikel vil vi udforske forskellige koreanske grammatikemner, herunder tider, verb, substantiver, artikler, pronomen, adjektiver, adverb, pr\u00e6positioner og s\u00e6tningsstruktur. Ved at forst\u00e5 og <a href=\"https:\/\/talkpal.ai\/locations\/language-courses-in-mestre\/\">mestre<\/a> disse begreber, vil du v\u00e6re godt p\u00e5 vej til at blive dygtig i koreansk.<\/p>\n\n\n\n<h3 class=\"wp-block-heading\" id=\"h-1-nouns\">1. Substantiver:<\/h3>\n\n\n\n<p>P\u00e5 koreansk er substantiver vigtige byggesten i s\u00e6tninger. De repr\u00e6senterer mennesker, steder, ting eller ideer. Koreanske navneord har ikke k\u00f8ns- eller talforskelle, hvilket g\u00f8r dem relativt enkle at l\u00e6re. At g\u00f8re dig bekendt med almindelige koreanske navneord hj\u00e6lper dig med at opbygge et st\u00e6rkt ordforr\u00e5dsfundament.<\/p>\n\n\n\n<h3 class=\"wp-block-heading\" id=\"h-2-verbs\">2. Udsagnsord:<\/h3>\n\n\n\n<p>Koreanske verb er afg\u00f8rende for at formidle handlinger og tilstande af v\u00e6ren. De kommer normalt i slutningen af en s\u00e6tning og har forskellige former afh\u00e6ngigt af sp\u00e6nding og h\u00f8flighedsniveau. Forst\u00e5else af b\u00f8jningsreglerne for forskellige verbformer er afg\u00f8rende for effektiv kommunikation p\u00e5 koreansk.<\/p>\n\n\n\n<h3 class=\"wp-block-heading\" id=\"h-3-adjectives\">3. Adjektiver:<\/h3>\n\n\n\n<p>P\u00e5 koreansk <a href=\"https:\/\/talkpal.ai\/locations\/learn-french-in-bruges\/\">bruges<\/a> adjektiver til at beskrive substantiver og har lignende b\u00f8jningsregler som verb. De kan bruges f\u00f8r eller efter et substantiv, og deres form kan \u00e6ndre sig afh\u00e6ngigt af sp\u00e6nding og h\u00f8flighedsniveau. At l\u00e6re almindelige adjektiver og deres brug vil forbedre dine beskrivende evner p\u00e5 koreansk.<\/p>\n\n\n\n<h3 class=\"wp-block-heading\" id=\"h-4-adverbs\">4. Adverb:<\/h3>\n\n\n\n<p>Adverb p\u00e5 koreansk giver yderligere oplysninger om verb, adjektiver eller andre adverb. De kommer normalt f\u00f8r det ord, de \u00e6ndrer, og har ikke specifikke b\u00f8jningsregler. Inkorporering af adverb i dine koreanske s\u00e6tninger kan tilf\u00f8je dybde og nuance til dit udtryk.<\/p>\n\n\n\n<h3 class=\"wp-block-heading\" id=\"h-5-pronouns\">5. Pronomen:<\/h3>\n\n\n\n<p>Koreanske pronomen hj\u00e6lper med at undg\u00e5 redundans og g\u00f8re s\u00e6tninger mere kortfattede. De erstatter navneord, der allerede er n\u00e6vnt eller forst\u00e5s i sammenh\u00e6ng. Koreanske pronominer har forskellige former baseret p\u00e5 subjektets sociale status og k\u00f8n, hvilket g\u00f8r dem til et vigtigt aspekt af sproget at mestre.<\/p>\n\n\n\n<h3 class=\"wp-block-heading\" id=\"h-6-prepositions\">6. Pr\u00e6positioner:<\/h3>\n\n\n\n<p>P\u00e5 koreansk bruges pr\u00e6positioner til at udtrykke forhold mellem substantiver i en s\u00e6tning, s\u00e5som placering, retning eller besiddelse. I mods\u00e6tning til engelsk kommer koreanske pr\u00e6positioner normalt efter substantivet, de \u00e6ndrer, og danner en enkelt enhed kaldet en postpositionel s\u00e6tning. At forst\u00e5 den korrekte brug af disse partikler er afg\u00f8rende for at konstruere sammenh\u00e6ngende koreanske s\u00e6tninger.<\/p>\n\n\n\n<h3 class=\"wp-block-heading\" id=\"h-7-sentence-structure\">7. S\u00e6tningsstruktur:<\/h3>\n\n\n\n<p>Den grundl\u00e6ggende struktur af en koreansk s\u00e6tning er emne-objekt-verb (SOV). Det betyder, at verbet typisk kommer sidst i en s\u00e6tning, hvilket kan v\u00e6re en v\u00e6sentlig \u00e6ndring for engelsktalende. At l\u00e6re den rigtige ordr\u00e6kkef\u00f8lge og s\u00e6tningsstruktur giver dig mulighed for at kommunikere mere effektivt p\u00e5 koreansk.<\/p>\n\n\n\n<h3 class=\"wp-block-heading\" id=\"h-8-tenses-indicative-and-subjunctive\">8. Tider vejledende og konjunktiv:<\/h3>\n\n\n\n<p>Koreansk har forskellige verbformer til at udtrykke tidligere, nuv\u00e6rende og fremtidige handlinger eller tilstande. Den vejledende stemning bruges til udsagn om fakta, mens den konjunktive stemning formidler usikkerhed, mulighed eller hypotetiske situationer. At genkende og bruge disse verbformer korrekt er afg\u00f8rende for klar kommunikation p\u00e5 koreansk.<\/p>\n\n\n\n<h3 class=\"wp-block-heading\" id=\"h-9-tense-comparison\">9. Ansp\u00e6ndt sammenligning:<\/h3>\n\n\n\n<p>Sammenligning af begivenheder i forskellige tidsrammer kr\u00e6ver forst\u00e5else af nuancerne i koreansk verbb\u00f8jning. Ved at l\u00e6re at sammenligne tidligere, nuv\u00e6rende og fremtidige begivenheder ved hj\u00e6lp af passende verbformer kan du formidle komplekse ideer og relationer p\u00e5 koreansk.<\/p>\n\n\n\n<h3 class=\"wp-block-heading\" id=\"h-10-articles\">10. Artikler:<\/h3>\n\n\n\n<p>I mods\u00e6tning til engelsk har koreansk ikke bestemte eller ubestemte artikler. I stedet er sproget afh\u00e6ngig af kontekst og brugen af specifikke partikler til at formidle et substantivs bestemthed eller ubestemthed. At mestre disse partikler vil g\u00f8re det muligt for dig at udtrykke dig mere pr\u00e6cist p\u00e5 koreansk.<\/p>\n<\/div><\/div>\n\r\n<section class=\"learnNavigationSection\">\r\n            \r\n        <a href=\"https:\/\/talkpal.ai\/da\/laer-koreansk\/\">\r\n            <div class=\"learnNavigationWrapper\">\r\n                <div class=\"learnNavigationContent\">\r\n                    <img decoding=\"async\" src=\"https:\/\/talkpal.ai\/wp-content\/uploads\/2024\/08\/Korean.jpg\" alt=\"Korean Flag\">\r\n                    <div>\r\n                        <h4>Om koreansk l\u00e6ring<\/h4>\r\n                        <p>Find ud af alt om koreansk grammatik.<\/p>\r\n                    <\/div>\r\n                <\/div>\r\n            <\/div>\r\n        <\/a>\r\n\r\n        \r\n        <a href=\"https:\/\/talkpal.ai\/da\/koreansk-grammatik\/\">\r\n            <div class=\"learnNavigationWrapper\">\r\n                <div class=\"learnNavigationContent\">\r\n                    <img decoding=\"async\" src=\"https:\/\/talkpal.ai\/wp-content\/uploads\/2024\/08\/Korean.jpg\" alt=\"Korean Flag\">\r\n                    <div>\r\n                        <h4>Lektioner i koreansk grammatik<\/h4>\r\n                        <p>\u00d8v koreansk grammatik.<\/p>\r\n                    <\/div>\r\n                <\/div>\r\n            <\/div>\r\n        <\/a>\r\n\r\n        \r\n        <a href=\"https:\/\/talkpal.ai\/vocabulary_language\/korean\/\">\r\n            <div class=\"learnNavigationWrapper\">\r\n                <div class=\"learnNavigationContent\">\r\n                    <img decoding=\"async\" src=\"https:\/\/talkpal.ai\/wp-content\/uploads\/2024\/08\/Korean.jpg\" alt=\"Korean Flag\">\r\n                    <div>\r\n                        <h4>Koreansk ordforr\u00e5d<\/h4>\r\n                        <p>Udvid dit koreanske ordforr\u00e5d.<\/p>\r\n                    <\/div>\r\n                <\/div>\r\n            <\/div>\r\n        <\/a>\r\n\r\n            <\/section>","protected":false},"excerpt":{"rendered":"<p>Koreansk grammatik emner At l\u00e6re koreansk kan v\u00e6re en sp\u00e6ndende og givende oplevelse, da det \u00e5bner nye kulturelle og faglige muligheder. Det koreanske sprog har en rig historie og tales af millioner af mennesker over hele verden. Et af de vigtigste aspekter ved at l\u00e6re ethvert sprog er at forst\u00e5 dets grammatik. I tilf\u00e6lde af [&hellip;]<\/p>\n","protected":false},"author":6,"featured_media":107564,"parent":0,"menu_order":0,"comment_status":"closed","ping_status":"closed","template":"LearningContentPage.php","meta":{"_acf_changed":false,"footnotes":""},"class_list":["post-135223","page","type-page","status-publish","has-post-thumbnail","hentry"],"acf":[],"yoast_head":"<!-- This site is optimized with the Yoast SEO Premium plugin v27.2 (Yoast SEO v27.2) - https:\/\/yoast.com\/product\/yoast-seo-premium-wordpress\/ -->\n<title>Koreansk grammatik \u00f8velser - Talkpal<\/title>\n<meta name=\"description\" content=\"Forbedre din koreanske grammatik nemt - \u00f8v dig med interaktive \u00f8velser, mestre sprogm\u00f8nstre og opbygge selvtillid\" \/>\n<meta name=\"robots\" content=\"index, follow, max-snippet:-1, max-image-preview:large, max-video-preview:-1\" \/>\n<link rel=\"canonical\" href=\"https:\/\/talkpal.ai\/da\/koreansk-grammatik-oevelser\/\" \/>\n<meta property=\"og:locale\" content=\"da_DK\" \/>\n<meta property=\"og:type\" content=\"article\" \/>\n<meta property=\"og:title\" content=\"Koreansk grammatik \u00f8velser\" \/>\n<meta property=\"og:description\" content=\"Koreansk grammatik emner At l\u00e6re koreansk kan v\u00e6re en sp\u00e6ndende og givende oplevelse, da det \u00e5bner nye kulturelle og faglige muligheder. Det koreanske\" \/>\n<meta property=\"og:url\" content=\"https:\/\/talkpal.ai\/da\/koreansk-grammatik-oevelser\/\" \/>\n<meta property=\"og:site_name\" content=\"Talkpal\" \/>\n<meta property=\"article:publisher\" content=\"https:\/\/www.facebook.com\/profile.php?id=100090733639311\" \/>\n<meta property=\"article:modified_time\" content=\"2025-12-17T16:49:41+00:00\" \/>\n<meta property=\"og:image\" content=\"https:\/\/talkpal.ai\/wp-content\/uploads\/2023\/04\/south-korea.png\" \/>\n\t<meta property=\"og:image:width\" content=\"512\" \/>\n\t<meta property=\"og:image:height\" content=\"512\" \/>\n\t<meta property=\"og:image:type\" content=\"image\/png\" \/>\n<meta name=\"twitter:card\" content=\"summary_large_image\" \/>\n<meta name=\"twitter:site\" content=\"@talkpalai\" \/>\n<meta name=\"twitter:label1\" content=\"Estimeret l\u00e6setid\" \/>\n\t<meta name=\"twitter:data1\" content=\"3 minutter\" \/>\n<script type=\"application\/ld+json\" class=\"yoast-schema-graph\">{\"@context\":\"https:\/\/schema.org\",\"@graph\":[{\"@type\":\"WebPage\",\"@id\":\"https:\/\/talkpal.ai\/da\/koreansk-grammatik-oevelser\/\",\"url\":\"https:\/\/talkpal.ai\/da\/koreansk-grammatik-oevelser\/\",\"name\":\"Koreansk grammatik \u00f8velser - Talkpal\",\"isPartOf\":{\"@id\":\"https:\/\/talkpal.ai\/da\/#website\"},\"primaryImageOfPage\":{\"@id\":\"https:\/\/talkpal.ai\/da\/koreansk-grammatik-oevelser\/#primaryimage\"},\"image\":{\"@id\":\"https:\/\/talkpal.ai\/da\/koreansk-grammatik-oevelser\/#primaryimage\"},\"thumbnailUrl\":\"https:\/\/talkpal.ai\/wp-content\/uploads\/2023\/04\/south-korea.png\",\"datePublished\":\"2023-06-16T10:27:33+00:00\",\"dateModified\":\"2025-12-17T16:49:41+00:00\",\"description\":\"Forbedre din koreanske grammatik nemt - \u00f8v dig med interaktive \u00f8velser, mestre sprogm\u00f8nstre og opbygge selvtillid\",\"breadcrumb\":{\"@id\":\"https:\/\/talkpal.ai\/da\/koreansk-grammatik-oevelser\/#breadcrumb\"},\"inLanguage\":\"da-DK\",\"potentialAction\":[{\"@type\":\"ReadAction\",\"target\":[\"https:\/\/talkpal.ai\/da\/koreansk-grammatik-oevelser\/\"]}]},{\"@type\":\"ImageObject\",\"inLanguage\":\"da-DK\",\"@id\":\"https:\/\/talkpal.ai\/da\/koreansk-grammatik-oevelser\/#primaryimage\",\"url\":\"https:\/\/talkpal.ai\/wp-content\/uploads\/2023\/04\/south-korea.png\",\"contentUrl\":\"https:\/\/talkpal.ai\/wp-content\/uploads\/2023\/04\/south-korea.png\",\"width\":512,\"height\":512},{\"@type\":\"BreadcrumbList\",\"@id\":\"https:\/\/talkpal.ai\/da\/koreansk-grammatik-oevelser\/#breadcrumb\",\"itemListElement\":[{\"@type\":\"ListItem\",\"position\":1,\"name\":\"Homepage\",\"item\":\"https:\/\/talkpal.ai\/da\/\"},{\"@type\":\"ListItem\",\"position\":2,\"name\":\"Koreansk grammatik \u00f8velser\"}]},{\"@type\":\"WebSite\",\"@id\":\"https:\/\/talkpal.ai\/da\/#website\",\"url\":\"https:\/\/talkpal.ai\/da\/\",\"name\":\"Talkpal\",\"description\":\"AI Language Learning\",\"publisher\":{\"@id\":\"https:\/\/talkpal.ai\/da\/#organization\"},\"alternateName\":\"Talkpal AI\",\"potentialAction\":[{\"@type\":\"SearchAction\",\"target\":{\"@type\":\"EntryPoint\",\"urlTemplate\":\"https:\/\/talkpal.ai\/da\/?s={search_term_string}\"},\"query-input\":{\"@type\":\"PropertyValueSpecification\",\"valueRequired\":true,\"valueName\":\"search_term_string\"}}],\"inLanguage\":\"da-DK\"},{\"@type\":\"Organization\",\"@id\":\"https:\/\/talkpal.ai\/da\/#organization\",\"name\":\"Talkpal, Inc.\",\"alternateName\":\"Talkpal AI\",\"url\":\"https:\/\/talkpal.ai\/da\/\",\"logo\":{\"@type\":\"ImageObject\",\"inLanguage\":\"da-DK\",\"@id\":\"https:\/\/talkpal.ai\/da\/#\/schema\/logo\/image\/\",\"url\":\"https:\/\/talkpal.ai\/wp-content\/uploads\/2024\/03\/Talkpal-Logo-Icon.png\",\"contentUrl\":\"https:\/\/talkpal.ai\/wp-content\/uploads\/2024\/03\/Talkpal-Logo-Icon.png\",\"width\":2880,\"height\":2880,\"caption\":\"Talkpal, Inc.\"},\"image\":{\"@id\":\"https:\/\/talkpal.ai\/da\/#\/schema\/logo\/image\/\"},\"sameAs\":[\"https:\/\/www.facebook.com\/profile.php?id=100090733639311\",\"https:\/\/x.com\/talkpalai\",\"https:\/\/www.linkedin.com\/company\/talkpal\/\",\"https:\/\/www.youtube.com\/@TalkPal\/\",\"https:\/\/www.tiktok.com\/@talkpal\",\"https:\/\/www.instagram.com\/talkpal_ai\/\",\"https:\/\/www.crunchbase.com\/organization\/talkpal-9cde\",\"https:\/\/www.g2.com\/products\/talkpal-for-business\/\",\"https:\/\/www.trustpilot.com\/review\/talkpal.ai\",\"https:\/\/www.capterra.com\/p\/10006800\/TalkPal\/\"],\"description\":\"Talkpal is a language learning web and mobile education app, powered by the latest AI technologies, that provides engaging experiences to its customers in many different languages to help them improve their language skills. Users can chat about unlimited amount of topics with the app and use other modes to practice their language learning.\",\"email\":\"support@talkpal.ai\",\"legalName\":\"Talkpal, Inc.\",\"foundingDate\":\"2023-04-03\",\"duns\":\"118989042\",\"numberOfEmployees\":{\"@type\":\"QuantitativeValue\",\"minValue\":\"11\",\"maxValue\":\"50\"},\"publishingPrinciples\":\"https:\/\/talkpal.ai\/publishing-principles\/\",\"actionableFeedbackPolicy\":\"https:\/\/talkpal.ai\/actionable-feedback-policy\/\",\"correctionsPolicy\":\"https:\/\/talkpal.ai\/corrections-policy\/\",\"ethicsPolicy\":\"https:\/\/talkpal.ai\/ethics-policy\/\",\"diversityPolicy\":\"https:\/\/talkpal.ai\/diversity-policy\/\",\"diversityStaffingReport\":\"https:\/\/talkpal.ai\/diversity-policy\/\"}]}<\/script>\n<!-- \/ Yoast SEO Premium plugin. -->","yoast_head_json":{"title":"Koreansk grammatik \u00f8velser - Talkpal","description":"Forbedre din koreanske grammatik nemt - \u00f8v dig med interaktive \u00f8velser, mestre sprogm\u00f8nstre og opbygge selvtillid","robots":{"index":"index","follow":"follow","max-snippet":"max-snippet:-1","max-image-preview":"max-image-preview:large","max-video-preview":"max-video-preview:-1"},"canonical":"https:\/\/talkpal.ai\/da\/koreansk-grammatik-oevelser\/","og_locale":"da_DK","og_type":"article","og_title":"Koreansk grammatik \u00f8velser","og_description":"Koreansk grammatik emner At l\u00e6re koreansk kan v\u00e6re en sp\u00e6ndende og givende oplevelse, da det \u00e5bner nye kulturelle og faglige muligheder. Det koreanske","og_url":"https:\/\/talkpal.ai\/da\/koreansk-grammatik-oevelser\/","og_site_name":"Talkpal","article_publisher":"https:\/\/www.facebook.com\/profile.php?id=100090733639311","article_modified_time":"2025-12-17T16:49:41+00:00","og_image":[{"width":512,"height":512,"url":"https:\/\/talkpal.ai\/wp-content\/uploads\/2023\/04\/south-korea.png","type":"image\/png"}],"twitter_card":"summary_large_image","twitter_site":"@talkpalai","twitter_misc":{"Estimeret l\u00e6setid":"3 minutter"},"schema":{"@context":"https:\/\/schema.org","@graph":[{"@type":"WebPage","@id":"https:\/\/talkpal.ai\/da\/koreansk-grammatik-oevelser\/","url":"https:\/\/talkpal.ai\/da\/koreansk-grammatik-oevelser\/","name":"Koreansk grammatik \u00f8velser - Talkpal","isPartOf":{"@id":"https:\/\/talkpal.ai\/da\/#website"},"primaryImageOfPage":{"@id":"https:\/\/talkpal.ai\/da\/koreansk-grammatik-oevelser\/#primaryimage"},"image":{"@id":"https:\/\/talkpal.ai\/da\/koreansk-grammatik-oevelser\/#primaryimage"},"thumbnailUrl":"https:\/\/talkpal.ai\/wp-content\/uploads\/2023\/04\/south-korea.png","datePublished":"2023-06-16T10:27:33+00:00","dateModified":"2025-12-17T16:49:41+00:00","description":"Forbedre din koreanske grammatik nemt - \u00f8v dig med interaktive \u00f8velser, mestre sprogm\u00f8nstre og opbygge selvtillid","breadcrumb":{"@id":"https:\/\/talkpal.ai\/da\/koreansk-grammatik-oevelser\/#breadcrumb"},"inLanguage":"da-DK","potentialAction":[{"@type":"ReadAction","target":["https:\/\/talkpal.ai\/da\/koreansk-grammatik-oevelser\/"]}]},{"@type":"ImageObject","inLanguage":"da-DK","@id":"https:\/\/talkpal.ai\/da\/koreansk-grammatik-oevelser\/#primaryimage","url":"https:\/\/talkpal.ai\/wp-content\/uploads\/2023\/04\/south-korea.png","contentUrl":"https:\/\/talkpal.ai\/wp-content\/uploads\/2023\/04\/south-korea.png","width":512,"height":512},{"@type":"BreadcrumbList","@id":"https:\/\/talkpal.ai\/da\/koreansk-grammatik-oevelser\/#breadcrumb","itemListElement":[{"@type":"ListItem","position":1,"name":"Homepage","item":"https:\/\/talkpal.ai\/da\/"},{"@type":"ListItem","position":2,"name":"Koreansk grammatik \u00f8velser"}]},{"@type":"WebSite","@id":"https:\/\/talkpal.ai\/da\/#website","url":"https:\/\/talkpal.ai\/da\/","name":"Talkpal","description":"AI Language Learning","publisher":{"@id":"https:\/\/talkpal.ai\/da\/#organization"},"alternateName":"Talkpal AI","potentialAction":[{"@type":"SearchAction","target":{"@type":"EntryPoint","urlTemplate":"https:\/\/talkpal.ai\/da\/?s={search_term_string}"},"query-input":{"@type":"PropertyValueSpecification","valueRequired":true,"valueName":"search_term_string"}}],"inLanguage":"da-DK"},{"@type":"Organization","@id":"https:\/\/talkpal.ai\/da\/#organization","name":"Talkpal, Inc.","alternateName":"Talkpal AI","url":"https:\/\/talkpal.ai\/da\/","logo":{"@type":"ImageObject","inLanguage":"da-DK","@id":"https:\/\/talkpal.ai\/da\/#\/schema\/logo\/image\/","url":"https:\/\/talkpal.ai\/wp-content\/uploads\/2024\/03\/Talkpal-Logo-Icon.png","contentUrl":"https:\/\/talkpal.ai\/wp-content\/uploads\/2024\/03\/Talkpal-Logo-Icon.png","width":2880,"height":2880,"caption":"Talkpal, Inc."},"image":{"@id":"https:\/\/talkpal.ai\/da\/#\/schema\/logo\/image\/"},"sameAs":["https:\/\/www.facebook.com\/profile.php?id=100090733639311","https:\/\/x.com\/talkpalai","https:\/\/www.linkedin.com\/company\/talkpal\/","https:\/\/www.youtube.com\/@TalkPal\/","https:\/\/www.tiktok.com\/@talkpal","https:\/\/www.instagram.com\/talkpal_ai\/","https:\/\/www.crunchbase.com\/organization\/talkpal-9cde","https:\/\/www.g2.com\/products\/talkpal-for-business\/","https:\/\/www.trustpilot.com\/review\/talkpal.ai","https:\/\/www.capterra.com\/p\/10006800\/TalkPal\/"],"description":"Talkpal is a language learning web and mobile education app, powered by the latest AI technologies, that provides engaging experiences to its customers in many different languages to help them improve their language skills. Users can chat about unlimited amount of topics with the app and use other modes to practice their language learning.","email":"support@talkpal.ai","legalName":"Talkpal, Inc.","foundingDate":"2023-04-03","duns":"118989042","numberOfEmployees":{"@type":"QuantitativeValue","minValue":"11","maxValue":"50"},"publishingPrinciples":"https:\/\/talkpal.ai\/publishing-principles\/","actionableFeedbackPolicy":"https:\/\/talkpal.ai\/actionable-feedback-policy\/","correctionsPolicy":"https:\/\/talkpal.ai\/corrections-policy\/","ethicsPolicy":"https:\/\/talkpal.ai\/ethics-policy\/","diversityPolicy":"https:\/\/talkpal.ai\/diversity-policy\/","diversityStaffingReport":"https:\/\/talkpal.ai\/diversity-policy\/"}]}},"_links":{"self":[{"href":"https:\/\/talkpal.ai\/da\/wp-json\/wp\/v2\/pages\/135223","targetHints":{"allow":["GET"]}}],"collection":[{"href":"https:\/\/talkpal.ai\/da\/wp-json\/wp\/v2\/pages"}],"about":[{"href":"https:\/\/talkpal.ai\/da\/wp-json\/wp\/v2\/types\/page"}],"author":[{"embeddable":true,"href":"https:\/\/talkpal.ai\/da\/wp-json\/wp\/v2\/users\/6"}],"replies":[{"embeddable":true,"href":"https:\/\/talkpal.ai\/da\/wp-json\/wp\/v2\/comments?post=135223"}],"version-history":[{"count":0,"href":"https:\/\/talkpal.ai\/da\/wp-json\/wp\/v2\/pages\/135223\/revisions"}],"wp:featuredmedia":[{"embeddable":true,"href":"https:\/\/talkpal.ai\/da\/wp-json\/wp\/v2\/media\/107564"}],"wp:attachment":[{"href":"https:\/\/talkpal.ai\/da\/wp-json\/wp\/v2\/media?parent=135223"}],"curies":[{"name":"wp","href":"https:\/\/api.w.org\/{rel}","templated":true}]}}