{"id":134795,"date":"2023-06-16T10:21:59","date_gmt":"2023-06-16T10:21:59","guid":{"rendered":"http:\/\/talkpal.ai\/japanske-grammatikoevelser\/"},"modified":"2025-12-17T16:57:00","modified_gmt":"2025-12-17T16:57:00","slug":"japanske-grammatikoevelser","status":"publish","type":"page","link":"https:\/\/talkpal.ai\/da\/japanske-grammatikoevelser\/","title":{"rendered":"Japanske grammatik\u00f8velser"},"content":{"rendered":"\r\n\r\n\r\n<section class=\"languageChallengeSection\">\r\n    <div class=\"languageInfoWrapper\">\r\n        \r\n        <h1>Japanske grammatik\u00f8velser<\/h1>\r\n        <p>Er du klar til at tage dit japanske <a href=\"https:\/\/talkpal.ai\/what-language-is-spoken-on-the-international-space-station\/\">sprog<\/a> til n\u00e6ste niveau? At \u00f8ve sig p\u00e5 <a href=\"https:\/\/talkpal.ai\/fr\/les\/\">grammatik<\/a> er en fantastisk m\u00e5de at forst\u00e5 s\u00e6tningsm\u00f8nstre p\u00e5, bruge partikler korrekt og f\u00f8le sig mere hjemme i sproget. Spring ud i det, afpr\u00f8v nye grammatiske punkter, og se, hvordan hver \u00f8velse bringer dig t\u00e6ttere p\u00e5 flydende sprog &#8211; begynd at \u00f8ve dig p\u00e5 <a href=\"https:\/\/talkpal.ai\/learn-japanese\/\">japansk<\/a> grammatik i dag!<\/p>\r\n\r\n                            <a class=\"getStartedHidden\" href=\"https:\/\/app.talkpal.ai\/da\/signup?lng=\">Kom i gang<\/a>\r\n        \r\n    <\/div>\r\n\r\n    <figure>\r\n    <img decoding=\"async\" width=\"768\" height=\"768\" src=\"https:\/\/talkpal.ai\/wp-content\/uploads\/2023\/06\/japanese-768x768.png\" class=\"languageImage no-lazy\" alt=\"Language learning for world travelers\" fetchpriority=\"high\" sizes=\"(max-width: 768px) 150px, 768px\" srcset=\"https:\/\/talkpal.ai\/wp-content\/uploads\/2023\/06\/japanese-768x768.png 768w, https:\/\/talkpal.ai\/wp-content\/uploads\/2023\/06\/japanese-300x300.png 300w\" \/>\r\n    \r\n\r\n    <\/figure>\r\n\r\n            <a class=\"getStartedVisible\" href=\"https:\/\/app.talkpal.ai\/da\/signup?lng=\">Kom i gang<\/a>\r\n    \r\n<\/section>\r\n\r\n\r\n<!-- <section class=\"grammarSection\">\r\n    <div class=\"grammarLinks\">\r\n            <\/div>\r\n<\/section> -->\r\n\r\n\r\n\r\n\r\n<section class=\"promotionalBanner\">\r\n    <p class=\"promotionalText\">Den mest effektive m\u00e5de at l\u00e6re et sprog p\u00e5<\/p>\r\n    <a class=\"promotionalLink\" href=\"https:\/\/app.talkpal.ai\/da\/signup?lng=\">Pr\u00f8v Talkpal gratis<\/a>\r\n<\/section>\n<div class=\"wp-block-group pageContainerStyle\"><div class=\"wp-block-group__inner-container is-layout-constrained wp-block-group-is-layout-constrained\">\n<h2 class=\"wp-block-heading\" id=\"h-japanese-grammar-topics\">Japanske grammatik emner<\/h2>\n\n\n\n<p>At l\u00e6re japansk kan v\u00e6re en sp\u00e6ndende og givende oplevelse, da det \u00e5bner en helt <a href=\"https:\/\/talkpal.ai\/talkpal-new-years-discount\/\">ny<\/a> verden af kultur, kommunikation og personlig v\u00e6kst. Det japanske sprog har en unik struktur og grammatiksystem, som kan virke skr\u00e6mmende i starten, men kan mestres gennem konsekvent praksis og en velorganiseret l\u00e6ringsplan. For at lette din rejse ind i den japanske verden har vi samlet de v\u00e6sentlige grammatikemner i en r\u00e6kkef\u00f8lge, der hj\u00e6lper dig med at opbygge et st\u00e6rkt fundament og fremskridt problemfrit. Ved at fokusere p\u00e5 disse grammatiske elementer, vil du v\u00e6re godt p\u00e5 vej til at opn\u00e5 f\u00e6rdigheder i japansk.<\/p>\n\n\n\n<h3 class=\"wp-block-heading\" id=\"h-1-particles\">1. Partikler:<\/h3>\n\n\n\n<p>Partikler er essentielle p\u00e5 japansk, <a href=\"https:\/\/talkpal.ai\/culture\/how-do-you-use-the-conjunction-da-de\/\">da de<\/a> angiver forholdet mellem ord i en s\u00e6tning. De fungerer som pr\u00e6positioner og postpositioner p\u00e5 andre sprog. L\u00e6ringspartikler som \u306f (wa), \u304c (ga), \u3092 (wo), \u306b (ni), \u3067 (de) og \u3068 (to) hj\u00e6lper dig med at danne grundl\u00e6ggende s\u00e6tninger og forst\u00e5 funktionen af hvert ord.<\/p>\n\n\n\n<h3 class=\"wp-block-heading\" id=\"h-2-nouns\">2. Substantiver:<\/h3>\n\n\n\n<p>At g\u00f8re dig bekendt med almindelige navneord giver dig mulighed for at begynde at opbygge dit ordforr\u00e5d. Japanske navneord har ikke k\u00f8n, antal eller artikler, hvilket forenkler l\u00e6ringsprocessen.<\/p>\n\n\n\n<h3 class=\"wp-block-heading\" id=\"h-3-pronouns\">3. Pronomen:<\/h3>\n\n\n\n<p>Japanske pronomen <a href=\"https:\/\/talkpal.ai\/locations\/learn-french-in-bruges\/\">bruges<\/a> til at henvise til mennesker og ting. Nogle almindelige pronominer er \u79c1 (watashi &#8211; jeg), \u3042\u306a\u305f (anata &#8211; du), \u5f7c (kare &#8211; han), \u5f7c\u5973 (kanojo &#8211; hun) og \u305d\u308c (sore &#8211; det).<\/p>\n\n\n\n<h3 class=\"wp-block-heading\" id=\"h-4-verb-conjugation\">4. B\u00f8jning af verbum:<\/h3>\n\n\n\n<p>Japanske verb har forskellige b\u00f8jninger baseret p\u00e5 sp\u00e6nding, h\u00f8flighed og andre faktorer. At l\u00e6re de grundl\u00e6ggende verbformer, s\u00e5som ordbogsformen, -masu-formen og -te-formen, hj\u00e6lper dig med at udtrykke forskellige handlinger og tilstande.<\/p>\n\n\n\n<h3 class=\"wp-block-heading\" id=\"h-5-tenses\">5. Tider:<\/h3>\n\n\n\n<p>Japansk har fortid og ikke-datid, hvor sidstn\u00e6vnte bruges til nuv\u00e6rende og fremtidige handlinger. At forst\u00e5, hvordan man konjugerer verb i disse tider, hj\u00e6lper dig med at udtrykke tiden n\u00f8jagtigt.<\/p>\n\n\n\n<h3 class=\"wp-block-heading\" id=\"h-6-adjectives\">6. Adjektiver:<\/h3>\n\n\n\n<p>Japanske adjektiver er opdelt i to grupper: i-adjektiver og na-adjektiver. At l\u00e6re deres b\u00f8jningsregler og hvordan man bruger dem i s\u00e6tninger hj\u00e6lper dig med at beskrive objekter, mennesker og situationer.<\/p>\n\n\n\n<h3 class=\"wp-block-heading\" id=\"h-7-adverbs\">7. Adverb:<\/h3>\n\n\n\n<p>Adverb \u00e6ndrer verb, adjektiver og andre adverb og tilf\u00f8jer nuance til dine s\u00e6tninger. Almindelige japanske adverbier omfatter \u901f\u304f (hayaku &#8211; hurtigt), \u3086\u3063\u304f\u308a (yukkuri &#8211; langsomt) og \u3068\u3066\u3082 (totemo &#8211; meget).<\/p>\n\n\n\n<h3 class=\"wp-block-heading\" id=\"h-8-prepositions\">8. Pr\u00e6positioner:<\/h3>\n\n\n\n<p>Selv om japansk ikke har pr\u00e6positioner p\u00e5 samme m\u00e5de som <a href=\"https:\/\/talkpal.ai\/learn-english-with-ai\/\">engelsk<\/a>, fungerer nogle partikler p\u00e5 samme m\u00e5de. At l\u00e6re disse partikler og deres anvendelser vil hj\u00e6lpe dig med at udtrykke rumlige og tidsm\u00e6ssige forhold.<\/p>\n\n\n\n<h3 class=\"wp-block-heading\" id=\"h-9-conjunctions\">9. Konjunktioner:<\/h3>\n\n\n\n<p>Konjunktioner bruges til at forbinde ord, s\u00e6tninger og klausuler. Almindelige japanske konjunktioner er \u305d\u3057\u3066 (soshite &#8211; og), \u3057\u304b\u3057 (shikashi &#8211; dog) og \u3060\u304b\u3089 (dakara &#8211; derfor).<\/p>\n\n\n\n<h3 class=\"wp-block-heading\" id=\"h-10-sentence-structure\">10. S\u00e6tningsstruktur:<\/h3>\n\n\n\n<p>Japansk f\u00f8lger en emne-objekt-verbum (SOV) s\u00e6tningsstruktur. Forst\u00e5else af denne struktur og andre s\u00e6tningsm\u00f8nstre hj\u00e6lper dig med at oprette n\u00f8jagtige og komplekse s\u00e6tninger.<\/p>\n\n\n\n<h3 class=\"wp-block-heading\" id=\"h-11-honorifics\">11. H\u00e6dersbevisninger:<\/h3>\n\n\n\n<p>Japansk har et komplekst system af \u00e6resbevisninger, der udtrykker h\u00f8flighed og respekt. At l\u00e6re det grundl\u00e6ggende i \u00e6refuld tale, s\u00e5som brugen af \u3067\u3059 (desu) og \u307e\u3059 (masu), hj\u00e6lper dig med at navigere i sociale situationer.<\/p>\n\n\n\n<h3 class=\"wp-block-heading\" id=\"h-12-expressions\">12. Udtryk:<\/h3>\n\n\n\n<p>At g\u00f8re dig bekendt med almindelige japanske udtryk og idiomer hj\u00e6lper dig med at lyde mere naturlig og flydende i samtale.<\/p>\n\n\n\n<h3 class=\"wp-block-heading\" id=\"h-13-numbers\">13. Numre:<\/h3>\n\n\n\n<p>Japansk har et unikt nummersystem med forskellige t\u00e6llere til forskellige objekter. At l\u00e6re at t\u00e6lle og bruge tal i kontekst er afg\u00f8rende for daglig kommunikation.<\/p>\n\n\n\n<h3 class=\"wp-block-heading\" id=\"h-14-verbs\">14. Udsagnsord:<\/h3>\n\n\n\n<p>Endelig vil udvidelse af dit verbordforr\u00e5d give dig mulighed for at udtrykke en bred vifte af handlinger og tilstande, s\u00e5 du kan kommunikere mere effektivt p\u00e5 japansk.<\/p>\n<\/div><\/div>\n\r\n<section class=\"learnNavigationSection\">\r\n            \r\n        <a href=\"https:\/\/talkpal.ai\/da\/laer-japansk\/\">\r\n            <div class=\"learnNavigationWrapper\">\r\n                <div class=\"learnNavigationContent\">\r\n                    <img decoding=\"async\" src=\"https:\/\/talkpal.ai\/wp-content\/uploads\/2024\/08\/Japanese.jpg\" alt=\"Japanese Flag\">\r\n                    <div>\r\n                        <h4>Om at l\u00e6re japansk<\/h4>\r\n                        <p>Find ud af alt om japansk grammatik.<\/p>\r\n                    <\/div>\r\n                <\/div>\r\n            <\/div>\r\n        <\/a>\r\n\r\n        \r\n        <a href=\"https:\/\/talkpal.ai\/da\/japansk-grammatik\/\">\r\n            <div class=\"learnNavigationWrapper\">\r\n                <div class=\"learnNavigationContent\">\r\n                    <img decoding=\"async\" src=\"https:\/\/talkpal.ai\/wp-content\/uploads\/2024\/08\/Japanese.jpg\" alt=\"Japanese Flag\">\r\n                    <div>\r\n                        <h4>Lektioner i japansk grammatik<\/h4>\r\n                        <p>\u00d8v japansk grammatik.<\/p>\r\n                    <\/div>\r\n                <\/div>\r\n            <\/div>\r\n        <\/a>\r\n\r\n        \r\n        <a href=\"https:\/\/talkpal.ai\/vocabulary_language\/japanese\/\">\r\n            <div class=\"learnNavigationWrapper\">\r\n                <div class=\"learnNavigationContent\">\r\n                    <img decoding=\"async\" src=\"https:\/\/talkpal.ai\/wp-content\/uploads\/2024\/08\/Japanese.jpg\" alt=\"Japanese Flag\">\r\n                    <div>\r\n                        <h4>Japansk ordforr\u00e5d<\/h4>\r\n                        <p>Udvid dit japanske ordforr\u00e5d.<\/p>\r\n                    <\/div>\r\n                <\/div>\r\n            <\/div>\r\n        <\/a>\r\n\r\n            <\/section>","protected":false},"excerpt":{"rendered":"<p>Japanske grammatik emner At l\u00e6re japansk kan v\u00e6re en sp\u00e6ndende og givende oplevelse, da det \u00e5bner en helt ny verden af kultur, kommunikation og personlig v\u00e6kst. Det japanske sprog har en unik struktur og grammatiksystem, som kan virke skr\u00e6mmende i starten, men kan mestres gennem konsekvent praksis og en velorganiseret l\u00e6ringsplan. For at lette din [&hellip;]<\/p>\n","protected":false},"author":6,"featured_media":107256,"parent":0,"menu_order":0,"comment_status":"closed","ping_status":"closed","template":"LearningContentPage.php","meta":{"_acf_changed":false,"footnotes":""},"class_list":["post-134795","page","type-page","status-publish","has-post-thumbnail","hentry"],"acf":[],"yoast_head":"<!-- This site is optimized with the Yoast SEO Premium plugin v27.2 (Yoast SEO v27.2) - https:\/\/yoast.com\/product\/yoast-seo-premium-wordpress\/ -->\n<title>Japanske grammatik\u00f8velser - Talkpal<\/title>\n<meta name=\"description\" content=\"Forbedr dine japanske grammatikf\u00e6rdigheder - styr p\u00e5 s\u00e6tningsstrukturer, \u00f8v dig i interaktive aktiviteter, og \u00f8g din flydende sprogf\u00e6rdighed.\" \/>\n<meta name=\"robots\" content=\"index, follow, max-snippet:-1, max-image-preview:large, max-video-preview:-1\" \/>\n<link rel=\"canonical\" href=\"https:\/\/talkpal.ai\/da\/japanske-grammatikoevelser\/\" \/>\n<meta property=\"og:locale\" content=\"da_DK\" \/>\n<meta property=\"og:type\" content=\"article\" \/>\n<meta property=\"og:title\" content=\"Japanske grammatik\u00f8velser\" \/>\n<meta property=\"og:description\" content=\"Japanske grammatik emner At l\u00e6re japansk kan v\u00e6re en sp\u00e6ndende og givende oplevelse, da det \u00e5bner en helt ny verden af kultur, kommunikation og personlig\" \/>\n<meta property=\"og:url\" content=\"https:\/\/talkpal.ai\/da\/japanske-grammatikoevelser\/\" \/>\n<meta property=\"og:site_name\" content=\"Talkpal\" \/>\n<meta property=\"article:publisher\" content=\"https:\/\/www.facebook.com\/profile.php?id=100090733639311\" \/>\n<meta property=\"article:modified_time\" content=\"2025-12-17T16:57:00+00:00\" \/>\n<meta property=\"og:image\" content=\"https:\/\/talkpal.ai\/wp-content\/uploads\/2023\/04\/japan.png\" \/>\n\t<meta property=\"og:image:width\" content=\"512\" \/>\n\t<meta property=\"og:image:height\" content=\"512\" \/>\n\t<meta property=\"og:image:type\" content=\"image\/png\" \/>\n<meta name=\"twitter:card\" content=\"summary_large_image\" \/>\n<meta name=\"twitter:site\" content=\"@talkpalai\" \/>\n<meta name=\"twitter:label1\" content=\"Estimeret l\u00e6setid\" \/>\n\t<meta name=\"twitter:data1\" content=\"3 minutter\" \/>\n<script type=\"application\/ld+json\" class=\"yoast-schema-graph\">{\"@context\":\"https:\/\/schema.org\",\"@graph\":[{\"@type\":\"WebPage\",\"@id\":\"https:\/\/talkpal.ai\/da\/japanske-grammatikoevelser\/\",\"url\":\"https:\/\/talkpal.ai\/da\/japanske-grammatikoevelser\/\",\"name\":\"Japanske grammatik\u00f8velser - Talkpal\",\"isPartOf\":{\"@id\":\"https:\/\/talkpal.ai\/da\/#website\"},\"primaryImageOfPage\":{\"@id\":\"https:\/\/talkpal.ai\/da\/japanske-grammatikoevelser\/#primaryimage\"},\"image\":{\"@id\":\"https:\/\/talkpal.ai\/da\/japanske-grammatikoevelser\/#primaryimage\"},\"thumbnailUrl\":\"https:\/\/talkpal.ai\/wp-content\/uploads\/2023\/04\/japan.png\",\"datePublished\":\"2023-06-16T10:21:59+00:00\",\"dateModified\":\"2025-12-17T16:57:00+00:00\",\"description\":\"Forbedr dine japanske grammatikf\u00e6rdigheder - styr p\u00e5 s\u00e6tningsstrukturer, \u00f8v dig i interaktive aktiviteter, og \u00f8g din flydende sprogf\u00e6rdighed.\",\"breadcrumb\":{\"@id\":\"https:\/\/talkpal.ai\/da\/japanske-grammatikoevelser\/#breadcrumb\"},\"inLanguage\":\"da-DK\",\"potentialAction\":[{\"@type\":\"ReadAction\",\"target\":[\"https:\/\/talkpal.ai\/da\/japanske-grammatikoevelser\/\"]}]},{\"@type\":\"ImageObject\",\"inLanguage\":\"da-DK\",\"@id\":\"https:\/\/talkpal.ai\/da\/japanske-grammatikoevelser\/#primaryimage\",\"url\":\"https:\/\/talkpal.ai\/wp-content\/uploads\/2023\/04\/japan.png\",\"contentUrl\":\"https:\/\/talkpal.ai\/wp-content\/uploads\/2023\/04\/japan.png\",\"width\":512,\"height\":512},{\"@type\":\"BreadcrumbList\",\"@id\":\"https:\/\/talkpal.ai\/da\/japanske-grammatikoevelser\/#breadcrumb\",\"itemListElement\":[{\"@type\":\"ListItem\",\"position\":1,\"name\":\"Homepage\",\"item\":\"https:\/\/talkpal.ai\/da\/\"},{\"@type\":\"ListItem\",\"position\":2,\"name\":\"Japanske grammatik\u00f8velser\"}]},{\"@type\":\"WebSite\",\"@id\":\"https:\/\/talkpal.ai\/da\/#website\",\"url\":\"https:\/\/talkpal.ai\/da\/\",\"name\":\"Talkpal\",\"description\":\"AI Language Learning\",\"publisher\":{\"@id\":\"https:\/\/talkpal.ai\/da\/#organization\"},\"alternateName\":\"Talkpal AI\",\"potentialAction\":[{\"@type\":\"SearchAction\",\"target\":{\"@type\":\"EntryPoint\",\"urlTemplate\":\"https:\/\/talkpal.ai\/da\/?s={search_term_string}\"},\"query-input\":{\"@type\":\"PropertyValueSpecification\",\"valueRequired\":true,\"valueName\":\"search_term_string\"}}],\"inLanguage\":\"da-DK\"},{\"@type\":\"Organization\",\"@id\":\"https:\/\/talkpal.ai\/da\/#organization\",\"name\":\"Talkpal, Inc.\",\"alternateName\":\"Talkpal AI\",\"url\":\"https:\/\/talkpal.ai\/da\/\",\"logo\":{\"@type\":\"ImageObject\",\"inLanguage\":\"da-DK\",\"@id\":\"https:\/\/talkpal.ai\/da\/#\/schema\/logo\/image\/\",\"url\":\"https:\/\/talkpal.ai\/wp-content\/uploads\/2024\/03\/Talkpal-Logo-Icon.png\",\"contentUrl\":\"https:\/\/talkpal.ai\/wp-content\/uploads\/2024\/03\/Talkpal-Logo-Icon.png\",\"width\":2880,\"height\":2880,\"caption\":\"Talkpal, Inc.\"},\"image\":{\"@id\":\"https:\/\/talkpal.ai\/da\/#\/schema\/logo\/image\/\"},\"sameAs\":[\"https:\/\/www.facebook.com\/profile.php?id=100090733639311\",\"https:\/\/x.com\/talkpalai\",\"https:\/\/www.linkedin.com\/company\/talkpal\/\",\"https:\/\/www.youtube.com\/@TalkPal\/\",\"https:\/\/www.tiktok.com\/@talkpal\",\"https:\/\/www.instagram.com\/talkpal_ai\/\",\"https:\/\/www.crunchbase.com\/organization\/talkpal-9cde\",\"https:\/\/www.g2.com\/products\/talkpal-for-business\/\",\"https:\/\/www.trustpilot.com\/review\/talkpal.ai\",\"https:\/\/www.capterra.com\/p\/10006800\/TalkPal\/\"],\"description\":\"Talkpal is a language learning web and mobile education app, powered by the latest AI technologies, that provides engaging experiences to its customers in many different languages to help them improve their language skills. Users can chat about unlimited amount of topics with the app and use other modes to practice their language learning.\",\"email\":\"support@talkpal.ai\",\"legalName\":\"Talkpal, Inc.\",\"foundingDate\":\"2023-04-03\",\"duns\":\"118989042\",\"numberOfEmployees\":{\"@type\":\"QuantitativeValue\",\"minValue\":\"11\",\"maxValue\":\"50\"},\"publishingPrinciples\":\"https:\/\/talkpal.ai\/publishing-principles\/\",\"actionableFeedbackPolicy\":\"https:\/\/talkpal.ai\/actionable-feedback-policy\/\",\"correctionsPolicy\":\"https:\/\/talkpal.ai\/corrections-policy\/\",\"ethicsPolicy\":\"https:\/\/talkpal.ai\/ethics-policy\/\",\"diversityPolicy\":\"https:\/\/talkpal.ai\/diversity-policy\/\",\"diversityStaffingReport\":\"https:\/\/talkpal.ai\/diversity-policy\/\"}]}<\/script>\n<!-- \/ Yoast SEO Premium plugin. -->","yoast_head_json":{"title":"Japanske grammatik\u00f8velser - Talkpal","description":"Forbedr dine japanske grammatikf\u00e6rdigheder - styr p\u00e5 s\u00e6tningsstrukturer, \u00f8v dig i interaktive aktiviteter, og \u00f8g din flydende sprogf\u00e6rdighed.","robots":{"index":"index","follow":"follow","max-snippet":"max-snippet:-1","max-image-preview":"max-image-preview:large","max-video-preview":"max-video-preview:-1"},"canonical":"https:\/\/talkpal.ai\/da\/japanske-grammatikoevelser\/","og_locale":"da_DK","og_type":"article","og_title":"Japanske grammatik\u00f8velser","og_description":"Japanske grammatik emner At l\u00e6re japansk kan v\u00e6re en sp\u00e6ndende og givende oplevelse, da det \u00e5bner en helt ny verden af kultur, kommunikation og personlig","og_url":"https:\/\/talkpal.ai\/da\/japanske-grammatikoevelser\/","og_site_name":"Talkpal","article_publisher":"https:\/\/www.facebook.com\/profile.php?id=100090733639311","article_modified_time":"2025-12-17T16:57:00+00:00","og_image":[{"width":512,"height":512,"url":"https:\/\/talkpal.ai\/wp-content\/uploads\/2023\/04\/japan.png","type":"image\/png"}],"twitter_card":"summary_large_image","twitter_site":"@talkpalai","twitter_misc":{"Estimeret l\u00e6setid":"3 minutter"},"schema":{"@context":"https:\/\/schema.org","@graph":[{"@type":"WebPage","@id":"https:\/\/talkpal.ai\/da\/japanske-grammatikoevelser\/","url":"https:\/\/talkpal.ai\/da\/japanske-grammatikoevelser\/","name":"Japanske grammatik\u00f8velser - Talkpal","isPartOf":{"@id":"https:\/\/talkpal.ai\/da\/#website"},"primaryImageOfPage":{"@id":"https:\/\/talkpal.ai\/da\/japanske-grammatikoevelser\/#primaryimage"},"image":{"@id":"https:\/\/talkpal.ai\/da\/japanske-grammatikoevelser\/#primaryimage"},"thumbnailUrl":"https:\/\/talkpal.ai\/wp-content\/uploads\/2023\/04\/japan.png","datePublished":"2023-06-16T10:21:59+00:00","dateModified":"2025-12-17T16:57:00+00:00","description":"Forbedr dine japanske grammatikf\u00e6rdigheder - styr p\u00e5 s\u00e6tningsstrukturer, \u00f8v dig i interaktive aktiviteter, og \u00f8g din flydende sprogf\u00e6rdighed.","breadcrumb":{"@id":"https:\/\/talkpal.ai\/da\/japanske-grammatikoevelser\/#breadcrumb"},"inLanguage":"da-DK","potentialAction":[{"@type":"ReadAction","target":["https:\/\/talkpal.ai\/da\/japanske-grammatikoevelser\/"]}]},{"@type":"ImageObject","inLanguage":"da-DK","@id":"https:\/\/talkpal.ai\/da\/japanske-grammatikoevelser\/#primaryimage","url":"https:\/\/talkpal.ai\/wp-content\/uploads\/2023\/04\/japan.png","contentUrl":"https:\/\/talkpal.ai\/wp-content\/uploads\/2023\/04\/japan.png","width":512,"height":512},{"@type":"BreadcrumbList","@id":"https:\/\/talkpal.ai\/da\/japanske-grammatikoevelser\/#breadcrumb","itemListElement":[{"@type":"ListItem","position":1,"name":"Homepage","item":"https:\/\/talkpal.ai\/da\/"},{"@type":"ListItem","position":2,"name":"Japanske grammatik\u00f8velser"}]},{"@type":"WebSite","@id":"https:\/\/talkpal.ai\/da\/#website","url":"https:\/\/talkpal.ai\/da\/","name":"Talkpal","description":"AI Language Learning","publisher":{"@id":"https:\/\/talkpal.ai\/da\/#organization"},"alternateName":"Talkpal AI","potentialAction":[{"@type":"SearchAction","target":{"@type":"EntryPoint","urlTemplate":"https:\/\/talkpal.ai\/da\/?s={search_term_string}"},"query-input":{"@type":"PropertyValueSpecification","valueRequired":true,"valueName":"search_term_string"}}],"inLanguage":"da-DK"},{"@type":"Organization","@id":"https:\/\/talkpal.ai\/da\/#organization","name":"Talkpal, Inc.","alternateName":"Talkpal AI","url":"https:\/\/talkpal.ai\/da\/","logo":{"@type":"ImageObject","inLanguage":"da-DK","@id":"https:\/\/talkpal.ai\/da\/#\/schema\/logo\/image\/","url":"https:\/\/talkpal.ai\/wp-content\/uploads\/2024\/03\/Talkpal-Logo-Icon.png","contentUrl":"https:\/\/talkpal.ai\/wp-content\/uploads\/2024\/03\/Talkpal-Logo-Icon.png","width":2880,"height":2880,"caption":"Talkpal, Inc."},"image":{"@id":"https:\/\/talkpal.ai\/da\/#\/schema\/logo\/image\/"},"sameAs":["https:\/\/www.facebook.com\/profile.php?id=100090733639311","https:\/\/x.com\/talkpalai","https:\/\/www.linkedin.com\/company\/talkpal\/","https:\/\/www.youtube.com\/@TalkPal\/","https:\/\/www.tiktok.com\/@talkpal","https:\/\/www.instagram.com\/talkpal_ai\/","https:\/\/www.crunchbase.com\/organization\/talkpal-9cde","https:\/\/www.g2.com\/products\/talkpal-for-business\/","https:\/\/www.trustpilot.com\/review\/talkpal.ai","https:\/\/www.capterra.com\/p\/10006800\/TalkPal\/"],"description":"Talkpal is a language learning web and mobile education app, powered by the latest AI technologies, that provides engaging experiences to its customers in many different languages to help them improve their language skills. Users can chat about unlimited amount of topics with the app and use other modes to practice their language learning.","email":"support@talkpal.ai","legalName":"Talkpal, Inc.","foundingDate":"2023-04-03","duns":"118989042","numberOfEmployees":{"@type":"QuantitativeValue","minValue":"11","maxValue":"50"},"publishingPrinciples":"https:\/\/talkpal.ai\/publishing-principles\/","actionableFeedbackPolicy":"https:\/\/talkpal.ai\/actionable-feedback-policy\/","correctionsPolicy":"https:\/\/talkpal.ai\/corrections-policy\/","ethicsPolicy":"https:\/\/talkpal.ai\/ethics-policy\/","diversityPolicy":"https:\/\/talkpal.ai\/diversity-policy\/","diversityStaffingReport":"https:\/\/talkpal.ai\/diversity-policy\/"}]}},"_links":{"self":[{"href":"https:\/\/talkpal.ai\/da\/wp-json\/wp\/v2\/pages\/134795","targetHints":{"allow":["GET"]}}],"collection":[{"href":"https:\/\/talkpal.ai\/da\/wp-json\/wp\/v2\/pages"}],"about":[{"href":"https:\/\/talkpal.ai\/da\/wp-json\/wp\/v2\/types\/page"}],"author":[{"embeddable":true,"href":"https:\/\/talkpal.ai\/da\/wp-json\/wp\/v2\/users\/6"}],"replies":[{"embeddable":true,"href":"https:\/\/talkpal.ai\/da\/wp-json\/wp\/v2\/comments?post=134795"}],"version-history":[{"count":0,"href":"https:\/\/talkpal.ai\/da\/wp-json\/wp\/v2\/pages\/134795\/revisions"}],"wp:featuredmedia":[{"embeddable":true,"href":"https:\/\/talkpal.ai\/da\/wp-json\/wp\/v2\/media\/107256"}],"wp:attachment":[{"href":"https:\/\/talkpal.ai\/da\/wp-json\/wp\/v2\/media?parent=134795"}],"curies":[{"name":"wp","href":"https:\/\/api.w.org\/{rel}","templated":true}]}}