{"id":132913,"date":"2023-06-16T09:39:29","date_gmt":"2023-06-16T09:39:29","guid":{"rendered":"http:\/\/talkpal.ai\/kinesiske-grammatikoevelser\/"},"modified":"2025-05-22T21:25:35","modified_gmt":"2025-05-22T21:25:35","slug":"kinesiske-grammatikoevelser","status":"publish","type":"page","link":"https:\/\/talkpal.ai\/da\/kinesiske-grammatikoevelser\/","title":{"rendered":"Kinesiske grammatik\u00f8velser"},"content":{"rendered":"\r\n\r\n\r\n<section class=\"languageChallengeSection\">\r\n    <div class=\"languageInfoWrapper\">\r\n        \r\n        <h1>Kinesiske grammatik\u00f8velser<\/h1>\r\n        <p>Vil du booste dine kinesiske sprogf\u00e6rdigheder? Fokus p\u00e5 grammatik\u00f8velser vil hj\u00e6lpe dig med at forst\u00e5 s\u00e6tningsstrukturen, beherske vigtige m\u00f8nstre og opbygge din selvtillid i hverdagssamtaler. Begynd at \u00f8ve <a href=\"https:\/\/talkpal.ai\/learn-chinese\/\">kinesisk<\/a> <a href=\"https:\/\/talkpal.ai\/fr\/les\/\">grammatik<\/a> i dag, og tag stadige skridt mod flydende <a href=\"https:\/\/talkpal.ai\/what-language-is-spoken-on-the-international-space-station\/\">sprog<\/a> med hver \u00f8velse!<\/p>\r\n\r\n                            <a class=\"getStartedHidden\" href=\"https:\/\/app.talkpal.ai\/da\/signup?lng=\">Kom i gang<\/a>\r\n        \r\n    <\/div>\r\n\r\n    <figure>\r\n    <img decoding=\"async\" width=\"768\" height=\"768\" src=\"https:\/\/talkpal.ai\/wp-content\/uploads\/2023\/06\/chinese-768x768.png\" class=\"languageImage no-lazy\" alt=\"Language learning for flexible communication\" fetchpriority=\"high\" sizes=\"(max-width: 768px) 150px, 768px\" srcset=\"https:\/\/talkpal.ai\/wp-content\/uploads\/2023\/06\/chinese-768x768.png 768w, https:\/\/talkpal.ai\/wp-content\/uploads\/2023\/06\/chinese-300x300.png 300w\" \/>\r\n    \r\n\r\n    <\/figure>\r\n\r\n            <a class=\"getStartedVisible\" href=\"https:\/\/app.talkpal.ai\/da\/signup?lng=\">Kom i gang<\/a>\r\n    \r\n<\/section>\r\n\r\n\r\n<!-- <section class=\"grammarSection\">\r\n    <div class=\"grammarLinks\">\r\n            <\/div>\r\n<\/section> -->\r\n\r\n\r\n\r\n\r\n<section class=\"promotionalBanner\">\r\n    <p class=\"promotionalText\">Den mest effektive m\u00e5de at l\u00e6re et sprog p\u00e5<\/p>\r\n    <a class=\"promotionalLink\" href=\"https:\/\/app.talkpal.ai\/da\/signup?lng=\">Pr\u00f8v Talkpal gratis<\/a>\r\n<\/section>\n<div class=\"wp-block-group pageContainerStyle\"><div class=\"wp-block-group__inner-container is-layout-constrained wp-block-group-is-layout-constrained\">\n<h2 class=\"wp-block-heading\" id=\"h-chinese-grammar-topics\">Kinesiske grammatik emner<\/h2>\n\n\n\n<p><a href=\"https:\/\/talkpal.ai\/sv\/grammar\/typer-i-kinesisk-grammatik\/\">Kinesisk grammatik<\/a> kan virke skr\u00e6mmende i starten, men det er vigtigt for at <a href=\"https:\/\/talkpal.ai\/locations\/language-courses-in-mestre\/\">mestre<\/a> sproget. Med sit unikke tegnsystem og tonekarakter f\u00f8lger <a href=\"https:\/\/talkpal.ai\/sv\/grammar\/typer-i-kinesisk-grammatik\/\">kinesisk grammatik<\/a> et andet s\u00e6t regler end sprog som <a href=\"https:\/\/talkpal.ai\/learn-english-with-ai\/\">engelsk<\/a>. At l\u00e6re disse regler i den rigtige r\u00e6kkef\u00f8lge vil hj\u00e6lpe dig med at komme mere effektivt videre i dine sprogstudier. F\u00f8lgende emner vil blive diskuteret i den anbefalede l\u00e6ringsr\u00e6kkef\u00f8lge: Tider, verb, substantiver, artikler, pronomen, adjektiver, adverb, pr\u00e6positioner og s\u00e6tningsstruktur. Denne vejledning giver korte forklaringer p\u00e5 hvert emne for at hj\u00e6lpe dig med bedre at forst\u00e5 deres funktioner p\u00e5 det kinesiske sprog.<\/p>\n\n\n\n<h3 class=\"wp-block-heading\" id=\"h-1-tenses\">1. Tider:<\/h3>\n\n\n\n<p>I mods\u00e6tning til engelsk har kinesisk ikke komplekse verbb\u00f8jninger for at angive sp\u00e6ndingen. I stedet bruger den tidsord eller partikler til at vise, hvorn\u00e5r en handling finder sted. For at udtrykke tidligere, nuv\u00e6rende eller fremtidige handlinger skal du f\u00f8rst g\u00f8re dig bekendt med almindelige tidsord som &#8220;i g\u00e5r&#8221;, &#8220;i dag&#8221; og &#8220;i morgen&#8221;.<\/p>\n\n\n\n<h3 class=\"wp-block-heading\" id=\"h-2-verbs\">2. Udsagnsord:<\/h3>\n\n\n\n<p>N\u00e5r du forst\u00e5r tider, er det vigtigt at l\u00e6re de grundl\u00e6ggende verb p\u00e5 kinesisk. Verber er afg\u00f8rende, da de udtrykker handlinger og tilstande, og de forbliver ofte u\u00e6ndrede i forskellige tider. Fokuser p\u00e5 at l\u00e6re de mest almindelige verb og deres passende brug.<\/p>\n\n\n\n<h3 class=\"wp-block-heading\" id=\"h-3-nouns\">3. Substantiver:<\/h3>\n\n\n\n<p>Substantiver er byggestenene i et sprog, der repr\u00e6senterer mennesker, steder, ting eller ideer. P\u00e5 kinesisk er navneord generelt ligetil, og du kan starte med at l\u00e6re de mest almindelige og nyttige for at udvide dit ordforr\u00e5d.<\/p>\n\n\n\n<h3 class=\"wp-block-heading\" id=\"h-4-articles\">4. Artikler:<\/h3>\n\n\n\n<p>Kinesisk har ikke artikler som &#8220;a&#8221; eller &#8220;the&#8221; p\u00e5 engelsk. Der er dog m\u00e5leord, der ledsager navneord for at angive m\u00e6ngde. Disse m\u00e5leord er vigtige, n\u00e5r man diskuterer bel\u00f8b eller antal specifikke poster.<\/p>\n\n\n\n<h3 class=\"wp-block-heading\" id=\"h-5-pronouns\">5. Pronomen:<\/h3>\n\n\n\n<p>Pronomen bruges til at erstatte substantiver i en s\u00e6tning og er afg\u00f8rende for at undg\u00e5 gentagelse. P\u00e5 kinesisk \u00e6ndres pronomen baseret p\u00e5 deres funktion i en s\u00e6tning, s\u00e5som emne, objekt eller besiddende. L\u00e6r de forskellige pronomen og deres korrekte brug for at forbedre din s\u00e6tningskonstruktion.<\/p>\n\n\n\n<h3 class=\"wp-block-heading\" id=\"h-6-adjectives\">6. Adjektiver:<\/h3>\n\n\n\n<p>Adjektiver bruges til at beskrive eller \u00e6ndre substantiver, og de spiller en v\u00e6sentlig rolle i at g\u00f8re dine s\u00e6tninger mere udtryksfulde og engagerende. L\u00e6r de mest almindelige adjektiver og deres placering i forhold til substantivet i en s\u00e6tning.<\/p>\n\n\n\n<h3 class=\"wp-block-heading\" id=\"h-7-adverbs\">7. Adverb:<\/h3>\n\n\n\n<p>Adverb er afg\u00f8rende for at give yderligere oplysninger om verb, adjektiver eller andre adverb. De kan beskrive hvordan, hvorn\u00e5r eller hvor en handling finder sted. G\u00f8r dig bekendt med almindelige adverb og deres brug for at forbedre dine beskrivende evner.<\/p>\n\n\n\n<h3 class=\"wp-block-heading\" id=\"h-8-prepositions\">8. Pr\u00e6positioner:<\/h3>\n\n\n\n<p>Pr\u00e6positioner bruges til at angive forholdet mellem substantiver eller pronomen inden for en s\u00e6tning. De udtrykker ofte rumlige eller tidsm\u00e6ssige forhold, s\u00e5som &#8220;i&#8221;, &#8220;p\u00e5&#8221; eller &#8220;ved&#8221;. At l\u00e6re de mest almindelige pr\u00e6positioner og deres korrekte brug vil i h\u00f8j grad forbedre din s\u00e6tningsstruktur.<\/p>\n\n\n\n<h3 class=\"wp-block-heading\" id=\"h-9-sentence-structure\">9. S\u00e6tningsstruktur:<\/h3>\n\n\n\n<p>Endelig er forst\u00e5else af kinesisk s\u00e6tningsstruktur n\u00f8glen til at danne sammenh\u00e6ngende og grammatisk korrekte s\u00e6tninger. Kinesisk f\u00f8lger en emne-verb-objekt (SVO) struktur, der ligner engelsk. Der er dog forskelle i ordr\u00e6kkef\u00f8lge og placering af forskellige grammatiske elementer. L\u00e6r de grundl\u00e6ggende s\u00e6tningsm\u00f8nstre og \u00f8v dig i at konstruere s\u00e6tninger med de elementer, du har l\u00e6rt, s\u00e5som tider, verb, substantiver, pronomen, adjektiver, adverb og pr\u00e6positioner.<\/p>\n\n\n\n<p>Ved at f\u00f8lge denne r\u00e6kkef\u00f8lge og fokusere p\u00e5 hvert emne, vil du udvikle et st\u00e6rkt fundament i kinesisk grammatik og v\u00e6re godt p\u00e5 vej til flydende sprog.<\/p>\n<\/div><\/div>\n\r\n<section class=\"learnNavigationSection\">\r\n            \r\n        <a href=\"https:\/\/talkpal.ai\/da\/laer-kinesisk\/\">\r\n            <div class=\"learnNavigationWrapper\">\r\n                <div class=\"learnNavigationContent\">\r\n                    <img decoding=\"async\" src=\"https:\/\/talkpal.ai\/wp-content\/uploads\/2024\/08\/Chinese.jpg\" alt=\"Chinese Flag\u00a0\">\r\n                    <div>\r\n                        <h4>Om at l\u00e6re kinesisk<\/h4>\r\n                        <p>Find ud af alt om kinesisk grammatik.<\/p>\r\n                    <\/div>\r\n                <\/div>\r\n            <\/div>\r\n        <\/a>\r\n\r\n        \r\n        <a href=\"https:\/\/talkpal.ai\/da\/kinesisk-grammatik\/\">\r\n            <div class=\"learnNavigationWrapper\">\r\n                <div class=\"learnNavigationContent\">\r\n                    <img decoding=\"async\" src=\"https:\/\/talkpal.ai\/wp-content\/uploads\/2024\/08\/Chinese.jpg\" alt=\"Chinese Flag\u00a0\">\r\n                    <div>\r\n                        <h4>Kinesisk grammatik lektioner<\/h4>\r\n                        <p>\u00d8v kinesisk grammatik.<\/p>\r\n                    <\/div>\r\n                <\/div>\r\n            <\/div>\r\n        <\/a>\r\n\r\n        \r\n        <a href=\"https:\/\/talkpal.ai\/vocabulary_language\/chinese\/\">\r\n            <div class=\"learnNavigationWrapper\">\r\n                <div class=\"learnNavigationContent\">\r\n                    <img decoding=\"async\" src=\"https:\/\/talkpal.ai\/wp-content\/uploads\/2024\/08\/Chinese.jpg\" alt=\"Chinese Flag\u00a0\">\r\n                    <div>\r\n                        <h4>Kinesisk ordforr\u00e5d<\/h4>\r\n                        <p>Udvid dit kinesiske ordforr\u00e5d.<\/p>\r\n                    <\/div>\r\n                <\/div>\r\n            <\/div>\r\n        <\/a>\r\n\r\n            <\/section>","protected":false},"excerpt":{"rendered":"<p>Kinesiske grammatik emner Kinesisk grammatik kan virke skr\u00e6mmende i starten, men det er vigtigt for at mestre sproget. Med sit unikke tegnsystem og tonekarakter f\u00f8lger kinesisk grammatik et andet s\u00e6t regler end sprog som engelsk. At l\u00e6re disse regler i den rigtige r\u00e6kkef\u00f8lge vil hj\u00e6lpe dig med at komme mere effektivt videre i dine sprogstudier. [&hellip;]<\/p>\n","protected":false},"author":6,"featured_media":106060,"parent":0,"menu_order":0,"comment_status":"closed","ping_status":"closed","template":"LearningContentPage.php","meta":{"_acf_changed":false,"footnotes":""},"class_list":["post-132913","page","type-page","status-publish","has-post-thumbnail","hentry"],"acf":[],"yoast_head":"<!-- This site is optimized with the Yoast SEO Premium plugin v27.2 (Yoast SEO v27.2) - https:\/\/yoast.com\/product\/yoast-seo-premium-wordpress\/ -->\n<title>Kinesiske grammatik\u00f8velser - Talkpal<\/title>\n<meta name=\"description\" content=\"F\u00e5 styr p\u00e5 den kinesiske grammatik med vores omfattende guide, der d\u00e6kker tider, verber og meget mere, s\u00e5 du kan forbedre dine sprogf\u00e6rdigheder.\" \/>\n<meta name=\"robots\" content=\"index, follow, max-snippet:-1, max-image-preview:large, max-video-preview:-1\" \/>\n<link rel=\"canonical\" href=\"https:\/\/talkpal.ai\/da\/kinesiske-grammatikoevelser\/\" \/>\n<meta property=\"og:locale\" content=\"da_DK\" \/>\n<meta property=\"og:type\" content=\"article\" \/>\n<meta property=\"og:title\" content=\"Kinesiske grammatik\u00f8velser\" \/>\n<meta property=\"og:description\" content=\"Kinesiske grammatik emner Kinesisk grammatik kan virke skr\u00e6mmende i starten, men det er vigtigt for at mestre sproget. Med sit unikke tegnsystem og\" \/>\n<meta property=\"og:url\" content=\"https:\/\/talkpal.ai\/da\/kinesiske-grammatikoevelser\/\" \/>\n<meta property=\"og:site_name\" content=\"Talkpal\" \/>\n<meta property=\"article:publisher\" content=\"https:\/\/www.facebook.com\/profile.php?id=100090733639311\" \/>\n<meta property=\"article:modified_time\" content=\"2025-05-22T21:25:35+00:00\" \/>\n<meta property=\"og:image\" content=\"https:\/\/talkpal.ai\/wp-content\/uploads\/2023\/04\/china.png\" \/>\n\t<meta property=\"og:image:width\" content=\"512\" \/>\n\t<meta property=\"og:image:height\" content=\"512\" \/>\n\t<meta property=\"og:image:type\" content=\"image\/png\" \/>\n<meta name=\"twitter:card\" content=\"summary_large_image\" \/>\n<meta name=\"twitter:site\" content=\"@talkpalai\" \/>\n<meta name=\"twitter:label1\" content=\"Estimeret l\u00e6setid\" \/>\n\t<meta name=\"twitter:data1\" content=\"3 minutter\" \/>\n<script type=\"application\/ld+json\" class=\"yoast-schema-graph\">{\"@context\":\"https:\/\/schema.org\",\"@graph\":[{\"@type\":\"WebPage\",\"@id\":\"https:\/\/talkpal.ai\/da\/kinesiske-grammatikoevelser\/\",\"url\":\"https:\/\/talkpal.ai\/da\/kinesiske-grammatikoevelser\/\",\"name\":\"Kinesiske grammatik\u00f8velser - Talkpal\",\"isPartOf\":{\"@id\":\"https:\/\/talkpal.ai\/da\/#website\"},\"primaryImageOfPage\":{\"@id\":\"https:\/\/talkpal.ai\/da\/kinesiske-grammatikoevelser\/#primaryimage\"},\"image\":{\"@id\":\"https:\/\/talkpal.ai\/da\/kinesiske-grammatikoevelser\/#primaryimage\"},\"thumbnailUrl\":\"https:\/\/talkpal.ai\/wp-content\/uploads\/2023\/04\/china.png\",\"datePublished\":\"2023-06-16T09:39:29+00:00\",\"dateModified\":\"2025-05-22T21:25:35+00:00\",\"description\":\"F\u00e5 styr p\u00e5 den kinesiske grammatik med vores omfattende guide, der d\u00e6kker tider, verber og meget mere, s\u00e5 du kan forbedre dine sprogf\u00e6rdigheder.\",\"breadcrumb\":{\"@id\":\"https:\/\/talkpal.ai\/da\/kinesiske-grammatikoevelser\/#breadcrumb\"},\"inLanguage\":\"da-DK\",\"potentialAction\":[{\"@type\":\"ReadAction\",\"target\":[\"https:\/\/talkpal.ai\/da\/kinesiske-grammatikoevelser\/\"]}]},{\"@type\":\"ImageObject\",\"inLanguage\":\"da-DK\",\"@id\":\"https:\/\/talkpal.ai\/da\/kinesiske-grammatikoevelser\/#primaryimage\",\"url\":\"https:\/\/talkpal.ai\/wp-content\/uploads\/2023\/04\/china.png\",\"contentUrl\":\"https:\/\/talkpal.ai\/wp-content\/uploads\/2023\/04\/china.png\",\"width\":512,\"height\":512},{\"@type\":\"BreadcrumbList\",\"@id\":\"https:\/\/talkpal.ai\/da\/kinesiske-grammatikoevelser\/#breadcrumb\",\"itemListElement\":[{\"@type\":\"ListItem\",\"position\":1,\"name\":\"Homepage\",\"item\":\"https:\/\/talkpal.ai\/da\/\"},{\"@type\":\"ListItem\",\"position\":2,\"name\":\"Kinesiske grammatik\u00f8velser\"}]},{\"@type\":\"WebSite\",\"@id\":\"https:\/\/talkpal.ai\/da\/#website\",\"url\":\"https:\/\/talkpal.ai\/da\/\",\"name\":\"Talkpal\",\"description\":\"AI Language Learning\",\"publisher\":{\"@id\":\"https:\/\/talkpal.ai\/da\/#organization\"},\"alternateName\":\"Talkpal AI\",\"potentialAction\":[{\"@type\":\"SearchAction\",\"target\":{\"@type\":\"EntryPoint\",\"urlTemplate\":\"https:\/\/talkpal.ai\/da\/?s={search_term_string}\"},\"query-input\":{\"@type\":\"PropertyValueSpecification\",\"valueRequired\":true,\"valueName\":\"search_term_string\"}}],\"inLanguage\":\"da-DK\"},{\"@type\":\"Organization\",\"@id\":\"https:\/\/talkpal.ai\/da\/#organization\",\"name\":\"Talkpal, Inc.\",\"alternateName\":\"Talkpal AI\",\"url\":\"https:\/\/talkpal.ai\/da\/\",\"logo\":{\"@type\":\"ImageObject\",\"inLanguage\":\"da-DK\",\"@id\":\"https:\/\/talkpal.ai\/da\/#\/schema\/logo\/image\/\",\"url\":\"https:\/\/talkpal.ai\/wp-content\/uploads\/2024\/03\/Talkpal-Logo-Icon.png\",\"contentUrl\":\"https:\/\/talkpal.ai\/wp-content\/uploads\/2024\/03\/Talkpal-Logo-Icon.png\",\"width\":2880,\"height\":2880,\"caption\":\"Talkpal, Inc.\"},\"image\":{\"@id\":\"https:\/\/talkpal.ai\/da\/#\/schema\/logo\/image\/\"},\"sameAs\":[\"https:\/\/www.facebook.com\/profile.php?id=100090733639311\",\"https:\/\/x.com\/talkpalai\",\"https:\/\/www.linkedin.com\/company\/talkpal\/\",\"https:\/\/www.youtube.com\/@TalkPal\/\",\"https:\/\/www.tiktok.com\/@talkpal\",\"https:\/\/www.instagram.com\/talkpal_ai\/\",\"https:\/\/www.crunchbase.com\/organization\/talkpal-9cde\",\"https:\/\/www.g2.com\/products\/talkpal-for-business\/\",\"https:\/\/www.trustpilot.com\/review\/talkpal.ai\",\"https:\/\/www.capterra.com\/p\/10006800\/TalkPal\/\"],\"description\":\"Talkpal is a language learning web and mobile education app, powered by the latest AI technologies, that provides engaging experiences to its customers in many different languages to help them improve their language skills. Users can chat about unlimited amount of topics with the app and use other modes to practice their language learning.\",\"email\":\"support@talkpal.ai\",\"legalName\":\"Talkpal, Inc.\",\"foundingDate\":\"2023-04-03\",\"duns\":\"118989042\",\"numberOfEmployees\":{\"@type\":\"QuantitativeValue\",\"minValue\":\"11\",\"maxValue\":\"50\"},\"publishingPrinciples\":\"https:\/\/talkpal.ai\/publishing-principles\/\",\"actionableFeedbackPolicy\":\"https:\/\/talkpal.ai\/actionable-feedback-policy\/\",\"correctionsPolicy\":\"https:\/\/talkpal.ai\/corrections-policy\/\",\"ethicsPolicy\":\"https:\/\/talkpal.ai\/ethics-policy\/\",\"diversityPolicy\":\"https:\/\/talkpal.ai\/diversity-policy\/\",\"diversityStaffingReport\":\"https:\/\/talkpal.ai\/diversity-policy\/\"}]}<\/script>\n<!-- \/ Yoast SEO Premium plugin. -->","yoast_head_json":{"title":"Kinesiske grammatik\u00f8velser - Talkpal","description":"F\u00e5 styr p\u00e5 den kinesiske grammatik med vores omfattende guide, der d\u00e6kker tider, verber og meget mere, s\u00e5 du kan forbedre dine sprogf\u00e6rdigheder.","robots":{"index":"index","follow":"follow","max-snippet":"max-snippet:-1","max-image-preview":"max-image-preview:large","max-video-preview":"max-video-preview:-1"},"canonical":"https:\/\/talkpal.ai\/da\/kinesiske-grammatikoevelser\/","og_locale":"da_DK","og_type":"article","og_title":"Kinesiske grammatik\u00f8velser","og_description":"Kinesiske grammatik emner Kinesisk grammatik kan virke skr\u00e6mmende i starten, men det er vigtigt for at mestre sproget. Med sit unikke tegnsystem og","og_url":"https:\/\/talkpal.ai\/da\/kinesiske-grammatikoevelser\/","og_site_name":"Talkpal","article_publisher":"https:\/\/www.facebook.com\/profile.php?id=100090733639311","article_modified_time":"2025-05-22T21:25:35+00:00","og_image":[{"width":512,"height":512,"url":"https:\/\/talkpal.ai\/wp-content\/uploads\/2023\/04\/china.png","type":"image\/png"}],"twitter_card":"summary_large_image","twitter_site":"@talkpalai","twitter_misc":{"Estimeret l\u00e6setid":"3 minutter"},"schema":{"@context":"https:\/\/schema.org","@graph":[{"@type":"WebPage","@id":"https:\/\/talkpal.ai\/da\/kinesiske-grammatikoevelser\/","url":"https:\/\/talkpal.ai\/da\/kinesiske-grammatikoevelser\/","name":"Kinesiske grammatik\u00f8velser - Talkpal","isPartOf":{"@id":"https:\/\/talkpal.ai\/da\/#website"},"primaryImageOfPage":{"@id":"https:\/\/talkpal.ai\/da\/kinesiske-grammatikoevelser\/#primaryimage"},"image":{"@id":"https:\/\/talkpal.ai\/da\/kinesiske-grammatikoevelser\/#primaryimage"},"thumbnailUrl":"https:\/\/talkpal.ai\/wp-content\/uploads\/2023\/04\/china.png","datePublished":"2023-06-16T09:39:29+00:00","dateModified":"2025-05-22T21:25:35+00:00","description":"F\u00e5 styr p\u00e5 den kinesiske grammatik med vores omfattende guide, der d\u00e6kker tider, verber og meget mere, s\u00e5 du kan forbedre dine sprogf\u00e6rdigheder.","breadcrumb":{"@id":"https:\/\/talkpal.ai\/da\/kinesiske-grammatikoevelser\/#breadcrumb"},"inLanguage":"da-DK","potentialAction":[{"@type":"ReadAction","target":["https:\/\/talkpal.ai\/da\/kinesiske-grammatikoevelser\/"]}]},{"@type":"ImageObject","inLanguage":"da-DK","@id":"https:\/\/talkpal.ai\/da\/kinesiske-grammatikoevelser\/#primaryimage","url":"https:\/\/talkpal.ai\/wp-content\/uploads\/2023\/04\/china.png","contentUrl":"https:\/\/talkpal.ai\/wp-content\/uploads\/2023\/04\/china.png","width":512,"height":512},{"@type":"BreadcrumbList","@id":"https:\/\/talkpal.ai\/da\/kinesiske-grammatikoevelser\/#breadcrumb","itemListElement":[{"@type":"ListItem","position":1,"name":"Homepage","item":"https:\/\/talkpal.ai\/da\/"},{"@type":"ListItem","position":2,"name":"Kinesiske grammatik\u00f8velser"}]},{"@type":"WebSite","@id":"https:\/\/talkpal.ai\/da\/#website","url":"https:\/\/talkpal.ai\/da\/","name":"Talkpal","description":"AI Language Learning","publisher":{"@id":"https:\/\/talkpal.ai\/da\/#organization"},"alternateName":"Talkpal AI","potentialAction":[{"@type":"SearchAction","target":{"@type":"EntryPoint","urlTemplate":"https:\/\/talkpal.ai\/da\/?s={search_term_string}"},"query-input":{"@type":"PropertyValueSpecification","valueRequired":true,"valueName":"search_term_string"}}],"inLanguage":"da-DK"},{"@type":"Organization","@id":"https:\/\/talkpal.ai\/da\/#organization","name":"Talkpal, Inc.","alternateName":"Talkpal AI","url":"https:\/\/talkpal.ai\/da\/","logo":{"@type":"ImageObject","inLanguage":"da-DK","@id":"https:\/\/talkpal.ai\/da\/#\/schema\/logo\/image\/","url":"https:\/\/talkpal.ai\/wp-content\/uploads\/2024\/03\/Talkpal-Logo-Icon.png","contentUrl":"https:\/\/talkpal.ai\/wp-content\/uploads\/2024\/03\/Talkpal-Logo-Icon.png","width":2880,"height":2880,"caption":"Talkpal, Inc."},"image":{"@id":"https:\/\/talkpal.ai\/da\/#\/schema\/logo\/image\/"},"sameAs":["https:\/\/www.facebook.com\/profile.php?id=100090733639311","https:\/\/x.com\/talkpalai","https:\/\/www.linkedin.com\/company\/talkpal\/","https:\/\/www.youtube.com\/@TalkPal\/","https:\/\/www.tiktok.com\/@talkpal","https:\/\/www.instagram.com\/talkpal_ai\/","https:\/\/www.crunchbase.com\/organization\/talkpal-9cde","https:\/\/www.g2.com\/products\/talkpal-for-business\/","https:\/\/www.trustpilot.com\/review\/talkpal.ai","https:\/\/www.capterra.com\/p\/10006800\/TalkPal\/"],"description":"Talkpal is a language learning web and mobile education app, powered by the latest AI technologies, that provides engaging experiences to its customers in many different languages to help them improve their language skills. Users can chat about unlimited amount of topics with the app and use other modes to practice their language learning.","email":"support@talkpal.ai","legalName":"Talkpal, Inc.","foundingDate":"2023-04-03","duns":"118989042","numberOfEmployees":{"@type":"QuantitativeValue","minValue":"11","maxValue":"50"},"publishingPrinciples":"https:\/\/talkpal.ai\/publishing-principles\/","actionableFeedbackPolicy":"https:\/\/talkpal.ai\/actionable-feedback-policy\/","correctionsPolicy":"https:\/\/talkpal.ai\/corrections-policy\/","ethicsPolicy":"https:\/\/talkpal.ai\/ethics-policy\/","diversityPolicy":"https:\/\/talkpal.ai\/diversity-policy\/","diversityStaffingReport":"https:\/\/talkpal.ai\/diversity-policy\/"}]}},"_links":{"self":[{"href":"https:\/\/talkpal.ai\/da\/wp-json\/wp\/v2\/pages\/132913","targetHints":{"allow":["GET"]}}],"collection":[{"href":"https:\/\/talkpal.ai\/da\/wp-json\/wp\/v2\/pages"}],"about":[{"href":"https:\/\/talkpal.ai\/da\/wp-json\/wp\/v2\/types\/page"}],"author":[{"embeddable":true,"href":"https:\/\/talkpal.ai\/da\/wp-json\/wp\/v2\/users\/6"}],"replies":[{"embeddable":true,"href":"https:\/\/talkpal.ai\/da\/wp-json\/wp\/v2\/comments?post=132913"}],"version-history":[{"count":0,"href":"https:\/\/talkpal.ai\/da\/wp-json\/wp\/v2\/pages\/132913\/revisions"}],"wp:featuredmedia":[{"embeddable":true,"href":"https:\/\/talkpal.ai\/da\/wp-json\/wp\/v2\/media\/106060"}],"wp:attachment":[{"href":"https:\/\/talkpal.ai\/da\/wp-json\/wp\/v2\/media?parent=132913"}],"curies":[{"name":"wp","href":"https:\/\/api.w.org\/{rel}","templated":true}]}}