{"id":132615,"date":"2023-06-16T09:31:38","date_gmt":"2023-06-16T09:31:38","guid":{"rendered":"http:\/\/talkpal.ai\/arabiske-grammatikoevelser\/"},"modified":"2025-05-22T20:17:07","modified_gmt":"2025-05-22T20:17:07","slug":"arabiske-grammatikoevelser","status":"publish","type":"page","link":"https:\/\/talkpal.ai\/da\/arabiske-grammatikoevelser\/","title":{"rendered":"Arabiske grammatik\u00f8velser"},"content":{"rendered":"\r\n\r\n\r\n<section class=\"languageChallengeSection\">\r\n    <div class=\"languageInfoWrapper\">\r\n        \r\n        <h1>Arabiske grammatik\u00f8velser<\/h1>\r\n        <p>Er du klar til at forbedre dine arabiske f\u00e6rdigheder? Grammatik\u00f8velser er afg\u00f8rende for at kunne mestre s\u00e6tningsstruktur, verbalformer og de unikke m\u00f8nstre i det arabiske <a href=\"https:\/\/talkpal.ai\/what-language-is-spoken-on-the-international-space-station\/\">sprog<\/a>. Fokuser p\u00e5 disse \u00f8velser for at \u00f8ge din selvtillid, udvide dit ordforr\u00e5d og g\u00f8re det meget lettere at udtrykke dig p\u00e5 arabisk. Begynd at \u00f8ve dig i dag, og se dine sprogf\u00e6rdigheder vokse!<\/p>\r\n\r\n                            <a class=\"getStartedHidden\" href=\"https:\/\/app.talkpal.ai\/da\/signup?lng=\">Kom i gang<\/a>\r\n        \r\n    <\/div>\r\n\r\n    <figure>\r\n    <img decoding=\"async\" width=\"768\" height=\"768\" src=\"https:\/\/talkpal.ai\/wp-content\/uploads\/2023\/06\/arabic-768x768.png\" class=\"languageImage no-lazy\" alt=\"Language learning for linguistic diversity\" fetchpriority=\"high\" sizes=\"(max-width: 768px) 150px, 768px\" srcset=\"https:\/\/talkpal.ai\/wp-content\/uploads\/2023\/06\/arabic-768x768.png 768w, https:\/\/talkpal.ai\/wp-content\/uploads\/2023\/06\/arabic-300x300.png 300w\" \/>\r\n    \r\n\r\n    <\/figure>\r\n\r\n            <a class=\"getStartedVisible\" href=\"https:\/\/app.talkpal.ai\/da\/signup?lng=\">Kom i gang<\/a>\r\n    \r\n<\/section>\r\n\r\n\r\n<!-- <section class=\"grammarSection\">\r\n    <div class=\"grammarLinks\">\r\n            <\/div>\r\n<\/section> -->\r\n\r\n\r\n\r\n\r\n<section class=\"promotionalBanner\">\r\n    <p class=\"promotionalText\">Den mest effektive m\u00e5de at l\u00e6re et sprog p\u00e5<\/p>\r\n    <a class=\"promotionalLink\" href=\"https:\/\/app.talkpal.ai\/da\/signup?lng=\">Pr\u00f8v Talkpal gratis<\/a>\r\n<\/section>\n<div class=\"wp-block-group pageContainerStyle\"><div class=\"wp-block-group__inner-container is-layout-constrained wp-block-group-is-layout-constrained\">\n<h2 class=\"wp-block-heading\" id=\"h-arabic-grammar-topics\">Arabisk grammatik emner<\/h2>\n\n\n\n<p>Det arabiske sprog, med sin rige historie og kulturelle betydning, er en fascinerende og givende indsats for sprogelever. Som et af de seks officielle sprog i De Forenede Nationer og tales af over 420 millioner mennesker verden over, \u00e5bner det at l\u00e6re arabisk muligheder for global kommunikation og forst\u00e5else. Men mastering af sproget kr\u00e6ver en grundig forst\u00e5else af dets unikke grammatiske regler og strukturer. I denne artikel vil vi udforske de v\u00e6sentlige arabiske grammatikemner, der hj\u00e6lper dig med at opbygge et st\u00e6rkt fundament p\u00e5 sproget, fra grundl\u00e6ggende tider og verbb\u00f8jninger til mere komplekse nominelle og verbale s\u00e6tningsstrukturer.<\/p>\n\n\n\n<h3 class=\"wp-block-heading\" id=\"h-1-tenses-indicative\">1. Tider vejledende:<\/h3>\n\n\n\n<p>Den vejledende tid <a href=\"https:\/\/talkpal.ai\/locations\/learn-french-in-bruges\/\">bruges<\/a> til at udtrykke handlinger eller tilstande i nutiden, fortiden eller fremtiden. P\u00e5 arabisk \u00e6ndres verbets b\u00f8jning baseret p\u00e5 sp\u00e6ndingen. Start med at l\u00e6re de grundl\u00e6ggende b\u00f8jninger for almindelige verber og g\u00f8r dig bekendt med de forskellige m\u00f8nstre for nutid, fortid og fremtid.<\/p>\n\n\n\n<h3 class=\"wp-block-heading\" id=\"h-2-tenses-subjunctive\">2. Tider Konjunktiv:<\/h3>\n\n\n\n<p>Den konjunktive tid bruges til at udtrykke usikkerhed, tvivl eller \u00f8nske. Det er vigtigt at l\u00e6re de specifikke verbalb\u00f8jninger, og hvordan de adskiller sig fra indikativ. Dette vil hj\u00e6lpe dig med at formidle mere nuancerede tanker og f\u00f8lelser i din kommunikation.<\/p>\n\n\n\n<h3 class=\"wp-block-heading\" id=\"h-3-tense-comparison\">3. Ansp\u00e6ndt sammenligning:<\/h3>\n\n\n\n<p>Det er vigtigt at forst\u00e5 forskellene mellem de vejledende og konjunktive tider. Fokuser p\u00e5, hvordan verbb\u00f8jningerne \u00e6ndres, og den sammenh\u00e6ng, hvori hver tid bruges.<\/p>\n\n\n\n<h3 class=\"wp-block-heading\" id=\"h-4-verbs\">4. Udsagnsord:<\/h3>\n\n\n\n<p>Arabiske verb er kategoriseret i forskellige former baseret p\u00e5 deres rodbogstaver og m\u00f8nstre. L\u00e6r de ti grundl\u00e6ggende former for verb og deres b\u00f8jningsregler, som hj\u00e6lper dig med at genkende og bruge verb korrekt i forskellige situationer.<\/p>\n\n\n\n<h3 class=\"wp-block-heading\" id=\"h-5-nouns\">5. Substantiver:<\/h3>\n\n\n\n<p>Arabiske navneord er enten maskuline eller feminine, og deres slutninger \u00e6ndres baseret p\u00e5 deres grammatiske rolle i en s\u00e6tning. L\u00e6r de forskellige navneordsm\u00f8nstre, og hvordan de p\u00e5virkes af kasusmarkeringer og andre grammatiske elementer.<\/p>\n\n\n\n<h3 class=\"wp-block-heading\" id=\"h-6-articles\">6. Artikler:<\/h3>\n\n\n\n<p>Arabisk har bestemte og ubestemte artikler, som spiller en afg\u00f8rende rolle i identifikationen af navneord. L\u00e6r reglerne og brugen af den bestemte artikel &#8220;al-&#8221; og frav\u00e6ret af en ubestemt artikel p\u00e5 arabisk.<\/p>\n\n\n\n<h3 class=\"wp-block-heading\" id=\"h-7-definite-and-indefinite-articles\">7. Bestemte og ubestemte artikler:<\/h3>\n\n\n\n<p>Som tidligere n\u00e6vnt er det vigtigt at forst\u00e5 brugen af bestemte og ubestemte artikler p\u00e5 arabisk. \u00d8v dig p\u00e5 at bruge dem i s\u00e6tninger med forskellige navneord for at styrke din forst\u00e5else af konceptet.<\/p>\n\n\n\n<h3 class=\"wp-block-heading\" id=\"h-8-pronouns\">8. Pronomen:<\/h3>\n\n\n\n<p>Arabiske pronomen er opdelt i personlige, demonstrative og relative pronomen. L\u00e6r deres former og brug samt reglerne for at vedh\u00e6fte dem til verber, substantiver og pr\u00e6positioner.<\/p>\n\n\n\n<h3 class=\"wp-block-heading\" id=\"h-9-adjectives\">9. Adjektiver:<\/h3>\n\n\n\n<p>Adjektiver p\u00e5 arabisk er enige med de navneord, de \u00e6ndrer i k\u00f8n og antal. L\u00e6r reglerne for adjektivaftale og de grundl\u00e6ggende m\u00f8nstre af adjektiver.<\/p>\n\n\n\n<h3 class=\"wp-block-heading\" id=\"h-10-adverbs\">10. Adverb:<\/h3>\n\n\n\n<p>G\u00f8r dig bekendt med almindelige arabiske adverb og deres placering i s\u00e6tninger. At forst\u00e5 funktionen af adverb hj\u00e6lper dig med at formidle mere detaljerede oplysninger i din kommunikation.<\/p>\n\n\n\n<h3 class=\"wp-block-heading\" id=\"h-11-prepositions\">11. Pr\u00e6positioner:<\/h3>\n\n\n\n<p>Arabiske pr\u00e6positioner er afg\u00f8rende for at forbinde ord og s\u00e6tninger og udtrykke forholdet mellem dem. L\u00e6r de forskellige pr\u00e6positioner og deres brug i s\u00e6tninger.<\/p>\n\n\n\n<h3 class=\"wp-block-heading\" id=\"h-12-idaafa-genitive-construction\">12. Idaafa (genitiv konstruktion):<\/h3>\n\n\n\n<p>Idaafa-konstruktionen bruges til at udtrykke besiddelse eller forhold mellem navneord. L\u00e6r reglerne og m\u00f8nstrene for dannelse af Idaafa-konstruktioner, som er en integreret del af <a href=\"https:\/\/talkpal.ai\/no\/laer-arabisk\/\">arabisk grammatik<\/a>.<\/p>\n\n\n\n<h3 class=\"wp-block-heading\" id=\"h-13-sentence-structure\">13. S\u00e6tningsstruktur:<\/h3>\n\n\n\n<p>Arabiske s\u00e6tninger kan enten v\u00e6re nominelle eller verbale. L\u00e6r den grundl\u00e6ggende struktur af begge typer s\u00e6tninger og \u00f8v dig i at danne s\u00e6tninger med forskellige komponenter.<\/p>\n\n\n\n<h3 class=\"wp-block-heading\" id=\"h-14-nominal-and-verbal-sentences\">14. Nominelle og verbale s\u00e6tninger:<\/h3>\n\n\n\n<p>Dyk dybere ned i forskellene mellem nominelle og verbale s\u00e6tninger, og l\u00e6r at bruge dem effektivt i forskellige sammenh\u00e6nge.<\/p>\n\n\n\n<h3 class=\"wp-block-heading\" id=\"h-15-subject-and-predicate-in-arabic\">15. Emne og pr\u00e6dikat p\u00e5 arabisk:<\/h3>\n\n\n\n<p>Forst\u00e5else af fagets og pr\u00e6dikatets roller i arabiske s\u00e6tninger er grundl\u00e6ggende for effektiv kommunikation. L\u00e6r reglerne for identifikation og brug af emner og pr\u00e6dikater i forskellige s\u00e6tningstyper.<\/p>\n<\/div><\/div>\n\r\n<section class=\"learnNavigationSection\">\r\n            \r\n        <a href=\"https:\/\/talkpal.ai\/da\/laer-arabisk\/\">\r\n            <div class=\"learnNavigationWrapper\">\r\n                <div class=\"learnNavigationContent\">\r\n                    <img decoding=\"async\" src=\"https:\/\/talkpal.ai\/wp-content\/uploads\/2024\/08\/Arabic.jpg\" alt=\"Arabic Flag\">\r\n                    <div>\r\n                        <h4>Om arabisk l\u00e6ring<\/h4>\r\n                        <p>Find ud af alt om arabisk grammatik.<\/p>\r\n                    <\/div>\r\n                <\/div>\r\n            <\/div>\r\n        <\/a>\r\n\r\n        \r\n        <a href=\"https:\/\/talkpal.ai\/da\/arabisk-grammatik\/\">\r\n            <div class=\"learnNavigationWrapper\">\r\n                <div class=\"learnNavigationContent\">\r\n                    <img decoding=\"async\" src=\"https:\/\/talkpal.ai\/wp-content\/uploads\/2024\/08\/Arabic.jpg\" alt=\"Arabic Flag\">\r\n                    <div>\r\n                        <h4>Arabisk grammatik lektioner<\/h4>\r\n                        <p>\u00d8v arabisk grammatik.<\/p>\r\n                    <\/div>\r\n                <\/div>\r\n            <\/div>\r\n        <\/a>\r\n\r\n        \r\n        <a href=\"https:\/\/talkpal.ai\/vocabulary_language\/arabic\/\">\r\n            <div class=\"learnNavigationWrapper\">\r\n                <div class=\"learnNavigationContent\">\r\n                    <img decoding=\"async\" src=\"https:\/\/talkpal.ai\/wp-content\/uploads\/2024\/08\/Arabic.jpg\" alt=\"Arabic Flag\">\r\n                    <div>\r\n                        <h4>Arabisk ordforr\u00e5d<\/h4>\r\n                        <p>Udvid dit arabiske ordforr\u00e5d.<\/p>\r\n                    <\/div>\r\n                <\/div>\r\n            <\/div>\r\n        <\/a>\r\n\r\n            <\/section>","protected":false},"excerpt":{"rendered":"<p>Arabisk grammatik emner Det arabiske sprog, med sin rige historie og kulturelle betydning, er en fascinerende og givende indsats for sprogelever. Som et af de seks officielle sprog i De Forenede Nationer og tales af over 420 millioner mennesker verden over, \u00e5bner det at l\u00e6re arabisk muligheder for global kommunikation og forst\u00e5else. Men mastering af [&hellip;]<\/p>\n","protected":false},"author":6,"featured_media":105856,"parent":0,"menu_order":0,"comment_status":"closed","ping_status":"closed","template":"LearningContentPage.php","meta":{"_acf_changed":false,"footnotes":""},"class_list":["post-132615","page","type-page","status-publish","has-post-thumbnail","hentry"],"acf":[],"yoast_head":"<!-- This site is optimized with the Yoast SEO Premium plugin v27.2 (Yoast SEO v27.2) - https:\/\/yoast.com\/product\/yoast-seo-premium-wordpress\/ -->\n<title>Arabiske grammatik\u00f8velser - Talkpal<\/title>\n<meta name=\"description\" content=\"Forbedr din forst\u00e5else med arabiske grammatik\u00f8velser, der d\u00e6kker vigtige regler og strukturer for at mestre sproget.\" \/>\n<meta name=\"robots\" content=\"index, follow, max-snippet:-1, max-image-preview:large, max-video-preview:-1\" \/>\n<link rel=\"canonical\" href=\"https:\/\/talkpal.ai\/da\/arabiske-grammatikoevelser\/\" \/>\n<meta property=\"og:locale\" content=\"da_DK\" \/>\n<meta property=\"og:type\" content=\"article\" \/>\n<meta property=\"og:title\" content=\"Arabiske grammatik\u00f8velser\" \/>\n<meta property=\"og:description\" content=\"Arabisk grammatik emner Det arabiske sprog, med sin rige historie og kulturelle betydning, er en fascinerende og givende indsats for sprogelever. Som et\" \/>\n<meta property=\"og:url\" content=\"https:\/\/talkpal.ai\/da\/arabiske-grammatikoevelser\/\" \/>\n<meta property=\"og:site_name\" content=\"Talkpal\" \/>\n<meta property=\"article:publisher\" content=\"https:\/\/www.facebook.com\/profile.php?id=100090733639311\" \/>\n<meta property=\"article:modified_time\" content=\"2025-05-22T20:17:07+00:00\" \/>\n<meta property=\"og:image\" content=\"https:\/\/talkpal.ai\/wp-content\/uploads\/2023\/04\/arabic-united-arab-emirates.png\" \/>\n\t<meta property=\"og:image:width\" content=\"512\" \/>\n\t<meta property=\"og:image:height\" content=\"512\" \/>\n\t<meta property=\"og:image:type\" content=\"image\/png\" \/>\n<meta name=\"twitter:card\" content=\"summary_large_image\" \/>\n<meta name=\"twitter:site\" content=\"@talkpalai\" \/>\n<meta name=\"twitter:label1\" content=\"Estimeret l\u00e6setid\" \/>\n\t<meta name=\"twitter:data1\" content=\"3 minutter\" \/>\n<script type=\"application\/ld+json\" class=\"yoast-schema-graph\">{\"@context\":\"https:\/\/schema.org\",\"@graph\":[{\"@type\":\"WebPage\",\"@id\":\"https:\/\/talkpal.ai\/da\/arabiske-grammatikoevelser\/\",\"url\":\"https:\/\/talkpal.ai\/da\/arabiske-grammatikoevelser\/\",\"name\":\"Arabiske grammatik\u00f8velser - Talkpal\",\"isPartOf\":{\"@id\":\"https:\/\/talkpal.ai\/da\/#website\"},\"primaryImageOfPage\":{\"@id\":\"https:\/\/talkpal.ai\/da\/arabiske-grammatikoevelser\/#primaryimage\"},\"image\":{\"@id\":\"https:\/\/talkpal.ai\/da\/arabiske-grammatikoevelser\/#primaryimage\"},\"thumbnailUrl\":\"https:\/\/talkpal.ai\/wp-content\/uploads\/2023\/04\/arabic-united-arab-emirates.png\",\"datePublished\":\"2023-06-16T09:31:38+00:00\",\"dateModified\":\"2025-05-22T20:17:07+00:00\",\"description\":\"Forbedr din forst\u00e5else med arabiske grammatik\u00f8velser, der d\u00e6kker vigtige regler og strukturer for at mestre sproget.\",\"breadcrumb\":{\"@id\":\"https:\/\/talkpal.ai\/da\/arabiske-grammatikoevelser\/#breadcrumb\"},\"inLanguage\":\"da-DK\",\"potentialAction\":[{\"@type\":\"ReadAction\",\"target\":[\"https:\/\/talkpal.ai\/da\/arabiske-grammatikoevelser\/\"]}]},{\"@type\":\"ImageObject\",\"inLanguage\":\"da-DK\",\"@id\":\"https:\/\/talkpal.ai\/da\/arabiske-grammatikoevelser\/#primaryimage\",\"url\":\"https:\/\/talkpal.ai\/wp-content\/uploads\/2023\/04\/arabic-united-arab-emirates.png\",\"contentUrl\":\"https:\/\/talkpal.ai\/wp-content\/uploads\/2023\/04\/arabic-united-arab-emirates.png\",\"width\":512,\"height\":512},{\"@type\":\"BreadcrumbList\",\"@id\":\"https:\/\/talkpal.ai\/da\/arabiske-grammatikoevelser\/#breadcrumb\",\"itemListElement\":[{\"@type\":\"ListItem\",\"position\":1,\"name\":\"Homepage\",\"item\":\"https:\/\/talkpal.ai\/da\/\"},{\"@type\":\"ListItem\",\"position\":2,\"name\":\"Arabiske grammatik\u00f8velser\"}]},{\"@type\":\"WebSite\",\"@id\":\"https:\/\/talkpal.ai\/da\/#website\",\"url\":\"https:\/\/talkpal.ai\/da\/\",\"name\":\"Talkpal\",\"description\":\"AI Language Learning\",\"publisher\":{\"@id\":\"https:\/\/talkpal.ai\/da\/#organization\"},\"alternateName\":\"Talkpal AI\",\"potentialAction\":[{\"@type\":\"SearchAction\",\"target\":{\"@type\":\"EntryPoint\",\"urlTemplate\":\"https:\/\/talkpal.ai\/da\/?s={search_term_string}\"},\"query-input\":{\"@type\":\"PropertyValueSpecification\",\"valueRequired\":true,\"valueName\":\"search_term_string\"}}],\"inLanguage\":\"da-DK\"},{\"@type\":\"Organization\",\"@id\":\"https:\/\/talkpal.ai\/da\/#organization\",\"name\":\"Talkpal, Inc.\",\"alternateName\":\"Talkpal AI\",\"url\":\"https:\/\/talkpal.ai\/da\/\",\"logo\":{\"@type\":\"ImageObject\",\"inLanguage\":\"da-DK\",\"@id\":\"https:\/\/talkpal.ai\/da\/#\/schema\/logo\/image\/\",\"url\":\"https:\/\/talkpal.ai\/wp-content\/uploads\/2024\/03\/Talkpal-Logo-Icon.png\",\"contentUrl\":\"https:\/\/talkpal.ai\/wp-content\/uploads\/2024\/03\/Talkpal-Logo-Icon.png\",\"width\":2880,\"height\":2880,\"caption\":\"Talkpal, Inc.\"},\"image\":{\"@id\":\"https:\/\/talkpal.ai\/da\/#\/schema\/logo\/image\/\"},\"sameAs\":[\"https:\/\/www.facebook.com\/profile.php?id=100090733639311\",\"https:\/\/x.com\/talkpalai\",\"https:\/\/www.linkedin.com\/company\/talkpal\/\",\"https:\/\/www.youtube.com\/@TalkPal\/\",\"https:\/\/www.tiktok.com\/@talkpal\",\"https:\/\/www.instagram.com\/talkpal_ai\/\",\"https:\/\/www.crunchbase.com\/organization\/talkpal-9cde\",\"https:\/\/www.g2.com\/products\/talkpal-for-business\/\",\"https:\/\/www.trustpilot.com\/review\/talkpal.ai\",\"https:\/\/www.capterra.com\/p\/10006800\/TalkPal\/\"],\"description\":\"Talkpal is a language learning web and mobile education app, powered by the latest AI technologies, that provides engaging experiences to its customers in many different languages to help them improve their language skills. Users can chat about unlimited amount of topics with the app and use other modes to practice their language learning.\",\"email\":\"support@talkpal.ai\",\"legalName\":\"Talkpal, Inc.\",\"foundingDate\":\"2023-04-03\",\"duns\":\"118989042\",\"numberOfEmployees\":{\"@type\":\"QuantitativeValue\",\"minValue\":\"11\",\"maxValue\":\"50\"},\"publishingPrinciples\":\"https:\/\/talkpal.ai\/publishing-principles\/\",\"actionableFeedbackPolicy\":\"https:\/\/talkpal.ai\/actionable-feedback-policy\/\",\"correctionsPolicy\":\"https:\/\/talkpal.ai\/corrections-policy\/\",\"ethicsPolicy\":\"https:\/\/talkpal.ai\/ethics-policy\/\",\"diversityPolicy\":\"https:\/\/talkpal.ai\/diversity-policy\/\",\"diversityStaffingReport\":\"https:\/\/talkpal.ai\/diversity-policy\/\"}]}<\/script>\n<!-- \/ Yoast SEO Premium plugin. -->","yoast_head_json":{"title":"Arabiske grammatik\u00f8velser - Talkpal","description":"Forbedr din forst\u00e5else med arabiske grammatik\u00f8velser, der d\u00e6kker vigtige regler og strukturer for at mestre sproget.","robots":{"index":"index","follow":"follow","max-snippet":"max-snippet:-1","max-image-preview":"max-image-preview:large","max-video-preview":"max-video-preview:-1"},"canonical":"https:\/\/talkpal.ai\/da\/arabiske-grammatikoevelser\/","og_locale":"da_DK","og_type":"article","og_title":"Arabiske grammatik\u00f8velser","og_description":"Arabisk grammatik emner Det arabiske sprog, med sin rige historie og kulturelle betydning, er en fascinerende og givende indsats for sprogelever. Som et","og_url":"https:\/\/talkpal.ai\/da\/arabiske-grammatikoevelser\/","og_site_name":"Talkpal","article_publisher":"https:\/\/www.facebook.com\/profile.php?id=100090733639311","article_modified_time":"2025-05-22T20:17:07+00:00","og_image":[{"width":512,"height":512,"url":"https:\/\/talkpal.ai\/wp-content\/uploads\/2023\/04\/arabic-united-arab-emirates.png","type":"image\/png"}],"twitter_card":"summary_large_image","twitter_site":"@talkpalai","twitter_misc":{"Estimeret l\u00e6setid":"3 minutter"},"schema":{"@context":"https:\/\/schema.org","@graph":[{"@type":"WebPage","@id":"https:\/\/talkpal.ai\/da\/arabiske-grammatikoevelser\/","url":"https:\/\/talkpal.ai\/da\/arabiske-grammatikoevelser\/","name":"Arabiske grammatik\u00f8velser - Talkpal","isPartOf":{"@id":"https:\/\/talkpal.ai\/da\/#website"},"primaryImageOfPage":{"@id":"https:\/\/talkpal.ai\/da\/arabiske-grammatikoevelser\/#primaryimage"},"image":{"@id":"https:\/\/talkpal.ai\/da\/arabiske-grammatikoevelser\/#primaryimage"},"thumbnailUrl":"https:\/\/talkpal.ai\/wp-content\/uploads\/2023\/04\/arabic-united-arab-emirates.png","datePublished":"2023-06-16T09:31:38+00:00","dateModified":"2025-05-22T20:17:07+00:00","description":"Forbedr din forst\u00e5else med arabiske grammatik\u00f8velser, der d\u00e6kker vigtige regler og strukturer for at mestre sproget.","breadcrumb":{"@id":"https:\/\/talkpal.ai\/da\/arabiske-grammatikoevelser\/#breadcrumb"},"inLanguage":"da-DK","potentialAction":[{"@type":"ReadAction","target":["https:\/\/talkpal.ai\/da\/arabiske-grammatikoevelser\/"]}]},{"@type":"ImageObject","inLanguage":"da-DK","@id":"https:\/\/talkpal.ai\/da\/arabiske-grammatikoevelser\/#primaryimage","url":"https:\/\/talkpal.ai\/wp-content\/uploads\/2023\/04\/arabic-united-arab-emirates.png","contentUrl":"https:\/\/talkpal.ai\/wp-content\/uploads\/2023\/04\/arabic-united-arab-emirates.png","width":512,"height":512},{"@type":"BreadcrumbList","@id":"https:\/\/talkpal.ai\/da\/arabiske-grammatikoevelser\/#breadcrumb","itemListElement":[{"@type":"ListItem","position":1,"name":"Homepage","item":"https:\/\/talkpal.ai\/da\/"},{"@type":"ListItem","position":2,"name":"Arabiske grammatik\u00f8velser"}]},{"@type":"WebSite","@id":"https:\/\/talkpal.ai\/da\/#website","url":"https:\/\/talkpal.ai\/da\/","name":"Talkpal","description":"AI Language Learning","publisher":{"@id":"https:\/\/talkpal.ai\/da\/#organization"},"alternateName":"Talkpal AI","potentialAction":[{"@type":"SearchAction","target":{"@type":"EntryPoint","urlTemplate":"https:\/\/talkpal.ai\/da\/?s={search_term_string}"},"query-input":{"@type":"PropertyValueSpecification","valueRequired":true,"valueName":"search_term_string"}}],"inLanguage":"da-DK"},{"@type":"Organization","@id":"https:\/\/talkpal.ai\/da\/#organization","name":"Talkpal, Inc.","alternateName":"Talkpal AI","url":"https:\/\/talkpal.ai\/da\/","logo":{"@type":"ImageObject","inLanguage":"da-DK","@id":"https:\/\/talkpal.ai\/da\/#\/schema\/logo\/image\/","url":"https:\/\/talkpal.ai\/wp-content\/uploads\/2024\/03\/Talkpal-Logo-Icon.png","contentUrl":"https:\/\/talkpal.ai\/wp-content\/uploads\/2024\/03\/Talkpal-Logo-Icon.png","width":2880,"height":2880,"caption":"Talkpal, Inc."},"image":{"@id":"https:\/\/talkpal.ai\/da\/#\/schema\/logo\/image\/"},"sameAs":["https:\/\/www.facebook.com\/profile.php?id=100090733639311","https:\/\/x.com\/talkpalai","https:\/\/www.linkedin.com\/company\/talkpal\/","https:\/\/www.youtube.com\/@TalkPal\/","https:\/\/www.tiktok.com\/@talkpal","https:\/\/www.instagram.com\/talkpal_ai\/","https:\/\/www.crunchbase.com\/organization\/talkpal-9cde","https:\/\/www.g2.com\/products\/talkpal-for-business\/","https:\/\/www.trustpilot.com\/review\/talkpal.ai","https:\/\/www.capterra.com\/p\/10006800\/TalkPal\/"],"description":"Talkpal is a language learning web and mobile education app, powered by the latest AI technologies, that provides engaging experiences to its customers in many different languages to help them improve their language skills. Users can chat about unlimited amount of topics with the app and use other modes to practice their language learning.","email":"support@talkpal.ai","legalName":"Talkpal, Inc.","foundingDate":"2023-04-03","duns":"118989042","numberOfEmployees":{"@type":"QuantitativeValue","minValue":"11","maxValue":"50"},"publishingPrinciples":"https:\/\/talkpal.ai\/publishing-principles\/","actionableFeedbackPolicy":"https:\/\/talkpal.ai\/actionable-feedback-policy\/","correctionsPolicy":"https:\/\/talkpal.ai\/corrections-policy\/","ethicsPolicy":"https:\/\/talkpal.ai\/ethics-policy\/","diversityPolicy":"https:\/\/talkpal.ai\/diversity-policy\/","diversityStaffingReport":"https:\/\/talkpal.ai\/diversity-policy\/"}]}},"_links":{"self":[{"href":"https:\/\/talkpal.ai\/da\/wp-json\/wp\/v2\/pages\/132615","targetHints":{"allow":["GET"]}}],"collection":[{"href":"https:\/\/talkpal.ai\/da\/wp-json\/wp\/v2\/pages"}],"about":[{"href":"https:\/\/talkpal.ai\/da\/wp-json\/wp\/v2\/types\/page"}],"author":[{"embeddable":true,"href":"https:\/\/talkpal.ai\/da\/wp-json\/wp\/v2\/users\/6"}],"replies":[{"embeddable":true,"href":"https:\/\/talkpal.ai\/da\/wp-json\/wp\/v2\/comments?post=132615"}],"version-history":[{"count":0,"href":"https:\/\/talkpal.ai\/da\/wp-json\/wp\/v2\/pages\/132615\/revisions"}],"wp:featuredmedia":[{"embeddable":true,"href":"https:\/\/talkpal.ai\/da\/wp-json\/wp\/v2\/media\/105856"}],"wp:attachment":[{"href":"https:\/\/talkpal.ai\/da\/wp-json\/wp\/v2\/media?parent=132615"}],"curies":[{"name":"wp","href":"https:\/\/api.w.org\/{rel}","templated":true}]}}