{"id":132281,"date":"2023-06-16T09:22:36","date_gmt":"2023-06-16T09:22:36","guid":{"rendered":"http:\/\/talkpal.ai\/italienske-grammatikoevelser\/"},"modified":"2025-12-17T16:14:44","modified_gmt":"2025-12-17T16:14:44","slug":"italienske-grammatikoevelser","status":"publish","type":"page","link":"https:\/\/talkpal.ai\/da\/italienske-grammatikoevelser\/","title":{"rendered":"Italienske grammatik\u00f8velser"},"content":{"rendered":"\r\n\r\n\r\n<section class=\"languageChallengeSection\">\r\n    <div class=\"languageInfoWrapper\">\r\n        \r\n        <h1>Italienske grammatik\u00f8velser<\/h1>\r\n        <p>Er du klar til at opbygge din selvtillid p\u00e5 <a href=\"https:\/\/talkpal.ai\/learn-italian\/\">italiensk<\/a>? At \u00f8ve sig i <a href=\"https:\/\/talkpal.ai\/fr\/les\/\">grammatik<\/a> er den bedste m\u00e5de at f\u00e5 styr p\u00e5 s\u00e6tningsstruktur, verbalb\u00f8jninger og de unikke tr\u00e6k ved det italienske <a href=\"https:\/\/talkpal.ai\/what-language-is-spoken-on-the-international-space-station\/\">sprog<\/a>. Begynd at arbejde med din italienske grammatik i dag, og se dine f\u00e6rdigheder og dit sprog blive bedre for hvert skridt!\n\n<\/p>\r\n\r\n                            <a class=\"getStartedHidden\" href=\"https:\/\/app.talkpal.ai\/da\/signup?lng=\">Kom i gang<\/a>\r\n        \r\n    <\/div>\r\n\r\n    <figure>\r\n    <img decoding=\"async\" width=\"768\" height=\"768\" src=\"https:\/\/talkpal.ai\/wp-content\/uploads\/2023\/06\/italian-768x768.png\" class=\"languageImage no-lazy\" alt=\"Language learning for increased memory capacity\" fetchpriority=\"high\" sizes=\"(max-width: 768px) 150px, 768px\" srcset=\"https:\/\/talkpal.ai\/wp-content\/uploads\/2023\/06\/italian-768x768.png 768w, https:\/\/talkpal.ai\/wp-content\/uploads\/2023\/06\/italian-300x300.png 300w\" \/>\r\n    \r\n\r\n    <\/figure>\r\n\r\n            <a class=\"getStartedVisible\" href=\"https:\/\/app.talkpal.ai\/da\/signup?lng=\">Kom i gang<\/a>\r\n    \r\n<\/section>\r\n\r\n\r\n<!-- <section class=\"grammarSection\">\r\n    <div class=\"grammarLinks\">\r\n        <a href=\"https:\/\/talkpal.ai\/da\/exercise_language\/adverbier-italiensk-grammatik\/\">Adverbier <\/a><a href=\"https:\/\/talkpal.ai\/da\/exercise_language\/artikler-italiensk-grammatik\/\">Artikler <\/a><a href=\"https:\/\/talkpal.ai\/da\/exercise_language\/navneord-italiensk-grammatik\/\">Navneord <\/a><a href=\"https:\/\/talkpal.ai\/da\/exercise_language\/praepositioner-italiensk-grammatik\/\">Pr\u00e6positioner <\/a><a href=\"https:\/\/talkpal.ai\/da\/exercise_language\/pronominer-italiensk-grammatik\/\">Pronominer <\/a><a href=\"https:\/\/talkpal.ai\/da\/exercise_language\/saetningsstruktur-italiensk-grammatik\/\">S\u00e6tningsstruktur <\/a><a href=\"https:\/\/talkpal.ai\/da\/exercise_language\/sammenligning-af-tempus-italiensk-grammatik\/\">Sammenligning af tempus <\/a><a href=\"https:\/\/talkpal.ai\/da\/exercise_language\/tider-konjunktiv-italiensk-grammatik\/\">Tider Konjunktiv <\/a><a href=\"https:\/\/talkpal.ai\/da\/exercise_language\/tider-vejledende-italiensk-grammatik\/\">Tider Vejledende <\/a><a href=\"https:\/\/talkpal.ai\/da\/exercise_language\/tillaegsord-italiensk-grammatik\/\">Till\u00e6gsord <\/a><a href=\"https:\/\/talkpal.ai\/da\/exercise_language\/udsagnsord-italiensk-grammatik\/\">Udsagnsord <\/a>    <\/div>\r\n<\/section> -->\r\n\r\n\r\n\r\n\r\n        <section class=\"grammarSection\">\r\n            <div class=\"grammarLinks\">\r\n                <a href=\"https:\/\/talkpal.ai\/da\/exercise_language\/adverbier-italiensk-grammatik\/\">Adverbier <\/a><a href=\"https:\/\/talkpal.ai\/da\/exercise_language\/artikler-italiensk-grammatik\/\">Artikler <\/a><a href=\"https:\/\/talkpal.ai\/da\/exercise_language\/navneord-italiensk-grammatik\/\">Navneord <\/a><a href=\"https:\/\/talkpal.ai\/da\/exercise_language\/praepositioner-italiensk-grammatik\/\">Pr\u00e6positioner <\/a><a href=\"https:\/\/talkpal.ai\/da\/exercise_language\/pronominer-italiensk-grammatik\/\">Pronominer <\/a><a href=\"https:\/\/talkpal.ai\/da\/exercise_language\/saetningsstruktur-italiensk-grammatik\/\">S\u00e6tningsstruktur <\/a><a href=\"https:\/\/talkpal.ai\/da\/exercise_language\/sammenligning-af-tempus-italiensk-grammatik\/\">Sammenligning af tempus <\/a><a href=\"https:\/\/talkpal.ai\/da\/exercise_language\/tider-konjunktiv-italiensk-grammatik\/\">Tider Konjunktiv <\/a><a href=\"https:\/\/talkpal.ai\/da\/exercise_language\/tider-vejledende-italiensk-grammatik\/\">Tider Vejledende <\/a><a href=\"https:\/\/talkpal.ai\/da\/exercise_language\/tillaegsord-italiensk-grammatik\/\">Till\u00e6gsord <\/a><a href=\"https:\/\/talkpal.ai\/da\/exercise_language\/udsagnsord-italiensk-grammatik\/\">Udsagnsord <\/a>            <\/div>\r\n        <\/section>\r\n<section class=\"promotionalBanner\">\r\n    <p class=\"promotionalText\">Den mest effektive m\u00e5de at l\u00e6re et sprog p\u00e5<\/p>\r\n    <a class=\"promotionalLink\" href=\"https:\/\/app.talkpal.ai\/da\/signup?lng=\">Pr\u00f8v Talkpal gratis<\/a>\r\n<\/section>\n<div class=\"wp-block-group pageContainerStyle\"><div class=\"wp-block-group__inner-container is-layout-constrained wp-block-group-is-layout-constrained\">\n<h2 class=\"wp-block-heading\" id=\"h-italian-grammar-topics\">Italiensk grammatik emner<\/h2>\n\n\n\n<p>At l\u00e6re et nyt sprog er en sp\u00e6ndende rejse, der \u00e5bner <a href=\"https:\/\/talkpal.ai\/talkpal-new-years-discount\/\">nye<\/a> muligheder og kulturelle oplevelser. Et af de smukkeste og <a href=\"https:\/\/talkpal.ai\/the-10-most-spoken-languages-in-the-world\/\">mest talte sprog<\/a> er italiensk, kendt for sin musikalitet, udtryksevne og rige historie. For at <a href=\"https:\/\/talkpal.ai\/fr\/comment-apprendre-litalien\/\">l\u00e6re italiensk<\/a> effektivt er det afg\u00f8rende at have en klar forst\u00e5else af dens grammatik, som tjener som grundlag for at opbygge sprogf\u00e6rdigheder. Dette inkluderer mastering af forskellige aspekter, s\u00e5som tider, verb, substantiver, artikler og mere. I denne vejledning vil vi udforske en r\u00e6kke grammatikemner, der hj\u00e6lper dig med at l\u00e6re italiensk p\u00e5 en organiseret og effektiv m\u00e5de.<\/p>\n\n\n\n<h3 class=\"wp-block-heading\" id=\"h-1-nouns-and-articles\">1. Substantiver og artikler:<\/h3>\n\n\n\n<p>Begynd din italienske l\u00e6ringsrejse med navneord og artikler, <a href=\"https:\/\/talkpal.ai\/culture\/how-do-you-use-the-conjunction-da-de\/\">da de<\/a> er de grundl\u00e6ggende byggesten i enhver s\u00e6tning. Substantiver er ord, der repr\u00e6senterer mennesker, steder, ting eller ideer. P\u00e5 italiensk har navneord k\u00f8n (maskulin og feminin) og tal (ental og flertal). Artikler er de ord, der ledsager navneord, og de har ogs\u00e5 k\u00f8n og antal. G\u00f8r dig bekendt med de bestemte (il, la osv.) og ubestemte artikler (un, una osv.) for at danne enkle s\u00e6tninger.<\/p>\n\n\n\n<h3 class=\"wp-block-heading\" id=\"h-2-adjectives\">2. Adjektiver:<\/h3>\n\n\n\n<p>Adjektiver giver oplysninger om navneord, s\u00e5som farve, st\u00f8rrelse eller kvalitet. P\u00e5 italiensk er adjektiver enige i k\u00f8n og antal med det substantiv, de beskriver. L\u00e6r reglerne for placering af adjektiver og aftale om at forbedre dine beskrivende sprogf\u00e6rdigheder.<\/p>\n\n\n\n<h3 class=\"wp-block-heading\" id=\"h-3-pronouns\">3. Pronomen:<\/h3>\n\n\n\n<p>Pronomen erstatter substantiver i s\u00e6tninger for at undg\u00e5 gentagelse. Unders\u00f8g emnepronomen (io, tu, lui osv.), Direkte og indirekte objektpronomen (lo, la, gli osv.) og besiddende pronomen (mio, tuo, suo osv.) for at tilf\u00f8je mere variation til din tale.<\/p>\n\n\n\n<h3 class=\"wp-block-heading\" id=\"h-4-verbs-and-tenses-indicative\">4. Verber og tider vejledende:<\/h3>\n\n\n\n<p>Verber udtrykker handlinger, tilstande eller forekomster. Italienske verber har forskellige b\u00f8jninger baseret p\u00e5 emnet, sp\u00e6ndingen og stemningen. Start med regelm\u00e6ssige verb i nutid vejledende, s\u00e5som parlare (at tale), og l\u00e6r gradvist andre tider, som fortiden (passato prossimo) og fremtiden (futuro semplice).<\/p>\n\n\n\n<h3 class=\"wp-block-heading\" id=\"h-5-tenses-subjunctive\">5. Tider Konjunktiv:<\/h3>\n\n\n\n<p>Den konjunktive stemning udtrykker tvivl, usikkerhed eller personlige meninger. L\u00e6r de fire konjunktive tider (nutid, fortid, ufuldkommen og fortid perfekt) og deres anvendelser til at udtrykke \u00f8nsker, \u00f8nsker og hypotetiske situationer.<\/p>\n\n\n\n<h3 class=\"wp-block-heading\" id=\"h-6-tense-comparison\">6. Ansp\u00e6ndt sammenligning:<\/h3>\n\n\n\n<p>Udvikle din evne til at sammenligne handlinger p\u00e5 tv\u00e6rs af forskellige tidsrammer ved at l\u00e6re at bruge komparative og superlative former for adjektiver og adverb. Dette giver dig mulighed for at foretage sammenligninger mellem mennesker, genstande eller situationer.<\/p>\n\n\n\n<h3 class=\"wp-block-heading\" id=\"h-7-adverbs\">7. Adverb:<\/h3>\n\n\n\n<p>Adverb \u00e6ndrer verb, adjektiver eller andre adverb ved at give yderligere oplysninger om tid, m\u00e5de eller grad. L\u00e6r almindelige italienske adverb og deres placering i s\u00e6tninger for at forbedre din flydende.<\/p>\n\n\n\n<h3 class=\"wp-block-heading\" id=\"h-8-prepositions\">8. Pr\u00e6positioner:<\/h3>\n\n\n\n<p>Pr\u00e6positioner er afg\u00f8rende for at forbinde ord og s\u00e6tninger, der angiver relationer som placering, tid eller \u00e5rsag. Master almindelige italienske pr\u00e6positioner (di, a, da osv.) og deres brug i forskellige sammenh\u00e6nge.<\/p>\n\n\n\n<h3 class=\"wp-block-heading\" id=\"h-9-sentence-structure\">9. S\u00e6tningsstruktur:<\/h3>\n\n\n\n<p>Endelig bringe alle grammatikkomponenterne sammen ved at studere italiensk s\u00e6tningsstruktur. L\u00e6r om emne-verbum-objekt r\u00e6kkef\u00f8lge, negation og dannelse af sp\u00f8rgsm\u00e5l for at skabe n\u00f8jagtige og meningsfulde s\u00e6tninger.<\/p>\n\n\n\n<p>Ved at f\u00f8lge denne sekvens af grammatiske emner og dedikere tid til at \u00f8ve og gennemg\u00e5, vil du v\u00e6re godt p\u00e5 vej til at mestre italiensk og nyde de rige sproglige og kulturelle oplevelser, det tilbyder.<\/p>\n<\/div><\/div>\n\r\n<section class=\"learnNavigationSection\">\r\n            \r\n        <a href=\"https:\/\/talkpal.ai\/da\/laer-italiensk\/\">\r\n            <div class=\"learnNavigationWrapper\">\r\n                <div class=\"learnNavigationContent\">\r\n                    <img decoding=\"async\" src=\"https:\/\/talkpal.ai\/wp-content\/uploads\/2024\/08\/Italian.jpg\" alt=\"Italian Flag\">\r\n                    <div>\r\n                        <h4>Om at l\u00e6re italiensk<\/h4>\r\n                        <p>Find ud af alt om italiensk grammatik.<\/p>\r\n                    <\/div>\r\n                <\/div>\r\n            <\/div>\r\n        <\/a>\r\n\r\n        \r\n        <a href=\"https:\/\/talkpal.ai\/da\/italiensk-grammatik\/\">\r\n            <div class=\"learnNavigationWrapper\">\r\n                <div class=\"learnNavigationContent\">\r\n                    <img decoding=\"async\" src=\"https:\/\/talkpal.ai\/wp-content\/uploads\/2024\/08\/Italian.jpg\" alt=\"Italian Flag\">\r\n                    <div>\r\n                        <h4>Italiensk grammatik lektioner<\/h4>\r\n                        <p>\u00d8v italiensk grammatik.<\/p>\r\n                    <\/div>\r\n                <\/div>\r\n            <\/div>\r\n        <\/a>\r\n\r\n        \r\n        <a href=\"https:\/\/talkpal.ai\/vocabulary_language\/italian\/\">\r\n            <div class=\"learnNavigationWrapper\">\r\n                <div class=\"learnNavigationContent\">\r\n                    <img decoding=\"async\" src=\"https:\/\/talkpal.ai\/wp-content\/uploads\/2024\/08\/Italian.jpg\" alt=\"Italian Flag\">\r\n                    <div>\r\n                        <h4>Italiensk ordforr\u00e5d<\/h4>\r\n                        <p>Udvid dit italienske ordforr\u00e5d.<\/p>\r\n                    <\/div>\r\n                <\/div>\r\n            <\/div>\r\n        <\/a>\r\n\r\n            <\/section>","protected":false},"excerpt":{"rendered":"<p>Italiensk grammatik emner At l\u00e6re et nyt sprog er en sp\u00e6ndende rejse, der \u00e5bner nye muligheder og kulturelle oplevelser. Et af de smukkeste og mest talte sprog er italiensk, kendt for sin musikalitet, udtryksevne og rige historie. For at l\u00e6re italiensk effektivt er det afg\u00f8rende at have en klar forst\u00e5else af dens grammatik, som tjener [&hellip;]<\/p>\n","protected":false},"author":6,"featured_media":76179,"parent":0,"menu_order":0,"comment_status":"closed","ping_status":"closed","template":"LearningContentPage.php","meta":{"_acf_changed":false,"footnotes":""},"class_list":["post-132281","page","type-page","status-publish","has-post-thumbnail","hentry"],"acf":[],"yoast_head":"<!-- This site is optimized with the Yoast SEO Premium plugin v27.2 (Yoast SEO v27.2) - https:\/\/yoast.com\/product\/yoast-seo-premium-wordpress\/ -->\n<title>Italienske grammatik\u00f8velser - Talkpal<\/title>\n<meta name=\"description\" content=\"Styrk din italienske grammatik effektivt - forbedr dine f\u00e6rdigheder med praktiske \u00f8velser, interaktiv tr\u00e6ning og \u00f8jeblikkelig feedback\" \/>\n<meta name=\"robots\" content=\"index, follow, max-snippet:-1, max-image-preview:large, max-video-preview:-1\" \/>\n<link rel=\"canonical\" href=\"https:\/\/talkpal.ai\/da\/italienske-grammatikoevelser\/\" \/>\n<meta property=\"og:locale\" content=\"da_DK\" \/>\n<meta property=\"og:type\" content=\"article\" \/>\n<meta property=\"og:title\" content=\"Italienske grammatik\u00f8velser\" \/>\n<meta property=\"og:description\" content=\"Italiensk grammatik emner At l\u00e6re et nyt sprog er en sp\u00e6ndende rejse, der \u00e5bner nye muligheder og kulturelle oplevelser. Et af de smukkeste og mest talte\" \/>\n<meta property=\"og:url\" content=\"https:\/\/talkpal.ai\/da\/italienske-grammatikoevelser\/\" \/>\n<meta property=\"og:site_name\" content=\"Talkpal\" \/>\n<meta property=\"article:publisher\" content=\"https:\/\/www.facebook.com\/profile.php?id=100090733639311\" \/>\n<meta property=\"article:modified_time\" content=\"2025-12-17T16:14:44+00:00\" \/>\n<meta property=\"og:image\" content=\"https:\/\/talkpal.ai\/wp-content\/uploads\/2023\/03\/italy.png\" \/>\n\t<meta property=\"og:image:width\" content=\"512\" \/>\n\t<meta property=\"og:image:height\" content=\"512\" \/>\n\t<meta property=\"og:image:type\" content=\"image\/png\" \/>\n<meta name=\"twitter:card\" content=\"summary_large_image\" \/>\n<meta name=\"twitter:site\" content=\"@talkpalai\" \/>\n<meta name=\"twitter:label1\" content=\"Estimeret l\u00e6setid\" \/>\n\t<meta name=\"twitter:data1\" content=\"3 minutter\" \/>\n<script type=\"application\/ld+json\" class=\"yoast-schema-graph\">{\"@context\":\"https:\/\/schema.org\",\"@graph\":[{\"@type\":\"WebPage\",\"@id\":\"https:\/\/talkpal.ai\/da\/italienske-grammatikoevelser\/\",\"url\":\"https:\/\/talkpal.ai\/da\/italienske-grammatikoevelser\/\",\"name\":\"Italienske grammatik\u00f8velser - Talkpal\",\"isPartOf\":{\"@id\":\"https:\/\/talkpal.ai\/da\/#website\"},\"primaryImageOfPage\":{\"@id\":\"https:\/\/talkpal.ai\/da\/italienske-grammatikoevelser\/#primaryimage\"},\"image\":{\"@id\":\"https:\/\/talkpal.ai\/da\/italienske-grammatikoevelser\/#primaryimage\"},\"thumbnailUrl\":\"https:\/\/talkpal.ai\/wp-content\/uploads\/2023\/03\/italy.png\",\"datePublished\":\"2023-06-16T09:22:36+00:00\",\"dateModified\":\"2025-12-17T16:14:44+00:00\",\"description\":\"Styrk din italienske grammatik effektivt - forbedr dine f\u00e6rdigheder med praktiske \u00f8velser, interaktiv tr\u00e6ning og \u00f8jeblikkelig feedback\",\"breadcrumb\":{\"@id\":\"https:\/\/talkpal.ai\/da\/italienske-grammatikoevelser\/#breadcrumb\"},\"inLanguage\":\"da-DK\",\"potentialAction\":[{\"@type\":\"ReadAction\",\"target\":[\"https:\/\/talkpal.ai\/da\/italienske-grammatikoevelser\/\"]}]},{\"@type\":\"ImageObject\",\"inLanguage\":\"da-DK\",\"@id\":\"https:\/\/talkpal.ai\/da\/italienske-grammatikoevelser\/#primaryimage\",\"url\":\"https:\/\/talkpal.ai\/wp-content\/uploads\/2023\/03\/italy.png\",\"contentUrl\":\"https:\/\/talkpal.ai\/wp-content\/uploads\/2023\/03\/italy.png\",\"width\":512,\"height\":512,\"caption\":\"TalkPal AI learn Italian\"},{\"@type\":\"BreadcrumbList\",\"@id\":\"https:\/\/talkpal.ai\/da\/italienske-grammatikoevelser\/#breadcrumb\",\"itemListElement\":[{\"@type\":\"ListItem\",\"position\":1,\"name\":\"Homepage\",\"item\":\"https:\/\/talkpal.ai\/da\/\"},{\"@type\":\"ListItem\",\"position\":2,\"name\":\"Italienske grammatik\u00f8velser\"}]},{\"@type\":\"WebSite\",\"@id\":\"https:\/\/talkpal.ai\/da\/#website\",\"url\":\"https:\/\/talkpal.ai\/da\/\",\"name\":\"Talkpal\",\"description\":\"AI Language Learning\",\"publisher\":{\"@id\":\"https:\/\/talkpal.ai\/da\/#organization\"},\"alternateName\":\"Talkpal AI\",\"potentialAction\":[{\"@type\":\"SearchAction\",\"target\":{\"@type\":\"EntryPoint\",\"urlTemplate\":\"https:\/\/talkpal.ai\/da\/?s={search_term_string}\"},\"query-input\":{\"@type\":\"PropertyValueSpecification\",\"valueRequired\":true,\"valueName\":\"search_term_string\"}}],\"inLanguage\":\"da-DK\"},{\"@type\":\"Organization\",\"@id\":\"https:\/\/talkpal.ai\/da\/#organization\",\"name\":\"Talkpal, Inc.\",\"alternateName\":\"Talkpal AI\",\"url\":\"https:\/\/talkpal.ai\/da\/\",\"logo\":{\"@type\":\"ImageObject\",\"inLanguage\":\"da-DK\",\"@id\":\"https:\/\/talkpal.ai\/da\/#\/schema\/logo\/image\/\",\"url\":\"https:\/\/talkpal.ai\/wp-content\/uploads\/2024\/03\/Talkpal-Logo-Icon.png\",\"contentUrl\":\"https:\/\/talkpal.ai\/wp-content\/uploads\/2024\/03\/Talkpal-Logo-Icon.png\",\"width\":2880,\"height\":2880,\"caption\":\"Talkpal, Inc.\"},\"image\":{\"@id\":\"https:\/\/talkpal.ai\/da\/#\/schema\/logo\/image\/\"},\"sameAs\":[\"https:\/\/www.facebook.com\/profile.php?id=100090733639311\",\"https:\/\/x.com\/talkpalai\",\"https:\/\/www.linkedin.com\/company\/talkpal\/\",\"https:\/\/www.youtube.com\/@TalkPal\/\",\"https:\/\/www.tiktok.com\/@talkpal\",\"https:\/\/www.instagram.com\/talkpal_ai\/\",\"https:\/\/www.crunchbase.com\/organization\/talkpal-9cde\",\"https:\/\/www.g2.com\/products\/talkpal-for-business\/\",\"https:\/\/www.trustpilot.com\/review\/talkpal.ai\",\"https:\/\/www.capterra.com\/p\/10006800\/TalkPal\/\"],\"description\":\"Talkpal is a language learning web and mobile education app, powered by the latest AI technologies, that provides engaging experiences to its customers in many different languages to help them improve their language skills. Users can chat about unlimited amount of topics with the app and use other modes to practice their language learning.\",\"email\":\"support@talkpal.ai\",\"legalName\":\"Talkpal, Inc.\",\"foundingDate\":\"2023-04-03\",\"duns\":\"118989042\",\"numberOfEmployees\":{\"@type\":\"QuantitativeValue\",\"minValue\":\"11\",\"maxValue\":\"50\"},\"publishingPrinciples\":\"https:\/\/talkpal.ai\/publishing-principles\/\",\"actionableFeedbackPolicy\":\"https:\/\/talkpal.ai\/actionable-feedback-policy\/\",\"correctionsPolicy\":\"https:\/\/talkpal.ai\/corrections-policy\/\",\"ethicsPolicy\":\"https:\/\/talkpal.ai\/ethics-policy\/\",\"diversityPolicy\":\"https:\/\/talkpal.ai\/diversity-policy\/\",\"diversityStaffingReport\":\"https:\/\/talkpal.ai\/diversity-policy\/\"}]}<\/script>\n<!-- \/ Yoast SEO Premium plugin. -->","yoast_head_json":{"title":"Italienske grammatik\u00f8velser - Talkpal","description":"Styrk din italienske grammatik effektivt - forbedr dine f\u00e6rdigheder med praktiske \u00f8velser, interaktiv tr\u00e6ning og \u00f8jeblikkelig feedback","robots":{"index":"index","follow":"follow","max-snippet":"max-snippet:-1","max-image-preview":"max-image-preview:large","max-video-preview":"max-video-preview:-1"},"canonical":"https:\/\/talkpal.ai\/da\/italienske-grammatikoevelser\/","og_locale":"da_DK","og_type":"article","og_title":"Italienske grammatik\u00f8velser","og_description":"Italiensk grammatik emner At l\u00e6re et nyt sprog er en sp\u00e6ndende rejse, der \u00e5bner nye muligheder og kulturelle oplevelser. Et af de smukkeste og mest talte","og_url":"https:\/\/talkpal.ai\/da\/italienske-grammatikoevelser\/","og_site_name":"Talkpal","article_publisher":"https:\/\/www.facebook.com\/profile.php?id=100090733639311","article_modified_time":"2025-12-17T16:14:44+00:00","og_image":[{"width":512,"height":512,"url":"https:\/\/talkpal.ai\/wp-content\/uploads\/2023\/03\/italy.png","type":"image\/png"}],"twitter_card":"summary_large_image","twitter_site":"@talkpalai","twitter_misc":{"Estimeret l\u00e6setid":"3 minutter"},"schema":{"@context":"https:\/\/schema.org","@graph":[{"@type":"WebPage","@id":"https:\/\/talkpal.ai\/da\/italienske-grammatikoevelser\/","url":"https:\/\/talkpal.ai\/da\/italienske-grammatikoevelser\/","name":"Italienske grammatik\u00f8velser - Talkpal","isPartOf":{"@id":"https:\/\/talkpal.ai\/da\/#website"},"primaryImageOfPage":{"@id":"https:\/\/talkpal.ai\/da\/italienske-grammatikoevelser\/#primaryimage"},"image":{"@id":"https:\/\/talkpal.ai\/da\/italienske-grammatikoevelser\/#primaryimage"},"thumbnailUrl":"https:\/\/talkpal.ai\/wp-content\/uploads\/2023\/03\/italy.png","datePublished":"2023-06-16T09:22:36+00:00","dateModified":"2025-12-17T16:14:44+00:00","description":"Styrk din italienske grammatik effektivt - forbedr dine f\u00e6rdigheder med praktiske \u00f8velser, interaktiv tr\u00e6ning og \u00f8jeblikkelig feedback","breadcrumb":{"@id":"https:\/\/talkpal.ai\/da\/italienske-grammatikoevelser\/#breadcrumb"},"inLanguage":"da-DK","potentialAction":[{"@type":"ReadAction","target":["https:\/\/talkpal.ai\/da\/italienske-grammatikoevelser\/"]}]},{"@type":"ImageObject","inLanguage":"da-DK","@id":"https:\/\/talkpal.ai\/da\/italienske-grammatikoevelser\/#primaryimage","url":"https:\/\/talkpal.ai\/wp-content\/uploads\/2023\/03\/italy.png","contentUrl":"https:\/\/talkpal.ai\/wp-content\/uploads\/2023\/03\/italy.png","width":512,"height":512,"caption":"TalkPal AI learn Italian"},{"@type":"BreadcrumbList","@id":"https:\/\/talkpal.ai\/da\/italienske-grammatikoevelser\/#breadcrumb","itemListElement":[{"@type":"ListItem","position":1,"name":"Homepage","item":"https:\/\/talkpal.ai\/da\/"},{"@type":"ListItem","position":2,"name":"Italienske grammatik\u00f8velser"}]},{"@type":"WebSite","@id":"https:\/\/talkpal.ai\/da\/#website","url":"https:\/\/talkpal.ai\/da\/","name":"Talkpal","description":"AI Language Learning","publisher":{"@id":"https:\/\/talkpal.ai\/da\/#organization"},"alternateName":"Talkpal AI","potentialAction":[{"@type":"SearchAction","target":{"@type":"EntryPoint","urlTemplate":"https:\/\/talkpal.ai\/da\/?s={search_term_string}"},"query-input":{"@type":"PropertyValueSpecification","valueRequired":true,"valueName":"search_term_string"}}],"inLanguage":"da-DK"},{"@type":"Organization","@id":"https:\/\/talkpal.ai\/da\/#organization","name":"Talkpal, Inc.","alternateName":"Talkpal AI","url":"https:\/\/talkpal.ai\/da\/","logo":{"@type":"ImageObject","inLanguage":"da-DK","@id":"https:\/\/talkpal.ai\/da\/#\/schema\/logo\/image\/","url":"https:\/\/talkpal.ai\/wp-content\/uploads\/2024\/03\/Talkpal-Logo-Icon.png","contentUrl":"https:\/\/talkpal.ai\/wp-content\/uploads\/2024\/03\/Talkpal-Logo-Icon.png","width":2880,"height":2880,"caption":"Talkpal, Inc."},"image":{"@id":"https:\/\/talkpal.ai\/da\/#\/schema\/logo\/image\/"},"sameAs":["https:\/\/www.facebook.com\/profile.php?id=100090733639311","https:\/\/x.com\/talkpalai","https:\/\/www.linkedin.com\/company\/talkpal\/","https:\/\/www.youtube.com\/@TalkPal\/","https:\/\/www.tiktok.com\/@talkpal","https:\/\/www.instagram.com\/talkpal_ai\/","https:\/\/www.crunchbase.com\/organization\/talkpal-9cde","https:\/\/www.g2.com\/products\/talkpal-for-business\/","https:\/\/www.trustpilot.com\/review\/talkpal.ai","https:\/\/www.capterra.com\/p\/10006800\/TalkPal\/"],"description":"Talkpal is a language learning web and mobile education app, powered by the latest AI technologies, that provides engaging experiences to its customers in many different languages to help them improve their language skills. Users can chat about unlimited amount of topics with the app and use other modes to practice their language learning.","email":"support@talkpal.ai","legalName":"Talkpal, Inc.","foundingDate":"2023-04-03","duns":"118989042","numberOfEmployees":{"@type":"QuantitativeValue","minValue":"11","maxValue":"50"},"publishingPrinciples":"https:\/\/talkpal.ai\/publishing-principles\/","actionableFeedbackPolicy":"https:\/\/talkpal.ai\/actionable-feedback-policy\/","correctionsPolicy":"https:\/\/talkpal.ai\/corrections-policy\/","ethicsPolicy":"https:\/\/talkpal.ai\/ethics-policy\/","diversityPolicy":"https:\/\/talkpal.ai\/diversity-policy\/","diversityStaffingReport":"https:\/\/talkpal.ai\/diversity-policy\/"}]}},"_links":{"self":[{"href":"https:\/\/talkpal.ai\/da\/wp-json\/wp\/v2\/pages\/132281","targetHints":{"allow":["GET"]}}],"collection":[{"href":"https:\/\/talkpal.ai\/da\/wp-json\/wp\/v2\/pages"}],"about":[{"href":"https:\/\/talkpal.ai\/da\/wp-json\/wp\/v2\/types\/page"}],"author":[{"embeddable":true,"href":"https:\/\/talkpal.ai\/da\/wp-json\/wp\/v2\/users\/6"}],"replies":[{"embeddable":true,"href":"https:\/\/talkpal.ai\/da\/wp-json\/wp\/v2\/comments?post=132281"}],"version-history":[{"count":0,"href":"https:\/\/talkpal.ai\/da\/wp-json\/wp\/v2\/pages\/132281\/revisions"}],"wp:featuredmedia":[{"embeddable":true,"href":"https:\/\/talkpal.ai\/da\/wp-json\/wp\/v2\/media\/76179"}],"wp:attachment":[{"href":"https:\/\/talkpal.ai\/da\/wp-json\/wp\/v2\/media?parent=132281"}],"curies":[{"name":"wp","href":"https:\/\/api.w.org\/{rel}","templated":true}]}}