{"id":132080,"date":"2023-06-16T09:14:18","date_gmt":"2023-06-16T09:14:18","guid":{"rendered":"http:\/\/talkpal.ai\/tyske-grammatikoevelser\/"},"modified":"2025-12-17T16:12:28","modified_gmt":"2025-12-17T16:12:28","slug":"tyske-grammatikoevelser","status":"publish","type":"page","link":"https:\/\/talkpal.ai\/da\/tyske-grammatikoevelser\/","title":{"rendered":"Tyske grammatik\u00f8velser"},"content":{"rendered":"\r\n\r\n\r\n<section class=\"languageChallengeSection\">\r\n    <div class=\"languageInfoWrapper\">\r\n        \r\n        <h1>Tyske grammatik\u00f8velser<\/h1>\r\n        <p>Er du klar til at styrke din tyske <a href=\"https:\/\/talkpal.ai\/fr\/les\/\">grammatik<\/a>? At \u00f8ve sig p\u00e5 grammatik\u00f8velser er den perfekte m\u00e5de at mestre det tyske <a href=\"https:\/\/talkpal.ai\/what-language-is-spoken-on-the-international-space-station\/\">sprog<\/a> p\u00e5. Begynd at arbejde med det i dag, og se din selvtillid og flydende sprog vokse for hver \u00f8velse!\n\n<\/p>\r\n\r\n                            <a class=\"getStartedHidden\" href=\"https:\/\/app.talkpal.ai\/da\/signup?lng=\">Kom i gang<\/a>\r\n        \r\n    <\/div>\r\n\r\n    <figure>\r\n    <img decoding=\"async\" width=\"768\" height=\"768\" src=\"https:\/\/talkpal.ai\/wp-content\/uploads\/2023\/06\/german-768x768.png\" class=\"languageImage no-lazy\" alt=\"Language learning for global networking\" fetchpriority=\"high\" sizes=\"(max-width: 768px) 150px, 768px\" srcset=\"https:\/\/talkpal.ai\/wp-content\/uploads\/2023\/06\/german-768x768.png 768w, https:\/\/talkpal.ai\/wp-content\/uploads\/2023\/06\/german-300x300.png 300w\" \/>\r\n    \r\n\r\n    <\/figure>\r\n\r\n            <a class=\"getStartedVisible\" href=\"https:\/\/app.talkpal.ai\/da\/signup?lng=\">Kom i gang<\/a>\r\n    \r\n<\/section>\r\n\r\n\r\n<!-- <section class=\"grammarSection\">\r\n    <div class=\"grammarLinks\">\r\n        <a href=\"https:\/\/talkpal.ai\/da\/exercise_language\/adjektiver-tysk-grammatik\/\">Adjektiver <\/a><a href=\"https:\/\/talkpal.ai\/da\/exercise_language\/adverbier-tysk-grammatik\/\">Adverbier <\/a><a href=\"https:\/\/talkpal.ai\/da\/exercise_language\/bojning-tysk-grammatik\/\">B\u00f8jning <\/a><a href=\"https:\/\/talkpal.ai\/da\/exercise_language\/navneord-og-artikler-tysk-grammatik\/\">Navneord og artikler <\/a><a href=\"https:\/\/talkpal.ai\/da\/exercise_language\/praepositioner-tysk-grammatik\/\">Pr\u00e6positioner <\/a><a href=\"https:\/\/talkpal.ai\/da\/exercise_language\/pronominer-tysk-grammatik\/\">Pronominer <\/a><a href=\"https:\/\/talkpal.ai\/da\/exercise_language\/saetningsstruktur-tysk-grammatik\/\">S\u00e6tningsstruktur <\/a><a href=\"https:\/\/talkpal.ai\/da\/exercise_language\/tider-tysk-grammatik\/\">Tider <\/a><a href=\"https:\/\/talkpal.ai\/da\/exercise_language\/udsagnsord-tysk-grammatik\/\">Udsagnsord <\/a>    <\/div>\r\n<\/section> -->\r\n\r\n\r\n\r\n\r\n        <section class=\"grammarSection\">\r\n            <div class=\"grammarLinks\">\r\n                <a href=\"https:\/\/talkpal.ai\/da\/exercise_language\/adjektiver-tysk-grammatik\/\">Adjektiver <\/a><a href=\"https:\/\/talkpal.ai\/da\/exercise_language\/adverbier-tysk-grammatik\/\">Adverbier <\/a><a href=\"https:\/\/talkpal.ai\/da\/exercise_language\/bojning-tysk-grammatik\/\">B\u00f8jning <\/a><a href=\"https:\/\/talkpal.ai\/da\/exercise_language\/navneord-og-artikler-tysk-grammatik\/\">Navneord og artikler <\/a><a href=\"https:\/\/talkpal.ai\/da\/exercise_language\/praepositioner-tysk-grammatik\/\">Pr\u00e6positioner <\/a><a href=\"https:\/\/talkpal.ai\/da\/exercise_language\/pronominer-tysk-grammatik\/\">Pronominer <\/a><a href=\"https:\/\/talkpal.ai\/da\/exercise_language\/saetningsstruktur-tysk-grammatik\/\">S\u00e6tningsstruktur <\/a><a href=\"https:\/\/talkpal.ai\/da\/exercise_language\/tider-tysk-grammatik\/\">Tider <\/a><a href=\"https:\/\/talkpal.ai\/da\/exercise_language\/udsagnsord-tysk-grammatik\/\">Udsagnsord <\/a>            <\/div>\r\n        <\/section>\r\n<section class=\"promotionalBanner\">\r\n    <p class=\"promotionalText\">Den mest effektive m\u00e5de at l\u00e6re et sprog p\u00e5<\/p>\r\n    <a class=\"promotionalLink\" href=\"https:\/\/app.talkpal.ai\/da\/signup?lng=\">Pr\u00f8v Talkpal gratis<\/a>\r\n<\/section>\n<div class=\"wp-block-group pageContainerStyle\"><div class=\"wp-block-group__inner-container is-layout-constrained wp-block-group-is-layout-constrained\">\n<h2 class=\"wp-block-heading\" id=\"h-german-grammar-topics\">Tyske grammatik emner<\/h2>\n\n\n\n<p>At l\u00e6re et nyt sprog kan v\u00e6re en skr\u00e6mmende opgave, men med den rigtige tilgang kan det v\u00e6re en sp\u00e6ndende og givende oplevelse. <a href=\"https:\/\/talkpal.ai\/learn-german\/\">Tysk<\/a> er et meget struktureret og logisk sprog, hvilket g\u00f8r det lettere at l\u00e6re, hvis du har en klar forst\u00e5else af dets grammatiske regler. Denne vejledning hj\u00e6lper dig med at forst\u00e5 de vigtigste aspekter af <a href=\"https:\/\/talkpal.ai\/no\/laer-tysk\/\">tysk grammatik<\/a>, s\u00e5som tider, verb, substantiver og artikler, pronomen, adjektiver, forkortelse, adverb, pr\u00e6positioner og s\u00e6tningsstruktur. Ved at f\u00f8lge denne r\u00e6kkef\u00f8lge vil du v\u00e6re i stand til at komme videre i din tyske sprogindl\u00e6ringsrejse effektivt og effektivt.<\/p>\n\n\n\n<h3 class=\"wp-block-heading\" id=\"h-1-nouns-and-articles\">1. Substantiver og artikler:<\/h3>\n\n\n\n<p>Start med at l\u00e6re det grundl\u00e6ggende i tyske navneord og deres ledsagende artikler. Tysk har tre k\u00f8n (maskulin, feminin og neutral) og fire kasus (nominativ, akkusativ, dativ og genitiv). At forst\u00e5 disse regler hj\u00e6lper dig med at bestemme den korrekte artikel for hvert substantiv og l\u00e6gge grundlaget for din tyske grammatikkendskab.<\/p>\n\n\n\n<h3 class=\"wp-block-heading\" id=\"h-2-pronouns\">2. Pronomen:<\/h3>\n\n\n\n<p>Pronomen erstatter substantiver i en s\u00e6tning og har forskellige former afh\u00e6ngigt af deres k\u00f8n, antal og store og sm\u00e5 bogstaver. G\u00f8r dig bekendt med tyske pronomen, s\u00e5som personlige, besiddende, refleksive og relative pronomen, for at skabe mere komplekse s\u00e6tninger og udtrykke dine tanker mere pr\u00e6cist.<\/p>\n\n\n\n<h3 class=\"wp-block-heading\" id=\"h-3-verbs\">3. Udsagnsord:<\/h3>\n\n\n\n<p>Verb er afg\u00f8rende for dannelsen af s\u00e6tninger, <a href=\"https:\/\/talkpal.ai\/culture\/how-do-you-use-the-conjunction-da-de\/\">da de<\/a> udtrykker handlinger og tilstande. L\u00e6r de forskellige typer tyske verb, s\u00e5som regelm\u00e6ssige, uregelm\u00e6ssige, modale og refleksive verb, sammen med deres b\u00f8jninger i nutid, fortid og fremtid. Dette vil g\u00f8re det muligt for dig at kommunikere effektivt i forskellige situationer.<\/p>\n\n\n\n<h3 class=\"wp-block-heading\" id=\"h-4-tenses\">4. Tider:<\/h3>\n\n\n\n<p>Tider angiver det tidspunkt, hvor en handling finder sted. P\u00e5 tysk er der seks tider: nutid, simpel fortid, nutid perfekt, fortid perfekt, fremtid og fremtid perfekt tid. At forst\u00e5 reglerne og brugen af disse tider hj\u00e6lper dig med at udtrykke dig klart og pr\u00e6cist.<\/p>\n\n\n\n<h3 class=\"wp-block-heading\" id=\"h-5-adjectives\">5. Adjektiver:<\/h3>\n\n\n\n<p>Adjektiver beskriver kvaliteterne af substantiver og pronomen og er enige i k\u00f8n, antal og store og sm\u00e5 bogstaver med det substantiv, de \u00e6ndrer. L\u00e6r reglerne for adjektivforkortelse samt komparative og superlative former for at forbedre dine beskrivelser og g\u00f8re din tale mere farverig.<\/p>\n\n\n\n<h3 class=\"wp-block-heading\" id=\"h-6-declension\">6. Forkortelse:<\/h3>\n\n\n\n<p>Forkortelse er processen med at \u00e6ndre substantiver, pronomen og adjektiver for at angive deres grammatiske funktion i en s\u00e6tning. G\u00f8r dig bekendt med de fire tyske tilf\u00e6lde, og hvordan de p\u00e5virker ordenes slutninger, hvilket g\u00f8r det muligt for dig at konstruere grammatisk korrekte s\u00e6tninger.<\/p>\n\n\n\n<h3 class=\"wp-block-heading\" id=\"h-7-adverbs\">7. Adverb:<\/h3>\n\n\n\n<p>Adverb giver yderligere oplysninger om verb, adjektiver eller andre adverb. L\u00e6r de forskellige typer tyske adverb, s\u00e5som dem, der angiver tid, m\u00e5de og sted, og hvordan du bruger dem effektivt til at tilf\u00f8je nuance og pr\u00e6cision til din tale.<\/p>\n\n\n\n<h3 class=\"wp-block-heading\" id=\"h-8-prepositions\">8. Pr\u00e6positioner:<\/h3>\n\n\n\n<p>Pr\u00e6positioner <a href=\"https:\/\/talkpal.ai\/locations\/learn-french-in-bruges\/\">bruges<\/a> til at angive forholdet mellem substantiver eller pronomen og andre elementer i en s\u00e6tning. Unders\u00f8g de forskellige tyske pr\u00e6positioner og deres brug i forskellige tilf\u00e6lde for at udvikle en bedre forst\u00e5else af, hvordan s\u00e6tninger er konstrueret.<\/p>\n\n\n\n<h3 class=\"wp-block-heading\" id=\"h-9-sentence-structure\">9. S\u00e6tningsstruktur:<\/h3>\n\n\n\n<p>Endelig skal du g\u00f8re dig bekendt med tysk s\u00e6tningsstruktur, herunder ordstilling, underordnede klausuler og konjunktioner. At forst\u00e5 disse regler hj\u00e6lper dig med at skabe sammenh\u00e6ngende og velstrukturerede s\u00e6tninger, s\u00e5 du kan udtrykke dine tanker klart og effektivt p\u00e5 tysk.<\/p>\n<\/div><\/div>\n\r\n<section class=\"learnNavigationSection\">\r\n            \r\n        <a href=\"https:\/\/talkpal.ai\/da\/laer-tysk\/\">\r\n            <div class=\"learnNavigationWrapper\">\r\n                <div class=\"learnNavigationContent\">\r\n                    <img decoding=\"async\" src=\"https:\/\/talkpal.ai\/wp-content\/uploads\/2024\/08\/German.jpg\" alt=\"German Flag\">\r\n                    <div>\r\n                        <h4>Om at l\u00e6re tysk<\/h4>\r\n                        <p>Find ud af alt om tysk grammatik.<\/p>\r\n                    <\/div>\r\n                <\/div>\r\n            <\/div>\r\n        <\/a>\r\n\r\n        \r\n        <a href=\"https:\/\/talkpal.ai\/da\/tysk-grammatik\/\">\r\n            <div class=\"learnNavigationWrapper\">\r\n                <div class=\"learnNavigationContent\">\r\n                    <img decoding=\"async\" src=\"https:\/\/talkpal.ai\/wp-content\/uploads\/2024\/08\/German.jpg\" alt=\"German Flag\">\r\n                    <div>\r\n                        <h4>Tysk grammatik lektioner<\/h4>\r\n                        <p>\u00d8v tysk grammatik.<\/p>\r\n                    <\/div>\r\n                <\/div>\r\n            <\/div>\r\n        <\/a>\r\n\r\n        \r\n        <a href=\"https:\/\/talkpal.ai\/vocabulary_language\/german\/\">\r\n            <div class=\"learnNavigationWrapper\">\r\n                <div class=\"learnNavigationContent\">\r\n                    <img decoding=\"async\" src=\"https:\/\/talkpal.ai\/wp-content\/uploads\/2024\/08\/German.jpg\" alt=\"German Flag\">\r\n                    <div>\r\n                        <h4>Tysk ordforr\u00e5d<\/h4>\r\n                        <p>Udvid dit tyske ordforr\u00e5d.<\/p>\r\n                    <\/div>\r\n                <\/div>\r\n            <\/div>\r\n        <\/a>\r\n\r\n            <\/section>","protected":false},"excerpt":{"rendered":"<p>Tyske grammatik emner At l\u00e6re et nyt sprog kan v\u00e6re en skr\u00e6mmende opgave, men med den rigtige tilgang kan det v\u00e6re en sp\u00e6ndende og givende oplevelse. Tysk er et meget struktureret og logisk sprog, hvilket g\u00f8r det lettere at l\u00e6re, hvis du har en klar forst\u00e5else af dets grammatiske regler. Denne vejledning hj\u00e6lper dig med [&hellip;]<\/p>\n","protected":false},"author":6,"featured_media":75566,"parent":0,"menu_order":0,"comment_status":"closed","ping_status":"closed","template":"LearningContentPage.php","meta":{"_acf_changed":false,"footnotes":""},"class_list":["post-132080","page","type-page","status-publish","has-post-thumbnail","hentry"],"acf":[],"yoast_head":"<!-- This site is optimized with the Yoast SEO Premium plugin v27.2 (Yoast SEO v27.2) - https:\/\/yoast.com\/product\/yoast-seo-premium-wordpress\/ -->\n<title>Tyske grammatik\u00f8velser - Talkpal<\/title>\n<meta name=\"description\" content=\"Styrk din tyske grammatik med praktiske \u00f8velser - bliv hurtigt bedre, \u00f8v dig interaktivt, og f\u00e5 sproglig selvtillid ved hj\u00e6lp af Talkpal AI.\" \/>\n<meta name=\"robots\" content=\"index, follow, max-snippet:-1, max-image-preview:large, max-video-preview:-1\" \/>\n<link rel=\"canonical\" href=\"https:\/\/talkpal.ai\/da\/tyske-grammatikoevelser\/\" \/>\n<meta property=\"og:locale\" content=\"da_DK\" \/>\n<meta property=\"og:type\" content=\"article\" \/>\n<meta property=\"og:title\" content=\"Tyske grammatik\u00f8velser\" \/>\n<meta property=\"og:description\" content=\"Tyske grammatik emner At l\u00e6re et nyt sprog kan v\u00e6re en skr\u00e6mmende opgave, men med den rigtige tilgang kan det v\u00e6re en sp\u00e6ndende og givende oplevelse. Tysk\" \/>\n<meta property=\"og:url\" content=\"https:\/\/talkpal.ai\/da\/tyske-grammatikoevelser\/\" \/>\n<meta property=\"og:site_name\" content=\"Talkpal\" \/>\n<meta property=\"article:publisher\" content=\"https:\/\/www.facebook.com\/profile.php?id=100090733639311\" \/>\n<meta property=\"article:modified_time\" content=\"2025-12-17T16:12:28+00:00\" \/>\n<meta property=\"og:image\" content=\"https:\/\/talkpal.ai\/wp-content\/uploads\/2023\/03\/germany.png\" \/>\n\t<meta property=\"og:image:width\" content=\"512\" \/>\n\t<meta property=\"og:image:height\" content=\"512\" \/>\n\t<meta property=\"og:image:type\" content=\"image\/png\" \/>\n<meta name=\"twitter:card\" content=\"summary_large_image\" \/>\n<meta name=\"twitter:site\" content=\"@talkpalai\" \/>\n<meta name=\"twitter:label1\" content=\"Estimeret l\u00e6setid\" \/>\n\t<meta name=\"twitter:data1\" content=\"3 minutter\" \/>\n<script type=\"application\/ld+json\" class=\"yoast-schema-graph\">{\"@context\":\"https:\/\/schema.org\",\"@graph\":[{\"@type\":\"WebPage\",\"@id\":\"https:\/\/talkpal.ai\/da\/tyske-grammatikoevelser\/\",\"url\":\"https:\/\/talkpal.ai\/da\/tyske-grammatikoevelser\/\",\"name\":\"Tyske grammatik\u00f8velser - Talkpal\",\"isPartOf\":{\"@id\":\"https:\/\/talkpal.ai\/da\/#website\"},\"primaryImageOfPage\":{\"@id\":\"https:\/\/talkpal.ai\/da\/tyske-grammatikoevelser\/#primaryimage\"},\"image\":{\"@id\":\"https:\/\/talkpal.ai\/da\/tyske-grammatikoevelser\/#primaryimage\"},\"thumbnailUrl\":\"https:\/\/talkpal.ai\/wp-content\/uploads\/2023\/03\/germany.png\",\"datePublished\":\"2023-06-16T09:14:18+00:00\",\"dateModified\":\"2025-12-17T16:12:28+00:00\",\"description\":\"Styrk din tyske grammatik med praktiske \u00f8velser - bliv hurtigt bedre, \u00f8v dig interaktivt, og f\u00e5 sproglig selvtillid ved hj\u00e6lp af Talkpal AI.\",\"breadcrumb\":{\"@id\":\"https:\/\/talkpal.ai\/da\/tyske-grammatikoevelser\/#breadcrumb\"},\"inLanguage\":\"da-DK\",\"potentialAction\":[{\"@type\":\"ReadAction\",\"target\":[\"https:\/\/talkpal.ai\/da\/tyske-grammatikoevelser\/\"]}]},{\"@type\":\"ImageObject\",\"inLanguage\":\"da-DK\",\"@id\":\"https:\/\/talkpal.ai\/da\/tyske-grammatikoevelser\/#primaryimage\",\"url\":\"https:\/\/talkpal.ai\/wp-content\/uploads\/2023\/03\/germany.png\",\"contentUrl\":\"https:\/\/talkpal.ai\/wp-content\/uploads\/2023\/03\/germany.png\",\"width\":512,\"height\":512,\"caption\":\"TalkPal AI learn German\"},{\"@type\":\"BreadcrumbList\",\"@id\":\"https:\/\/talkpal.ai\/da\/tyske-grammatikoevelser\/#breadcrumb\",\"itemListElement\":[{\"@type\":\"ListItem\",\"position\":1,\"name\":\"Homepage\",\"item\":\"https:\/\/talkpal.ai\/da\/\"},{\"@type\":\"ListItem\",\"position\":2,\"name\":\"Tyske grammatik\u00f8velser\"}]},{\"@type\":\"WebSite\",\"@id\":\"https:\/\/talkpal.ai\/da\/#website\",\"url\":\"https:\/\/talkpal.ai\/da\/\",\"name\":\"Talkpal\",\"description\":\"AI Language Learning\",\"publisher\":{\"@id\":\"https:\/\/talkpal.ai\/da\/#organization\"},\"alternateName\":\"Talkpal AI\",\"potentialAction\":[{\"@type\":\"SearchAction\",\"target\":{\"@type\":\"EntryPoint\",\"urlTemplate\":\"https:\/\/talkpal.ai\/da\/?s={search_term_string}\"},\"query-input\":{\"@type\":\"PropertyValueSpecification\",\"valueRequired\":true,\"valueName\":\"search_term_string\"}}],\"inLanguage\":\"da-DK\"},{\"@type\":\"Organization\",\"@id\":\"https:\/\/talkpal.ai\/da\/#organization\",\"name\":\"Talkpal, Inc.\",\"alternateName\":\"Talkpal AI\",\"url\":\"https:\/\/talkpal.ai\/da\/\",\"logo\":{\"@type\":\"ImageObject\",\"inLanguage\":\"da-DK\",\"@id\":\"https:\/\/talkpal.ai\/da\/#\/schema\/logo\/image\/\",\"url\":\"https:\/\/talkpal.ai\/wp-content\/uploads\/2024\/03\/Talkpal-Logo-Icon.png\",\"contentUrl\":\"https:\/\/talkpal.ai\/wp-content\/uploads\/2024\/03\/Talkpal-Logo-Icon.png\",\"width\":2880,\"height\":2880,\"caption\":\"Talkpal, Inc.\"},\"image\":{\"@id\":\"https:\/\/talkpal.ai\/da\/#\/schema\/logo\/image\/\"},\"sameAs\":[\"https:\/\/www.facebook.com\/profile.php?id=100090733639311\",\"https:\/\/x.com\/talkpalai\",\"https:\/\/www.linkedin.com\/company\/talkpal\/\",\"https:\/\/www.youtube.com\/@TalkPal\/\",\"https:\/\/www.tiktok.com\/@talkpal\",\"https:\/\/www.instagram.com\/talkpal_ai\/\",\"https:\/\/www.crunchbase.com\/organization\/talkpal-9cde\",\"https:\/\/www.g2.com\/products\/talkpal-for-business\/\",\"https:\/\/www.trustpilot.com\/review\/talkpal.ai\",\"https:\/\/www.capterra.com\/p\/10006800\/TalkPal\/\"],\"description\":\"Talkpal is a language learning web and mobile education app, powered by the latest AI technologies, that provides engaging experiences to its customers in many different languages to help them improve their language skills. Users can chat about unlimited amount of topics with the app and use other modes to practice their language learning.\",\"email\":\"support@talkpal.ai\",\"legalName\":\"Talkpal, Inc.\",\"foundingDate\":\"2023-04-03\",\"duns\":\"118989042\",\"numberOfEmployees\":{\"@type\":\"QuantitativeValue\",\"minValue\":\"11\",\"maxValue\":\"50\"},\"publishingPrinciples\":\"https:\/\/talkpal.ai\/publishing-principles\/\",\"actionableFeedbackPolicy\":\"https:\/\/talkpal.ai\/actionable-feedback-policy\/\",\"correctionsPolicy\":\"https:\/\/talkpal.ai\/corrections-policy\/\",\"ethicsPolicy\":\"https:\/\/talkpal.ai\/ethics-policy\/\",\"diversityPolicy\":\"https:\/\/talkpal.ai\/diversity-policy\/\",\"diversityStaffingReport\":\"https:\/\/talkpal.ai\/diversity-policy\/\"}]}<\/script>\n<!-- \/ Yoast SEO Premium plugin. -->","yoast_head_json":{"title":"Tyske grammatik\u00f8velser - Talkpal","description":"Styrk din tyske grammatik med praktiske \u00f8velser - bliv hurtigt bedre, \u00f8v dig interaktivt, og f\u00e5 sproglig selvtillid ved hj\u00e6lp af Talkpal AI.","robots":{"index":"index","follow":"follow","max-snippet":"max-snippet:-1","max-image-preview":"max-image-preview:large","max-video-preview":"max-video-preview:-1"},"canonical":"https:\/\/talkpal.ai\/da\/tyske-grammatikoevelser\/","og_locale":"da_DK","og_type":"article","og_title":"Tyske grammatik\u00f8velser","og_description":"Tyske grammatik emner At l\u00e6re et nyt sprog kan v\u00e6re en skr\u00e6mmende opgave, men med den rigtige tilgang kan det v\u00e6re en sp\u00e6ndende og givende oplevelse. Tysk","og_url":"https:\/\/talkpal.ai\/da\/tyske-grammatikoevelser\/","og_site_name":"Talkpal","article_publisher":"https:\/\/www.facebook.com\/profile.php?id=100090733639311","article_modified_time":"2025-12-17T16:12:28+00:00","og_image":[{"width":512,"height":512,"url":"https:\/\/talkpal.ai\/wp-content\/uploads\/2023\/03\/germany.png","type":"image\/png"}],"twitter_card":"summary_large_image","twitter_site":"@talkpalai","twitter_misc":{"Estimeret l\u00e6setid":"3 minutter"},"schema":{"@context":"https:\/\/schema.org","@graph":[{"@type":"WebPage","@id":"https:\/\/talkpal.ai\/da\/tyske-grammatikoevelser\/","url":"https:\/\/talkpal.ai\/da\/tyske-grammatikoevelser\/","name":"Tyske grammatik\u00f8velser - Talkpal","isPartOf":{"@id":"https:\/\/talkpal.ai\/da\/#website"},"primaryImageOfPage":{"@id":"https:\/\/talkpal.ai\/da\/tyske-grammatikoevelser\/#primaryimage"},"image":{"@id":"https:\/\/talkpal.ai\/da\/tyske-grammatikoevelser\/#primaryimage"},"thumbnailUrl":"https:\/\/talkpal.ai\/wp-content\/uploads\/2023\/03\/germany.png","datePublished":"2023-06-16T09:14:18+00:00","dateModified":"2025-12-17T16:12:28+00:00","description":"Styrk din tyske grammatik med praktiske \u00f8velser - bliv hurtigt bedre, \u00f8v dig interaktivt, og f\u00e5 sproglig selvtillid ved hj\u00e6lp af Talkpal AI.","breadcrumb":{"@id":"https:\/\/talkpal.ai\/da\/tyske-grammatikoevelser\/#breadcrumb"},"inLanguage":"da-DK","potentialAction":[{"@type":"ReadAction","target":["https:\/\/talkpal.ai\/da\/tyske-grammatikoevelser\/"]}]},{"@type":"ImageObject","inLanguage":"da-DK","@id":"https:\/\/talkpal.ai\/da\/tyske-grammatikoevelser\/#primaryimage","url":"https:\/\/talkpal.ai\/wp-content\/uploads\/2023\/03\/germany.png","contentUrl":"https:\/\/talkpal.ai\/wp-content\/uploads\/2023\/03\/germany.png","width":512,"height":512,"caption":"TalkPal AI learn German"},{"@type":"BreadcrumbList","@id":"https:\/\/talkpal.ai\/da\/tyske-grammatikoevelser\/#breadcrumb","itemListElement":[{"@type":"ListItem","position":1,"name":"Homepage","item":"https:\/\/talkpal.ai\/da\/"},{"@type":"ListItem","position":2,"name":"Tyske grammatik\u00f8velser"}]},{"@type":"WebSite","@id":"https:\/\/talkpal.ai\/da\/#website","url":"https:\/\/talkpal.ai\/da\/","name":"Talkpal","description":"AI Language Learning","publisher":{"@id":"https:\/\/talkpal.ai\/da\/#organization"},"alternateName":"Talkpal AI","potentialAction":[{"@type":"SearchAction","target":{"@type":"EntryPoint","urlTemplate":"https:\/\/talkpal.ai\/da\/?s={search_term_string}"},"query-input":{"@type":"PropertyValueSpecification","valueRequired":true,"valueName":"search_term_string"}}],"inLanguage":"da-DK"},{"@type":"Organization","@id":"https:\/\/talkpal.ai\/da\/#organization","name":"Talkpal, Inc.","alternateName":"Talkpal AI","url":"https:\/\/talkpal.ai\/da\/","logo":{"@type":"ImageObject","inLanguage":"da-DK","@id":"https:\/\/talkpal.ai\/da\/#\/schema\/logo\/image\/","url":"https:\/\/talkpal.ai\/wp-content\/uploads\/2024\/03\/Talkpal-Logo-Icon.png","contentUrl":"https:\/\/talkpal.ai\/wp-content\/uploads\/2024\/03\/Talkpal-Logo-Icon.png","width":2880,"height":2880,"caption":"Talkpal, Inc."},"image":{"@id":"https:\/\/talkpal.ai\/da\/#\/schema\/logo\/image\/"},"sameAs":["https:\/\/www.facebook.com\/profile.php?id=100090733639311","https:\/\/x.com\/talkpalai","https:\/\/www.linkedin.com\/company\/talkpal\/","https:\/\/www.youtube.com\/@TalkPal\/","https:\/\/www.tiktok.com\/@talkpal","https:\/\/www.instagram.com\/talkpal_ai\/","https:\/\/www.crunchbase.com\/organization\/talkpal-9cde","https:\/\/www.g2.com\/products\/talkpal-for-business\/","https:\/\/www.trustpilot.com\/review\/talkpal.ai","https:\/\/www.capterra.com\/p\/10006800\/TalkPal\/"],"description":"Talkpal is a language learning web and mobile education app, powered by the latest AI technologies, that provides engaging experiences to its customers in many different languages to help them improve their language skills. Users can chat about unlimited amount of topics with the app and use other modes to practice their language learning.","email":"support@talkpal.ai","legalName":"Talkpal, Inc.","foundingDate":"2023-04-03","duns":"118989042","numberOfEmployees":{"@type":"QuantitativeValue","minValue":"11","maxValue":"50"},"publishingPrinciples":"https:\/\/talkpal.ai\/publishing-principles\/","actionableFeedbackPolicy":"https:\/\/talkpal.ai\/actionable-feedback-policy\/","correctionsPolicy":"https:\/\/talkpal.ai\/corrections-policy\/","ethicsPolicy":"https:\/\/talkpal.ai\/ethics-policy\/","diversityPolicy":"https:\/\/talkpal.ai\/diversity-policy\/","diversityStaffingReport":"https:\/\/talkpal.ai\/diversity-policy\/"}]}},"_links":{"self":[{"href":"https:\/\/talkpal.ai\/da\/wp-json\/wp\/v2\/pages\/132080","targetHints":{"allow":["GET"]}}],"collection":[{"href":"https:\/\/talkpal.ai\/da\/wp-json\/wp\/v2\/pages"}],"about":[{"href":"https:\/\/talkpal.ai\/da\/wp-json\/wp\/v2\/types\/page"}],"author":[{"embeddable":true,"href":"https:\/\/talkpal.ai\/da\/wp-json\/wp\/v2\/users\/6"}],"replies":[{"embeddable":true,"href":"https:\/\/talkpal.ai\/da\/wp-json\/wp\/v2\/comments?post=132080"}],"version-history":[{"count":0,"href":"https:\/\/talkpal.ai\/da\/wp-json\/wp\/v2\/pages\/132080\/revisions"}],"wp:featuredmedia":[{"embeddable":true,"href":"https:\/\/talkpal.ai\/da\/wp-json\/wp\/v2\/media\/75566"}],"wp:attachment":[{"href":"https:\/\/talkpal.ai\/da\/wp-json\/wp\/v2\/media?parent=132080"}],"curies":[{"name":"wp","href":"https:\/\/api.w.org\/{rel}","templated":true}]}}