{"id":131805,"date":"2023-06-16T08:35:52","date_gmt":"2023-06-16T08:35:52","guid":{"rendered":"http:\/\/talkpal.ai\/franske-grammatikoevelser\/"},"modified":"2025-12-17T16:55:34","modified_gmt":"2025-12-17T16:55:34","slug":"franske-grammatikoevelser","status":"publish","type":"page","link":"https:\/\/talkpal.ai\/da\/franske-grammatikoevelser\/","title":{"rendered":"Franske grammatik\u00f8velser"},"content":{"rendered":"\r\n\r\n\r\n<section class=\"languageChallengeSection\">\r\n    <div class=\"languageInfoWrapper\">\r\n        \r\n        <h1>Franske grammatik\u00f8velser<\/h1>\r\n        <p>\u00d8nsker du at <a href=\"https:\/\/talkpal.ai\/locations\/language-courses-in-mestre\/\">mestre<\/a> <a href=\"https:\/\/talkpal.ai\/learn-french\/\">fransk<\/a>? Grammatik\u00f8velser er en fantastisk m\u00e5de at forst\u00e5 s\u00e6tningsstruktur, verbalb\u00f8jninger og de unikke m\u00f8nstre i det franske <a href=\"https:\/\/talkpal.ai\/what-language-is-spoken-on-the-international-space-station\/\">sprog<\/a> p\u00e5. Begynd at arbejde med <a href=\"https:\/\/talkpal.ai\/no\/laer-fransk\/\">fransk grammatik<\/a> i dag, og se din selvtillid og dit sprog vokse for hver \u00f8velse!\n\n<\/p>\r\n\r\n                            <a class=\"getStartedHidden\" href=\"https:\/\/app.talkpal.ai\/da\/signup?lng=\">Kom i gang<\/a>\r\n        \r\n    <\/div>\r\n\r\n    <figure>\r\n    <img decoding=\"async\" width=\"768\" height=\"768\" src=\"https:\/\/talkpal.ai\/wp-content\/uploads\/2023\/06\/french-768x768.png\" class=\"languageImage no-lazy\" alt=\"Language learning strategies for professionals\" fetchpriority=\"high\" sizes=\"(max-width: 768px) 150px, 768px\" srcset=\"https:\/\/talkpal.ai\/wp-content\/uploads\/2023\/06\/french-768x768.png 768w, https:\/\/talkpal.ai\/wp-content\/uploads\/2023\/06\/french-300x300.png 300w\" \/>\r\n    \r\n\r\n    <\/figure>\r\n\r\n            <a class=\"getStartedVisible\" href=\"https:\/\/app.talkpal.ai\/da\/signup?lng=\">Kom i gang<\/a>\r\n    \r\n<\/section>\r\n\r\n\r\n<!-- <section class=\"grammarSection\">\r\n    <div class=\"grammarLinks\">\r\n        <a href=\"https:\/\/talkpal.ai\/da\/exercise_language\/adverbier-fransk-grammatik\/\">Adverbier <\/a><a href=\"https:\/\/talkpal.ai\/da\/exercise_language\/artikler-fransk-grammatik\/\">Artikler <\/a><a href=\"https:\/\/talkpal.ai\/da\/exercise_language\/navneord-fransk-grammatik\/\">Navneord <\/a><a href=\"https:\/\/talkpal.ai\/da\/exercise_language\/praepositioner-fransk-grammatik\/\">Pr\u00e6positioner <\/a><a href=\"https:\/\/talkpal.ai\/da\/exercise_language\/pronominer-og-determinanter-fransk-grammatik\/\">Pronominer og determinanter <\/a><a href=\"https:\/\/talkpal.ai\/da\/exercise_language\/saetningsstruktur-fransk-grammatik\/\">S\u00e6tningsstruktur <\/a><a href=\"https:\/\/talkpal.ai\/da\/exercise_language\/tider-vejledende-fransk-grammatik\/\">Tider <\/a><a href=\"https:\/\/talkpal.ai\/da\/exercise_language\/tillaegsord-fransk-grammatik\/\">Till\u00e6gsord <\/a><a href=\"https:\/\/talkpal.ai\/da\/exercise_language\/udsagnsord-fransk-grammatik\/\">Udsagnsord <\/a>    <\/div>\r\n<\/section> -->\r\n\r\n\r\n\r\n\r\n        <section class=\"grammarSection\">\r\n            <div class=\"grammarLinks\">\r\n                <a href=\"https:\/\/talkpal.ai\/da\/exercise_language\/adverbier-fransk-grammatik\/\">Adverbier <\/a><a href=\"https:\/\/talkpal.ai\/da\/exercise_language\/artikler-fransk-grammatik\/\">Artikler <\/a><a href=\"https:\/\/talkpal.ai\/da\/exercise_language\/navneord-fransk-grammatik\/\">Navneord <\/a><a href=\"https:\/\/talkpal.ai\/da\/exercise_language\/praepositioner-fransk-grammatik\/\">Pr\u00e6positioner <\/a><a href=\"https:\/\/talkpal.ai\/da\/exercise_language\/pronominer-og-determinanter-fransk-grammatik\/\">Pronominer og determinanter <\/a><a href=\"https:\/\/talkpal.ai\/da\/exercise_language\/saetningsstruktur-fransk-grammatik\/\">S\u00e6tningsstruktur <\/a><a href=\"https:\/\/talkpal.ai\/da\/exercise_language\/tider-vejledende-fransk-grammatik\/\">Tider <\/a><a href=\"https:\/\/talkpal.ai\/da\/exercise_language\/tillaegsord-fransk-grammatik\/\">Till\u00e6gsord <\/a><a href=\"https:\/\/talkpal.ai\/da\/exercise_language\/udsagnsord-fransk-grammatik\/\">Udsagnsord <\/a>            <\/div>\r\n        <\/section>\r\n<section class=\"promotionalBanner\">\r\n    <p class=\"promotionalText\">Den mest effektive m\u00e5de at l\u00e6re et sprog p\u00e5<\/p>\r\n    <a class=\"promotionalLink\" href=\"https:\/\/app.talkpal.ai\/da\/signup?lng=\">Pr\u00f8v Talkpal gratis<\/a>\r\n<\/section>\n<div class=\"wp-block-group pageContainerStyle\"><div class=\"wp-block-group__inner-container is-layout-constrained wp-block-group-is-layout-constrained\">\n<h2 class=\"wp-block-heading\" id=\"h-french-grammar-topics\">Fransk grammatik emner<\/h2>\n\n\n\n<p>At l\u00e6re fransk kan v\u00e6re en sp\u00e6ndende og givende oplevelse. Som et sprog rig p\u00e5 historie og kultur tilbyder fransk et unikt perspektiv p\u00e5 verden og er et vigtigt kommunikationsv\u00e6rkt\u00f8j p\u00e5 forskellige omr\u00e5der. For effektivt at l\u00e6re fransk er det afg\u00f8rende at have en god forst\u00e5else af dens <a href=\"https:\/\/talkpal.ai\/fr\/les\/\">grammatik<\/a>, som er grundlaget for ethvert sprog. F\u00f8lgende sekvens af franske grammatikemner, herunder adjektiver, adverb, artikler, substantiver, pr\u00e6positioner, pronomen og determinere, s\u00e6tningsstruktur, tider &#8211; vejledende og verb, hj\u00e6lper dig med at guide dig p\u00e5 din rejse til at mestre sproget.<\/p>\n\n\n\n<h3 class=\"wp-block-heading\" id=\"h-1-nouns\">1. Substantiver:<\/h3>\n\n\n\n<p>Substantiver er de vigtigste byggesten i ethvert sprog, <a href=\"https:\/\/talkpal.ai\/culture\/how-do-you-use-the-conjunction-da-de\/\">da de<\/a> repr\u00e6senterer mennesker, steder, ting eller ideer. P\u00e5 fransk har substantiver k\u00f8n (maskulin eller feminin) og kan v\u00e6re ental eller flertal. Det er vigtigt at forst\u00e5 k\u00f8n og antal navneord, da det p\u00e5virker formerne for andre ord i en s\u00e6tning, s\u00e5som adjektiver, artikler og pronomen.<\/p>\n\n\n\n<h3 class=\"wp-block-heading\" id=\"h-2-articles\">2. Artikler:<\/h3>\n\n\n\n<p>Artikler er vigtige i <a href=\"https:\/\/talkpal.ai\/no\/laer-fransk\/\">fransk grammatik<\/a>, da de giver oplysninger om k\u00f8n og nummer p\u00e5 et substantiv. Der er tre typer artikler p\u00e5 fransk: bestemt (le, la, les), ubestemt (un, une, des) og partitive (du, de la, des). Brug af den relevante artikel hj\u00e6lper med at formidle den tilsigtede betydning af en s\u00e6tning.<\/p>\n\n\n\n<h3 class=\"wp-block-heading\" id=\"h-3-adjectives\">3. Adjektiver:<\/h3>\n\n\n\n<p>Adjektiver bruges til at beskrive eller \u00e6ndre substantiver. P\u00e5 fransk skal adjektiver v\u00e6re enige med det substantiv, de \u00e6ndrer i k\u00f8n og antal. Derudover kan placeringen af adjektiver i en s\u00e6tning variere, selvom de fleste adjektiver f\u00f8lger substantivet, de beskriver.<\/p>\n\n\n\n<h3 class=\"wp-block-heading\" id=\"h-4-pronouns-and-determiners\">4. Pronomen og determinere:<\/h3>\n\n\n\n<p>Pronomen erstatter substantiver for at undg\u00e5 gentagelse, mens determinere angiver eller kvantificerer substantiver. B\u00e5de pronomen og determinere skal v\u00e6re enige med det substantiv, de erstatter eller ledsager i k\u00f8n og antal. Franske pronomen omfatter subjektpronomen (je, tu, il osv.), objektpronomen (mig, te, lui osv.) og refleksive pronomen (mig, te, se osv.). Determinere inkluderer besiddende adjektiver (mon, ma, mes osv.) og demonstrative adjektiver (ce, cette, ces osv.).<\/p>\n\n\n\n<h3 class=\"wp-block-heading\" id=\"h-5-verbs\">5. Udsagnsord:<\/h3>\n\n\n\n<p>Verber udtrykker handlinger, tilstande eller forekomster. P\u00e5 fransk b\u00f8jes verber for at v\u00e6re enige med emnet personligt og antal og for at udtrykke forskellige tider og stemninger. Regelm\u00e6ssige verb f\u00f8lger et forudsigeligt m\u00f8nster, mens uregelm\u00e6ssige verb kr\u00e6ver memorisering.<\/p>\n\n\n\n<h3 class=\"wp-block-heading\" id=\"h-6-tenses-indicative\">6. Tider &#8211; Indikativ:<\/h3>\n\n\n\n<p>Den vejledende stemning bruges til at udtrykke fakta og objektive udsagn. Der er otte tider i det franske vejledende: nutid, fremtid, ufuldkommen, simpel fortid, pluperfekt, fremtid perfekt, fortid betinget og fortid perfekt. Forst\u00e5else og mestring af disse tider er afg\u00f8rende for at udtrykke tid og r\u00e6kkef\u00f8lge p\u00e5 fransk.<\/p>\n\n\n\n<h3 class=\"wp-block-heading\" id=\"h-7-adverbs\">7. Adverb:<\/h3>\n\n\n\n<p>Adverb \u00e6ndrer verb, adjektiver eller andre adverb og giver yderligere oplysninger om handlingen, tilstanden eller kvaliteten. P\u00e5 fransk dannes de fleste adverb ved at tilf\u00f8je -ment til adjektivets feminine form. Adverb f\u00f8lger generelt verbet, de \u00e6ndrer.<\/p>\n\n\n\n<h3 class=\"wp-block-heading\" id=\"h-8-prepositions\">8. Pr\u00e6positioner:<\/h3>\n\n\n\n<p>Pr\u00e6positioner forbinder ord eller grupper af ord, der angiver relationer som placering, retning, tid eller \u00e5rsag. Almindelige franske pr\u00e6positioner inkluderer \u00e0 (at, to), de (af, fra), en (i, p\u00e5) og h\u00e6ld (for). At l\u00e6re pr\u00e6positioner og deres anvendelse er afg\u00f8rende for at konstruere sammenh\u00e6ngende s\u00e6tninger.<\/p>\n\n\n\n<h3 class=\"wp-block-heading\" id=\"h-9-sentence-structure\">9. S\u00e6tningsstruktur:<\/h3>\n\n\n\n<p>Franske s\u00e6tninger f\u00f8lger en emne-verb-objekt (SVO) struktur, der ligner engelsk. Ordr\u00e6kkef\u00f8lgen kan dog variere afh\u00e6ngigt af brugen af pronomen, negation og v\u00e6gt. Forst\u00e5else af s\u00e6tningsstruktur er afg\u00f8rende for at danne klare og pr\u00e6cise udsagn og sp\u00f8rgsm\u00e5l p\u00e5 fransk.<\/p>\n<\/div><\/div>\n\r\n<section class=\"learnNavigationSection\">\r\n            \r\n        <a href=\"https:\/\/talkpal.ai\/da\/laer-fransk\/\">\r\n            <div class=\"learnNavigationWrapper\">\r\n                <div class=\"learnNavigationContent\">\r\n                    <img decoding=\"async\" src=\"https:\/\/talkpal.ai\/wp-content\/uploads\/2024\/08\/French.jpg\" alt=\"French Flag\">\r\n                    <div>\r\n                        <h4>Om at l\u00e6re fransk<\/h4>\r\n                        <p>Find ud af alt om fransk grammatik.<\/p>\r\n                    <\/div>\r\n                <\/div>\r\n            <\/div>\r\n        <\/a>\r\n\r\n        \r\n        <a href=\"https:\/\/talkpal.ai\/da\/fransk-grammatik\/\">\r\n            <div class=\"learnNavigationWrapper\">\r\n                <div class=\"learnNavigationContent\">\r\n                    <img decoding=\"async\" src=\"https:\/\/talkpal.ai\/wp-content\/uploads\/2024\/08\/French.jpg\" alt=\"French Flag\">\r\n                    <div>\r\n                        <h4>Fransk grammatik lektioner<\/h4>\r\n                        <p>\u00d8v fransk grammatik.<\/p>\r\n                    <\/div>\r\n                <\/div>\r\n            <\/div>\r\n        <\/a>\r\n\r\n        \r\n        <a href=\"https:\/\/talkpal.ai\/vocabulary_language\/french\/\">\r\n            <div class=\"learnNavigationWrapper\">\r\n                <div class=\"learnNavigationContent\">\r\n                    <img decoding=\"async\" src=\"https:\/\/talkpal.ai\/wp-content\/uploads\/2024\/08\/French.jpg\" alt=\"French Flag\">\r\n                    <div>\r\n                        <h4>Fransk ordforr\u00e5d<\/h4>\r\n                        <p>Udvid dit franske ordforr\u00e5d.<\/p>\r\n                    <\/div>\r\n                <\/div>\r\n            <\/div>\r\n        <\/a>\r\n\r\n            <\/section>","protected":false},"excerpt":{"rendered":"<p>Fransk grammatik emner At l\u00e6re fransk kan v\u00e6re en sp\u00e6ndende og givende oplevelse. Som et sprog rig p\u00e5 historie og kultur tilbyder fransk et unikt perspektiv p\u00e5 verden og er et vigtigt kommunikationsv\u00e6rkt\u00f8j p\u00e5 forskellige omr\u00e5der. For effektivt at l\u00e6re fransk er det afg\u00f8rende at have en god forst\u00e5else af dens grammatik, som er grundlaget [&hellip;]<\/p>\n","protected":false},"author":6,"featured_media":75876,"parent":0,"menu_order":0,"comment_status":"closed","ping_status":"closed","template":"LearningContentPage.php","meta":{"_acf_changed":false,"footnotes":""},"class_list":["post-131805","page","type-page","status-publish","has-post-thumbnail","hentry"],"acf":[],"yoast_head":"<!-- This site is optimized with the Yoast SEO Premium plugin v27.2 (Yoast SEO v27.2) - https:\/\/yoast.com\/product\/yoast-seo-premium-wordpress\/ -->\n<title>Franske grammatik\u00f8velser - Talkpal<\/title>\n<meta name=\"description\" content=\"\u00d8v dig og forbedr dine franske grammatikf\u00e6rdigheder med interaktive \u00f8velser designet til alle niveauer. Forbedr dine sprogkundskaber!\" \/>\n<meta name=\"robots\" content=\"index, follow, max-snippet:-1, max-image-preview:large, max-video-preview:-1\" \/>\n<link rel=\"canonical\" href=\"https:\/\/talkpal.ai\/da\/franske-grammatikoevelser\/\" \/>\n<meta property=\"og:locale\" content=\"da_DK\" \/>\n<meta property=\"og:type\" content=\"article\" \/>\n<meta property=\"og:title\" content=\"Franske grammatik\u00f8velser\" \/>\n<meta property=\"og:description\" content=\"Fransk grammatik emner At l\u00e6re fransk kan v\u00e6re en sp\u00e6ndende og givende oplevelse. Som et sprog rig p\u00e5 historie og kultur tilbyder fransk et unikt\" \/>\n<meta property=\"og:url\" content=\"https:\/\/talkpal.ai\/da\/franske-grammatikoevelser\/\" \/>\n<meta property=\"og:site_name\" content=\"Talkpal\" \/>\n<meta property=\"article:publisher\" content=\"https:\/\/www.facebook.com\/profile.php?id=100090733639311\" \/>\n<meta property=\"article:modified_time\" content=\"2025-12-17T16:55:34+00:00\" \/>\n<meta property=\"og:image\" content=\"https:\/\/talkpal.ai\/wp-content\/uploads\/2023\/03\/france.png\" \/>\n\t<meta property=\"og:image:width\" content=\"512\" \/>\n\t<meta property=\"og:image:height\" content=\"512\" \/>\n\t<meta property=\"og:image:type\" content=\"image\/png\" \/>\n<meta name=\"twitter:card\" content=\"summary_large_image\" \/>\n<meta name=\"twitter:site\" content=\"@talkpalai\" \/>\n<meta name=\"twitter:label1\" content=\"Estimeret l\u00e6setid\" \/>\n\t<meta name=\"twitter:data1\" content=\"3 minutter\" \/>\n<script type=\"application\/ld+json\" class=\"yoast-schema-graph\">{\"@context\":\"https:\/\/schema.org\",\"@graph\":[{\"@type\":\"WebPage\",\"@id\":\"https:\/\/talkpal.ai\/da\/franske-grammatikoevelser\/\",\"url\":\"https:\/\/talkpal.ai\/da\/franske-grammatikoevelser\/\",\"name\":\"Franske grammatik\u00f8velser - Talkpal\",\"isPartOf\":{\"@id\":\"https:\/\/talkpal.ai\/da\/#website\"},\"primaryImageOfPage\":{\"@id\":\"https:\/\/talkpal.ai\/da\/franske-grammatikoevelser\/#primaryimage\"},\"image\":{\"@id\":\"https:\/\/talkpal.ai\/da\/franske-grammatikoevelser\/#primaryimage\"},\"thumbnailUrl\":\"https:\/\/talkpal.ai\/wp-content\/uploads\/2023\/03\/france.png\",\"datePublished\":\"2023-06-16T08:35:52+00:00\",\"dateModified\":\"2025-12-17T16:55:34+00:00\",\"description\":\"\u00d8v dig og forbedr dine franske grammatikf\u00e6rdigheder med interaktive \u00f8velser designet til alle niveauer. Forbedr dine sprogkundskaber!\",\"breadcrumb\":{\"@id\":\"https:\/\/talkpal.ai\/da\/franske-grammatikoevelser\/#breadcrumb\"},\"inLanguage\":\"da-DK\",\"potentialAction\":[{\"@type\":\"ReadAction\",\"target\":[\"https:\/\/talkpal.ai\/da\/franske-grammatikoevelser\/\"]}]},{\"@type\":\"ImageObject\",\"inLanguage\":\"da-DK\",\"@id\":\"https:\/\/talkpal.ai\/da\/franske-grammatikoevelser\/#primaryimage\",\"url\":\"https:\/\/talkpal.ai\/wp-content\/uploads\/2023\/03\/france.png\",\"contentUrl\":\"https:\/\/talkpal.ai\/wp-content\/uploads\/2023\/03\/france.png\",\"width\":512,\"height\":512,\"caption\":\"TalkPal AI learn French\"},{\"@type\":\"BreadcrumbList\",\"@id\":\"https:\/\/talkpal.ai\/da\/franske-grammatikoevelser\/#breadcrumb\",\"itemListElement\":[{\"@type\":\"ListItem\",\"position\":1,\"name\":\"Homepage\",\"item\":\"https:\/\/talkpal.ai\/da\/\"},{\"@type\":\"ListItem\",\"position\":2,\"name\":\"Franske grammatik\u00f8velser\"}]},{\"@type\":\"WebSite\",\"@id\":\"https:\/\/talkpal.ai\/da\/#website\",\"url\":\"https:\/\/talkpal.ai\/da\/\",\"name\":\"Talkpal\",\"description\":\"AI Language Learning\",\"publisher\":{\"@id\":\"https:\/\/talkpal.ai\/da\/#organization\"},\"alternateName\":\"Talkpal AI\",\"potentialAction\":[{\"@type\":\"SearchAction\",\"target\":{\"@type\":\"EntryPoint\",\"urlTemplate\":\"https:\/\/talkpal.ai\/da\/?s={search_term_string}\"},\"query-input\":{\"@type\":\"PropertyValueSpecification\",\"valueRequired\":true,\"valueName\":\"search_term_string\"}}],\"inLanguage\":\"da-DK\"},{\"@type\":\"Organization\",\"@id\":\"https:\/\/talkpal.ai\/da\/#organization\",\"name\":\"Talkpal, Inc.\",\"alternateName\":\"Talkpal AI\",\"url\":\"https:\/\/talkpal.ai\/da\/\",\"logo\":{\"@type\":\"ImageObject\",\"inLanguage\":\"da-DK\",\"@id\":\"https:\/\/talkpal.ai\/da\/#\/schema\/logo\/image\/\",\"url\":\"https:\/\/talkpal.ai\/wp-content\/uploads\/2024\/03\/Talkpal-Logo-Icon.png\",\"contentUrl\":\"https:\/\/talkpal.ai\/wp-content\/uploads\/2024\/03\/Talkpal-Logo-Icon.png\",\"width\":2880,\"height\":2880,\"caption\":\"Talkpal, Inc.\"},\"image\":{\"@id\":\"https:\/\/talkpal.ai\/da\/#\/schema\/logo\/image\/\"},\"sameAs\":[\"https:\/\/www.facebook.com\/profile.php?id=100090733639311\",\"https:\/\/x.com\/talkpalai\",\"https:\/\/www.linkedin.com\/company\/talkpal\/\",\"https:\/\/www.youtube.com\/@TalkPal\/\",\"https:\/\/www.tiktok.com\/@talkpal\",\"https:\/\/www.instagram.com\/talkpal_ai\/\",\"https:\/\/www.crunchbase.com\/organization\/talkpal-9cde\",\"https:\/\/www.g2.com\/products\/talkpal-for-business\/\",\"https:\/\/www.trustpilot.com\/review\/talkpal.ai\",\"https:\/\/www.capterra.com\/p\/10006800\/TalkPal\/\"],\"description\":\"Talkpal is a language learning web and mobile education app, powered by the latest AI technologies, that provides engaging experiences to its customers in many different languages to help them improve their language skills. Users can chat about unlimited amount of topics with the app and use other modes to practice their language learning.\",\"email\":\"support@talkpal.ai\",\"legalName\":\"Talkpal, Inc.\",\"foundingDate\":\"2023-04-03\",\"duns\":\"118989042\",\"numberOfEmployees\":{\"@type\":\"QuantitativeValue\",\"minValue\":\"11\",\"maxValue\":\"50\"},\"publishingPrinciples\":\"https:\/\/talkpal.ai\/publishing-principles\/\",\"actionableFeedbackPolicy\":\"https:\/\/talkpal.ai\/actionable-feedback-policy\/\",\"correctionsPolicy\":\"https:\/\/talkpal.ai\/corrections-policy\/\",\"ethicsPolicy\":\"https:\/\/talkpal.ai\/ethics-policy\/\",\"diversityPolicy\":\"https:\/\/talkpal.ai\/diversity-policy\/\",\"diversityStaffingReport\":\"https:\/\/talkpal.ai\/diversity-policy\/\"}]}<\/script>\n<!-- \/ Yoast SEO Premium plugin. -->","yoast_head_json":{"title":"Franske grammatik\u00f8velser - Talkpal","description":"\u00d8v dig og forbedr dine franske grammatikf\u00e6rdigheder med interaktive \u00f8velser designet til alle niveauer. Forbedr dine sprogkundskaber!","robots":{"index":"index","follow":"follow","max-snippet":"max-snippet:-1","max-image-preview":"max-image-preview:large","max-video-preview":"max-video-preview:-1"},"canonical":"https:\/\/talkpal.ai\/da\/franske-grammatikoevelser\/","og_locale":"da_DK","og_type":"article","og_title":"Franske grammatik\u00f8velser","og_description":"Fransk grammatik emner At l\u00e6re fransk kan v\u00e6re en sp\u00e6ndende og givende oplevelse. Som et sprog rig p\u00e5 historie og kultur tilbyder fransk et unikt","og_url":"https:\/\/talkpal.ai\/da\/franske-grammatikoevelser\/","og_site_name":"Talkpal","article_publisher":"https:\/\/www.facebook.com\/profile.php?id=100090733639311","article_modified_time":"2025-12-17T16:55:34+00:00","og_image":[{"width":512,"height":512,"url":"https:\/\/talkpal.ai\/wp-content\/uploads\/2023\/03\/france.png","type":"image\/png"}],"twitter_card":"summary_large_image","twitter_site":"@talkpalai","twitter_misc":{"Estimeret l\u00e6setid":"3 minutter"},"schema":{"@context":"https:\/\/schema.org","@graph":[{"@type":"WebPage","@id":"https:\/\/talkpal.ai\/da\/franske-grammatikoevelser\/","url":"https:\/\/talkpal.ai\/da\/franske-grammatikoevelser\/","name":"Franske grammatik\u00f8velser - Talkpal","isPartOf":{"@id":"https:\/\/talkpal.ai\/da\/#website"},"primaryImageOfPage":{"@id":"https:\/\/talkpal.ai\/da\/franske-grammatikoevelser\/#primaryimage"},"image":{"@id":"https:\/\/talkpal.ai\/da\/franske-grammatikoevelser\/#primaryimage"},"thumbnailUrl":"https:\/\/talkpal.ai\/wp-content\/uploads\/2023\/03\/france.png","datePublished":"2023-06-16T08:35:52+00:00","dateModified":"2025-12-17T16:55:34+00:00","description":"\u00d8v dig og forbedr dine franske grammatikf\u00e6rdigheder med interaktive \u00f8velser designet til alle niveauer. Forbedr dine sprogkundskaber!","breadcrumb":{"@id":"https:\/\/talkpal.ai\/da\/franske-grammatikoevelser\/#breadcrumb"},"inLanguage":"da-DK","potentialAction":[{"@type":"ReadAction","target":["https:\/\/talkpal.ai\/da\/franske-grammatikoevelser\/"]}]},{"@type":"ImageObject","inLanguage":"da-DK","@id":"https:\/\/talkpal.ai\/da\/franske-grammatikoevelser\/#primaryimage","url":"https:\/\/talkpal.ai\/wp-content\/uploads\/2023\/03\/france.png","contentUrl":"https:\/\/talkpal.ai\/wp-content\/uploads\/2023\/03\/france.png","width":512,"height":512,"caption":"TalkPal AI learn French"},{"@type":"BreadcrumbList","@id":"https:\/\/talkpal.ai\/da\/franske-grammatikoevelser\/#breadcrumb","itemListElement":[{"@type":"ListItem","position":1,"name":"Homepage","item":"https:\/\/talkpal.ai\/da\/"},{"@type":"ListItem","position":2,"name":"Franske grammatik\u00f8velser"}]},{"@type":"WebSite","@id":"https:\/\/talkpal.ai\/da\/#website","url":"https:\/\/talkpal.ai\/da\/","name":"Talkpal","description":"AI Language Learning","publisher":{"@id":"https:\/\/talkpal.ai\/da\/#organization"},"alternateName":"Talkpal AI","potentialAction":[{"@type":"SearchAction","target":{"@type":"EntryPoint","urlTemplate":"https:\/\/talkpal.ai\/da\/?s={search_term_string}"},"query-input":{"@type":"PropertyValueSpecification","valueRequired":true,"valueName":"search_term_string"}}],"inLanguage":"da-DK"},{"@type":"Organization","@id":"https:\/\/talkpal.ai\/da\/#organization","name":"Talkpal, Inc.","alternateName":"Talkpal AI","url":"https:\/\/talkpal.ai\/da\/","logo":{"@type":"ImageObject","inLanguage":"da-DK","@id":"https:\/\/talkpal.ai\/da\/#\/schema\/logo\/image\/","url":"https:\/\/talkpal.ai\/wp-content\/uploads\/2024\/03\/Talkpal-Logo-Icon.png","contentUrl":"https:\/\/talkpal.ai\/wp-content\/uploads\/2024\/03\/Talkpal-Logo-Icon.png","width":2880,"height":2880,"caption":"Talkpal, Inc."},"image":{"@id":"https:\/\/talkpal.ai\/da\/#\/schema\/logo\/image\/"},"sameAs":["https:\/\/www.facebook.com\/profile.php?id=100090733639311","https:\/\/x.com\/talkpalai","https:\/\/www.linkedin.com\/company\/talkpal\/","https:\/\/www.youtube.com\/@TalkPal\/","https:\/\/www.tiktok.com\/@talkpal","https:\/\/www.instagram.com\/talkpal_ai\/","https:\/\/www.crunchbase.com\/organization\/talkpal-9cde","https:\/\/www.g2.com\/products\/talkpal-for-business\/","https:\/\/www.trustpilot.com\/review\/talkpal.ai","https:\/\/www.capterra.com\/p\/10006800\/TalkPal\/"],"description":"Talkpal is a language learning web and mobile education app, powered by the latest AI technologies, that provides engaging experiences to its customers in many different languages to help them improve their language skills. Users can chat about unlimited amount of topics with the app and use other modes to practice their language learning.","email":"support@talkpal.ai","legalName":"Talkpal, Inc.","foundingDate":"2023-04-03","duns":"118989042","numberOfEmployees":{"@type":"QuantitativeValue","minValue":"11","maxValue":"50"},"publishingPrinciples":"https:\/\/talkpal.ai\/publishing-principles\/","actionableFeedbackPolicy":"https:\/\/talkpal.ai\/actionable-feedback-policy\/","correctionsPolicy":"https:\/\/talkpal.ai\/corrections-policy\/","ethicsPolicy":"https:\/\/talkpal.ai\/ethics-policy\/","diversityPolicy":"https:\/\/talkpal.ai\/diversity-policy\/","diversityStaffingReport":"https:\/\/talkpal.ai\/diversity-policy\/"}]}},"_links":{"self":[{"href":"https:\/\/talkpal.ai\/da\/wp-json\/wp\/v2\/pages\/131805","targetHints":{"allow":["GET"]}}],"collection":[{"href":"https:\/\/talkpal.ai\/da\/wp-json\/wp\/v2\/pages"}],"about":[{"href":"https:\/\/talkpal.ai\/da\/wp-json\/wp\/v2\/types\/page"}],"author":[{"embeddable":true,"href":"https:\/\/talkpal.ai\/da\/wp-json\/wp\/v2\/users\/6"}],"replies":[{"embeddable":true,"href":"https:\/\/talkpal.ai\/da\/wp-json\/wp\/v2\/comments?post=131805"}],"version-history":[{"count":0,"href":"https:\/\/talkpal.ai\/da\/wp-json\/wp\/v2\/pages\/131805\/revisions"}],"wp:featuredmedia":[{"embeddable":true,"href":"https:\/\/talkpal.ai\/da\/wp-json\/wp\/v2\/media\/75876"}],"wp:attachment":[{"href":"https:\/\/talkpal.ai\/da\/wp-json\/wp\/v2\/media?parent=131805"}],"curies":[{"name":"wp","href":"https:\/\/api.w.org\/{rel}","templated":true}]}}