{"id":131541,"date":"2023-06-15T07:00:21","date_gmt":"2023-06-15T07:00:21","guid":{"rendered":"http:\/\/talkpal.ai\/spanske-grammatikoevelser\/"},"modified":"2025-12-17T16:37:47","modified_gmt":"2025-12-17T16:37:47","slug":"spanske-grammatikoevelser","status":"publish","type":"page","link":"https:\/\/talkpal.ai\/da\/spanske-grammatikoevelser\/","title":{"rendered":"Spanske grammatik\u00f8velser"},"content":{"rendered":"\r\n\r\n\r\n<section class=\"languageChallengeSection\">\r\n    <div class=\"languageInfoWrapper\">\r\n        \r\n        <h1>Spanske grammatik\u00f8velser<\/h1>\r\n        <p>Er du klar til at forbedre dit spanske? Grammatik\u00f8velser er en god m\u00e5de at f\u00e5 styr p\u00e5 s\u00e6tningsstruktur, verbalb\u00f8jninger og de unikke m\u00f8nstre i det spanske <a href=\"https:\/\/talkpal.ai\/what-language-is-spoken-on-the-international-space-station\/\">sprog<\/a>. Begynd at arbejde med <a href=\"https:\/\/talkpal.ai\/no\/laer-spansk\/\">spansk grammatik<\/a> i dag, og se din selvtillid og dit sprog vokse for hver \u00f8velse!\n\n<\/p>\r\n\r\n                            <a class=\"getStartedHidden\" href=\"https:\/\/app.talkpal.ai\/da\/signup?lng=\">Kom i gang<\/a>\r\n        \r\n    <\/div>\r\n\r\n    <figure>\r\n    <img decoding=\"async\" width=\"768\" height=\"768\" src=\"https:\/\/talkpal.ai\/wp-content\/uploads\/2023\/06\/Spanish-768x768.png\" class=\"languageImage no-lazy\" alt=\"Practical application of language learning\" fetchpriority=\"high\" sizes=\"(max-width: 768px) 150px, 768px\" srcset=\"https:\/\/talkpal.ai\/wp-content\/uploads\/2023\/06\/Spanish-768x768.png 768w, https:\/\/talkpal.ai\/wp-content\/uploads\/2023\/06\/Spanish-300x300.png 300w\" \/>\r\n    \r\n\r\n    <\/figure>\r\n\r\n            <a class=\"getStartedVisible\" href=\"https:\/\/app.talkpal.ai\/da\/signup?lng=\">Kom i gang<\/a>\r\n    \r\n<\/section>\r\n\r\n\r\n<!-- <section class=\"grammarSection\">\r\n    <div class=\"grammarLinks\">\r\n        <a href=\"https:\/\/talkpal.ai\/da\/exercise_language\/adjektiver-spansk-grammatik\/\">Adjektiver <\/a><a href=\"https:\/\/talkpal.ai\/da\/exercise_language\/adverbier-spansk-grammatik\/\">Adverbier <\/a><a href=\"https:\/\/talkpal.ai\/da\/exercise_language\/artikler-spansk-grammatik\/\">Artikler <\/a><a href=\"https:\/\/talkpal.ai\/da\/exercise_language\/navneord-spansk-grammatik\/\">Navneord <\/a><a href=\"https:\/\/talkpal.ai\/da\/exercise_language\/praepositioner-spansk-grammatik\/\">Pr\u00e6positioner <\/a><a href=\"https:\/\/talkpal.ai\/da\/exercise_language\/pronominer-spansk-grammatik\/\">Pronominer <\/a><a href=\"https:\/\/talkpal.ai\/da\/exercise_language\/saetningsstruktur-spansk-grammatik\/\">S\u00e6tningsstruktur <\/a><a href=\"https:\/\/talkpal.ai\/da\/exercise_language\/sammenligning-af-spaendinger-spansk-grammatik\/\">Sammenligning af sp\u00e6ndinger <\/a><a href=\"https:\/\/talkpal.ai\/da\/exercise_language\/tider-konjunktiv-spansk-grammatik\/\">Tider Konjunktiv <\/a><a href=\"https:\/\/talkpal.ai\/da\/exercise_language\/tider-vejledende-spansk-grammatik\/\">Tider Vejledende <\/a><a href=\"https:\/\/talkpal.ai\/da\/exercise_language\/udsagnsord-spansk-grammatik\/\">Udsagnsord <\/a>    <\/div>\r\n<\/section> -->\r\n\r\n\r\n\r\n\r\n        <section class=\"grammarSection\">\r\n            <div class=\"grammarLinks\">\r\n                <a href=\"https:\/\/talkpal.ai\/da\/exercise_language\/adjektiver-spansk-grammatik\/\">Adjektiver <\/a><a href=\"https:\/\/talkpal.ai\/da\/exercise_language\/adverbier-spansk-grammatik\/\">Adverbier <\/a><a href=\"https:\/\/talkpal.ai\/da\/exercise_language\/artikler-spansk-grammatik\/\">Artikler <\/a><a href=\"https:\/\/talkpal.ai\/da\/exercise_language\/navneord-spansk-grammatik\/\">Navneord <\/a><a href=\"https:\/\/talkpal.ai\/da\/exercise_language\/praepositioner-spansk-grammatik\/\">Pr\u00e6positioner <\/a><a href=\"https:\/\/talkpal.ai\/da\/exercise_language\/pronominer-spansk-grammatik\/\">Pronominer <\/a><a href=\"https:\/\/talkpal.ai\/da\/exercise_language\/saetningsstruktur-spansk-grammatik\/\">S\u00e6tningsstruktur <\/a><a href=\"https:\/\/talkpal.ai\/da\/exercise_language\/sammenligning-af-spaendinger-spansk-grammatik\/\">Sammenligning af sp\u00e6ndinger <\/a><a href=\"https:\/\/talkpal.ai\/da\/exercise_language\/tider-konjunktiv-spansk-grammatik\/\">Tider Konjunktiv <\/a><a href=\"https:\/\/talkpal.ai\/da\/exercise_language\/tider-vejledende-spansk-grammatik\/\">Tider Vejledende <\/a><a href=\"https:\/\/talkpal.ai\/da\/exercise_language\/udsagnsord-spansk-grammatik\/\">Udsagnsord <\/a>            <\/div>\r\n        <\/section>\r\n<section class=\"promotionalBanner\">\r\n    <p class=\"promotionalText\">Den mest effektive m\u00e5de at l\u00e6re et sprog p\u00e5<\/p>\r\n    <a class=\"promotionalLink\" href=\"https:\/\/app.talkpal.ai\/da\/signup?lng=\">Pr\u00f8v Talkpal gratis<\/a>\r\n<\/section>\n<div class=\"wp-block-group pageContainerStyle\"><div class=\"wp-block-group__inner-container is-layout-constrained wp-block-group-is-layout-constrained\">\n<h2 class=\"wp-block-heading\" id=\"h-spanish-grammar-topics\">Spansk grammatik emner<\/h2>\n\n\n\n<p>At l\u00e6re et nyt sprog kan v\u00e6re en sp\u00e6ndende og givende indsats, og <a href=\"https:\/\/talkpal.ai\/learn-spanish\/\">spansk<\/a> er ingen undtagelse. Som det n\u00e6stmest talte sprog i verden kan det \u00e5bne <a href=\"https:\/\/talkpal.ai\/talkpal-new-years-discount\/\">nye<\/a> muligheder for rejser, arbejde og kulturel udveksling. Uanset om du er en komplet nybegynder eller \u00f8nsker at forbedre dine eksisterende f\u00e6rdigheder, er det vigtigt at forst\u00e5 og <a href=\"https:\/\/talkpal.ai\/locations\/language-courses-in-mestre\/\">mestre<\/a> <a href=\"https:\/\/talkpal.ai\/no\/laer-spansk\/\">spansk grammatik<\/a>. Fra tider og verber til s\u00e6tningsstruktur og pr\u00e6positioner spiller hvert aspekt af sproget en afg\u00f8rende rolle i din evne til at kommunikere effektivt. I denne vejledning vil vi udforske vigtige spanske grammatikemner og pr\u00e6sentere dem i en logisk r\u00e6kkef\u00f8lge for at hj\u00e6lpe dig med at l\u00e6re sproget med lethed.<\/p>\n\n\n\n<h3 class=\"wp-block-heading\" id=\"h-1-nouns-and-articles\">1. Substantiver og artikler:<\/h3>\n\n\n\n<p>Begynd med at g\u00f8re dig bekendt med spanske navneord og deres k\u00f8n samt bestemte og ubestemte artikler. Disse grundl\u00e6ggende byggesten hj\u00e6lper dig med at forst\u00e5 og danne enkle s\u00e6tninger og s\u00e6tninger.<\/p>\n\n\n\n<h3 class=\"wp-block-heading\" id=\"h-2-adjectives\">2. Adjektiver:<\/h3>\n\n\n\n<p>Adjektiver er afg\u00f8rende for at beskrive substantiver, og p\u00e5 spansk skal de v\u00e6re enige i k\u00f8n og antal med det substantiv, de \u00e6ndrer. At l\u00e6re reglerne for placering af adjektiver og aftale vil i h\u00f8j grad forbedre din evne til at udtrykke dig p\u00e5 spansk.<\/p>\n\n\n\n<h3 class=\"wp-block-heading\" id=\"h-3-pronouns\">3. Pronomen:<\/h3>\n\n\n\n<p>Pronomen erstatter navneord og er afg\u00f8rende for at g\u00f8re samtalen mere flydende og naturlig. Fokuser p\u00e5 emnepronomen, direkte og indirekte objektpronomen og refleksive pronomen, s\u00e5 du forst\u00e5r deres brug og placering i s\u00e6tninger.<\/p>\n\n\n\n<h3 class=\"wp-block-heading\" id=\"h-4-verbs\">4. Udsagnsord:<\/h3>\n\n\n\n<p>Verb er rygraden i ethvert sprog, og spansk er ikke anderledes. Begynd med at l\u00e6re de mest almindelige regelm\u00e6ssige og uregelm\u00e6ssige verb, s\u00e5vel som deres b\u00f8jninger i den nuv\u00e6rende tid vejledende hum\u00f8r.<\/p>\n\n\n\n<h3 class=\"wp-block-heading\" id=\"h-5-tenses-indicative\">5. Tider vejledende:<\/h3>\n\n\n\n<p>N\u00e5r du har en forst\u00e5else af grundl\u00e6ggende verbb\u00f8jning, skal du udvide din viden til at omfatte andre vejledende tider, s\u00e5som pr\u00e6terit, ufuldkommen, fremtid og betinget tid. Dette giver dig mulighed for at udtrykke handlinger og begivenheder p\u00e5 tv\u00e6rs af forskellige tidsrammer.<\/p>\n\n\n\n<h3 class=\"wp-block-heading\" id=\"h-6-adverbs\">6. Adverb:<\/h3>\n\n\n\n<p>Adverb giver yderligere oplysninger om verb, adjektiver eller andre adverb. L\u00e6r de forskellige typer adverb og deres placering i s\u00e6tninger for at tilf\u00f8je flere detaljer og nuancer til din tale.<\/p>\n\n\n\n<h3 class=\"wp-block-heading\" id=\"h-7-prepositions\">7. Pr\u00e6positioner:<\/h3>\n\n\n\n<p>Pr\u00e6positioner er afg\u00f8rende for at udtrykke forhold mellem ord, s\u00e5som placering, retning eller tid. G\u00f8r dig bekendt med de mest almindelige spanske pr\u00e6positioner og deres brug i forskellige sammenh\u00e6nge.<\/p>\n\n\n\n<h3 class=\"wp-block-heading\" id=\"h-8-tenses-subjunctive\">8. Tider Konjunktiv:<\/h3>\n\n\n\n<p>Den konjunktive stemning <a href=\"https:\/\/talkpal.ai\/locations\/learn-french-in-bruges\/\">bruges<\/a> til at udtrykke tvivl, usikkerhed eller hypotetiske situationer. Unders\u00f8g b\u00f8jningsreglerne for regelm\u00e6ssige og uregelm\u00e6ssige verber i nutiden, fortiden og fremtidige konjunktivtider for at udvide dine udtryksevner.<\/p>\n\n\n\n<h3 class=\"wp-block-heading\" id=\"h-9-tense-comparison\">9. Ansp\u00e6ndt sammenligning:<\/h3>\n\n\n\n<p>At forst\u00e5 nuancerne mellem forskellige tider og stemninger hj\u00e6lper dig med at v\u00e6lge den passende form til at formidle din tilsigtede betydning. \u00d8v dig i at sammenligne og kontrastere vejledende og konjunktive tider samt de forskellige datider for at f\u00e5 st\u00f8rre beherskelse af sproget.<\/p>\n\n\n\n<h3 class=\"wp-block-heading\" id=\"h-10-sentence-structure\">10. S\u00e6tningsstruktur:<\/h3>\n\n\n\n<p>Endelig udforske forskellige s\u00e6tningsstrukturer, herunder enkle, sammensatte og komplekse s\u00e6tninger. L\u00e6r at bruge koordinerende og underordnede sammenh\u00e6nge til at skabe mere komplekse ideer og udvikle din evne til at kommunikere effektivt p\u00e5 spansk.<\/p>\n<\/div><\/div>\n\r\n<section class=\"learnNavigationSection\">\r\n            \r\n        <a href=\"https:\/\/talkpal.ai\/da\/laer-spansk\/\">\r\n            <div class=\"learnNavigationWrapper\">\r\n                <div class=\"learnNavigationContent\">\r\n                    <img decoding=\"async\" src=\"https:\/\/talkpal.ai\/wp-content\/uploads\/2024\/08\/Spanish.jpg\" alt=\"Spanish Flag\">\r\n                    <div>\r\n                        <h4>Om at l\u00e6re spansk<\/h4>\r\n                        <p>Find ud af alt om spansk grammatik.<\/p>\r\n                    <\/div>\r\n                <\/div>\r\n            <\/div>\r\n        <\/a>\r\n\r\n        \r\n        <a href=\"https:\/\/talkpal.ai\/da\/spansk-grammatik\/\">\r\n            <div class=\"learnNavigationWrapper\">\r\n                <div class=\"learnNavigationContent\">\r\n                    <img decoding=\"async\" src=\"https:\/\/talkpal.ai\/wp-content\/uploads\/2024\/08\/Spanish.jpg\" alt=\"Spanish Flag\">\r\n                    <div>\r\n                        <h4>Spansk grammatik lektioner<\/h4>\r\n                        <p>\u00d8v spansk grammatik.<\/p>\r\n                    <\/div>\r\n                <\/div>\r\n            <\/div>\r\n        <\/a>\r\n\r\n        \r\n        <a href=\"https:\/\/talkpal.ai\/vocabulary_language\/spanish\/\">\r\n            <div class=\"learnNavigationWrapper\">\r\n                <div class=\"learnNavigationContent\">\r\n                    <img decoding=\"async\" src=\"https:\/\/talkpal.ai\/wp-content\/uploads\/2024\/08\/Spanish.jpg\" alt=\"Spanish Flag\">\r\n                    <div>\r\n                        <h4>Spansk ordforr\u00e5d<\/h4>\r\n                        <p>Udvid dit spanske ordforr\u00e5d.<\/p>\r\n                    <\/div>\r\n                <\/div>\r\n            <\/div>\r\n        <\/a>\r\n\r\n            <\/section>","protected":false},"excerpt":{"rendered":"<p>Spansk grammatik emner At l\u00e6re et nyt sprog kan v\u00e6re en sp\u00e6ndende og givende indsats, og spansk er ingen undtagelse. Som det n\u00e6stmest talte sprog i verden kan det \u00e5bne nye muligheder for rejser, arbejde og kulturel udveksling. Uanset om du er en komplet nybegynder eller \u00f8nsker at forbedre dine eksisterende f\u00e6rdigheder, er det vigtigt [&hellip;]<\/p>\n","protected":false},"author":1,"featured_media":75342,"parent":0,"menu_order":0,"comment_status":"closed","ping_status":"closed","template":"LearningContentPage.php","meta":{"_acf_changed":false,"footnotes":""},"class_list":["post-131541","page","type-page","status-publish","has-post-thumbnail","hentry"],"acf":[],"yoast_head":"<!-- This site is optimized with the Yoast SEO Premium plugin v27.2 (Yoast SEO v27.2) - https:\/\/yoast.com\/product\/yoast-seo-premium-wordpress\/ -->\n<title>Spanske grammatik\u00f8velser - Talkpal<\/title>\n<meta name=\"description\" content=\"Forbedr din spanske grammatik med interaktive \u00f8velser designet til alle niveauer. \u00d8v dig p\u00e5 verber, s\u00e6tningsopbygning, ordforr\u00e5d og meget mere!\" \/>\n<meta name=\"robots\" content=\"index, follow, max-snippet:-1, max-image-preview:large, max-video-preview:-1\" \/>\n<link rel=\"canonical\" href=\"https:\/\/talkpal.ai\/da\/spanske-grammatikoevelser\/\" \/>\n<meta property=\"og:locale\" content=\"da_DK\" \/>\n<meta property=\"og:type\" content=\"article\" \/>\n<meta property=\"og:title\" content=\"Spanske grammatik\u00f8velser\" \/>\n<meta property=\"og:description\" content=\"Spansk grammatik emner At l\u00e6re et nyt sprog kan v\u00e6re en sp\u00e6ndende og givende indsats, og spansk er ingen undtagelse. Som det n\u00e6stmest talte sprog i verden\" \/>\n<meta property=\"og:url\" content=\"https:\/\/talkpal.ai\/da\/spanske-grammatikoevelser\/\" \/>\n<meta property=\"og:site_name\" content=\"Talkpal\" \/>\n<meta property=\"article:publisher\" content=\"https:\/\/www.facebook.com\/profile.php?id=100090733639311\" \/>\n<meta property=\"article:modified_time\" content=\"2025-12-17T16:37:47+00:00\" \/>\n<meta property=\"og:image\" content=\"https:\/\/talkpal.ai\/wp-content\/uploads\/2023\/03\/spain.png\" \/>\n\t<meta property=\"og:image:width\" content=\"512\" \/>\n\t<meta property=\"og:image:height\" content=\"512\" \/>\n\t<meta property=\"og:image:type\" content=\"image\/png\" \/>\n<meta name=\"twitter:card\" content=\"summary_large_image\" \/>\n<meta name=\"twitter:site\" content=\"@talkpalai\" \/>\n<meta name=\"twitter:label1\" content=\"Estimeret l\u00e6setid\" \/>\n\t<meta name=\"twitter:data1\" content=\"3 minutter\" \/>\n<script type=\"application\/ld+json\" class=\"yoast-schema-graph\">{\"@context\":\"https:\/\/schema.org\",\"@graph\":[{\"@type\":\"WebPage\",\"@id\":\"https:\/\/talkpal.ai\/da\/spanske-grammatikoevelser\/\",\"url\":\"https:\/\/talkpal.ai\/da\/spanske-grammatikoevelser\/\",\"name\":\"Spanske grammatik\u00f8velser - Talkpal\",\"isPartOf\":{\"@id\":\"https:\/\/talkpal.ai\/da\/#website\"},\"primaryImageOfPage\":{\"@id\":\"https:\/\/talkpal.ai\/da\/spanske-grammatikoevelser\/#primaryimage\"},\"image\":{\"@id\":\"https:\/\/talkpal.ai\/da\/spanske-grammatikoevelser\/#primaryimage\"},\"thumbnailUrl\":\"https:\/\/talkpal.ai\/wp-content\/uploads\/2023\/03\/spain.png\",\"datePublished\":\"2023-06-15T07:00:21+00:00\",\"dateModified\":\"2025-12-17T16:37:47+00:00\",\"description\":\"Forbedr din spanske grammatik med interaktive \u00f8velser designet til alle niveauer. \u00d8v dig p\u00e5 verber, s\u00e6tningsopbygning, ordforr\u00e5d og meget mere!\",\"breadcrumb\":{\"@id\":\"https:\/\/talkpal.ai\/da\/spanske-grammatikoevelser\/#breadcrumb\"},\"inLanguage\":\"da-DK\",\"potentialAction\":[{\"@type\":\"ReadAction\",\"target\":[\"https:\/\/talkpal.ai\/da\/spanske-grammatikoevelser\/\"]}]},{\"@type\":\"ImageObject\",\"inLanguage\":\"da-DK\",\"@id\":\"https:\/\/talkpal.ai\/da\/spanske-grammatikoevelser\/#primaryimage\",\"url\":\"https:\/\/talkpal.ai\/wp-content\/uploads\/2023\/03\/spain.png\",\"contentUrl\":\"https:\/\/talkpal.ai\/wp-content\/uploads\/2023\/03\/spain.png\",\"width\":512,\"height\":512,\"caption\":\"TalkPal AI learn Spanish\"},{\"@type\":\"BreadcrumbList\",\"@id\":\"https:\/\/talkpal.ai\/da\/spanske-grammatikoevelser\/#breadcrumb\",\"itemListElement\":[{\"@type\":\"ListItem\",\"position\":1,\"name\":\"Homepage\",\"item\":\"https:\/\/talkpal.ai\/da\/\"},{\"@type\":\"ListItem\",\"position\":2,\"name\":\"Spanske grammatik\u00f8velser\"}]},{\"@type\":\"WebSite\",\"@id\":\"https:\/\/talkpal.ai\/da\/#website\",\"url\":\"https:\/\/talkpal.ai\/da\/\",\"name\":\"Talkpal\",\"description\":\"AI Language Learning\",\"publisher\":{\"@id\":\"https:\/\/talkpal.ai\/da\/#organization\"},\"alternateName\":\"Talkpal AI\",\"potentialAction\":[{\"@type\":\"SearchAction\",\"target\":{\"@type\":\"EntryPoint\",\"urlTemplate\":\"https:\/\/talkpal.ai\/da\/?s={search_term_string}\"},\"query-input\":{\"@type\":\"PropertyValueSpecification\",\"valueRequired\":true,\"valueName\":\"search_term_string\"}}],\"inLanguage\":\"da-DK\"},{\"@type\":\"Organization\",\"@id\":\"https:\/\/talkpal.ai\/da\/#organization\",\"name\":\"Talkpal, Inc.\",\"alternateName\":\"Talkpal AI\",\"url\":\"https:\/\/talkpal.ai\/da\/\",\"logo\":{\"@type\":\"ImageObject\",\"inLanguage\":\"da-DK\",\"@id\":\"https:\/\/talkpal.ai\/da\/#\/schema\/logo\/image\/\",\"url\":\"https:\/\/talkpal.ai\/wp-content\/uploads\/2024\/03\/Talkpal-Logo-Icon.png\",\"contentUrl\":\"https:\/\/talkpal.ai\/wp-content\/uploads\/2024\/03\/Talkpal-Logo-Icon.png\",\"width\":2880,\"height\":2880,\"caption\":\"Talkpal, Inc.\"},\"image\":{\"@id\":\"https:\/\/talkpal.ai\/da\/#\/schema\/logo\/image\/\"},\"sameAs\":[\"https:\/\/www.facebook.com\/profile.php?id=100090733639311\",\"https:\/\/x.com\/talkpalai\",\"https:\/\/www.linkedin.com\/company\/talkpal\/\",\"https:\/\/www.youtube.com\/@TalkPal\/\",\"https:\/\/www.tiktok.com\/@talkpal\",\"https:\/\/www.instagram.com\/talkpal_ai\/\",\"https:\/\/www.crunchbase.com\/organization\/talkpal-9cde\",\"https:\/\/www.g2.com\/products\/talkpal-for-business\/\",\"https:\/\/www.trustpilot.com\/review\/talkpal.ai\",\"https:\/\/www.capterra.com\/p\/10006800\/TalkPal\/\"],\"description\":\"Talkpal is a language learning web and mobile education app, powered by the latest AI technologies, that provides engaging experiences to its customers in many different languages to help them improve their language skills. Users can chat about unlimited amount of topics with the app and use other modes to practice their language learning.\",\"email\":\"support@talkpal.ai\",\"legalName\":\"Talkpal, Inc.\",\"foundingDate\":\"2023-04-03\",\"duns\":\"118989042\",\"numberOfEmployees\":{\"@type\":\"QuantitativeValue\",\"minValue\":\"11\",\"maxValue\":\"50\"},\"publishingPrinciples\":\"https:\/\/talkpal.ai\/publishing-principles\/\",\"actionableFeedbackPolicy\":\"https:\/\/talkpal.ai\/actionable-feedback-policy\/\",\"correctionsPolicy\":\"https:\/\/talkpal.ai\/corrections-policy\/\",\"ethicsPolicy\":\"https:\/\/talkpal.ai\/ethics-policy\/\",\"diversityPolicy\":\"https:\/\/talkpal.ai\/diversity-policy\/\",\"diversityStaffingReport\":\"https:\/\/talkpal.ai\/diversity-policy\/\"}]}<\/script>\n<!-- \/ Yoast SEO Premium plugin. -->","yoast_head_json":{"title":"Spanske grammatik\u00f8velser - Talkpal","description":"Forbedr din spanske grammatik med interaktive \u00f8velser designet til alle niveauer. \u00d8v dig p\u00e5 verber, s\u00e6tningsopbygning, ordforr\u00e5d og meget mere!","robots":{"index":"index","follow":"follow","max-snippet":"max-snippet:-1","max-image-preview":"max-image-preview:large","max-video-preview":"max-video-preview:-1"},"canonical":"https:\/\/talkpal.ai\/da\/spanske-grammatikoevelser\/","og_locale":"da_DK","og_type":"article","og_title":"Spanske grammatik\u00f8velser","og_description":"Spansk grammatik emner At l\u00e6re et nyt sprog kan v\u00e6re en sp\u00e6ndende og givende indsats, og spansk er ingen undtagelse. Som det n\u00e6stmest talte sprog i verden","og_url":"https:\/\/talkpal.ai\/da\/spanske-grammatikoevelser\/","og_site_name":"Talkpal","article_publisher":"https:\/\/www.facebook.com\/profile.php?id=100090733639311","article_modified_time":"2025-12-17T16:37:47+00:00","og_image":[{"width":512,"height":512,"url":"https:\/\/talkpal.ai\/wp-content\/uploads\/2023\/03\/spain.png","type":"image\/png"}],"twitter_card":"summary_large_image","twitter_site":"@talkpalai","twitter_misc":{"Estimeret l\u00e6setid":"3 minutter"},"schema":{"@context":"https:\/\/schema.org","@graph":[{"@type":"WebPage","@id":"https:\/\/talkpal.ai\/da\/spanske-grammatikoevelser\/","url":"https:\/\/talkpal.ai\/da\/spanske-grammatikoevelser\/","name":"Spanske grammatik\u00f8velser - Talkpal","isPartOf":{"@id":"https:\/\/talkpal.ai\/da\/#website"},"primaryImageOfPage":{"@id":"https:\/\/talkpal.ai\/da\/spanske-grammatikoevelser\/#primaryimage"},"image":{"@id":"https:\/\/talkpal.ai\/da\/spanske-grammatikoevelser\/#primaryimage"},"thumbnailUrl":"https:\/\/talkpal.ai\/wp-content\/uploads\/2023\/03\/spain.png","datePublished":"2023-06-15T07:00:21+00:00","dateModified":"2025-12-17T16:37:47+00:00","description":"Forbedr din spanske grammatik med interaktive \u00f8velser designet til alle niveauer. \u00d8v dig p\u00e5 verber, s\u00e6tningsopbygning, ordforr\u00e5d og meget mere!","breadcrumb":{"@id":"https:\/\/talkpal.ai\/da\/spanske-grammatikoevelser\/#breadcrumb"},"inLanguage":"da-DK","potentialAction":[{"@type":"ReadAction","target":["https:\/\/talkpal.ai\/da\/spanske-grammatikoevelser\/"]}]},{"@type":"ImageObject","inLanguage":"da-DK","@id":"https:\/\/talkpal.ai\/da\/spanske-grammatikoevelser\/#primaryimage","url":"https:\/\/talkpal.ai\/wp-content\/uploads\/2023\/03\/spain.png","contentUrl":"https:\/\/talkpal.ai\/wp-content\/uploads\/2023\/03\/spain.png","width":512,"height":512,"caption":"TalkPal AI learn Spanish"},{"@type":"BreadcrumbList","@id":"https:\/\/talkpal.ai\/da\/spanske-grammatikoevelser\/#breadcrumb","itemListElement":[{"@type":"ListItem","position":1,"name":"Homepage","item":"https:\/\/talkpal.ai\/da\/"},{"@type":"ListItem","position":2,"name":"Spanske grammatik\u00f8velser"}]},{"@type":"WebSite","@id":"https:\/\/talkpal.ai\/da\/#website","url":"https:\/\/talkpal.ai\/da\/","name":"Talkpal","description":"AI Language Learning","publisher":{"@id":"https:\/\/talkpal.ai\/da\/#organization"},"alternateName":"Talkpal AI","potentialAction":[{"@type":"SearchAction","target":{"@type":"EntryPoint","urlTemplate":"https:\/\/talkpal.ai\/da\/?s={search_term_string}"},"query-input":{"@type":"PropertyValueSpecification","valueRequired":true,"valueName":"search_term_string"}}],"inLanguage":"da-DK"},{"@type":"Organization","@id":"https:\/\/talkpal.ai\/da\/#organization","name":"Talkpal, Inc.","alternateName":"Talkpal AI","url":"https:\/\/talkpal.ai\/da\/","logo":{"@type":"ImageObject","inLanguage":"da-DK","@id":"https:\/\/talkpal.ai\/da\/#\/schema\/logo\/image\/","url":"https:\/\/talkpal.ai\/wp-content\/uploads\/2024\/03\/Talkpal-Logo-Icon.png","contentUrl":"https:\/\/talkpal.ai\/wp-content\/uploads\/2024\/03\/Talkpal-Logo-Icon.png","width":2880,"height":2880,"caption":"Talkpal, Inc."},"image":{"@id":"https:\/\/talkpal.ai\/da\/#\/schema\/logo\/image\/"},"sameAs":["https:\/\/www.facebook.com\/profile.php?id=100090733639311","https:\/\/x.com\/talkpalai","https:\/\/www.linkedin.com\/company\/talkpal\/","https:\/\/www.youtube.com\/@TalkPal\/","https:\/\/www.tiktok.com\/@talkpal","https:\/\/www.instagram.com\/talkpal_ai\/","https:\/\/www.crunchbase.com\/organization\/talkpal-9cde","https:\/\/www.g2.com\/products\/talkpal-for-business\/","https:\/\/www.trustpilot.com\/review\/talkpal.ai","https:\/\/www.capterra.com\/p\/10006800\/TalkPal\/"],"description":"Talkpal is a language learning web and mobile education app, powered by the latest AI technologies, that provides engaging experiences to its customers in many different languages to help them improve their language skills. Users can chat about unlimited amount of topics with the app and use other modes to practice their language learning.","email":"support@talkpal.ai","legalName":"Talkpal, Inc.","foundingDate":"2023-04-03","duns":"118989042","numberOfEmployees":{"@type":"QuantitativeValue","minValue":"11","maxValue":"50"},"publishingPrinciples":"https:\/\/talkpal.ai\/publishing-principles\/","actionableFeedbackPolicy":"https:\/\/talkpal.ai\/actionable-feedback-policy\/","correctionsPolicy":"https:\/\/talkpal.ai\/corrections-policy\/","ethicsPolicy":"https:\/\/talkpal.ai\/ethics-policy\/","diversityPolicy":"https:\/\/talkpal.ai\/diversity-policy\/","diversityStaffingReport":"https:\/\/talkpal.ai\/diversity-policy\/"}]}},"_links":{"self":[{"href":"https:\/\/talkpal.ai\/da\/wp-json\/wp\/v2\/pages\/131541","targetHints":{"allow":["GET"]}}],"collection":[{"href":"https:\/\/talkpal.ai\/da\/wp-json\/wp\/v2\/pages"}],"about":[{"href":"https:\/\/talkpal.ai\/da\/wp-json\/wp\/v2\/types\/page"}],"author":[{"embeddable":true,"href":"https:\/\/talkpal.ai\/da\/wp-json\/wp\/v2\/users\/1"}],"replies":[{"embeddable":true,"href":"https:\/\/talkpal.ai\/da\/wp-json\/wp\/v2\/comments?post=131541"}],"version-history":[{"count":0,"href":"https:\/\/talkpal.ai\/da\/wp-json\/wp\/v2\/pages\/131541\/revisions"}],"wp:featuredmedia":[{"embeddable":true,"href":"https:\/\/talkpal.ai\/da\/wp-json\/wp\/v2\/media\/75342"}],"wp:attachment":[{"href":"https:\/\/talkpal.ai\/da\/wp-json\/wp\/v2\/media?parent=131541"}],"curies":[{"name":"wp","href":"https:\/\/api.w.org\/{rel}","templated":true}]}}