{"id":131146,"date":"2023-05-14T13:53:24","date_gmt":"2023-05-14T13:53:24","guid":{"rendered":"http:\/\/talkpal.ai\/ukrainsk-grammatik\/"},"modified":"2025-12-11T16:38:11","modified_gmt":"2025-12-11T16:38:11","slug":"ukrainsk-grammatik","status":"publish","type":"page","link":"https:\/\/talkpal.ai\/da\/ukrainsk-grammatik\/","title":{"rendered":"Ukrainsk grammatik"},"content":{"rendered":"\r\n\r\n\r\n<section class=\"languageChallengeSection\">\r\n    <div class=\"languageInfoWrapper\">\r\n        \r\n        <h1>Ukrainsk grammatik<\/h1>\r\n        <p>Udforsk det ukrainske sprogs struktur ved at l\u00e6re dets vigtigste grammatiske regler. At beherske <a href=\"https:\/\/talkpal.ai\/sv\/grammar\/tidigare-kontinuerlig-i-ukrainsk-grammatik\/\">ukrainsk grammatik<\/a> vil hj\u00e6lpe dig med at kommunikere sikkert og f\u00e5 en dybere forbindelse til <a href=\"https:\/\/talkpal.ai\/learn-ukrainian\/\">ukrainsk<\/a> kultur og arv. Start din ukrainske grammatikrejse i dag, og tag det f\u00f8rste skridt mod flydende <a href=\"https:\/\/talkpal.ai\/what-language-is-spoken-on-the-international-space-station\/\">sprog<\/a>!<\/p>\r\n\r\n                            <a class=\"getStartedHidden\" href=\"https:\/\/app.talkpal.ai\/da\/signup?lng=\">Kom i gang<\/a>\r\n        \r\n    <\/div>\r\n\r\n    <figure>\r\n    <img decoding=\"async\" width=\"768\" height=\"768\" src=\"https:\/\/talkpal.ai\/wp-content\/uploads\/2023\/06\/Ukrainian-768x768.png\" class=\"languageImage no-lazy\" alt=\"Language learning - Your doorway to the world\" fetchpriority=\"high\" sizes=\"(max-width: 768px) 150px, 768px\" srcset=\"https:\/\/talkpal.ai\/wp-content\/uploads\/2023\/06\/Ukrainian-768x768.png 768w, https:\/\/talkpal.ai\/wp-content\/uploads\/2023\/06\/Ukrainian-300x300.png 300w\" \/>\r\n    \r\n\r\n    <\/figure>\r\n\r\n            <a class=\"getStartedVisible\" href=\"https:\/\/app.talkpal.ai\/da\/signup?lng=\">Kom i gang<\/a>\r\n    \r\n<\/section>\r\n<section class=\"promotionalBanner\">\r\n    <p class=\"promotionalText\">Den mest effektive m\u00e5de at l\u00e6re et sprog p\u00e5<\/p>\r\n    <a class=\"promotionalLink\" href=\"https:\/\/app.talkpal.ai\/da\/signup?lng=\">Pr\u00f8v Talkpal gratis<\/a>\r\n<\/section>\n<div class=\"wp-block-group pageContainerStyle\"><div class=\"wp-block-group__inner-container is-layout-constrained wp-block-group-is-layout-constrained\">\n<h2 class=\"wp-block-heading\" id=\"h-a-comprehensive-guide-to-mastering-ukrainian-grammar\">En omfattende guide til mestring af ukrainsk grammatik<\/h2>\n\n\n\n<p><a href=\"https:\/\/talkpal.ai\/learn-ukrainian\/\">Ukrainsk<\/a>, et smukt og melodisk sprog, har f\u00e5et stigende interesse fra <a href=\"https:\/\/talkpal.ai\/talkpal-discount-for-language-enthusiasts\/\">sprogentusiaster<\/a> verden over. At l\u00e6re ukrainsk giver dig adgang til en rig kulturarv og giver dig mulighed for at kommunikere med millioner af mennesker i <a href=\"https:\/\/talkpal.ai\/locations\/language-courses-in-ukraine\/\">Ukraine<\/a> og nabolandene. Mens dykning i ukrainsk <a href=\"https:\/\/talkpal.ai\/fr\/les\/\">grammatik<\/a> kan f\u00f8les skr\u00e6mmende i starten, vil det at have et st\u00e6rkt fundament i det lade dig udforske sprogets nuancer og fuldt ud v\u00e6rds\u00e6tte dets sk\u00f8nhed. Denne artikel vil guide dig trin for trin gennem ukrainsk grammatik essentials, udstyre dig til trygt at starte din sprogrejse.<\/p>\n\n\n\n<h3 class=\"wp-block-heading\" id=\"h-1-mastering-ukrainian-nouns-and-cases\">1. Mastering af ukrainske navneord og sager<\/h3>\n\n\n\n<p>Et centralt tr\u00e6k ved ukrainsk grammatik er dets sagssystem. N\u00e5r du bruger navneord, skal du kende deres k\u00f8n (maskulin, feminin eller neutral) og v\u00e6re opm\u00e6rksom p\u00e5 den sammenh\u00e6ng, der kan kr\u00e6ve en \u00e6ndring i deres slutninger. Det ukrainske sprog har syv tilf\u00e6lde:<\/p>\n\n\n\n<p>&#8211; Nominativ: Subjektet i en s\u00e6tning<\/p>\n\n\n\n<p>&#8211; Genitiv: angiver besiddelse, m\u00e6ngde og negation<\/p>\n\n\n\n<p>&#8211; Dativ: indirekte objekt eller bev\u00e6gelse mod et m\u00e5l<\/p>\n\n\n\n<p>&#8211; Akkusativ: direkte objekt eller bev\u00e6gelse rettet mod noget<\/p>\n\n\n\n<p>&#8211; Instrumental: betegner middel eller instrument til handling<\/p>\n\n\n\n<p>&#8211; Lokativ: angiver placering<\/p>\n\n\n\n<p>&#8211; Vokativ: bruges til at henvende sig til eller kalde p\u00e5 nogen<\/p>\n\n\n\n<p>Du skal v\u00e6re opm\u00e6rksom p\u00e5 navneordenes endelser og b\u00f8jninger, da de \u00e6ndrer sig alt efter den anvendte kasus og navneordets k\u00f8n og tal.<\/p>\n\n\n\n<h3 class=\"wp-block-heading\" id=\"h-2-navigating-the-ukrainian-verb-system\">2. Navigering i det ukrainske verbsystem<\/h3>\n\n\n\n<p>Ukrainske verb er konjugeret baseret p\u00e5 person, tal, sp\u00e6nding, hum\u00f8r og stemme. P\u00e5 ukrainsk er der fire aspekter af verber &#8211; perfektiv, ufuldkommen, iterativ og inceptiv:<\/p>\n\n\n\n<p>&#8211; Perfektiv: betegner afsluttede handlinger<\/p>\n\n\n\n<p>&#8211; Imperfektiv: beskriver igangv\u00e6rende, s\u00e6dvanlige eller gentagne handlinger<\/p>\n\n\n\n<p>&#8211; Iterativ: formidler handlinger, der gentages i et bestemt interval<\/p>\n\n\n\n<p>&#8211; Inceptiv: angiver begyndelsen p\u00e5 en handling<\/p>\n\n\n\n<p>For at navigere i det ukrainske verbsystem skal du g\u00f8re dig bekendt med de tre grundl\u00e6ggende verbb\u00f8jninger. Konjugeringsprocessen indeb\u00e6rer at \u00e6ndre endelserne p\u00e5 verbroten i henhold til sp\u00e6nding, hum\u00f8r og emne.<\/p>\n\n\n\n<h3 class=\"wp-block-heading\" id=\"h-3-perfecting-ukrainian-adjectives-and-pronouns\">3. Perfektionering af ukrainske adjektiver og pronomen<\/h3>\n\n\n\n<p>Adjektiver p\u00e5 ukrainsk skal v\u00e6re i overensstemmelse med det substantiv, de beskriver, i k\u00f8n, antal og store bogstaver. Det betyder, at n\u00e5r du bruger et adjektiv, skal du v\u00e6re opm\u00e6rksom p\u00e5 dets slutninger, da de vil \u00e6ndre sig for at tilpasse sig substantivet. Derudover kan adjektiver p\u00e5 ukrainsk v\u00e6re enten lange eller korte former, hvor hver har sin brug afh\u00e6ngigt af konteksten.<\/p>\n\n\n\n<p>Pronomen bruges i stedet for substantiver og skal ogs\u00e5 v\u00e6re enige med det substantiv, de erstatter, i k\u00f8n, antal og store bogstaver. Personlige pronominer p\u00e5 ukrainsk omfatter &#8220;\u044f&#8221; (jeg), &#8220;\u0442\u0438&#8221; (du, ental), &#8220;\u0432\u0456\u043d\/\u0432\u043e\u043d\u0430\/\u0432\u043e\u043d\u043e&#8221; (han\/hun\/det), &#8220;\u043c\u0438&#8221; (vi), &#8220;\u0432\u0438&#8221; (du, flertal eller formel) og &#8220;\u0432\u043e\u043d\u0438&#8221; (de). Der er ogs\u00e5 besiddende, demonstrative og relative pronomen p\u00e5 ukrainsk.<\/p>\n\n\n\n<h3 class=\"wp-block-heading\" id=\"h-4-putting-it-all-together-sentence-structure\">4. At s\u00e6tte det hele sammen: s\u00e6tningsstruktur<\/h3>\n\n\n\n<p>Ukrainsk f\u00f8lger s\u00e6tningsstrukturen subject-verb-object (SVO), der ligner engelsk. Men i mods\u00e6tning til engelsk har ukrainsk mere fleksibilitet i ordr\u00e6kkef\u00f8lgen p\u00e5 grund af sit sagssystem. Denne fleksibilitet g\u00f8r det muligt for h\u00f8jttalere at understrege specifikke ord eller ideer ved at placere dem i forskellige positioner i en s\u00e6tning. Selvom det kan tage tid at mestre denne alsidighed, giver det dig mulighed for at udtrykke dig mere kunstnerisk og flydende p\u00e5 ukrainsk.<\/p>\n\n\n\n<h3 class=\"wp-block-heading\" id=\"h-conclusion\">Konklusion<\/h3>\n\n\n\n<p>N\u00e5r du g\u00e5r i gang med din ukrainske sprogrejse, skal du huske, at det kr\u00e6ver \u00f8velse og vedholdenhed at blive flydende i grammatikken. G\u00f8r dig bekendt med de forskellige aspekter af ukrainsk grammatik gradvist, fra navneord og kasus til verb og s\u00e6tningsstruktur. Nyd l\u00e6ringsprocessen og nyd sk\u00f8nheden og udtryksfuldheden i det ukrainske sprog. \u0412\u0434\u0430\u0447\u0456! (Held og lykke!)<\/p>\n<\/div><\/div>\n\r\n<section class=\"learnNavigationSection\">\r\n            \r\n        <a href=\"https:\/\/talkpal.ai\/da\/laer-ukrainsk\/\">\r\n            <div class=\"learnNavigationWrapper\">\r\n                <div class=\"learnNavigationContent\">\r\n                    <img decoding=\"async\" src=\"https:\/\/talkpal.ai\/wp-content\/uploads\/2024\/08\/Ukrainian.jpg\" alt=\"Ukrainian Flag\">\r\n                    <div>\r\n                        <h4>Om ukrainsk l\u00e6ring<\/h4>\r\n                        <p>Find ud af alt om ukrainsk grammatik.<\/p>\r\n                    <\/div>\r\n                <\/div>\r\n            <\/div>\r\n        <\/a>\r\n\r\n        \r\n        <a href=\"https:\/\/talkpal.ai\/da\/ukrainske-grammatikoevelser\/\">\r\n            <div class=\"learnNavigationWrapper\">\r\n                <div class=\"learnNavigationContent\">\r\n                    <img decoding=\"async\" src=\"https:\/\/talkpal.ai\/wp-content\/uploads\/2024\/08\/Ukrainian.jpg\" alt=\"Ukrainian Flag\">\r\n                    <div>\r\n                        <h4>Ukrainsk grammatik-\u00f8velse<\/h4>\r\n                        <p>\u00d8v ukrainsk grammatik.<\/p>\r\n                    <\/div>\r\n                <\/div>\r\n            <\/div>\r\n        <\/a>\r\n\r\n        \r\n        <a href=\"https:\/\/talkpal.ai\/vocabulary_language\/ukrainian\/\">\r\n            <div class=\"learnNavigationWrapper\">\r\n                <div class=\"learnNavigationContent\">\r\n                    <img decoding=\"async\" src=\"https:\/\/talkpal.ai\/wp-content\/uploads\/2024\/08\/Ukrainian.jpg\" alt=\"Ukrainian Flag\">\r\n                    <div>\r\n                        <h4>Ukrainsk ordforr\u00e5d<\/h4>\r\n                        <p>Udvid dit ukrainske ordforr\u00e5d.<\/p>\r\n                    <\/div>\r\n                <\/div>\r\n            <\/div>\r\n        <\/a>\r\n\r\n            <\/section>","protected":false},"excerpt":{"rendered":"<p>En omfattende guide til mestring af ukrainsk grammatik Ukrainsk, et smukt og melodisk sprog, har f\u00e5et stigende interesse fra sprogentusiaster verden over. At l\u00e6re ukrainsk giver dig adgang til en rig kulturarv og giver dig mulighed for at kommunikere med millioner af mennesker i Ukraine og nabolandene. Mens dykning i ukrainsk grammatik kan f\u00f8les skr\u00e6mmende [&hellip;]<\/p>\n","protected":false},"author":1,"featured_media":108600,"parent":0,"menu_order":0,"comment_status":"closed","ping_status":"closed","template":"LearningContentPage.php","meta":{"_acf_changed":false,"footnotes":""},"class_list":["post-131146","page","type-page","status-publish","has-post-thumbnail","hentry"],"acf":[],"yoast_head":"<!-- This site is optimized with the Yoast SEO Premium plugin v27.2 (Yoast SEO v27.2) - https:\/\/yoast.com\/product\/yoast-seo-premium-wordpress\/ -->\n<title>Ukrainsk grammatik - Talkpal<\/title>\n<meta name=\"description\" content=\"F\u00e5 \u00f8jnene op for den ukrainske grammatiks sk\u00f8nhed med vigtige tips og indsigter, der kan forbedre din sprogindl\u00e6ring.\" \/>\n<meta name=\"robots\" content=\"index, follow, max-snippet:-1, max-image-preview:large, max-video-preview:-1\" \/>\n<link rel=\"canonical\" href=\"https:\/\/talkpal.ai\/da\/ukrainsk-grammatik\/\" \/>\n<meta property=\"og:locale\" content=\"da_DK\" \/>\n<meta property=\"og:type\" content=\"article\" \/>\n<meta property=\"og:title\" content=\"Ukrainsk grammatik\" \/>\n<meta property=\"og:description\" content=\"En omfattende guide til mestring af ukrainsk grammatik Ukrainsk, et smukt og melodisk sprog, har f\u00e5et stigende interesse fra sprogentusiaster verden over.\" \/>\n<meta property=\"og:url\" content=\"https:\/\/talkpal.ai\/da\/ukrainsk-grammatik\/\" \/>\n<meta property=\"og:site_name\" content=\"Talkpal\" \/>\n<meta property=\"article:publisher\" content=\"https:\/\/www.facebook.com\/profile.php?id=100090733639311\" \/>\n<meta property=\"article:modified_time\" content=\"2025-12-11T16:38:11+00:00\" \/>\n<meta property=\"og:image\" content=\"https:\/\/talkpal.ai\/wp-content\/uploads\/2023\/04\/ukraine.png\" \/>\n\t<meta property=\"og:image:width\" content=\"512\" \/>\n\t<meta property=\"og:image:height\" content=\"512\" \/>\n\t<meta property=\"og:image:type\" content=\"image\/png\" \/>\n<meta name=\"twitter:card\" content=\"summary_large_image\" \/>\n<meta name=\"twitter:site\" content=\"@talkpalai\" \/>\n<meta name=\"twitter:label1\" content=\"Estimeret l\u00e6setid\" \/>\n\t<meta name=\"twitter:data1\" content=\"3 minutter\" \/>\n<script type=\"application\/ld+json\" class=\"yoast-schema-graph\">{\"@context\":\"https:\/\/schema.org\",\"@graph\":[{\"@type\":\"WebPage\",\"@id\":\"https:\/\/talkpal.ai\/da\/ukrainsk-grammatik\/\",\"url\":\"https:\/\/talkpal.ai\/da\/ukrainsk-grammatik\/\",\"name\":\"Ukrainsk grammatik - Talkpal\",\"isPartOf\":{\"@id\":\"https:\/\/talkpal.ai\/da\/#website\"},\"primaryImageOfPage\":{\"@id\":\"https:\/\/talkpal.ai\/da\/ukrainsk-grammatik\/#primaryimage\"},\"image\":{\"@id\":\"https:\/\/talkpal.ai\/da\/ukrainsk-grammatik\/#primaryimage\"},\"thumbnailUrl\":\"https:\/\/talkpal.ai\/wp-content\/uploads\/2023\/04\/ukraine.png\",\"datePublished\":\"2023-05-14T13:53:24+00:00\",\"dateModified\":\"2025-12-11T16:38:11+00:00\",\"description\":\"F\u00e5 \u00f8jnene op for den ukrainske grammatiks sk\u00f8nhed med vigtige tips og indsigter, der kan forbedre din sprogindl\u00e6ring.\",\"breadcrumb\":{\"@id\":\"https:\/\/talkpal.ai\/da\/ukrainsk-grammatik\/#breadcrumb\"},\"inLanguage\":\"da-DK\",\"potentialAction\":[{\"@type\":\"ReadAction\",\"target\":[\"https:\/\/talkpal.ai\/da\/ukrainsk-grammatik\/\"]}]},{\"@type\":\"ImageObject\",\"inLanguage\":\"da-DK\",\"@id\":\"https:\/\/talkpal.ai\/da\/ukrainsk-grammatik\/#primaryimage\",\"url\":\"https:\/\/talkpal.ai\/wp-content\/uploads\/2023\/04\/ukraine.png\",\"contentUrl\":\"https:\/\/talkpal.ai\/wp-content\/uploads\/2023\/04\/ukraine.png\",\"width\":512,\"height\":512,\"caption\":\"TalkPal Ukrainian Flag\"},{\"@type\":\"BreadcrumbList\",\"@id\":\"https:\/\/talkpal.ai\/da\/ukrainsk-grammatik\/#breadcrumb\",\"itemListElement\":[{\"@type\":\"ListItem\",\"position\":1,\"name\":\"Homepage\",\"item\":\"https:\/\/talkpal.ai\/da\/\"},{\"@type\":\"ListItem\",\"position\":2,\"name\":\"Ukrainsk grammatik\"}]},{\"@type\":\"WebSite\",\"@id\":\"https:\/\/talkpal.ai\/da\/#website\",\"url\":\"https:\/\/talkpal.ai\/da\/\",\"name\":\"Talkpal\",\"description\":\"AI Language Learning\",\"publisher\":{\"@id\":\"https:\/\/talkpal.ai\/da\/#organization\"},\"alternateName\":\"Talkpal AI\",\"potentialAction\":[{\"@type\":\"SearchAction\",\"target\":{\"@type\":\"EntryPoint\",\"urlTemplate\":\"https:\/\/talkpal.ai\/da\/?s={search_term_string}\"},\"query-input\":{\"@type\":\"PropertyValueSpecification\",\"valueRequired\":true,\"valueName\":\"search_term_string\"}}],\"inLanguage\":\"da-DK\"},{\"@type\":\"Organization\",\"@id\":\"https:\/\/talkpal.ai\/da\/#organization\",\"name\":\"Talkpal, Inc.\",\"alternateName\":\"Talkpal AI\",\"url\":\"https:\/\/talkpal.ai\/da\/\",\"logo\":{\"@type\":\"ImageObject\",\"inLanguage\":\"da-DK\",\"@id\":\"https:\/\/talkpal.ai\/da\/#\/schema\/logo\/image\/\",\"url\":\"https:\/\/talkpal.ai\/wp-content\/uploads\/2024\/03\/Talkpal-Logo-Icon.png\",\"contentUrl\":\"https:\/\/talkpal.ai\/wp-content\/uploads\/2024\/03\/Talkpal-Logo-Icon.png\",\"width\":2880,\"height\":2880,\"caption\":\"Talkpal, Inc.\"},\"image\":{\"@id\":\"https:\/\/talkpal.ai\/da\/#\/schema\/logo\/image\/\"},\"sameAs\":[\"https:\/\/www.facebook.com\/profile.php?id=100090733639311\",\"https:\/\/x.com\/talkpalai\",\"https:\/\/www.linkedin.com\/company\/talkpal\/\",\"https:\/\/www.youtube.com\/@TalkPal\/\",\"https:\/\/www.tiktok.com\/@talkpal\",\"https:\/\/www.instagram.com\/talkpal_ai\/\",\"https:\/\/www.crunchbase.com\/organization\/talkpal-9cde\",\"https:\/\/www.g2.com\/products\/talkpal-for-business\/\",\"https:\/\/www.trustpilot.com\/review\/talkpal.ai\",\"https:\/\/www.capterra.com\/p\/10006800\/TalkPal\/\"],\"description\":\"Talkpal is a language learning web and mobile education app, powered by the latest AI technologies, that provides engaging experiences to its customers in many different languages to help them improve their language skills. Users can chat about unlimited amount of topics with the app and use other modes to practice their language learning.\",\"email\":\"support@talkpal.ai\",\"legalName\":\"Talkpal, Inc.\",\"foundingDate\":\"2023-04-03\",\"duns\":\"118989042\",\"numberOfEmployees\":{\"@type\":\"QuantitativeValue\",\"minValue\":\"11\",\"maxValue\":\"50\"},\"publishingPrinciples\":\"https:\/\/talkpal.ai\/publishing-principles\/\",\"actionableFeedbackPolicy\":\"https:\/\/talkpal.ai\/actionable-feedback-policy\/\",\"correctionsPolicy\":\"https:\/\/talkpal.ai\/corrections-policy\/\",\"ethicsPolicy\":\"https:\/\/talkpal.ai\/ethics-policy\/\",\"diversityPolicy\":\"https:\/\/talkpal.ai\/diversity-policy\/\",\"diversityStaffingReport\":\"https:\/\/talkpal.ai\/diversity-policy\/\"}]}<\/script>\n<!-- \/ Yoast SEO Premium plugin. -->","yoast_head_json":{"title":"Ukrainsk grammatik - Talkpal","description":"F\u00e5 \u00f8jnene op for den ukrainske grammatiks sk\u00f8nhed med vigtige tips og indsigter, der kan forbedre din sprogindl\u00e6ring.","robots":{"index":"index","follow":"follow","max-snippet":"max-snippet:-1","max-image-preview":"max-image-preview:large","max-video-preview":"max-video-preview:-1"},"canonical":"https:\/\/talkpal.ai\/da\/ukrainsk-grammatik\/","og_locale":"da_DK","og_type":"article","og_title":"Ukrainsk grammatik","og_description":"En omfattende guide til mestring af ukrainsk grammatik Ukrainsk, et smukt og melodisk sprog, har f\u00e5et stigende interesse fra sprogentusiaster verden over.","og_url":"https:\/\/talkpal.ai\/da\/ukrainsk-grammatik\/","og_site_name":"Talkpal","article_publisher":"https:\/\/www.facebook.com\/profile.php?id=100090733639311","article_modified_time":"2025-12-11T16:38:11+00:00","og_image":[{"width":512,"height":512,"url":"https:\/\/talkpal.ai\/wp-content\/uploads\/2023\/04\/ukraine.png","type":"image\/png"}],"twitter_card":"summary_large_image","twitter_site":"@talkpalai","twitter_misc":{"Estimeret l\u00e6setid":"3 minutter"},"schema":{"@context":"https:\/\/schema.org","@graph":[{"@type":"WebPage","@id":"https:\/\/talkpal.ai\/da\/ukrainsk-grammatik\/","url":"https:\/\/talkpal.ai\/da\/ukrainsk-grammatik\/","name":"Ukrainsk grammatik - Talkpal","isPartOf":{"@id":"https:\/\/talkpal.ai\/da\/#website"},"primaryImageOfPage":{"@id":"https:\/\/talkpal.ai\/da\/ukrainsk-grammatik\/#primaryimage"},"image":{"@id":"https:\/\/talkpal.ai\/da\/ukrainsk-grammatik\/#primaryimage"},"thumbnailUrl":"https:\/\/talkpal.ai\/wp-content\/uploads\/2023\/04\/ukraine.png","datePublished":"2023-05-14T13:53:24+00:00","dateModified":"2025-12-11T16:38:11+00:00","description":"F\u00e5 \u00f8jnene op for den ukrainske grammatiks sk\u00f8nhed med vigtige tips og indsigter, der kan forbedre din sprogindl\u00e6ring.","breadcrumb":{"@id":"https:\/\/talkpal.ai\/da\/ukrainsk-grammatik\/#breadcrumb"},"inLanguage":"da-DK","potentialAction":[{"@type":"ReadAction","target":["https:\/\/talkpal.ai\/da\/ukrainsk-grammatik\/"]}]},{"@type":"ImageObject","inLanguage":"da-DK","@id":"https:\/\/talkpal.ai\/da\/ukrainsk-grammatik\/#primaryimage","url":"https:\/\/talkpal.ai\/wp-content\/uploads\/2023\/04\/ukraine.png","contentUrl":"https:\/\/talkpal.ai\/wp-content\/uploads\/2023\/04\/ukraine.png","width":512,"height":512,"caption":"TalkPal Ukrainian Flag"},{"@type":"BreadcrumbList","@id":"https:\/\/talkpal.ai\/da\/ukrainsk-grammatik\/#breadcrumb","itemListElement":[{"@type":"ListItem","position":1,"name":"Homepage","item":"https:\/\/talkpal.ai\/da\/"},{"@type":"ListItem","position":2,"name":"Ukrainsk grammatik"}]},{"@type":"WebSite","@id":"https:\/\/talkpal.ai\/da\/#website","url":"https:\/\/talkpal.ai\/da\/","name":"Talkpal","description":"AI Language Learning","publisher":{"@id":"https:\/\/talkpal.ai\/da\/#organization"},"alternateName":"Talkpal AI","potentialAction":[{"@type":"SearchAction","target":{"@type":"EntryPoint","urlTemplate":"https:\/\/talkpal.ai\/da\/?s={search_term_string}"},"query-input":{"@type":"PropertyValueSpecification","valueRequired":true,"valueName":"search_term_string"}}],"inLanguage":"da-DK"},{"@type":"Organization","@id":"https:\/\/talkpal.ai\/da\/#organization","name":"Talkpal, Inc.","alternateName":"Talkpal AI","url":"https:\/\/talkpal.ai\/da\/","logo":{"@type":"ImageObject","inLanguage":"da-DK","@id":"https:\/\/talkpal.ai\/da\/#\/schema\/logo\/image\/","url":"https:\/\/talkpal.ai\/wp-content\/uploads\/2024\/03\/Talkpal-Logo-Icon.png","contentUrl":"https:\/\/talkpal.ai\/wp-content\/uploads\/2024\/03\/Talkpal-Logo-Icon.png","width":2880,"height":2880,"caption":"Talkpal, Inc."},"image":{"@id":"https:\/\/talkpal.ai\/da\/#\/schema\/logo\/image\/"},"sameAs":["https:\/\/www.facebook.com\/profile.php?id=100090733639311","https:\/\/x.com\/talkpalai","https:\/\/www.linkedin.com\/company\/talkpal\/","https:\/\/www.youtube.com\/@TalkPal\/","https:\/\/www.tiktok.com\/@talkpal","https:\/\/www.instagram.com\/talkpal_ai\/","https:\/\/www.crunchbase.com\/organization\/talkpal-9cde","https:\/\/www.g2.com\/products\/talkpal-for-business\/","https:\/\/www.trustpilot.com\/review\/talkpal.ai","https:\/\/www.capterra.com\/p\/10006800\/TalkPal\/"],"description":"Talkpal is a language learning web and mobile education app, powered by the latest AI technologies, that provides engaging experiences to its customers in many different languages to help them improve their language skills. Users can chat about unlimited amount of topics with the app and use other modes to practice their language learning.","email":"support@talkpal.ai","legalName":"Talkpal, Inc.","foundingDate":"2023-04-03","duns":"118989042","numberOfEmployees":{"@type":"QuantitativeValue","minValue":"11","maxValue":"50"},"publishingPrinciples":"https:\/\/talkpal.ai\/publishing-principles\/","actionableFeedbackPolicy":"https:\/\/talkpal.ai\/actionable-feedback-policy\/","correctionsPolicy":"https:\/\/talkpal.ai\/corrections-policy\/","ethicsPolicy":"https:\/\/talkpal.ai\/ethics-policy\/","diversityPolicy":"https:\/\/talkpal.ai\/diversity-policy\/","diversityStaffingReport":"https:\/\/talkpal.ai\/diversity-policy\/"}]}},"_links":{"self":[{"href":"https:\/\/talkpal.ai\/da\/wp-json\/wp\/v2\/pages\/131146","targetHints":{"allow":["GET"]}}],"collection":[{"href":"https:\/\/talkpal.ai\/da\/wp-json\/wp\/v2\/pages"}],"about":[{"href":"https:\/\/talkpal.ai\/da\/wp-json\/wp\/v2\/types\/page"}],"author":[{"embeddable":true,"href":"https:\/\/talkpal.ai\/da\/wp-json\/wp\/v2\/users\/1"}],"replies":[{"embeddable":true,"href":"https:\/\/talkpal.ai\/da\/wp-json\/wp\/v2\/comments?post=131146"}],"version-history":[{"count":0,"href":"https:\/\/talkpal.ai\/da\/wp-json\/wp\/v2\/pages\/131146\/revisions"}],"wp:featuredmedia":[{"embeddable":true,"href":"https:\/\/talkpal.ai\/da\/wp-json\/wp\/v2\/media\/108600"}],"wp:attachment":[{"href":"https:\/\/talkpal.ai\/da\/wp-json\/wp\/v2\/media?parent=131146"}],"curies":[{"name":"wp","href":"https:\/\/api.w.org\/{rel}","templated":true}]}}