{"id":130872,"date":"2023-05-14T13:53:07","date_gmt":"2023-05-14T13:53:07","guid":{"rendered":"http:\/\/talkpal.ai\/svensk-grammatik\/"},"modified":"2025-12-11T16:33:33","modified_gmt":"2025-12-11T16:33:33","slug":"svensk-grammatik","status":"publish","type":"page","link":"https:\/\/talkpal.ai\/da\/svensk-grammatik\/","title":{"rendered":"Svensk grammatik"},"content":{"rendered":"\r\n\r\n\r\n<section class=\"languageChallengeSection\">\r\n    <div class=\"languageInfoWrapper\">\r\n        \r\n        <h1>Svensk grammatik<\/h1>\r\n        <p>Frig\u00f8r det svenske sprogs sk\u00f8nhed ved at beherske dets v\u00e6sentlige grammatiske regler. En solid forst\u00e5else af <a href=\"https:\/\/talkpal.ai\/no\/laer-svensk\/\">svensk grammatik<\/a> vil g\u00f8re dig i stand til at kommunikere sikkert og komme i kontakt med den svenske kultur. Begynd at l\u00e6re <a href=\"https:\/\/talkpal.ai\/learn-swedish\/\">svensk<\/a> <a href=\"https:\/\/talkpal.ai\/fr\/les\/\">grammatik<\/a> i dag, og tag dit f\u00f8rste skridt mod at kunne tale flydende!<\/p>\r\n\r\n                            <a class=\"getStartedHidden\" href=\"https:\/\/app.talkpal.ai\/da\/signup?lng=\">Kom i gang<\/a>\r\n        \r\n    <\/div>\r\n\r\n    <figure>\r\n    <img decoding=\"async\" width=\"768\" height=\"768\" src=\"https:\/\/talkpal.ai\/wp-content\/uploads\/2023\/06\/swedish-768x768.png\" class=\"languageImage no-lazy\" alt=\"Language learning for improved concentration\" fetchpriority=\"high\" sizes=\"(max-width: 768px) 150px, 768px\" srcset=\"https:\/\/talkpal.ai\/wp-content\/uploads\/2023\/06\/swedish-768x768.png 768w, https:\/\/talkpal.ai\/wp-content\/uploads\/2023\/06\/swedish-300x300.png 300w\" \/>\r\n    \r\n\r\n    <\/figure>\r\n\r\n            <a class=\"getStartedVisible\" href=\"https:\/\/app.talkpal.ai\/da\/signup?lng=\">Kom i gang<\/a>\r\n    \r\n<\/section>\r\n<section class=\"promotionalBanner\">\r\n    <p class=\"promotionalText\">Den mest effektive m\u00e5de at l\u00e6re et <a href=\"https:\/\/talkpal.ai\/what-language-is-spoken-on-the-international-space-station\/\">sprog<\/a> p\u00e5<\/p>\r\n    <a class=\"promotionalLink\" href=\"https:\/\/app.talkpal.ai\/da\/signup?lng=\">Pr\u00f8v Talkpal gratis<\/a>\r\n<\/section>\n<div class=\"wp-block-group pageContainerStyle\"><div class=\"wp-block-group__inner-container is-layout-constrained wp-block-group-is-layout-constrained\">\n<h2 class=\"wp-block-heading\" id=\"h-demystifying-swedish-grammar-a-comprehensive-guide-to-master-its-rules-and-nuances\">Afmystificering af svensk grammatik: En omfattende guide til at mestre dens regler og nuancer<\/h2>\n\n\n\n<p><a href=\"https:\/\/talkpal.ai\/learn-swedish\/\">Svensk<\/a>, der tales af ca. 10 millioner mennesker, er et rigt og melodisk sprog, der tilh\u00f8rer den nordgermanske familie. Selvom svensk grammatik er relativt ligetil sammenlignet med nogle andre sprog, er forst\u00e5else af dens regler og struktur n\u00f8glen til at forbedre dine sprogf\u00e6rdigheder. I denne artikel guider vi dig gennem de grundl\u00e6ggende aspekter af svensk grammatik og giver nyttige tips til at forbedre dine svenske sprogf\u00e6rdigheder.<\/p>\n\n\n\n<h3 class=\"wp-block-heading\" id=\"h-essential-components-of-swedish-grammar\">V\u00e6sentlige komponenter i svensk grammatik:<\/h3>\n\n\n\n<p>Svensk grammatik deler ligheder med <a href=\"https:\/\/talkpal.ai\/da\/grammar\/korte-svar-i-engelsk-grammatik\/\">engelsk grammatik<\/a>, hvilket g\u00f8r det lettere for engelsktalende at l\u00e6re. Her er nogle kritiske aspekter af svensk grammatik, der er v\u00e6rd at s\u00e6tte dig ind i:<\/p>\n\n\n\n<p><strong>1. Substantiver<\/strong> : Svenske navneord er opdelt i to grammatiske k\u00f8n: f\u00e6lles (en) og neutralt (ett). Hvert substantiv tilh\u00f8rer en af disse kategorier, hvilket er vigtigt at overveje, n\u00e5r du bruger ubestemte og bestemte artikler. Svenske navneord har ogs\u00e5 flertalsformer, med flere forskellige m\u00f8nstre at huske.<\/p>\n\n\n\n<p><strong>2. Till\u00e6gsord:<\/strong> Adjektiver p\u00e5 svensk stemmer overens med substantivets k\u00f8n. Afh\u00e6ngigt af substantivets k\u00f8n er der tre former for adjektiver: positiv, komparativ og superlativ. Adjektiver er ogs\u00e5 enige i antal (ental eller flertal).<\/p>\n\n\n\n<p>3. Verber: Svenske verber er klassificeret i fire grupper, hver med sit <strong>b\u00f8jningsm\u00f8nster.<\/strong> Verber b\u00f8jes efter tid (nutid, datid eller fremtid), men de b\u00f8jes ikke efter subjektet som p\u00e5 engelsk. I stedet forbliver svenske verbformer konsistente uanset emnet. Derudover har svenske verber ikke kontinuerlige former (dvs. -ing) som p\u00e5 engelsk.<\/p>\n\n\n\n<p><strong>4. S\u00e6tningsstruktur: Svensk s\u00e6tningsstruktur<\/strong> er typisk Subject-Verb-Object (SVO), ligesom engelsk. Svensk bruger dog ofte V2-ordstillingsreglen, hvor verbet vises i anden position i deklarative s\u00e6tninger og sp\u00f8rgsm\u00e5l.<\/p>\n\n\n\n<h3 class=\"wp-block-heading\" id=\"h-tips-for-learning-swedish-grammar\">Tips til at l\u00e6re svensk grammatik:<\/h3>\n\n\n\n<p>For at g\u00f8re din svenske grammatikl\u00e6ringsrejse glattere er her nogle praktiske tip, du kan f\u00f8lge:<\/p>\n\n\n\n<p><strong>1. \u00d8v regelm\u00e6ssigt:<\/strong> Konsistens er n\u00f8glen. Afs\u00e6t tid hver dag eller uge til at \u00f8ve grammatik\u00f8velser, l\u00e6se og skrive p\u00e5 svensk.<\/p>\n\n\n\n<p><strong>2. Brug indf\u00f8dte ressourcer:<\/strong> Fordyb dig i indf\u00f8dte svenske materialer som litteratur, nyhedsartikler og podcasts. Dette vil ikke kun hj\u00e6lpe dig med at forst\u00e5 svensk grammatik i sammenh\u00e6ng, men ogs\u00e5 forbedre dine l\u00e6se- og lyttef\u00e6rdigheder.<\/p>\n\n\n\n<p><strong>3. L\u00e6r substantiv k\u00f8n og flertal:<\/strong> Det er afg\u00f8rende at huske k\u00f8n (en eller ett) og flertalsformer af svenske navneord. \u00d8velse over tid vil i sidste ende hj\u00e6lpe dig med at internalisere disse regler.<\/p>\n\n\n\n<p><strong>4. Opret forbindelse til modersm\u00e5lstalende:<\/strong> At deltage i samtaler med indf\u00f8dte svensktalende giver dig mulighed for at \u00f8ve grammatik og modtage v\u00e6rdifuld feedback. Overvej at deltage i sprogudvekslingsgrupper eller onlinefora for at komme i kontakt med svensktalende personer.<\/p>\n\n\n\n<p><strong>5. V\u00e6r t\u00e5lmodig og vedholdende:<\/strong> Husk, at l\u00e6ring af grammatik er en proces. Forbliv engageret, bliv ved med at \u00f8ve dig og fejr fremskridt undervejs.<\/p>\n\n\n\n<h2 class=\"wp-block-heading\" id=\"h-conclusion\">Konklusion:<\/h2>\n\n\n\n<p>Svensk grammatik, selvom det tilsyneladende er komplekst, kan mestres med dedikation og forst\u00e5else af dets integrerede komponenter. Hvis du f\u00f8lger vores forslag og fordyber dig i sproget, vil du opleve en stadig forbedring af dine svenske sprogf\u00e6rdigheder. Tag udfordringen op, og nyd rejsen mod svensk grammatisk mestring!<\/p>\n<\/div><\/div>\n\r\n<section class=\"learnNavigationSection\">\r\n            \r\n        <a href=\"https:\/\/talkpal.ai\/da\/laer-svensk\/\">\r\n            <div class=\"learnNavigationWrapper\">\r\n                <div class=\"learnNavigationContent\">\r\n                    <img decoding=\"async\" src=\"https:\/\/talkpal.ai\/wp-content\/uploads\/2024\/08\/Swedish.jpg\" alt=\"Swedish Flag\">\r\n                    <div>\r\n                        <h4>Om Swedish Learning<\/h4>\r\n                        <p>Find ud af alt om svensk grammatik.<\/p>\r\n                    <\/div>\r\n                <\/div>\r\n            <\/div>\r\n        <\/a>\r\n\r\n        \r\n        <a href=\"https:\/\/talkpal.ai\/da\/svenske-grammatikoevelser\/\">\r\n            <div class=\"learnNavigationWrapper\">\r\n                <div class=\"learnNavigationContent\">\r\n                    <img decoding=\"async\" src=\"https:\/\/talkpal.ai\/wp-content\/uploads\/2024\/08\/Swedish.jpg\" alt=\"Swedish Flag\">\r\n                    <div>\r\n                        <h4>Svensk grammatik-\u00f8velse<\/h4>\r\n                        <p>\u00d8v svensk grammatik.<\/p>\r\n                    <\/div>\r\n                <\/div>\r\n            <\/div>\r\n        <\/a>\r\n\r\n        \r\n        <a href=\"https:\/\/talkpal.ai\/vocabulary_language\/swedish\/\">\r\n            <div class=\"learnNavigationWrapper\">\r\n                <div class=\"learnNavigationContent\">\r\n                    <img decoding=\"async\" src=\"https:\/\/talkpal.ai\/wp-content\/uploads\/2024\/08\/Swedish.jpg\" alt=\"Swedish Flag\">\r\n                    <div>\r\n                        <h4>Svensk ordforr\u00e5d<\/h4>\r\n                        <p>Udvid dit svenske ordforr\u00e5d.<\/p>\r\n                    <\/div>\r\n                <\/div>\r\n            <\/div>\r\n        <\/a>\r\n\r\n            <\/section>","protected":false},"excerpt":{"rendered":"<p>Afmystificering af svensk grammatik: En omfattende guide til at mestre dens regler og nuancer Svensk, der tales af ca. 10 millioner mennesker, er et rigt og melodisk sprog, der tilh\u00f8rer den nordgermanske familie. Selvom svensk grammatik er relativt ligetil sammenlignet med nogle andre sprog, er forst\u00e5else af dens regler og struktur n\u00f8glen til at forbedre [&hellip;]<\/p>\n","protected":false},"author":1,"featured_media":108318,"parent":0,"menu_order":0,"comment_status":"closed","ping_status":"closed","template":"LearningContentPage.php","meta":{"_acf_changed":false,"footnotes":""},"class_list":["post-130872","page","type-page","status-publish","has-post-thumbnail","hentry"],"acf":[],"yoast_head":"<!-- This site is optimized with the Yoast SEO Premium plugin v27.2 (Yoast SEO v27.2) - https:\/\/yoast.com\/product\/yoast-seo-premium-wordpress\/ -->\n<title>Svensk grammatik - Talkpal<\/title>\n<meta name=\"description\" content=\"L\u00e5s op for den svenske grammatiks hemmeligheder og forbedr dine sprogf\u00e6rdigheder med grundl\u00e6ggende regler og nyttige tips.\" \/>\n<meta name=\"robots\" content=\"index, follow, max-snippet:-1, max-image-preview:large, max-video-preview:-1\" \/>\n<link rel=\"canonical\" href=\"https:\/\/talkpal.ai\/da\/svensk-grammatik\/\" \/>\n<meta property=\"og:locale\" content=\"da_DK\" \/>\n<meta property=\"og:type\" content=\"article\" \/>\n<meta property=\"og:title\" content=\"Svensk grammatik\" \/>\n<meta property=\"og:description\" content=\"Afmystificering af svensk grammatik: En omfattende guide til at mestre dens regler og nuancer Svensk, der tales af ca. 10 millioner mennesker, er et rigt\" \/>\n<meta property=\"og:url\" content=\"https:\/\/talkpal.ai\/da\/svensk-grammatik\/\" \/>\n<meta property=\"og:site_name\" content=\"Talkpal\" \/>\n<meta property=\"article:publisher\" content=\"https:\/\/www.facebook.com\/profile.php?id=100090733639311\" \/>\n<meta property=\"article:modified_time\" content=\"2025-12-11T16:33:33+00:00\" \/>\n<meta property=\"og:image\" content=\"https:\/\/talkpal.ai\/wp-content\/uploads\/2023\/04\/sweden.png\" \/>\n\t<meta property=\"og:image:width\" content=\"512\" \/>\n\t<meta property=\"og:image:height\" content=\"512\" \/>\n\t<meta property=\"og:image:type\" content=\"image\/png\" \/>\n<meta name=\"twitter:card\" content=\"summary_large_image\" \/>\n<meta name=\"twitter:site\" content=\"@talkpalai\" \/>\n<meta name=\"twitter:label1\" content=\"Estimeret l\u00e6setid\" \/>\n\t<meta name=\"twitter:data1\" content=\"3 minutter\" \/>\n<script type=\"application\/ld+json\" class=\"yoast-schema-graph\">{\"@context\":\"https:\/\/schema.org\",\"@graph\":[{\"@type\":\"WebPage\",\"@id\":\"https:\/\/talkpal.ai\/da\/svensk-grammatik\/\",\"url\":\"https:\/\/talkpal.ai\/da\/svensk-grammatik\/\",\"name\":\"Svensk grammatik - Talkpal\",\"isPartOf\":{\"@id\":\"https:\/\/talkpal.ai\/da\/#website\"},\"primaryImageOfPage\":{\"@id\":\"https:\/\/talkpal.ai\/da\/svensk-grammatik\/#primaryimage\"},\"image\":{\"@id\":\"https:\/\/talkpal.ai\/da\/svensk-grammatik\/#primaryimage\"},\"thumbnailUrl\":\"https:\/\/talkpal.ai\/wp-content\/uploads\/2023\/04\/sweden.png\",\"datePublished\":\"2023-05-14T13:53:07+00:00\",\"dateModified\":\"2025-12-11T16:33:33+00:00\",\"description\":\"L\u00e5s op for den svenske grammatiks hemmeligheder og forbedr dine sprogf\u00e6rdigheder med grundl\u00e6ggende regler og nyttige tips.\",\"breadcrumb\":{\"@id\":\"https:\/\/talkpal.ai\/da\/svensk-grammatik\/#breadcrumb\"},\"inLanguage\":\"da-DK\",\"potentialAction\":[{\"@type\":\"ReadAction\",\"target\":[\"https:\/\/talkpal.ai\/da\/svensk-grammatik\/\"]}]},{\"@type\":\"ImageObject\",\"inLanguage\":\"da-DK\",\"@id\":\"https:\/\/talkpal.ai\/da\/svensk-grammatik\/#primaryimage\",\"url\":\"https:\/\/talkpal.ai\/wp-content\/uploads\/2023\/04\/sweden.png\",\"contentUrl\":\"https:\/\/talkpal.ai\/wp-content\/uploads\/2023\/04\/sweden.png\",\"width\":512,\"height\":512},{\"@type\":\"BreadcrumbList\",\"@id\":\"https:\/\/talkpal.ai\/da\/svensk-grammatik\/#breadcrumb\",\"itemListElement\":[{\"@type\":\"ListItem\",\"position\":1,\"name\":\"Homepage\",\"item\":\"https:\/\/talkpal.ai\/da\/\"},{\"@type\":\"ListItem\",\"position\":2,\"name\":\"Svensk grammatik\"}]},{\"@type\":\"WebSite\",\"@id\":\"https:\/\/talkpal.ai\/da\/#website\",\"url\":\"https:\/\/talkpal.ai\/da\/\",\"name\":\"Talkpal\",\"description\":\"AI Language Learning\",\"publisher\":{\"@id\":\"https:\/\/talkpal.ai\/da\/#organization\"},\"alternateName\":\"Talkpal AI\",\"potentialAction\":[{\"@type\":\"SearchAction\",\"target\":{\"@type\":\"EntryPoint\",\"urlTemplate\":\"https:\/\/talkpal.ai\/da\/?s={search_term_string}\"},\"query-input\":{\"@type\":\"PropertyValueSpecification\",\"valueRequired\":true,\"valueName\":\"search_term_string\"}}],\"inLanguage\":\"da-DK\"},{\"@type\":\"Organization\",\"@id\":\"https:\/\/talkpal.ai\/da\/#organization\",\"name\":\"Talkpal, Inc.\",\"alternateName\":\"Talkpal AI\",\"url\":\"https:\/\/talkpal.ai\/da\/\",\"logo\":{\"@type\":\"ImageObject\",\"inLanguage\":\"da-DK\",\"@id\":\"https:\/\/talkpal.ai\/da\/#\/schema\/logo\/image\/\",\"url\":\"https:\/\/talkpal.ai\/wp-content\/uploads\/2024\/03\/Talkpal-Logo-Icon.png\",\"contentUrl\":\"https:\/\/talkpal.ai\/wp-content\/uploads\/2024\/03\/Talkpal-Logo-Icon.png\",\"width\":2880,\"height\":2880,\"caption\":\"Talkpal, Inc.\"},\"image\":{\"@id\":\"https:\/\/talkpal.ai\/da\/#\/schema\/logo\/image\/\"},\"sameAs\":[\"https:\/\/www.facebook.com\/profile.php?id=100090733639311\",\"https:\/\/x.com\/talkpalai\",\"https:\/\/www.linkedin.com\/company\/talkpal\/\",\"https:\/\/www.youtube.com\/@TalkPal\/\",\"https:\/\/www.tiktok.com\/@talkpal\",\"https:\/\/www.instagram.com\/talkpal_ai\/\",\"https:\/\/www.crunchbase.com\/organization\/talkpal-9cde\",\"https:\/\/www.g2.com\/products\/talkpal-for-business\/\",\"https:\/\/www.trustpilot.com\/review\/talkpal.ai\",\"https:\/\/www.capterra.com\/p\/10006800\/TalkPal\/\"],\"description\":\"Talkpal is a language learning web and mobile education app, powered by the latest AI technologies, that provides engaging experiences to its customers in many different languages to help them improve their language skills. Users can chat about unlimited amount of topics with the app and use other modes to practice their language learning.\",\"email\":\"support@talkpal.ai\",\"legalName\":\"Talkpal, Inc.\",\"foundingDate\":\"2023-04-03\",\"duns\":\"118989042\",\"numberOfEmployees\":{\"@type\":\"QuantitativeValue\",\"minValue\":\"11\",\"maxValue\":\"50\"},\"publishingPrinciples\":\"https:\/\/talkpal.ai\/publishing-principles\/\",\"actionableFeedbackPolicy\":\"https:\/\/talkpal.ai\/actionable-feedback-policy\/\",\"correctionsPolicy\":\"https:\/\/talkpal.ai\/corrections-policy\/\",\"ethicsPolicy\":\"https:\/\/talkpal.ai\/ethics-policy\/\",\"diversityPolicy\":\"https:\/\/talkpal.ai\/diversity-policy\/\",\"diversityStaffingReport\":\"https:\/\/talkpal.ai\/diversity-policy\/\"}]}<\/script>\n<!-- \/ Yoast SEO Premium plugin. -->","yoast_head_json":{"title":"Svensk grammatik - Talkpal","description":"L\u00e5s op for den svenske grammatiks hemmeligheder og forbedr dine sprogf\u00e6rdigheder med grundl\u00e6ggende regler og nyttige tips.","robots":{"index":"index","follow":"follow","max-snippet":"max-snippet:-1","max-image-preview":"max-image-preview:large","max-video-preview":"max-video-preview:-1"},"canonical":"https:\/\/talkpal.ai\/da\/svensk-grammatik\/","og_locale":"da_DK","og_type":"article","og_title":"Svensk grammatik","og_description":"Afmystificering af svensk grammatik: En omfattende guide til at mestre dens regler og nuancer Svensk, der tales af ca. 10 millioner mennesker, er et rigt","og_url":"https:\/\/talkpal.ai\/da\/svensk-grammatik\/","og_site_name":"Talkpal","article_publisher":"https:\/\/www.facebook.com\/profile.php?id=100090733639311","article_modified_time":"2025-12-11T16:33:33+00:00","og_image":[{"width":512,"height":512,"url":"https:\/\/talkpal.ai\/wp-content\/uploads\/2023\/04\/sweden.png","type":"image\/png"}],"twitter_card":"summary_large_image","twitter_site":"@talkpalai","twitter_misc":{"Estimeret l\u00e6setid":"3 minutter"},"schema":{"@context":"https:\/\/schema.org","@graph":[{"@type":"WebPage","@id":"https:\/\/talkpal.ai\/da\/svensk-grammatik\/","url":"https:\/\/talkpal.ai\/da\/svensk-grammatik\/","name":"Svensk grammatik - Talkpal","isPartOf":{"@id":"https:\/\/talkpal.ai\/da\/#website"},"primaryImageOfPage":{"@id":"https:\/\/talkpal.ai\/da\/svensk-grammatik\/#primaryimage"},"image":{"@id":"https:\/\/talkpal.ai\/da\/svensk-grammatik\/#primaryimage"},"thumbnailUrl":"https:\/\/talkpal.ai\/wp-content\/uploads\/2023\/04\/sweden.png","datePublished":"2023-05-14T13:53:07+00:00","dateModified":"2025-12-11T16:33:33+00:00","description":"L\u00e5s op for den svenske grammatiks hemmeligheder og forbedr dine sprogf\u00e6rdigheder med grundl\u00e6ggende regler og nyttige tips.","breadcrumb":{"@id":"https:\/\/talkpal.ai\/da\/svensk-grammatik\/#breadcrumb"},"inLanguage":"da-DK","potentialAction":[{"@type":"ReadAction","target":["https:\/\/talkpal.ai\/da\/svensk-grammatik\/"]}]},{"@type":"ImageObject","inLanguage":"da-DK","@id":"https:\/\/talkpal.ai\/da\/svensk-grammatik\/#primaryimage","url":"https:\/\/talkpal.ai\/wp-content\/uploads\/2023\/04\/sweden.png","contentUrl":"https:\/\/talkpal.ai\/wp-content\/uploads\/2023\/04\/sweden.png","width":512,"height":512},{"@type":"BreadcrumbList","@id":"https:\/\/talkpal.ai\/da\/svensk-grammatik\/#breadcrumb","itemListElement":[{"@type":"ListItem","position":1,"name":"Homepage","item":"https:\/\/talkpal.ai\/da\/"},{"@type":"ListItem","position":2,"name":"Svensk grammatik"}]},{"@type":"WebSite","@id":"https:\/\/talkpal.ai\/da\/#website","url":"https:\/\/talkpal.ai\/da\/","name":"Talkpal","description":"AI Language Learning","publisher":{"@id":"https:\/\/talkpal.ai\/da\/#organization"},"alternateName":"Talkpal AI","potentialAction":[{"@type":"SearchAction","target":{"@type":"EntryPoint","urlTemplate":"https:\/\/talkpal.ai\/da\/?s={search_term_string}"},"query-input":{"@type":"PropertyValueSpecification","valueRequired":true,"valueName":"search_term_string"}}],"inLanguage":"da-DK"},{"@type":"Organization","@id":"https:\/\/talkpal.ai\/da\/#organization","name":"Talkpal, Inc.","alternateName":"Talkpal AI","url":"https:\/\/talkpal.ai\/da\/","logo":{"@type":"ImageObject","inLanguage":"da-DK","@id":"https:\/\/talkpal.ai\/da\/#\/schema\/logo\/image\/","url":"https:\/\/talkpal.ai\/wp-content\/uploads\/2024\/03\/Talkpal-Logo-Icon.png","contentUrl":"https:\/\/talkpal.ai\/wp-content\/uploads\/2024\/03\/Talkpal-Logo-Icon.png","width":2880,"height":2880,"caption":"Talkpal, Inc."},"image":{"@id":"https:\/\/talkpal.ai\/da\/#\/schema\/logo\/image\/"},"sameAs":["https:\/\/www.facebook.com\/profile.php?id=100090733639311","https:\/\/x.com\/talkpalai","https:\/\/www.linkedin.com\/company\/talkpal\/","https:\/\/www.youtube.com\/@TalkPal\/","https:\/\/www.tiktok.com\/@talkpal","https:\/\/www.instagram.com\/talkpal_ai\/","https:\/\/www.crunchbase.com\/organization\/talkpal-9cde","https:\/\/www.g2.com\/products\/talkpal-for-business\/","https:\/\/www.trustpilot.com\/review\/talkpal.ai","https:\/\/www.capterra.com\/p\/10006800\/TalkPal\/"],"description":"Talkpal is a language learning web and mobile education app, powered by the latest AI technologies, that provides engaging experiences to its customers in many different languages to help them improve their language skills. Users can chat about unlimited amount of topics with the app and use other modes to practice their language learning.","email":"support@talkpal.ai","legalName":"Talkpal, Inc.","foundingDate":"2023-04-03","duns":"118989042","numberOfEmployees":{"@type":"QuantitativeValue","minValue":"11","maxValue":"50"},"publishingPrinciples":"https:\/\/talkpal.ai\/publishing-principles\/","actionableFeedbackPolicy":"https:\/\/talkpal.ai\/actionable-feedback-policy\/","correctionsPolicy":"https:\/\/talkpal.ai\/corrections-policy\/","ethicsPolicy":"https:\/\/talkpal.ai\/ethics-policy\/","diversityPolicy":"https:\/\/talkpal.ai\/diversity-policy\/","diversityStaffingReport":"https:\/\/talkpal.ai\/diversity-policy\/"}]}},"_links":{"self":[{"href":"https:\/\/talkpal.ai\/da\/wp-json\/wp\/v2\/pages\/130872","targetHints":{"allow":["GET"]}}],"collection":[{"href":"https:\/\/talkpal.ai\/da\/wp-json\/wp\/v2\/pages"}],"about":[{"href":"https:\/\/talkpal.ai\/da\/wp-json\/wp\/v2\/types\/page"}],"author":[{"embeddable":true,"href":"https:\/\/talkpal.ai\/da\/wp-json\/wp\/v2\/users\/1"}],"replies":[{"embeddable":true,"href":"https:\/\/talkpal.ai\/da\/wp-json\/wp\/v2\/comments?post=130872"}],"version-history":[{"count":0,"href":"https:\/\/talkpal.ai\/da\/wp-json\/wp\/v2\/pages\/130872\/revisions"}],"wp:featuredmedia":[{"embeddable":true,"href":"https:\/\/talkpal.ai\/da\/wp-json\/wp\/v2\/media\/108318"}],"wp:attachment":[{"href":"https:\/\/talkpal.ai\/da\/wp-json\/wp\/v2\/media?parent=130872"}],"curies":[{"name":"wp","href":"https:\/\/api.w.org\/{rel}","templated":true}]}}