{"id":129553,"date":"2023-05-14T13:50:44","date_gmt":"2023-05-14T13:50:44","guid":{"rendered":"http:\/\/talkpal.ai\/hindi-grammatik\/"},"modified":"2025-12-13T15:13:00","modified_gmt":"2025-12-13T15:13:00","slug":"hindi-grammatik","status":"publish","type":"page","link":"https:\/\/talkpal.ai\/da\/hindi-grammatik\/","title":{"rendered":"Hindi grammatik"},"content":{"rendered":"\r\n\r\n\r\n<section class=\"languageChallengeSection\">\r\n    <div class=\"languageInfoWrapper\">\r\n        \r\n        <h1>Hindi grammatik<\/h1>\r\n        <p>Er du klar til at l\u00e6re <a href=\"https:\/\/talkpal.ai\/learn-hindi\/\">hindi<\/a>? Dyk ned i hindi-grammatikken, hvor k\u00f8nnede navneord, en s\u00e6tningsstruktur med subjekt-objekt-verbum og udtryksfulde verbalb\u00f8jninger giver sproget liv. Start din hindi-rejse i dag &#8211; hvis du mestrer grammatikken, kan du kommunikere selvsikkert og komme i kontakt med Indiens levende kultur og traditioner!<\/p>\r\n\r\n                            <a class=\"getStartedHidden\" href=\"https:\/\/app.talkpal.ai\/da\/signup?lng=\">Kom i gang<\/a>\r\n        \r\n    <\/div>\r\n\r\n    <figure>\r\n    <img decoding=\"async\" width=\"768\" height=\"768\" src=\"https:\/\/talkpal.ai\/wp-content\/uploads\/2023\/06\/hindi-768x768.png\" class=\"languageImage no-lazy\" alt=\"Language learning for mental agility\" fetchpriority=\"high\" sizes=\"(max-width: 768px) 150px, 768px\" srcset=\"https:\/\/talkpal.ai\/wp-content\/uploads\/2023\/06\/hindi-768x768.png 768w, https:\/\/talkpal.ai\/wp-content\/uploads\/2023\/06\/hindi-300x300.png 300w\" \/>\r\n    \r\n\r\n    <\/figure>\r\n\r\n            <a class=\"getStartedVisible\" href=\"https:\/\/app.talkpal.ai\/da\/signup?lng=\">Kom i gang<\/a>\r\n    \r\n<\/section>\r\n<section class=\"promotionalBanner\">\r\n    <p class=\"promotionalText\">Den mest effektive m\u00e5de at l\u00e6re et sprog p\u00e5<\/p>\r\n    <a class=\"promotionalLink\" href=\"https:\/\/app.talkpal.ai\/da\/signup?lng=\">Pr\u00f8v Talkpal gratis<\/a>\r\n<\/section>\n<div class=\"wp-block-group pageContainerStyle\"><div class=\"wp-block-group__inner-container is-layout-constrained wp-block-group-is-layout-constrained\">\n<h2 class=\"wp-block-heading\" id=\"h-mastering-hindi-grammar-your-ultimate-guide\">Mastering hindi grammatik: Din ultimative guide<\/h2>\n\n\n\n<p>Namaste, <a href=\"https:\/\/talkpal.ai\/talkpal-discount-for-language-enthusiasts\/\">sprogentusiaster<\/a>! Er du klar til at udforske verden af <a href=\"https:\/\/talkpal.ai\/es\/gramatica-hindi\/\">hindi grammatik<\/a>? Du er kommet til det rette sted. Fyldt med letforst\u00e5elig information og en konversationstone, vil denne artikel guide dig gennem det fascinerende rige af hindi <a href=\"https:\/\/talkpal.ai\/fr\/les\/\">grammatik<\/a>. Snart vil du v\u00e6re i stand til at konstruere s\u00e6tninger og f\u00f8re meningsfulde samtaler med indf\u00f8dte talere. S\u00e5 lad os kaste os ud i det!<\/p>\n\n\n\n<p><strong>Men f\u00f8rst, hvorfor hindi grammatik?<\/strong><\/p>\n\n\n\n<p>Hvis du l\u00e6rer hindi, er et st\u00e6rkt fundament i grammatik afg\u00f8rende for at kunne tale, l\u00e6se og skrive flydende. Mens hindi grammatik oprindeligt kan virke kompleks, bliver den mere tilg\u00e6ngelig, n\u00e5r den opdeles i mindre, h\u00e5ndterbare segmenter. Denne artikel vil v\u00e6re det perfekte sted at begynde din rejse mod at <a href=\"https:\/\/talkpal.ai\/locations\/language-courses-in-mestre\/\">mestre<\/a> hindi grammatik!<\/p>\n\n\n\n<h3 class=\"wp-block-heading\" id=\"h-1-nouns-gender-and-cases\">1. Substantiver, k\u00f8n og kasus<\/h3>\n\n\n\n<p>Hindi substantiver findes i to k\u00f8n: maskulin og feminin. Det er vigtigt at identificere substantivets k\u00f8n, da det p\u00e5virker andre dele af sproget, f.eks. adjektiver og verber.  <\/p>\n\n\n\n<p>En simpel tommelfingerregel: Hvis et navneord ender p\u00e5 \u00bb-aa\u00ab (\u00bb\u0906\u00ab), er det som regel maskulint, mens et navneord, der ender p\u00e5 \u00bb-ii\u00ab (\u00bb\u0908\u00ab), som regel er feminint. Men husk &#8211; som altid findes der undtagelser!  <\/p>\n\n\n\n<p>Hindi substantiver tager forskellige former afh\u00e6ngigt af deres rolle i en s\u00e6tning (emne, objekt, besiddende osv.). Disse formularer kaldes sager. De prim\u00e6re kasus p\u00e5 hindi er direkte (\u00bb\u0906\u092e \u0915\u094d\u0930\u092e\u00ab), skr\u00e5 (\u00bb\u0909\u092a \u0935\u093f\u0932\u094b\u092e\u00ab) og vokativ (\u00bb\u0938\u0902\u092c\u094b\u0927\u0928\u00ab).<\/p>\n\n\n\n<h3 class=\"wp-block-heading\" id=\"h-2-pronouns-and-agreement\">2. Pronomen og enighed<\/h3>\n\n\n\n<p>Hindi pronomen (jeg, du, han, hun osv.) \u00e6ndres efter k\u00f8n og hierarki. For eksempel: \u092e\u0948\u0902 (main &#8211; jeg), \u0924\u0941\u092e (tum &#8211; du, uformelt), \u0906\u092a (aap &#8211; du, formelt), \u0935\u0939 (vah &#8211; han\/hun), \u0939\u092e (hum &#8211; vi) og \u0935\u0947 (ve &#8211; de).  <\/p>\n\n\n\n<p>Det er vigtigt at v\u00e6re opm\u00e6rksom p\u00e5 hierarkiet, n\u00e5r man bruger pronominer. For eksempel kan \u00bb\u0924\u0941\u092e\u00ab v\u00e6re passende blandt venner, men at bruge \u00bb\u0906\u092a\u00ab viser respekt, n\u00e5r man henvender sig til \u00e6ldre eller fremmede.<\/p>\n\n\n\n<h3 class=\"wp-block-heading\" id=\"h-3-verbs-tense-and-conjugation\">3. Verber, tid og b\u00f8jning<\/h3>\n\n\n\n<p>Verb danner rygraden i hindi grammatik, og forst\u00e5else af dem er afg\u00f8rende for at konstruere s\u00e6tninger. Hindi verber er bredt kategoriseret som transitive (\u00bb\u0938\u0915\u0930\u094d\u092e\u0915\u00ab) og intransitive (\u00bb\u0905\u0915\u0930\u094d\u092e\u0915\u00ab), med forskellige b\u00f8jningsregler for hver.  <\/p>\n\n\n\n<p>For at give dig et hurtigt overblik, lad os diskutere nutidsb\u00f8jning af almindelige verber:<\/p>\n\n\n\n<p>&#8211; \u092e\u0948\u0902 \u092a\u0922\u093c\u0924\u093e \u0939\u0942\u0901 (main padhta hoon &#8211; jeg l\u00e6ser, maskulinum)<\/p>\n\n\n\n<p>&#8211; \u092e\u0948\u0902 \u092a\u0922\u093c\u0924\u0940 \u0939\u0942\u0901 (main padhti hoon &#8211; jeg l\u00e6ser, femininum)<\/p>\n\n\n\n<p>&#8211; \u0924\u0941\u092e \u092a\u0922\u093c\u0924\u0947 \u0939\u094b (tum padhte ho &#8211; du l\u00e6ser, uformel, maskulin)<\/p>\n\n\n\n<p>&#8211; \u0924\u0941\u092e \u092a\u0922\u093c\u0924\u0940 \u0939\u094b (tum padhti ho &#8211; du l\u00e6ser, uformel, feminin)<\/p>\n\n\n\n<p>Husk, dette er kun begyndelsen! Der er mange tider og uregelm\u00e6ssige verb at mestre, men hvert nyt trin bringer dig t\u00e6ttere p\u00e5 flydende.<\/p>\n\n\n\n<h3 class=\"wp-block-heading\" id=\"h-4-adjectives-adverbs-and-more\">4. Adjektiver, adverb og mere!<\/h3>\n\n\n\n<p>Hindi grammatik omfatter andre komponenter s\u00e5som adjektiver (som skal v\u00e6re enige med substantiver i k\u00f8n og antal), adverb, pr\u00e6positioner og idiomatiske udtryk. Hvert element er n\u00f8glen til at blive flydende p\u00e5 hindi, s\u00e5 tackle dem et skridt ad gangen.<\/p>\n\n\n\n<p>Konklusionen er, at der ikke er nogen genvej til at mestre <a href=\"https:\/\/talkpal.ai\/hindi-grammar\/\">hindi-grammatik<\/a>. Det kr\u00e6ver vedholdenhed, \u00f8velse og t\u00e5lmodighed. Men n\u00e5r du f\u00f8rst har forst\u00e5et det, vil du v\u00e6re i stand til at v\u00e6rds\u00e6tte nuancerne i at tale hindi, afd\u00e6kke den rige kultur og historie og uddybe din k\u00e6rlighed til sproget. \u0936\u0941\u092d\u0915\u093e\u092e\u0928\u093e\u090f\u0901 (shubhkaamnaayein &#8211; de bedste \u00f8nsker)!<\/p>\n<\/div><\/div>\n\r\n<section class=\"learnNavigationSection\">\r\n            \r\n        <a href=\"https:\/\/talkpal.ai\/da\/laer-hindi\/\">\r\n            <div class=\"learnNavigationWrapper\">\r\n                <div class=\"learnNavigationContent\">\r\n                    <img decoding=\"async\" src=\"https:\/\/talkpal.ai\/wp-content\/uploads\/2024\/08\/Hindi.jpg\" alt=\"Indian Flag\">\r\n                    <div>\r\n                        <h4>Om at l\u00e6re hindi<\/h4>\r\n                        <p>Find ud af alt om hindi grammatik.<\/p>\r\n                    <\/div>\r\n                <\/div>\r\n            <\/div>\r\n        <\/a>\r\n\r\n        \r\n        <a href=\"https:\/\/talkpal.ai\/da\/hindi-grammatik-oevelser\/\">\r\n            <div class=\"learnNavigationWrapper\">\r\n                <div class=\"learnNavigationContent\">\r\n                    <img decoding=\"async\" src=\"https:\/\/talkpal.ai\/wp-content\/uploads\/2024\/08\/Hindi.jpg\" alt=\"Indian Flag\">\r\n                    <div>\r\n                        <h4>\u00d8velse i hindi-grammatik<\/h4>\r\n                        <p>\u00d8v hindi grammatik.<\/p>\r\n                    <\/div>\r\n                <\/div>\r\n            <\/div>\r\n        <\/a>\r\n\r\n        \r\n        <a href=\"https:\/\/talkpal.ai\/vocabulary_language\/hindi\/\">\r\n            <div class=\"learnNavigationWrapper\">\r\n                <div class=\"learnNavigationContent\">\r\n                    <img decoding=\"async\" src=\"https:\/\/talkpal.ai\/wp-content\/uploads\/2024\/08\/Hindi.jpg\" alt=\"Indian Flag\">\r\n                    <div>\r\n                        <h4>Ordforr\u00e5d p\u00e5 hindi<\/h4>\r\n                        <p>Udvid dit hindi-ordforr\u00e5d.<\/p>\r\n                    <\/div>\r\n                <\/div>\r\n            <\/div>\r\n        <\/a>\r\n\r\n            <\/section>","protected":false},"excerpt":{"rendered":"<p>Mastering hindi grammatik: Din ultimative guide Namaste, sprogentusiaster! Er du klar til at udforske verden af hindi grammatik? Du er kommet til det rette sted. Fyldt med letforst\u00e5elig information og en konversationstone, vil denne artikel guide dig gennem det fascinerende rige af hindi grammatik. Snart vil du v\u00e6re i stand til at konstruere s\u00e6tninger og [&hellip;]<\/p>\n","protected":false},"author":1,"featured_media":188201,"parent":0,"menu_order":0,"comment_status":"closed","ping_status":"closed","template":"LearningContentPage.php","meta":{"_acf_changed":false,"footnotes":""},"class_list":["post-129553","page","type-page","status-publish","has-post-thumbnail","hentry"],"acf":[],"yoast_head":"<!-- This site is optimized with the Yoast SEO Premium plugin v27.2 (Yoast SEO v27.2) - https:\/\/yoast.com\/product\/yoast-seo-premium-wordpress\/ -->\n<title>Hindi grammatik - Talkpal<\/title>\n<meta name=\"description\" content=\"Behersk hindi-grammatik med selvtillid - l\u00e6r klare regler, form korrekte s\u00e6tninger og tal bedre med nem vejledning fra Talkpal AI.\" \/>\n<meta name=\"robots\" content=\"index, follow, max-snippet:-1, max-image-preview:large, max-video-preview:-1\" \/>\n<link rel=\"canonical\" href=\"https:\/\/talkpal.ai\/da\/hindi-grammatik\/\" \/>\n<meta property=\"og:locale\" content=\"da_DK\" \/>\n<meta property=\"og:type\" content=\"article\" \/>\n<meta property=\"og:title\" content=\"Hindi grammatik\" \/>\n<meta property=\"og:description\" content=\"Mastering hindi grammatik: Din ultimative guide Namaste, sprogentusiaster! Er du klar til at udforske verden af hindi grammatik? Du er kommet til det\" \/>\n<meta property=\"og:url\" content=\"https:\/\/talkpal.ai\/da\/hindi-grammatik\/\" \/>\n<meta property=\"og:site_name\" content=\"Talkpal\" \/>\n<meta property=\"article:publisher\" content=\"https:\/\/www.facebook.com\/profile.php?id=100090733639311\" \/>\n<meta property=\"article:modified_time\" content=\"2025-12-13T15:13:00+00:00\" \/>\n<meta property=\"og:image\" content=\"https:\/\/talkpal.ai\/wp-content\/uploads\/2024\/02\/india.png\" \/>\n\t<meta property=\"og:image:width\" content=\"517\" \/>\n\t<meta property=\"og:image:height\" content=\"517\" \/>\n\t<meta property=\"og:image:type\" content=\"image\/png\" \/>\n<meta name=\"twitter:card\" content=\"summary_large_image\" \/>\n<meta name=\"twitter:site\" content=\"@talkpalai\" \/>\n<meta name=\"twitter:label1\" content=\"Estimeret l\u00e6setid\" \/>\n\t<meta name=\"twitter:data1\" content=\"3 minutter\" \/>\n<script type=\"application\/ld+json\" class=\"yoast-schema-graph\">{\"@context\":\"https:\/\/schema.org\",\"@graph\":[{\"@type\":\"WebPage\",\"@id\":\"https:\/\/talkpal.ai\/da\/hindi-grammatik\/\",\"url\":\"https:\/\/talkpal.ai\/da\/hindi-grammatik\/\",\"name\":\"Hindi grammatik - Talkpal\",\"isPartOf\":{\"@id\":\"https:\/\/talkpal.ai\/da\/#website\"},\"primaryImageOfPage\":{\"@id\":\"https:\/\/talkpal.ai\/da\/hindi-grammatik\/#primaryimage\"},\"image\":{\"@id\":\"https:\/\/talkpal.ai\/da\/hindi-grammatik\/#primaryimage\"},\"thumbnailUrl\":\"https:\/\/talkpal.ai\/wp-content\/uploads\/2024\/02\/india.png\",\"datePublished\":\"2023-05-14T13:50:44+00:00\",\"dateModified\":\"2025-12-13T15:13:00+00:00\",\"description\":\"Behersk hindi-grammatik med selvtillid - l\u00e6r klare regler, form korrekte s\u00e6tninger og tal bedre med nem vejledning fra Talkpal AI.\",\"breadcrumb\":{\"@id\":\"https:\/\/talkpal.ai\/da\/hindi-grammatik\/#breadcrumb\"},\"inLanguage\":\"da-DK\",\"potentialAction\":[{\"@type\":\"ReadAction\",\"target\":[\"https:\/\/talkpal.ai\/da\/hindi-grammatik\/\"]}]},{\"@type\":\"ImageObject\",\"inLanguage\":\"da-DK\",\"@id\":\"https:\/\/talkpal.ai\/da\/hindi-grammatik\/#primaryimage\",\"url\":\"https:\/\/talkpal.ai\/wp-content\/uploads\/2024\/02\/india.png\",\"contentUrl\":\"https:\/\/talkpal.ai\/wp-content\/uploads\/2024\/02\/india.png\",\"width\":517,\"height\":517,\"caption\":\"TalkPal Indian Flag\"},{\"@type\":\"BreadcrumbList\",\"@id\":\"https:\/\/talkpal.ai\/da\/hindi-grammatik\/#breadcrumb\",\"itemListElement\":[{\"@type\":\"ListItem\",\"position\":1,\"name\":\"Homepage\",\"item\":\"https:\/\/talkpal.ai\/da\/\"},{\"@type\":\"ListItem\",\"position\":2,\"name\":\"Hindi grammatik\"}]},{\"@type\":\"WebSite\",\"@id\":\"https:\/\/talkpal.ai\/da\/#website\",\"url\":\"https:\/\/talkpal.ai\/da\/\",\"name\":\"Talkpal\",\"description\":\"AI Language Learning\",\"publisher\":{\"@id\":\"https:\/\/talkpal.ai\/da\/#organization\"},\"alternateName\":\"Talkpal AI\",\"potentialAction\":[{\"@type\":\"SearchAction\",\"target\":{\"@type\":\"EntryPoint\",\"urlTemplate\":\"https:\/\/talkpal.ai\/da\/?s={search_term_string}\"},\"query-input\":{\"@type\":\"PropertyValueSpecification\",\"valueRequired\":true,\"valueName\":\"search_term_string\"}}],\"inLanguage\":\"da-DK\"},{\"@type\":\"Organization\",\"@id\":\"https:\/\/talkpal.ai\/da\/#organization\",\"name\":\"Talkpal, Inc.\",\"alternateName\":\"Talkpal AI\",\"url\":\"https:\/\/talkpal.ai\/da\/\",\"logo\":{\"@type\":\"ImageObject\",\"inLanguage\":\"da-DK\",\"@id\":\"https:\/\/talkpal.ai\/da\/#\/schema\/logo\/image\/\",\"url\":\"https:\/\/talkpal.ai\/wp-content\/uploads\/2024\/03\/Talkpal-Logo-Icon.png\",\"contentUrl\":\"https:\/\/talkpal.ai\/wp-content\/uploads\/2024\/03\/Talkpal-Logo-Icon.png\",\"width\":2880,\"height\":2880,\"caption\":\"Talkpal, Inc.\"},\"image\":{\"@id\":\"https:\/\/talkpal.ai\/da\/#\/schema\/logo\/image\/\"},\"sameAs\":[\"https:\/\/www.facebook.com\/profile.php?id=100090733639311\",\"https:\/\/x.com\/talkpalai\",\"https:\/\/www.linkedin.com\/company\/talkpal\/\",\"https:\/\/www.youtube.com\/@TalkPal\/\",\"https:\/\/www.tiktok.com\/@talkpal\",\"https:\/\/www.instagram.com\/talkpal_ai\/\",\"https:\/\/www.crunchbase.com\/organization\/talkpal-9cde\",\"https:\/\/www.g2.com\/products\/talkpal-for-business\/\",\"https:\/\/www.trustpilot.com\/review\/talkpal.ai\",\"https:\/\/www.capterra.com\/p\/10006800\/TalkPal\/\"],\"description\":\"Talkpal is a language learning web and mobile education app, powered by the latest AI technologies, that provides engaging experiences to its customers in many different languages to help them improve their language skills. Users can chat about unlimited amount of topics with the app and use other modes to practice their language learning.\",\"email\":\"support@talkpal.ai\",\"legalName\":\"Talkpal, Inc.\",\"foundingDate\":\"2023-04-03\",\"duns\":\"118989042\",\"numberOfEmployees\":{\"@type\":\"QuantitativeValue\",\"minValue\":\"11\",\"maxValue\":\"50\"},\"publishingPrinciples\":\"https:\/\/talkpal.ai\/publishing-principles\/\",\"actionableFeedbackPolicy\":\"https:\/\/talkpal.ai\/actionable-feedback-policy\/\",\"correctionsPolicy\":\"https:\/\/talkpal.ai\/corrections-policy\/\",\"ethicsPolicy\":\"https:\/\/talkpal.ai\/ethics-policy\/\",\"diversityPolicy\":\"https:\/\/talkpal.ai\/diversity-policy\/\",\"diversityStaffingReport\":\"https:\/\/talkpal.ai\/diversity-policy\/\"}]}<\/script>\n<!-- \/ Yoast SEO Premium plugin. -->","yoast_head_json":{"title":"Hindi grammatik - Talkpal","description":"Behersk hindi-grammatik med selvtillid - l\u00e6r klare regler, form korrekte s\u00e6tninger og tal bedre med nem vejledning fra Talkpal AI.","robots":{"index":"index","follow":"follow","max-snippet":"max-snippet:-1","max-image-preview":"max-image-preview:large","max-video-preview":"max-video-preview:-1"},"canonical":"https:\/\/talkpal.ai\/da\/hindi-grammatik\/","og_locale":"da_DK","og_type":"article","og_title":"Hindi grammatik","og_description":"Mastering hindi grammatik: Din ultimative guide Namaste, sprogentusiaster! Er du klar til at udforske verden af hindi grammatik? Du er kommet til det","og_url":"https:\/\/talkpal.ai\/da\/hindi-grammatik\/","og_site_name":"Talkpal","article_publisher":"https:\/\/www.facebook.com\/profile.php?id=100090733639311","article_modified_time":"2025-12-13T15:13:00+00:00","og_image":[{"width":517,"height":517,"url":"https:\/\/talkpal.ai\/wp-content\/uploads\/2024\/02\/india.png","type":"image\/png"}],"twitter_card":"summary_large_image","twitter_site":"@talkpalai","twitter_misc":{"Estimeret l\u00e6setid":"3 minutter"},"schema":{"@context":"https:\/\/schema.org","@graph":[{"@type":"WebPage","@id":"https:\/\/talkpal.ai\/da\/hindi-grammatik\/","url":"https:\/\/talkpal.ai\/da\/hindi-grammatik\/","name":"Hindi grammatik - Talkpal","isPartOf":{"@id":"https:\/\/talkpal.ai\/da\/#website"},"primaryImageOfPage":{"@id":"https:\/\/talkpal.ai\/da\/hindi-grammatik\/#primaryimage"},"image":{"@id":"https:\/\/talkpal.ai\/da\/hindi-grammatik\/#primaryimage"},"thumbnailUrl":"https:\/\/talkpal.ai\/wp-content\/uploads\/2024\/02\/india.png","datePublished":"2023-05-14T13:50:44+00:00","dateModified":"2025-12-13T15:13:00+00:00","description":"Behersk hindi-grammatik med selvtillid - l\u00e6r klare regler, form korrekte s\u00e6tninger og tal bedre med nem vejledning fra Talkpal AI.","breadcrumb":{"@id":"https:\/\/talkpal.ai\/da\/hindi-grammatik\/#breadcrumb"},"inLanguage":"da-DK","potentialAction":[{"@type":"ReadAction","target":["https:\/\/talkpal.ai\/da\/hindi-grammatik\/"]}]},{"@type":"ImageObject","inLanguage":"da-DK","@id":"https:\/\/talkpal.ai\/da\/hindi-grammatik\/#primaryimage","url":"https:\/\/talkpal.ai\/wp-content\/uploads\/2024\/02\/india.png","contentUrl":"https:\/\/talkpal.ai\/wp-content\/uploads\/2024\/02\/india.png","width":517,"height":517,"caption":"TalkPal Indian Flag"},{"@type":"BreadcrumbList","@id":"https:\/\/talkpal.ai\/da\/hindi-grammatik\/#breadcrumb","itemListElement":[{"@type":"ListItem","position":1,"name":"Homepage","item":"https:\/\/talkpal.ai\/da\/"},{"@type":"ListItem","position":2,"name":"Hindi grammatik"}]},{"@type":"WebSite","@id":"https:\/\/talkpal.ai\/da\/#website","url":"https:\/\/talkpal.ai\/da\/","name":"Talkpal","description":"AI Language Learning","publisher":{"@id":"https:\/\/talkpal.ai\/da\/#organization"},"alternateName":"Talkpal AI","potentialAction":[{"@type":"SearchAction","target":{"@type":"EntryPoint","urlTemplate":"https:\/\/talkpal.ai\/da\/?s={search_term_string}"},"query-input":{"@type":"PropertyValueSpecification","valueRequired":true,"valueName":"search_term_string"}}],"inLanguage":"da-DK"},{"@type":"Organization","@id":"https:\/\/talkpal.ai\/da\/#organization","name":"Talkpal, Inc.","alternateName":"Talkpal AI","url":"https:\/\/talkpal.ai\/da\/","logo":{"@type":"ImageObject","inLanguage":"da-DK","@id":"https:\/\/talkpal.ai\/da\/#\/schema\/logo\/image\/","url":"https:\/\/talkpal.ai\/wp-content\/uploads\/2024\/03\/Talkpal-Logo-Icon.png","contentUrl":"https:\/\/talkpal.ai\/wp-content\/uploads\/2024\/03\/Talkpal-Logo-Icon.png","width":2880,"height":2880,"caption":"Talkpal, Inc."},"image":{"@id":"https:\/\/talkpal.ai\/da\/#\/schema\/logo\/image\/"},"sameAs":["https:\/\/www.facebook.com\/profile.php?id=100090733639311","https:\/\/x.com\/talkpalai","https:\/\/www.linkedin.com\/company\/talkpal\/","https:\/\/www.youtube.com\/@TalkPal\/","https:\/\/www.tiktok.com\/@talkpal","https:\/\/www.instagram.com\/talkpal_ai\/","https:\/\/www.crunchbase.com\/organization\/talkpal-9cde","https:\/\/www.g2.com\/products\/talkpal-for-business\/","https:\/\/www.trustpilot.com\/review\/talkpal.ai","https:\/\/www.capterra.com\/p\/10006800\/TalkPal\/"],"description":"Talkpal is a language learning web and mobile education app, powered by the latest AI technologies, that provides engaging experiences to its customers in many different languages to help them improve their language skills. Users can chat about unlimited amount of topics with the app and use other modes to practice their language learning.","email":"support@talkpal.ai","legalName":"Talkpal, Inc.","foundingDate":"2023-04-03","duns":"118989042","numberOfEmployees":{"@type":"QuantitativeValue","minValue":"11","maxValue":"50"},"publishingPrinciples":"https:\/\/talkpal.ai\/publishing-principles\/","actionableFeedbackPolicy":"https:\/\/talkpal.ai\/actionable-feedback-policy\/","correctionsPolicy":"https:\/\/talkpal.ai\/corrections-policy\/","ethicsPolicy":"https:\/\/talkpal.ai\/ethics-policy\/","diversityPolicy":"https:\/\/talkpal.ai\/diversity-policy\/","diversityStaffingReport":"https:\/\/talkpal.ai\/diversity-policy\/"}]}},"_links":{"self":[{"href":"https:\/\/talkpal.ai\/da\/wp-json\/wp\/v2\/pages\/129553","targetHints":{"allow":["GET"]}}],"collection":[{"href":"https:\/\/talkpal.ai\/da\/wp-json\/wp\/v2\/pages"}],"about":[{"href":"https:\/\/talkpal.ai\/da\/wp-json\/wp\/v2\/types\/page"}],"author":[{"embeddable":true,"href":"https:\/\/talkpal.ai\/da\/wp-json\/wp\/v2\/users\/1"}],"replies":[{"embeddable":true,"href":"https:\/\/talkpal.ai\/da\/wp-json\/wp\/v2\/comments?post=129553"}],"version-history":[{"count":0,"href":"https:\/\/talkpal.ai\/da\/wp-json\/wp\/v2\/pages\/129553\/revisions"}],"wp:featuredmedia":[{"embeddable":true,"href":"https:\/\/talkpal.ai\/da\/wp-json\/wp\/v2\/media\/188201"}],"wp:attachment":[{"href":"https:\/\/talkpal.ai\/da\/wp-json\/wp\/v2\/media?parent=129553"}],"curies":[{"name":"wp","href":"https:\/\/api.w.org\/{rel}","templated":true}]}}