{"id":129226,"date":"2023-05-14T13:50:21","date_gmt":"2023-05-14T13:50:21","guid":{"rendered":"http:\/\/talkpal.ai\/finsk-grammatik\/"},"modified":"2025-12-11T17:00:55","modified_gmt":"2025-12-11T17:00:55","slug":"finsk-grammatik","status":"publish","type":"page","link":"https:\/\/talkpal.ai\/da\/finsk-grammatik\/","title":{"rendered":"Finsk grammatik"},"content":{"rendered":"\r\n\r\n\r\n<section class=\"languageChallengeSection\">\r\n    <div class=\"languageInfoWrapper\">\r\n        \r\n        <h1>Finsk grammatik<\/h1>\r\n        <p>Er du klar til at opdage det finske sprogs hemmeligheder? Dyk ned i <a href=\"https:\/\/talkpal.ai\/sv\/grammar\/particip-i-finsk-grammatik\/\">finsk grammatik<\/a>, der er ber\u00f8mt for sin logiske struktur, vokalharmoni og et imponerende udvalg af kasus. Begynd at l\u00e6re i dag &#8211; at <a href=\"https:\/\/talkpal.ai\/locations\/language-courses-in-mestre\/\">mestre<\/a> <a href=\"https:\/\/talkpal.ai\/learn-finnish\/\">finsk<\/a> <a href=\"https:\/\/talkpal.ai\/fr\/les\/\">grammatik<\/a> vil give dig selvtillid til at tale og skabe kontakt, samtidig med at det \u00e5bner d\u00f8ren til Finlands rige kultur og traditioner!<\/p>\r\n\r\n                            <a class=\"getStartedHidden\" href=\"https:\/\/app.talkpal.ai\/da\/signup?lng=\">Kom i gang<\/a>\r\n        \r\n    <\/div>\r\n\r\n    <figure>\r\n    <img decoding=\"async\" width=\"768\" height=\"768\" src=\"https:\/\/talkpal.ai\/wp-content\/uploads\/2023\/06\/Finnish-768x768.png\" class=\"languageImage no-lazy\" alt=\"Develop your language aptitude learning\" fetchpriority=\"high\" sizes=\"(max-width: 768px) 150px, 768px\" srcset=\"https:\/\/talkpal.ai\/wp-content\/uploads\/2023\/06\/Finnish-768x768.png 768w, https:\/\/talkpal.ai\/wp-content\/uploads\/2023\/06\/Finnish-300x300.png 300w\" \/>\r\n    \r\n\r\n    <\/figure>\r\n\r\n            <a class=\"getStartedVisible\" href=\"https:\/\/app.talkpal.ai\/da\/signup?lng=\">Kom i gang<\/a>\r\n    \r\n<\/section>\r\n<section class=\"promotionalBanner\">\r\n    <p class=\"promotionalText\">Den mest effektive m\u00e5de at l\u00e6re et <a href=\"https:\/\/talkpal.ai\/what-language-is-spoken-on-the-international-space-station\/\">sprog<\/a> p\u00e5<\/p>\r\n    <a class=\"promotionalLink\" href=\"https:\/\/app.talkpal.ai\/da\/signup?lng=\">Pr\u00f8v Talkpal gratis<\/a>\r\n<\/section>\n<div class=\"wp-block-group pageContainerStyle\"><div class=\"wp-block-group__inner-container is-layout-constrained wp-block-group-is-layout-constrained\">\n<h2 class=\"wp-block-heading\" id=\"h-finnish-grammar-a-guide-to-mastering-the-complexities-of-the-finnish-language\">Finsk grammatik: En guide til at mestre det finske sprogs kompleksitet<\/h2>\n\n\n\n<p><a href=\"https:\/\/talkpal.ai\/learn-finnish\/\">Finsk<\/a>, et unikt og fascinerende sprog, der tales af ca. 5 millioner mennesker, er kendt for sine kompleksiteter og karakteristiske grammatiksystem. Ved f\u00f8rste \u00f8jekast kan reglerne og strukturerne i <a href=\"https:\/\/talkpal.ai\/sv\/grammar\/particip-i-finsk-grammatik\/\">finsk grammatik<\/a> virke skr\u00e6mmende, men frygt ikke! Med t\u00e5lmodighed, \u00f8velse og vejledning kan du afsl\u00f8re mysterierne i finsk grammatik og forbedre dine sprogf\u00e6rdigheder. I denne artikel vil vi give et overblik over finsk grammatik og dele nogle tips til at g\u00f8re din l\u00e6ringsrejse nemmere.<\/p>\n\n\n\n<h3 class=\"wp-block-heading\" id=\"h-the-basics-of-finnish-grammar\">Grundl\u00e6ggende om finsk grammatik:<\/h3>\n\n\n\n<p>Finsk grammatik, helt forskellig fra <a href=\"https:\/\/talkpal.ai\/da\/grammar\/korte-svar-i-engelsk-grammatik\/\">engelsk grammatik<\/a>, er kendetegnet ved sin rige brug af kasus, mangel p\u00e5 grammatisk k\u00f8n og unikt verbkonjugationssystem. Her er nogle vigtige aspekter af finsk grammatik, du b\u00f8r v\u00e6re bekendt med:<\/p>\n\n\n\n<p><strong>1. Substantivsager:<\/strong> Finsk har 15 substantivsager, der angiver forholdet mellem et substantiv og andre bestanddele af en s\u00e6tning. Hvert substantiv tilf\u00e6lde har en specifik slutning, der bliver knyttet til substantivets stamme. Et par eksempler p\u00e5 substantiver tilf\u00e6lde inkluderer nominativ, genitiv, akkusativ og partitiv.<\/p>\n\n\n\n<p><strong>2. Intet grammatisk k\u00f8n:<\/strong> I mods\u00e6tning til mange sprog tildeler finsk ikke k\u00f8n til substantiver. I stedet bruger sproget \u00e9t ord &#8211; h\u00e4n &#8211; til at referere til b\u00e5de &#8216;han&#8217; og &#8216;hun&#8217;. Denne funktion forenkler processen med at l\u00e6re finsk og eliminerer behovet for at huske k\u00f8nsbestemte artikler eller pronominer.<\/p>\n\n\n\n<p><strong>3. Verbb\u00f8jning:<\/strong> Finske verb er b\u00f8jet baseret p\u00e5 sp\u00e6nding, hum\u00f8r og stemme. Der er fire verbtider p\u00e5 finsk: nutid, fortid, perfekt og pluperfekt. Derudover har finske verb fem stemninger: vejledende, betinget, potentielt, imperativ og begivenhedsrigt.<\/p>\n\n\n\n<p><strong>4. Vokalharmoni<\/strong> : P\u00e5 finsk er vokaler opdelt i tre grupper: front (\u00e4, \u00f6, y), back (a, o, u) og neutral (i, e). P\u00e5 grund af vokalharmoni kan for- og bagvokaler typisk ikke vises i det samme ord, bortset fra sammensatte ord og nogle l\u00e5neord.<\/p>\n\n\n\n<h3 class=\"wp-block-heading\" id=\"h-strategies-for-learning-finnish-grammar\">Strategier for at l\u00e6re finsk grammatik:<\/h3>\n\n\n\n<p>Det kan virke overv\u00e6ldende at forst\u00e5 finsk grammatik, men med det rette mindset og de rette l\u00e6ringsstrategier vil du kunne f\u00e5 styr p\u00e5 det. Her er nogle nyttige tips til at guide dit studie:<\/p>\n\n\n\n<p><strong>1. Tag baby skridt:<\/strong> Begynd med det grundl\u00e6ggende i finsk grammatik, s\u00e5som substantiver og verbb\u00f8jning. Ved at bryde komplekse regler ned i mindre, letford\u00f8jelige stykker kan du g\u00f8re stadige fremskridt og opbygge et st\u00e6rkt fundament.<\/p>\n\n\n\n<p><strong>2. \u00d8v regelm\u00e6ssigt:<\/strong> Konsistens er n\u00f8glen, n\u00e5r du l\u00e6rer et sprog. Afs\u00e6t tid hver dag eller uge til at \u00f8ve grammatik gennem \u00f8velser, l\u00e6sning og skrivning p\u00e5 finsk.<\/p>\n\n\n\n<p><strong>3. Brug indf\u00f8dte ressourcer:<\/strong> For at f\u00e5 en bedre forst\u00e5else af finsk grammatik i kontekst kan du fordybe dig i indf\u00f8dte materialer, s\u00e5som litteratur, nyhedsartikler og podcasts. Dette vil hj\u00e6lpe dig med at internalisere reglerne og forbedre dine lytte- og l\u00e6sef\u00e6rdigheder.<\/p>\n\n\n\n<p><strong>4. Opret forbindelse til modersm\u00e5lstalende:<\/strong> At deltage i samtale med indf\u00f8dte finsktalende er en glimrende m\u00e5de at \u00f8ve grammatik p\u00e5 og modtage v\u00e6rdifuld feedback. Overvej at deltage i sprogudvekslingsgrupper eller onlinefora, hvor du kan komme i kontakt med folk, der taler finsk.<\/p>\n\n\n\n<p><strong>5. V\u00e6r t\u00e5lmodig og vedholdende:<\/strong> Det er en udfordrende rejse at l\u00e6re finsk grammatik, men med t\u00e5lmodighed og dedikation vil du finde ud af, hvordan den fungerer, og blive dygtig til sproget.<\/p>\n\n\n\n<h3 class=\"wp-block-heading\" id=\"h-conclusion\">Konklusion:<\/h3>\n\n\n\n<p>Den finske grammatikverden, selvom den er kompleks, er en sp\u00e6ndende, der kan optr\u00e6vles gennem beslutsomhed og praksis. Ved at blive fortrolig med kerneelementerne i finsk grammatik og f\u00f8lge vores l\u00e6ringsstrategier vil du bane vejen for flydende sprog og en dybere forst\u00e5else af dette f\u00e6ngslende sprog. S\u00e5 dyk ned i den finske grammatiks finurligheder med et positivt mindset, og f\u00f8r du ved af det, vil du trygt kunne navigere i Suomis sproglige landskab!<\/p>\n<\/div><\/div>\n\r\n<section class=\"learnNavigationSection\">\r\n            \r\n        <a href=\"https:\/\/talkpal.ai\/da\/laer-finsk\/\">\r\n            <div class=\"learnNavigationWrapper\">\r\n                <div class=\"learnNavigationContent\">\r\n                    <img decoding=\"async\" src=\"https:\/\/talkpal.ai\/wp-content\/uploads\/2024\/08\/Finnish.jpg\" alt=\"Finnish Flag\">\r\n                    <div>\r\n                        <h4>Om finsk l\u00e6ring<\/h4>\r\n                        <p>Find ud af alt om finsk grammatik.<\/p>\r\n                    <\/div>\r\n                <\/div>\r\n            <\/div>\r\n        <\/a>\r\n\r\n        \r\n        <a href=\"https:\/\/talkpal.ai\/da\/finske-grammatikoevelser\/\">\r\n            <div class=\"learnNavigationWrapper\">\r\n                <div class=\"learnNavigationContent\">\r\n                    <img decoding=\"async\" src=\"https:\/\/talkpal.ai\/wp-content\/uploads\/2024\/08\/Finnish.jpg\" alt=\"Finnish Flag\">\r\n                    <div>\r\n                        <h4>Finsk grammatik-\u00f8velse<\/h4>\r\n                        <p>\u00d8v finsk grammatik.<\/p>\r\n                    <\/div>\r\n                <\/div>\r\n            <\/div>\r\n        <\/a>\r\n\r\n        \r\n        <a href=\"https:\/\/talkpal.ai\/vocabulary_language\/finnish\/\">\r\n            <div class=\"learnNavigationWrapper\">\r\n                <div class=\"learnNavigationContent\">\r\n                    <img decoding=\"async\" src=\"https:\/\/talkpal.ai\/wp-content\/uploads\/2024\/08\/Finnish.jpg\" alt=\"Finnish Flag\">\r\n                    <div>\r\n                        <h4>Finsk ordforr\u00e5d<\/h4>\r\n                        <p>Udvid dit finske ordforr\u00e5d.<\/p>\r\n                    <\/div>\r\n                <\/div>\r\n            <\/div>\r\n        <\/a>\r\n\r\n            <\/section>","protected":false},"excerpt":{"rendered":"<p>Finsk grammatik: En guide til at mestre det finske sprogs kompleksitet Finsk, et unikt og fascinerende sprog, der tales af ca. 5 millioner mennesker, er kendt for sine kompleksiteter og karakteristiske grammatiksystem. Ved f\u00f8rste \u00f8jekast kan reglerne og strukturerne i finsk grammatik virke skr\u00e6mmende, men frygt ikke! Med t\u00e5lmodighed, \u00f8velse og vejledning kan du afsl\u00f8re [&hellip;]<\/p>\n","protected":false},"author":1,"featured_media":106660,"parent":0,"menu_order":0,"comment_status":"closed","ping_status":"closed","template":"LearningContentPage.php","meta":{"_acf_changed":false,"footnotes":""},"class_list":["post-129226","page","type-page","status-publish","has-post-thumbnail","hentry"],"acf":[],"yoast_head":"<!-- This site is optimized with the Yoast SEO Premium plugin v27.2 (Yoast SEO v27.2) - https:\/\/yoast.com\/product\/yoast-seo-premium-wordpress\/ -->\n<title>Finsk grammatik - Talkpal<\/title>\n<meta name=\"description\" content=\"L\u00e6r de vigtigste aspekter af finsk grammatik, herunder kasus, verber, s\u00e6tningsstruktur og tips til udtale, s\u00e5 du kan mestre det finske sprog.\" \/>\n<meta name=\"robots\" content=\"index, follow, max-snippet:-1, max-image-preview:large, max-video-preview:-1\" \/>\n<link rel=\"canonical\" href=\"https:\/\/talkpal.ai\/da\/finsk-grammatik\/\" \/>\n<meta property=\"og:locale\" content=\"da_DK\" \/>\n<meta property=\"og:type\" content=\"article\" \/>\n<meta property=\"og:title\" content=\"Finsk grammatik\" \/>\n<meta property=\"og:description\" content=\"Finsk grammatik: En guide til at mestre det finske sprogs kompleksitet Finsk, et unikt og fascinerende sprog, der tales af ca. 5 millioner mennesker, er\" \/>\n<meta property=\"og:url\" content=\"https:\/\/talkpal.ai\/da\/finsk-grammatik\/\" \/>\n<meta property=\"og:site_name\" content=\"Talkpal\" \/>\n<meta property=\"article:publisher\" content=\"https:\/\/www.facebook.com\/profile.php?id=100090733639311\" \/>\n<meta property=\"article:modified_time\" content=\"2025-12-11T17:00:55+00:00\" \/>\n<meta property=\"og:image\" content=\"https:\/\/talkpal.ai\/wp-content\/uploads\/2023\/04\/finland.png\" \/>\n\t<meta property=\"og:image:width\" content=\"512\" \/>\n\t<meta property=\"og:image:height\" content=\"512\" \/>\n\t<meta property=\"og:image:type\" content=\"image\/png\" \/>\n<meta name=\"twitter:card\" content=\"summary_large_image\" \/>\n<meta name=\"twitter:site\" content=\"@talkpalai\" \/>\n<meta name=\"twitter:label1\" content=\"Estimeret l\u00e6setid\" \/>\n\t<meta name=\"twitter:data1\" content=\"3 minutter\" \/>\n<script type=\"application\/ld+json\" class=\"yoast-schema-graph\">{\"@context\":\"https:\/\/schema.org\",\"@graph\":[{\"@type\":\"WebPage\",\"@id\":\"https:\/\/talkpal.ai\/da\/finsk-grammatik\/\",\"url\":\"https:\/\/talkpal.ai\/da\/finsk-grammatik\/\",\"name\":\"Finsk grammatik - Talkpal\",\"isPartOf\":{\"@id\":\"https:\/\/talkpal.ai\/da\/#website\"},\"primaryImageOfPage\":{\"@id\":\"https:\/\/talkpal.ai\/da\/finsk-grammatik\/#primaryimage\"},\"image\":{\"@id\":\"https:\/\/talkpal.ai\/da\/finsk-grammatik\/#primaryimage\"},\"thumbnailUrl\":\"https:\/\/talkpal.ai\/wp-content\/uploads\/2023\/04\/finland.png\",\"datePublished\":\"2023-05-14T13:50:21+00:00\",\"dateModified\":\"2025-12-11T17:00:55+00:00\",\"description\":\"L\u00e6r de vigtigste aspekter af finsk grammatik, herunder kasus, verber, s\u00e6tningsstruktur og tips til udtale, s\u00e5 du kan mestre det finske sprog.\",\"breadcrumb\":{\"@id\":\"https:\/\/talkpal.ai\/da\/finsk-grammatik\/#breadcrumb\"},\"inLanguage\":\"da-DK\",\"potentialAction\":[{\"@type\":\"ReadAction\",\"target\":[\"https:\/\/talkpal.ai\/da\/finsk-grammatik\/\"]}]},{\"@type\":\"ImageObject\",\"inLanguage\":\"da-DK\",\"@id\":\"https:\/\/talkpal.ai\/da\/finsk-grammatik\/#primaryimage\",\"url\":\"https:\/\/talkpal.ai\/wp-content\/uploads\/2023\/04\/finland.png\",\"contentUrl\":\"https:\/\/talkpal.ai\/wp-content\/uploads\/2023\/04\/finland.png\",\"width\":512,\"height\":512,\"caption\":\"TalkPal finland Flag\"},{\"@type\":\"BreadcrumbList\",\"@id\":\"https:\/\/talkpal.ai\/da\/finsk-grammatik\/#breadcrumb\",\"itemListElement\":[{\"@type\":\"ListItem\",\"position\":1,\"name\":\"Homepage\",\"item\":\"https:\/\/talkpal.ai\/da\/\"},{\"@type\":\"ListItem\",\"position\":2,\"name\":\"Finsk grammatik\"}]},{\"@type\":\"WebSite\",\"@id\":\"https:\/\/talkpal.ai\/da\/#website\",\"url\":\"https:\/\/talkpal.ai\/da\/\",\"name\":\"Talkpal\",\"description\":\"AI Language Learning\",\"publisher\":{\"@id\":\"https:\/\/talkpal.ai\/da\/#organization\"},\"alternateName\":\"Talkpal AI\",\"potentialAction\":[{\"@type\":\"SearchAction\",\"target\":{\"@type\":\"EntryPoint\",\"urlTemplate\":\"https:\/\/talkpal.ai\/da\/?s={search_term_string}\"},\"query-input\":{\"@type\":\"PropertyValueSpecification\",\"valueRequired\":true,\"valueName\":\"search_term_string\"}}],\"inLanguage\":\"da-DK\"},{\"@type\":\"Organization\",\"@id\":\"https:\/\/talkpal.ai\/da\/#organization\",\"name\":\"Talkpal, Inc.\",\"alternateName\":\"Talkpal AI\",\"url\":\"https:\/\/talkpal.ai\/da\/\",\"logo\":{\"@type\":\"ImageObject\",\"inLanguage\":\"da-DK\",\"@id\":\"https:\/\/talkpal.ai\/da\/#\/schema\/logo\/image\/\",\"url\":\"https:\/\/talkpal.ai\/wp-content\/uploads\/2024\/03\/Talkpal-Logo-Icon.png\",\"contentUrl\":\"https:\/\/talkpal.ai\/wp-content\/uploads\/2024\/03\/Talkpal-Logo-Icon.png\",\"width\":2880,\"height\":2880,\"caption\":\"Talkpal, Inc.\"},\"image\":{\"@id\":\"https:\/\/talkpal.ai\/da\/#\/schema\/logo\/image\/\"},\"sameAs\":[\"https:\/\/www.facebook.com\/profile.php?id=100090733639311\",\"https:\/\/x.com\/talkpalai\",\"https:\/\/www.linkedin.com\/company\/talkpal\/\",\"https:\/\/www.youtube.com\/@TalkPal\/\",\"https:\/\/www.tiktok.com\/@talkpal\",\"https:\/\/www.instagram.com\/talkpal_ai\/\",\"https:\/\/www.crunchbase.com\/organization\/talkpal-9cde\",\"https:\/\/www.g2.com\/products\/talkpal-for-business\/\",\"https:\/\/www.trustpilot.com\/review\/talkpal.ai\",\"https:\/\/www.capterra.com\/p\/10006800\/TalkPal\/\"],\"description\":\"Talkpal is a language learning web and mobile education app, powered by the latest AI technologies, that provides engaging experiences to its customers in many different languages to help them improve their language skills. Users can chat about unlimited amount of topics with the app and use other modes to practice their language learning.\",\"email\":\"support@talkpal.ai\",\"legalName\":\"Talkpal, Inc.\",\"foundingDate\":\"2023-04-03\",\"duns\":\"118989042\",\"numberOfEmployees\":{\"@type\":\"QuantitativeValue\",\"minValue\":\"11\",\"maxValue\":\"50\"},\"publishingPrinciples\":\"https:\/\/talkpal.ai\/publishing-principles\/\",\"actionableFeedbackPolicy\":\"https:\/\/talkpal.ai\/actionable-feedback-policy\/\",\"correctionsPolicy\":\"https:\/\/talkpal.ai\/corrections-policy\/\",\"ethicsPolicy\":\"https:\/\/talkpal.ai\/ethics-policy\/\",\"diversityPolicy\":\"https:\/\/talkpal.ai\/diversity-policy\/\",\"diversityStaffingReport\":\"https:\/\/talkpal.ai\/diversity-policy\/\"}]}<\/script>\n<!-- \/ Yoast SEO Premium plugin. -->","yoast_head_json":{"title":"Finsk grammatik - Talkpal","description":"L\u00e6r de vigtigste aspekter af finsk grammatik, herunder kasus, verber, s\u00e6tningsstruktur og tips til udtale, s\u00e5 du kan mestre det finske sprog.","robots":{"index":"index","follow":"follow","max-snippet":"max-snippet:-1","max-image-preview":"max-image-preview:large","max-video-preview":"max-video-preview:-1"},"canonical":"https:\/\/talkpal.ai\/da\/finsk-grammatik\/","og_locale":"da_DK","og_type":"article","og_title":"Finsk grammatik","og_description":"Finsk grammatik: En guide til at mestre det finske sprogs kompleksitet Finsk, et unikt og fascinerende sprog, der tales af ca. 5 millioner mennesker, er","og_url":"https:\/\/talkpal.ai\/da\/finsk-grammatik\/","og_site_name":"Talkpal","article_publisher":"https:\/\/www.facebook.com\/profile.php?id=100090733639311","article_modified_time":"2025-12-11T17:00:55+00:00","og_image":[{"width":512,"height":512,"url":"https:\/\/talkpal.ai\/wp-content\/uploads\/2023\/04\/finland.png","type":"image\/png"}],"twitter_card":"summary_large_image","twitter_site":"@talkpalai","twitter_misc":{"Estimeret l\u00e6setid":"3 minutter"},"schema":{"@context":"https:\/\/schema.org","@graph":[{"@type":"WebPage","@id":"https:\/\/talkpal.ai\/da\/finsk-grammatik\/","url":"https:\/\/talkpal.ai\/da\/finsk-grammatik\/","name":"Finsk grammatik - Talkpal","isPartOf":{"@id":"https:\/\/talkpal.ai\/da\/#website"},"primaryImageOfPage":{"@id":"https:\/\/talkpal.ai\/da\/finsk-grammatik\/#primaryimage"},"image":{"@id":"https:\/\/talkpal.ai\/da\/finsk-grammatik\/#primaryimage"},"thumbnailUrl":"https:\/\/talkpal.ai\/wp-content\/uploads\/2023\/04\/finland.png","datePublished":"2023-05-14T13:50:21+00:00","dateModified":"2025-12-11T17:00:55+00:00","description":"L\u00e6r de vigtigste aspekter af finsk grammatik, herunder kasus, verber, s\u00e6tningsstruktur og tips til udtale, s\u00e5 du kan mestre det finske sprog.","breadcrumb":{"@id":"https:\/\/talkpal.ai\/da\/finsk-grammatik\/#breadcrumb"},"inLanguage":"da-DK","potentialAction":[{"@type":"ReadAction","target":["https:\/\/talkpal.ai\/da\/finsk-grammatik\/"]}]},{"@type":"ImageObject","inLanguage":"da-DK","@id":"https:\/\/talkpal.ai\/da\/finsk-grammatik\/#primaryimage","url":"https:\/\/talkpal.ai\/wp-content\/uploads\/2023\/04\/finland.png","contentUrl":"https:\/\/talkpal.ai\/wp-content\/uploads\/2023\/04\/finland.png","width":512,"height":512,"caption":"TalkPal finland Flag"},{"@type":"BreadcrumbList","@id":"https:\/\/talkpal.ai\/da\/finsk-grammatik\/#breadcrumb","itemListElement":[{"@type":"ListItem","position":1,"name":"Homepage","item":"https:\/\/talkpal.ai\/da\/"},{"@type":"ListItem","position":2,"name":"Finsk grammatik"}]},{"@type":"WebSite","@id":"https:\/\/talkpal.ai\/da\/#website","url":"https:\/\/talkpal.ai\/da\/","name":"Talkpal","description":"AI Language Learning","publisher":{"@id":"https:\/\/talkpal.ai\/da\/#organization"},"alternateName":"Talkpal AI","potentialAction":[{"@type":"SearchAction","target":{"@type":"EntryPoint","urlTemplate":"https:\/\/talkpal.ai\/da\/?s={search_term_string}"},"query-input":{"@type":"PropertyValueSpecification","valueRequired":true,"valueName":"search_term_string"}}],"inLanguage":"da-DK"},{"@type":"Organization","@id":"https:\/\/talkpal.ai\/da\/#organization","name":"Talkpal, Inc.","alternateName":"Talkpal AI","url":"https:\/\/talkpal.ai\/da\/","logo":{"@type":"ImageObject","inLanguage":"da-DK","@id":"https:\/\/talkpal.ai\/da\/#\/schema\/logo\/image\/","url":"https:\/\/talkpal.ai\/wp-content\/uploads\/2024\/03\/Talkpal-Logo-Icon.png","contentUrl":"https:\/\/talkpal.ai\/wp-content\/uploads\/2024\/03\/Talkpal-Logo-Icon.png","width":2880,"height":2880,"caption":"Talkpal, Inc."},"image":{"@id":"https:\/\/talkpal.ai\/da\/#\/schema\/logo\/image\/"},"sameAs":["https:\/\/www.facebook.com\/profile.php?id=100090733639311","https:\/\/x.com\/talkpalai","https:\/\/www.linkedin.com\/company\/talkpal\/","https:\/\/www.youtube.com\/@TalkPal\/","https:\/\/www.tiktok.com\/@talkpal","https:\/\/www.instagram.com\/talkpal_ai\/","https:\/\/www.crunchbase.com\/organization\/talkpal-9cde","https:\/\/www.g2.com\/products\/talkpal-for-business\/","https:\/\/www.trustpilot.com\/review\/talkpal.ai","https:\/\/www.capterra.com\/p\/10006800\/TalkPal\/"],"description":"Talkpal is a language learning web and mobile education app, powered by the latest AI technologies, that provides engaging experiences to its customers in many different languages to help them improve their language skills. Users can chat about unlimited amount of topics with the app and use other modes to practice their language learning.","email":"support@talkpal.ai","legalName":"Talkpal, Inc.","foundingDate":"2023-04-03","duns":"118989042","numberOfEmployees":{"@type":"QuantitativeValue","minValue":"11","maxValue":"50"},"publishingPrinciples":"https:\/\/talkpal.ai\/publishing-principles\/","actionableFeedbackPolicy":"https:\/\/talkpal.ai\/actionable-feedback-policy\/","correctionsPolicy":"https:\/\/talkpal.ai\/corrections-policy\/","ethicsPolicy":"https:\/\/talkpal.ai\/ethics-policy\/","diversityPolicy":"https:\/\/talkpal.ai\/diversity-policy\/","diversityStaffingReport":"https:\/\/talkpal.ai\/diversity-policy\/"}]}},"_links":{"self":[{"href":"https:\/\/talkpal.ai\/da\/wp-json\/wp\/v2\/pages\/129226","targetHints":{"allow":["GET"]}}],"collection":[{"href":"https:\/\/talkpal.ai\/da\/wp-json\/wp\/v2\/pages"}],"about":[{"href":"https:\/\/talkpal.ai\/da\/wp-json\/wp\/v2\/types\/page"}],"author":[{"embeddable":true,"href":"https:\/\/talkpal.ai\/da\/wp-json\/wp\/v2\/users\/1"}],"replies":[{"embeddable":true,"href":"https:\/\/talkpal.ai\/da\/wp-json\/wp\/v2\/comments?post=129226"}],"version-history":[{"count":0,"href":"https:\/\/talkpal.ai\/da\/wp-json\/wp\/v2\/pages\/129226\/revisions"}],"wp:featuredmedia":[{"embeddable":true,"href":"https:\/\/talkpal.ai\/da\/wp-json\/wp\/v2\/media\/106660"}],"wp:attachment":[{"href":"https:\/\/talkpal.ai\/da\/wp-json\/wp\/v2\/media?parent=129226"}],"curies":[{"name":"wp","href":"https:\/\/api.w.org\/{rel}","templated":true}]}}