{"id":128900,"date":"2023-05-14T13:49:38","date_gmt":"2023-05-14T13:49:38","guid":{"rendered":"http:\/\/talkpal.ai\/hollandsk-grammatik\/"},"modified":"2025-12-11T16:59:22","modified_gmt":"2025-12-11T16:59:22","slug":"hollandsk-grammatik","status":"publish","type":"page","link":"https:\/\/talkpal.ai\/da\/hollandsk-grammatik\/","title":{"rendered":"Hollandsk grammatik"},"content":{"rendered":"\r\n\r\n\r\n<section class=\"languageChallengeSection\">\r\n    <div class=\"languageInfoWrapper\">\r\n        \r\n        <h1>Hollandsk grammatik<\/h1>\r\n        <p>Udforsk grundlaget for det hollandske <a href=\"https:\/\/talkpal.ai\/what-language-is-spoken-on-the-international-space-station\/\">sprog<\/a> ved at l\u00e6re dets vigtigste grammatiske regler. At beherske <a href=\"https:\/\/talkpal.ai\/da\/laer-hollandsk\/\">hollandsk grammatik<\/a> vil hj\u00e6lpe dig med at kommunikere effektivt og f\u00e5 en dybere indsigt i <a href=\"https:\/\/talkpal.ai\/learn-dutch\/\">hollandsk<\/a> kultur. Begynd at l\u00e6re <a href=\"https:\/\/talkpal.ai\/da\/laer-hollandsk\/\">hollandsk grammatik<\/a> i dag, og tag dit f\u00f8rste skridt mod flydende sprog!\n<\/p>\r\n\r\n                            <a class=\"getStartedHidden\" href=\"https:\/\/app.talkpal.ai\/da\/signup?lng=\">Kom i gang<\/a>\r\n        \r\n    <\/div>\r\n\r\n    <figure>\r\n    <img decoding=\"async\" width=\"768\" height=\"768\" src=\"https:\/\/talkpal.ai\/wp-content\/uploads\/2023\/06\/Dutch-768x768.png\" class=\"languageImage no-lazy\" alt=\"Developing skills through language learning\" fetchpriority=\"high\" sizes=\"(max-width: 768px) 150px, 768px\" srcset=\"https:\/\/talkpal.ai\/wp-content\/uploads\/2023\/06\/Dutch-768x768.png 768w, https:\/\/talkpal.ai\/wp-content\/uploads\/2023\/06\/Dutch-300x300.png 300w\" \/>\r\n    \r\n\r\n    <\/figure>\r\n\r\n            <a class=\"getStartedVisible\" href=\"https:\/\/app.talkpal.ai\/da\/signup?lng=\">Kom i gang<\/a>\r\n    \r\n<\/section>\r\n<section class=\"promotionalBanner\">\r\n    <p class=\"promotionalText\">Den mest effektive m\u00e5de at l\u00e6re et sprog p\u00e5<\/p>\r\n    <a class=\"promotionalLink\" href=\"https:\/\/app.talkpal.ai\/da\/signup?lng=\">Pr\u00f8v Talkpal gratis<\/a>\r\n<\/section>\n<div class=\"wp-block-group pageContainerStyle\"><div class=\"wp-block-group__inner-container is-layout-constrained wp-block-group-is-layout-constrained\">\n<h2 class=\"wp-block-heading\" id=\"h-dutch-grammar-master-the-mechanics-of-the-dutch-language\">Hollandsk grammatik: Master mekanikken i det hollandske sprog<\/h2>\n\n\n\n<p>Hvis du har taget springet til at l\u00e6re hollandsk, er du klar til en sp\u00e6ndende tur! Med over 23 millioner talere over hele verden er hollandsk et fantastisk sprog til at styrke din sproglige dygtighed og udvide dine horisonter. Nu har du m\u00e5ske h\u00f8rt hvisken om kompleksiteten i hollandsk <a href=\"https:\/\/talkpal.ai\/fr\/les\/\">grammatik<\/a>, men frygt ikke! Denne artikel fungerer som en venlig begynderguide, der gennemg\u00e5r hollandsk grammatik p\u00e5 en underholdende, men omfattende m\u00e5de.<\/p>\n\n\n\n<h3 class=\"wp-block-heading\" id=\"h-1-the-pillar-of-dutch-grammar-word-order\">1. S\u00f8jlen i hollandsk grammatik: ordstilling<\/h3>\n\n\n\n<p>Hollandsk grammatik er st\u00e6rkt afh\u00e6ngig af ordstilling. Generelt f\u00f8lger det en &#8220;subjekt-verbum-objekt&#8221;-struktur, der minder om det engelske sprog. Hollandsk har dog en unik funktion: ordr\u00e6kkef\u00f8lgen Verb Second (V2). I en s\u00e6tning med mere end et verbum bliver det andet verb skubbet til slutningen. For eksempel:<\/p>\n\n\n\n<p><a href=\"https:\/\/talkpal.ai\/learn-english-with-ai\/\">Engelsk<\/a>: Jeg er n\u00f8dt til at arbejde i dag.<\/p>\n\n\n\n<p>Hollandsk: Ik moet vandaag werken. (bogstaveligt talt: &#8220;Jeg skal arbejde i dag.&#8221;)<\/p>\n\n\n\n<p>Det er vigtigt at <a href=\"https:\/\/talkpal.ai\/locations\/language-courses-in-mestre\/\">mestre<\/a> V2-ordr\u00e6kkef\u00f8lgen, n\u00e5r man l\u00e6rer hollandsk grammatik.<\/p>\n\n\n\n<h3 class=\"wp-block-heading\" id=\"h-2-get-to-know-your-articles\">2. L\u00e6r dine artikler at kende<\/h3>\n\n\n\n<p>Hollandsk har to bestemte artikler (&#8220;de&#8221; og &#8220;het&#8221;) og en ubestemt artikel (&#8220;een&#8221;). Det kan v\u00e6re vanskeligt at v\u00e6lge mellem de to bestemte artikler uden nogen bestemt regel at f\u00f8lge. Som nybegynder er den bedste m\u00e5de at l\u00e6re dem p\u00e5 gennem praksis og kontekst. For eksempel:<\/p>\n\n\n\n<p>De man &#8211; Manden<\/p>\n\n\n\n<p>Het meisje &#8211; Pigen<\/p>\n\n\n\n<p>Een hond &#8211; En hund<\/p>\n\n\n\n<h3 class=\"wp-block-heading\" id=\"h-3-the-dance-of-dutch-conjugations\">3. Dansen af hollandske b\u00f8jninger<\/h3>\n\n\n\n<p>Ligesom engelsk \u00e6ndrer hollandske verber form for at formidle sp\u00e6nding og stemning. P\u00e5 hollandsk er der tre prim\u00e6re grupper af verbb\u00f8jninger: svage verb, st\u00e6rke verb og uregelm\u00e6ssige verb.<\/p>\n\n\n\n<p>Svage verber f\u00f8lger faste regler for b\u00f8jning, hvilket g\u00f8r dem ret nemme at l\u00e6re.  <\/p>\n\n\n\n<p>Eksempel (nutid): Ik werk, jij werkt, hij\/zij\/u werkt, wij\/jullie\/zij werken<\/p>\n\n\n\n<p>St\u00e6rke verber involverer vokal\u00e6ndringer, hvilket ofte f\u00f8rer eleverne til at huske dem individuelt.<\/p>\n\n\n\n<p>Eksempel (nutid): Ik zing, jij zingt, hij\/zij\/u zingt, wij\/jullie\/zij zingen<\/p>\n\n\n\n<p>Uregelm\u00e6ssige verber f\u00f8lger, som navnet antyder, ikke noget fast m\u00f8nster for b\u00f8jning og skal l\u00e6res selvst\u00e6ndigt.<\/p>\n\n\n\n<p>Eksempel (nutid): Ik ben, jij b\u00f8jet, hij\/zij\/u is, wij\/jullie\/zij zijn<\/p>\n\n\n\n<h3 class=\"wp-block-heading\" id=\"h-4-a-flair-for-pronouns\">4. En flair for pronomen<\/h3>\n\n\n\n<p>Pronomen i hollandsk grammatik erstatter navneord og er afg\u00f8rende for at g\u00f8re din tale mere dynamisk og flydende. Der er personlige pronomen, besiddende pronomen, demonstrative pronomen og refleksive pronomen. Som nybegynder er forst\u00e5else af personlige og besiddende pronomen afg\u00f8rende.<\/p>\n\n\n\n<p>Personlige pronomen: ik (I), jij\/je (dig), hij\/zij\/ze (han\/hun), wij\/vi (vi), jullie (jer alle), zij\/ze (de)<\/p>\n\n\n\n<p>Besiddende pronomen: mijn (min), jouw\/je (din), zijn\/haar (hans\/hendes), ons\/onze (vores), jullie (din), hun\/h\u00f8ne (deres)<\/p>\n\n\n\n<h3 class=\"wp-block-heading\" id=\"h-5-cases-no-more-mostly\">5. Sager ikke mere (for det meste)<\/h3>\n\n\n\n<p>I mods\u00e6tning til tysk bruger hollandsk ikke l\u00e6ngere et sagssystem i dagligdagen, hvilket giver en vis lettelse fra sproglige vejsp\u00e6rringer. Den eneste undtagelse er hollandske varianter af \u00bbhvem\u00ab og \u00bbhvem\u00ab (henholdsvis wie og wie) og nogle f\u00e5 faste udtryk (som f.eks. te allen tijde, der betyder \u00bbtil enhver tid\u00ab).  <\/p>\n\n\n\n<p>Tillykke! Du har taget de f\u00f8rste skridt til at mestre hollandsk grammatik. Husk, at \u00f8velse g\u00f8r mester, s\u00e5 t\u00f8v ikke med at g\u00e5 i dybden, kommunikere med modersm\u00e5lstalende og opbygge et st\u00e6rkt fundament. Veel succes! (Held og lykke!)<\/p>\n<\/div><\/div>\n\r\n<section class=\"learnNavigationSection\">\r\n            \r\n        <a href=\"https:\/\/talkpal.ai\/da\/laer-hollandsk\/\">\r\n            <div class=\"learnNavigationWrapper\">\r\n                <div class=\"learnNavigationContent\">\r\n                    <img decoding=\"async\" src=\"https:\/\/talkpal.ai\/wp-content\/uploads\/2024\/08\/Dutch.jpg\" alt=\"Netherlands Flag\">\r\n                    <div>\r\n                        <h4>Om Dutch Learning<\/h4>\r\n                        <p>Find ud af alt om hollandsk grammatik.<\/p>\r\n                    <\/div>\r\n                <\/div>\r\n            <\/div>\r\n        <\/a>\r\n\r\n        \r\n        <a href=\"https:\/\/talkpal.ai\/da\/hollandske-grammatikoevelser\/\">\r\n            <div class=\"learnNavigationWrapper\">\r\n                <div class=\"learnNavigationContent\">\r\n                    <img decoding=\"async\" src=\"https:\/\/talkpal.ai\/wp-content\/uploads\/2024\/08\/Dutch.jpg\" alt=\"Netherlands Flag\">\r\n                    <div>\r\n                        <h4>\u00d8velse i hollandsk grammatik<\/h4>\r\n                        <p>\u00d8v hollandsk grammatik.<\/p>\r\n                    <\/div>\r\n                <\/div>\r\n            <\/div>\r\n        <\/a>\r\n\r\n        \r\n        <a href=\"https:\/\/talkpal.ai\/vocabulary_language\/dutch\/\">\r\n            <div class=\"learnNavigationWrapper\">\r\n                <div class=\"learnNavigationContent\">\r\n                    <img decoding=\"async\" src=\"https:\/\/talkpal.ai\/wp-content\/uploads\/2024\/08\/Dutch.jpg\" alt=\"Netherlands Flag\">\r\n                    <div>\r\n                        <h4>Hollandsk ordforr\u00e5d<\/h4>\r\n                        <p>Udvid dit hollandske ordforr\u00e5d.<\/p>\r\n                    <\/div>\r\n                <\/div>\r\n            <\/div>\r\n        <\/a>\r\n\r\n            <\/section>","protected":false},"excerpt":{"rendered":"<p>Hollandsk grammatik: Master mekanikken i det hollandske sprog Hvis du har taget springet til at l\u00e6re hollandsk, er du klar til en sp\u00e6ndende tur! Med over 23 millioner talere over hele verden er hollandsk et fantastisk sprog til at styrke din sproglige dygtighed og udvide dine horisonter. Nu har du m\u00e5ske h\u00f8rt hvisken om kompleksiteten [&hellip;]<\/p>\n","protected":false},"author":1,"featured_media":106341,"parent":0,"menu_order":0,"comment_status":"closed","ping_status":"closed","template":"LearningContentPage.php","meta":{"_acf_changed":false,"footnotes":""},"class_list":["post-128900","page","type-page","status-publish","has-post-thumbnail","hentry"],"acf":[],"yoast_head":"<!-- This site is optimized with the Yoast SEO Premium plugin v27.2 (Yoast SEO v27.2) - https:\/\/yoast.com\/product\/yoast-seo-premium-wordpress\/ -->\n<title>Hollandsk grammatik - Talkpal<\/title>\n<meta name=\"description\" content=\"Behersk hollandsk grammatik med Talkpaldin AI-drevne sprogl\u00e6rer. F\u00e5 adgang til klare forklaringer, praktiske eksempler og interaktive \u00f8velser!\" \/>\n<meta name=\"robots\" content=\"index, follow, max-snippet:-1, max-image-preview:large, max-video-preview:-1\" \/>\n<link rel=\"canonical\" href=\"https:\/\/talkpal.ai\/da\/hollandsk-grammatik\/\" \/>\n<meta property=\"og:locale\" content=\"da_DK\" \/>\n<meta property=\"og:type\" content=\"article\" \/>\n<meta property=\"og:title\" content=\"Hollandsk grammatik\" \/>\n<meta property=\"og:description\" content=\"Hollandsk grammatik: Master mekanikken i det hollandske sprog Hvis du har taget springet til at l\u00e6re hollandsk, er du klar til en sp\u00e6ndende tur! Med over\" \/>\n<meta property=\"og:url\" content=\"https:\/\/talkpal.ai\/da\/hollandsk-grammatik\/\" \/>\n<meta property=\"og:site_name\" content=\"Talkpal\" \/>\n<meta property=\"article:publisher\" content=\"https:\/\/www.facebook.com\/profile.php?id=100090733639311\" \/>\n<meta property=\"article:modified_time\" content=\"2025-12-11T16:59:22+00:00\" \/>\n<meta property=\"og:image\" content=\"https:\/\/talkpal.ai\/wp-content\/uploads\/2023\/04\/netherlands-dutch.png\" \/>\n\t<meta property=\"og:image:width\" content=\"512\" \/>\n\t<meta property=\"og:image:height\" content=\"512\" \/>\n\t<meta property=\"og:image:type\" content=\"image\/png\" \/>\n<meta name=\"twitter:card\" content=\"summary_large_image\" \/>\n<meta name=\"twitter:site\" content=\"@talkpalai\" \/>\n<meta name=\"twitter:label1\" content=\"Estimeret l\u00e6setid\" \/>\n\t<meta name=\"twitter:data1\" content=\"3 minutter\" \/>\n<script type=\"application\/ld+json\" class=\"yoast-schema-graph\">{\"@context\":\"https:\/\/schema.org\",\"@graph\":[{\"@type\":\"WebPage\",\"@id\":\"https:\/\/talkpal.ai\/da\/hollandsk-grammatik\/\",\"url\":\"https:\/\/talkpal.ai\/da\/hollandsk-grammatik\/\",\"name\":\"Hollandsk grammatik - Talkpal\",\"isPartOf\":{\"@id\":\"https:\/\/talkpal.ai\/da\/#website\"},\"primaryImageOfPage\":{\"@id\":\"https:\/\/talkpal.ai\/da\/hollandsk-grammatik\/#primaryimage\"},\"image\":{\"@id\":\"https:\/\/talkpal.ai\/da\/hollandsk-grammatik\/#primaryimage\"},\"thumbnailUrl\":\"https:\/\/talkpal.ai\/wp-content\/uploads\/2023\/04\/netherlands-dutch.png\",\"datePublished\":\"2023-05-14T13:49:38+00:00\",\"dateModified\":\"2025-12-11T16:59:22+00:00\",\"description\":\"Behersk hollandsk grammatik med Talkpaldin AI-drevne sprogl\u00e6rer. F\u00e5 adgang til klare forklaringer, praktiske eksempler og interaktive \u00f8velser!\",\"breadcrumb\":{\"@id\":\"https:\/\/talkpal.ai\/da\/hollandsk-grammatik\/#breadcrumb\"},\"inLanguage\":\"da-DK\",\"potentialAction\":[{\"@type\":\"ReadAction\",\"target\":[\"https:\/\/talkpal.ai\/da\/hollandsk-grammatik\/\"]}]},{\"@type\":\"ImageObject\",\"inLanguage\":\"da-DK\",\"@id\":\"https:\/\/talkpal.ai\/da\/hollandsk-grammatik\/#primaryimage\",\"url\":\"https:\/\/talkpal.ai\/wp-content\/uploads\/2023\/04\/netherlands-dutch.png\",\"contentUrl\":\"https:\/\/talkpal.ai\/wp-content\/uploads\/2023\/04\/netherlands-dutch.png\",\"width\":512,\"height\":512},{\"@type\":\"BreadcrumbList\",\"@id\":\"https:\/\/talkpal.ai\/da\/hollandsk-grammatik\/#breadcrumb\",\"itemListElement\":[{\"@type\":\"ListItem\",\"position\":1,\"name\":\"Homepage\",\"item\":\"https:\/\/talkpal.ai\/da\/\"},{\"@type\":\"ListItem\",\"position\":2,\"name\":\"Hollandsk grammatik\"}]},{\"@type\":\"WebSite\",\"@id\":\"https:\/\/talkpal.ai\/da\/#website\",\"url\":\"https:\/\/talkpal.ai\/da\/\",\"name\":\"Talkpal\",\"description\":\"AI Language Learning\",\"publisher\":{\"@id\":\"https:\/\/talkpal.ai\/da\/#organization\"},\"alternateName\":\"Talkpal AI\",\"potentialAction\":[{\"@type\":\"SearchAction\",\"target\":{\"@type\":\"EntryPoint\",\"urlTemplate\":\"https:\/\/talkpal.ai\/da\/?s={search_term_string}\"},\"query-input\":{\"@type\":\"PropertyValueSpecification\",\"valueRequired\":true,\"valueName\":\"search_term_string\"}}],\"inLanguage\":\"da-DK\"},{\"@type\":\"Organization\",\"@id\":\"https:\/\/talkpal.ai\/da\/#organization\",\"name\":\"Talkpal, Inc.\",\"alternateName\":\"Talkpal AI\",\"url\":\"https:\/\/talkpal.ai\/da\/\",\"logo\":{\"@type\":\"ImageObject\",\"inLanguage\":\"da-DK\",\"@id\":\"https:\/\/talkpal.ai\/da\/#\/schema\/logo\/image\/\",\"url\":\"https:\/\/talkpal.ai\/wp-content\/uploads\/2024\/03\/Talkpal-Logo-Icon.png\",\"contentUrl\":\"https:\/\/talkpal.ai\/wp-content\/uploads\/2024\/03\/Talkpal-Logo-Icon.png\",\"width\":2880,\"height\":2880,\"caption\":\"Talkpal, Inc.\"},\"image\":{\"@id\":\"https:\/\/talkpal.ai\/da\/#\/schema\/logo\/image\/\"},\"sameAs\":[\"https:\/\/www.facebook.com\/profile.php?id=100090733639311\",\"https:\/\/x.com\/talkpalai\",\"https:\/\/www.linkedin.com\/company\/talkpal\/\",\"https:\/\/www.youtube.com\/@TalkPal\/\",\"https:\/\/www.tiktok.com\/@talkpal\",\"https:\/\/www.instagram.com\/talkpal_ai\/\",\"https:\/\/www.crunchbase.com\/organization\/talkpal-9cde\",\"https:\/\/www.g2.com\/products\/talkpal-for-business\/\",\"https:\/\/www.trustpilot.com\/review\/talkpal.ai\",\"https:\/\/www.capterra.com\/p\/10006800\/TalkPal\/\"],\"description\":\"Talkpal is a language learning web and mobile education app, powered by the latest AI technologies, that provides engaging experiences to its customers in many different languages to help them improve their language skills. Users can chat about unlimited amount of topics with the app and use other modes to practice their language learning.\",\"email\":\"support@talkpal.ai\",\"legalName\":\"Talkpal, Inc.\",\"foundingDate\":\"2023-04-03\",\"duns\":\"118989042\",\"numberOfEmployees\":{\"@type\":\"QuantitativeValue\",\"minValue\":\"11\",\"maxValue\":\"50\"},\"publishingPrinciples\":\"https:\/\/talkpal.ai\/publishing-principles\/\",\"actionableFeedbackPolicy\":\"https:\/\/talkpal.ai\/actionable-feedback-policy\/\",\"correctionsPolicy\":\"https:\/\/talkpal.ai\/corrections-policy\/\",\"ethicsPolicy\":\"https:\/\/talkpal.ai\/ethics-policy\/\",\"diversityPolicy\":\"https:\/\/talkpal.ai\/diversity-policy\/\",\"diversityStaffingReport\":\"https:\/\/talkpal.ai\/diversity-policy\/\"}]}<\/script>\n<!-- \/ Yoast SEO Premium plugin. -->","yoast_head_json":{"title":"Hollandsk grammatik - Talkpal","description":"Behersk hollandsk grammatik med Talkpaldin AI-drevne sprogl\u00e6rer. F\u00e5 adgang til klare forklaringer, praktiske eksempler og interaktive \u00f8velser!","robots":{"index":"index","follow":"follow","max-snippet":"max-snippet:-1","max-image-preview":"max-image-preview:large","max-video-preview":"max-video-preview:-1"},"canonical":"https:\/\/talkpal.ai\/da\/hollandsk-grammatik\/","og_locale":"da_DK","og_type":"article","og_title":"Hollandsk grammatik","og_description":"Hollandsk grammatik: Master mekanikken i det hollandske sprog Hvis du har taget springet til at l\u00e6re hollandsk, er du klar til en sp\u00e6ndende tur! Med over","og_url":"https:\/\/talkpal.ai\/da\/hollandsk-grammatik\/","og_site_name":"Talkpal","article_publisher":"https:\/\/www.facebook.com\/profile.php?id=100090733639311","article_modified_time":"2025-12-11T16:59:22+00:00","og_image":[{"width":512,"height":512,"url":"https:\/\/talkpal.ai\/wp-content\/uploads\/2023\/04\/netherlands-dutch.png","type":"image\/png"}],"twitter_card":"summary_large_image","twitter_site":"@talkpalai","twitter_misc":{"Estimeret l\u00e6setid":"3 minutter"},"schema":{"@context":"https:\/\/schema.org","@graph":[{"@type":"WebPage","@id":"https:\/\/talkpal.ai\/da\/hollandsk-grammatik\/","url":"https:\/\/talkpal.ai\/da\/hollandsk-grammatik\/","name":"Hollandsk grammatik - Talkpal","isPartOf":{"@id":"https:\/\/talkpal.ai\/da\/#website"},"primaryImageOfPage":{"@id":"https:\/\/talkpal.ai\/da\/hollandsk-grammatik\/#primaryimage"},"image":{"@id":"https:\/\/talkpal.ai\/da\/hollandsk-grammatik\/#primaryimage"},"thumbnailUrl":"https:\/\/talkpal.ai\/wp-content\/uploads\/2023\/04\/netherlands-dutch.png","datePublished":"2023-05-14T13:49:38+00:00","dateModified":"2025-12-11T16:59:22+00:00","description":"Behersk hollandsk grammatik med Talkpaldin AI-drevne sprogl\u00e6rer. F\u00e5 adgang til klare forklaringer, praktiske eksempler og interaktive \u00f8velser!","breadcrumb":{"@id":"https:\/\/talkpal.ai\/da\/hollandsk-grammatik\/#breadcrumb"},"inLanguage":"da-DK","potentialAction":[{"@type":"ReadAction","target":["https:\/\/talkpal.ai\/da\/hollandsk-grammatik\/"]}]},{"@type":"ImageObject","inLanguage":"da-DK","@id":"https:\/\/talkpal.ai\/da\/hollandsk-grammatik\/#primaryimage","url":"https:\/\/talkpal.ai\/wp-content\/uploads\/2023\/04\/netherlands-dutch.png","contentUrl":"https:\/\/talkpal.ai\/wp-content\/uploads\/2023\/04\/netherlands-dutch.png","width":512,"height":512},{"@type":"BreadcrumbList","@id":"https:\/\/talkpal.ai\/da\/hollandsk-grammatik\/#breadcrumb","itemListElement":[{"@type":"ListItem","position":1,"name":"Homepage","item":"https:\/\/talkpal.ai\/da\/"},{"@type":"ListItem","position":2,"name":"Hollandsk grammatik"}]},{"@type":"WebSite","@id":"https:\/\/talkpal.ai\/da\/#website","url":"https:\/\/talkpal.ai\/da\/","name":"Talkpal","description":"AI Language Learning","publisher":{"@id":"https:\/\/talkpal.ai\/da\/#organization"},"alternateName":"Talkpal AI","potentialAction":[{"@type":"SearchAction","target":{"@type":"EntryPoint","urlTemplate":"https:\/\/talkpal.ai\/da\/?s={search_term_string}"},"query-input":{"@type":"PropertyValueSpecification","valueRequired":true,"valueName":"search_term_string"}}],"inLanguage":"da-DK"},{"@type":"Organization","@id":"https:\/\/talkpal.ai\/da\/#organization","name":"Talkpal, Inc.","alternateName":"Talkpal AI","url":"https:\/\/talkpal.ai\/da\/","logo":{"@type":"ImageObject","inLanguage":"da-DK","@id":"https:\/\/talkpal.ai\/da\/#\/schema\/logo\/image\/","url":"https:\/\/talkpal.ai\/wp-content\/uploads\/2024\/03\/Talkpal-Logo-Icon.png","contentUrl":"https:\/\/talkpal.ai\/wp-content\/uploads\/2024\/03\/Talkpal-Logo-Icon.png","width":2880,"height":2880,"caption":"Talkpal, Inc."},"image":{"@id":"https:\/\/talkpal.ai\/da\/#\/schema\/logo\/image\/"},"sameAs":["https:\/\/www.facebook.com\/profile.php?id=100090733639311","https:\/\/x.com\/talkpalai","https:\/\/www.linkedin.com\/company\/talkpal\/","https:\/\/www.youtube.com\/@TalkPal\/","https:\/\/www.tiktok.com\/@talkpal","https:\/\/www.instagram.com\/talkpal_ai\/","https:\/\/www.crunchbase.com\/organization\/talkpal-9cde","https:\/\/www.g2.com\/products\/talkpal-for-business\/","https:\/\/www.trustpilot.com\/review\/talkpal.ai","https:\/\/www.capterra.com\/p\/10006800\/TalkPal\/"],"description":"Talkpal is a language learning web and mobile education app, powered by the latest AI technologies, that provides engaging experiences to its customers in many different languages to help them improve their language skills. Users can chat about unlimited amount of topics with the app and use other modes to practice their language learning.","email":"support@talkpal.ai","legalName":"Talkpal, Inc.","foundingDate":"2023-04-03","duns":"118989042","numberOfEmployees":{"@type":"QuantitativeValue","minValue":"11","maxValue":"50"},"publishingPrinciples":"https:\/\/talkpal.ai\/publishing-principles\/","actionableFeedbackPolicy":"https:\/\/talkpal.ai\/actionable-feedback-policy\/","correctionsPolicy":"https:\/\/talkpal.ai\/corrections-policy\/","ethicsPolicy":"https:\/\/talkpal.ai\/ethics-policy\/","diversityPolicy":"https:\/\/talkpal.ai\/diversity-policy\/","diversityStaffingReport":"https:\/\/talkpal.ai\/diversity-policy\/"}]}},"_links":{"self":[{"href":"https:\/\/talkpal.ai\/da\/wp-json\/wp\/v2\/pages\/128900","targetHints":{"allow":["GET"]}}],"collection":[{"href":"https:\/\/talkpal.ai\/da\/wp-json\/wp\/v2\/pages"}],"about":[{"href":"https:\/\/talkpal.ai\/da\/wp-json\/wp\/v2\/types\/page"}],"author":[{"embeddable":true,"href":"https:\/\/talkpal.ai\/da\/wp-json\/wp\/v2\/users\/1"}],"replies":[{"embeddable":true,"href":"https:\/\/talkpal.ai\/da\/wp-json\/wp\/v2\/comments?post=128900"}],"version-history":[{"count":0,"href":"https:\/\/talkpal.ai\/da\/wp-json\/wp\/v2\/pages\/128900\/revisions"}],"wp:featuredmedia":[{"embeddable":true,"href":"https:\/\/talkpal.ai\/da\/wp-json\/wp\/v2\/media\/106341"}],"wp:attachment":[{"href":"https:\/\/talkpal.ai\/da\/wp-json\/wp\/v2\/media?parent=128900"}],"curies":[{"name":"wp","href":"https:\/\/api.w.org\/{rel}","templated":true}]}}