{"id":128409,"date":"2023-05-14T13:48:36","date_gmt":"2023-05-14T13:48:36","guid":{"rendered":"http:\/\/talkpal.ai\/kinesisk-grammatik\/"},"modified":"2025-06-17T16:40:28","modified_gmt":"2025-06-17T16:40:28","slug":"kinesisk-grammatik","status":"publish","type":"page","link":"https:\/\/talkpal.ai\/da\/kinesisk-grammatik\/","title":{"rendered":"Kinesisk grammatik"},"content":{"rendered":"\r\n\r\n\r\n<section class=\"languageChallengeSection\">\r\n    <div class=\"languageInfoWrapper\">\r\n        \r\n        <h1>Kinesisk grammatik<\/h1>\r\n        <p>Styrk dine kinesiske sprogf\u00e6rdigheder ved at l\u00e6re vigtige grammatiske strukturer og brugsm\u00f8nstre. Begynd at forbedre din kinesiske <a href=\"https:\/\/talkpal.ai\/fr\/les\/\">grammatik<\/a> i dag og kommuniker med selvtillid!<\/p>\r\n\r\n                            <a class=\"getStartedHidden\" href=\"https:\/\/app.talkpal.ai\/da\/signup?lng=\">Kom i gang<\/a>\r\n        \r\n    <\/div>\r\n\r\n    <figure>\r\n    <img decoding=\"async\" width=\"768\" height=\"768\" src=\"https:\/\/talkpal.ai\/wp-content\/uploads\/2023\/06\/chinese-768x768.png\" class=\"languageImage no-lazy\" alt=\"Language learning for flexible communication\" fetchpriority=\"high\" sizes=\"(max-width: 768px) 150px, 768px\" srcset=\"https:\/\/talkpal.ai\/wp-content\/uploads\/2023\/06\/chinese-768x768.png 768w, https:\/\/talkpal.ai\/wp-content\/uploads\/2023\/06\/chinese-300x300.png 300w\" \/>\r\n    \r\n\r\n    <\/figure>\r\n\r\n            <a class=\"getStartedVisible\" href=\"https:\/\/app.talkpal.ai\/da\/signup?lng=\">Kom i gang<\/a>\r\n    \r\n<\/section>\r\n<section class=\"promotionalBanner\">\r\n    <p class=\"promotionalText\">Den mest effektive m\u00e5de at l\u00e6re et <a href=\"https:\/\/talkpal.ai\/what-language-is-spoken-on-the-international-space-station\/\">sprog<\/a> p\u00e5<\/p>\r\n    <a class=\"promotionalLink\" href=\"https:\/\/app.talkpal.ai\/da\/signup?lng=\">Pr\u00f8v Talkpal gratis<\/a>\r\n<\/section>\n<div class=\"wp-block-group pageContainerStyle\"><div class=\"wp-block-group__inner-container is-layout-constrained wp-block-group-is-layout-constrained\">\n<h2 class=\"wp-block-heading\" id=\"h-chinese-grammar-the-key-to-mastering-mandarin\">Kinesisk grammatik: n\u00f8glen til at mestre mandarin<\/h2>\n\n\n\n<p>Er du en ambiti\u00f8s <a href=\"https:\/\/talkpal.ai\/home\/\">sprogl\u00e6rer<\/a>, der har <a href=\"https:\/\/talkpal.ai\/talkpal-discount-for-test-takers-e-g-toefl-ielts\/\">sat<\/a> sig for at <a href=\"https:\/\/talkpal.ai\/locations\/language-courses-in-mestre\/\">mestre<\/a> mandarin? Hvis ja, tillykke! At tackle <a href=\"https:\/\/talkpal.ai\/learn-chinese\/\">kinesisk<\/a> er en fantastisk m\u00e5de at udvide din globale tankegang p\u00e5, forbinde med en bred vifte af h\u00f8jttalere og udfordre dig selv intellektuelt. Men med 1,2 milliarder indf\u00f8dte talere og et sprogsystem, der er meget forskelligt fra vestlige sprog, kan <a href=\"https:\/\/talkpal.ai\/sv\/grammar\/typer-i-kinesisk-grammatik\/\">kinesisk grammatik<\/a> virke ret skr\u00e6mmende. Frygt ej! L\u00e6s videre og f\u00e5 et begyndervenligt lynkursus i <a href=\"https:\/\/talkpal.ai\/sv\/grammar\/typer-i-kinesisk-grammatik\/\">kinesisk grammatik<\/a>, som er b\u00e5de engagerende og informativt.<\/p>\n\n\n\n<p><strong>F\u00f8rst og fremmest: Glem hvad du ved om europ\u00e6iske sprog!<\/strong><\/p>\n\n\n\n<p>En v\u00e6sentlig grund til, at sprogstuderende bliver skr\u00e6mt af kinesisk grammatik, er, at den er radikalt anderledes end den &#8220;subjekt-verbum-objekt&#8221;-struktur, vi er vant til fra sprog som engelsk, spansk eller fransk. S\u00e5 tag en dyb ind\u00e5nding, og lad os dykke ned i et helt nyt univers af sproglige regler og begreber!<\/p>\n\n\n\n<h3 class=\"wp-block-heading\" id=\"h-1-word-order-is-king\">1. Ordstilling er konge<\/h3>\n\n\n\n<p>Selvom der ikke er tider, verbb\u00f8jninger eller flertal i kinesisk grammatik, er korrekt s\u00e6tningsstruktur altafg\u00f8rende. S\u00e5 hvordan opn\u00e5s korrekt ordstilling? I de fleste tilf\u00e6lde skal du blot f\u00f8lge m\u00f8nsteret &#8220;emne-verbum-objekt&#8221; (svarende til engelsk). For eksempel:<\/p>\n\n\n\n<p>Dansk: Jeg elsker dig.<br\/>Kinesisk: \u6211\u7231\u4f60\u3002 W\u01d2 \u00e0i n\u01d0.<\/p>\n\n\n\n<p>Der er mere komplekse strukturer, men at udvikle et st\u00e6rkt fundament vil g\u00f8re dem lettere at forst\u00e5, n\u00e5r du skrider frem.<\/p>\n\n\n\n<h3 class=\"wp-block-heading\" id=\"h-2-particles-particles-everywhere\">2. Partikler, partikler overalt!<\/h3>\n\n\n\n<p>I kinesisk grammatik spiller partikler en afg\u00f8rende rolle i at formidle mening. En af de mest almindelige partikler er &#8220;\u4e86 (le)&#8221;, som signalerer en afsluttet handling. For eksempel:<\/p>\n\n\n\n<p>W\u01d2 ch\u012b le. &#8211; &#8220;Jeg har spist.&#8221;<\/p>\n\n\n\n<p>En anden almindelig partikel er &#8220;\u5427 (ba)&#8221;, som forvandler et udsagn til et forslag eller et sp\u00f8rgsm\u00e5l:<\/p>\n\n\n\n<p>Z\u01d2u ba! &#8211; &#8220;Lad os komme af sted!&#8221;<\/p>\n\n\n\n<p>Forst\u00e5else af funktionerne i forskellige partikler er n\u00f8glen til at mestre nuancerne i kinesisk grammatik.<\/p>\n\n\n\n<h3 class=\"wp-block-heading\" id=\"h-3-measure-words-quality-not-quantity\">3. M\u00e5l ord: kvalitet, ikke kvantitet<\/h3>\n\n\n\n<p>P\u00e5 kinesisk har navneord ikke flertalsform. I stedet bruger de m\u00e5leord (ogs\u00e5 kendt som klassifikatorer) til at udtrykke m\u00e6ngde. M\u00e5leord tilf\u00f8jes mellem tallet og substantivet. For eksempel:<\/p>\n\n\n\n<p>\u4e00\u672c\u4e66 &#8211; Y\u012b b\u011bn sh\u016b &#8211; &#8220;en bog&#8221;<\/p>\n\n\n\n<p>Bem\u00e6rk brugen af \u672c (b\u011bn) som m\u00e5leord for b\u00f8ger. Forskellige navneord kr\u00e6ver forskellige m\u00e5leord, og selv om det kan virke forvirrende i starten, bliver det en selvf\u00f8lge med lidt \u00f8velse.<\/p>\n\n\n\n<h3 class=\"wp-block-heading\" id=\"h-4-the-magic-of-compound-words\">4. Magien ved sammensatte ord<\/h3>\n\n\n\n<p>Kinesisk er fuld af sammensatte ord, som dannes ved at kombinere to eller flere tegn. Dette forenkler ikke kun ordforr\u00e5dsindl\u00e6ring, men det giver ogs\u00e5 mulighed for levende billeder og kontekst. For eksempel:<\/p>\n\n\n\n<p>\u706b\u8f66 &#8211; Hu\u01d2ch\u0113 &#8211; &#8220;tog&#8221; (bogstaveligt talt: &#8220;ildk\u00f8ret\u00f8j&#8221;)<br\/>\u7535\u8bdd &#8211; Di\u00e0nhu\u00e0 &#8211; &#8220;telefon&#8221; (bogstaveligt talt: &#8220;elektrisk tale&#8221;)<\/p>\n\n\n\n<p>Ved at forst\u00e5 de enkelte tegns betydning kan du nemt udlede betydningen af sammensatte ord, som du aldrig er st\u00f8dt p\u00e5 f\u00f8r.<\/p>\n\n\n\n<h3 class=\"wp-block-heading\" id=\"h-5-no-tenses-no-problem\">5. Ingen tider? Intet problem!<\/h3>\n\n\n\n<p>Et af de mest forfriskende aspekter ved kinesisk er manglen p\u00e5 verbb\u00f8jninger for forskellige tider. Men hvordan udtrykker du tid? Simpel! Du skal blot medtage ord, der angiver tidsrammen, f.eks.:<\/p>\n\n\n\n<p>\u6628\u5929 &#8211; Zu\u00f3ti\u0101n &#8211; &#8220;i g\u00e5r&#8221;<br\/>\u660e\u5929 &#8211; M\u00edngti\u0101n &#8211; &#8220;i morgen&#8221;<\/p>\n\n\n\n<p><strong>For eksempel:<\/strong><\/p>\n\n\n\n<p>Zu\u00f3ti\u0101n ch\u012b le f\u00e0n. &#8211; &#8220;Jeg spiste mad i g\u00e5r.&#8221;<br\/>\u6211\u660e\u5929\u5403\u996d\u3002W\u01d2 m\u00edngti\u0101n ch\u012b f\u00e0n. &#8211; &#8220;Jeg vil spise mad i morgen.&#8221;<\/p>\n\n\n\n<p>Tillykke! Du har taget de f\u00f8rste skridt mod at beherske kinesisk grammatik. Husk: \u00f8velse g\u00f8r mester. S\u00e5 hold dig ikke tilbage fra at udforske nye grammatiske strukturer, tale med indf\u00f8dte talere og styrke dit fundament. Mandarins verden venter p\u00e5 dig &#8211; god forn\u00f8jelse med at l\u00e6re!<\/p>\n<\/div><\/div>\n\r\n<section class=\"learnNavigationSection\">\r\n            \r\n        <a href=\"https:\/\/talkpal.ai\/da\/laer-kinesisk\/\">\r\n            <div class=\"learnNavigationWrapper\">\r\n                <div class=\"learnNavigationContent\">\r\n                    <img decoding=\"async\" src=\"https:\/\/talkpal.ai\/wp-content\/uploads\/2024\/08\/Chinese.jpg\" alt=\"Chinese Flag\u00a0\">\r\n                    <div>\r\n                        <h4>Om at l\u00e6re kinesisk<\/h4>\r\n                        <p>Find ud af alt om kinesisk grammatik.<\/p>\r\n                    <\/div>\r\n                <\/div>\r\n            <\/div>\r\n        <\/a>\r\n\r\n        \r\n        <a href=\"https:\/\/talkpal.ai\/da\/kinesiske-grammatikoevelser\/\">\r\n            <div class=\"learnNavigationWrapper\">\r\n                <div class=\"learnNavigationContent\">\r\n                    <img decoding=\"async\" src=\"https:\/\/talkpal.ai\/wp-content\/uploads\/2024\/08\/Chinese.jpg\" alt=\"Chinese Flag\u00a0\">\r\n                    <div>\r\n                        <h4>\u00d8velse i kinesisk grammatik<\/h4>\r\n                        <p>\u00d8v kinesisk grammatik.<\/p>\r\n                    <\/div>\r\n                <\/div>\r\n            <\/div>\r\n        <\/a>\r\n\r\n        \r\n        <a href=\"https:\/\/talkpal.ai\/vocabulary_language\/chinese\/\">\r\n            <div class=\"learnNavigationWrapper\">\r\n                <div class=\"learnNavigationContent\">\r\n                    <img decoding=\"async\" src=\"https:\/\/talkpal.ai\/wp-content\/uploads\/2024\/08\/Chinese.jpg\" alt=\"Chinese Flag\u00a0\">\r\n                    <div>\r\n                        <h4>Kinesisk ordforr\u00e5d<\/h4>\r\n                        <p>Udvid dit kinesiske ordforr\u00e5d.<\/p>\r\n                    <\/div>\r\n                <\/div>\r\n            <\/div>\r\n        <\/a>\r\n\r\n            <\/section>","protected":false},"excerpt":{"rendered":"<p>Kinesisk grammatik: n\u00f8glen til at mestre mandarin Er du en ambiti\u00f8s sprogl\u00e6rer, der har sat sig for at mestre mandarin? Hvis ja, tillykke! At tackle kinesisk er en fantastisk m\u00e5de at udvide din globale tankegang p\u00e5, forbinde med en bred vifte af h\u00f8jttalere og udfordre dig selv intellektuelt. Men med 1,2 milliarder indf\u00f8dte talere og [&hellip;]<\/p>\n","protected":false},"author":1,"featured_media":106060,"parent":0,"menu_order":0,"comment_status":"closed","ping_status":"closed","template":"LearningContentPage.php","meta":{"_acf_changed":false,"footnotes":""},"class_list":["post-128409","page","type-page","status-publish","has-post-thumbnail","hentry"],"acf":[],"yoast_head":"<!-- This site is optimized with the Yoast SEO Premium plugin v27.2 (Yoast SEO v27.2) - https:\/\/yoast.com\/product\/yoast-seo-premium-wordpress\/ -->\n<title>Kinesisk grammatik - Talkpal<\/title>\n<meta name=\"description\" content=\"L\u00e5s op for hemmelighederne bag kinesisk grammatik for en bedre forst\u00e5else af det kinesiske sprog og kultur.\" \/>\n<meta name=\"robots\" content=\"index, follow, max-snippet:-1, max-image-preview:large, max-video-preview:-1\" \/>\n<link rel=\"canonical\" href=\"https:\/\/talkpal.ai\/da\/kinesisk-grammatik\/\" \/>\n<meta property=\"og:locale\" content=\"da_DK\" \/>\n<meta property=\"og:type\" content=\"article\" \/>\n<meta property=\"og:title\" content=\"Kinesisk grammatik\" \/>\n<meta property=\"og:description\" content=\"Kinesisk grammatik: n\u00f8glen til at mestre mandarin Er du en ambiti\u00f8s sprogl\u00e6rer, der har sat sig for at mestre mandarin? Hvis ja, tillykke! At tackle\" \/>\n<meta property=\"og:url\" content=\"https:\/\/talkpal.ai\/da\/kinesisk-grammatik\/\" \/>\n<meta property=\"og:site_name\" content=\"Talkpal\" \/>\n<meta property=\"article:publisher\" content=\"https:\/\/www.facebook.com\/profile.php?id=100090733639311\" \/>\n<meta property=\"article:modified_time\" content=\"2025-06-17T16:40:28+00:00\" \/>\n<meta property=\"og:image\" content=\"https:\/\/talkpal.ai\/wp-content\/uploads\/2023\/04\/china.png\" \/>\n\t<meta property=\"og:image:width\" content=\"512\" \/>\n\t<meta property=\"og:image:height\" content=\"512\" \/>\n\t<meta property=\"og:image:type\" content=\"image\/png\" \/>\n<meta name=\"twitter:card\" content=\"summary_large_image\" \/>\n<meta name=\"twitter:site\" content=\"@talkpalai\" \/>\n<meta name=\"twitter:label1\" content=\"Estimeret l\u00e6setid\" \/>\n\t<meta name=\"twitter:data1\" content=\"3 minutter\" \/>\n<script type=\"application\/ld+json\" class=\"yoast-schema-graph\">{\"@context\":\"https:\/\/schema.org\",\"@graph\":[{\"@type\":\"WebPage\",\"@id\":\"https:\/\/talkpal.ai\/da\/kinesisk-grammatik\/\",\"url\":\"https:\/\/talkpal.ai\/da\/kinesisk-grammatik\/\",\"name\":\"Kinesisk grammatik - Talkpal\",\"isPartOf\":{\"@id\":\"https:\/\/talkpal.ai\/da\/#website\"},\"primaryImageOfPage\":{\"@id\":\"https:\/\/talkpal.ai\/da\/kinesisk-grammatik\/#primaryimage\"},\"image\":{\"@id\":\"https:\/\/talkpal.ai\/da\/kinesisk-grammatik\/#primaryimage\"},\"thumbnailUrl\":\"https:\/\/talkpal.ai\/wp-content\/uploads\/2023\/04\/china.png\",\"datePublished\":\"2023-05-14T13:48:36+00:00\",\"dateModified\":\"2025-06-17T16:40:28+00:00\",\"description\":\"L\u00e5s op for hemmelighederne bag kinesisk grammatik for en bedre forst\u00e5else af det kinesiske sprog og kultur.\",\"breadcrumb\":{\"@id\":\"https:\/\/talkpal.ai\/da\/kinesisk-grammatik\/#breadcrumb\"},\"inLanguage\":\"da-DK\",\"potentialAction\":[{\"@type\":\"ReadAction\",\"target\":[\"https:\/\/talkpal.ai\/da\/kinesisk-grammatik\/\"]}]},{\"@type\":\"ImageObject\",\"inLanguage\":\"da-DK\",\"@id\":\"https:\/\/talkpal.ai\/da\/kinesisk-grammatik\/#primaryimage\",\"url\":\"https:\/\/talkpal.ai\/wp-content\/uploads\/2023\/04\/china.png\",\"contentUrl\":\"https:\/\/talkpal.ai\/wp-content\/uploads\/2023\/04\/china.png\",\"width\":512,\"height\":512},{\"@type\":\"BreadcrumbList\",\"@id\":\"https:\/\/talkpal.ai\/da\/kinesisk-grammatik\/#breadcrumb\",\"itemListElement\":[{\"@type\":\"ListItem\",\"position\":1,\"name\":\"Homepage\",\"item\":\"https:\/\/talkpal.ai\/da\/\"},{\"@type\":\"ListItem\",\"position\":2,\"name\":\"Kinesisk grammatik\"}]},{\"@type\":\"WebSite\",\"@id\":\"https:\/\/talkpal.ai\/da\/#website\",\"url\":\"https:\/\/talkpal.ai\/da\/\",\"name\":\"Talkpal\",\"description\":\"AI Language Learning\",\"publisher\":{\"@id\":\"https:\/\/talkpal.ai\/da\/#organization\"},\"alternateName\":\"Talkpal AI\",\"potentialAction\":[{\"@type\":\"SearchAction\",\"target\":{\"@type\":\"EntryPoint\",\"urlTemplate\":\"https:\/\/talkpal.ai\/da\/?s={search_term_string}\"},\"query-input\":{\"@type\":\"PropertyValueSpecification\",\"valueRequired\":true,\"valueName\":\"search_term_string\"}}],\"inLanguage\":\"da-DK\"},{\"@type\":\"Organization\",\"@id\":\"https:\/\/talkpal.ai\/da\/#organization\",\"name\":\"Talkpal, Inc.\",\"alternateName\":\"Talkpal AI\",\"url\":\"https:\/\/talkpal.ai\/da\/\",\"logo\":{\"@type\":\"ImageObject\",\"inLanguage\":\"da-DK\",\"@id\":\"https:\/\/talkpal.ai\/da\/#\/schema\/logo\/image\/\",\"url\":\"https:\/\/talkpal.ai\/wp-content\/uploads\/2024\/03\/Talkpal-Logo-Icon.png\",\"contentUrl\":\"https:\/\/talkpal.ai\/wp-content\/uploads\/2024\/03\/Talkpal-Logo-Icon.png\",\"width\":2880,\"height\":2880,\"caption\":\"Talkpal, Inc.\"},\"image\":{\"@id\":\"https:\/\/talkpal.ai\/da\/#\/schema\/logo\/image\/\"},\"sameAs\":[\"https:\/\/www.facebook.com\/profile.php?id=100090733639311\",\"https:\/\/x.com\/talkpalai\",\"https:\/\/www.linkedin.com\/company\/talkpal\/\",\"https:\/\/www.youtube.com\/@TalkPal\/\",\"https:\/\/www.tiktok.com\/@talkpal\",\"https:\/\/www.instagram.com\/talkpal_ai\/\",\"https:\/\/www.crunchbase.com\/organization\/talkpal-9cde\",\"https:\/\/www.g2.com\/products\/talkpal-for-business\/\",\"https:\/\/www.trustpilot.com\/review\/talkpal.ai\",\"https:\/\/www.capterra.com\/p\/10006800\/TalkPal\/\"],\"description\":\"Talkpal is a language learning web and mobile education app, powered by the latest AI technologies, that provides engaging experiences to its customers in many different languages to help them improve their language skills. Users can chat about unlimited amount of topics with the app and use other modes to practice their language learning.\",\"email\":\"support@talkpal.ai\",\"legalName\":\"Talkpal, Inc.\",\"foundingDate\":\"2023-04-03\",\"duns\":\"118989042\",\"numberOfEmployees\":{\"@type\":\"QuantitativeValue\",\"minValue\":\"11\",\"maxValue\":\"50\"},\"publishingPrinciples\":\"https:\/\/talkpal.ai\/publishing-principles\/\",\"actionableFeedbackPolicy\":\"https:\/\/talkpal.ai\/actionable-feedback-policy\/\",\"correctionsPolicy\":\"https:\/\/talkpal.ai\/corrections-policy\/\",\"ethicsPolicy\":\"https:\/\/talkpal.ai\/ethics-policy\/\",\"diversityPolicy\":\"https:\/\/talkpal.ai\/diversity-policy\/\",\"diversityStaffingReport\":\"https:\/\/talkpal.ai\/diversity-policy\/\"}]}<\/script>\n<!-- \/ Yoast SEO Premium plugin. -->","yoast_head_json":{"title":"Kinesisk grammatik - Talkpal","description":"L\u00e5s op for hemmelighederne bag kinesisk grammatik for en bedre forst\u00e5else af det kinesiske sprog og kultur.","robots":{"index":"index","follow":"follow","max-snippet":"max-snippet:-1","max-image-preview":"max-image-preview:large","max-video-preview":"max-video-preview:-1"},"canonical":"https:\/\/talkpal.ai\/da\/kinesisk-grammatik\/","og_locale":"da_DK","og_type":"article","og_title":"Kinesisk grammatik","og_description":"Kinesisk grammatik: n\u00f8glen til at mestre mandarin Er du en ambiti\u00f8s sprogl\u00e6rer, der har sat sig for at mestre mandarin? Hvis ja, tillykke! At tackle","og_url":"https:\/\/talkpal.ai\/da\/kinesisk-grammatik\/","og_site_name":"Talkpal","article_publisher":"https:\/\/www.facebook.com\/profile.php?id=100090733639311","article_modified_time":"2025-06-17T16:40:28+00:00","og_image":[{"width":512,"height":512,"url":"https:\/\/talkpal.ai\/wp-content\/uploads\/2023\/04\/china.png","type":"image\/png"}],"twitter_card":"summary_large_image","twitter_site":"@talkpalai","twitter_misc":{"Estimeret l\u00e6setid":"3 minutter"},"schema":{"@context":"https:\/\/schema.org","@graph":[{"@type":"WebPage","@id":"https:\/\/talkpal.ai\/da\/kinesisk-grammatik\/","url":"https:\/\/talkpal.ai\/da\/kinesisk-grammatik\/","name":"Kinesisk grammatik - Talkpal","isPartOf":{"@id":"https:\/\/talkpal.ai\/da\/#website"},"primaryImageOfPage":{"@id":"https:\/\/talkpal.ai\/da\/kinesisk-grammatik\/#primaryimage"},"image":{"@id":"https:\/\/talkpal.ai\/da\/kinesisk-grammatik\/#primaryimage"},"thumbnailUrl":"https:\/\/talkpal.ai\/wp-content\/uploads\/2023\/04\/china.png","datePublished":"2023-05-14T13:48:36+00:00","dateModified":"2025-06-17T16:40:28+00:00","description":"L\u00e5s op for hemmelighederne bag kinesisk grammatik for en bedre forst\u00e5else af det kinesiske sprog og kultur.","breadcrumb":{"@id":"https:\/\/talkpal.ai\/da\/kinesisk-grammatik\/#breadcrumb"},"inLanguage":"da-DK","potentialAction":[{"@type":"ReadAction","target":["https:\/\/talkpal.ai\/da\/kinesisk-grammatik\/"]}]},{"@type":"ImageObject","inLanguage":"da-DK","@id":"https:\/\/talkpal.ai\/da\/kinesisk-grammatik\/#primaryimage","url":"https:\/\/talkpal.ai\/wp-content\/uploads\/2023\/04\/china.png","contentUrl":"https:\/\/talkpal.ai\/wp-content\/uploads\/2023\/04\/china.png","width":512,"height":512},{"@type":"BreadcrumbList","@id":"https:\/\/talkpal.ai\/da\/kinesisk-grammatik\/#breadcrumb","itemListElement":[{"@type":"ListItem","position":1,"name":"Homepage","item":"https:\/\/talkpal.ai\/da\/"},{"@type":"ListItem","position":2,"name":"Kinesisk grammatik"}]},{"@type":"WebSite","@id":"https:\/\/talkpal.ai\/da\/#website","url":"https:\/\/talkpal.ai\/da\/","name":"Talkpal","description":"AI Language Learning","publisher":{"@id":"https:\/\/talkpal.ai\/da\/#organization"},"alternateName":"Talkpal AI","potentialAction":[{"@type":"SearchAction","target":{"@type":"EntryPoint","urlTemplate":"https:\/\/talkpal.ai\/da\/?s={search_term_string}"},"query-input":{"@type":"PropertyValueSpecification","valueRequired":true,"valueName":"search_term_string"}}],"inLanguage":"da-DK"},{"@type":"Organization","@id":"https:\/\/talkpal.ai\/da\/#organization","name":"Talkpal, Inc.","alternateName":"Talkpal AI","url":"https:\/\/talkpal.ai\/da\/","logo":{"@type":"ImageObject","inLanguage":"da-DK","@id":"https:\/\/talkpal.ai\/da\/#\/schema\/logo\/image\/","url":"https:\/\/talkpal.ai\/wp-content\/uploads\/2024\/03\/Talkpal-Logo-Icon.png","contentUrl":"https:\/\/talkpal.ai\/wp-content\/uploads\/2024\/03\/Talkpal-Logo-Icon.png","width":2880,"height":2880,"caption":"Talkpal, Inc."},"image":{"@id":"https:\/\/talkpal.ai\/da\/#\/schema\/logo\/image\/"},"sameAs":["https:\/\/www.facebook.com\/profile.php?id=100090733639311","https:\/\/x.com\/talkpalai","https:\/\/www.linkedin.com\/company\/talkpal\/","https:\/\/www.youtube.com\/@TalkPal\/","https:\/\/www.tiktok.com\/@talkpal","https:\/\/www.instagram.com\/talkpal_ai\/","https:\/\/www.crunchbase.com\/organization\/talkpal-9cde","https:\/\/www.g2.com\/products\/talkpal-for-business\/","https:\/\/www.trustpilot.com\/review\/talkpal.ai","https:\/\/www.capterra.com\/p\/10006800\/TalkPal\/"],"description":"Talkpal is a language learning web and mobile education app, powered by the latest AI technologies, that provides engaging experiences to its customers in many different languages to help them improve their language skills. Users can chat about unlimited amount of topics with the app and use other modes to practice their language learning.","email":"support@talkpal.ai","legalName":"Talkpal, Inc.","foundingDate":"2023-04-03","duns":"118989042","numberOfEmployees":{"@type":"QuantitativeValue","minValue":"11","maxValue":"50"},"publishingPrinciples":"https:\/\/talkpal.ai\/publishing-principles\/","actionableFeedbackPolicy":"https:\/\/talkpal.ai\/actionable-feedback-policy\/","correctionsPolicy":"https:\/\/talkpal.ai\/corrections-policy\/","ethicsPolicy":"https:\/\/talkpal.ai\/ethics-policy\/","diversityPolicy":"https:\/\/talkpal.ai\/diversity-policy\/","diversityStaffingReport":"https:\/\/talkpal.ai\/diversity-policy\/"}]}},"_links":{"self":[{"href":"https:\/\/talkpal.ai\/da\/wp-json\/wp\/v2\/pages\/128409","targetHints":{"allow":["GET"]}}],"collection":[{"href":"https:\/\/talkpal.ai\/da\/wp-json\/wp\/v2\/pages"}],"about":[{"href":"https:\/\/talkpal.ai\/da\/wp-json\/wp\/v2\/types\/page"}],"author":[{"embeddable":true,"href":"https:\/\/talkpal.ai\/da\/wp-json\/wp\/v2\/users\/1"}],"replies":[{"embeddable":true,"href":"https:\/\/talkpal.ai\/da\/wp-json\/wp\/v2\/comments?post=128409"}],"version-history":[{"count":0,"href":"https:\/\/talkpal.ai\/da\/wp-json\/wp\/v2\/pages\/128409\/revisions"}],"wp:featuredmedia":[{"embeddable":true,"href":"https:\/\/talkpal.ai\/da\/wp-json\/wp\/v2\/media\/106060"}],"wp:attachment":[{"href":"https:\/\/talkpal.ai\/da\/wp-json\/wp\/v2\/media?parent=128409"}],"curies":[{"name":"wp","href":"https:\/\/api.w.org\/{rel}","templated":true}]}}