{"id":127951,"date":"2023-05-14T13:43:38","date_gmt":"2023-05-14T13:43:38","guid":{"rendered":"http:\/\/talkpal.ai\/arabisk-grammatik\/"},"modified":"2025-05-21T11:49:08","modified_gmt":"2025-05-21T11:49:08","slug":"arabisk-grammatik","status":"publish","type":"page","link":"https:\/\/talkpal.ai\/da\/arabisk-grammatik\/","title":{"rendered":"Arabisk grammatik"},"content":{"rendered":"\r\n\r\n\r\n<section class=\"languageChallengeSection\">\r\n    <div class=\"languageInfoWrapper\">\r\n        \r\n        <h1>Arabisk grammatik<\/h1>\r\n        <p>Forbedr dine arabiske f\u00e6rdigheder ved at udforske vigtige grammatiske begreber og klare, trinvise forklaringer. Begynd at mestre den arabiske <a href=\"https:\/\/talkpal.ai\/fr\/les\/\">grammatik<\/a> nu, og kommuniker mere flydende og selvsikkert!<\/p>\r\n\r\n                            <a class=\"getStartedHidden\" href=\"https:\/\/app.talkpal.ai\/da\/signup?lng=\">Kom i gang<\/a>\r\n        \r\n    <\/div>\r\n\r\n    <figure>\r\n    <img decoding=\"async\" width=\"768\" height=\"768\" src=\"https:\/\/talkpal.ai\/wp-content\/uploads\/2023\/06\/arabic-768x768.png\" class=\"languageImage no-lazy\" alt=\"Language learning for linguistic diversity\" fetchpriority=\"high\" sizes=\"(max-width: 768px) 150px, 768px\" srcset=\"https:\/\/talkpal.ai\/wp-content\/uploads\/2023\/06\/arabic-768x768.png 768w, https:\/\/talkpal.ai\/wp-content\/uploads\/2023\/06\/arabic-300x300.png 300w\" \/>\r\n    \r\n\r\n    <\/figure>\r\n\r\n            <a class=\"getStartedVisible\" href=\"https:\/\/app.talkpal.ai\/da\/signup?lng=\">Kom i gang<\/a>\r\n    \r\n<\/section>\r\n<section class=\"promotionalBanner\">\r\n    <p class=\"promotionalText\">Den mest effektive m\u00e5de at l\u00e6re et <a href=\"https:\/\/talkpal.ai\/what-language-is-spoken-on-the-international-space-station\/\">sprog<\/a> p\u00e5<\/p>\r\n    <a class=\"promotionalLink\" href=\"https:\/\/app.talkpal.ai\/da\/signup?lng=\">Pr\u00f8v Talkpal gratis<\/a>\r\n<\/section>\n<div class=\"wp-block-group pageContainerStyle\"><div class=\"wp-block-group__inner-container is-layout-constrained wp-block-group-is-layout-constrained\">\n<h2 class=\"wp-block-heading\" id=\"h-the-intricacies-of-arabic-grammar-a-journey-through-its-roots-and-beauty\">Forviklingerne i arabisk grammatik: en rejse gennem dens r\u00f8dder og sk\u00f8nhed<\/h2>\n\n\n\n<p><strong>Kan du huske, da du f\u00f8rst begyndte at l\u00e6re engelsk grammatik?<\/strong>  De tilsyneladende uendelige regler, undtagelser og terminologier kan have efterladt dig overv\u00e6ldet til tider. Hvis du overvejer at l\u00e6re det arabiske sprog, kan du v\u00e6re sikker p\u00e5, at det ogs\u00e5 har et unikt og indviklet grammatisk system. S\u00e5 lad os tage en kort, men oplysende rejse gennem den arabiske grammatiks r\u00f8dder og sk\u00f8nhed.<\/p>\n\n\n\n<p>Lad os begynde med at fastsl\u00e5 nogle <strong>vigtige forskelle mellem arabisk og engelsk grammatik<\/strong>. P\u00e5 arabisk inddeles ord i tre kategorier: substantiver, verber og partikler. I mods\u00e6tning til <a href=\"https:\/\/talkpal.ai\/learn-english-with-ai\/\">engelsk<\/a> f\u00f8lger arabiske ord et rodsystem, hvilket betyder, at du kan spore kernebetydningen af et ord ved at identificere dets rod. Dette rodsystem giver arabisk et ekstraordin\u00e6rt niveau af dybde og rigdom. En utrolig ting ved <a href=\"https:\/\/talkpal.ai\/no\/laer-arabisk\/\">arabisk grammatik<\/a> er dens afh\u00e6ngighed af m\u00f8nstre, som ofte giver talere mulighed for at skabe <a href=\"https:\/\/talkpal.ai\/talkpal-new-years-discount\/\">nye<\/a> ord ved at f\u00f8lge bestemte strukturer.<\/p>\n\n\n\n<p>Et andet vigtigt aspekt af <strong>arabisk grammatik er, at det er et k\u00f8nnet sprog<\/strong>, hvilket betyder, at substantiver og adjektiver har k\u00f8nsspecifikke former. Vidste du, at arabisk endda har en dobbelt form ud over entals- og flertalsformerne? Det er sandt! Den arabiske dobbeltform <a href=\"https:\/\/talkpal.ai\/locations\/learn-french-in-bruges\/\">bruges<\/a> til at angive par, s\u00e5som \u00f8jne, h\u00e6nder eller for\u00e6ldre. Det tilf\u00f8jer et ekstra lag af specificitet, som det engelske sprog mangler.<\/p>\n\n\n\n<p>Lad os nu tale om <strong>b\u00f8jning af verber p\u00e5 arabisk<\/strong>, som er en helt ny verden i sig selv. Arabiske verb er baseret p\u00e5 et system af r\u00f8dder, som normalt best\u00e5r af tre kernekonsonanter. Roden bestemmer verbets grundl\u00e6ggende betydning, og ved at tilf\u00f8je vokalm\u00f8nstre opretter du forskellige former for verbet, der udtrykker forskellige betydninger og tider. For eksempel kan \u00e6ndring af vokalerne i en rod \u00e6ndre sp\u00e6ndingen fra fortid til nutid eller g\u00f8re et aktivt verbum til et passivt. Ret fantastisk, ikke?<\/p>\n\n\n\n<p>Et mere fascinerende aspekt af arabisk grammatik, som vi skal tale om, er <strong>bestemthed<\/strong>. P\u00e5 engelsk bruger vi ordet &#8220;the&#8221; til at angive, at et substantiv er bestemt. P\u00e5 arabisk er dette koncept indlejret i sproget gennem en lille partikel kaldet &#8220;Al-&#8220;, der tilf\u00f8jes i begyndelsen af et ord. N\u00e5r et navneord indledes med &#8220;Al-&#8220;, bliver det bestemt uden yderligere kvalifikatorer. S\u00e5 i stedet for at sige &#8220;huset er stort&#8221; p\u00e5 arabisk, ville man sige &#8220;Al-baytu kabir&#8221;, hvor &#8220;Al-baytu&#8221; betyder &#8220;huset&#8221;.<\/p>\n\n\n\n<p><strong>Konversationsarabisk<\/strong> er mere dynamisk og flydende end formelt arabisk, som det er tilf\u00e6ldet med ethvert sprog. Men at mestre kerneprincipperne i arabisk grammatik er stadig afg\u00f8rende for virkelig at forst\u00e5 og v\u00e6rds\u00e6tte sproget. N\u00e5r du f\u00f8rst har f\u00e5et styr p\u00e5 rodm\u00f8nstre, k\u00f8nsformer og verbb\u00f8jninger, bliver det meget lettere at genkende og l\u00e6re nye ord.<\/p>\n\n\n\n<p>At <strong>l\u00e6re arabisk grammatik<\/strong> kan virke skr\u00e6mmende i starten, men med vedholdenhed og dedikation vil du v\u00e6re i stand til at v\u00e6rds\u00e6tte sk\u00f8nheden i dette indviklede sprog. Ligesom at l\u00f8se et komplekst puslespil eller dechifrere en krypteret kode, ligger bel\u00f8nningen i tilfredsheden med at l\u00e5se op for det arabiske sprogs mysterier og fordybe dig i dets rige kultur, historie og litteratur. S\u00e5 hvad venter du p\u00e5? Dyk ned i den fortryllende verden af arabisk grammatik og opdag dens sande essens for dig selv.<\/p>\n<\/div><\/div>\n\r\n<section class=\"learnNavigationSection\">\r\n            \r\n        <a href=\"https:\/\/talkpal.ai\/da\/laer-arabisk\/\">\r\n            <div class=\"learnNavigationWrapper\">\r\n                <div class=\"learnNavigationContent\">\r\n                    <img decoding=\"async\" src=\"https:\/\/talkpal.ai\/wp-content\/uploads\/2024\/08\/Arabic.jpg\" alt=\"Arabic Flag\">\r\n                    <div>\r\n                        <h4>Om arabisk l\u00e6ring<\/h4>\r\n                        <p>Find ud af alt om arabisk grammatik.<\/p>\r\n                    <\/div>\r\n                <\/div>\r\n            <\/div>\r\n        <\/a>\r\n\r\n        \r\n        <a href=\"https:\/\/talkpal.ai\/da\/arabiske-grammatikoevelser\/\">\r\n            <div class=\"learnNavigationWrapper\">\r\n                <div class=\"learnNavigationContent\">\r\n                    <img decoding=\"async\" src=\"https:\/\/talkpal.ai\/wp-content\/uploads\/2024\/08\/Arabic.jpg\" alt=\"Arabic Flag\">\r\n                    <div>\r\n                        <h4>\u00d8velse i arabisk grammatik<\/h4>\r\n                        <p>\u00d8v arabisk grammatik.<\/p>\r\n                    <\/div>\r\n                <\/div>\r\n            <\/div>\r\n        <\/a>\r\n\r\n        \r\n        <a href=\"https:\/\/talkpal.ai\/vocabulary_language\/arabic\/\">\r\n            <div class=\"learnNavigationWrapper\">\r\n                <div class=\"learnNavigationContent\">\r\n                    <img decoding=\"async\" src=\"https:\/\/talkpal.ai\/wp-content\/uploads\/2024\/08\/Arabic.jpg\" alt=\"Arabic Flag\">\r\n                    <div>\r\n                        <h4>Arabisk ordforr\u00e5d<\/h4>\r\n                        <p>Udvid dit arabiske ordforr\u00e5d.<\/p>\r\n                    <\/div>\r\n                <\/div>\r\n            <\/div>\r\n        <\/a>\r\n\r\n            <\/section>","protected":false},"excerpt":{"rendered":"<p>Forviklingerne i arabisk grammatik: en rejse gennem dens r\u00f8dder og sk\u00f8nhed Kan du huske, da du f\u00f8rst begyndte at l\u00e6re engelsk grammatik? De tilsyneladende uendelige regler, undtagelser og terminologier kan have efterladt dig overv\u00e6ldet til tider. Hvis du overvejer at l\u00e6re det arabiske sprog, kan du v\u00e6re sikker p\u00e5, at det ogs\u00e5 har et unikt [&hellip;]<\/p>\n","protected":false},"author":1,"featured_media":105856,"parent":0,"menu_order":0,"comment_status":"closed","ping_status":"closed","template":"LearningContentPage.php","meta":{"_acf_changed":false,"footnotes":""},"class_list":["post-127951","page","type-page","status-publish","has-post-thumbnail","hentry"],"acf":[],"yoast_head":"<!-- This site is optimized with the Yoast SEO Premium plugin v27.2 (Yoast SEO v27.2) - https:\/\/yoast.com\/product\/yoast-seo-premium-wordpress\/ -->\n<title>Arabisk grammatik - Talkpal<\/title>\n<meta name=\"description\" content=\"Udforsk den arabiske grammatiks finurligheder og opdag dens unikke struktur i forhold til engelsk grammatik.\" \/>\n<meta name=\"robots\" content=\"index, follow, max-snippet:-1, max-image-preview:large, max-video-preview:-1\" \/>\n<link rel=\"canonical\" href=\"https:\/\/talkpal.ai\/da\/arabisk-grammatik\/\" \/>\n<meta property=\"og:locale\" content=\"da_DK\" \/>\n<meta property=\"og:type\" content=\"article\" \/>\n<meta property=\"og:title\" content=\"Arabisk grammatik\" \/>\n<meta property=\"og:description\" content=\"Forviklingerne i arabisk grammatik: en rejse gennem dens r\u00f8dder og sk\u00f8nhed Kan du huske, da du f\u00f8rst begyndte at l\u00e6re engelsk grammatik? De tilsyneladende\" \/>\n<meta property=\"og:url\" content=\"https:\/\/talkpal.ai\/da\/arabisk-grammatik\/\" \/>\n<meta property=\"og:site_name\" content=\"Talkpal\" \/>\n<meta property=\"article:publisher\" content=\"https:\/\/www.facebook.com\/profile.php?id=100090733639311\" \/>\n<meta property=\"article:modified_time\" content=\"2025-05-21T11:49:08+00:00\" \/>\n<meta property=\"og:image\" content=\"https:\/\/talkpal.ai\/wp-content\/uploads\/2023\/04\/arabic-united-arab-emirates.png\" \/>\n\t<meta property=\"og:image:width\" content=\"512\" \/>\n\t<meta property=\"og:image:height\" content=\"512\" \/>\n\t<meta property=\"og:image:type\" content=\"image\/png\" \/>\n<meta name=\"twitter:card\" content=\"summary_large_image\" \/>\n<meta name=\"twitter:site\" content=\"@talkpalai\" \/>\n<meta name=\"twitter:label1\" content=\"Estimeret l\u00e6setid\" \/>\n\t<meta name=\"twitter:data1\" content=\"3 minutter\" \/>\n<script type=\"application\/ld+json\" class=\"yoast-schema-graph\">{\"@context\":\"https:\/\/schema.org\",\"@graph\":[{\"@type\":\"WebPage\",\"@id\":\"https:\/\/talkpal.ai\/da\/arabisk-grammatik\/\",\"url\":\"https:\/\/talkpal.ai\/da\/arabisk-grammatik\/\",\"name\":\"Arabisk grammatik - Talkpal\",\"isPartOf\":{\"@id\":\"https:\/\/talkpal.ai\/da\/#website\"},\"primaryImageOfPage\":{\"@id\":\"https:\/\/talkpal.ai\/da\/arabisk-grammatik\/#primaryimage\"},\"image\":{\"@id\":\"https:\/\/talkpal.ai\/da\/arabisk-grammatik\/#primaryimage\"},\"thumbnailUrl\":\"https:\/\/talkpal.ai\/wp-content\/uploads\/2023\/04\/arabic-united-arab-emirates.png\",\"datePublished\":\"2023-05-14T13:43:38+00:00\",\"dateModified\":\"2025-05-21T11:49:08+00:00\",\"description\":\"Udforsk den arabiske grammatiks finurligheder og opdag dens unikke struktur i forhold til engelsk grammatik.\",\"breadcrumb\":{\"@id\":\"https:\/\/talkpal.ai\/da\/arabisk-grammatik\/#breadcrumb\"},\"inLanguage\":\"da-DK\",\"potentialAction\":[{\"@type\":\"ReadAction\",\"target\":[\"https:\/\/talkpal.ai\/da\/arabisk-grammatik\/\"]}]},{\"@type\":\"ImageObject\",\"inLanguage\":\"da-DK\",\"@id\":\"https:\/\/talkpal.ai\/da\/arabisk-grammatik\/#primaryimage\",\"url\":\"https:\/\/talkpal.ai\/wp-content\/uploads\/2023\/04\/arabic-united-arab-emirates.png\",\"contentUrl\":\"https:\/\/talkpal.ai\/wp-content\/uploads\/2023\/04\/arabic-united-arab-emirates.png\",\"width\":512,\"height\":512},{\"@type\":\"BreadcrumbList\",\"@id\":\"https:\/\/talkpal.ai\/da\/arabisk-grammatik\/#breadcrumb\",\"itemListElement\":[{\"@type\":\"ListItem\",\"position\":1,\"name\":\"Homepage\",\"item\":\"https:\/\/talkpal.ai\/da\/\"},{\"@type\":\"ListItem\",\"position\":2,\"name\":\"Arabisk grammatik\"}]},{\"@type\":\"WebSite\",\"@id\":\"https:\/\/talkpal.ai\/da\/#website\",\"url\":\"https:\/\/talkpal.ai\/da\/\",\"name\":\"Talkpal\",\"description\":\"AI Language Learning\",\"publisher\":{\"@id\":\"https:\/\/talkpal.ai\/da\/#organization\"},\"alternateName\":\"Talkpal AI\",\"potentialAction\":[{\"@type\":\"SearchAction\",\"target\":{\"@type\":\"EntryPoint\",\"urlTemplate\":\"https:\/\/talkpal.ai\/da\/?s={search_term_string}\"},\"query-input\":{\"@type\":\"PropertyValueSpecification\",\"valueRequired\":true,\"valueName\":\"search_term_string\"}}],\"inLanguage\":\"da-DK\"},{\"@type\":\"Organization\",\"@id\":\"https:\/\/talkpal.ai\/da\/#organization\",\"name\":\"Talkpal, Inc.\",\"alternateName\":\"Talkpal AI\",\"url\":\"https:\/\/talkpal.ai\/da\/\",\"logo\":{\"@type\":\"ImageObject\",\"inLanguage\":\"da-DK\",\"@id\":\"https:\/\/talkpal.ai\/da\/#\/schema\/logo\/image\/\",\"url\":\"https:\/\/talkpal.ai\/wp-content\/uploads\/2024\/03\/Talkpal-Logo-Icon.png\",\"contentUrl\":\"https:\/\/talkpal.ai\/wp-content\/uploads\/2024\/03\/Talkpal-Logo-Icon.png\",\"width\":2880,\"height\":2880,\"caption\":\"Talkpal, Inc.\"},\"image\":{\"@id\":\"https:\/\/talkpal.ai\/da\/#\/schema\/logo\/image\/\"},\"sameAs\":[\"https:\/\/www.facebook.com\/profile.php?id=100090733639311\",\"https:\/\/x.com\/talkpalai\",\"https:\/\/www.linkedin.com\/company\/talkpal\/\",\"https:\/\/www.youtube.com\/@TalkPal\/\",\"https:\/\/www.tiktok.com\/@talkpal\",\"https:\/\/www.instagram.com\/talkpal_ai\/\",\"https:\/\/www.crunchbase.com\/organization\/talkpal-9cde\",\"https:\/\/www.g2.com\/products\/talkpal-for-business\/\",\"https:\/\/www.trustpilot.com\/review\/talkpal.ai\",\"https:\/\/www.capterra.com\/p\/10006800\/TalkPal\/\"],\"description\":\"Talkpal is a language learning web and mobile education app, powered by the latest AI technologies, that provides engaging experiences to its customers in many different languages to help them improve their language skills. Users can chat about unlimited amount of topics with the app and use other modes to practice their language learning.\",\"email\":\"support@talkpal.ai\",\"legalName\":\"Talkpal, Inc.\",\"foundingDate\":\"2023-04-03\",\"duns\":\"118989042\",\"numberOfEmployees\":{\"@type\":\"QuantitativeValue\",\"minValue\":\"11\",\"maxValue\":\"50\"},\"publishingPrinciples\":\"https:\/\/talkpal.ai\/publishing-principles\/\",\"actionableFeedbackPolicy\":\"https:\/\/talkpal.ai\/actionable-feedback-policy\/\",\"correctionsPolicy\":\"https:\/\/talkpal.ai\/corrections-policy\/\",\"ethicsPolicy\":\"https:\/\/talkpal.ai\/ethics-policy\/\",\"diversityPolicy\":\"https:\/\/talkpal.ai\/diversity-policy\/\",\"diversityStaffingReport\":\"https:\/\/talkpal.ai\/diversity-policy\/\"}]}<\/script>\n<!-- \/ Yoast SEO Premium plugin. -->","yoast_head_json":{"title":"Arabisk grammatik - Talkpal","description":"Udforsk den arabiske grammatiks finurligheder og opdag dens unikke struktur i forhold til engelsk grammatik.","robots":{"index":"index","follow":"follow","max-snippet":"max-snippet:-1","max-image-preview":"max-image-preview:large","max-video-preview":"max-video-preview:-1"},"canonical":"https:\/\/talkpal.ai\/da\/arabisk-grammatik\/","og_locale":"da_DK","og_type":"article","og_title":"Arabisk grammatik","og_description":"Forviklingerne i arabisk grammatik: en rejse gennem dens r\u00f8dder og sk\u00f8nhed Kan du huske, da du f\u00f8rst begyndte at l\u00e6re engelsk grammatik? De tilsyneladende","og_url":"https:\/\/talkpal.ai\/da\/arabisk-grammatik\/","og_site_name":"Talkpal","article_publisher":"https:\/\/www.facebook.com\/profile.php?id=100090733639311","article_modified_time":"2025-05-21T11:49:08+00:00","og_image":[{"width":512,"height":512,"url":"https:\/\/talkpal.ai\/wp-content\/uploads\/2023\/04\/arabic-united-arab-emirates.png","type":"image\/png"}],"twitter_card":"summary_large_image","twitter_site":"@talkpalai","twitter_misc":{"Estimeret l\u00e6setid":"3 minutter"},"schema":{"@context":"https:\/\/schema.org","@graph":[{"@type":"WebPage","@id":"https:\/\/talkpal.ai\/da\/arabisk-grammatik\/","url":"https:\/\/talkpal.ai\/da\/arabisk-grammatik\/","name":"Arabisk grammatik - Talkpal","isPartOf":{"@id":"https:\/\/talkpal.ai\/da\/#website"},"primaryImageOfPage":{"@id":"https:\/\/talkpal.ai\/da\/arabisk-grammatik\/#primaryimage"},"image":{"@id":"https:\/\/talkpal.ai\/da\/arabisk-grammatik\/#primaryimage"},"thumbnailUrl":"https:\/\/talkpal.ai\/wp-content\/uploads\/2023\/04\/arabic-united-arab-emirates.png","datePublished":"2023-05-14T13:43:38+00:00","dateModified":"2025-05-21T11:49:08+00:00","description":"Udforsk den arabiske grammatiks finurligheder og opdag dens unikke struktur i forhold til engelsk grammatik.","breadcrumb":{"@id":"https:\/\/talkpal.ai\/da\/arabisk-grammatik\/#breadcrumb"},"inLanguage":"da-DK","potentialAction":[{"@type":"ReadAction","target":["https:\/\/talkpal.ai\/da\/arabisk-grammatik\/"]}]},{"@type":"ImageObject","inLanguage":"da-DK","@id":"https:\/\/talkpal.ai\/da\/arabisk-grammatik\/#primaryimage","url":"https:\/\/talkpal.ai\/wp-content\/uploads\/2023\/04\/arabic-united-arab-emirates.png","contentUrl":"https:\/\/talkpal.ai\/wp-content\/uploads\/2023\/04\/arabic-united-arab-emirates.png","width":512,"height":512},{"@type":"BreadcrumbList","@id":"https:\/\/talkpal.ai\/da\/arabisk-grammatik\/#breadcrumb","itemListElement":[{"@type":"ListItem","position":1,"name":"Homepage","item":"https:\/\/talkpal.ai\/da\/"},{"@type":"ListItem","position":2,"name":"Arabisk grammatik"}]},{"@type":"WebSite","@id":"https:\/\/talkpal.ai\/da\/#website","url":"https:\/\/talkpal.ai\/da\/","name":"Talkpal","description":"AI Language Learning","publisher":{"@id":"https:\/\/talkpal.ai\/da\/#organization"},"alternateName":"Talkpal AI","potentialAction":[{"@type":"SearchAction","target":{"@type":"EntryPoint","urlTemplate":"https:\/\/talkpal.ai\/da\/?s={search_term_string}"},"query-input":{"@type":"PropertyValueSpecification","valueRequired":true,"valueName":"search_term_string"}}],"inLanguage":"da-DK"},{"@type":"Organization","@id":"https:\/\/talkpal.ai\/da\/#organization","name":"Talkpal, Inc.","alternateName":"Talkpal AI","url":"https:\/\/talkpal.ai\/da\/","logo":{"@type":"ImageObject","inLanguage":"da-DK","@id":"https:\/\/talkpal.ai\/da\/#\/schema\/logo\/image\/","url":"https:\/\/talkpal.ai\/wp-content\/uploads\/2024\/03\/Talkpal-Logo-Icon.png","contentUrl":"https:\/\/talkpal.ai\/wp-content\/uploads\/2024\/03\/Talkpal-Logo-Icon.png","width":2880,"height":2880,"caption":"Talkpal, Inc."},"image":{"@id":"https:\/\/talkpal.ai\/da\/#\/schema\/logo\/image\/"},"sameAs":["https:\/\/www.facebook.com\/profile.php?id=100090733639311","https:\/\/x.com\/talkpalai","https:\/\/www.linkedin.com\/company\/talkpal\/","https:\/\/www.youtube.com\/@TalkPal\/","https:\/\/www.tiktok.com\/@talkpal","https:\/\/www.instagram.com\/talkpal_ai\/","https:\/\/www.crunchbase.com\/organization\/talkpal-9cde","https:\/\/www.g2.com\/products\/talkpal-for-business\/","https:\/\/www.trustpilot.com\/review\/talkpal.ai","https:\/\/www.capterra.com\/p\/10006800\/TalkPal\/"],"description":"Talkpal is a language learning web and mobile education app, powered by the latest AI technologies, that provides engaging experiences to its customers in many different languages to help them improve their language skills. Users can chat about unlimited amount of topics with the app and use other modes to practice their language learning.","email":"support@talkpal.ai","legalName":"Talkpal, Inc.","foundingDate":"2023-04-03","duns":"118989042","numberOfEmployees":{"@type":"QuantitativeValue","minValue":"11","maxValue":"50"},"publishingPrinciples":"https:\/\/talkpal.ai\/publishing-principles\/","actionableFeedbackPolicy":"https:\/\/talkpal.ai\/actionable-feedback-policy\/","correctionsPolicy":"https:\/\/talkpal.ai\/corrections-policy\/","ethicsPolicy":"https:\/\/talkpal.ai\/ethics-policy\/","diversityPolicy":"https:\/\/talkpal.ai\/diversity-policy\/","diversityStaffingReport":"https:\/\/talkpal.ai\/diversity-policy\/"}]}},"_links":{"self":[{"href":"https:\/\/talkpal.ai\/da\/wp-json\/wp\/v2\/pages\/127951","targetHints":{"allow":["GET"]}}],"collection":[{"href":"https:\/\/talkpal.ai\/da\/wp-json\/wp\/v2\/pages"}],"about":[{"href":"https:\/\/talkpal.ai\/da\/wp-json\/wp\/v2\/types\/page"}],"author":[{"embeddable":true,"href":"https:\/\/talkpal.ai\/da\/wp-json\/wp\/v2\/users\/1"}],"replies":[{"embeddable":true,"href":"https:\/\/talkpal.ai\/da\/wp-json\/wp\/v2\/comments?post=127951"}],"version-history":[{"count":0,"href":"https:\/\/talkpal.ai\/da\/wp-json\/wp\/v2\/pages\/127951\/revisions"}],"wp:featuredmedia":[{"embeddable":true,"href":"https:\/\/talkpal.ai\/da\/wp-json\/wp\/v2\/media\/105856"}],"wp:attachment":[{"href":"https:\/\/talkpal.ai\/da\/wp-json\/wp\/v2\/media?parent=127951"}],"curies":[{"name":"wp","href":"https:\/\/api.w.org\/{rel}","templated":true}]}}