{"id":126795,"date":"2023-03-26T12:27:22","date_gmt":"2023-03-26T12:27:22","guid":{"rendered":"http:\/\/talkpal.ai\/italiensk-grammatik\/"},"modified":"2025-05-22T18:42:35","modified_gmt":"2025-05-22T18:42:35","slug":"italiensk-grammatik","status":"publish","type":"page","link":"https:\/\/talkpal.ai\/da\/italiensk-grammatik\/","title":{"rendered":"Italiensk grammatik"},"content":{"rendered":"\r\n\r\n\r\n<section class=\"languageChallengeSection\">\r\n    <div class=\"languageInfoWrapper\">\r\n        \r\n        <h1>Italiensk grammatik<\/h1>\r\n        <p>Opdag grundlaget for det italienske sprog ved at l\u00e6re de vigtigste grammatiske regler. Hvis du mestrer den italienske <a href=\"https:\/\/talkpal.ai\/fr\/les\/\">grammatik<\/a>, kan du udtrykke dig med selvtillid og f\u00e5 en dybere kontakt med Italiens rige kultur. Begynd at <a href=\"https:\/\/talkpal.ai\/fr\/comment-apprendre-litalien\/\">l\u00e6re italiensk<\/a> grammatik i dag, og tag dit f\u00f8rste skridt mod flydende sprog!<\/p>\r\n\r\n                            <a class=\"getStartedHidden\" href=\"https:\/\/app.talkpal.ai\/da\/signup?lng=\">Kom i gang<\/a>\r\n        \r\n    <\/div>\r\n\r\n    <figure>\r\n    <img decoding=\"async\" width=\"768\" height=\"768\" src=\"https:\/\/talkpal.ai\/wp-content\/uploads\/2023\/06\/italian-768x768.png\" class=\"languageImage no-lazy\" alt=\"Language learning for increased memory capacity\" fetchpriority=\"high\" sizes=\"(max-width: 768px) 150px, 768px\" srcset=\"https:\/\/talkpal.ai\/wp-content\/uploads\/2023\/06\/italian-768x768.png 768w, https:\/\/talkpal.ai\/wp-content\/uploads\/2023\/06\/italian-300x300.png 300w\" \/>\r\n    \r\n\r\n    <\/figure>\r\n\r\n            <a class=\"getStartedVisible\" href=\"https:\/\/app.talkpal.ai\/da\/signup?lng=\">Kom i gang<\/a>\r\n    \r\n<\/section>\r\n        <section class=\"grammarSection\">\r\n            <div class=\"grammarLinks\">\r\n                <a href=\"https:\/\/talkpal.ai\/da\/language\/adverbier-italiensk-grammatik\/\">Adverbier <\/a><a href=\"https:\/\/talkpal.ai\/da\/language\/konjunktioner-italiensk-grammatik-da\/\">Konjunktioner <\/a><a href=\"https:\/\/talkpal.ai\/da\/language\/navneord-italiensk-grammatik\/\">Navneord <\/a><a href=\"https:\/\/talkpal.ai\/da\/language\/negation-og-forhor-italiensk-grammatik\/\">Negation og forh\u00f8r <\/a><a href=\"https:\/\/talkpal.ai\/da\/language\/praepositioner-italiensk-grammatik\/\">Pr\u00e6positioner <\/a><a href=\"https:\/\/talkpal.ai\/da\/language\/pronominer-italiensk-grammatik\/\">Pronominer <\/a><a href=\"https:\/\/talkpal.ai\/da\/language\/syntaks-og-saetningsstruktur-italiensk-grammatik\/\">Syntaks og s\u00e6tningsstruktur <\/a><a href=\"https:\/\/talkpal.ai\/da\/language\/tillaegsord-italiensk-grammatik\/\">Till\u00e6gsord <\/a><a href=\"https:\/\/talkpal.ai\/da\/language\/udsagnsord-italiensk-grammatik\/\">Udsagnsord <\/a>            <\/div>\r\n        <\/section>\r\n    <section class=\"promotionalBanner\">\r\n    <p class=\"promotionalText\">Den mest effektive m\u00e5de at l\u00e6re et sprog p\u00e5<\/p>\r\n    <a class=\"promotionalLink\" href=\"https:\/\/app.talkpal.ai\/da\/signup?lng=\">Pr\u00f8v Talkpal gratis<\/a>\r\n<\/section>\n<div class=\"wp-block-group pageContainerStyle\"><div class=\"wp-block-group__inner-container is-layout-constrained wp-block-group-is-layout-constrained\">\n<h2 class=\"wp-block-heading\" id=\"h-mastering-the-art-of-italian-grammar-your-ultimate-guide\">At mestre kunsten at l\u00e6re italiensk grammatik: Din ultimative guide<\/h2>\n\n\n\n<p>Ciao, <a href=\"https:\/\/talkpal.ai\/talkpal-discount-for-language-enthusiasts\/\">sprogentusiaster<\/a>! Er du klar til at dykke ned i den italienske grammatik med hovedet f\u00f8rst? Du er kommet til det rette sted. Denne artikel er fyldt med information, der er let at ford\u00f8je og har en samtaleagtig tone, og den vil guide dig gennem den fascinerende (og til tider vanskelige) verden af <a href=\"https:\/\/talkpal.ai\/no\/laer-italiensk\/\">italiensk grammatik<\/a>, s\u00e5 du med sikkerhed kan konstruere s\u00e6tninger og have meningsfulde samtaler med indf\u00f8dte. S\u00e5 sp\u00e6nd sikkerhedsb\u00e6ltet, og lad os komme i gang!<\/p>\n\n\n\n<h3 class=\"wp-block-heading\" id=\"h-but-first-why-italian-grammar\">Men f\u00f8rst, hvorfor italiensk grammatik?<\/h3>\n\n\n\n<p>Hvis du l\u00e6rer <a href=\"https:\/\/talkpal.ai\/learn-italian\/\">italiensk<\/a>, er et st\u00e6rkt fundament i grammatik afg\u00f8rende for at kunne tale, l\u00e6se og skrive flydende. <a href=\"https:\/\/talkpal.ai\/learn-italian\/\">Italiensk<\/a> grammatik kan virke kompleks i starten, men den er relativt ligetil, n\u00e5r man deler den op i mindre, mere overskuelige dele. S\u00e5 lad os begynde din rejse mod at <a href=\"https:\/\/talkpal.ai\/locations\/language-courses-in-mestre\/\">mestre<\/a> italiensk grammatik!<\/p>\n\n\n\n<h3 class=\"wp-block-heading\" id=\"h-1-nouns-articles-and-gender\">1. Substantiver, artikler og k\u00f8n<\/h3>\n\n\n\n<p>Italienske navneord findes i to k\u00f8n: maskulinum og femininum. I mods\u00e6tning til engelsk, hvor navneordets k\u00f8n er irrelevant, kr\u00e6ver italiensk det korrekte k\u00f8n for en korrekt s\u00e6tningskonstruktion. Kan du g\u00e6tte k\u00f8nnet p\u00e5 navneord som &#8220;tavolo&#8221; (bord) eller &#8220;casa&#8221; (hus)? Hvis du g\u00e6ttede p\u00e5 maskulinum for &#8220;tavolo&#8221; og femininum for &#8220;casa&#8221;, bravo!<\/p>\n\n\n\n<p>P\u00e5 italiensk ender navneord normalt p\u00e5 &#8220;-o&#8221; for maskulinum og &#8220;-a&#8221; for femininum. Der er undtagelser &#8211; nogle ord ender p\u00e5 &#8220;-e&#8221; og kan v\u00e6re af begge k\u00f8n &#8211; men lad os nu holde dette grundl\u00e6ggende princip i tankerne.<\/p>\n\n\n\n<p>Lad os nu tale om artikler. Ligesom p\u00e5 engelsk har vi brug for artikler f\u00f8r navneord. Italiensk har bestemte (il, lo, la, i, gli, le) og ubestemte artikler (un, uno, una).<\/p>\n\n\n\n<p>S\u00e5 hvordan v\u00e6lger vi, hvilken bestemt artikel vi skal bruge?<\/p>\n\n\n\n<p>&#8211; &#8220;il&#8221; og &#8220;i&#8221; for maskuline navneord, der begynder med en konsonant, f.eks. il libro (bogen), i libri (b\u00f8gerne)<br\/>&#8211; &#8220;lo&#8221; og &#8220;gli&#8221; for maskuline navneord, der begynder med &#8220;s&#8221; efterfulgt af en konsonant, en vokal (undtagen &#8220;u&#8221;) eller et &#8220;z&#8221;, f.eks. lo studente (den studerende), gli studenti (de studerende).<br\/>&#8211; &#8220;la&#8221; og &#8220;le&#8221; for hunk\u00f8nsord, f.eks. la casa (huset), le case (husene)<\/p>\n\n\n\n<h3 class=\"wp-block-heading\" id=\"h-2-adjectives-and-agreement\">2. Adjektiver og enighed<\/h3>\n\n\n\n<p>Adjektiver p\u00e5 italiensk skal stemme overens med det substantiv, de modificerer, i k\u00f8n og tal. Hvis man for eksempel vil beskrive en l\u00e6kker pizza, siger man &#8220;una pizza deliziosa&#8221; og ikke &#8220;delizioso&#8221;. Husk, at adjektivet normalt f\u00f8lger substantivet p\u00e5 italiensk.<\/p>\n\n\n\n<h3 class=\"wp-block-heading\" id=\"h-3-verbs-tense-and-conjugation\">3. Verber, tid og b\u00f8jning<\/h3>\n\n\n\n<p>Italienske verber er en stor del af grammatikken. Der er tre kategorier af verber (-are, -ere og -ire) og masser af uregelm\u00e6ssige verber, s\u00e5 vi har nok at se til! For at give dig et hurtigt overblik, lad os se p\u00e5 nutidsformen af almindelige verber.<\/p>\n\n\n\n<p>&#8211; &#8220;-are&#8221;-verber: f.eks. parlare (at tale): io parlo, tu parli, lui\/lei parla, noi parliamo, voi parlate, loro parlano<br\/>&#8211; Verber p\u00e5 &#8220;-ere&#8221;: f.eks. leggere (at l\u00e6se): io leggo, tu leggi, lui\/lei legge, noi leggiamo, voi leggete, loro leggono<br\/>&#8211; &#8220;-ire&#8221;-verber: f.eks. finire (at afslutte): io finisco, tu finisci, lui\/lei finisce, noi finiamo, voi finite, loro finiscono<\/p>\n\n\n\n<p>Husk p\u00e5, at dette kun er toppen af isbjerget! Der er mange andre tider og uregelm\u00e6ssige verber at l\u00e6re, men enhver rejse starter med et enkelt skridt.<\/p>\n\n\n\n<h3 class=\"wp-block-heading\" id=\"h-4-prepositions-pronouns-and-more\">4. Pr\u00e6positioner, pronominer og meget mere!<\/h3>\n\n\n\n<p>Italiensk grammatik har mange andre komponenter som pr\u00e6positioner (di, a, da, in, su osv.), pronominer (io, tu, lui\/lei osv.), refleksive verber og idiomatiske udtryk. Hver komponent er n\u00f8glen til at l\u00e5se op for din flydende sprogf\u00e6rdighed, s\u00e5 tag et skridt ad gangen.<\/p>\n\n\n\n<p>Konklusionen er, at der ikke er nogen genvej til at mestre italiensk grammatik. Det kr\u00e6ver vedholdenhed, \u00f8velse og t\u00e5lmodighed. Men n\u00e5r du f\u00f8rst har f\u00e5et styr p\u00e5 det, vil du kunne opleve det smukke ved at tale italiensk, opdage den rige kultur og historie og uddybe din forst\u00e5else for sproget. Buona fortuna!<\/p>\n<\/div><\/div>\n\r\n<section class=\"learnNavigationSection\">\r\n            \r\n        <a href=\"https:\/\/talkpal.ai\/da\/laer-italiensk\/\">\r\n            <div class=\"learnNavigationWrapper\">\r\n                <div class=\"learnNavigationContent\">\r\n                    <img decoding=\"async\" src=\"https:\/\/talkpal.ai\/wp-content\/uploads\/2024\/08\/Italian.jpg\" alt=\"Italian Flag\">\r\n                    <div>\r\n                        <h4>Om at l\u00e6re italiensk<\/h4>\r\n                        <p>Find ud af alt om italiensk grammatik.<\/p>\r\n                    <\/div>\r\n                <\/div>\r\n            <\/div>\r\n        <\/a>\r\n\r\n        \r\n        <a href=\"https:\/\/talkpal.ai\/da\/italienske-grammatikoevelser\/\">\r\n            <div class=\"learnNavigationWrapper\">\r\n                <div class=\"learnNavigationContent\">\r\n                    <img decoding=\"async\" src=\"https:\/\/talkpal.ai\/wp-content\/uploads\/2024\/08\/Italian.jpg\" alt=\"Italian Flag\">\r\n                    <div>\r\n                        <h4>Italiensk grammatik-\u00f8velse<\/h4>\r\n                        <p>\u00d8v italiensk grammatik.<\/p>\r\n                    <\/div>\r\n                <\/div>\r\n            <\/div>\r\n        <\/a>\r\n\r\n        \r\n        <a href=\"https:\/\/talkpal.ai\/vocabulary_language\/italian\/\">\r\n            <div class=\"learnNavigationWrapper\">\r\n                <div class=\"learnNavigationContent\">\r\n                    <img decoding=\"async\" src=\"https:\/\/talkpal.ai\/wp-content\/uploads\/2024\/08\/Italian.jpg\" alt=\"Italian Flag\">\r\n                    <div>\r\n                        <h4>Italiensk ordforr\u00e5d<\/h4>\r\n                        <p>Udvid dit italienske ordforr\u00e5d.<\/p>\r\n                    <\/div>\r\n                <\/div>\r\n            <\/div>\r\n        <\/a>\r\n\r\n            <\/section>","protected":false},"excerpt":{"rendered":"<p>At mestre kunsten at l\u00e6re italiensk grammatik: Din ultimative guide Ciao, sprogentusiaster! Er du klar til at dykke ned i den italienske grammatik med hovedet f\u00f8rst? Du er kommet til det rette sted. Denne artikel er fyldt med information, der er let at ford\u00f8je og har en samtaleagtig tone, og den vil guide dig gennem [&hellip;]<\/p>\n","protected":false},"author":1,"featured_media":76179,"parent":0,"menu_order":0,"comment_status":"closed","ping_status":"closed","template":"LearningContentPage.php","meta":{"_acf_changed":false,"footnotes":""},"class_list":["post-126795","page","type-page","status-publish","has-post-thumbnail","hentry"],"acf":[],"yoast_head":"<!-- This site is optimized with the Yoast SEO Premium plugin v27.2 (Yoast SEO v27.2) - https:\/\/yoast.com\/product\/yoast-seo-premium-wordpress\/ -->\n<title>Italiensk grammatik - Talkpal<\/title>\n<meta name=\"description\" content=\"L\u00e6r let italiensk grammatik - \u00f8v dig tydeligt, forst\u00e5 reglerne og tal bedre med enkel vejledning fra Talkpal AI.\" \/>\n<meta name=\"robots\" content=\"index, follow, max-snippet:-1, max-image-preview:large, max-video-preview:-1\" \/>\n<link rel=\"canonical\" href=\"https:\/\/talkpal.ai\/da\/italiensk-grammatik\/\" \/>\n<meta property=\"og:locale\" content=\"da_DK\" \/>\n<meta property=\"og:type\" content=\"article\" \/>\n<meta property=\"og:title\" content=\"Italiensk grammatik\" \/>\n<meta property=\"og:description\" content=\"At mestre kunsten at l\u00e6re italiensk grammatik: Din ultimative guide Ciao, sprogentusiaster! Er du klar til at dykke ned i den italienske grammatik med\" \/>\n<meta property=\"og:url\" content=\"https:\/\/talkpal.ai\/da\/italiensk-grammatik\/\" \/>\n<meta property=\"og:site_name\" content=\"Talkpal\" \/>\n<meta property=\"article:publisher\" content=\"https:\/\/www.facebook.com\/profile.php?id=100090733639311\" \/>\n<meta property=\"article:modified_time\" content=\"2025-05-22T18:42:35+00:00\" \/>\n<meta property=\"og:image\" content=\"https:\/\/talkpal.ai\/wp-content\/uploads\/2023\/03\/italy.png\" \/>\n\t<meta property=\"og:image:width\" content=\"512\" \/>\n\t<meta property=\"og:image:height\" content=\"512\" \/>\n\t<meta property=\"og:image:type\" content=\"image\/png\" \/>\n<meta name=\"twitter:card\" content=\"summary_large_image\" \/>\n<meta name=\"twitter:site\" content=\"@talkpalai\" \/>\n<meta name=\"twitter:label1\" content=\"Estimeret l\u00e6setid\" \/>\n\t<meta name=\"twitter:data1\" content=\"3 minutter\" \/>\n<script type=\"application\/ld+json\" class=\"yoast-schema-graph\">{\"@context\":\"https:\/\/schema.org\",\"@graph\":[{\"@type\":\"WebPage\",\"@id\":\"https:\/\/talkpal.ai\/da\/italiensk-grammatik\/\",\"url\":\"https:\/\/talkpal.ai\/da\/italiensk-grammatik\/\",\"name\":\"Italiensk grammatik - Talkpal\",\"isPartOf\":{\"@id\":\"https:\/\/talkpal.ai\/da\/#website\"},\"primaryImageOfPage\":{\"@id\":\"https:\/\/talkpal.ai\/da\/italiensk-grammatik\/#primaryimage\"},\"image\":{\"@id\":\"https:\/\/talkpal.ai\/da\/italiensk-grammatik\/#primaryimage\"},\"thumbnailUrl\":\"https:\/\/talkpal.ai\/wp-content\/uploads\/2023\/03\/italy.png\",\"datePublished\":\"2023-03-26T12:27:22+00:00\",\"dateModified\":\"2025-05-22T18:42:35+00:00\",\"description\":\"L\u00e6r let italiensk grammatik - \u00f8v dig tydeligt, forst\u00e5 reglerne og tal bedre med enkel vejledning fra Talkpal AI.\",\"breadcrumb\":{\"@id\":\"https:\/\/talkpal.ai\/da\/italiensk-grammatik\/#breadcrumb\"},\"inLanguage\":\"da-DK\",\"potentialAction\":[{\"@type\":\"ReadAction\",\"target\":[\"https:\/\/talkpal.ai\/da\/italiensk-grammatik\/\"]}]},{\"@type\":\"ImageObject\",\"inLanguage\":\"da-DK\",\"@id\":\"https:\/\/talkpal.ai\/da\/italiensk-grammatik\/#primaryimage\",\"url\":\"https:\/\/talkpal.ai\/wp-content\/uploads\/2023\/03\/italy.png\",\"contentUrl\":\"https:\/\/talkpal.ai\/wp-content\/uploads\/2023\/03\/italy.png\",\"width\":512,\"height\":512,\"caption\":\"TalkPal AI learn Italian\"},{\"@type\":\"BreadcrumbList\",\"@id\":\"https:\/\/talkpal.ai\/da\/italiensk-grammatik\/#breadcrumb\",\"itemListElement\":[{\"@type\":\"ListItem\",\"position\":1,\"name\":\"Homepage\",\"item\":\"https:\/\/talkpal.ai\/da\/\"},{\"@type\":\"ListItem\",\"position\":2,\"name\":\"Italiensk grammatik\"}]},{\"@type\":\"WebSite\",\"@id\":\"https:\/\/talkpal.ai\/da\/#website\",\"url\":\"https:\/\/talkpal.ai\/da\/\",\"name\":\"Talkpal\",\"description\":\"AI Language Learning\",\"publisher\":{\"@id\":\"https:\/\/talkpal.ai\/da\/#organization\"},\"alternateName\":\"Talkpal AI\",\"potentialAction\":[{\"@type\":\"SearchAction\",\"target\":{\"@type\":\"EntryPoint\",\"urlTemplate\":\"https:\/\/talkpal.ai\/da\/?s={search_term_string}\"},\"query-input\":{\"@type\":\"PropertyValueSpecification\",\"valueRequired\":true,\"valueName\":\"search_term_string\"}}],\"inLanguage\":\"da-DK\"},{\"@type\":\"Organization\",\"@id\":\"https:\/\/talkpal.ai\/da\/#organization\",\"name\":\"Talkpal, Inc.\",\"alternateName\":\"Talkpal AI\",\"url\":\"https:\/\/talkpal.ai\/da\/\",\"logo\":{\"@type\":\"ImageObject\",\"inLanguage\":\"da-DK\",\"@id\":\"https:\/\/talkpal.ai\/da\/#\/schema\/logo\/image\/\",\"url\":\"https:\/\/talkpal.ai\/wp-content\/uploads\/2024\/03\/Talkpal-Logo-Icon.png\",\"contentUrl\":\"https:\/\/talkpal.ai\/wp-content\/uploads\/2024\/03\/Talkpal-Logo-Icon.png\",\"width\":2880,\"height\":2880,\"caption\":\"Talkpal, Inc.\"},\"image\":{\"@id\":\"https:\/\/talkpal.ai\/da\/#\/schema\/logo\/image\/\"},\"sameAs\":[\"https:\/\/www.facebook.com\/profile.php?id=100090733639311\",\"https:\/\/x.com\/talkpalai\",\"https:\/\/www.linkedin.com\/company\/talkpal\/\",\"https:\/\/www.youtube.com\/@TalkPal\/\",\"https:\/\/www.tiktok.com\/@talkpal\",\"https:\/\/www.instagram.com\/talkpal_ai\/\",\"https:\/\/www.crunchbase.com\/organization\/talkpal-9cde\",\"https:\/\/www.g2.com\/products\/talkpal-for-business\/\",\"https:\/\/www.trustpilot.com\/review\/talkpal.ai\",\"https:\/\/www.capterra.com\/p\/10006800\/TalkPal\/\"],\"description\":\"Talkpal is a language learning web and mobile education app, powered by the latest AI technologies, that provides engaging experiences to its customers in many different languages to help them improve their language skills. Users can chat about unlimited amount of topics with the app and use other modes to practice their language learning.\",\"email\":\"support@talkpal.ai\",\"legalName\":\"Talkpal, Inc.\",\"foundingDate\":\"2023-04-03\",\"duns\":\"118989042\",\"numberOfEmployees\":{\"@type\":\"QuantitativeValue\",\"minValue\":\"11\",\"maxValue\":\"50\"},\"publishingPrinciples\":\"https:\/\/talkpal.ai\/publishing-principles\/\",\"actionableFeedbackPolicy\":\"https:\/\/talkpal.ai\/actionable-feedback-policy\/\",\"correctionsPolicy\":\"https:\/\/talkpal.ai\/corrections-policy\/\",\"ethicsPolicy\":\"https:\/\/talkpal.ai\/ethics-policy\/\",\"diversityPolicy\":\"https:\/\/talkpal.ai\/diversity-policy\/\",\"diversityStaffingReport\":\"https:\/\/talkpal.ai\/diversity-policy\/\"}]}<\/script>\n<!-- \/ Yoast SEO Premium plugin. -->","yoast_head_json":{"title":"Italiensk grammatik - Talkpal","description":"L\u00e6r let italiensk grammatik - \u00f8v dig tydeligt, forst\u00e5 reglerne og tal bedre med enkel vejledning fra Talkpal AI.","robots":{"index":"index","follow":"follow","max-snippet":"max-snippet:-1","max-image-preview":"max-image-preview:large","max-video-preview":"max-video-preview:-1"},"canonical":"https:\/\/talkpal.ai\/da\/italiensk-grammatik\/","og_locale":"da_DK","og_type":"article","og_title":"Italiensk grammatik","og_description":"At mestre kunsten at l\u00e6re italiensk grammatik: Din ultimative guide Ciao, sprogentusiaster! Er du klar til at dykke ned i den italienske grammatik med","og_url":"https:\/\/talkpal.ai\/da\/italiensk-grammatik\/","og_site_name":"Talkpal","article_publisher":"https:\/\/www.facebook.com\/profile.php?id=100090733639311","article_modified_time":"2025-05-22T18:42:35+00:00","og_image":[{"width":512,"height":512,"url":"https:\/\/talkpal.ai\/wp-content\/uploads\/2023\/03\/italy.png","type":"image\/png"}],"twitter_card":"summary_large_image","twitter_site":"@talkpalai","twitter_misc":{"Estimeret l\u00e6setid":"3 minutter"},"schema":{"@context":"https:\/\/schema.org","@graph":[{"@type":"WebPage","@id":"https:\/\/talkpal.ai\/da\/italiensk-grammatik\/","url":"https:\/\/talkpal.ai\/da\/italiensk-grammatik\/","name":"Italiensk grammatik - Talkpal","isPartOf":{"@id":"https:\/\/talkpal.ai\/da\/#website"},"primaryImageOfPage":{"@id":"https:\/\/talkpal.ai\/da\/italiensk-grammatik\/#primaryimage"},"image":{"@id":"https:\/\/talkpal.ai\/da\/italiensk-grammatik\/#primaryimage"},"thumbnailUrl":"https:\/\/talkpal.ai\/wp-content\/uploads\/2023\/03\/italy.png","datePublished":"2023-03-26T12:27:22+00:00","dateModified":"2025-05-22T18:42:35+00:00","description":"L\u00e6r let italiensk grammatik - \u00f8v dig tydeligt, forst\u00e5 reglerne og tal bedre med enkel vejledning fra Talkpal AI.","breadcrumb":{"@id":"https:\/\/talkpal.ai\/da\/italiensk-grammatik\/#breadcrumb"},"inLanguage":"da-DK","potentialAction":[{"@type":"ReadAction","target":["https:\/\/talkpal.ai\/da\/italiensk-grammatik\/"]}]},{"@type":"ImageObject","inLanguage":"da-DK","@id":"https:\/\/talkpal.ai\/da\/italiensk-grammatik\/#primaryimage","url":"https:\/\/talkpal.ai\/wp-content\/uploads\/2023\/03\/italy.png","contentUrl":"https:\/\/talkpal.ai\/wp-content\/uploads\/2023\/03\/italy.png","width":512,"height":512,"caption":"TalkPal AI learn Italian"},{"@type":"BreadcrumbList","@id":"https:\/\/talkpal.ai\/da\/italiensk-grammatik\/#breadcrumb","itemListElement":[{"@type":"ListItem","position":1,"name":"Homepage","item":"https:\/\/talkpal.ai\/da\/"},{"@type":"ListItem","position":2,"name":"Italiensk grammatik"}]},{"@type":"WebSite","@id":"https:\/\/talkpal.ai\/da\/#website","url":"https:\/\/talkpal.ai\/da\/","name":"Talkpal","description":"AI Language Learning","publisher":{"@id":"https:\/\/talkpal.ai\/da\/#organization"},"alternateName":"Talkpal AI","potentialAction":[{"@type":"SearchAction","target":{"@type":"EntryPoint","urlTemplate":"https:\/\/talkpal.ai\/da\/?s={search_term_string}"},"query-input":{"@type":"PropertyValueSpecification","valueRequired":true,"valueName":"search_term_string"}}],"inLanguage":"da-DK"},{"@type":"Organization","@id":"https:\/\/talkpal.ai\/da\/#organization","name":"Talkpal, Inc.","alternateName":"Talkpal AI","url":"https:\/\/talkpal.ai\/da\/","logo":{"@type":"ImageObject","inLanguage":"da-DK","@id":"https:\/\/talkpal.ai\/da\/#\/schema\/logo\/image\/","url":"https:\/\/talkpal.ai\/wp-content\/uploads\/2024\/03\/Talkpal-Logo-Icon.png","contentUrl":"https:\/\/talkpal.ai\/wp-content\/uploads\/2024\/03\/Talkpal-Logo-Icon.png","width":2880,"height":2880,"caption":"Talkpal, Inc."},"image":{"@id":"https:\/\/talkpal.ai\/da\/#\/schema\/logo\/image\/"},"sameAs":["https:\/\/www.facebook.com\/profile.php?id=100090733639311","https:\/\/x.com\/talkpalai","https:\/\/www.linkedin.com\/company\/talkpal\/","https:\/\/www.youtube.com\/@TalkPal\/","https:\/\/www.tiktok.com\/@talkpal","https:\/\/www.instagram.com\/talkpal_ai\/","https:\/\/www.crunchbase.com\/organization\/talkpal-9cde","https:\/\/www.g2.com\/products\/talkpal-for-business\/","https:\/\/www.trustpilot.com\/review\/talkpal.ai","https:\/\/www.capterra.com\/p\/10006800\/TalkPal\/"],"description":"Talkpal is a language learning web and mobile education app, powered by the latest AI technologies, that provides engaging experiences to its customers in many different languages to help them improve their language skills. Users can chat about unlimited amount of topics with the app and use other modes to practice their language learning.","email":"support@talkpal.ai","legalName":"Talkpal, Inc.","foundingDate":"2023-04-03","duns":"118989042","numberOfEmployees":{"@type":"QuantitativeValue","minValue":"11","maxValue":"50"},"publishingPrinciples":"https:\/\/talkpal.ai\/publishing-principles\/","actionableFeedbackPolicy":"https:\/\/talkpal.ai\/actionable-feedback-policy\/","correctionsPolicy":"https:\/\/talkpal.ai\/corrections-policy\/","ethicsPolicy":"https:\/\/talkpal.ai\/ethics-policy\/","diversityPolicy":"https:\/\/talkpal.ai\/diversity-policy\/","diversityStaffingReport":"https:\/\/talkpal.ai\/diversity-policy\/"}]}},"_links":{"self":[{"href":"https:\/\/talkpal.ai\/da\/wp-json\/wp\/v2\/pages\/126795","targetHints":{"allow":["GET"]}}],"collection":[{"href":"https:\/\/talkpal.ai\/da\/wp-json\/wp\/v2\/pages"}],"about":[{"href":"https:\/\/talkpal.ai\/da\/wp-json\/wp\/v2\/types\/page"}],"author":[{"embeddable":true,"href":"https:\/\/talkpal.ai\/da\/wp-json\/wp\/v2\/users\/1"}],"replies":[{"embeddable":true,"href":"https:\/\/talkpal.ai\/da\/wp-json\/wp\/v2\/comments?post=126795"}],"version-history":[{"count":0,"href":"https:\/\/talkpal.ai\/da\/wp-json\/wp\/v2\/pages\/126795\/revisions"}],"wp:featuredmedia":[{"embeddable":true,"href":"https:\/\/talkpal.ai\/da\/wp-json\/wp\/v2\/media\/76179"}],"wp:attachment":[{"href":"https:\/\/talkpal.ai\/da\/wp-json\/wp\/v2\/media?parent=126795"}],"curies":[{"name":"wp","href":"https:\/\/api.w.org\/{rel}","templated":true}]}}