{"id":124457,"date":"2023-03-26T11:55:54","date_gmt":"2023-03-26T11:55:54","guid":{"rendered":"http:\/\/talkpal.ai\/spansk-grammatik\/"},"modified":"2025-05-22T18:51:49","modified_gmt":"2025-05-22T18:51:49","slug":"spansk-grammatik","status":"publish","type":"page","link":"https:\/\/talkpal.ai\/da\/spansk-grammatik\/","title":{"rendered":"Spansk grammatik"},"content":{"rendered":"\r\n\r\n\r\n<section class=\"languageChallengeSection\">\r\n    <div class=\"languageInfoWrapper\">\r\n        \r\n        <h1>Spansk grammatik<\/h1>\r\n        <p>Dyk ned i den pulserende spanske verden ved at beherske de vigtigste grammatiske regler. At forst\u00e5 <a href=\"https:\/\/talkpal.ai\/no\/laer-spansk\/\">spansk grammatik<\/a> vil hj\u00e6lpe dig med at kommunikere sikkert og \u00e5bne op for <a href=\"https:\/\/talkpal.ai\/talkpal-new-years-discount\/\">nye<\/a> forbindelser med millioner af talende verden over. Begynd at l\u00e6re <a href=\"https:\/\/talkpal.ai\/learn-spanish\/\">spansk<\/a> <a href=\"https:\/\/talkpal.ai\/fr\/les\/\">grammatik<\/a> i dag, og tag dit f\u00f8rste skridt mod flydende <a href=\"https:\/\/talkpal.ai\/what-language-is-spoken-on-the-international-space-station\/\">sprog<\/a>!<\/p>\r\n\r\n                            <a class=\"getStartedHidden\" href=\"https:\/\/app.talkpal.ai\/da\/signup?lng=\">Kom i gang<\/a>\r\n        \r\n    <\/div>\r\n\r\n    <figure>\r\n    <img decoding=\"async\" width=\"768\" height=\"768\" src=\"https:\/\/talkpal.ai\/wp-content\/uploads\/2023\/06\/Spanish-768x768.png\" class=\"languageImage no-lazy\" alt=\"Practical application of language learning\" fetchpriority=\"high\" sizes=\"(max-width: 768px) 150px, 768px\" srcset=\"https:\/\/talkpal.ai\/wp-content\/uploads\/2023\/06\/Spanish-768x768.png 768w, https:\/\/talkpal.ai\/wp-content\/uploads\/2023\/06\/Spanish-300x300.png 300w\" \/>\r\n    \r\n\r\n    <\/figure>\r\n\r\n            <a class=\"getStartedVisible\" href=\"https:\/\/app.talkpal.ai\/da\/signup?lng=\">Kom i gang<\/a>\r\n    \r\n<\/section>\r\n        <section class=\"grammarSection\">\r\n            <div class=\"grammarLinks\">\r\n                <a href=\"https:\/\/talkpal.ai\/da\/language\/adjektiver-spansk-grammatik\/\">Adjektiver <\/a><a href=\"https:\/\/talkpal.ai\/da\/language\/adverbier-spansk-grammatik\/\">Adverbier <\/a><a href=\"https:\/\/talkpal.ai\/da\/language\/artikler-spansk-grammatik\/\">Artikler <\/a><a href=\"https:\/\/talkpal.ai\/da\/language\/navneord-spansk-grammatik\/\">Navneord <\/a><a href=\"https:\/\/talkpal.ai\/da\/language\/praepositioner-spansk-grammatik\/\">Pr\u00e6positioner <\/a><a href=\"https:\/\/talkpal.ai\/da\/language\/pronominer-spansk-grammatik\/\">Pronominer <\/a><a href=\"https:\/\/talkpal.ai\/da\/language\/saetningsstruktur-spansk-grammatik\/\">S\u00e6tningsstruktur <\/a><a href=\"https:\/\/talkpal.ai\/da\/language\/tider-konjunktiv-spansk-grammatik\/\">Tider Konjunktiv <\/a><a href=\"https:\/\/talkpal.ai\/da\/language\/tider-vejledende-spansk-grammatik\/\">Tider Vejledende <\/a><a href=\"https:\/\/talkpal.ai\/da\/language\/udsagnsord-spansk-grammatik\/\">Udsagnsord <\/a>            <\/div>\r\n        <\/section>\r\n    <section class=\"promotionalBanner\">\r\n    <p class=\"promotionalText\"><\/p>\r\n    <a class=\"promotionalLink\" href=\"https:\/\/app.talkpal.ai\/da\/signup?lng=\"><\/a>\r\n<\/section>\n<div class=\"wp-block-group pageContainerStyle\"><div class=\"wp-block-group__inner-container is-layout-constrained wp-block-group-is-layout-constrained\">\n<h2 class=\"wp-block-heading\" id=\"h-a-quick-guide-to-learning-spanish-grammar\">En hurtig guide til at l\u00e6re spansk grammatik<\/h2>\n\n\n\n<p>Hvis du nogensinde har t\u00e6nkt p\u00e5 at l\u00e6re et nyt sprog, er der stor sandsynlighed for, at du har t\u00e6nkt p\u00e5 spansk. Som et af de <a href=\"https:\/\/talkpal.ai\/the-10-most-spoken-languages-in-the-world\/\">mest talte sprog<\/a> i verden tilbyder spansk mange fordele for personlig og professionel v\u00e6kst. At l\u00e6re spansk vil ikke kun give dig adgang til nye kulturer, men vil ogs\u00e5 forbedre dine kommunikationsevner. Selvom mange mennesker er bange for at blive viklet ind i grammatikregler, kan du \u00e5nde lettet op, da spansk grammatik er relativt enkel. I denne artikel giver vi dig en hurtig guide, der hj\u00e6lper dig med at navigere i den sp\u00e6ndende verden af spansk grammatik som en professionel!<\/p>\n\n\n\n<h3 class=\"wp-block-heading\" id=\"h-1-understanding-spanish-nouns-and-articles\">1. Forst\u00e5else af spanske navneord og artikler<\/h3>\n\n\n\n<p>Spanske navneord, som p\u00e5 <a href=\"https:\/\/talkpal.ai\/learn-english-with-ai\/\">engelsk<\/a>, <a href=\"https:\/\/talkpal.ai\/locations\/learn-french-in-bruges\/\">bruges<\/a> til at identificere mennesker, steder, objekter, ideer og f\u00f8lelser. Den f\u00f8rste regel at huske om spanske navneord er, at de har k\u00f8n. Spanske navneord er enten maskuline eller feminine. For eksempel er &#8216;libro&#8217; (bog) maskulinum, og &#8216;casa&#8217; (hus) er femininum. Mange gange er navneord, der ender p\u00e5 &#8216;o&#8217;, maskuline, mens dem, der ender p\u00e5 &#8216;a&#8217;, er feminine.<\/p>\n\n\n\n<p>Spanske artikler svarer til det engelske &#8216;the&#8217;, &#8216;a&#8217; eller &#8216;an&#8217;. De er en afg\u00f8rende del af sproget, da de skal v\u00e6re enige med k\u00f8nnet og nummeret p\u00e5 det substantiv, de beskriver. Der er fire typer spanske artikler:<\/p>\n\n\n\n<p>&#8211; <strong>Bestemte artikler:<\/strong> el (maskulinum singularis), la (femininum singularis), los (maskulinum pluralis) og las (femininum pluralis).<br\/>&#8211; <strong>Ubestemte artikler:<\/strong> un (a\/et maskulinum ental), una (a\/et femininum ental), unos (nogle maskulinum flertal) og unas (nogle femininum flertal).<\/p>\n\n\n\n<h3 class=\"wp-block-heading\" id=\"h-2-slaying-spanish-verbs-conjugation-and-tenses\">2. Dr\u00e6ber spanske verb: b\u00f8jning og tider<\/h3>\n\n\n\n<p>Et af de vigtigste aspekter ved at l\u00e6re spansk grammatik er at forst\u00e5 verbb\u00f8jning. Konjugation betyder simpelthen at \u00e6ndre verbets rodform, s\u00e5 den passer til dets subjekt og tid. P\u00e5 spansk siger man for eksempel &#8220;Yo como&#8221; (jeg spiser) og &#8220;\u00e9l come&#8221; (han spiser). Bem\u00e6rk, at verbet comer (at spise) \u00e6ndrer sin form, n\u00e5r du skifter emne.<\/p>\n\n\n\n<p><strong>Nogle almindelige regelm\u00e6ssige verb p\u00e5 spansk inkluderer:<\/strong><\/p>\n\n\n\n<p>&#8211; AR-verber: hablar (at tale), amar (at elske) og bailar (at danse).<br\/>&#8211; ER-verber: comer (at spise), aprender (at l\u00e6re) og vender (at s\u00e6lge).<br\/>&#8211; IR-verber: vivir (at leve), escribir (at skrive) og descubrir (at opdage).<\/p>\n\n\n\n<p>Ligesom p\u00e5 engelsk har spansk flere verbtider for at angive det tidspunkt, hvor en handling sker. De mest grundl\u00e6ggende er:<\/p>\n\n\n\n<p><strong>&#8211; Til stede<\/strong><br\/><strong>&#8211; Pr\u00e6teritum<\/strong><br\/><strong>&#8211; Ufuldkommen<\/strong><br\/><strong>&#8211; Fremtiden<\/strong><br\/><strong>&#8211; Betinget<\/strong><br\/><strong>&#8211; Nutidig konjunktiv<\/strong><br\/><strong>&#8211; Imperfekt konjunktiv<\/strong><\/p>\n\n\n\n<p>Lad v\u00e6re med at stresse over at l\u00e6re alle verbernes tider p\u00e5 \u00e9n gang. Tag dem en ad gangen, og \u00f8v dig, indtil du er tryg ved at bruge dem.<\/p>\n\n\n\n<h3 class=\"wp-block-heading\" id=\"h-3-creating-sentences-with-spanish-adjectives-and-adverbs\">3. Oprettelse af s\u00e6tninger med spanske adjektiver og adverb<\/h3>\n\n\n\n<p>Adjektiver og adverb spiller en v\u00e6sentlig rolle i at krydre dine spanske s\u00e6tninger. Adjektiver beskriver kvaliteter eller egenskaber ved substantiver, mens adverb beskriver handlinger eller verb. P\u00e5 spansk skal adjektiver v\u00e6re enige med det substantiv, de beskriver, b\u00e5de i k\u00f8n og antal.<\/p>\n\n\n\n<p>En n\u00f8gleforskel mellem spansk og engelsk er adjektivr\u00e6kkef\u00f8lgen. Spanske till\u00e6gsord kommer typisk efter navneordet, f.eks. &#8220;un coche rojo&#8221; (en r\u00f8d bil).<\/p>\n\n\n\n<p>Spanske adverb \u00e6ndrer sig derimod aldrig for k\u00f8n eller antal. Ligesom p\u00e5 engelsk kommer adverbier typisk efter det verbum, de modificerer, f.eks. &#8220;Ella habla r\u00e1pidamente&#8221; (Hun taler hurtigt).<\/p>\n\n\n\n<h3 class=\"wp-block-heading\" id=\"h-conclusion\">Konklusion<\/h3>\n\n\n\n<p>Spansk grammatik b\u00f8r ikke skr\u00e6mme dig! Det kr\u00e6ver ganske vist \u00f8velse, men ved at f\u00f8lge disse enkle retningslinjer vil du v\u00e6re p\u00e5 vej til at blive en fremragende spansktalende. Husk altid at engagere dig i sproget p\u00e5 en sjov, konverserende m\u00e5de, n\u00e5r du udforsker substantiver, verb, adjektiver og adverb. Bliv ved med at \u00f8ve, omfavne kulturen og lad din spanske rejse udfolde sig. \u00a1Buena suerte!<\/p>\n<\/div><\/div>\n\r\n<section class=\"learnNavigationSection\">\r\n            \r\n        <a href=\"https:\/\/talkpal.ai\/da\/laer-spansk\/\">\r\n            <div class=\"learnNavigationWrapper\">\r\n                <div class=\"learnNavigationContent\">\r\n                    <img decoding=\"async\" src=\"https:\/\/talkpal.ai\/wp-content\/uploads\/2024\/08\/Spanish.jpg\" alt=\"Spanish Flag\">\r\n                    <div>\r\n                        <h4>Om at l\u00e6re spansk<\/h4>\r\n                        <p>Find ud af alt om spansk grammatik.<\/p>\r\n                    <\/div>\r\n                <\/div>\r\n            <\/div>\r\n        <\/a>\r\n\r\n        \r\n        <a href=\"https:\/\/talkpal.ai\/da\/spanske-grammatikoevelser\/\">\r\n            <div class=\"learnNavigationWrapper\">\r\n                <div class=\"learnNavigationContent\">\r\n                    <img decoding=\"async\" src=\"https:\/\/talkpal.ai\/wp-content\/uploads\/2024\/08\/Spanish.jpg\" alt=\"Spanish Flag\">\r\n                    <div>\r\n                        <h4>Spansk grammatik-\u00f8velse<\/h4>\r\n                        <p>\u00d8v spansk grammatik.<\/p>\r\n                    <\/div>\r\n                <\/div>\r\n            <\/div>\r\n        <\/a>\r\n\r\n        \r\n        <a href=\"https:\/\/talkpal.ai\/vocabulary_language\/spanish\/\">\r\n            <div class=\"learnNavigationWrapper\">\r\n                <div class=\"learnNavigationContent\">\r\n                    <img decoding=\"async\" src=\"https:\/\/talkpal.ai\/wp-content\/uploads\/2024\/08\/Spanish.jpg\" alt=\"Spanish Flag\">\r\n                    <div>\r\n                        <h4>Spansk ordforr\u00e5d<\/h4>\r\n                        <p>Udvid dit spanske ordforr\u00e5d.<\/p>\r\n                    <\/div>\r\n                <\/div>\r\n            <\/div>\r\n        <\/a>\r\n\r\n            <\/section>","protected":false},"excerpt":{"rendered":"<p>En hurtig guide til at l\u00e6re spansk grammatik Hvis du nogensinde har t\u00e6nkt p\u00e5 at l\u00e6re et nyt sprog, er der stor sandsynlighed for, at du har t\u00e6nkt p\u00e5 spansk. Som et af de mest talte sprog i verden tilbyder spansk mange fordele for personlig og professionel v\u00e6kst. At l\u00e6re spansk vil ikke kun give [&hellip;]<\/p>\n","protected":false},"author":1,"featured_media":75342,"parent":0,"menu_order":0,"comment_status":"closed","ping_status":"closed","template":"LearningContentPage.php","meta":{"_acf_changed":false,"footnotes":""},"class_list":["post-124457","page","type-page","status-publish","has-post-thumbnail","hentry"],"acf":[],"yoast_head":"<!-- This site is optimized with the Yoast SEO Premium plugin v27.2 (Yoast SEO v27.2) - https:\/\/yoast.com\/product\/yoast-seo-premium-wordpress\/ -->\n<title>Spansk grammatik - Talkpal<\/title>\n<meta name=\"description\" content=\"Forbedr dine spanske grammatikf\u00e6rdigheder med interaktive \u00f8velser, der er designet til alle f\u00e6rdighedsniveauer. \u00d8v spansk effektivt!\" \/>\n<meta name=\"robots\" content=\"index, follow, max-snippet:-1, max-image-preview:large, max-video-preview:-1\" \/>\n<link rel=\"canonical\" href=\"https:\/\/talkpal.ai\/da\/spansk-grammatik\/\" \/>\n<meta property=\"og:locale\" content=\"da_DK\" \/>\n<meta property=\"og:type\" content=\"article\" \/>\n<meta property=\"og:title\" content=\"Spansk grammatik\" \/>\n<meta property=\"og:description\" content=\"En hurtig guide til at l\u00e6re spansk grammatik Hvis du nogensinde har t\u00e6nkt p\u00e5 at l\u00e6re et nyt sprog, er der stor sandsynlighed for, at du har t\u00e6nkt p\u00e5\" \/>\n<meta property=\"og:url\" content=\"https:\/\/talkpal.ai\/da\/spansk-grammatik\/\" \/>\n<meta property=\"og:site_name\" content=\"Talkpal\" \/>\n<meta property=\"article:publisher\" content=\"https:\/\/www.facebook.com\/profile.php?id=100090733639311\" \/>\n<meta property=\"article:modified_time\" content=\"2025-05-22T18:51:49+00:00\" \/>\n<meta property=\"og:image\" content=\"https:\/\/talkpal.ai\/wp-content\/uploads\/2023\/03\/spain.png\" \/>\n\t<meta property=\"og:image:width\" content=\"512\" \/>\n\t<meta property=\"og:image:height\" content=\"512\" \/>\n\t<meta property=\"og:image:type\" content=\"image\/png\" \/>\n<meta name=\"twitter:card\" content=\"summary_large_image\" \/>\n<meta name=\"twitter:site\" content=\"@talkpalai\" \/>\n<meta name=\"twitter:label1\" content=\"Estimeret l\u00e6setid\" \/>\n\t<meta name=\"twitter:data1\" content=\"3 minutter\" \/>\n<script type=\"application\/ld+json\" class=\"yoast-schema-graph\">{\"@context\":\"https:\/\/schema.org\",\"@graph\":[{\"@type\":\"WebPage\",\"@id\":\"https:\/\/talkpal.ai\/da\/spansk-grammatik\/\",\"url\":\"https:\/\/talkpal.ai\/da\/spansk-grammatik\/\",\"name\":\"Spansk grammatik - Talkpal\",\"isPartOf\":{\"@id\":\"https:\/\/talkpal.ai\/da\/#website\"},\"primaryImageOfPage\":{\"@id\":\"https:\/\/talkpal.ai\/da\/spansk-grammatik\/#primaryimage\"},\"image\":{\"@id\":\"https:\/\/talkpal.ai\/da\/spansk-grammatik\/#primaryimage\"},\"thumbnailUrl\":\"https:\/\/talkpal.ai\/wp-content\/uploads\/2023\/03\/spain.png\",\"datePublished\":\"2023-03-26T11:55:54+00:00\",\"dateModified\":\"2025-05-22T18:51:49+00:00\",\"description\":\"Forbedr dine spanske grammatikf\u00e6rdigheder med interaktive \u00f8velser, der er designet til alle f\u00e6rdighedsniveauer. \u00d8v spansk effektivt!\",\"breadcrumb\":{\"@id\":\"https:\/\/talkpal.ai\/da\/spansk-grammatik\/#breadcrumb\"},\"inLanguage\":\"da-DK\",\"potentialAction\":[{\"@type\":\"ReadAction\",\"target\":[\"https:\/\/talkpal.ai\/da\/spansk-grammatik\/\"]}]},{\"@type\":\"ImageObject\",\"inLanguage\":\"da-DK\",\"@id\":\"https:\/\/talkpal.ai\/da\/spansk-grammatik\/#primaryimage\",\"url\":\"https:\/\/talkpal.ai\/wp-content\/uploads\/2023\/03\/spain.png\",\"contentUrl\":\"https:\/\/talkpal.ai\/wp-content\/uploads\/2023\/03\/spain.png\",\"width\":512,\"height\":512,\"caption\":\"TalkPal AI learn Spanish\"},{\"@type\":\"BreadcrumbList\",\"@id\":\"https:\/\/talkpal.ai\/da\/spansk-grammatik\/#breadcrumb\",\"itemListElement\":[{\"@type\":\"ListItem\",\"position\":1,\"name\":\"Homepage\",\"item\":\"https:\/\/talkpal.ai\/da\/\"},{\"@type\":\"ListItem\",\"position\":2,\"name\":\"Spansk grammatik\"}]},{\"@type\":\"WebSite\",\"@id\":\"https:\/\/talkpal.ai\/da\/#website\",\"url\":\"https:\/\/talkpal.ai\/da\/\",\"name\":\"Talkpal\",\"description\":\"AI Language Learning\",\"publisher\":{\"@id\":\"https:\/\/talkpal.ai\/da\/#organization\"},\"alternateName\":\"Talkpal AI\",\"potentialAction\":[{\"@type\":\"SearchAction\",\"target\":{\"@type\":\"EntryPoint\",\"urlTemplate\":\"https:\/\/talkpal.ai\/da\/?s={search_term_string}\"},\"query-input\":{\"@type\":\"PropertyValueSpecification\",\"valueRequired\":true,\"valueName\":\"search_term_string\"}}],\"inLanguage\":\"da-DK\"},{\"@type\":\"Organization\",\"@id\":\"https:\/\/talkpal.ai\/da\/#organization\",\"name\":\"Talkpal, Inc.\",\"alternateName\":\"Talkpal AI\",\"url\":\"https:\/\/talkpal.ai\/da\/\",\"logo\":{\"@type\":\"ImageObject\",\"inLanguage\":\"da-DK\",\"@id\":\"https:\/\/talkpal.ai\/da\/#\/schema\/logo\/image\/\",\"url\":\"https:\/\/talkpal.ai\/wp-content\/uploads\/2024\/03\/Talkpal-Logo-Icon.png\",\"contentUrl\":\"https:\/\/talkpal.ai\/wp-content\/uploads\/2024\/03\/Talkpal-Logo-Icon.png\",\"width\":2880,\"height\":2880,\"caption\":\"Talkpal, Inc.\"},\"image\":{\"@id\":\"https:\/\/talkpal.ai\/da\/#\/schema\/logo\/image\/\"},\"sameAs\":[\"https:\/\/www.facebook.com\/profile.php?id=100090733639311\",\"https:\/\/x.com\/talkpalai\",\"https:\/\/www.linkedin.com\/company\/talkpal\/\",\"https:\/\/www.youtube.com\/@TalkPal\/\",\"https:\/\/www.tiktok.com\/@talkpal\",\"https:\/\/www.instagram.com\/talkpal_ai\/\",\"https:\/\/www.crunchbase.com\/organization\/talkpal-9cde\",\"https:\/\/www.g2.com\/products\/talkpal-for-business\/\",\"https:\/\/www.trustpilot.com\/review\/talkpal.ai\",\"https:\/\/www.capterra.com\/p\/10006800\/TalkPal\/\"],\"description\":\"Talkpal is a language learning web and mobile education app, powered by the latest AI technologies, that provides engaging experiences to its customers in many different languages to help them improve their language skills. Users can chat about unlimited amount of topics with the app and use other modes to practice their language learning.\",\"email\":\"support@talkpal.ai\",\"legalName\":\"Talkpal, Inc.\",\"foundingDate\":\"2023-04-03\",\"duns\":\"118989042\",\"numberOfEmployees\":{\"@type\":\"QuantitativeValue\",\"minValue\":\"11\",\"maxValue\":\"50\"},\"publishingPrinciples\":\"https:\/\/talkpal.ai\/publishing-principles\/\",\"actionableFeedbackPolicy\":\"https:\/\/talkpal.ai\/actionable-feedback-policy\/\",\"correctionsPolicy\":\"https:\/\/talkpal.ai\/corrections-policy\/\",\"ethicsPolicy\":\"https:\/\/talkpal.ai\/ethics-policy\/\",\"diversityPolicy\":\"https:\/\/talkpal.ai\/diversity-policy\/\",\"diversityStaffingReport\":\"https:\/\/talkpal.ai\/diversity-policy\/\"}]}<\/script>\n<!-- \/ Yoast SEO Premium plugin. -->","yoast_head_json":{"title":"Spansk grammatik - Talkpal","description":"Forbedr dine spanske grammatikf\u00e6rdigheder med interaktive \u00f8velser, der er designet til alle f\u00e6rdighedsniveauer. \u00d8v spansk effektivt!","robots":{"index":"index","follow":"follow","max-snippet":"max-snippet:-1","max-image-preview":"max-image-preview:large","max-video-preview":"max-video-preview:-1"},"canonical":"https:\/\/talkpal.ai\/da\/spansk-grammatik\/","og_locale":"da_DK","og_type":"article","og_title":"Spansk grammatik","og_description":"En hurtig guide til at l\u00e6re spansk grammatik Hvis du nogensinde har t\u00e6nkt p\u00e5 at l\u00e6re et nyt sprog, er der stor sandsynlighed for, at du har t\u00e6nkt p\u00e5","og_url":"https:\/\/talkpal.ai\/da\/spansk-grammatik\/","og_site_name":"Talkpal","article_publisher":"https:\/\/www.facebook.com\/profile.php?id=100090733639311","article_modified_time":"2025-05-22T18:51:49+00:00","og_image":[{"width":512,"height":512,"url":"https:\/\/talkpal.ai\/wp-content\/uploads\/2023\/03\/spain.png","type":"image\/png"}],"twitter_card":"summary_large_image","twitter_site":"@talkpalai","twitter_misc":{"Estimeret l\u00e6setid":"3 minutter"},"schema":{"@context":"https:\/\/schema.org","@graph":[{"@type":"WebPage","@id":"https:\/\/talkpal.ai\/da\/spansk-grammatik\/","url":"https:\/\/talkpal.ai\/da\/spansk-grammatik\/","name":"Spansk grammatik - Talkpal","isPartOf":{"@id":"https:\/\/talkpal.ai\/da\/#website"},"primaryImageOfPage":{"@id":"https:\/\/talkpal.ai\/da\/spansk-grammatik\/#primaryimage"},"image":{"@id":"https:\/\/talkpal.ai\/da\/spansk-grammatik\/#primaryimage"},"thumbnailUrl":"https:\/\/talkpal.ai\/wp-content\/uploads\/2023\/03\/spain.png","datePublished":"2023-03-26T11:55:54+00:00","dateModified":"2025-05-22T18:51:49+00:00","description":"Forbedr dine spanske grammatikf\u00e6rdigheder med interaktive \u00f8velser, der er designet til alle f\u00e6rdighedsniveauer. \u00d8v spansk effektivt!","breadcrumb":{"@id":"https:\/\/talkpal.ai\/da\/spansk-grammatik\/#breadcrumb"},"inLanguage":"da-DK","potentialAction":[{"@type":"ReadAction","target":["https:\/\/talkpal.ai\/da\/spansk-grammatik\/"]}]},{"@type":"ImageObject","inLanguage":"da-DK","@id":"https:\/\/talkpal.ai\/da\/spansk-grammatik\/#primaryimage","url":"https:\/\/talkpal.ai\/wp-content\/uploads\/2023\/03\/spain.png","contentUrl":"https:\/\/talkpal.ai\/wp-content\/uploads\/2023\/03\/spain.png","width":512,"height":512,"caption":"TalkPal AI learn Spanish"},{"@type":"BreadcrumbList","@id":"https:\/\/talkpal.ai\/da\/spansk-grammatik\/#breadcrumb","itemListElement":[{"@type":"ListItem","position":1,"name":"Homepage","item":"https:\/\/talkpal.ai\/da\/"},{"@type":"ListItem","position":2,"name":"Spansk grammatik"}]},{"@type":"WebSite","@id":"https:\/\/talkpal.ai\/da\/#website","url":"https:\/\/talkpal.ai\/da\/","name":"Talkpal","description":"AI Language Learning","publisher":{"@id":"https:\/\/talkpal.ai\/da\/#organization"},"alternateName":"Talkpal AI","potentialAction":[{"@type":"SearchAction","target":{"@type":"EntryPoint","urlTemplate":"https:\/\/talkpal.ai\/da\/?s={search_term_string}"},"query-input":{"@type":"PropertyValueSpecification","valueRequired":true,"valueName":"search_term_string"}}],"inLanguage":"da-DK"},{"@type":"Organization","@id":"https:\/\/talkpal.ai\/da\/#organization","name":"Talkpal, Inc.","alternateName":"Talkpal AI","url":"https:\/\/talkpal.ai\/da\/","logo":{"@type":"ImageObject","inLanguage":"da-DK","@id":"https:\/\/talkpal.ai\/da\/#\/schema\/logo\/image\/","url":"https:\/\/talkpal.ai\/wp-content\/uploads\/2024\/03\/Talkpal-Logo-Icon.png","contentUrl":"https:\/\/talkpal.ai\/wp-content\/uploads\/2024\/03\/Talkpal-Logo-Icon.png","width":2880,"height":2880,"caption":"Talkpal, Inc."},"image":{"@id":"https:\/\/talkpal.ai\/da\/#\/schema\/logo\/image\/"},"sameAs":["https:\/\/www.facebook.com\/profile.php?id=100090733639311","https:\/\/x.com\/talkpalai","https:\/\/www.linkedin.com\/company\/talkpal\/","https:\/\/www.youtube.com\/@TalkPal\/","https:\/\/www.tiktok.com\/@talkpal","https:\/\/www.instagram.com\/talkpal_ai\/","https:\/\/www.crunchbase.com\/organization\/talkpal-9cde","https:\/\/www.g2.com\/products\/talkpal-for-business\/","https:\/\/www.trustpilot.com\/review\/talkpal.ai","https:\/\/www.capterra.com\/p\/10006800\/TalkPal\/"],"description":"Talkpal is a language learning web and mobile education app, powered by the latest AI technologies, that provides engaging experiences to its customers in many different languages to help them improve their language skills. Users can chat about unlimited amount of topics with the app and use other modes to practice their language learning.","email":"support@talkpal.ai","legalName":"Talkpal, Inc.","foundingDate":"2023-04-03","duns":"118989042","numberOfEmployees":{"@type":"QuantitativeValue","minValue":"11","maxValue":"50"},"publishingPrinciples":"https:\/\/talkpal.ai\/publishing-principles\/","actionableFeedbackPolicy":"https:\/\/talkpal.ai\/actionable-feedback-policy\/","correctionsPolicy":"https:\/\/talkpal.ai\/corrections-policy\/","ethicsPolicy":"https:\/\/talkpal.ai\/ethics-policy\/","diversityPolicy":"https:\/\/talkpal.ai\/diversity-policy\/","diversityStaffingReport":"https:\/\/talkpal.ai\/diversity-policy\/"}]}},"_links":{"self":[{"href":"https:\/\/talkpal.ai\/da\/wp-json\/wp\/v2\/pages\/124457","targetHints":{"allow":["GET"]}}],"collection":[{"href":"https:\/\/talkpal.ai\/da\/wp-json\/wp\/v2\/pages"}],"about":[{"href":"https:\/\/talkpal.ai\/da\/wp-json\/wp\/v2\/types\/page"}],"author":[{"embeddable":true,"href":"https:\/\/talkpal.ai\/da\/wp-json\/wp\/v2\/users\/1"}],"replies":[{"embeddable":true,"href":"https:\/\/talkpal.ai\/da\/wp-json\/wp\/v2\/comments?post=124457"}],"version-history":[{"count":0,"href":"https:\/\/talkpal.ai\/da\/wp-json\/wp\/v2\/pages\/124457\/revisions"}],"wp:featuredmedia":[{"embeddable":true,"href":"https:\/\/talkpal.ai\/da\/wp-json\/wp\/v2\/media\/75342"}],"wp:attachment":[{"href":"https:\/\/talkpal.ai\/da\/wp-json\/wp\/v2\/media?parent=124457"}],"curies":[{"name":"wp","href":"https:\/\/api.w.org\/{rel}","templated":true}]}}