{"id":124060,"date":"2023-03-26T11:40:15","date_gmt":"2023-03-26T11:40:15","guid":{"rendered":"http:\/\/talkpal.ai\/tysk-grammatik\/"},"modified":"2025-05-22T19:23:05","modified_gmt":"2025-05-22T19:23:05","slug":"tysk-grammatik","status":"publish","type":"page","link":"https:\/\/talkpal.ai\/da\/tysk-grammatik\/","title":{"rendered":"Tysk grammatik"},"content":{"rendered":"\r\n\r\n\r\n<section class=\"languageChallengeSection\">\r\n    <div class=\"languageInfoWrapper\">\r\n        \r\n        <h1>Tysk grammatik<\/h1>\r\n        <p>L\u00e5s op for det tyske sprogs struktur ved at beherske dets v\u00e6sentlige grammatiske regler. At forst\u00e5 <a href=\"https:\/\/talkpal.ai\/no\/laer-tysk\/\">tysk grammatik<\/a> vil hj\u00e6lpe dig med at kommunikere med selvtillid og fuldt ud v\u00e6rds\u00e6tte rigdommen i tysktalende kulturer. Begynd at <a href=\"https:\/\/talkpal.ai\/de\/wie-man-deutsch-lernt\/\">l\u00e6re tysk<\/a> <a href=\"https:\/\/talkpal.ai\/fr\/les\/\">grammatik<\/a> i dag, og tag dit f\u00f8rste skridt mod flydende <a href=\"https:\/\/talkpal.ai\/what-language-is-spoken-on-the-international-space-station\/\">sprog<\/a>!\n\n<\/p>\r\n\r\n                            <a class=\"getStartedHidden\" href=\"https:\/\/app.talkpal.ai\/da\/signup?lng=\">Kom i gang<\/a>\r\n        \r\n    <\/div>\r\n\r\n    <figure>\r\n    <img decoding=\"async\" width=\"768\" height=\"768\" src=\"https:\/\/talkpal.ai\/wp-content\/uploads\/2023\/06\/german-768x768.png\" class=\"languageImage no-lazy\" alt=\"Language learning for global networking\" fetchpriority=\"high\" sizes=\"(max-width: 768px) 150px, 768px\" srcset=\"https:\/\/talkpal.ai\/wp-content\/uploads\/2023\/06\/german-768x768.png 768w, https:\/\/talkpal.ai\/wp-content\/uploads\/2023\/06\/german-300x300.png 300w\" \/>\r\n    \r\n\r\n    <\/figure>\r\n\r\n            <a class=\"getStartedVisible\" href=\"https:\/\/app.talkpal.ai\/da\/signup?lng=\">Kom i gang<\/a>\r\n    \r\n<\/section>\r\n        <section class=\"grammarSection\">\r\n            <div class=\"grammarLinks\">\r\n                <a href=\"https:\/\/talkpal.ai\/da\/language\/adjektiver-tysk-grammatik\/\">Adjektiver <\/a><a href=\"https:\/\/talkpal.ai\/da\/language\/adverbier-tysk-grammatik\/\">Adverbier <\/a><a href=\"https:\/\/talkpal.ai\/da\/language\/bojning-tysk-grammatik\/\">B\u00f8jning <\/a><a href=\"https:\/\/talkpal.ai\/da\/language\/navneord-og-artikler-tysk-grammatik\/\">Navneord og artikler <\/a><a href=\"https:\/\/talkpal.ai\/da\/language\/praepositioner-tysk-grammatik\/\">Pr\u00e6positioner <\/a><a href=\"https:\/\/talkpal.ai\/da\/language\/pronominer-tysk-grammatik\/\">Pronominer <\/a><a href=\"https:\/\/talkpal.ai\/da\/language\/saetningsstruktur-tysk-grammatik\/\">S\u00e6tningsstruktur <\/a><a href=\"https:\/\/talkpal.ai\/da\/language\/tider-tysk-grammatik\/\">Tider <\/a><a href=\"https:\/\/talkpal.ai\/da\/language\/udsagnsord-tysk-grammatik\/\">Udsagnsord <\/a>            <\/div>\r\n        <\/section>\r\n    <section class=\"promotionalBanner\">\r\n    <p class=\"promotionalText\">Den mest effektive m\u00e5de at l\u00e6re et sprog p\u00e5<\/p>\r\n    <a class=\"promotionalLink\" href=\"https:\/\/app.talkpal.ai\/da\/signup?lng=\">Pr\u00f8v Talkpal gratis<\/a>\r\n<\/section>\n<div class=\"wp-block-group pageContainerStyle\"><div class=\"wp-block-group__inner-container is-layout-constrained wp-block-group-is-layout-constrained\">\n<h2 class=\"wp-block-heading\" id=\"h-unraveling-the-intricacies-of-german-grammar\">Unraveling forviklingerne i tysk grammatik<\/h2>\n\n\n\n<p>At l\u00e6re <a href=\"https:\/\/talkpal.ai\/learn-german\/\">tysk<\/a> kan v\u00e6re en sp\u00e6ndende og givende indsats. Ikke alene vil du kunne tale med mere end 130 millioner mennesker verden over, men du f\u00e5r ogs\u00e5 adgang til et v\u00e6ld af litteratur, musik og kulturhistorie. Som med ethvert sprog kr\u00e6ver beherskelse af tysk dedikation og t\u00e5lmodighed &#8211; is\u00e6r n\u00e5r det kommer til dets grammatik. Den gode nyhed er, at mange aspekter af tysk grammatik ligner <a href=\"https:\/\/talkpal.ai\/da\/grammar\/korte-svar-i-engelsk-grammatik\/\">engelsk grammatik<\/a>, hvilket g\u00f8r det lettere for <a href=\"https:\/\/talkpal.ai\/english-speaking-course\/\">engelsktalende<\/a> at vikle deres hoveder rundt. I denne artikel udforsker vi nogle af de vigtigste tr\u00e6k ved tysk grammatik og giver nyttige tips og tricks, der kan hj\u00e6lpe dig med at mestre dette smukke og komplekse sprog.<\/p>\n\n\n\n<h3 class=\"wp-block-heading\" id=\"h-1-nouns-and-articles-get-your-cases-right\">1. Substantiver og artikler &#8211; F\u00e5 dine sager rigtige!<\/h3>\n\n\n\n<p>En af de f\u00f8rste forhindringer for engelsktalende, der l\u00e6rer tysk, er at forst\u00e5 de fire tilf\u00e6lde: nominativ, akkusativ, dativ og genitiv. Hvert tilf\u00e6lde signalerer en anden funktion af et substantiv i en s\u00e6tning, s\u00e5som emnet, det direkte objekt eller det indirekte objekt. Derudover har tysk tre grammatiske k\u00f8n (maskulin, feminin og neutral), og artiklerne for hvert k\u00f8n \u00e6ndres afh\u00e6ngigt af sagen. Lyder det forvirrende? Bare rolig! Efterh\u00e5nden som du bliver mere fortrolig med tysk, vil du begynde at genkende m\u00f8nstre og forudse, hvilken kasus og hvilket k\u00f8n du skal bruge.<\/p>\n\n\n\n<p>Tip: Lav et diagram over de bestemte artikler (der, die, das) og ubestemte artikler (ein, eine, ein) for hvert k\u00f8n og tilf\u00e6lde. Husk disse f\u00f8rst, da de vil tjene som dit fundament for at forst\u00e5 tysk s\u00e6tningsstruktur.<\/p>\n\n\n\n<h3 class=\"wp-block-heading\" id=\"h-2-verbs-conjugate-and-dominate\">2. Verber &#8211; Konjugere og dominere!<\/h3>\n\n\n\n<p>P\u00e5 tysk er verber afg\u00f8rende ikke kun for at udtrykke handling, men ogs\u00e5 for at indikere sp\u00e6nding og hum\u00f8r. Ligesom engelsk skal tyske verb b\u00f8jes for at matche emnet for s\u00e6tningen. Der er dog nogle vigtige forskelle, herunder brugen af regelm\u00e6ssige (svage) og uregelm\u00e6ssige (st\u00e6rke) verb samt brugen af hj\u00e6lpeverb til bestemte tider. Den gode nyhed er, at nogle aspekter af tysk verbeb\u00f8jning er enklere end engelsk, f.eks. at man ikke beh\u00f8ver at bruge &#8220;do&#8221; til sp\u00f8rgsm\u00e5l eller negationer.<\/p>\n\n\n\n<p>Tip: Start med at mestre regelm\u00e6ssig b\u00f8jning af verber, og tag derefter fat p\u00e5 de mest almindelige uregelm\u00e6ssige verber. \u00d8v dig i at bruge hj\u00e6lpeverber i datid og fremtid, s\u00e5 bliver du snart i stand til at konstruere mere komplekse s\u00e6tninger.<\/p>\n\n\n\n<h3 class=\"wp-block-heading\" id=\"h-3-adjectives-show-your-agreement\">3. Adjektiver &#8211; Vis din aftale!<\/h3>\n\n\n\n<p>N\u00e5r man bruger adjektiver til at beskrive navneord p\u00e5 tysk, er det vigtigt at forst\u00e5 adjektivets aftale. Det betyder, at adjektiverne skal stemme overens med substantivets k\u00f8n og kasus. I nogle tilf\u00e6lde vil det kr\u00e6ve, at man tilf\u00f8jer en endelse til adjektivet, baseret p\u00e5 substantivets artikel og kasus.<\/p>\n\n\n\n<p>Tip: Brug dit artikeldiagram fra tidligere til at hj\u00e6lpe dig med at huske de korrekte adjektivendelser. N\u00e5r du \u00f8ver dig i at bruge adjektiver i s\u00e6tninger, skal du lave en mental note om slutm\u00f8nstrene, og hvordan de relaterer til substantivets k\u00f8n og tilf\u00e6lde.<\/p>\n\n\n\n<h3 class=\"wp-block-heading\" id=\"h-4-word-order-embrace-the-flexibility\">4. Ordstilling \u2013 Omfavn fleksibiliteten!<\/h3>\n\n\n\n<p>En af de mange gl\u00e6der ved tysk grammatik er dens fleksible ordstilling. I mods\u00e6tning til engelsk, som generelt f\u00f8lger et strengt emne-verb-objektm\u00f8nster, kan tyske s\u00e6tninger variere i deres struktur. N\u00f8glen er at forst\u00e5 betydningen af verbets position, som normalt kommer som nummer to i en hoveds\u00e6tning og sidst i en bis\u00e6tning.<\/p>\n\n\n\n<p>Tip: For at blive fortrolig med forskellige ordstillingsm\u00f8nstre kan du pr\u00f8ve at overs\u00e6tte enkle engelske s\u00e6tninger til tysk og derefter omarrangere s\u00e6tningen, mens du holder verbet p\u00e5 sin rette plads. Dette vil hj\u00e6lpe dig med at blive dygtigere til at lave nuancerede og udtryksfulde s\u00e6tninger p\u00e5 tysk.<\/p>\n\n\n\n<h3 class=\"wp-block-heading\" id=\"h-5-prepositions-think-in-german\">5. Pr\u00e6positioner &#8211; T\u00e6nk p\u00e5 tysk!<\/h3>\n\n\n\n<p>Den vanskeligste del af at l\u00e6re tysk grammatik er uden tvivl at mestre pr\u00e6positioner. Mens pr\u00e6positioner findes p\u00e5 engelsk og tjener et lignende form\u00e5l, er deres brug p\u00e5 tysk anderledes og kr\u00e6ver ofte, at du &#8220;t\u00e6nker p\u00e5 tysk&#8221; for at v\u00e6lge den rigtige. For eksempel kan den engelske pr\u00e6position &#8220;in&#8221; overs\u00e6ttes til &#8220;in&#8221;, &#8220;an&#8221; eller &#8220;auf&#8221; p\u00e5 tysk, afh\u00e6ngigt af konteksten.<\/p>\n\n\n\n<p>Tip: Opret flashcards med almindelige pr\u00e6positioner og deres engelske kolleger. \u00d8v dig p\u00e5 at bruge dem i s\u00e6tninger og fokuser p\u00e5 de specifikke sammenh\u00e6nge, hvor hver pr\u00e6position bruges.<\/p>\n\n\n\n<h3 class=\"wp-block-heading\" id=\"h-conclusion\">Konklusion:<\/h3>\n\n\n\n<p>Tysk grammatik kan virke skr\u00e6mmende i starten, men med dedikeret \u00f8velse, t\u00e5lmodighed og fokus p\u00e5 at forst\u00e5 de underliggende regler og m\u00f8nstre, vil du snart kunne konstruere sofistikerede s\u00e6tninger med lethed. Ved at forst\u00e5 forviklingerne i tysk grammatik vil engelsktalende ikke kun forbedre deres sprogf\u00e6rdigheder, men ogs\u00e5 udvikle en nyfunden forst\u00e5else for dette smukke og komplekse sprog. Nu g\u00e5r det fremad! Tid til at dykke ned i den tyske grammatikverden og frig\u00f8re dit fulde sprogindl\u00e6ringspotentiale.<\/p>\n<\/div><\/div>\n\r\n<section class=\"learnNavigationSection\">\r\n            \r\n        <a href=\"https:\/\/talkpal.ai\/da\/laer-tysk\/\">\r\n            <div class=\"learnNavigationWrapper\">\r\n                <div class=\"learnNavigationContent\">\r\n                    <img decoding=\"async\" src=\"https:\/\/talkpal.ai\/wp-content\/uploads\/2024\/08\/German.jpg\" alt=\"German Flag\">\r\n                    <div>\r\n                        <h4>Om at l\u00e6re tysk<\/h4>\r\n                        <p>Find ud af alt om tysk grammatik.<\/p>\r\n                    <\/div>\r\n                <\/div>\r\n            <\/div>\r\n        <\/a>\r\n\r\n        \r\n        <a href=\"https:\/\/talkpal.ai\/da\/tyske-grammatikoevelser\/\">\r\n            <div class=\"learnNavigationWrapper\">\r\n                <div class=\"learnNavigationContent\">\r\n                    <img decoding=\"async\" src=\"https:\/\/talkpal.ai\/wp-content\/uploads\/2024\/08\/German.jpg\" alt=\"German Flag\">\r\n                    <div>\r\n                        <h4>Tysk grammatik-\u00f8velse<\/h4>\r\n                        <p>\u00d8v tysk grammatik.<\/p>\r\n                    <\/div>\r\n                <\/div>\r\n            <\/div>\r\n        <\/a>\r\n\r\n        \r\n        <a href=\"https:\/\/talkpal.ai\/vocabulary_language\/german\/\">\r\n            <div class=\"learnNavigationWrapper\">\r\n                <div class=\"learnNavigationContent\">\r\n                    <img decoding=\"async\" src=\"https:\/\/talkpal.ai\/wp-content\/uploads\/2024\/08\/German.jpg\" alt=\"German Flag\">\r\n                    <div>\r\n                        <h4>Tysk ordforr\u00e5d<\/h4>\r\n                        <p>Udvid dit tyske ordforr\u00e5d.<\/p>\r\n                    <\/div>\r\n                <\/div>\r\n            <\/div>\r\n        <\/a>\r\n\r\n            <\/section>","protected":false},"excerpt":{"rendered":"<p>Unraveling forviklingerne i tysk grammatik At l\u00e6re tysk kan v\u00e6re en sp\u00e6ndende og givende indsats. Ikke alene vil du kunne tale med mere end 130 millioner mennesker verden over, men du f\u00e5r ogs\u00e5 adgang til et v\u00e6ld af litteratur, musik og kulturhistorie. Som med ethvert sprog kr\u00e6ver beherskelse af tysk dedikation og t\u00e5lmodighed &#8211; is\u00e6r [&hellip;]<\/p>\n","protected":false},"author":1,"featured_media":75566,"parent":0,"menu_order":0,"comment_status":"closed","ping_status":"closed","template":"LearningContentPage.php","meta":{"_acf_changed":false,"footnotes":""},"class_list":["post-124060","page","type-page","status-publish","has-post-thumbnail","hentry"],"acf":[],"yoast_head":"<!-- This site is optimized with the Yoast SEO Premium plugin v27.2 (Yoast SEO v27.2) - https:\/\/yoast.com\/product\/yoast-seo-premium-wordpress\/ -->\n<title>Tysk grammatik - Talkpal<\/title>\n<meta name=\"description\" content=\"L\u00e6r let tysk grammatik - forst\u00e5 de vigtigste regler, \u00f8v dig i s\u00e6tningsopbygning, og tal tydeligt med Talkpal&#039;s AI-guidede st\u00f8tte.\" \/>\n<meta name=\"robots\" content=\"index, follow, max-snippet:-1, max-image-preview:large, max-video-preview:-1\" \/>\n<link rel=\"canonical\" href=\"https:\/\/talkpal.ai\/da\/tysk-grammatik\/\" \/>\n<meta property=\"og:locale\" content=\"da_DK\" \/>\n<meta property=\"og:type\" content=\"article\" \/>\n<meta property=\"og:title\" content=\"Tysk grammatik\" \/>\n<meta property=\"og:description\" content=\"Unraveling forviklingerne i tysk grammatik At l\u00e6re tysk kan v\u00e6re en sp\u00e6ndende og givende indsats. Ikke alene vil du kunne tale med mere end 130 millioner\" \/>\n<meta property=\"og:url\" content=\"https:\/\/talkpal.ai\/da\/tysk-grammatik\/\" \/>\n<meta property=\"og:site_name\" content=\"Talkpal\" \/>\n<meta property=\"article:publisher\" content=\"https:\/\/www.facebook.com\/profile.php?id=100090733639311\" \/>\n<meta property=\"article:modified_time\" content=\"2025-05-22T19:23:05+00:00\" \/>\n<meta property=\"og:image\" content=\"https:\/\/talkpal.ai\/wp-content\/uploads\/2023\/03\/germany.png\" \/>\n\t<meta property=\"og:image:width\" content=\"512\" \/>\n\t<meta property=\"og:image:height\" content=\"512\" \/>\n\t<meta property=\"og:image:type\" content=\"image\/png\" \/>\n<meta name=\"twitter:card\" content=\"summary_large_image\" \/>\n<meta name=\"twitter:site\" content=\"@talkpalai\" \/>\n<meta name=\"twitter:label1\" content=\"Estimeret l\u00e6setid\" \/>\n\t<meta name=\"twitter:data1\" content=\"4 minutter\" \/>\n<script type=\"application\/ld+json\" class=\"yoast-schema-graph\">{\"@context\":\"https:\/\/schema.org\",\"@graph\":[{\"@type\":\"WebPage\",\"@id\":\"https:\/\/talkpal.ai\/da\/tysk-grammatik\/\",\"url\":\"https:\/\/talkpal.ai\/da\/tysk-grammatik\/\",\"name\":\"Tysk grammatik - Talkpal\",\"isPartOf\":{\"@id\":\"https:\/\/talkpal.ai\/da\/#website\"},\"primaryImageOfPage\":{\"@id\":\"https:\/\/talkpal.ai\/da\/tysk-grammatik\/#primaryimage\"},\"image\":{\"@id\":\"https:\/\/talkpal.ai\/da\/tysk-grammatik\/#primaryimage\"},\"thumbnailUrl\":\"https:\/\/talkpal.ai\/wp-content\/uploads\/2023\/03\/germany.png\",\"datePublished\":\"2023-03-26T11:40:15+00:00\",\"dateModified\":\"2025-05-22T19:23:05+00:00\",\"description\":\"L\u00e6r let tysk grammatik - forst\u00e5 de vigtigste regler, \u00f8v dig i s\u00e6tningsopbygning, og tal tydeligt med Talkpal's AI-guidede st\u00f8tte.\",\"breadcrumb\":{\"@id\":\"https:\/\/talkpal.ai\/da\/tysk-grammatik\/#breadcrumb\"},\"inLanguage\":\"da-DK\",\"potentialAction\":[{\"@type\":\"ReadAction\",\"target\":[\"https:\/\/talkpal.ai\/da\/tysk-grammatik\/\"]}]},{\"@type\":\"ImageObject\",\"inLanguage\":\"da-DK\",\"@id\":\"https:\/\/talkpal.ai\/da\/tysk-grammatik\/#primaryimage\",\"url\":\"https:\/\/talkpal.ai\/wp-content\/uploads\/2023\/03\/germany.png\",\"contentUrl\":\"https:\/\/talkpal.ai\/wp-content\/uploads\/2023\/03\/germany.png\",\"width\":512,\"height\":512,\"caption\":\"TalkPal AI learn German\"},{\"@type\":\"BreadcrumbList\",\"@id\":\"https:\/\/talkpal.ai\/da\/tysk-grammatik\/#breadcrumb\",\"itemListElement\":[{\"@type\":\"ListItem\",\"position\":1,\"name\":\"Homepage\",\"item\":\"https:\/\/talkpal.ai\/da\/\"},{\"@type\":\"ListItem\",\"position\":2,\"name\":\"Tysk grammatik\"}]},{\"@type\":\"WebSite\",\"@id\":\"https:\/\/talkpal.ai\/da\/#website\",\"url\":\"https:\/\/talkpal.ai\/da\/\",\"name\":\"Talkpal\",\"description\":\"AI Language Learning\",\"publisher\":{\"@id\":\"https:\/\/talkpal.ai\/da\/#organization\"},\"alternateName\":\"Talkpal AI\",\"potentialAction\":[{\"@type\":\"SearchAction\",\"target\":{\"@type\":\"EntryPoint\",\"urlTemplate\":\"https:\/\/talkpal.ai\/da\/?s={search_term_string}\"},\"query-input\":{\"@type\":\"PropertyValueSpecification\",\"valueRequired\":true,\"valueName\":\"search_term_string\"}}],\"inLanguage\":\"da-DK\"},{\"@type\":\"Organization\",\"@id\":\"https:\/\/talkpal.ai\/da\/#organization\",\"name\":\"Talkpal, Inc.\",\"alternateName\":\"Talkpal AI\",\"url\":\"https:\/\/talkpal.ai\/da\/\",\"logo\":{\"@type\":\"ImageObject\",\"inLanguage\":\"da-DK\",\"@id\":\"https:\/\/talkpal.ai\/da\/#\/schema\/logo\/image\/\",\"url\":\"https:\/\/talkpal.ai\/wp-content\/uploads\/2024\/03\/Talkpal-Logo-Icon.png\",\"contentUrl\":\"https:\/\/talkpal.ai\/wp-content\/uploads\/2024\/03\/Talkpal-Logo-Icon.png\",\"width\":2880,\"height\":2880,\"caption\":\"Talkpal, Inc.\"},\"image\":{\"@id\":\"https:\/\/talkpal.ai\/da\/#\/schema\/logo\/image\/\"},\"sameAs\":[\"https:\/\/www.facebook.com\/profile.php?id=100090733639311\",\"https:\/\/x.com\/talkpalai\",\"https:\/\/www.linkedin.com\/company\/talkpal\/\",\"https:\/\/www.youtube.com\/@TalkPal\/\",\"https:\/\/www.tiktok.com\/@talkpal\",\"https:\/\/www.instagram.com\/talkpal_ai\/\",\"https:\/\/www.crunchbase.com\/organization\/talkpal-9cde\",\"https:\/\/www.g2.com\/products\/talkpal-for-business\/\",\"https:\/\/www.trustpilot.com\/review\/talkpal.ai\",\"https:\/\/www.capterra.com\/p\/10006800\/TalkPal\/\"],\"description\":\"Talkpal is a language learning web and mobile education app, powered by the latest AI technologies, that provides engaging experiences to its customers in many different languages to help them improve their language skills. Users can chat about unlimited amount of topics with the app and use other modes to practice their language learning.\",\"email\":\"support@talkpal.ai\",\"legalName\":\"Talkpal, Inc.\",\"foundingDate\":\"2023-04-03\",\"duns\":\"118989042\",\"numberOfEmployees\":{\"@type\":\"QuantitativeValue\",\"minValue\":\"11\",\"maxValue\":\"50\"},\"publishingPrinciples\":\"https:\/\/talkpal.ai\/publishing-principles\/\",\"actionableFeedbackPolicy\":\"https:\/\/talkpal.ai\/actionable-feedback-policy\/\",\"correctionsPolicy\":\"https:\/\/talkpal.ai\/corrections-policy\/\",\"ethicsPolicy\":\"https:\/\/talkpal.ai\/ethics-policy\/\",\"diversityPolicy\":\"https:\/\/talkpal.ai\/diversity-policy\/\",\"diversityStaffingReport\":\"https:\/\/talkpal.ai\/diversity-policy\/\"}]}<\/script>\n<!-- \/ Yoast SEO Premium plugin. -->","yoast_head_json":{"title":"Tysk grammatik - Talkpal","description":"L\u00e6r let tysk grammatik - forst\u00e5 de vigtigste regler, \u00f8v dig i s\u00e6tningsopbygning, og tal tydeligt med Talkpal's AI-guidede st\u00f8tte.","robots":{"index":"index","follow":"follow","max-snippet":"max-snippet:-1","max-image-preview":"max-image-preview:large","max-video-preview":"max-video-preview:-1"},"canonical":"https:\/\/talkpal.ai\/da\/tysk-grammatik\/","og_locale":"da_DK","og_type":"article","og_title":"Tysk grammatik","og_description":"Unraveling forviklingerne i tysk grammatik At l\u00e6re tysk kan v\u00e6re en sp\u00e6ndende og givende indsats. Ikke alene vil du kunne tale med mere end 130 millioner","og_url":"https:\/\/talkpal.ai\/da\/tysk-grammatik\/","og_site_name":"Talkpal","article_publisher":"https:\/\/www.facebook.com\/profile.php?id=100090733639311","article_modified_time":"2025-05-22T19:23:05+00:00","og_image":[{"width":512,"height":512,"url":"https:\/\/talkpal.ai\/wp-content\/uploads\/2023\/03\/germany.png","type":"image\/png"}],"twitter_card":"summary_large_image","twitter_site":"@talkpalai","twitter_misc":{"Estimeret l\u00e6setid":"4 minutter"},"schema":{"@context":"https:\/\/schema.org","@graph":[{"@type":"WebPage","@id":"https:\/\/talkpal.ai\/da\/tysk-grammatik\/","url":"https:\/\/talkpal.ai\/da\/tysk-grammatik\/","name":"Tysk grammatik - Talkpal","isPartOf":{"@id":"https:\/\/talkpal.ai\/da\/#website"},"primaryImageOfPage":{"@id":"https:\/\/talkpal.ai\/da\/tysk-grammatik\/#primaryimage"},"image":{"@id":"https:\/\/talkpal.ai\/da\/tysk-grammatik\/#primaryimage"},"thumbnailUrl":"https:\/\/talkpal.ai\/wp-content\/uploads\/2023\/03\/germany.png","datePublished":"2023-03-26T11:40:15+00:00","dateModified":"2025-05-22T19:23:05+00:00","description":"L\u00e6r let tysk grammatik - forst\u00e5 de vigtigste regler, \u00f8v dig i s\u00e6tningsopbygning, og tal tydeligt med Talkpal's AI-guidede st\u00f8tte.","breadcrumb":{"@id":"https:\/\/talkpal.ai\/da\/tysk-grammatik\/#breadcrumb"},"inLanguage":"da-DK","potentialAction":[{"@type":"ReadAction","target":["https:\/\/talkpal.ai\/da\/tysk-grammatik\/"]}]},{"@type":"ImageObject","inLanguage":"da-DK","@id":"https:\/\/talkpal.ai\/da\/tysk-grammatik\/#primaryimage","url":"https:\/\/talkpal.ai\/wp-content\/uploads\/2023\/03\/germany.png","contentUrl":"https:\/\/talkpal.ai\/wp-content\/uploads\/2023\/03\/germany.png","width":512,"height":512,"caption":"TalkPal AI learn German"},{"@type":"BreadcrumbList","@id":"https:\/\/talkpal.ai\/da\/tysk-grammatik\/#breadcrumb","itemListElement":[{"@type":"ListItem","position":1,"name":"Homepage","item":"https:\/\/talkpal.ai\/da\/"},{"@type":"ListItem","position":2,"name":"Tysk grammatik"}]},{"@type":"WebSite","@id":"https:\/\/talkpal.ai\/da\/#website","url":"https:\/\/talkpal.ai\/da\/","name":"Talkpal","description":"AI Language Learning","publisher":{"@id":"https:\/\/talkpal.ai\/da\/#organization"},"alternateName":"Talkpal AI","potentialAction":[{"@type":"SearchAction","target":{"@type":"EntryPoint","urlTemplate":"https:\/\/talkpal.ai\/da\/?s={search_term_string}"},"query-input":{"@type":"PropertyValueSpecification","valueRequired":true,"valueName":"search_term_string"}}],"inLanguage":"da-DK"},{"@type":"Organization","@id":"https:\/\/talkpal.ai\/da\/#organization","name":"Talkpal, Inc.","alternateName":"Talkpal AI","url":"https:\/\/talkpal.ai\/da\/","logo":{"@type":"ImageObject","inLanguage":"da-DK","@id":"https:\/\/talkpal.ai\/da\/#\/schema\/logo\/image\/","url":"https:\/\/talkpal.ai\/wp-content\/uploads\/2024\/03\/Talkpal-Logo-Icon.png","contentUrl":"https:\/\/talkpal.ai\/wp-content\/uploads\/2024\/03\/Talkpal-Logo-Icon.png","width":2880,"height":2880,"caption":"Talkpal, Inc."},"image":{"@id":"https:\/\/talkpal.ai\/da\/#\/schema\/logo\/image\/"},"sameAs":["https:\/\/www.facebook.com\/profile.php?id=100090733639311","https:\/\/x.com\/talkpalai","https:\/\/www.linkedin.com\/company\/talkpal\/","https:\/\/www.youtube.com\/@TalkPal\/","https:\/\/www.tiktok.com\/@talkpal","https:\/\/www.instagram.com\/talkpal_ai\/","https:\/\/www.crunchbase.com\/organization\/talkpal-9cde","https:\/\/www.g2.com\/products\/talkpal-for-business\/","https:\/\/www.trustpilot.com\/review\/talkpal.ai","https:\/\/www.capterra.com\/p\/10006800\/TalkPal\/"],"description":"Talkpal is a language learning web and mobile education app, powered by the latest AI technologies, that provides engaging experiences to its customers in many different languages to help them improve their language skills. Users can chat about unlimited amount of topics with the app and use other modes to practice their language learning.","email":"support@talkpal.ai","legalName":"Talkpal, Inc.","foundingDate":"2023-04-03","duns":"118989042","numberOfEmployees":{"@type":"QuantitativeValue","minValue":"11","maxValue":"50"},"publishingPrinciples":"https:\/\/talkpal.ai\/publishing-principles\/","actionableFeedbackPolicy":"https:\/\/talkpal.ai\/actionable-feedback-policy\/","correctionsPolicy":"https:\/\/talkpal.ai\/corrections-policy\/","ethicsPolicy":"https:\/\/talkpal.ai\/ethics-policy\/","diversityPolicy":"https:\/\/talkpal.ai\/diversity-policy\/","diversityStaffingReport":"https:\/\/talkpal.ai\/diversity-policy\/"}]}},"_links":{"self":[{"href":"https:\/\/talkpal.ai\/da\/wp-json\/wp\/v2\/pages\/124060","targetHints":{"allow":["GET"]}}],"collection":[{"href":"https:\/\/talkpal.ai\/da\/wp-json\/wp\/v2\/pages"}],"about":[{"href":"https:\/\/talkpal.ai\/da\/wp-json\/wp\/v2\/types\/page"}],"author":[{"embeddable":true,"href":"https:\/\/talkpal.ai\/da\/wp-json\/wp\/v2\/users\/1"}],"replies":[{"embeddable":true,"href":"https:\/\/talkpal.ai\/da\/wp-json\/wp\/v2\/comments?post=124060"}],"version-history":[{"count":0,"href":"https:\/\/talkpal.ai\/da\/wp-json\/wp\/v2\/pages\/124060\/revisions"}],"wp:featuredmedia":[{"embeddable":true,"href":"https:\/\/talkpal.ai\/da\/wp-json\/wp\/v2\/media\/75566"}],"wp:attachment":[{"href":"https:\/\/talkpal.ai\/da\/wp-json\/wp\/v2\/media?parent=124060"}],"curies":[{"name":"wp","href":"https:\/\/api.w.org\/{rel}","templated":true}]}}