{"id":1475250,"date":"2025-11-12T17:24:56","date_gmt":"2025-11-12T17:24:56","guid":{"rendered":"https:\/\/talkpal.ai\/ymarferion-gramadeg-wsbeceg\/"},"modified":"2025-12-30T13:34:54","modified_gmt":"2025-12-30T13:34:54","slug":"ymarferion-gramadeg-wsbeceg","status":"publish","type":"page","link":"https:\/\/talkpal.ai\/cy\/ymarferion-gramadeg-wsbeceg\/","title":{"rendered":"Ymarferion Gramadeg Wsbeceg"},"content":{"rendered":"\r\n\r\n\r\n<section class=\"languageChallengeSection\">\r\n    <div class=\"languageInfoWrapper\">\r\n        \r\n        <h1>Ymarferion Gramadeg Wsbeceg<\/h1>\r\n        <p>Yn barod i blymio i ramadeg <a href=\"https:\/\/talkpal.ai\/learn-uzbek\/\">Wsbeceg<\/a>? Bydd ymarfer ychydig o pethau sylfaenol yn eich helpu i fod yn gyfforddus gyda&#039;r iaith unigryw a hardd hon. Rhowch gynnig ar yr ymarferion hyn i adeiladu eich hyder a chael hwyl ar hyd y ffordd!<\/p>\r\n\r\n                            <a class=\"getStartedHidden\" href=\"https:\/\/app.talkpal.ai\/signup?lng=\">Dechrau<\/a>\r\n        \r\n    <\/div>\r\n\r\n    <figure>\r\n    <img decoding=\"async\" width=\"768\" height=\"768\" src=\"https:\/\/talkpal.ai\/wp-content\/uploads\/2023\/06\/welsh-768x768.png\" class=\"languageImage no-lazy\" alt=\"Language learning for better cognitive abilities\" fetchpriority=\"high\" sizes=\"(max-width: 768px) 150px, 768px\" srcset=\"https:\/\/talkpal.ai\/wp-content\/uploads\/2023\/06\/welsh-768x768.png 768w, https:\/\/talkpal.ai\/wp-content\/uploads\/2023\/06\/welsh-300x300.png 300w\" \/>\r\n    \r\n\r\n    <\/figure>\r\n\r\n            <a class=\"getStartedVisible\" href=\"https:\/\/app.talkpal.ai\/signup?lng=\">Dechrau<\/a>\r\n    \r\n<\/section><section class=\"promotionalBanner\">\r\n    <p class=\"promotionalText\">Y ffordd fwyaf effeithlon o ddysgu iaith<\/p>\r\n    <a class=\"promotionalLink\" href=\"https:\/\/app.talkpal.ai\/signup?lng=\">Rhowch gynnig ar Talkpal am ddim<\/a>\r\n<\/section>\n<div class=\"wp-block-group pageContainerStyle\"><div class=\"wp-block-group__inner-container is-layout-constrained wp-block-group-is-layout-constrained\">\n<h2 class=\"wp-block-heading\" id=\"h-uzbek-grammar-topics\">Pynciau Gramadeg Wsbeceg<\/h2>\n\n\n\n<p><a href=\"https:\/\/talkpal.ai\/cy\/camgymeriadau-mwyaf-iw-hosgoi-wrth-ddysgu-iaith-newydd\/\">Gall dysgu iaith newydd<\/a> fod yn ymdrech heriol ond gwerth chweil. Nid yw Wsbeceg, iaith Twrceg a siaredir yn bennaf yn <a href=\"https:\/\/talkpal.ai\/learn-uzbek\/\">Uzbekistan<\/a> a rhanbarthau cyfagos, yn eithriad. Gyda&#8217;i nodweddion a&#8217;i strwythurau agglutiative, mae <a href=\"https:\/\/talkpal.ai\/cy\/dysgu-wsbeceg\/\">dysgu Wsbeceg<\/a> yn gofyn am <a href=\"https:\/\/talkpal.ai\/cy\/talkpal-ar-gyfer-addysg\/\">ddull<\/a> systematig o ddeall ei gramadeg. Mae&#8217;r canllaw hwn yn amlinellu meysydd allweddol <a href=\"https:\/\/talkpal.ai\/cy\/gramadeg-wsbeceg\/\">gramadeg Wsbeceg<\/a> mewn dilyniant rhesymegol ar gyfer <a href=\"https:\/\/talkpal.ai\/cy\/talkpal-ar-gyfer-addysg\/\">dysgu iaith<\/a>, gan ddechrau o&#8217;r pethau sylfaenol fel enwau ac erthyglau, a symud ymlaen i feysydd mwy cymhleth fel amserau ac adeiladu brawddegau.<\/p>\n\n\n\n<h3 class=\"wp-block-heading\" id=\"h-1-nouns\">1. Enwau:<\/h3>\n\n\n\n<p>Dechreuwch eich taith iaith Wsbeceg trwy ddysgu&#8217;r enwau. Mae hyn yn cynnwys deall y gwahanol gategor\u00efau o enwau, fel enwau cyffredin a phriodol yn ogystal \u00e2&#8217;u ffurfiau lluosog. Dysgwch yr \u00f4l-ddodiad lluosog -lar a&#8217;r prif derfyniadau achos fel -ni, -ga, -da, -dan, a -ning.<\/p>\n\n\n\n<h3 class=\"wp-block-heading\" id=\"h-2-articles\">2. Erthyglau:<\/h3>\n\n\n\n<p>Nid oes gan Wsbeceg erthyglau. Mae deall sut mae diffiniaeth yn cael ei fynegi trwy gyd-destun, trefn geiriau, a&#8217;r marciwr gwrthrych uniongyrchol -ni yn hanfodol wrth adeiladu brawddegau.<\/p>\n\n\n\n<h3 class=\"wp-block-heading\" id=\"h-3-adjectives\">3. Ansoddeiriau:<\/h3>\n\n\n\n<p>Mae ansoddeiriau yn Wsbeceg fel arfer yn rhagflaenu eu henwau, yn wahanol i&#8217;r <a href=\"https:\/\/talkpal.ai\/learn-english-with-ai\/\">Saesneg<\/a> mewn rhai achosion. Nid ydynt yn cytuno o ran rhyw na nifer. Dysgwch sut i ffurfio cymhariaethau a superlatives gan ddefnyddio -roq ac eng, a sut mae dwys\u00e1u fel Jwda yn effeithio ar ystyr.<\/p>\n\n\n\n<h3 class=\"wp-block-heading\" id=\"h-4-pronouns-determiners\">4. Rhagenwau \/ Penderfynwyr:<\/h3>\n\n\n\n<p>Mae rhagenwau a phenderfynyddion yn hanfodol yn Wsbeceg; maent yn disodli enwau ac yn darparu gwybodaeth am faint, meddiant, a mwy. Dysgwch ragenwau personol, arddangosfeydd fel bu, shu, u, \u00f4l-ddodiadau meddiannol fel -im, -ing, -i, a sut mae&#8217;r rhain yn cyfuno \u00e2 therfyniadau achos i&#8217;w defnyddio&#8217;n gywir.<\/p>\n\n\n\n<h3 class=\"wp-block-heading\" id=\"h-5-verbs\">5. Berfau:<\/h3>\n\n\n\n<p>Mae gan ferfau Wsbeceg wahanol ffurfiau yn dibynnu ar amser, agwedd, hwyliau, a pherson. Dechreuwch gyda&#8217;r presennol arferol -adi a&#8217;r presennol blaengar -yapti neu -moqda, yna archwilio&#8217;r gorffennol syml -di, canlyniadol -gan, ac ymadroddion y dyfodol fel -adi a -moqchi.<\/p>\n\n\n\n<h3 class=\"wp-block-heading\" id=\"h-6-tenses\">6. Amserau:<\/h3>\n\n\n\n<p>Ar \u00f4l meistroli&#8217;r ffurfiau berfol, ymchwiliwch yn ddyfnach i amserau ac agweddau Wsbeceg. Mae hyn yn cynnwys deall y gwahaniaethau rhwng ffurfiau presennol arferol, presennol blaengar, syml y gorffennol, canlyniadol neu brofiadol, a ffurfiau y dyfodol, ynghyd \u00e2 sut maent yn cael eu defnyddio mewn gwahanol gyd-destunau a chofrestrau.<\/p>\n\n\n\n<h3 class=\"wp-block-heading\" id=\"h-7-tense-comparison\">7. Cymhariaeth Tense:<\/h3>\n\n\n\n<p>Mae cymharu amserau yn Wsbeceg yn helpu i ddeall dilyniant ac agwedd digwyddiadau. Bydd cymharu&#8217;r un ferf ar draws y ffurfiau arferol, blaengar, gorffennol, canlyniadol a dyfodol yn darparu gwell dealltwriaeth o&#8217;r iaith Wsbeceg.<\/p>\n\n\n\n<h3 class=\"wp-block-heading\" id=\"h-8-progressive\">8. Blaengar:<\/h3>\n\n\n\n<p>Mae&#8217;r blaengar yn Wsbeceg yn cael ei ddefnyddio i fynegi gweithredoedd parhaus. Fe&#8217;i ffurfir gyda&#8217;r marcwyr -yap- neu -moqda ynghlwm wrth goesyn y ferf, neu gyda chynorthwyol fel yotmoq mewn cystrawennau dadansoddol.<\/p>\n\n\n\n<h3 class=\"wp-block-heading\" id=\"h-9-perfect-progressive\">9. Blaengar Perffaith:<\/h3>\n\n\n\n<p>Defnyddir hyn i fynegi gweithredoedd sydd <a href=\"https:\/\/talkpal.ai\/culture\/how-do-i-use-wedi-bod-to-express-have-been\/\">wedi bod<\/a> yn mynd rhagddo hyd at bwynt penodol. Yn Wsbeceg, mae&#8217;n cael ei gyfleu gyda chystrawennau fel -ib kelmoq neu -ib turmoq, neu drwy ddefnyddio ffurf flaengar gydag edi i osod pwynt cyfeirio yn y gorffennol.<\/p>\n\n\n\n<h3 class=\"wp-block-heading\" id=\"h-10-conditionals\">10. Amodau:<\/h3>\n\n\n\n<p>Mae amodoliadau yn mynegi sefyllfaoedd damcaniaethol a&#8217;u canlyniadau posibl. Maent yn rhan bwysig o ramadeg Wsbeceg a byddant yn ychwanegu cymhlethdod i&#8217;ch sgiliau iaith. Defnyddiwch yr \u00f4l-ddodiad -sa, yn aml gydag agar, a ffurfiwch wrth-ffeithiol gyda phatrymau fel -gan bo&#8217;lardi neu bo&#8217;lganida.<\/p>\n\n\n\n<h3 class=\"wp-block-heading\" id=\"h-11-adverbs\">11. Adferfau:<\/h3>\n\n\n\n<p>Mae adferfau yn Wsbeceg yn addasu berfau, ansoddeiriau, neu adferfau eraill. Maent yn darparu gwybodaeth am fodd, lle, amser, gradd, a mwy. Mae llawer o adferfau yn eiriadurol, ac mae rhai wedi&#8217;u ffurfio gydag \u00f4l-ddodiadau fel -cha neu -lab.<\/p>\n\n\n\n<h3 class=\"wp-block-heading\" id=\"h-12-prepositions\">12. Arddueddiadau:<\/h3>\n\n\n\n<p>Mae arddodiaid yn cysylltu geiriau ac ymadroddion gyda&#8217;i gilydd. Yn Wsbeceg, mae&#8217;r perthnasoedd hyn yn cael eu mynegi yn bennaf gyda terfyniadau achos a postpositions yn hytrach nag arddoddiaid. Dysgwch ddefnydd achos fel -da, -dan, -ga a swyddi cyffredin fel uchun, bilan, oldin, keyin, tomon, a kabi.<\/p>\n\n\n\n<h3 class=\"wp-block-heading\" id=\"h-13-sentences\">13. Brawddegau:<\/h3>\n\n\n\n<p>Yn olaf, ymarferwch adeiladu brawddegau. Bydd hyn yn cynnwys defnyddio&#8217;r holl bwyntiau gramadeg a ddysgwyd yn flaenorol mewn cyd-destun, gan sicrhau dealltwriaeth gynhwysfawr o&#8217;r iaith Wsbeceg. Rhowch sylw i&#8217;r drefn eiriau SOV nodweddiadol, y cwestiwn gronyn mi, a negiad gyda -ma ar gyfer berfau ac emas ar gyfer rhagdybiaethau enwol.<\/p>\n<\/div><\/div>\n\r\n<section class=\"learnNavigationSection\">\r\n            \r\n        <a href=\"https:\/\/talkpal.ai\/cy\/dysgu-wsbeceg\/\">\r\n            <div class=\"learnNavigationWrapper\">\r\n                <div class=\"learnNavigationContent\">\r\n                    <img decoding=\"async\" src=\"https:\/\/talkpal.ai\/wp-content\/uploads\/2025\/11\/Uzbek.png\" alt=\"Uzbek Flag\">\r\n                    <div>\r\n                        <h4>Yngl\u0177n \u00e2 Dysgu Wsbeceg<\/h4>\r\n                        <p>Darganfyddwch bopeth am Ramadeg Wsbeceg.<\/p>\r\n                    <\/div>\r\n                <\/div>\r\n            <\/div>\r\n        <\/a>\r\n\r\n        \r\n        <a href=\"https:\/\/talkpal.ai\/cy\/gramadeg-wsbeceg\/\">\r\n            <div class=\"learnNavigationWrapper\">\r\n                <div class=\"learnNavigationContent\">\r\n                    <img decoding=\"async\" src=\"https:\/\/talkpal.ai\/wp-content\/uploads\/2025\/11\/Uzbek.png\" alt=\"Uzbek Flag\">\r\n                    <div>\r\n                        <h4>Gwersi Gramadeg Wsbeceg<\/h4>\r\n                        <p>Ymarfer gramadeg Wsbeceg.<\/p>\r\n                    <\/div>\r\n                <\/div>\r\n            <\/div>\r\n        <\/a>\r\n\r\n            <\/section>","protected":false},"excerpt":{"rendered":"<p>Pynciau Gramadeg Wsbeceg Gall dysgu iaith newydd fod yn ymdrech heriol ond gwerth chweil. Nid yw Wsbeceg, iaith Twrceg a siaredir yn bennaf yn Uzbekistan a rhanbarthau cyfagos, yn eithriad. Gyda&#8217;i nodweddion a&#8217;i strwythurau agglutiative, mae dysgu Wsbeceg yn gofyn am ddull systematig o ddeall ei gramadeg. Mae&#8217;r canllaw hwn yn amlinellu meysydd allweddol gramadeg [&hellip;]<\/p>\n","protected":false},"author":20,"featured_media":0,"parent":0,"menu_order":0,"comment_status":"closed","ping_status":"closed","template":"LearningContentPage.php","meta":{"_acf_changed":false,"footnotes":""},"class_list":["post-1475250","page","type-page","status-publish","hentry"],"acf":[],"yoast_head":"<!-- This site is optimized with the Yoast SEO Premium plugin v27.2 (Yoast SEO v27.2) - https:\/\/yoast.com\/product\/yoast-seo-premium-wordpress\/ -->\n<title>Ymarferion Gramadeg Wsbeceg - Talkpal<\/title>\n<meta name=\"description\" content=\"Meistroli gramadeg Wsbeceg gydag ymarferion rhyngweithiol sy&#039;n ymdrin ag enwau, berfau ac amserau i feithrin eich rhuglder iaith.\" \/>\n<meta name=\"robots\" content=\"index, follow, max-snippet:-1, max-image-preview:large, max-video-preview:-1\" \/>\n<link rel=\"canonical\" href=\"https:\/\/talkpal.ai\/cy\/ymarferion-gramadeg-wsbeceg\/\" \/>\n<meta property=\"og:locale\" content=\"cy_GB\" \/>\n<meta property=\"og:type\" content=\"article\" \/>\n<meta property=\"og:title\" content=\"Ymarferion Gramadeg Wsbeceg\" \/>\n<meta property=\"og:description\" content=\"Pynciau Gramadeg Wsbeceg Gall dysgu iaith newydd fod yn ymdrech heriol ond gwerth chweil. Nid yw Wsbeceg, iaith Twrceg a siaredir yn bennaf yn Uzbekistan\" \/>\n<meta property=\"og:url\" content=\"https:\/\/talkpal.ai\/cy\/ymarferion-gramadeg-wsbeceg\/\" \/>\n<meta property=\"og:site_name\" content=\"Talkpal\" \/>\n<meta property=\"article:publisher\" content=\"https:\/\/www.facebook.com\/profile.php?id=100090733639311\" \/>\n<meta property=\"article:modified_time\" content=\"2025-12-30T13:34:54+00:00\" \/>\n<meta property=\"og:image\" content=\"https:\/\/talkpal.ai\/wp-content\/uploads\/2025\/02\/Progress-tab-16_9.png\" \/>\n\t<meta property=\"og:image:width\" content=\"2880\" \/>\n\t<meta property=\"og:image:height\" content=\"1620\" \/>\n\t<meta property=\"og:image:type\" content=\"image\/png\" \/>\n<meta name=\"twitter:card\" content=\"summary_large_image\" \/>\n<meta name=\"twitter:site\" content=\"@talkpalai\" \/>\n<meta name=\"twitter:label1\" content=\"Est. reading time\" \/>\n\t<meta name=\"twitter:data1\" content=\"3 minutes\" \/>\n<script type=\"application\/ld+json\" class=\"yoast-schema-graph\">{\"@context\":\"https:\/\/schema.org\",\"@graph\":[{\"@type\":\"WebPage\",\"@id\":\"https:\/\/talkpal.ai\/cy\/ymarferion-gramadeg-wsbeceg\/\",\"url\":\"https:\/\/talkpal.ai\/cy\/ymarferion-gramadeg-wsbeceg\/\",\"name\":\"Ymarferion Gramadeg Wsbeceg - Talkpal\",\"isPartOf\":{\"@id\":\"https:\/\/talkpal.ai\/cy\/#website\"},\"datePublished\":\"2025-11-12T17:24:56+00:00\",\"dateModified\":\"2025-12-30T13:34:54+00:00\",\"description\":\"Meistroli gramadeg Wsbeceg gydag ymarferion rhyngweithiol sy'n ymdrin ag enwau, berfau ac amserau i feithrin eich rhuglder iaith.\",\"breadcrumb\":{\"@id\":\"https:\/\/talkpal.ai\/cy\/ymarferion-gramadeg-wsbeceg\/#breadcrumb\"},\"inLanguage\":\"cy-GB\",\"potentialAction\":[{\"@type\":\"ReadAction\",\"target\":[\"https:\/\/talkpal.ai\/cy\/ymarferion-gramadeg-wsbeceg\/\"]}]},{\"@type\":\"BreadcrumbList\",\"@id\":\"https:\/\/talkpal.ai\/cy\/ymarferion-gramadeg-wsbeceg\/#breadcrumb\",\"itemListElement\":[{\"@type\":\"ListItem\",\"position\":1,\"name\":\"Homepage\",\"item\":\"https:\/\/talkpal.ai\/cy\/ai-athro-iaith-3\/\"},{\"@type\":\"ListItem\",\"position\":2,\"name\":\"Ymarferion Gramadeg Wsbeceg\"}]},{\"@type\":\"WebSite\",\"@id\":\"https:\/\/talkpal.ai\/cy\/#website\",\"url\":\"https:\/\/talkpal.ai\/cy\/\",\"name\":\"Talkpal\",\"description\":\"AI Language Learning\",\"publisher\":{\"@id\":\"https:\/\/talkpal.ai\/cy\/#organization\"},\"alternateName\":\"Talkpal AI\",\"potentialAction\":[{\"@type\":\"SearchAction\",\"target\":{\"@type\":\"EntryPoint\",\"urlTemplate\":\"https:\/\/talkpal.ai\/cy\/?s={search_term_string}\"},\"query-input\":{\"@type\":\"PropertyValueSpecification\",\"valueRequired\":true,\"valueName\":\"search_term_string\"}}],\"inLanguage\":\"cy-GB\"},{\"@type\":\"Organization\",\"@id\":\"https:\/\/talkpal.ai\/cy\/#organization\",\"name\":\"Talkpal, Inc.\",\"alternateName\":\"Talkpal AI\",\"url\":\"https:\/\/talkpal.ai\/cy\/\",\"logo\":{\"@type\":\"ImageObject\",\"inLanguage\":\"cy-GB\",\"@id\":\"https:\/\/talkpal.ai\/cy\/#\/schema\/logo\/image\/\",\"url\":\"https:\/\/talkpal.ai\/wp-content\/uploads\/2024\/03\/Talkpal-Logo-Icon.png\",\"contentUrl\":\"https:\/\/talkpal.ai\/wp-content\/uploads\/2024\/03\/Talkpal-Logo-Icon.png\",\"width\":2880,\"height\":2880,\"caption\":\"Talkpal, Inc.\"},\"image\":{\"@id\":\"https:\/\/talkpal.ai\/cy\/#\/schema\/logo\/image\/\"},\"sameAs\":[\"https:\/\/www.facebook.com\/profile.php?id=100090733639311\",\"https:\/\/x.com\/talkpalai\",\"https:\/\/www.linkedin.com\/company\/talkpal\/\",\"https:\/\/www.youtube.com\/@TalkPal\/\",\"https:\/\/www.tiktok.com\/@talkpal\",\"https:\/\/www.instagram.com\/talkpal_ai\/\",\"https:\/\/www.crunchbase.com\/organization\/talkpal-9cde\",\"https:\/\/www.g2.com\/products\/talkpal-for-business\/\",\"https:\/\/www.trustpilot.com\/review\/talkpal.ai\",\"https:\/\/www.capterra.com\/p\/10006800\/TalkPal\/\"],\"description\":\"Talkpal is a language learning web and mobile education app, powered by the latest AI technologies, that provides engaging experiences to its customers in many different languages to help them improve their language skills. Users can chat about unlimited amount of topics with the app and use other modes to practice their language learning.\",\"email\":\"support@talkpal.ai\",\"legalName\":\"Talkpal, Inc.\",\"foundingDate\":\"2023-04-03\",\"duns\":\"118989042\",\"numberOfEmployees\":{\"@type\":\"QuantitativeValue\",\"minValue\":\"11\",\"maxValue\":\"50\"},\"publishingPrinciples\":\"https:\/\/talkpal.ai\/publishing-principles\/\",\"actionableFeedbackPolicy\":\"https:\/\/talkpal.ai\/actionable-feedback-policy\/\",\"correctionsPolicy\":\"https:\/\/talkpal.ai\/corrections-policy\/\",\"ethicsPolicy\":\"https:\/\/talkpal.ai\/ethics-policy\/\",\"diversityPolicy\":\"https:\/\/talkpal.ai\/diversity-policy\/\",\"diversityStaffingReport\":\"https:\/\/talkpal.ai\/diversity-policy\/\"}]}<\/script>\n<!-- \/ Yoast SEO Premium plugin. -->","yoast_head_json":{"title":"Ymarferion Gramadeg Wsbeceg - Talkpal","description":"Meistroli gramadeg Wsbeceg gydag ymarferion rhyngweithiol sy'n ymdrin ag enwau, berfau ac amserau i feithrin eich rhuglder iaith.","robots":{"index":"index","follow":"follow","max-snippet":"max-snippet:-1","max-image-preview":"max-image-preview:large","max-video-preview":"max-video-preview:-1"},"canonical":"https:\/\/talkpal.ai\/cy\/ymarferion-gramadeg-wsbeceg\/","og_locale":"cy_GB","og_type":"article","og_title":"Ymarferion Gramadeg Wsbeceg","og_description":"Pynciau Gramadeg Wsbeceg Gall dysgu iaith newydd fod yn ymdrech heriol ond gwerth chweil. Nid yw Wsbeceg, iaith Twrceg a siaredir yn bennaf yn Uzbekistan","og_url":"https:\/\/talkpal.ai\/cy\/ymarferion-gramadeg-wsbeceg\/","og_site_name":"Talkpal","article_publisher":"https:\/\/www.facebook.com\/profile.php?id=100090733639311","article_modified_time":"2025-12-30T13:34:54+00:00","og_image":[{"width":2880,"height":1620,"url":"https:\/\/talkpal.ai\/wp-content\/uploads\/2025\/02\/Progress-tab-16_9.png","type":"image\/png"}],"twitter_card":"summary_large_image","twitter_site":"@talkpalai","twitter_misc":{"Est. reading time":"3 minutes"},"schema":{"@context":"https:\/\/schema.org","@graph":[{"@type":"WebPage","@id":"https:\/\/talkpal.ai\/cy\/ymarferion-gramadeg-wsbeceg\/","url":"https:\/\/talkpal.ai\/cy\/ymarferion-gramadeg-wsbeceg\/","name":"Ymarferion Gramadeg Wsbeceg - Talkpal","isPartOf":{"@id":"https:\/\/talkpal.ai\/cy\/#website"},"datePublished":"2025-11-12T17:24:56+00:00","dateModified":"2025-12-30T13:34:54+00:00","description":"Meistroli gramadeg Wsbeceg gydag ymarferion rhyngweithiol sy'n ymdrin ag enwau, berfau ac amserau i feithrin eich rhuglder iaith.","breadcrumb":{"@id":"https:\/\/talkpal.ai\/cy\/ymarferion-gramadeg-wsbeceg\/#breadcrumb"},"inLanguage":"cy-GB","potentialAction":[{"@type":"ReadAction","target":["https:\/\/talkpal.ai\/cy\/ymarferion-gramadeg-wsbeceg\/"]}]},{"@type":"BreadcrumbList","@id":"https:\/\/talkpal.ai\/cy\/ymarferion-gramadeg-wsbeceg\/#breadcrumb","itemListElement":[{"@type":"ListItem","position":1,"name":"Homepage","item":"https:\/\/talkpal.ai\/cy\/ai-athro-iaith-3\/"},{"@type":"ListItem","position":2,"name":"Ymarferion Gramadeg Wsbeceg"}]},{"@type":"WebSite","@id":"https:\/\/talkpal.ai\/cy\/#website","url":"https:\/\/talkpal.ai\/cy\/","name":"Talkpal","description":"AI Language Learning","publisher":{"@id":"https:\/\/talkpal.ai\/cy\/#organization"},"alternateName":"Talkpal AI","potentialAction":[{"@type":"SearchAction","target":{"@type":"EntryPoint","urlTemplate":"https:\/\/talkpal.ai\/cy\/?s={search_term_string}"},"query-input":{"@type":"PropertyValueSpecification","valueRequired":true,"valueName":"search_term_string"}}],"inLanguage":"cy-GB"},{"@type":"Organization","@id":"https:\/\/talkpal.ai\/cy\/#organization","name":"Talkpal, Inc.","alternateName":"Talkpal AI","url":"https:\/\/talkpal.ai\/cy\/","logo":{"@type":"ImageObject","inLanguage":"cy-GB","@id":"https:\/\/talkpal.ai\/cy\/#\/schema\/logo\/image\/","url":"https:\/\/talkpal.ai\/wp-content\/uploads\/2024\/03\/Talkpal-Logo-Icon.png","contentUrl":"https:\/\/talkpal.ai\/wp-content\/uploads\/2024\/03\/Talkpal-Logo-Icon.png","width":2880,"height":2880,"caption":"Talkpal, Inc."},"image":{"@id":"https:\/\/talkpal.ai\/cy\/#\/schema\/logo\/image\/"},"sameAs":["https:\/\/www.facebook.com\/profile.php?id=100090733639311","https:\/\/x.com\/talkpalai","https:\/\/www.linkedin.com\/company\/talkpal\/","https:\/\/www.youtube.com\/@TalkPal\/","https:\/\/www.tiktok.com\/@talkpal","https:\/\/www.instagram.com\/talkpal_ai\/","https:\/\/www.crunchbase.com\/organization\/talkpal-9cde","https:\/\/www.g2.com\/products\/talkpal-for-business\/","https:\/\/www.trustpilot.com\/review\/talkpal.ai","https:\/\/www.capterra.com\/p\/10006800\/TalkPal\/"],"description":"Talkpal is a language learning web and mobile education app, powered by the latest AI technologies, that provides engaging experiences to its customers in many different languages to help them improve their language skills. Users can chat about unlimited amount of topics with the app and use other modes to practice their language learning.","email":"support@talkpal.ai","legalName":"Talkpal, Inc.","foundingDate":"2023-04-03","duns":"118989042","numberOfEmployees":{"@type":"QuantitativeValue","minValue":"11","maxValue":"50"},"publishingPrinciples":"https:\/\/talkpal.ai\/publishing-principles\/","actionableFeedbackPolicy":"https:\/\/talkpal.ai\/actionable-feedback-policy\/","correctionsPolicy":"https:\/\/talkpal.ai\/corrections-policy\/","ethicsPolicy":"https:\/\/talkpal.ai\/ethics-policy\/","diversityPolicy":"https:\/\/talkpal.ai\/diversity-policy\/","diversityStaffingReport":"https:\/\/talkpal.ai\/diversity-policy\/"}]}},"_links":{"self":[{"href":"https:\/\/talkpal.ai\/cy\/wp-json\/wp\/v2\/pages\/1475250","targetHints":{"allow":["GET"]}}],"collection":[{"href":"https:\/\/talkpal.ai\/cy\/wp-json\/wp\/v2\/pages"}],"about":[{"href":"https:\/\/talkpal.ai\/cy\/wp-json\/wp\/v2\/types\/page"}],"author":[{"embeddable":true,"href":"https:\/\/talkpal.ai\/cy\/wp-json\/wp\/v2\/users\/20"}],"replies":[{"embeddable":true,"href":"https:\/\/talkpal.ai\/cy\/wp-json\/wp\/v2\/comments?post=1475250"}],"version-history":[{"count":0,"href":"https:\/\/talkpal.ai\/cy\/wp-json\/wp\/v2\/pages\/1475250\/revisions"}],"wp:attachment":[{"href":"https:\/\/talkpal.ai\/cy\/wp-json\/wp\/v2\/media?parent=1475250"}],"curies":[{"name":"wp","href":"https:\/\/api.w.org\/{rel}","templated":true}]}}