{"id":1475222,"date":"2025-11-12T17:11:45","date_gmt":"2025-11-12T17:11:45","guid":{"rendered":"https:\/\/talkpal.ai\/gramadeg-telugu\/"},"modified":"2025-12-30T11:55:21","modified_gmt":"2025-12-30T11:55:21","slug":"gramadeg-telugu","status":"publish","type":"page","link":"https:\/\/talkpal.ai\/cy\/gramadeg-telugu\/","title":{"rendered":"Gramadeg Telugu"},"content":{"rendered":"\r\n\r\n\r\n<section class=\"languageChallengeSection\">\r\n    <div class=\"languageInfoWrapper\">\r\n        \r\n        <h1>Gramadeg Telugu<\/h1>\r\n        <p>Efallai y bydd <a href=\"https:\/\/talkpal.ai\/telugu-grammar\/\">gramadeg Telugu<\/a> yn ymddangos yn heriol ar y dechrau, ond mae ei nodweddion unigryw yn gwneud dysgu&#039;r iaith yn brofiad gwerth chweil. Trwy archwilio ei wyddor, treigladau, a rheolau gramadeg, byddwch yn cael mewnwelediad i draddodiad ieithyddol cyfoethog. Dechreuwch eich taith a darganfod harddwch <a href=\"https:\/\/talkpal.ai\/learn-telugu\/\">Telugu<\/a>!<\/p>\r\n\r\n                            <a class=\"getStartedHidden\" href=\"https:\/\/app.talkpal.ai\/signup?lng=\">Dechrau<\/a>\r\n        \r\n    <\/div>\r\n\r\n    <figure>\r\n    <img decoding=\"async\" width=\"768\" height=\"768\" src=\"https:\/\/talkpal.ai\/wp-content\/uploads\/2023\/06\/welsh-768x768.png\" class=\"languageImage no-lazy\" alt=\"Language learning for better cognitive abilities\" fetchpriority=\"high\" sizes=\"(max-width: 768px) 150px, 768px\" srcset=\"https:\/\/talkpal.ai\/wp-content\/uploads\/2023\/06\/welsh-768x768.png 768w, https:\/\/talkpal.ai\/wp-content\/uploads\/2023\/06\/welsh-300x300.png 300w\" \/>\r\n    \r\n\r\n    <\/figure>\r\n\r\n            <a class=\"getStartedVisible\" href=\"https:\/\/app.talkpal.ai\/signup?lng=\">Dechrau<\/a>\r\n    \r\n<\/section><section class=\"promotionalBanner\">\r\n    <p class=\"promotionalText\">Y ffordd fwyaf effeithlon o ddysgu iaith<\/p>\r\n    <a class=\"promotionalLink\" href=\"https:\/\/app.talkpal.ai\/signup?lng=\">Rhowch gynnig ar Talkpal am ddim<\/a>\r\n<\/section>\n<div class=\"wp-block-group pageContainerStyle\"><div class=\"wp-block-group__inner-container is-layout-constrained wp-block-group-is-layout-constrained\">\n<h2 class=\"wp-block-heading\" id=\"h-navigating-the-intricacies-of-telugu-grammar\">Llywio cymhlethdodau gramadeg Telugu<\/h2>\n\n\n\n<p><a href=\"https:\/\/talkpal.ai\/cy\/dysgu-telugu\/\">Mae Telugu<\/a>, iaith Dravidian gyda thraddodiad llenyddol bywiog ac arwyddoc\u00e2d diwylliannol ar draws Andhra Pradesh a Telangana, yn cynnig profiad ieithyddol cyffrous i&#8217;r rhai sy&#8217;n awyddus i archwilio ei system ramadeg unigryw. Wrth i chi fentro i fyd Telugu, byddwch nid yn unig yn cyfoethogi eich repertoire ieithyddol ond hefyd yn cofleidio taith ddiwylliannol ddiddorol. Er y gall gramadeg Telugu ymddangos yn gymhleth ar y dechrau, mae ei rannu&#8217;n gydrannau craidd yn gwneud dysgu&#8217;r iaith yn fwy hygyrch. Yn yr erthygl hon, byddwn yn archwilio byd cyfareddol gramadeg Telugu ac yn rhoi awgrymiadau ar sut i feistroli ei gymhlethdodau.<\/p>\n\n\n\n<h3 class=\"wp-block-heading\" id=\"h-1-telugu-alphabet-and-phonetics\">1. Wyddor Telugu a Seineg<\/h3>\n\n\n\n<p>Mae&#8217;r sgript Telugu yn cynnwys 16 llafariad a 36 cytsein, ynghyd ag arwyddion fel anusvara a visarga. Mae&#8217;n abugida, lle mae symbolau cytseiniaid yn cario llafariad cynhenid y gellir ei addasu gan lafariaid diacritics o&#8217;r enw gunintalu. Mae seineg Telugu yn cynnwys cyferbyniadau llafariaid hir-byr clir a set o gytseiniaid retroflex. I ddysgu gramadeg Telugu, mae&#8217;n hanfodol dod yn gyfarwydd \u00e2&#8217;r system ysgrifennu unigryw hon trwy ymarfer darllen ac ysgrifennu yn Telugu.<\/p>\n\n\n\n<h3 class=\"wp-block-heading\" id=\"h-2-sandhi-and-assimilation-a-notable-telugu-feature\">2. Sandhi a Assimilation: Nodwedd Telugu nodedig<\/h3>\n\n\n\n<p>Un o&#8217;r agweddau mwyaf trawiadol ar ramadeg Telugu yw&#8217;r defnydd o sandhi a chymhathu ffonolegol, sy&#8217;n achosi i seiniau newid ar ffiniau geiriau a morffem. Gall llafariaid uno neu ymestyn, a gall cytseiniaid gymhathu neu geminate. Mae deall pryd a sut mae&#8217;r newidiadau hyn yn digwydd, mewn lleferydd ac orgraff, yn hanfodol ar gyfer cyfathrebu cywir yn Telugu.<\/p>\n\n\n\n<h3 class=\"wp-block-heading\" id=\"h-3-nouns-and-pronouns-gender-and-cases\">3. Enwau a rhagenwau: Rhyw ac Achosion<\/h3>\n\n\n\n<p>Nid yw enwau Telugu wedi&#8217;u marcio ar gyfer rhywedd gramadegol yn yr un modd \u00e2 rhai ieithoedd Indo-Ewropeaidd, ond adlewyrchir cytundeb mewn berfau a rhagenwau, sy&#8217;n gwahaniaethu gwrywaidd, benywaidd, a niwtraidd yn y trydydd person. Mae lluosogau yn cael eu ffurfio yn gyffredin gyda&#8217;r \u00f4l-ddodiad -lu, er bod patrymau&#8217;n amrywio yn \u00f4l dosbarth enwau. Mae Telugu yn defnyddio \u00f4l-ddodiadau achos i nodi perthnasoedd, megis cyhuddiad -ni, dative -ki neu -ku, genitive -di neu -yokka, offerynnol -to, locative -lo, ac ablative -nundi. Mae rhagenwau yn cynnwys personol (nenu, nuvvu, meeru, atanu, ame, adi), meddiannol (naa, nee, maa, me), adlewyrchol (tanu mewn gwahanol swyddogaethau), arddangosol (idi, adi, ivvi, avi), a chwestiynol (emi, evaru, \u0113di). Bydd dod yn gyfarwydd \u00e2&#8217;r ffurfiau hyn yn gwella&#8217;n sylweddol eich gafael ar ramadeg Telugu.<\/p>\n\n\n\n<h3 class=\"wp-block-heading\" id=\"h-4-verbs-structure-and-conjugation\">4. Berfau: Strwythur a chyfuniad<\/h3>\n\n\n\n<p>Mae berfau Telugu yn agglutinative ac yn cyfunol ar gyfer person, rhif, ac yn aml rhyw, gyda marcio ychwanegol ar gyfer amser, agwedd, hwyliau, a chwrteisi. Mae amseroedd ac agweddau cyffredin yn cynnwys y gorffennol, y dyfodol, a&#8217;r presennol a ddefnyddir yn eang mewn ffurfiau -tunn-. Mae hwyliau yn cael ei fynegi trwy ffurfiau gorfodol ac amodol, ac mae lefelau cwrteisi wedi&#8217;u marcio \u00e2 diweddglo parchus fel -andi. Bydd dysgu&#8217;r coesau berfol a&#8217;r patrymau cyfuniad yn gwella&#8217;ch gallu i gyfathrebu&#8217;n effeithiol yn Telugu.<\/p>\n\n\n\n<h3 class=\"wp-block-heading\" id=\"h-5-adjectives-agreement-and-placement\">5. Ansoddeiriau: Cytundeb a Lleoliad<\/h3>\n\n\n\n<p>Mewn gramadeg Telugu, mae ansoddeiriau fel arfer yn rhagflaenu&#8217;r enw maen nhw&#8217;n ei addasu ac yn gyffredinol nid ydynt yn newid ffurf ar gyfer rhif neu ryw. Gall ansoddeiriau cyfranogol a rhai ffurfiau benthyg ddangos morffoleg ychwanegol, ac mae cymhariaeth yn aml yn cael ei fynegi&#8217;n ddadansoddol gan ddefnyddio geiriau fel inka am fwy ac atyantha neu ch\u0101la ar gyfer y mwyafrif, gyda chymhariaeth marcio kanna. Mae&#8217;r patrymau hyn yn hanfodol i ddysgu cyfathrebu&#8217;n fwy naturiol.<\/p>\n\n\n\n<p><strong>Enghreifftiau:<\/strong><\/p>\n\n\n\n<p><strong>\u2013 Pedda Prema (Cariad Mawr)<\/strong><\/p>\n\n\n\n<p><strong>\u2013 Chinna Pillalu (Plant Bach)<\/strong><\/p>\n\n\n\n<h3 class=\"wp-block-heading\" id=\"h-6-engaging-with-the-language\">6. Ymgysylltu \u00e2&#8217;r iaith<\/h3>\n\n\n\n<p>Y ffordd fwyaf effeithiol o ddeall a mewnoli gramadeg Telugu yn llawn yw ymgysylltu&#8217;n gyson \u00e2&#8217;r iaith. Trwy ddarllen llenyddiaeth Telugu, gwylio ffilmiau neu gyfresi teledu Telugu, a chyfathrebu&#8217;n weithredol \u00e2 siaradwyr brodorol, byddwch yn atgyfnerthu eich dealltwriaeth o ramadeg wrth ehangu eich geirfa.<\/p>\n\n\n\n<h3 class=\"wp-block-heading\" id=\"h-conclusion\">Casgliad<\/h3>\n\n\n\n<p>Er y gall gramadeg Telugu ymddangos yn gymhleth, gallwch ddod yn hyfedr yn yr iaith hardd hon gydag ymroddiad, ymarfer a brwdfrydedd. Trwy ganolbwyntio ar y rheolau sylfaenol ac ymgysylltu \u00e2&#8217;r iaith ar draws gwahanol gyd-destunau, byddwch yn <a href=\"https:\/\/talkpal.ai\/cy\/gramadeg\/\">gwella&#8217;ch sgiliau gramadeg<\/a> Telugu&#8217;n gyflym. Shubhakankshalu (dymuniadau gorau) gyda&#8217;ch taith iaith Telugu, a mwynhewch ddatgelu byd cyfoethog a hudolus gramadeg Telugu!<\/p>\n<\/div><\/div>\n\r\n<section class=\"learnNavigationSection\">\r\n            \r\n        <a href=\"https:\/\/talkpal.ai\/cy\/dysgu-telugu\/\">\r\n            <div class=\"learnNavigationWrapper\">\r\n                <div class=\"learnNavigationContent\">\r\n                    <img decoding=\"async\" src=\"https:\/\/talkpal.ai\/wp-content\/uploads\/2025\/11\/Telugu.png\" alt=\"Indian Simplified Flag\">\r\n                    <div>\r\n                        <h4>Yngl\u0177n \u00e2 Dysgu Telugu<\/h4>\r\n                        <p>Darganfyddwch bopeth am Ramadeg Telugu.<\/p>\r\n                    <\/div>\r\n                <\/div>\r\n            <\/div>\r\n        <\/a>\r\n\r\n        \r\n        <a href=\"https:\/\/talkpal.ai\/cy\/ymarferion-gramadeg-telugu\/\">\r\n            <div class=\"learnNavigationWrapper\">\r\n                <div class=\"learnNavigationContent\">\r\n                    <img decoding=\"async\" src=\"https:\/\/talkpal.ai\/wp-content\/uploads\/2025\/11\/Telugu.png\" alt=\"Indian Simplified Flag\">\r\n                    <div>\r\n                        <h4>Ymarfer Gramadeg Telugu<\/h4>\r\n                        <p>Ymarfer gramadeg Telugu.<\/p>\r\n                    <\/div>\r\n                <\/div>\r\n            <\/div>\r\n        <\/a>\r\n\r\n            <\/section>","protected":false},"excerpt":{"rendered":"<p>Llywio cymhlethdodau gramadeg Telugu Mae Telugu, iaith Dravidian gyda thraddodiad llenyddol bywiog ac arwyddoc\u00e2d diwylliannol ar draws Andhra Pradesh a Telangana, yn cynnig profiad ieithyddol cyffrous i&#8217;r rhai sy&#8217;n awyddus i archwilio ei system ramadeg unigryw. Wrth i chi fentro i fyd Telugu, byddwch nid yn unig yn cyfoethogi eich repertoire ieithyddol ond hefyd yn [&hellip;]<\/p>\n","protected":false},"author":20,"featured_media":0,"parent":0,"menu_order":0,"comment_status":"closed","ping_status":"closed","template":"LearningContentPage.php","meta":{"_acf_changed":false,"footnotes":""},"class_list":["post-1475222","page","type-page","status-publish","hentry"],"acf":[],"yoast_head":"<!-- This site is optimized with the Yoast SEO Premium plugin v27.2 (Yoast SEO v27.2) - https:\/\/yoast.com\/product\/yoast-seo-premium-wordpress\/ -->\n<title>Gramadeg Telugu - Talkpal<\/title>\n<meta name=\"description\" content=\"Meistroli rheolau gramadeg Telugu gan gynnwys sandhi, achosion, a chydgysylltu berfau gyda&#039;n canllaw cynhwysfawr ac ymarferion rhyngweithiol.\" \/>\n<meta name=\"robots\" content=\"index, follow, max-snippet:-1, max-image-preview:large, max-video-preview:-1\" \/>\n<link rel=\"canonical\" href=\"https:\/\/talkpal.ai\/cy\/gramadeg-telugu\/\" \/>\n<meta property=\"og:locale\" content=\"cy_GB\" \/>\n<meta property=\"og:type\" content=\"article\" \/>\n<meta property=\"og:title\" content=\"Gramadeg Telugu\" \/>\n<meta property=\"og:description\" content=\"Llywio cymhlethdodau gramadeg Telugu Mae Telugu, iaith Dravidian gyda thraddodiad llenyddol bywiog ac arwyddoc\u00e2d diwylliannol ar draws Andhra Pradesh a\" \/>\n<meta property=\"og:url\" content=\"https:\/\/talkpal.ai\/cy\/gramadeg-telugu\/\" \/>\n<meta property=\"og:site_name\" content=\"Talkpal\" \/>\n<meta property=\"article:publisher\" content=\"https:\/\/www.facebook.com\/profile.php?id=100090733639311\" \/>\n<meta property=\"article:modified_time\" content=\"2025-12-30T11:55:21+00:00\" \/>\n<meta property=\"og:image\" content=\"https:\/\/talkpal.ai\/wp-content\/uploads\/2025\/02\/Progress-tab-16_9.png\" \/>\n\t<meta property=\"og:image:width\" content=\"2880\" \/>\n\t<meta property=\"og:image:height\" content=\"1620\" \/>\n\t<meta property=\"og:image:type\" content=\"image\/png\" \/>\n<meta name=\"twitter:card\" content=\"summary_large_image\" \/>\n<meta name=\"twitter:site\" content=\"@talkpalai\" \/>\n<meta name=\"twitter:label1\" content=\"Est. reading time\" \/>\n\t<meta name=\"twitter:data1\" content=\"3 minutes\" \/>\n<script type=\"application\/ld+json\" class=\"yoast-schema-graph\">{\"@context\":\"https:\/\/schema.org\",\"@graph\":[{\"@type\":\"WebPage\",\"@id\":\"https:\/\/talkpal.ai\/cy\/gramadeg-telugu\/\",\"url\":\"https:\/\/talkpal.ai\/cy\/gramadeg-telugu\/\",\"name\":\"Gramadeg Telugu - Talkpal\",\"isPartOf\":{\"@id\":\"https:\/\/talkpal.ai\/cy\/#website\"},\"datePublished\":\"2025-11-12T17:11:45+00:00\",\"dateModified\":\"2025-12-30T11:55:21+00:00\",\"description\":\"Meistroli rheolau gramadeg Telugu gan gynnwys sandhi, achosion, a chydgysylltu berfau gyda'n canllaw cynhwysfawr ac ymarferion rhyngweithiol.\",\"breadcrumb\":{\"@id\":\"https:\/\/talkpal.ai\/cy\/gramadeg-telugu\/#breadcrumb\"},\"inLanguage\":\"cy-GB\",\"potentialAction\":[{\"@type\":\"ReadAction\",\"target\":[\"https:\/\/talkpal.ai\/cy\/gramadeg-telugu\/\"]}]},{\"@type\":\"BreadcrumbList\",\"@id\":\"https:\/\/talkpal.ai\/cy\/gramadeg-telugu\/#breadcrumb\",\"itemListElement\":[{\"@type\":\"ListItem\",\"position\":1,\"name\":\"Homepage\",\"item\":\"https:\/\/talkpal.ai\/cy\/ai-athro-iaith-3\/\"},{\"@type\":\"ListItem\",\"position\":2,\"name\":\"Gramadeg Telugu\"}]},{\"@type\":\"WebSite\",\"@id\":\"https:\/\/talkpal.ai\/cy\/#website\",\"url\":\"https:\/\/talkpal.ai\/cy\/\",\"name\":\"Talkpal\",\"description\":\"AI Language Learning\",\"publisher\":{\"@id\":\"https:\/\/talkpal.ai\/cy\/#organization\"},\"alternateName\":\"Talkpal AI\",\"potentialAction\":[{\"@type\":\"SearchAction\",\"target\":{\"@type\":\"EntryPoint\",\"urlTemplate\":\"https:\/\/talkpal.ai\/cy\/?s={search_term_string}\"},\"query-input\":{\"@type\":\"PropertyValueSpecification\",\"valueRequired\":true,\"valueName\":\"search_term_string\"}}],\"inLanguage\":\"cy-GB\"},{\"@type\":\"Organization\",\"@id\":\"https:\/\/talkpal.ai\/cy\/#organization\",\"name\":\"Talkpal, Inc.\",\"alternateName\":\"Talkpal AI\",\"url\":\"https:\/\/talkpal.ai\/cy\/\",\"logo\":{\"@type\":\"ImageObject\",\"inLanguage\":\"cy-GB\",\"@id\":\"https:\/\/talkpal.ai\/cy\/#\/schema\/logo\/image\/\",\"url\":\"https:\/\/talkpal.ai\/wp-content\/uploads\/2024\/03\/Talkpal-Logo-Icon.png\",\"contentUrl\":\"https:\/\/talkpal.ai\/wp-content\/uploads\/2024\/03\/Talkpal-Logo-Icon.png\",\"width\":2880,\"height\":2880,\"caption\":\"Talkpal, Inc.\"},\"image\":{\"@id\":\"https:\/\/talkpal.ai\/cy\/#\/schema\/logo\/image\/\"},\"sameAs\":[\"https:\/\/www.facebook.com\/profile.php?id=100090733639311\",\"https:\/\/x.com\/talkpalai\",\"https:\/\/www.linkedin.com\/company\/talkpal\/\",\"https:\/\/www.youtube.com\/@TalkPal\/\",\"https:\/\/www.tiktok.com\/@talkpal\",\"https:\/\/www.instagram.com\/talkpal_ai\/\",\"https:\/\/www.crunchbase.com\/organization\/talkpal-9cde\",\"https:\/\/www.g2.com\/products\/talkpal-for-business\/\",\"https:\/\/www.trustpilot.com\/review\/talkpal.ai\",\"https:\/\/www.capterra.com\/p\/10006800\/TalkPal\/\"],\"description\":\"Talkpal is a language learning web and mobile education app, powered by the latest AI technologies, that provides engaging experiences to its customers in many different languages to help them improve their language skills. Users can chat about unlimited amount of topics with the app and use other modes to practice their language learning.\",\"email\":\"support@talkpal.ai\",\"legalName\":\"Talkpal, Inc.\",\"foundingDate\":\"2023-04-03\",\"duns\":\"118989042\",\"numberOfEmployees\":{\"@type\":\"QuantitativeValue\",\"minValue\":\"11\",\"maxValue\":\"50\"},\"publishingPrinciples\":\"https:\/\/talkpal.ai\/publishing-principles\/\",\"actionableFeedbackPolicy\":\"https:\/\/talkpal.ai\/actionable-feedback-policy\/\",\"correctionsPolicy\":\"https:\/\/talkpal.ai\/corrections-policy\/\",\"ethicsPolicy\":\"https:\/\/talkpal.ai\/ethics-policy\/\",\"diversityPolicy\":\"https:\/\/talkpal.ai\/diversity-policy\/\",\"diversityStaffingReport\":\"https:\/\/talkpal.ai\/diversity-policy\/\"}]}<\/script>\n<!-- \/ Yoast SEO Premium plugin. -->","yoast_head_json":{"title":"Gramadeg Telugu - Talkpal","description":"Meistroli rheolau gramadeg Telugu gan gynnwys sandhi, achosion, a chydgysylltu berfau gyda'n canllaw cynhwysfawr ac ymarferion rhyngweithiol.","robots":{"index":"index","follow":"follow","max-snippet":"max-snippet:-1","max-image-preview":"max-image-preview:large","max-video-preview":"max-video-preview:-1"},"canonical":"https:\/\/talkpal.ai\/cy\/gramadeg-telugu\/","og_locale":"cy_GB","og_type":"article","og_title":"Gramadeg Telugu","og_description":"Llywio cymhlethdodau gramadeg Telugu Mae Telugu, iaith Dravidian gyda thraddodiad llenyddol bywiog ac arwyddoc\u00e2d diwylliannol ar draws Andhra Pradesh a","og_url":"https:\/\/talkpal.ai\/cy\/gramadeg-telugu\/","og_site_name":"Talkpal","article_publisher":"https:\/\/www.facebook.com\/profile.php?id=100090733639311","article_modified_time":"2025-12-30T11:55:21+00:00","og_image":[{"width":2880,"height":1620,"url":"https:\/\/talkpal.ai\/wp-content\/uploads\/2025\/02\/Progress-tab-16_9.png","type":"image\/png"}],"twitter_card":"summary_large_image","twitter_site":"@talkpalai","twitter_misc":{"Est. reading time":"3 minutes"},"schema":{"@context":"https:\/\/schema.org","@graph":[{"@type":"WebPage","@id":"https:\/\/talkpal.ai\/cy\/gramadeg-telugu\/","url":"https:\/\/talkpal.ai\/cy\/gramadeg-telugu\/","name":"Gramadeg Telugu - Talkpal","isPartOf":{"@id":"https:\/\/talkpal.ai\/cy\/#website"},"datePublished":"2025-11-12T17:11:45+00:00","dateModified":"2025-12-30T11:55:21+00:00","description":"Meistroli rheolau gramadeg Telugu gan gynnwys sandhi, achosion, a chydgysylltu berfau gyda'n canllaw cynhwysfawr ac ymarferion rhyngweithiol.","breadcrumb":{"@id":"https:\/\/talkpal.ai\/cy\/gramadeg-telugu\/#breadcrumb"},"inLanguage":"cy-GB","potentialAction":[{"@type":"ReadAction","target":["https:\/\/talkpal.ai\/cy\/gramadeg-telugu\/"]}]},{"@type":"BreadcrumbList","@id":"https:\/\/talkpal.ai\/cy\/gramadeg-telugu\/#breadcrumb","itemListElement":[{"@type":"ListItem","position":1,"name":"Homepage","item":"https:\/\/talkpal.ai\/cy\/ai-athro-iaith-3\/"},{"@type":"ListItem","position":2,"name":"Gramadeg Telugu"}]},{"@type":"WebSite","@id":"https:\/\/talkpal.ai\/cy\/#website","url":"https:\/\/talkpal.ai\/cy\/","name":"Talkpal","description":"AI Language Learning","publisher":{"@id":"https:\/\/talkpal.ai\/cy\/#organization"},"alternateName":"Talkpal AI","potentialAction":[{"@type":"SearchAction","target":{"@type":"EntryPoint","urlTemplate":"https:\/\/talkpal.ai\/cy\/?s={search_term_string}"},"query-input":{"@type":"PropertyValueSpecification","valueRequired":true,"valueName":"search_term_string"}}],"inLanguage":"cy-GB"},{"@type":"Organization","@id":"https:\/\/talkpal.ai\/cy\/#organization","name":"Talkpal, Inc.","alternateName":"Talkpal AI","url":"https:\/\/talkpal.ai\/cy\/","logo":{"@type":"ImageObject","inLanguage":"cy-GB","@id":"https:\/\/talkpal.ai\/cy\/#\/schema\/logo\/image\/","url":"https:\/\/talkpal.ai\/wp-content\/uploads\/2024\/03\/Talkpal-Logo-Icon.png","contentUrl":"https:\/\/talkpal.ai\/wp-content\/uploads\/2024\/03\/Talkpal-Logo-Icon.png","width":2880,"height":2880,"caption":"Talkpal, Inc."},"image":{"@id":"https:\/\/talkpal.ai\/cy\/#\/schema\/logo\/image\/"},"sameAs":["https:\/\/www.facebook.com\/profile.php?id=100090733639311","https:\/\/x.com\/talkpalai","https:\/\/www.linkedin.com\/company\/talkpal\/","https:\/\/www.youtube.com\/@TalkPal\/","https:\/\/www.tiktok.com\/@talkpal","https:\/\/www.instagram.com\/talkpal_ai\/","https:\/\/www.crunchbase.com\/organization\/talkpal-9cde","https:\/\/www.g2.com\/products\/talkpal-for-business\/","https:\/\/www.trustpilot.com\/review\/talkpal.ai","https:\/\/www.capterra.com\/p\/10006800\/TalkPal\/"],"description":"Talkpal is a language learning web and mobile education app, powered by the latest AI technologies, that provides engaging experiences to its customers in many different languages to help them improve their language skills. Users can chat about unlimited amount of topics with the app and use other modes to practice their language learning.","email":"support@talkpal.ai","legalName":"Talkpal, Inc.","foundingDate":"2023-04-03","duns":"118989042","numberOfEmployees":{"@type":"QuantitativeValue","minValue":"11","maxValue":"50"},"publishingPrinciples":"https:\/\/talkpal.ai\/publishing-principles\/","actionableFeedbackPolicy":"https:\/\/talkpal.ai\/actionable-feedback-policy\/","correctionsPolicy":"https:\/\/talkpal.ai\/corrections-policy\/","ethicsPolicy":"https:\/\/talkpal.ai\/ethics-policy\/","diversityPolicy":"https:\/\/talkpal.ai\/diversity-policy\/","diversityStaffingReport":"https:\/\/talkpal.ai\/diversity-policy\/"}]}},"_links":{"self":[{"href":"https:\/\/talkpal.ai\/cy\/wp-json\/wp\/v2\/pages\/1475222","targetHints":{"allow":["GET"]}}],"collection":[{"href":"https:\/\/talkpal.ai\/cy\/wp-json\/wp\/v2\/pages"}],"about":[{"href":"https:\/\/talkpal.ai\/cy\/wp-json\/wp\/v2\/types\/page"}],"author":[{"embeddable":true,"href":"https:\/\/talkpal.ai\/cy\/wp-json\/wp\/v2\/users\/20"}],"replies":[{"embeddable":true,"href":"https:\/\/talkpal.ai\/cy\/wp-json\/wp\/v2\/comments?post=1475222"}],"version-history":[{"count":0,"href":"https:\/\/talkpal.ai\/cy\/wp-json\/wp\/v2\/pages\/1475222\/revisions"}],"wp:attachment":[{"href":"https:\/\/talkpal.ai\/cy\/wp-json\/wp\/v2\/media?parent=1475222"}],"curies":[{"name":"wp","href":"https:\/\/api.w.org\/{rel}","templated":true}]}}