{"id":1475190,"date":"2025-11-12T16:44:57","date_gmt":"2025-11-12T16:44:57","guid":{"rendered":"https:\/\/talkpal.ai\/gramadeg-sinhala\/"},"modified":"2025-12-30T11:17:32","modified_gmt":"2025-12-30T11:17:32","slug":"gramadeg-sinhala","status":"publish","type":"page","link":"https:\/\/talkpal.ai\/cy\/gramadeg-sinhala\/","title":{"rendered":"Gramadeg Sinhala"},"content":{"rendered":"\r\n\r\n\r\n<section class=\"languageChallengeSection\">\r\n    <div class=\"languageInfoWrapper\">\r\n        \r\n        <h1>Gramadeg Sinhala<\/h1>\r\n        <p>Efallai y bydd <a href=\"https:\/\/talkpal.ai\/sinhala-grammar\/\">gramadeg Sinhala<\/a> yn ymddangos yn heriol ar y dechrau, ond mae ei nodweddion unigryw yn gwneud dysgu&#039;r iaith yn brofiad gwerth chweil. Trwy archwilio ei wyddor, treigladau, a rheolau gramadeg, byddwch yn cael mewnwelediad i draddodiad ieithyddol cyfoethog. Dechreuwch eich taith a darganfod harddwch <a href=\"https:\/\/talkpal.ai\/learn-sinhala\/\">Sinhala<\/a>!<\/p>\r\n\r\n                            <a class=\"getStartedHidden\" href=\"https:\/\/app.talkpal.ai\/signup?lng=\">Dechrau<\/a>\r\n        \r\n    <\/div>\r\n\r\n    <figure>\r\n    <img decoding=\"async\" width=\"768\" height=\"768\" src=\"https:\/\/talkpal.ai\/wp-content\/uploads\/2023\/06\/welsh-768x768.png\" class=\"languageImage no-lazy\" alt=\"Language learning for better cognitive abilities\" fetchpriority=\"high\" sizes=\"(max-width: 768px) 150px, 768px\" srcset=\"https:\/\/talkpal.ai\/wp-content\/uploads\/2023\/06\/welsh-768x768.png 768w, https:\/\/talkpal.ai\/wp-content\/uploads\/2023\/06\/welsh-300x300.png 300w\" \/>\r\n    \r\n\r\n    <\/figure>\r\n\r\n            <a class=\"getStartedVisible\" href=\"https:\/\/app.talkpal.ai\/signup?lng=\">Dechrau<\/a>\r\n    \r\n<\/section><section class=\"promotionalBanner\">\r\n    <p class=\"promotionalText\">Y ffordd fwyaf effeithlon o ddysgu iaith<\/p>\r\n    <a class=\"promotionalLink\" href=\"https:\/\/app.talkpal.ai\/signup?lng=\">Rhowch gynnig ar Talkpal am ddim<\/a>\r\n<\/section>\n<div class=\"wp-block-group pageContainerStyle\"><div class=\"wp-block-group__inner-container is-layout-constrained wp-block-group-is-layout-constrained\">\n<h2 class=\"wp-block-heading\" id=\"h-navigating-the-intricacies-of-sinhala-grammar\">Llywio cymhlethdodau gramadeg Sinhala<\/h2>\n\n\n\n<p><a href=\"https:\/\/talkpal.ai\/cy\/dysgu-sinhala\/\">Mae Sinhala<\/a>, iaith Indo-Aryan o Sri Lanka gyda hanes cyfoethog ac arwyddoc\u00e2d diwylliannol, yn cynnig profiad ieithyddol cyffrous i&#8217;r rhai sy&#8217;n awyddus i archwilio ei system ramadeg unigryw. Wrth i chi fentro i fyd Sinhala, byddwch nid yn unig yn cyfoethogi eich repertoire ieithyddol ond hefyd yn cofleidio taith ddiwylliannol ddiddorol. Er y gall gramadeg Sinhala ymddangos yn gymhleth ar y dechrau, mae ei rannu&#8217;n gydrannau craidd yn gwneud dysgu&#8217;r iaith yn fwy hygyrch. Yn yr erthygl hon, byddwn yn archwilio byd hudolus gramadeg Sinhala ac yn rhoi awgrymiadau ar sut i feistroli ei gymhlethdodau.<\/p>\n\n\n\n<h3 class=\"wp-block-heading\" id=\"h-1-sinhala-alphabet-and-phonetics\">1. Wyddor a Seineg Sinhala<\/h3>\n\n\n\n<p>Mae&#8217;r system ysgrifennu Sinhala yn abugida gyda&#8217;i set ei hun o gytseiniaid a llafariaid, wedi&#8217;u hysgrifennu o&#8217;r chwith i&#8217;r dde. Mae cytseiniaid yn cario llafariad cynhenid sy&#8217;n cael ei addasu gan diacritics, ac mae&#8217;r sgript yn cynnwys elfennau nodedig fel rakaransaya a yansaya, yn ogystal \u00e2 chytseiniaid prenasalized a retroflex sy&#8217;n unigryw i&#8217;r iaith. I ddysgu gramadeg Sinhala, mae&#8217;n hanfodol dod yn gyfarwydd \u00e2&#8217;r system ysgrifennu unigryw hon trwy ymarfer darllen ac ysgrifennu yn Sinhala.<\/p>\n\n\n\n<h3 class=\"wp-block-heading\" id=\"h-2-mutations-a-peculiar-sinhala-feature\">2. Treigladau: Nodwedd Sinhala Rhyfedd<\/h3>\n\n\n\n<p>Nid yw Sinhala yn defnyddio treigladau cytseiniaid cychwynnol. Yn hytrach, nodwedd nodedig yw sandhi ffonolegol a chymathu, gan gynnwys cyfuno llafariaid a gemination cytseiniaid ar draws ffiniau morffem a geiriau. Byddwch hefyd yn dod ar draws llythrennau cyfunol ac eiliadau systematig mewn Sinhala llafar sy&#8217;n effeithio ar ynganiad a rhythm. Mae deall pryd a sut mae&#8217;r newidiadau sain hyn yn digwydd yn hanfodol ar gyfer cyfathrebu cywir yn Sinhala.<\/p>\n\n\n\n<h3 class=\"wp-block-heading\" id=\"h-3-nouns-and-pronouns-gender-and-cases\">3. Enwau a rhagenwau: Rhyw ac Achosion<\/h3>\n\n\n\n<p>Nid yw enwau Sinhala yn marcio rhywedd gramadegol yn y ffordd y mae llawer o ieithoedd Ewropeaidd yn ei wneud, ond maent yn gwahaniaethu bywiogrwydd ac yn defnyddio gwahanol strategaethau lluosog, megis -l\u0101 ar gyfer animeiddiadau a -val ar gyfer llawer o anfyw. Mynegir perthnasoedd achos gydag \u00f4l-ddodiadau ac \u00f4l-safleoedd, er enghraifft -\u1e6da ar gyfer dativo, -ge ar gyfer genidol, a -in ar gyfer ffwythiannau offerynnol neu ablative. Mae rhagenwau yn Sinhala yn cynnwys ffurfiau personol gyda lefelau o ffurfioldeb a pharch (e.e., mama I, oy\u0101 neu ob\u0101 you), possessives (mage my, ob\u0113 your), reflexives (tamange one&#8217;s own), demonstratives (me this, e that), a interrogatives (kavuda who, mokakda what). Bydd dod yn gyfarwydd \u00e2&#8217;r rhagenwau hyn a&#8217;u ffurfiau yn gwella eich dealltwriaeth o ramadeg Sinhala yn sylweddol.<\/p>\n\n\n\n<h3 class=\"wp-block-heading\" id=\"h-4-verbs-structure-and-conjugation\">4. Berfau: Strwythur a chyfuniad<\/h3>\n\n\n\n<p>Mae Sinhala yn SOV yn bennaf, ac mae berfau yn cyfuno ar gyfer amser a polaredd yn hytrach na pherson neu rif yn yr iaith lafar. Mae amseroedd craidd yn cynnwys presennol-arferol, gorffennol a dyfodol, ochr yn ochr \u00e2 hwyliau amodol a gorfodol. Mae&#8217;r presennol yn cael ei ffurfio&#8217;n gyffredin gyda -nava, mae llawer o ffurfiau&#8217;r gorffennol yn seiliedig ar goesynnau, ac mae negatifau yn cael eu hadeiladu&#8217;n ddadansoddol. Bydd dysgu patrymau cyfuniad berfau a r\u00f4l cyfranogwyr a chynorthwywyr yn gwella eich gallu i gyfathrebu&#8217;n effeithiol yn Sinhala.<\/p>\n\n\n\n<h3 class=\"wp-block-heading\" id=\"h-5-adjectives-agreement-and-placement\">5. Ansoddeiriau: Cytundeb a Lleoliad<\/h3>\n\n\n\n<p>Mewn gramadeg Sinhala, mae ansoddeiriau fel arfer yn rhagflaenu&#8217;r enw maen nhw&#8217;n ei addasu ac nid ydynt yn cytuno o ran rhif neu ryw \u00e2&#8217;r enw. Mae cymhariaethau yn aml yn cael eu ffurfio gyda vada mwy, a superlatives gyda&#8217;r clitic -ma, sy&#8217;n hanfodol i ddysgu cyfathrebu&#8217;n fwy naturiol.<\/p>\n\n\n\n<p><strong>Enghreifftiau:<\/strong><\/p>\n\n\n\n<p><strong>\u2013 Loku Ad\u0101re (Cariad Mawr)<\/strong><\/p>\n\n\n\n<p><strong>&#8211; Podi Lamayi (plant bach)<\/strong><\/p>\n\n\n\n<h3 class=\"wp-block-heading\" id=\"h-6-engaging-with-the-language\">6. Ymgysylltu \u00e2&#8217;r iaith<\/h3>\n\n\n\n<p>Y ffordd fwyaf effeithiol o ddeall a mewnoli gramadeg Sinhala yn llawn yw ymgysylltu&#8217;n gyson \u00e2&#8217;r iaith. Trwy ddarllen llenyddiaeth Sinhala, gwylio ffilmiau neu gyfresi teledu Sinhala, a chyfathrebu&#8217;n weithredol \u00e2 siaradwyr brodorol, byddwch yn atgyfnerthu eich dealltwriaeth o ramadeg wrth ehangu eich geirfa.<\/p>\n\n\n\n<h3 class=\"wp-block-heading\" id=\"h-conclusion\">Casgliad<\/h3>\n\n\n\n<p>Er y gall gramadeg Sinhala ymddangos yn gymhleth, gallwch ddod yn hyfedr yn yr iaith hardd hon gydag ymroddiad, ymarfer a brwdfrydedd. Trwy ganolbwyntio ar y rheolau sylfaenol ac ymgysylltu \u00e2&#8217;r iaith ar draws gwahanol gyd-destunau, byddwch yn <a href=\"https:\/\/talkpal.ai\/cy\/gramadeg\/\">gwella&#8217;ch sgiliau gramadeg<\/a> Sinhala yn gyflym. Subha pathum (pob lwc) gyda&#8217;ch taith iaith Sinhala, a mwynhewch ddatgelu byd enigmatig ond cyfareddol gramadeg Sinhala!<\/p>\n<\/div><\/div>\n\r\n<section class=\"learnNavigationSection\">\r\n            \r\n        <a href=\"https:\/\/talkpal.ai\/cy\/dysgu-sinhala\/\">\r\n            <div class=\"learnNavigationWrapper\">\r\n                <div class=\"learnNavigationContent\">\r\n                    <img decoding=\"async\" src=\"https:\/\/talkpal.ai\/wp-content\/uploads\/2025\/11\/Sinhala.png\" alt=\"Sri Lankan Flag\">\r\n                    <div>\r\n                        <h4>Yngl\u0177n \u00e2 Sinhala Learning<\/h4>\r\n                        <p>Darganfyddwch bopeth am Ramadeg Sinhala.<\/p>\r\n                    <\/div>\r\n                <\/div>\r\n            <\/div>\r\n        <\/a>\r\n\r\n        \r\n        <a href=\"https:\/\/talkpal.ai\/cy\/ymarferion-gramadeg-sinhala\/\">\r\n            <div class=\"learnNavigationWrapper\">\r\n                <div class=\"learnNavigationContent\">\r\n                    <img decoding=\"async\" src=\"https:\/\/talkpal.ai\/wp-content\/uploads\/2025\/11\/Sinhala.png\" alt=\"Sri Lankan Flag\">\r\n                    <div>\r\n                        <h4>Ymarfer Gramadeg Sinhala<\/h4>\r\n                        <p>Ymarfer gramadeg Sinhala.<\/p>\r\n                    <\/div>\r\n                <\/div>\r\n            <\/div>\r\n        <\/a>\r\n\r\n            <\/section>","protected":false},"excerpt":{"rendered":"<p>Llywio cymhlethdodau gramadeg Sinhala Mae Sinhala, iaith Indo-Aryan o Sri Lanka gyda hanes cyfoethog ac arwyddoc\u00e2d diwylliannol, yn cynnig profiad ieithyddol cyffrous i&#8217;r rhai sy&#8217;n awyddus i archwilio ei system ramadeg unigryw. Wrth i chi fentro i fyd Sinhala, byddwch nid yn unig yn cyfoethogi eich repertoire ieithyddol ond hefyd yn cofleidio taith ddiwylliannol ddiddorol. [&hellip;]<\/p>\n","protected":false},"author":20,"featured_media":0,"parent":0,"menu_order":0,"comment_status":"closed","ping_status":"closed","template":"LearningContentPage.php","meta":{"_acf_changed":false,"footnotes":""},"class_list":["post-1475190","page","type-page","status-publish","hentry"],"acf":[],"yoast_head":"<!-- This site is optimized with the Yoast SEO Premium plugin v27.2 (Yoast SEO v27.2) - https:\/\/yoast.com\/product\/yoast-seo-premium-wordpress\/ -->\n<title>Gramadeg Sinhala - Talkpal<\/title>\n<meta name=\"description\" content=\"Meistroli rheolau gramadeg Sinhala a gwella eich rhuglder gyda chanllaw iaith cynhwysfawr a rhyngweithiol Talkpal AI.\" \/>\n<meta name=\"robots\" content=\"index, follow, max-snippet:-1, max-image-preview:large, max-video-preview:-1\" \/>\n<link rel=\"canonical\" href=\"https:\/\/talkpal.ai\/cy\/gramadeg-sinhala\/\" \/>\n<meta property=\"og:locale\" content=\"cy_GB\" \/>\n<meta property=\"og:type\" content=\"article\" \/>\n<meta property=\"og:title\" content=\"Gramadeg Sinhala\" \/>\n<meta property=\"og:description\" content=\"Llywio cymhlethdodau gramadeg Sinhala Mae Sinhala, iaith Indo-Aryan o Sri Lanka gyda hanes cyfoethog ac arwyddoc\u00e2d diwylliannol, yn cynnig profiad\" \/>\n<meta property=\"og:url\" content=\"https:\/\/talkpal.ai\/cy\/gramadeg-sinhala\/\" \/>\n<meta property=\"og:site_name\" content=\"Talkpal\" \/>\n<meta property=\"article:publisher\" content=\"https:\/\/www.facebook.com\/profile.php?id=100090733639311\" \/>\n<meta property=\"article:modified_time\" content=\"2025-12-30T11:17:32+00:00\" \/>\n<meta property=\"og:image\" content=\"https:\/\/talkpal.ai\/wp-content\/uploads\/2025\/02\/Progress-tab-16_9.png\" \/>\n\t<meta property=\"og:image:width\" content=\"2880\" \/>\n\t<meta property=\"og:image:height\" content=\"1620\" \/>\n\t<meta property=\"og:image:type\" content=\"image\/png\" \/>\n<meta name=\"twitter:card\" content=\"summary_large_image\" \/>\n<meta name=\"twitter:site\" content=\"@talkpalai\" \/>\n<meta name=\"twitter:label1\" content=\"Est. reading time\" \/>\n\t<meta name=\"twitter:data1\" content=\"3 minutes\" \/>\n<script type=\"application\/ld+json\" class=\"yoast-schema-graph\">{\"@context\":\"https:\/\/schema.org\",\"@graph\":[{\"@type\":\"WebPage\",\"@id\":\"https:\/\/talkpal.ai\/cy\/gramadeg-sinhala\/\",\"url\":\"https:\/\/talkpal.ai\/cy\/gramadeg-sinhala\/\",\"name\":\"Gramadeg Sinhala - Talkpal\",\"isPartOf\":{\"@id\":\"https:\/\/talkpal.ai\/cy\/#website\"},\"datePublished\":\"2025-11-12T16:44:57+00:00\",\"dateModified\":\"2025-12-30T11:17:32+00:00\",\"description\":\"Meistroli rheolau gramadeg Sinhala a gwella eich rhuglder gyda chanllaw iaith cynhwysfawr a rhyngweithiol Talkpal AI.\",\"breadcrumb\":{\"@id\":\"https:\/\/talkpal.ai\/cy\/gramadeg-sinhala\/#breadcrumb\"},\"inLanguage\":\"cy-GB\",\"potentialAction\":[{\"@type\":\"ReadAction\",\"target\":[\"https:\/\/talkpal.ai\/cy\/gramadeg-sinhala\/\"]}]},{\"@type\":\"BreadcrumbList\",\"@id\":\"https:\/\/talkpal.ai\/cy\/gramadeg-sinhala\/#breadcrumb\",\"itemListElement\":[{\"@type\":\"ListItem\",\"position\":1,\"name\":\"Homepage\",\"item\":\"https:\/\/talkpal.ai\/cy\/ai-athro-iaith-3\/\"},{\"@type\":\"ListItem\",\"position\":2,\"name\":\"Gramadeg Sinhala\"}]},{\"@type\":\"WebSite\",\"@id\":\"https:\/\/talkpal.ai\/cy\/#website\",\"url\":\"https:\/\/talkpal.ai\/cy\/\",\"name\":\"Talkpal\",\"description\":\"AI Language Learning\",\"publisher\":{\"@id\":\"https:\/\/talkpal.ai\/cy\/#organization\"},\"alternateName\":\"Talkpal AI\",\"potentialAction\":[{\"@type\":\"SearchAction\",\"target\":{\"@type\":\"EntryPoint\",\"urlTemplate\":\"https:\/\/talkpal.ai\/cy\/?s={search_term_string}\"},\"query-input\":{\"@type\":\"PropertyValueSpecification\",\"valueRequired\":true,\"valueName\":\"search_term_string\"}}],\"inLanguage\":\"cy-GB\"},{\"@type\":\"Organization\",\"@id\":\"https:\/\/talkpal.ai\/cy\/#organization\",\"name\":\"Talkpal, Inc.\",\"alternateName\":\"Talkpal AI\",\"url\":\"https:\/\/talkpal.ai\/cy\/\",\"logo\":{\"@type\":\"ImageObject\",\"inLanguage\":\"cy-GB\",\"@id\":\"https:\/\/talkpal.ai\/cy\/#\/schema\/logo\/image\/\",\"url\":\"https:\/\/talkpal.ai\/wp-content\/uploads\/2024\/03\/Talkpal-Logo-Icon.png\",\"contentUrl\":\"https:\/\/talkpal.ai\/wp-content\/uploads\/2024\/03\/Talkpal-Logo-Icon.png\",\"width\":2880,\"height\":2880,\"caption\":\"Talkpal, Inc.\"},\"image\":{\"@id\":\"https:\/\/talkpal.ai\/cy\/#\/schema\/logo\/image\/\"},\"sameAs\":[\"https:\/\/www.facebook.com\/profile.php?id=100090733639311\",\"https:\/\/x.com\/talkpalai\",\"https:\/\/www.linkedin.com\/company\/talkpal\/\",\"https:\/\/www.youtube.com\/@TalkPal\/\",\"https:\/\/www.tiktok.com\/@talkpal\",\"https:\/\/www.instagram.com\/talkpal_ai\/\",\"https:\/\/www.crunchbase.com\/organization\/talkpal-9cde\",\"https:\/\/www.g2.com\/products\/talkpal-for-business\/\",\"https:\/\/www.trustpilot.com\/review\/talkpal.ai\",\"https:\/\/www.capterra.com\/p\/10006800\/TalkPal\/\"],\"description\":\"Talkpal is a language learning web and mobile education app, powered by the latest AI technologies, that provides engaging experiences to its customers in many different languages to help them improve their language skills. Users can chat about unlimited amount of topics with the app and use other modes to practice their language learning.\",\"email\":\"support@talkpal.ai\",\"legalName\":\"Talkpal, Inc.\",\"foundingDate\":\"2023-04-03\",\"duns\":\"118989042\",\"numberOfEmployees\":{\"@type\":\"QuantitativeValue\",\"minValue\":\"11\",\"maxValue\":\"50\"},\"publishingPrinciples\":\"https:\/\/talkpal.ai\/publishing-principles\/\",\"actionableFeedbackPolicy\":\"https:\/\/talkpal.ai\/actionable-feedback-policy\/\",\"correctionsPolicy\":\"https:\/\/talkpal.ai\/corrections-policy\/\",\"ethicsPolicy\":\"https:\/\/talkpal.ai\/ethics-policy\/\",\"diversityPolicy\":\"https:\/\/talkpal.ai\/diversity-policy\/\",\"diversityStaffingReport\":\"https:\/\/talkpal.ai\/diversity-policy\/\"}]}<\/script>\n<!-- \/ Yoast SEO Premium plugin. -->","yoast_head_json":{"title":"Gramadeg Sinhala - Talkpal","description":"Meistroli rheolau gramadeg Sinhala a gwella eich rhuglder gyda chanllaw iaith cynhwysfawr a rhyngweithiol Talkpal AI.","robots":{"index":"index","follow":"follow","max-snippet":"max-snippet:-1","max-image-preview":"max-image-preview:large","max-video-preview":"max-video-preview:-1"},"canonical":"https:\/\/talkpal.ai\/cy\/gramadeg-sinhala\/","og_locale":"cy_GB","og_type":"article","og_title":"Gramadeg Sinhala","og_description":"Llywio cymhlethdodau gramadeg Sinhala Mae Sinhala, iaith Indo-Aryan o Sri Lanka gyda hanes cyfoethog ac arwyddoc\u00e2d diwylliannol, yn cynnig profiad","og_url":"https:\/\/talkpal.ai\/cy\/gramadeg-sinhala\/","og_site_name":"Talkpal","article_publisher":"https:\/\/www.facebook.com\/profile.php?id=100090733639311","article_modified_time":"2025-12-30T11:17:32+00:00","og_image":[{"width":2880,"height":1620,"url":"https:\/\/talkpal.ai\/wp-content\/uploads\/2025\/02\/Progress-tab-16_9.png","type":"image\/png"}],"twitter_card":"summary_large_image","twitter_site":"@talkpalai","twitter_misc":{"Est. reading time":"3 minutes"},"schema":{"@context":"https:\/\/schema.org","@graph":[{"@type":"WebPage","@id":"https:\/\/talkpal.ai\/cy\/gramadeg-sinhala\/","url":"https:\/\/talkpal.ai\/cy\/gramadeg-sinhala\/","name":"Gramadeg Sinhala - Talkpal","isPartOf":{"@id":"https:\/\/talkpal.ai\/cy\/#website"},"datePublished":"2025-11-12T16:44:57+00:00","dateModified":"2025-12-30T11:17:32+00:00","description":"Meistroli rheolau gramadeg Sinhala a gwella eich rhuglder gyda chanllaw iaith cynhwysfawr a rhyngweithiol Talkpal AI.","breadcrumb":{"@id":"https:\/\/talkpal.ai\/cy\/gramadeg-sinhala\/#breadcrumb"},"inLanguage":"cy-GB","potentialAction":[{"@type":"ReadAction","target":["https:\/\/talkpal.ai\/cy\/gramadeg-sinhala\/"]}]},{"@type":"BreadcrumbList","@id":"https:\/\/talkpal.ai\/cy\/gramadeg-sinhala\/#breadcrumb","itemListElement":[{"@type":"ListItem","position":1,"name":"Homepage","item":"https:\/\/talkpal.ai\/cy\/ai-athro-iaith-3\/"},{"@type":"ListItem","position":2,"name":"Gramadeg Sinhala"}]},{"@type":"WebSite","@id":"https:\/\/talkpal.ai\/cy\/#website","url":"https:\/\/talkpal.ai\/cy\/","name":"Talkpal","description":"AI Language Learning","publisher":{"@id":"https:\/\/talkpal.ai\/cy\/#organization"},"alternateName":"Talkpal AI","potentialAction":[{"@type":"SearchAction","target":{"@type":"EntryPoint","urlTemplate":"https:\/\/talkpal.ai\/cy\/?s={search_term_string}"},"query-input":{"@type":"PropertyValueSpecification","valueRequired":true,"valueName":"search_term_string"}}],"inLanguage":"cy-GB"},{"@type":"Organization","@id":"https:\/\/talkpal.ai\/cy\/#organization","name":"Talkpal, Inc.","alternateName":"Talkpal AI","url":"https:\/\/talkpal.ai\/cy\/","logo":{"@type":"ImageObject","inLanguage":"cy-GB","@id":"https:\/\/talkpal.ai\/cy\/#\/schema\/logo\/image\/","url":"https:\/\/talkpal.ai\/wp-content\/uploads\/2024\/03\/Talkpal-Logo-Icon.png","contentUrl":"https:\/\/talkpal.ai\/wp-content\/uploads\/2024\/03\/Talkpal-Logo-Icon.png","width":2880,"height":2880,"caption":"Talkpal, Inc."},"image":{"@id":"https:\/\/talkpal.ai\/cy\/#\/schema\/logo\/image\/"},"sameAs":["https:\/\/www.facebook.com\/profile.php?id=100090733639311","https:\/\/x.com\/talkpalai","https:\/\/www.linkedin.com\/company\/talkpal\/","https:\/\/www.youtube.com\/@TalkPal\/","https:\/\/www.tiktok.com\/@talkpal","https:\/\/www.instagram.com\/talkpal_ai\/","https:\/\/www.crunchbase.com\/organization\/talkpal-9cde","https:\/\/www.g2.com\/products\/talkpal-for-business\/","https:\/\/www.trustpilot.com\/review\/talkpal.ai","https:\/\/www.capterra.com\/p\/10006800\/TalkPal\/"],"description":"Talkpal is a language learning web and mobile education app, powered by the latest AI technologies, that provides engaging experiences to its customers in many different languages to help them improve their language skills. Users can chat about unlimited amount of topics with the app and use other modes to practice their language learning.","email":"support@talkpal.ai","legalName":"Talkpal, Inc.","foundingDate":"2023-04-03","duns":"118989042","numberOfEmployees":{"@type":"QuantitativeValue","minValue":"11","maxValue":"50"},"publishingPrinciples":"https:\/\/talkpal.ai\/publishing-principles\/","actionableFeedbackPolicy":"https:\/\/talkpal.ai\/actionable-feedback-policy\/","correctionsPolicy":"https:\/\/talkpal.ai\/corrections-policy\/","ethicsPolicy":"https:\/\/talkpal.ai\/ethics-policy\/","diversityPolicy":"https:\/\/talkpal.ai\/diversity-policy\/","diversityStaffingReport":"https:\/\/talkpal.ai\/diversity-policy\/"}]}},"_links":{"self":[{"href":"https:\/\/talkpal.ai\/cy\/wp-json\/wp\/v2\/pages\/1475190","targetHints":{"allow":["GET"]}}],"collection":[{"href":"https:\/\/talkpal.ai\/cy\/wp-json\/wp\/v2\/pages"}],"about":[{"href":"https:\/\/talkpal.ai\/cy\/wp-json\/wp\/v2\/types\/page"}],"author":[{"embeddable":true,"href":"https:\/\/talkpal.ai\/cy\/wp-json\/wp\/v2\/users\/20"}],"replies":[{"embeddable":true,"href":"https:\/\/talkpal.ai\/cy\/wp-json\/wp\/v2\/comments?post=1475190"}],"version-history":[{"count":0,"href":"https:\/\/talkpal.ai\/cy\/wp-json\/wp\/v2\/pages\/1475190\/revisions"}],"wp:attachment":[{"href":"https:\/\/talkpal.ai\/cy\/wp-json\/wp\/v2\/media?parent=1475190"}],"curies":[{"name":"wp","href":"https:\/\/api.w.org\/{rel}","templated":true}]}}