{"id":1475173,"date":"2025-11-12T16:31:52","date_gmt":"2025-11-12T16:31:52","guid":{"rendered":"https:\/\/talkpal.ai\/gramadeg-pwnjabeg\/"},"modified":"2025-12-30T11:41:15","modified_gmt":"2025-12-30T11:41:15","slug":"gramadeg-pwnjabeg","status":"publish","type":"page","link":"https:\/\/talkpal.ai\/cy\/gramadeg-pwnjabeg\/","title":{"rendered":"Gramadeg Pwnjabeg"},"content":{"rendered":"\r\n\r\n\r\n<section class=\"languageChallengeSection\">\r\n    <div class=\"languageInfoWrapper\">\r\n        \r\n        <h1>Gramadeg Pwnjabeg<\/h1>\r\n        <p>Efallai y bydd <a href=\"https:\/\/talkpal.ai\/punjabi-grammar\/\">gramadeg Punjabi<\/a> yn ymddangos yn heriol ar y dechrau, ond mae ei nodweddion unigryw yn gwneud dysgu&#039;r iaith yn brofiad gwerth chweil. Trwy archwilio ei wyddor, treigladau, a rheolau gramadeg, byddwch yn cael mewnwelediad i draddodiad ieithyddol cyfoethog. Dechreuwch eich taith a darganfod harddwch <a href=\"https:\/\/talkpal.ai\/learn-punjabi\/\">Punjabi<\/a>!<\/p>\r\n\r\n                            <a class=\"getStartedHidden\" href=\"https:\/\/app.talkpal.ai\/signup?lng=\">Dechrau<\/a>\r\n        \r\n    <\/div>\r\n\r\n    <figure>\r\n    <img decoding=\"async\" width=\"768\" height=\"768\" src=\"https:\/\/talkpal.ai\/wp-content\/uploads\/2023\/06\/welsh-768x768.png\" class=\"languageImage no-lazy\" alt=\"Language learning for better cognitive abilities\" fetchpriority=\"high\" sizes=\"(max-width: 768px) 150px, 768px\" srcset=\"https:\/\/talkpal.ai\/wp-content\/uploads\/2023\/06\/welsh-768x768.png 768w, https:\/\/talkpal.ai\/wp-content\/uploads\/2023\/06\/welsh-300x300.png 300w\" \/>\r\n    \r\n\r\n    <\/figure>\r\n\r\n            <a class=\"getStartedVisible\" href=\"https:\/\/app.talkpal.ai\/signup?lng=\">Dechrau<\/a>\r\n    \r\n<\/section><section class=\"promotionalBanner\">\r\n    <p class=\"promotionalText\">Y ffordd fwyaf effeithlon o ddysgu iaith<\/p>\r\n    <a class=\"promotionalLink\" href=\"https:\/\/app.talkpal.ai\/signup?lng=\">Rhowch gynnig ar Talkpal am ddim<\/a>\r\n<\/section>\n<div class=\"wp-block-group pageContainerStyle\"><div class=\"wp-block-group__inner-container is-layout-constrained wp-block-group-is-layout-constrained\">\n<h2 class=\"wp-block-heading\" id=\"h-navigating-the-intricacies-of-punjabi-grammar\">Llywio cymhlethdodau gramadeg Punjabi<\/h2>\n\n\n\n<p><a href=\"https:\/\/talkpal.ai\/cy\/dysgu-pwnjabeg\/\">Mae Punjabi<\/a>, iaith Indo-Aryan gyda hanes cyfoethog ac arwyddoc\u00e2d diwylliannol, yn cynnig profiad ieithyddol cyffrous i&#8217;r rhai sy&#8217;n awyddus i archwilio ei system ramadeg unigryw. Wrth i chi fentro i fyd Punjabi, byddwch nid yn unig yn cyfoethogi eich repertoire ieithyddol ond hefyd yn cofleidio taith ddiwylliannol ddiddorol. Er y gall gramadeg Punjabi ymddangos yn gymhleth ar y dechrau, mae ei rannu&#8217;n elfennau craidd yn gwneud dysgu&#8217;r iaith yn fwy hygyrch. Yn yr erthygl hon, byddwn yn archwilio byd cyfareddol gramadeg Punjabi ac yn rhoi awgrymiadau ar sut i feistroli ei gymhlethdodau.<\/p>\n\n\n\n<h3 class=\"wp-block-heading\" id=\"h-1-punjabi-alphabet-and-phonetics\">1. Wyddor a Seineg Punjabi<\/h3>\n\n\n\n<p>Mae&#8217;r system ysgrifennu Pwnjabeg yn defnyddio&#8217;r sgript Gurmukhi yn bennaf, sy&#8217;n cynnwys llafariaid annibynnol, cytseiniaid, arwyddion llafariaid o&#8217;r enw matras, marciau nasalization fel bind\u012b a \u1e6dipp\u012b, a&#8217;r addhak sy&#8217;n dynodi dyblu cytseiniau. Mae Punjabi hefyd wedi&#8217;i ysgrifennu yn y sgript Shahmukhi ym Mhacistan. I ddysgu gramadeg Punjabi, mae&#8217;n hanfodol dod yn gyfarwydd \u00e2 Gurmukhi trwy ymarfer darllen ac ysgrifennu yn Punjabi.<\/p>\n\n\n\n<h3 class=\"wp-block-heading\" id=\"h-2-tones-a-distinctive-punjabi-feature\">2. Tones: Nodwedd Punjabi Nodweddiadol<\/h3>\n\n\n\n<p>Un o&#8217;r agweddau mwyaf trawiadol ar Punjabi yw ei ddefnydd o d\u00f4n, sy&#8217;n gallu newid ystyr geiriau. Disgrifir Punjabi yn gyffredin fel un sydd \u00e2 thri th\u00f4n, ac maent yn aml yn gysylltiedig \u00e2 newidiadau sain hanesyddol nad ydynt wedi&#8217;u marcio&#8217;n uniongyrchol mewn sillafu modern. Mae deall sut mae t\u00f4n yn gweithredu ac ymarfer ynganiad cywir yn hanfodol ar gyfer cyfathrebu clir a chywir yn Punjabi.<\/p>\n\n\n\n<h3 class=\"wp-block-heading\" id=\"h-3-nouns-and-pronouns-gender-and-cases\">3. Enwau a rhagenwau: Rhyw ac Achosion<\/h3>\n\n\n\n<p>Mae gan enwau Punjabi rywedd gramadegol, gwrywaidd neu fenywaidd, ac mae lluosogau yn dilyn patrymau sy&#8217;n amrywio yn \u00f4l math o enw. Mae llawer o enwau gwrywaidd yn ffurfio lluosog yn -e a llawer o enwau benywaidd yn -\u0101\u1e41, er bod afreoleidd-dra. Mae Punjabi yn defnyddio achos oblique cyn postpositions, sy&#8217;n dilyn yr enw neu&#8217;r rhagenw. Mae rhagenwau yn cynnwys setiau personol, meddiannol, adfyfyriol, arddangosol a chwestiynol, fel \u0a2e\u0a48\u0a02, \u0a24\u0a42\u0a70, \u0a09\u0a39, \u0a2e\u0a47\u0a30\u0a3e, \u0a06\u0a2a\u0a23\u0a3e, \u0a07\u0a39, \u0a09\u0a39, \u0a15\u0a4c\u0a23, a \u0a15\u0a40. Bydd dod yn gyfarwydd \u00e2&#8217;r rhagenwau hyn a&#8217;u ffurfiau yn gwella&#8217;n sylweddol eich gafael ar ramadeg Punjabi.<\/p>\n\n\n\n<h3 class=\"wp-block-heading\" id=\"h-4-verbs-structure-and-conjugation\">4. Berfau: Strwythur a chyfuniad<\/h3>\n\n\n\n<p>Mae berfau Pwnjabeg yn dangos agwedd a chytundeb ac fel arfer yn defnyddio cyfranogwyr ynghyd \u00e2&#8217;r ferf ategol \u0a39\u0a4b\u0a23\u0a3e i fynegi amser a hwyliau. Mae gwahaniaethau craidd yn cynnwys presennol arferol, gorffennol perffeithiol, a dyfodol, ynghyd \u00e2 hwyliau amodol a gorfodol. Mae cytundeb yn aml yn dibynnu ar ryw a rhif, ac mewn llawer o gymalau trosiannol perffaith mae Punjabi yn nodi&#8217;r pwnc gyda \u0a28\u0a47 tra bod y ferf yn cytuno \u00e2&#8217;r gwrthrych. Bydd dysgu&#8217;r prif batrymau cyfuniad a&#8217;r defnydd ategol yn gwella eich gallu i gyfathrebu&#8217;n effeithiol yn Punjabi.<\/p>\n\n\n\n<h3 class=\"wp-block-heading\" id=\"h-5-adjectives-agreement-and-placement\">5. Ansoddeiriau: Cytundeb a Lleoliad<\/h3>\n\n\n\n<p>Mewn gramadeg Punjabi, mae ansoddeiriau fel arfer yn rhagflaenu&#8217;r enw maen nhw&#8217;n ei addasu ac, pan gaiff ei farcio, maent yn cytuno mewn rhyw a rhif \u00e2&#8217;r enw. Mae llawer o ansoddeiriau yn ddigyfnewidiol, ond mae ansoddeiriau disgrifiadol cyffredin yn dangos ffurfiau gwrywaidd, benywaidd a lluosog. Mae ystyron cymharol a rhagorol yn aml yn cael eu ffurfio&#8217;n ddadansoddol gyda \u0a39\u0a4b\u0a30 ar gyfer mwy a \u0a38\u0a2d \u0a24\u0a4b\u0a02 i&#8217;r mwyafrif.<\/p>\n\n\n\n<p><strong>Enghreifftiau:<\/strong><\/p>\n\n\n\n<p><strong>&#8211; \u0a35\u0a71\u0a21\u0a3e \u0a2a\u0a3f\u0a06\u0a30 (cariad mawr)<\/strong><\/p>\n\n\n\n<p><strong>&#8211; \u0a1b\u0a4b\u0a1f\u0a47 \u0a2c\u0a71\u0a1a\u0a47 (plant bach)<\/strong><\/p>\n\n\n\n<h3 class=\"wp-block-heading\" id=\"h-6-engaging-with-the-language\">6. Ymgysylltu \u00e2&#8217;r iaith<\/h3>\n\n\n\n<p>Y ffordd fwyaf effeithiol o ddeall a mewnoli gramadeg Punjabi yn llawn yw ymgysylltu&#8217;n gyson \u00e2&#8217;r iaith. Trwy ddarllen llenyddiaeth Punjabi, gwylio ffilmiau neu gyfresi teledu Punjabi, gwrando ar gerddoriaeth a barddoniaeth, a chyfathrebu&#8217;n weithredol \u00e2 siaradwyr brodorol, byddwch yn atgyfnerthu eich dealltwriaeth o ramadeg wrth ehangu eich geirfa.<\/p>\n\n\n\n<h3 class=\"wp-block-heading\" id=\"h-conclusion\">Casgliad<\/h3>\n\n\n\n<p>Er y gall gramadeg Punjabi ymddangos yn gymhleth, gallwch ddod yn hyfedr yn yr iaith hardd hon gydag ymroddiad, ymarfer a brwdfrydedd. Trwy ganolbwyntio ar y rheolau sylfaenol ac ymgysylltu \u00e2&#8217;r iaith ar draws gwahanol gyd-destunau, byddwch yn <a href=\"https:\/\/talkpal.ai\/cy\/gramadeg\/\">gwella&#8217;ch sgiliau gramadeg<\/a> Punjabi yn gyflym. \u0a38\u0a3c\u0a41\u0a2d \u0a15\u0a3e\u0a2e\u0a28\u0a3e\u0a35\u0a3e\u0a02 (pob lwc) gyda&#8217;ch taith iaith Punjabi, a mwynhewch ddatgelu byd deinamig a hudolus gramadeg Punjabi!<\/p>\n<\/div><\/div>\n\r\n<section class=\"learnNavigationSection\">\r\n            \r\n        <a href=\"https:\/\/talkpal.ai\/cy\/dysgu-pwnjabeg\/\">\r\n            <div class=\"learnNavigationWrapper\">\r\n                <div class=\"learnNavigationContent\">\r\n                    <img decoding=\"async\" src=\"https:\/\/talkpal.ai\/wp-content\/uploads\/2025\/11\/Punjabi.png\" alt=\"Indian Simplified Flag\">\r\n                    <div>\r\n                        <h4>Yngl\u0177n \u00e2 Dysgu Pwnjabeg<\/h4>\r\n                        <p>Darganfyddwch bopeth am Ramadeg Punjabi.<\/p>\r\n                    <\/div>\r\n                <\/div>\r\n            <\/div>\r\n        <\/a>\r\n\r\n        \r\n        <a href=\"https:\/\/talkpal.ai\/cy\/ymarferion-gramadeg-punjabi\/\">\r\n            <div class=\"learnNavigationWrapper\">\r\n                <div class=\"learnNavigationContent\">\r\n                    <img decoding=\"async\" src=\"https:\/\/talkpal.ai\/wp-content\/uploads\/2025\/11\/Punjabi.png\" alt=\"Indian Simplified Flag\">\r\n                    <div>\r\n                        <h4>Ymarfer Gramadeg Pwnjabeg<\/h4>\r\n                        <p>Ymarfer gramadeg Punjabi.<\/p>\r\n                    <\/div>\r\n                <\/div>\r\n            <\/div>\r\n        <\/a>\r\n\r\n            <\/section>","protected":false},"excerpt":{"rendered":"<p>Llywio cymhlethdodau gramadeg Punjabi Mae Punjabi, iaith Indo-Aryan gyda hanes cyfoethog ac arwyddoc\u00e2d diwylliannol, yn cynnig profiad ieithyddol cyffrous i&#8217;r rhai sy&#8217;n awyddus i archwilio ei system ramadeg unigryw. Wrth i chi fentro i fyd Punjabi, byddwch nid yn unig yn cyfoethogi eich repertoire ieithyddol ond hefyd yn cofleidio taith ddiwylliannol ddiddorol. Er y gall [&hellip;]<\/p>\n","protected":false},"author":20,"featured_media":0,"parent":0,"menu_order":0,"comment_status":"closed","ping_status":"closed","template":"LearningContentPage.php","meta":{"_acf_changed":false,"footnotes":""},"class_list":["post-1475173","page","type-page","status-publish","hentry"],"acf":[],"yoast_head":"<!-- This site is optimized with the Yoast SEO Premium plugin v27.2 (Yoast SEO v27.2) - https:\/\/yoast.com\/product\/yoast-seo-premium-wordpress\/ -->\n<title>Gramadeg Pwnjabeg - Talkpal<\/title>\n<meta name=\"description\" content=\"Meistrolwch hanfodion gramadeg Punjabi gyda&#039;n canllaw cynhwysfawr i wella&#039;ch rhuglder iaith heddiw.\" \/>\n<meta name=\"robots\" content=\"index, follow, max-snippet:-1, max-image-preview:large, max-video-preview:-1\" \/>\n<link rel=\"canonical\" href=\"https:\/\/talkpal.ai\/cy\/gramadeg-pwnjabeg\/\" \/>\n<meta property=\"og:locale\" content=\"cy_GB\" \/>\n<meta property=\"og:type\" content=\"article\" \/>\n<meta property=\"og:title\" content=\"Gramadeg Pwnjabeg\" \/>\n<meta property=\"og:description\" content=\"Llywio cymhlethdodau gramadeg Punjabi Mae Punjabi, iaith Indo-Aryan gyda hanes cyfoethog ac arwyddoc\u00e2d diwylliannol, yn cynnig profiad ieithyddol cyffrous\" \/>\n<meta property=\"og:url\" content=\"https:\/\/talkpal.ai\/cy\/gramadeg-pwnjabeg\/\" \/>\n<meta property=\"og:site_name\" content=\"Talkpal\" \/>\n<meta property=\"article:publisher\" content=\"https:\/\/www.facebook.com\/profile.php?id=100090733639311\" \/>\n<meta property=\"article:modified_time\" content=\"2025-12-30T11:41:15+00:00\" \/>\n<meta property=\"og:image\" content=\"https:\/\/talkpal.ai\/wp-content\/uploads\/2025\/02\/Progress-tab-16_9.png\" \/>\n\t<meta property=\"og:image:width\" content=\"2880\" \/>\n\t<meta property=\"og:image:height\" content=\"1620\" \/>\n\t<meta property=\"og:image:type\" content=\"image\/png\" \/>\n<meta name=\"twitter:card\" content=\"summary_large_image\" \/>\n<meta name=\"twitter:site\" content=\"@talkpalai\" \/>\n<meta name=\"twitter:label1\" content=\"Est. reading time\" \/>\n\t<meta name=\"twitter:data1\" content=\"3 minutes\" \/>\n<script type=\"application\/ld+json\" class=\"yoast-schema-graph\">{\"@context\":\"https:\/\/schema.org\",\"@graph\":[{\"@type\":\"WebPage\",\"@id\":\"https:\/\/talkpal.ai\/cy\/gramadeg-pwnjabeg\/\",\"url\":\"https:\/\/talkpal.ai\/cy\/gramadeg-pwnjabeg\/\",\"name\":\"Gramadeg Pwnjabeg - Talkpal\",\"isPartOf\":{\"@id\":\"https:\/\/talkpal.ai\/cy\/#website\"},\"datePublished\":\"2025-11-12T16:31:52+00:00\",\"dateModified\":\"2025-12-30T11:41:15+00:00\",\"description\":\"Meistrolwch hanfodion gramadeg Punjabi gyda'n canllaw cynhwysfawr i wella'ch rhuglder iaith heddiw.\",\"breadcrumb\":{\"@id\":\"https:\/\/talkpal.ai\/cy\/gramadeg-pwnjabeg\/#breadcrumb\"},\"inLanguage\":\"cy-GB\",\"potentialAction\":[{\"@type\":\"ReadAction\",\"target\":[\"https:\/\/talkpal.ai\/cy\/gramadeg-pwnjabeg\/\"]}]},{\"@type\":\"BreadcrumbList\",\"@id\":\"https:\/\/talkpal.ai\/cy\/gramadeg-pwnjabeg\/#breadcrumb\",\"itemListElement\":[{\"@type\":\"ListItem\",\"position\":1,\"name\":\"Homepage\",\"item\":\"https:\/\/talkpal.ai\/cy\/ai-athro-iaith-3\/\"},{\"@type\":\"ListItem\",\"position\":2,\"name\":\"Gramadeg Pwnjabeg\"}]},{\"@type\":\"WebSite\",\"@id\":\"https:\/\/talkpal.ai\/cy\/#website\",\"url\":\"https:\/\/talkpal.ai\/cy\/\",\"name\":\"Talkpal\",\"description\":\"AI Language Learning\",\"publisher\":{\"@id\":\"https:\/\/talkpal.ai\/cy\/#organization\"},\"alternateName\":\"Talkpal AI\",\"potentialAction\":[{\"@type\":\"SearchAction\",\"target\":{\"@type\":\"EntryPoint\",\"urlTemplate\":\"https:\/\/talkpal.ai\/cy\/?s={search_term_string}\"},\"query-input\":{\"@type\":\"PropertyValueSpecification\",\"valueRequired\":true,\"valueName\":\"search_term_string\"}}],\"inLanguage\":\"cy-GB\"},{\"@type\":\"Organization\",\"@id\":\"https:\/\/talkpal.ai\/cy\/#organization\",\"name\":\"Talkpal, Inc.\",\"alternateName\":\"Talkpal AI\",\"url\":\"https:\/\/talkpal.ai\/cy\/\",\"logo\":{\"@type\":\"ImageObject\",\"inLanguage\":\"cy-GB\",\"@id\":\"https:\/\/talkpal.ai\/cy\/#\/schema\/logo\/image\/\",\"url\":\"https:\/\/talkpal.ai\/wp-content\/uploads\/2024\/03\/Talkpal-Logo-Icon.png\",\"contentUrl\":\"https:\/\/talkpal.ai\/wp-content\/uploads\/2024\/03\/Talkpal-Logo-Icon.png\",\"width\":2880,\"height\":2880,\"caption\":\"Talkpal, Inc.\"},\"image\":{\"@id\":\"https:\/\/talkpal.ai\/cy\/#\/schema\/logo\/image\/\"},\"sameAs\":[\"https:\/\/www.facebook.com\/profile.php?id=100090733639311\",\"https:\/\/x.com\/talkpalai\",\"https:\/\/www.linkedin.com\/company\/talkpal\/\",\"https:\/\/www.youtube.com\/@TalkPal\/\",\"https:\/\/www.tiktok.com\/@talkpal\",\"https:\/\/www.instagram.com\/talkpal_ai\/\",\"https:\/\/www.crunchbase.com\/organization\/talkpal-9cde\",\"https:\/\/www.g2.com\/products\/talkpal-for-business\/\",\"https:\/\/www.trustpilot.com\/review\/talkpal.ai\",\"https:\/\/www.capterra.com\/p\/10006800\/TalkPal\/\"],\"description\":\"Talkpal is a language learning web and mobile education app, powered by the latest AI technologies, that provides engaging experiences to its customers in many different languages to help them improve their language skills. Users can chat about unlimited amount of topics with the app and use other modes to practice their language learning.\",\"email\":\"support@talkpal.ai\",\"legalName\":\"Talkpal, Inc.\",\"foundingDate\":\"2023-04-03\",\"duns\":\"118989042\",\"numberOfEmployees\":{\"@type\":\"QuantitativeValue\",\"minValue\":\"11\",\"maxValue\":\"50\"},\"publishingPrinciples\":\"https:\/\/talkpal.ai\/publishing-principles\/\",\"actionableFeedbackPolicy\":\"https:\/\/talkpal.ai\/actionable-feedback-policy\/\",\"correctionsPolicy\":\"https:\/\/talkpal.ai\/corrections-policy\/\",\"ethicsPolicy\":\"https:\/\/talkpal.ai\/ethics-policy\/\",\"diversityPolicy\":\"https:\/\/talkpal.ai\/diversity-policy\/\",\"diversityStaffingReport\":\"https:\/\/talkpal.ai\/diversity-policy\/\"}]}<\/script>\n<!-- \/ Yoast SEO Premium plugin. -->","yoast_head_json":{"title":"Gramadeg Pwnjabeg - Talkpal","description":"Meistrolwch hanfodion gramadeg Punjabi gyda'n canllaw cynhwysfawr i wella'ch rhuglder iaith heddiw.","robots":{"index":"index","follow":"follow","max-snippet":"max-snippet:-1","max-image-preview":"max-image-preview:large","max-video-preview":"max-video-preview:-1"},"canonical":"https:\/\/talkpal.ai\/cy\/gramadeg-pwnjabeg\/","og_locale":"cy_GB","og_type":"article","og_title":"Gramadeg Pwnjabeg","og_description":"Llywio cymhlethdodau gramadeg Punjabi Mae Punjabi, iaith Indo-Aryan gyda hanes cyfoethog ac arwyddoc\u00e2d diwylliannol, yn cynnig profiad ieithyddol cyffrous","og_url":"https:\/\/talkpal.ai\/cy\/gramadeg-pwnjabeg\/","og_site_name":"Talkpal","article_publisher":"https:\/\/www.facebook.com\/profile.php?id=100090733639311","article_modified_time":"2025-12-30T11:41:15+00:00","og_image":[{"width":2880,"height":1620,"url":"https:\/\/talkpal.ai\/wp-content\/uploads\/2025\/02\/Progress-tab-16_9.png","type":"image\/png"}],"twitter_card":"summary_large_image","twitter_site":"@talkpalai","twitter_misc":{"Est. reading time":"3 minutes"},"schema":{"@context":"https:\/\/schema.org","@graph":[{"@type":"WebPage","@id":"https:\/\/talkpal.ai\/cy\/gramadeg-pwnjabeg\/","url":"https:\/\/talkpal.ai\/cy\/gramadeg-pwnjabeg\/","name":"Gramadeg Pwnjabeg - Talkpal","isPartOf":{"@id":"https:\/\/talkpal.ai\/cy\/#website"},"datePublished":"2025-11-12T16:31:52+00:00","dateModified":"2025-12-30T11:41:15+00:00","description":"Meistrolwch hanfodion gramadeg Punjabi gyda'n canllaw cynhwysfawr i wella'ch rhuglder iaith heddiw.","breadcrumb":{"@id":"https:\/\/talkpal.ai\/cy\/gramadeg-pwnjabeg\/#breadcrumb"},"inLanguage":"cy-GB","potentialAction":[{"@type":"ReadAction","target":["https:\/\/talkpal.ai\/cy\/gramadeg-pwnjabeg\/"]}]},{"@type":"BreadcrumbList","@id":"https:\/\/talkpal.ai\/cy\/gramadeg-pwnjabeg\/#breadcrumb","itemListElement":[{"@type":"ListItem","position":1,"name":"Homepage","item":"https:\/\/talkpal.ai\/cy\/ai-athro-iaith-3\/"},{"@type":"ListItem","position":2,"name":"Gramadeg Pwnjabeg"}]},{"@type":"WebSite","@id":"https:\/\/talkpal.ai\/cy\/#website","url":"https:\/\/talkpal.ai\/cy\/","name":"Talkpal","description":"AI Language Learning","publisher":{"@id":"https:\/\/talkpal.ai\/cy\/#organization"},"alternateName":"Talkpal AI","potentialAction":[{"@type":"SearchAction","target":{"@type":"EntryPoint","urlTemplate":"https:\/\/talkpal.ai\/cy\/?s={search_term_string}"},"query-input":{"@type":"PropertyValueSpecification","valueRequired":true,"valueName":"search_term_string"}}],"inLanguage":"cy-GB"},{"@type":"Organization","@id":"https:\/\/talkpal.ai\/cy\/#organization","name":"Talkpal, Inc.","alternateName":"Talkpal AI","url":"https:\/\/talkpal.ai\/cy\/","logo":{"@type":"ImageObject","inLanguage":"cy-GB","@id":"https:\/\/talkpal.ai\/cy\/#\/schema\/logo\/image\/","url":"https:\/\/talkpal.ai\/wp-content\/uploads\/2024\/03\/Talkpal-Logo-Icon.png","contentUrl":"https:\/\/talkpal.ai\/wp-content\/uploads\/2024\/03\/Talkpal-Logo-Icon.png","width":2880,"height":2880,"caption":"Talkpal, Inc."},"image":{"@id":"https:\/\/talkpal.ai\/cy\/#\/schema\/logo\/image\/"},"sameAs":["https:\/\/www.facebook.com\/profile.php?id=100090733639311","https:\/\/x.com\/talkpalai","https:\/\/www.linkedin.com\/company\/talkpal\/","https:\/\/www.youtube.com\/@TalkPal\/","https:\/\/www.tiktok.com\/@talkpal","https:\/\/www.instagram.com\/talkpal_ai\/","https:\/\/www.crunchbase.com\/organization\/talkpal-9cde","https:\/\/www.g2.com\/products\/talkpal-for-business\/","https:\/\/www.trustpilot.com\/review\/talkpal.ai","https:\/\/www.capterra.com\/p\/10006800\/TalkPal\/"],"description":"Talkpal is a language learning web and mobile education app, powered by the latest AI technologies, that provides engaging experiences to its customers in many different languages to help them improve their language skills. Users can chat about unlimited amount of topics with the app and use other modes to practice their language learning.","email":"support@talkpal.ai","legalName":"Talkpal, Inc.","foundingDate":"2023-04-03","duns":"118989042","numberOfEmployees":{"@type":"QuantitativeValue","minValue":"11","maxValue":"50"},"publishingPrinciples":"https:\/\/talkpal.ai\/publishing-principles\/","actionableFeedbackPolicy":"https:\/\/talkpal.ai\/actionable-feedback-policy\/","correctionsPolicy":"https:\/\/talkpal.ai\/corrections-policy\/","ethicsPolicy":"https:\/\/talkpal.ai\/ethics-policy\/","diversityPolicy":"https:\/\/talkpal.ai\/diversity-policy\/","diversityStaffingReport":"https:\/\/talkpal.ai\/diversity-policy\/"}]}},"_links":{"self":[{"href":"https:\/\/talkpal.ai\/cy\/wp-json\/wp\/v2\/pages\/1475173","targetHints":{"allow":["GET"]}}],"collection":[{"href":"https:\/\/talkpal.ai\/cy\/wp-json\/wp\/v2\/pages"}],"about":[{"href":"https:\/\/talkpal.ai\/cy\/wp-json\/wp\/v2\/types\/page"}],"author":[{"embeddable":true,"href":"https:\/\/talkpal.ai\/cy\/wp-json\/wp\/v2\/users\/20"}],"replies":[{"embeddable":true,"href":"https:\/\/talkpal.ai\/cy\/wp-json\/wp\/v2\/comments?post=1475173"}],"version-history":[{"count":0,"href":"https:\/\/talkpal.ai\/cy\/wp-json\/wp\/v2\/pages\/1475173\/revisions"}],"wp:attachment":[{"href":"https:\/\/talkpal.ai\/cy\/wp-json\/wp\/v2\/media?parent=1475173"}],"curies":[{"name":"wp","href":"https:\/\/api.w.org\/{rel}","templated":true}]}}