{"id":1475122,"date":"2025-11-12T15:57:04","date_gmt":"2025-11-12T15:57:04","guid":{"rendered":"https:\/\/talkpal.ai\/gramadeg-mongoleg\/"},"modified":"2025-12-30T13:37:51","modified_gmt":"2025-12-30T13:37:51","slug":"gramadeg-mongoleg","status":"publish","type":"page","link":"https:\/\/talkpal.ai\/cy\/gramadeg-mongoleg\/","title":{"rendered":"Gramadeg Mongoleg"},"content":{"rendered":"\r\n\r\n\r\n<section class=\"languageChallengeSection\">\r\n    <div class=\"languageInfoWrapper\">\r\n        \r\n        <h1>Gramadeg Mongoleg<\/h1>\r\n        <p>Efallai y bydd gramadeg Mongoleg yn ymddangos yn heriol ar y dechrau, ond mae ei nodweddion unigryw yn gwneud dysgu&#039;r iaith yn brofiad gwerth chweil. Trwy archwilio ei wyddor, treigladau, a rheolau gramadeg, byddwch yn cael mewnwelediad i draddodiad ieithyddol cyfoethog. Dechreuwch eich taith a darganfod harddwch Mongoleg!<\/p>\r\n\r\n                            <a class=\"getStartedHidden\" href=\"https:\/\/app.talkpal.ai\/signup?lng=\">Dechrau<\/a>\r\n        \r\n    <\/div>\r\n\r\n    <figure>\r\n    <img decoding=\"async\" width=\"768\" height=\"768\" src=\"https:\/\/talkpal.ai\/wp-content\/uploads\/2023\/06\/welsh-768x768.png\" class=\"languageImage no-lazy\" alt=\"Language learning for better cognitive abilities\" fetchpriority=\"high\" sizes=\"(max-width: 768px) 150px, 768px\" srcset=\"https:\/\/talkpal.ai\/wp-content\/uploads\/2023\/06\/welsh-768x768.png 768w, https:\/\/talkpal.ai\/wp-content\/uploads\/2023\/06\/welsh-300x300.png 300w\" \/>\r\n    \r\n\r\n    <\/figure>\r\n\r\n            <a class=\"getStartedVisible\" href=\"https:\/\/app.talkpal.ai\/signup?lng=\">Dechrau<\/a>\r\n    \r\n<\/section><section class=\"promotionalBanner\">\r\n    <p class=\"promotionalText\">Y ffordd fwyaf effeithlon o ddysgu iaith<\/p>\r\n    <a class=\"promotionalLink\" href=\"https:\/\/app.talkpal.ai\/signup?lng=\">Rhowch gynnig ar Talkpal am ddim<\/a>\r\n<\/section>\n<div class=\"wp-block-group pageContainerStyle\"><div class=\"wp-block-group__inner-container is-layout-constrained wp-block-group-is-layout-constrained\">\n<h2 class=\"wp-block-heading\" id=\"h-navigating-the-intricacies-of-mongolian-grammar\">Llywio cymhlethdodau gramadeg Mongolaidd<\/h2>\n\n\n\n<p><a href=\"https:\/\/talkpal.ai\/cy\/dysgu-mongoleg\/\">Mae Mongoleg,<\/a> iaith <a href=\"https:\/\/talkpal.ai\/learn-mongolian\/\">Mongolaidd<\/a> sydd \u00e2 hanes cyfoethog ac arwyddoc\u00e2d diwylliannol, yn cynnig profiad ieithyddol cyffrous i&#8217;r rhai sy&#8217;n awyddus i archwilio ei system ramadeg unigryw. Wrth i chi fentro i fyd Mongoleg, byddwch nid yn unig yn cyfoethogi eich repertoire ieithyddol ond hefyd yn cofleidio taith ddiwylliannol ddiddorol. Er y gall gramadeg Mongoleg ymddangos yn gymhleth ar y dechrau, mae ei rannu&#8217;n elfennau craidd yn gwneud dysgu&#8217;r iaith yn fwy hygyrch. Yn yr erthygl hon, byddwn yn archwilio byd hudolus <a href=\"https:\/\/talkpal.ai\/mongolian-grammar\/\">gramadeg Mongolaidd<\/a> ac yn rhoi awgrymiadau ar sut i feistroli ei gymhlethdodau.<\/p>\n\n\n\n<h3 class=\"wp-block-heading\" id=\"h-1-mongolian-alphabet-and-phonetics\">1. Wyddor Mongolaidd a Seineg<\/h3>\n\n\n\n<p>Yr wyddor Mongolaidd a ddefnyddir ym Mongolia fodern yw Cyrilig ac mae&#8217;n cynnwys 35 llythyren, gan gynnwys nodau unigryw i&#8217;r iaith fel \u04e8 \u04e9 a \u04ae \u04af. Mae yna hefyd y sgript Mongolaidd fertigol <a href=\"https:\/\/talkpal.ai\/will-ai-kill-traditional-language-learning\/\">traddodiadol<\/a> a ddefnyddir ym Mongolia Fewnol. <a href=\"https:\/\/talkpal.ai\/culture\/how-do-i-use-er-mwyn-correctly\/\">Er mwyn<\/a> <a href=\"https:\/\/talkpal.ai\/grammar\/\">dysgu gramadeg<\/a> Mongoleg, mae&#8217;n hanfodol dod yn gyfarwydd \u00e2&#8217;r systemau ysgrifennu hyn trwy ymarfer darllen ac ysgrifennu ym Mongoleg.<\/p>\n\n\n\n<h3 class=\"wp-block-heading\" id=\"h-2-vowel-harmony-a-peculiar-mongolian-feature\">2. Cytgord llafariad: Nodwedd Mongolaidd Rhyfedd<\/h3>\n\n\n\n<p>Un o&#8217;r agweddau mwyaf trawiadol ar ramadeg Mongoleg yw harmoni llafariad, sy&#8217;n llywodraethu sut mae \u00f4l-ddodiadau yn newid i gyd-fynd \u00e2 llafariaid y gwraidd. Fel arfer, daw \u00f4l-ddodiadau mewn amrywiadau llafariaid blaen a chefn, ac mae rhai cytseiniaid neu lafariaid mewn \u00f4l-ddodiadau yn ail yn seiliedig ar gyd-destun ffonolegol. Mae deall pryd a sut mae&#8217;r harmon\u00efau a&#8217;r newidiadau hyn yn digwydd yn hanfodol ar gyfer cyfathrebu cywir ym Mongoleg.<\/p>\n\n\n\n<h3 class=\"wp-block-heading\" id=\"h-3-nouns-and-pronouns-gender-and-cases\">3. Enwau a rhagenwau: Rhyw ac Achosion<\/h3>\n\n\n\n<p>Nid oes gan enwau Mongoleg ryw ramadeg, ond maent yn cymryd set gyfoethog o derfyniadau achos i nodi perthnasoedd fel meddiant, cyfeiriad, lleoliad ac offeryn. Mae ffurfiant lluosog yn amrywio, gan ddefnyddio -\u0443\u0443\u0434 neu -\u04af\u04af\u0434 yn gyffredin yn \u00f4l cytgord llafariad, a defnyddir -\u043d\u0430\u0440 yn aml ar gyfer pobl. Mae rhagenwau ym Mongoleg yn cynnwys rhagenwau personol, meddiannol, adfywiol, arddangosol a chwestiynol. Bydd dod yn gyfarwydd \u00e2&#8217;r rhagenwau hyn a&#8217;u ffurfiau yn gwella eich gafael ar ramadeg Mongoleg yn sylweddol.<\/p>\n\n\n\n<h3 class=\"wp-block-heading\" id=\"h-4-verbs-structure-and-conjugation\">4. Berfau: Strwythur a chyfuniad<\/h3>\n\n\n\n<p>Mae berfau Mongolaidd yn adeiladu amser, agwedd, hwyliau, a thystiolaeth trwy \u00f4l-ddodiadau yn hytrach na chytundeb person helaeth. Mae ffurfiau cyfyngedig hanfodol yn cynnwys -\u043d\u0430 ar gyfer nad yw&#8217;n orffennol, -\u0441\u0430\u043d neu -\u0441\u044d\u043d ar gyfer gorffennol, a -\u0434\u0430\u0433 neu -\u0434\u044d\u0433 ar gyfer arferol, gydag agwedd flaengar wedi&#8217;i fynegi&#8217;n gyffredin gyda chystrawennau \u0431\u0430\u0439\u043d\u0430. Mae&#8217;r iaith hefyd yn defnyddio ffurfiau amodol, gorfodol ac hortative. Bydd dysgu&#8217;r rheolau ffurfio berfau a&#8217;r patrymau ategol yn gwella eich gallu i gyfathrebu&#8217;n effeithiol yn Mongoleg.<\/p>\n\n\n\n<h3 class=\"wp-block-heading\" id=\"h-5-adjectives-agreement-and-placement\">5. Ansoddeiriau: Cytundeb a Lleoliad<\/h3>\n\n\n\n<p>Mewn gramadeg Mongoleg, mae ansoddeiriau fel arfer yn rhagflaenu&#8217;r enw maen nhw&#8217;n ei addasu ac nid ydynt yn cytuno o ran rhif neu ryw \u00e2&#8217;r enw. Mae cymhariaeth yn aml yn cael ei fynegi yn ddadansoddol, gan ddefnyddio \u0438\u043b\u04af\u04af ar gyfer y cymharol a \u0445\u0430\u043c\u0433\u0438\u0439\u043d ar gyfer y superlative, sy&#8217;n hanfodol i ddysgu cyfathrebu&#8217;n fwy naturiol.<\/p>\n\n\n\n<p><strong>Enghreifftiau:<\/strong><\/p>\n\n\n\n<p><strong>\u2013 \u0438\u0445 \u0445\u0430\u0439\u0440 (cariad mawr)  <\/strong><\/p>\n\n\n\n<p><strong>\u2013 \u0436\u0438\u0436\u0438\u0433 \u0445\u04af\u04af\u0445\u0434\u04af\u04af\u0434 (plant bach)<\/strong><\/p>\n\n\n\n<h3 class=\"wp-block-heading\" id=\"h-6-engaging-with-the-language\">6. Ymgysylltu \u00e2&#8217;r iaith<\/h3>\n\n\n\n<p>Y ffordd fwyaf effeithiol o ddeall a mewnoli gramadeg Mongoleg yn llawn yw ymgysylltu&#8217;n gyson \u00e2&#8217;r iaith. Trwy ddarllen llenyddiaeth Mongolia, gwylio ffilmiau neu gyfresi teledu Mongolaidd, a chyfathrebu&#8217;n weithredol \u00e2 siaradwyr brodorol, byddwch yn atgyfnerthu eich dealltwriaeth o ramadeg wrth ehangu eich geirfa.<\/p>\n\n\n\n<h3 class=\"wp-block-heading\" id=\"h-conclusion\">Casgliad<\/h3>\n\n\n\n<p>Er y gall gramadeg Mongoleg ymddangos yn gymhleth, gallwch ddod yn hyfedr yn yr iaith hardd hon gydag ymroddiad, ymarfer a brwdfrydedd. Trwy ganolbwyntio ar y rheolau sylfaenol ac ymgysylltu \u00e2&#8217;r iaith ar draws gwahanol gyd-destunau, byddwch yn gwella eich <a href=\"https:\/\/talkpal.ai\/cy\/gramadeg\/\">sgiliau gramadeg<\/a> Mongoleg yn gyflym. \u0410\u043c\u0436\u0438\u043b\u0442 \u0445\u04af\u0441\u044c\u0435 (pob lwc) gyda&#8217;ch taith iaith Mongoleg, a mwynhewch ddatgelu byd enigmatig ond hudolus gramadeg Mongoleg!<\/p>\n<\/div><\/div>\n\r\n<section class=\"learnNavigationSection\">\r\n            \r\n        <a href=\"https:\/\/talkpal.ai\/cy\/dysgu-mongoleg\/\">\r\n            <div class=\"learnNavigationWrapper\">\r\n                <div class=\"learnNavigationContent\">\r\n                    <img decoding=\"async\" src=\"https:\/\/talkpal.ai\/wp-content\/uploads\/2025\/11\/Mongolian.png\" alt=\"Mongolian Flag\">\r\n                    <div>\r\n                        <h4>Yngl\u0177n \u00e2 Dysgu Mongoleg<\/h4>\r\n                        <p>Darganfyddwch bopeth am Ramadeg Mongoleg.<\/p>\r\n                    <\/div>\r\n                <\/div>\r\n            <\/div>\r\n        <\/a>\r\n\r\n        \r\n        <a href=\"https:\/\/talkpal.ai\/cy\/ymarferion-gramadeg-mongoleg\/\">\r\n            <div class=\"learnNavigationWrapper\">\r\n                <div class=\"learnNavigationContent\">\r\n                    <img decoding=\"async\" src=\"https:\/\/talkpal.ai\/wp-content\/uploads\/2025\/11\/Mongolian.png\" alt=\"Mongolian Flag\">\r\n                    <div>\r\n                        <h4>Ymarfer Gramadeg Mongoleg<\/h4>\r\n                        <p>Ymarfer gramadeg Mongoleg.<\/p>\r\n                    <\/div>\r\n                <\/div>\r\n            <\/div>\r\n        <\/a>\r\n\r\n            <\/section>","protected":false},"excerpt":{"rendered":"<p>Llywio cymhlethdodau gramadeg Mongolaidd Mae Mongoleg, iaith Mongolaidd sydd \u00e2 hanes cyfoethog ac arwyddoc\u00e2d diwylliannol, yn cynnig profiad ieithyddol cyffrous i&#8217;r rhai sy&#8217;n awyddus i archwilio ei system ramadeg unigryw. Wrth i chi fentro i fyd Mongoleg, byddwch nid yn unig yn cyfoethogi eich repertoire ieithyddol ond hefyd yn cofleidio taith ddiwylliannol ddiddorol. Er y [&hellip;]<\/p>\n","protected":false},"author":20,"featured_media":0,"parent":0,"menu_order":0,"comment_status":"closed","ping_status":"closed","template":"LearningContentPage.php","meta":{"_acf_changed":false,"footnotes":""},"class_list":["post-1475122","page","type-page","status-publish","hentry"],"acf":[],"yoast_head":"<!-- This site is optimized with the Yoast SEO Premium plugin v27.2 (Yoast SEO v27.2) - https:\/\/yoast.com\/product\/yoast-seo-premium-wordpress\/ -->\n<title>Gramadeg Mongoleg - Talkpal<\/title>\n<meta name=\"description\" content=\"Meistroli rheolau gramadeg Mongolia gan gynnwys harmoni llafariaid a chydgysylltu berfau gyda chanllaw dysgu iaith cynhwysfawr Talkpal AI.\" \/>\n<meta name=\"robots\" content=\"index, follow, max-snippet:-1, max-image-preview:large, max-video-preview:-1\" \/>\n<link rel=\"canonical\" href=\"https:\/\/talkpal.ai\/cy\/gramadeg-mongoleg\/\" \/>\n<meta property=\"og:locale\" content=\"cy_GB\" \/>\n<meta property=\"og:type\" content=\"article\" \/>\n<meta property=\"og:title\" content=\"Gramadeg Mongoleg\" \/>\n<meta property=\"og:description\" content=\"Llywio cymhlethdodau gramadeg Mongolaidd Mae Mongoleg, iaith Mongolaidd sydd \u00e2 hanes cyfoethog ac arwyddoc\u00e2d diwylliannol, yn cynnig profiad ieithyddol\" \/>\n<meta property=\"og:url\" content=\"https:\/\/talkpal.ai\/cy\/gramadeg-mongoleg\/\" \/>\n<meta property=\"og:site_name\" content=\"Talkpal\" \/>\n<meta property=\"article:publisher\" content=\"https:\/\/www.facebook.com\/profile.php?id=100090733639311\" \/>\n<meta property=\"article:modified_time\" content=\"2025-12-30T13:37:51+00:00\" \/>\n<meta property=\"og:image\" content=\"https:\/\/talkpal.ai\/wp-content\/uploads\/2025\/02\/Progress-tab-16_9.png\" \/>\n\t<meta property=\"og:image:width\" content=\"2880\" \/>\n\t<meta property=\"og:image:height\" content=\"1620\" \/>\n\t<meta property=\"og:image:type\" content=\"image\/png\" \/>\n<meta name=\"twitter:card\" content=\"summary_large_image\" \/>\n<meta name=\"twitter:site\" content=\"@talkpalai\" \/>\n<meta name=\"twitter:label1\" content=\"Est. reading time\" \/>\n\t<meta name=\"twitter:data1\" content=\"3 minutes\" \/>\n<script type=\"application\/ld+json\" class=\"yoast-schema-graph\">{\"@context\":\"https:\/\/schema.org\",\"@graph\":[{\"@type\":\"WebPage\",\"@id\":\"https:\/\/talkpal.ai\/cy\/gramadeg-mongoleg\/\",\"url\":\"https:\/\/talkpal.ai\/cy\/gramadeg-mongoleg\/\",\"name\":\"Gramadeg Mongoleg - Talkpal\",\"isPartOf\":{\"@id\":\"https:\/\/talkpal.ai\/cy\/#website\"},\"datePublished\":\"2025-11-12T15:57:04+00:00\",\"dateModified\":\"2025-12-30T13:37:51+00:00\",\"description\":\"Meistroli rheolau gramadeg Mongolia gan gynnwys harmoni llafariaid a chydgysylltu berfau gyda chanllaw dysgu iaith cynhwysfawr Talkpal AI.\",\"breadcrumb\":{\"@id\":\"https:\/\/talkpal.ai\/cy\/gramadeg-mongoleg\/#breadcrumb\"},\"inLanguage\":\"cy-GB\",\"potentialAction\":[{\"@type\":\"ReadAction\",\"target\":[\"https:\/\/talkpal.ai\/cy\/gramadeg-mongoleg\/\"]}]},{\"@type\":\"BreadcrumbList\",\"@id\":\"https:\/\/talkpal.ai\/cy\/gramadeg-mongoleg\/#breadcrumb\",\"itemListElement\":[{\"@type\":\"ListItem\",\"position\":1,\"name\":\"Homepage\",\"item\":\"https:\/\/talkpal.ai\/cy\/ai-athro-iaith-3\/\"},{\"@type\":\"ListItem\",\"position\":2,\"name\":\"Gramadeg Mongoleg\"}]},{\"@type\":\"WebSite\",\"@id\":\"https:\/\/talkpal.ai\/cy\/#website\",\"url\":\"https:\/\/talkpal.ai\/cy\/\",\"name\":\"Talkpal\",\"description\":\"AI Language Learning\",\"publisher\":{\"@id\":\"https:\/\/talkpal.ai\/cy\/#organization\"},\"alternateName\":\"Talkpal AI\",\"potentialAction\":[{\"@type\":\"SearchAction\",\"target\":{\"@type\":\"EntryPoint\",\"urlTemplate\":\"https:\/\/talkpal.ai\/cy\/?s={search_term_string}\"},\"query-input\":{\"@type\":\"PropertyValueSpecification\",\"valueRequired\":true,\"valueName\":\"search_term_string\"}}],\"inLanguage\":\"cy-GB\"},{\"@type\":\"Organization\",\"@id\":\"https:\/\/talkpal.ai\/cy\/#organization\",\"name\":\"Talkpal, Inc.\",\"alternateName\":\"Talkpal AI\",\"url\":\"https:\/\/talkpal.ai\/cy\/\",\"logo\":{\"@type\":\"ImageObject\",\"inLanguage\":\"cy-GB\",\"@id\":\"https:\/\/talkpal.ai\/cy\/#\/schema\/logo\/image\/\",\"url\":\"https:\/\/talkpal.ai\/wp-content\/uploads\/2024\/03\/Talkpal-Logo-Icon.png\",\"contentUrl\":\"https:\/\/talkpal.ai\/wp-content\/uploads\/2024\/03\/Talkpal-Logo-Icon.png\",\"width\":2880,\"height\":2880,\"caption\":\"Talkpal, Inc.\"},\"image\":{\"@id\":\"https:\/\/talkpal.ai\/cy\/#\/schema\/logo\/image\/\"},\"sameAs\":[\"https:\/\/www.facebook.com\/profile.php?id=100090733639311\",\"https:\/\/x.com\/talkpalai\",\"https:\/\/www.linkedin.com\/company\/talkpal\/\",\"https:\/\/www.youtube.com\/@TalkPal\/\",\"https:\/\/www.tiktok.com\/@talkpal\",\"https:\/\/www.instagram.com\/talkpal_ai\/\",\"https:\/\/www.crunchbase.com\/organization\/talkpal-9cde\",\"https:\/\/www.g2.com\/products\/talkpal-for-business\/\",\"https:\/\/www.trustpilot.com\/review\/talkpal.ai\",\"https:\/\/www.capterra.com\/p\/10006800\/TalkPal\/\"],\"description\":\"Talkpal is a language learning web and mobile education app, powered by the latest AI technologies, that provides engaging experiences to its customers in many different languages to help them improve their language skills. Users can chat about unlimited amount of topics with the app and use other modes to practice their language learning.\",\"email\":\"support@talkpal.ai\",\"legalName\":\"Talkpal, Inc.\",\"foundingDate\":\"2023-04-03\",\"duns\":\"118989042\",\"numberOfEmployees\":{\"@type\":\"QuantitativeValue\",\"minValue\":\"11\",\"maxValue\":\"50\"},\"publishingPrinciples\":\"https:\/\/talkpal.ai\/publishing-principles\/\",\"actionableFeedbackPolicy\":\"https:\/\/talkpal.ai\/actionable-feedback-policy\/\",\"correctionsPolicy\":\"https:\/\/talkpal.ai\/corrections-policy\/\",\"ethicsPolicy\":\"https:\/\/talkpal.ai\/ethics-policy\/\",\"diversityPolicy\":\"https:\/\/talkpal.ai\/diversity-policy\/\",\"diversityStaffingReport\":\"https:\/\/talkpal.ai\/diversity-policy\/\"}]}<\/script>\n<!-- \/ Yoast SEO Premium plugin. -->","yoast_head_json":{"title":"Gramadeg Mongoleg - Talkpal","description":"Meistroli rheolau gramadeg Mongolia gan gynnwys harmoni llafariaid a chydgysylltu berfau gyda chanllaw dysgu iaith cynhwysfawr Talkpal AI.","robots":{"index":"index","follow":"follow","max-snippet":"max-snippet:-1","max-image-preview":"max-image-preview:large","max-video-preview":"max-video-preview:-1"},"canonical":"https:\/\/talkpal.ai\/cy\/gramadeg-mongoleg\/","og_locale":"cy_GB","og_type":"article","og_title":"Gramadeg Mongoleg","og_description":"Llywio cymhlethdodau gramadeg Mongolaidd Mae Mongoleg, iaith Mongolaidd sydd \u00e2 hanes cyfoethog ac arwyddoc\u00e2d diwylliannol, yn cynnig profiad ieithyddol","og_url":"https:\/\/talkpal.ai\/cy\/gramadeg-mongoleg\/","og_site_name":"Talkpal","article_publisher":"https:\/\/www.facebook.com\/profile.php?id=100090733639311","article_modified_time":"2025-12-30T13:37:51+00:00","og_image":[{"width":2880,"height":1620,"url":"https:\/\/talkpal.ai\/wp-content\/uploads\/2025\/02\/Progress-tab-16_9.png","type":"image\/png"}],"twitter_card":"summary_large_image","twitter_site":"@talkpalai","twitter_misc":{"Est. reading time":"3 minutes"},"schema":{"@context":"https:\/\/schema.org","@graph":[{"@type":"WebPage","@id":"https:\/\/talkpal.ai\/cy\/gramadeg-mongoleg\/","url":"https:\/\/talkpal.ai\/cy\/gramadeg-mongoleg\/","name":"Gramadeg Mongoleg - Talkpal","isPartOf":{"@id":"https:\/\/talkpal.ai\/cy\/#website"},"datePublished":"2025-11-12T15:57:04+00:00","dateModified":"2025-12-30T13:37:51+00:00","description":"Meistroli rheolau gramadeg Mongolia gan gynnwys harmoni llafariaid a chydgysylltu berfau gyda chanllaw dysgu iaith cynhwysfawr Talkpal AI.","breadcrumb":{"@id":"https:\/\/talkpal.ai\/cy\/gramadeg-mongoleg\/#breadcrumb"},"inLanguage":"cy-GB","potentialAction":[{"@type":"ReadAction","target":["https:\/\/talkpal.ai\/cy\/gramadeg-mongoleg\/"]}]},{"@type":"BreadcrumbList","@id":"https:\/\/talkpal.ai\/cy\/gramadeg-mongoleg\/#breadcrumb","itemListElement":[{"@type":"ListItem","position":1,"name":"Homepage","item":"https:\/\/talkpal.ai\/cy\/ai-athro-iaith-3\/"},{"@type":"ListItem","position":2,"name":"Gramadeg Mongoleg"}]},{"@type":"WebSite","@id":"https:\/\/talkpal.ai\/cy\/#website","url":"https:\/\/talkpal.ai\/cy\/","name":"Talkpal","description":"AI Language Learning","publisher":{"@id":"https:\/\/talkpal.ai\/cy\/#organization"},"alternateName":"Talkpal AI","potentialAction":[{"@type":"SearchAction","target":{"@type":"EntryPoint","urlTemplate":"https:\/\/talkpal.ai\/cy\/?s={search_term_string}"},"query-input":{"@type":"PropertyValueSpecification","valueRequired":true,"valueName":"search_term_string"}}],"inLanguage":"cy-GB"},{"@type":"Organization","@id":"https:\/\/talkpal.ai\/cy\/#organization","name":"Talkpal, Inc.","alternateName":"Talkpal AI","url":"https:\/\/talkpal.ai\/cy\/","logo":{"@type":"ImageObject","inLanguage":"cy-GB","@id":"https:\/\/talkpal.ai\/cy\/#\/schema\/logo\/image\/","url":"https:\/\/talkpal.ai\/wp-content\/uploads\/2024\/03\/Talkpal-Logo-Icon.png","contentUrl":"https:\/\/talkpal.ai\/wp-content\/uploads\/2024\/03\/Talkpal-Logo-Icon.png","width":2880,"height":2880,"caption":"Talkpal, Inc."},"image":{"@id":"https:\/\/talkpal.ai\/cy\/#\/schema\/logo\/image\/"},"sameAs":["https:\/\/www.facebook.com\/profile.php?id=100090733639311","https:\/\/x.com\/talkpalai","https:\/\/www.linkedin.com\/company\/talkpal\/","https:\/\/www.youtube.com\/@TalkPal\/","https:\/\/www.tiktok.com\/@talkpal","https:\/\/www.instagram.com\/talkpal_ai\/","https:\/\/www.crunchbase.com\/organization\/talkpal-9cde","https:\/\/www.g2.com\/products\/talkpal-for-business\/","https:\/\/www.trustpilot.com\/review\/talkpal.ai","https:\/\/www.capterra.com\/p\/10006800\/TalkPal\/"],"description":"Talkpal is a language learning web and mobile education app, powered by the latest AI technologies, that provides engaging experiences to its customers in many different languages to help them improve their language skills. Users can chat about unlimited amount of topics with the app and use other modes to practice their language learning.","email":"support@talkpal.ai","legalName":"Talkpal, Inc.","foundingDate":"2023-04-03","duns":"118989042","numberOfEmployees":{"@type":"QuantitativeValue","minValue":"11","maxValue":"50"},"publishingPrinciples":"https:\/\/talkpal.ai\/publishing-principles\/","actionableFeedbackPolicy":"https:\/\/talkpal.ai\/actionable-feedback-policy\/","correctionsPolicy":"https:\/\/talkpal.ai\/corrections-policy\/","ethicsPolicy":"https:\/\/talkpal.ai\/ethics-policy\/","diversityPolicy":"https:\/\/talkpal.ai\/diversity-policy\/","diversityStaffingReport":"https:\/\/talkpal.ai\/diversity-policy\/"}]}},"_links":{"self":[{"href":"https:\/\/talkpal.ai\/cy\/wp-json\/wp\/v2\/pages\/1475122","targetHints":{"allow":["GET"]}}],"collection":[{"href":"https:\/\/talkpal.ai\/cy\/wp-json\/wp\/v2\/pages"}],"about":[{"href":"https:\/\/talkpal.ai\/cy\/wp-json\/wp\/v2\/types\/page"}],"author":[{"embeddable":true,"href":"https:\/\/talkpal.ai\/cy\/wp-json\/wp\/v2\/users\/20"}],"replies":[{"embeddable":true,"href":"https:\/\/talkpal.ai\/cy\/wp-json\/wp\/v2\/comments?post=1475122"}],"version-history":[{"count":0,"href":"https:\/\/talkpal.ai\/cy\/wp-json\/wp\/v2\/pages\/1475122\/revisions"}],"wp:attachment":[{"href":"https:\/\/talkpal.ai\/cy\/wp-json\/wp\/v2\/media?parent=1475122"}],"curies":[{"name":"wp","href":"https:\/\/api.w.org\/{rel}","templated":true}]}}