{"id":1475106,"date":"2025-11-12T15:39:07","date_gmt":"2025-11-12T15:39:07","guid":{"rendered":"https:\/\/talkpal.ai\/gramadeg-malta\/"},"modified":"2025-12-30T13:55:22","modified_gmt":"2025-12-30T13:55:22","slug":"gramadeg-malta","status":"publish","type":"page","link":"https:\/\/talkpal.ai\/cy\/gramadeg-malta\/","title":{"rendered":"Gramadeg Malta"},"content":{"rendered":"\r\n\r\n\r\n<section class=\"languageChallengeSection\">\r\n    <div class=\"languageInfoWrapper\">\r\n        \r\n        <h1>Gramadeg Malta<\/h1>\r\n        <p>Gall gramadeg <a href=\"https:\/\/talkpal.ai\/learn-maltese\/\">Malta<\/a> ymddangos yn heriol ar y dechrau, ond mae ei nodweddion unigryw yn gwneud dysgu&#039;r iaith yn brofiad gwerth chweil. Trwy archwilio ei wyddor, treigladau, a rheolau gramadeg, byddwch yn cael mewnwelediad i draddodiad ieithyddol cyfoethog. Dechreuwch eich taith a darganfod harddwch Maltese!<\/p>\r\n\r\n                            <a class=\"getStartedHidden\" href=\"https:\/\/app.talkpal.ai\/signup?lng=\">Dechrau<\/a>\r\n        \r\n    <\/div>\r\n\r\n    <figure>\r\n    <img decoding=\"async\" width=\"768\" height=\"768\" src=\"https:\/\/talkpal.ai\/wp-content\/uploads\/2023\/06\/welsh-768x768.png\" class=\"languageImage no-lazy\" alt=\"Language learning for better cognitive abilities\" fetchpriority=\"high\" sizes=\"(max-width: 768px) 150px, 768px\" srcset=\"https:\/\/talkpal.ai\/wp-content\/uploads\/2023\/06\/welsh-768x768.png 768w, https:\/\/talkpal.ai\/wp-content\/uploads\/2023\/06\/welsh-300x300.png 300w\" \/>\r\n    \r\n\r\n    <\/figure>\r\n\r\n            <a class=\"getStartedVisible\" href=\"https:\/\/app.talkpal.ai\/signup?lng=\">Dechrau<\/a>\r\n    \r\n<\/section><section class=\"promotionalBanner\">\r\n    <p class=\"promotionalText\">Y ffordd fwyaf effeithlon o ddysgu iaith<\/p>\r\n    <a class=\"promotionalLink\" href=\"https:\/\/app.talkpal.ai\/signup?lng=\">Rhowch gynnig ar Talkpal am ddim<\/a>\r\n<\/section>\n<div class=\"wp-block-group pageContainerStyle\"><div class=\"wp-block-group__inner-container is-layout-constrained wp-block-group-is-layout-constrained\">\n<h2 class=\"wp-block-heading\" id=\"h-navigating-the-intricacies-of-maltese-grammar\">Llywio cymhlethdodau gramadeg Malta<\/h2>\n\n\n\n<p><a href=\"https:\/\/talkpal.ai\/cy\/dysgu-malteg\/\">Mae Maltese<\/a>, iaith Semitaidd gyda gwreiddiau M\u00f4r y Canoldir dwfn ac arwyddoc\u00e2d diwylliannol bywiog, yn cynnig profiad ieithyddol cyffrous i&#8217;r rhai sy&#8217;n awyddus i archwilio ei system ramadeg unigryw. Wrth i chi fentro i fyd Malta, byddwch nid yn unig yn cyfoethogi eich repertoire ieithyddol ond hefyd yn cofleidio taith ddiwylliannol ddiddorol. Er y gall <a href=\"https:\/\/talkpal.ai\/maltese-grammar\/\">gramadeg Malteg<\/a> ymddangos yn gymhleth ar y dechrau, mae ei rannu&#8217;n gydrannau craidd yn gwneud dysgu&#8217;r iaith yn fwy hygyrch. Yn yr erthygl hon, byddwn yn archwilio byd cyfareddol gramadeg Malta ac yn rhoi awgrymiadau ar sut i feistroli ei gymhlethdodau.<\/p>\n\n\n\n<h3 class=\"wp-block-heading\" id=\"h-1-maltese-alphabet-and-phonetics\">1. Wyddor Malta a Seineg<\/h3>\n\n\n\n<p>Mae&#8217;r wyddor Malta yn cynnwys 30 llythyren, nifer ohonynt yn unigryw i&#8217;r iaith, fel &#8220;g\u0127,&#8221; &#8220;\u0127,&#8221; &#8220;q,&#8221; &#8220;\u010b,&#8221; &#8220;\u0121,&#8221; &#8220;\u017c,&#8221; a &#8220;x.&#8221; I ddysgu gramadeg Malta, mae&#8217;n hanfodol dod yn gyfarwydd \u00e2&#8217;r system ysgrifennu unigryw hon trwy ymarfer darllen ac ysgrifennu yn Maltese.<\/p>\n\n\n\n<h3 class=\"wp-block-heading\" id=\"h-2-assimilation-a-peculiar-maltese-feature\">2. Assimilation: Nodwedd Maltese Rhyfedd<\/h3>\n\n\n\n<p>Un agwedd nodedig ar ramadeg Malta yw cymhathu&#8217;r erthygl benodol a newidiadau sain cysylltiedig. Mae&#8217;r erthygl &#8220;il-&#8221; neu &#8220;l-&#8221; yn aml yn cymhathu i gytsain gychwynnol rhai enwau, gan gynhyrchu sain ddwbl, fel yn il + ra\u0121el = ir-ra\u0121el ac il + sieg\u0127a = is-sieg\u0127a. Mae arddodiaid a&#8217;r erthygl hefyd yn ffurfio cyfangiadau, fel ta&#8217; + il = tal. Mae deall pryd a sut mae&#8217;r cymhathu a&#8217;r cyfangiadau hyn yn digwydd yn hanfodol ar gyfer cyfathrebu cywir yn Malteg.<\/p>\n\n\n\n<h3 class=\"wp-block-heading\" id=\"h-3-nouns-and-pronouns-gender-and-cases\">3. Enwau a rhagenwau: Rhyw ac Achosion<\/h3>\n\n\n\n<p>Mae gan enwau Maltag ryw ramadegol (gwrywaidd neu fenywaidd) ac maent yn defnyddio amrywiaeth o strategaethau ffurfio lluosog, gan gynnwys \u00f4l-ddodiadau fel -i a -ijiet yn ogystal \u00e2 lluosogau toredig a ffurfiwyd gan newidiadau llafariaid mewnol. Mae rhagenwau yn Malteg yn cynnwys personol (jien, inti, hu, hi, a\u0127na, intom, huma), ffurfiau meddiannol a adeiladwyd yn aml gydag \u00f4l-ddodiadau ta&#8217; neu ragenwol, ffurfiau adlewyrchol ac emphatig, arddangoswyr (dan, din, dawn, dak, dik, dawk), ac ymholiadau (min, x&#8217;, fejn, meta). Bydd dod yn gyfarwydd \u00e2&#8217;r rhagenwau hyn a&#8217;u ffurfiau yn gwella eich gafael ar ramadeg Malta yn sylweddol.<\/p>\n\n\n\n<h3 class=\"wp-block-heading\" id=\"h-4-verbs-structure-and-conjugation\">4. Berfau: Strwythur a chyfuniad<\/h3>\n\n\n\n<p>Mae berfau Malta wedi&#8217;u hadeiladu ar wreiddiau a phatrymau ac yn cyfuniad ar gyfer person, rhif, ac weithiau rhyw. Mae&#8217;r coesynnau craidd yn nodi&#8217;r gorffennol a&#8217;r gorffennol, gyda&#8217;r dyfodol yn aml wedi&#8217;i nodi gan y gronyn se. Mae elfennau ychwanegol yn cynnwys yr amodol gyda kieku a ffurfiau gorfodol. Gall rhagenwau gwrthrych atodi berfau, fel yn rajtek (Gwelais chi). Dysgu&#8217;r patrymau cyfuniad berfau, gronynnau, a negyddu gyda ma &#8230; x will improve your ability to communicate effective in Maltese.<\/p>\n\n\n\n<h3 class=\"wp-block-heading\" id=\"h-5-adjectives-agreement-and-placement\">5. Ansoddeiriau: Cytundeb a Lleoliad<\/h3>\n\n\n\n<p>Mewn gramadeg Malta, mae ansoddeiriau fel arfer yn dilyn yr enw maen nhw&#8217;n ei addasu ac yn cytuno mewn rhyw a rhif gyda&#8217;r enw. Mae llawer o ansoddeiriau yn ffurfio amrywiadau benywaidd a lluosog, ac mae cymhariaethau a goruchafiaethau yn cael eu mynegi yn gyffredin gydag aktar neu i\u017cjed, ochr yn ochr ag ychydig o ffurfiau afreolaidd fel a\u0127jar ac ag\u0127ar, sy&#8217;n hanfodol i ddysgu cyfathrebu&#8217;n fwy naturiol.<\/p>\n\n\n\n<p><strong>Enghreifftiau:<\/strong><\/p>\n\n\n\n<p><strong>&#8211; im\u0127abba kbira (cariad mawr)<\/strong><\/p>\n\n\n\n<p><strong>&#8211; Tfal \u017cg\u0127ar (plant bach)<\/strong><\/p>\n\n\n\n<h3 class=\"wp-block-heading\" id=\"h-6-engaging-with-the-language\">6. Ymgysylltu \u00e2&#8217;r iaith<\/h3>\n\n\n\n<p>Y ffordd fwyaf effeithiol o ddeall a mewnoli gramadeg Malta yn llawn yw ymgysylltu&#8217;n gyson \u00e2&#8217;r iaith. Trwy ddarllen llenyddiaeth Malta, gwylio ffilmiau neu gyfresi teledu Maltese, a chyfathrebu&#8217;n weithredol \u00e2 siaradwyr brodorol, byddwch yn atgyfnerthu eich dealltwriaeth o ramadeg wrth ehangu eich geirfa.<\/p>\n\n\n\n<h3 class=\"wp-block-heading\" id=\"h-conclusion\">Casgliad<\/h3>\n\n\n\n<p>Er y gall gramadeg Malteg ymddangos yn gymhleth, gallwch ddod yn hyfedr yn yr iaith hardd hon gydag ymroddiad, ymarfer a brwdfrydedd. Trwy ganolbwyntio ar y rheolau sylfaenol ac ymgysylltu \u00e2&#8217;r iaith ar draws gwahanol gyd-destunau, byddwch yn gwella eich <a href=\"https:\/\/talkpal.ai\/cy\/gramadeg\/\">sgiliau gramadeg<\/a> Malteg yn gyflym. Xorti tajba (pob lwc) gyda&#8217;ch taith iaith Malta, a mwynhewch ddatgelu byd enigmatig ond cyfareddol gramadeg Malta!<\/p>\n<\/div><\/div>\n\r\n<section class=\"learnNavigationSection\">\r\n            \r\n        <a href=\"https:\/\/talkpal.ai\/cy\/dysgu-malteg\/\">\r\n            <div class=\"learnNavigationWrapper\">\r\n                <div class=\"learnNavigationContent\">\r\n                    <img decoding=\"async\" src=\"https:\/\/talkpal.ai\/wp-content\/uploads\/2025\/11\/Maltese.png\" alt=\"Maltese Flag\">\r\n                    <div>\r\n                        <h4>Yngl\u0177n \u00e2 Dysgu Maltese<\/h4>\r\n                        <p>Darganfyddwch bopeth am Ramadeg Malta.<\/p>\r\n                    <\/div>\r\n                <\/div>\r\n            <\/div>\r\n        <\/a>\r\n\r\n        \r\n        <a href=\"https:\/\/talkpal.ai\/cy\/ymarferion-gramadeg-malteg\/\">\r\n            <div class=\"learnNavigationWrapper\">\r\n                <div class=\"learnNavigationContent\">\r\n                    <img decoding=\"async\" src=\"https:\/\/talkpal.ai\/wp-content\/uploads\/2025\/11\/Maltese.png\" alt=\"Maltese Flag\">\r\n                    <div>\r\n                        <h4>Ymarfer Gramadeg Malteg<\/h4>\r\n                        <p>Ymarfer gramadeg Malta.<\/p>\r\n                    <\/div>\r\n                <\/div>\r\n            <\/div>\r\n        <\/a>\r\n\r\n            <\/section>","protected":false},"excerpt":{"rendered":"<p>Llywio cymhlethdodau gramadeg Malta Mae Maltese, iaith Semitaidd gyda gwreiddiau M\u00f4r y Canoldir dwfn ac arwyddoc\u00e2d diwylliannol bywiog, yn cynnig profiad ieithyddol cyffrous i&#8217;r rhai sy&#8217;n awyddus i archwilio ei system ramadeg unigryw. Wrth i chi fentro i fyd Malta, byddwch nid yn unig yn cyfoethogi eich repertoire ieithyddol ond hefyd yn cofleidio taith ddiwylliannol [&hellip;]<\/p>\n","protected":false},"author":20,"featured_media":0,"parent":0,"menu_order":0,"comment_status":"closed","ping_status":"closed","template":"LearningContentPage.php","meta":{"_acf_changed":false,"footnotes":""},"class_list":["post-1475106","page","type-page","status-publish","hentry"],"acf":[],"yoast_head":"<!-- This site is optimized with the Yoast SEO Premium plugin v27.2 (Yoast SEO v27.2) - https:\/\/yoast.com\/product\/yoast-seo-premium-wordpress\/ -->\n<title>Gramadeg Malta - Talkpal<\/title>\n<meta name=\"description\" content=\"Datgloi cyfrinachau gramadeg Malteg drwy feistroli&#039;r wyddor, ffoneteg, patrymau berfau, a rheolau hanfodol ar gyfer rhuglder.\" \/>\n<meta name=\"robots\" content=\"index, follow, max-snippet:-1, max-image-preview:large, max-video-preview:-1\" \/>\n<link rel=\"canonical\" href=\"https:\/\/talkpal.ai\/cy\/gramadeg-malta\/\" \/>\n<meta property=\"og:locale\" content=\"cy_GB\" \/>\n<meta property=\"og:type\" content=\"article\" \/>\n<meta property=\"og:title\" content=\"Gramadeg Malta\" \/>\n<meta property=\"og:description\" content=\"Llywio cymhlethdodau gramadeg Malta Mae Maltese, iaith Semitaidd gyda gwreiddiau M\u00f4r y Canoldir dwfn ac arwyddoc\u00e2d diwylliannol bywiog, yn cynnig profiad\" \/>\n<meta property=\"og:url\" content=\"https:\/\/talkpal.ai\/cy\/gramadeg-malta\/\" \/>\n<meta property=\"og:site_name\" content=\"Talkpal\" \/>\n<meta property=\"article:publisher\" content=\"https:\/\/www.facebook.com\/profile.php?id=100090733639311\" \/>\n<meta property=\"article:modified_time\" content=\"2025-12-30T13:55:22+00:00\" \/>\n<meta property=\"og:image\" content=\"https:\/\/talkpal.ai\/wp-content\/uploads\/2025\/02\/Progress-tab-16_9.png\" \/>\n\t<meta property=\"og:image:width\" content=\"2880\" \/>\n\t<meta property=\"og:image:height\" content=\"1620\" \/>\n\t<meta property=\"og:image:type\" content=\"image\/png\" \/>\n<meta name=\"twitter:card\" content=\"summary_large_image\" \/>\n<meta name=\"twitter:site\" content=\"@talkpalai\" \/>\n<meta name=\"twitter:label1\" content=\"Est. reading time\" \/>\n\t<meta name=\"twitter:data1\" content=\"3 minutes\" \/>\n<script type=\"application\/ld+json\" class=\"yoast-schema-graph\">{\"@context\":\"https:\/\/schema.org\",\"@graph\":[{\"@type\":\"WebPage\",\"@id\":\"https:\/\/talkpal.ai\/cy\/gramadeg-malta\/\",\"url\":\"https:\/\/talkpal.ai\/cy\/gramadeg-malta\/\",\"name\":\"Gramadeg Malta - Talkpal\",\"isPartOf\":{\"@id\":\"https:\/\/talkpal.ai\/cy\/#website\"},\"datePublished\":\"2025-11-12T15:39:07+00:00\",\"dateModified\":\"2025-12-30T13:55:22+00:00\",\"description\":\"Datgloi cyfrinachau gramadeg Malteg drwy feistroli'r wyddor, ffoneteg, patrymau berfau, a rheolau hanfodol ar gyfer rhuglder.\",\"breadcrumb\":{\"@id\":\"https:\/\/talkpal.ai\/cy\/gramadeg-malta\/#breadcrumb\"},\"inLanguage\":\"cy-GB\",\"potentialAction\":[{\"@type\":\"ReadAction\",\"target\":[\"https:\/\/talkpal.ai\/cy\/gramadeg-malta\/\"]}]},{\"@type\":\"BreadcrumbList\",\"@id\":\"https:\/\/talkpal.ai\/cy\/gramadeg-malta\/#breadcrumb\",\"itemListElement\":[{\"@type\":\"ListItem\",\"position\":1,\"name\":\"Homepage\",\"item\":\"https:\/\/talkpal.ai\/cy\/ai-athro-iaith-3\/\"},{\"@type\":\"ListItem\",\"position\":2,\"name\":\"Gramadeg Malta\"}]},{\"@type\":\"WebSite\",\"@id\":\"https:\/\/talkpal.ai\/cy\/#website\",\"url\":\"https:\/\/talkpal.ai\/cy\/\",\"name\":\"Talkpal\",\"description\":\"AI Language Learning\",\"publisher\":{\"@id\":\"https:\/\/talkpal.ai\/cy\/#organization\"},\"alternateName\":\"Talkpal AI\",\"potentialAction\":[{\"@type\":\"SearchAction\",\"target\":{\"@type\":\"EntryPoint\",\"urlTemplate\":\"https:\/\/talkpal.ai\/cy\/?s={search_term_string}\"},\"query-input\":{\"@type\":\"PropertyValueSpecification\",\"valueRequired\":true,\"valueName\":\"search_term_string\"}}],\"inLanguage\":\"cy-GB\"},{\"@type\":\"Organization\",\"@id\":\"https:\/\/talkpal.ai\/cy\/#organization\",\"name\":\"Talkpal, Inc.\",\"alternateName\":\"Talkpal AI\",\"url\":\"https:\/\/talkpal.ai\/cy\/\",\"logo\":{\"@type\":\"ImageObject\",\"inLanguage\":\"cy-GB\",\"@id\":\"https:\/\/talkpal.ai\/cy\/#\/schema\/logo\/image\/\",\"url\":\"https:\/\/talkpal.ai\/wp-content\/uploads\/2024\/03\/Talkpal-Logo-Icon.png\",\"contentUrl\":\"https:\/\/talkpal.ai\/wp-content\/uploads\/2024\/03\/Talkpal-Logo-Icon.png\",\"width\":2880,\"height\":2880,\"caption\":\"Talkpal, Inc.\"},\"image\":{\"@id\":\"https:\/\/talkpal.ai\/cy\/#\/schema\/logo\/image\/\"},\"sameAs\":[\"https:\/\/www.facebook.com\/profile.php?id=100090733639311\",\"https:\/\/x.com\/talkpalai\",\"https:\/\/www.linkedin.com\/company\/talkpal\/\",\"https:\/\/www.youtube.com\/@TalkPal\/\",\"https:\/\/www.tiktok.com\/@talkpal\",\"https:\/\/www.instagram.com\/talkpal_ai\/\",\"https:\/\/www.crunchbase.com\/organization\/talkpal-9cde\",\"https:\/\/www.g2.com\/products\/talkpal-for-business\/\",\"https:\/\/www.trustpilot.com\/review\/talkpal.ai\",\"https:\/\/www.capterra.com\/p\/10006800\/TalkPal\/\"],\"description\":\"Talkpal is a language learning web and mobile education app, powered by the latest AI technologies, that provides engaging experiences to its customers in many different languages to help them improve their language skills. Users can chat about unlimited amount of topics with the app and use other modes to practice their language learning.\",\"email\":\"support@talkpal.ai\",\"legalName\":\"Talkpal, Inc.\",\"foundingDate\":\"2023-04-03\",\"duns\":\"118989042\",\"numberOfEmployees\":{\"@type\":\"QuantitativeValue\",\"minValue\":\"11\",\"maxValue\":\"50\"},\"publishingPrinciples\":\"https:\/\/talkpal.ai\/publishing-principles\/\",\"actionableFeedbackPolicy\":\"https:\/\/talkpal.ai\/actionable-feedback-policy\/\",\"correctionsPolicy\":\"https:\/\/talkpal.ai\/corrections-policy\/\",\"ethicsPolicy\":\"https:\/\/talkpal.ai\/ethics-policy\/\",\"diversityPolicy\":\"https:\/\/talkpal.ai\/diversity-policy\/\",\"diversityStaffingReport\":\"https:\/\/talkpal.ai\/diversity-policy\/\"}]}<\/script>\n<!-- \/ Yoast SEO Premium plugin. -->","yoast_head_json":{"title":"Gramadeg Malta - Talkpal","description":"Datgloi cyfrinachau gramadeg Malteg drwy feistroli'r wyddor, ffoneteg, patrymau berfau, a rheolau hanfodol ar gyfer rhuglder.","robots":{"index":"index","follow":"follow","max-snippet":"max-snippet:-1","max-image-preview":"max-image-preview:large","max-video-preview":"max-video-preview:-1"},"canonical":"https:\/\/talkpal.ai\/cy\/gramadeg-malta\/","og_locale":"cy_GB","og_type":"article","og_title":"Gramadeg Malta","og_description":"Llywio cymhlethdodau gramadeg Malta Mae Maltese, iaith Semitaidd gyda gwreiddiau M\u00f4r y Canoldir dwfn ac arwyddoc\u00e2d diwylliannol bywiog, yn cynnig profiad","og_url":"https:\/\/talkpal.ai\/cy\/gramadeg-malta\/","og_site_name":"Talkpal","article_publisher":"https:\/\/www.facebook.com\/profile.php?id=100090733639311","article_modified_time":"2025-12-30T13:55:22+00:00","og_image":[{"width":2880,"height":1620,"url":"https:\/\/talkpal.ai\/wp-content\/uploads\/2025\/02\/Progress-tab-16_9.png","type":"image\/png"}],"twitter_card":"summary_large_image","twitter_site":"@talkpalai","twitter_misc":{"Est. reading time":"3 minutes"},"schema":{"@context":"https:\/\/schema.org","@graph":[{"@type":"WebPage","@id":"https:\/\/talkpal.ai\/cy\/gramadeg-malta\/","url":"https:\/\/talkpal.ai\/cy\/gramadeg-malta\/","name":"Gramadeg Malta - Talkpal","isPartOf":{"@id":"https:\/\/talkpal.ai\/cy\/#website"},"datePublished":"2025-11-12T15:39:07+00:00","dateModified":"2025-12-30T13:55:22+00:00","description":"Datgloi cyfrinachau gramadeg Malteg drwy feistroli'r wyddor, ffoneteg, patrymau berfau, a rheolau hanfodol ar gyfer rhuglder.","breadcrumb":{"@id":"https:\/\/talkpal.ai\/cy\/gramadeg-malta\/#breadcrumb"},"inLanguage":"cy-GB","potentialAction":[{"@type":"ReadAction","target":["https:\/\/talkpal.ai\/cy\/gramadeg-malta\/"]}]},{"@type":"BreadcrumbList","@id":"https:\/\/talkpal.ai\/cy\/gramadeg-malta\/#breadcrumb","itemListElement":[{"@type":"ListItem","position":1,"name":"Homepage","item":"https:\/\/talkpal.ai\/cy\/ai-athro-iaith-3\/"},{"@type":"ListItem","position":2,"name":"Gramadeg Malta"}]},{"@type":"WebSite","@id":"https:\/\/talkpal.ai\/cy\/#website","url":"https:\/\/talkpal.ai\/cy\/","name":"Talkpal","description":"AI Language Learning","publisher":{"@id":"https:\/\/talkpal.ai\/cy\/#organization"},"alternateName":"Talkpal AI","potentialAction":[{"@type":"SearchAction","target":{"@type":"EntryPoint","urlTemplate":"https:\/\/talkpal.ai\/cy\/?s={search_term_string}"},"query-input":{"@type":"PropertyValueSpecification","valueRequired":true,"valueName":"search_term_string"}}],"inLanguage":"cy-GB"},{"@type":"Organization","@id":"https:\/\/talkpal.ai\/cy\/#organization","name":"Talkpal, Inc.","alternateName":"Talkpal AI","url":"https:\/\/talkpal.ai\/cy\/","logo":{"@type":"ImageObject","inLanguage":"cy-GB","@id":"https:\/\/talkpal.ai\/cy\/#\/schema\/logo\/image\/","url":"https:\/\/talkpal.ai\/wp-content\/uploads\/2024\/03\/Talkpal-Logo-Icon.png","contentUrl":"https:\/\/talkpal.ai\/wp-content\/uploads\/2024\/03\/Talkpal-Logo-Icon.png","width":2880,"height":2880,"caption":"Talkpal, Inc."},"image":{"@id":"https:\/\/talkpal.ai\/cy\/#\/schema\/logo\/image\/"},"sameAs":["https:\/\/www.facebook.com\/profile.php?id=100090733639311","https:\/\/x.com\/talkpalai","https:\/\/www.linkedin.com\/company\/talkpal\/","https:\/\/www.youtube.com\/@TalkPal\/","https:\/\/www.tiktok.com\/@talkpal","https:\/\/www.instagram.com\/talkpal_ai\/","https:\/\/www.crunchbase.com\/organization\/talkpal-9cde","https:\/\/www.g2.com\/products\/talkpal-for-business\/","https:\/\/www.trustpilot.com\/review\/talkpal.ai","https:\/\/www.capterra.com\/p\/10006800\/TalkPal\/"],"description":"Talkpal is a language learning web and mobile education app, powered by the latest AI technologies, that provides engaging experiences to its customers in many different languages to help them improve their language skills. Users can chat about unlimited amount of topics with the app and use other modes to practice their language learning.","email":"support@talkpal.ai","legalName":"Talkpal, Inc.","foundingDate":"2023-04-03","duns":"118989042","numberOfEmployees":{"@type":"QuantitativeValue","minValue":"11","maxValue":"50"},"publishingPrinciples":"https:\/\/talkpal.ai\/publishing-principles\/","actionableFeedbackPolicy":"https:\/\/talkpal.ai\/actionable-feedback-policy\/","correctionsPolicy":"https:\/\/talkpal.ai\/corrections-policy\/","ethicsPolicy":"https:\/\/talkpal.ai\/ethics-policy\/","diversityPolicy":"https:\/\/talkpal.ai\/diversity-policy\/","diversityStaffingReport":"https:\/\/talkpal.ai\/diversity-policy\/"}]}},"_links":{"self":[{"href":"https:\/\/talkpal.ai\/cy\/wp-json\/wp\/v2\/pages\/1475106","targetHints":{"allow":["GET"]}}],"collection":[{"href":"https:\/\/talkpal.ai\/cy\/wp-json\/wp\/v2\/pages"}],"about":[{"href":"https:\/\/talkpal.ai\/cy\/wp-json\/wp\/v2\/types\/page"}],"author":[{"embeddable":true,"href":"https:\/\/talkpal.ai\/cy\/wp-json\/wp\/v2\/users\/20"}],"replies":[{"embeddable":true,"href":"https:\/\/talkpal.ai\/cy\/wp-json\/wp\/v2\/comments?post=1475106"}],"version-history":[{"count":0,"href":"https:\/\/talkpal.ai\/cy\/wp-json\/wp\/v2\/pages\/1475106\/revisions"}],"wp:attachment":[{"href":"https:\/\/talkpal.ai\/cy\/wp-json\/wp\/v2\/media?parent=1475106"}],"curies":[{"name":"wp","href":"https:\/\/api.w.org\/{rel}","templated":true}]}}