{"id":1475065,"date":"2025-11-12T12:14:54","date_gmt":"2025-11-12T12:14:54","guid":{"rendered":"https:\/\/talkpal.ai\/ymarferion-gramadeg-lao\/"},"modified":"2025-12-30T14:07:52","modified_gmt":"2025-12-30T14:07:52","slug":"ymarferion-gramadeg-lao","status":"publish","type":"page","link":"https:\/\/talkpal.ai\/cy\/ymarferion-gramadeg-lao\/","title":{"rendered":"Ymarferion Gramadeg Lao"},"content":{"rendered":"\r\n\r\n\r\n<section class=\"languageChallengeSection\">\r\n    <div class=\"languageInfoWrapper\">\r\n        \r\n        <h1>Ymarferion Gramadeg Lao<\/h1>\r\n        <p>Yn barod i blymio i ramadeg <a href=\"https:\/\/talkpal.ai\/learn-lao\/\">Lao<\/a>? Bydd ymarfer ychydig o pethau sylfaenol yn eich helpu i fod yn gyfforddus gyda&#039;r iaith unigryw a hardd hon. Rhowch gynnig ar yr ymarferion hyn i adeiladu eich hyder a chael hwyl ar hyd y ffordd!<\/p>\r\n\r\n                            <a class=\"getStartedHidden\" href=\"https:\/\/app.talkpal.ai\/signup?lng=\">Dechrau<\/a>\r\n        \r\n    <\/div>\r\n\r\n    <figure>\r\n    <img decoding=\"async\" width=\"768\" height=\"768\" src=\"https:\/\/talkpal.ai\/wp-content\/uploads\/2023\/06\/welsh-768x768.png\" class=\"languageImage no-lazy\" alt=\"Language learning for better cognitive abilities\" fetchpriority=\"high\" sizes=\"(max-width: 768px) 150px, 768px\" srcset=\"https:\/\/talkpal.ai\/wp-content\/uploads\/2023\/06\/welsh-768x768.png 768w, https:\/\/talkpal.ai\/wp-content\/uploads\/2023\/06\/welsh-300x300.png 300w\" \/>\r\n    \r\n\r\n    <\/figure>\r\n\r\n            <a class=\"getStartedVisible\" href=\"https:\/\/app.talkpal.ai\/signup?lng=\">Dechrau<\/a>\r\n    \r\n<\/section><section class=\"promotionalBanner\">\r\n    <p class=\"promotionalText\">Y ffordd fwyaf effeithlon o ddysgu iaith<\/p>\r\n    <a class=\"promotionalLink\" href=\"https:\/\/app.talkpal.ai\/signup?lng=\">Rhowch gynnig ar Talkpal am ddim<\/a>\r\n<\/section>\n<div class=\"wp-block-group pageContainerStyle\"><div class=\"wp-block-group__inner-container is-layout-constrained wp-block-group-is-layout-constrained\">\n<h2 class=\"wp-block-heading\" id=\"h-lao-grammar-topics\">Pynciau Gramadeg Laos<\/h2>\n\n\n\n<p><a href=\"https:\/\/talkpal.ai\/cy\/camgymeriadau-mwyaf-iw-hosgoi-wrth-ddysgu-iaith-newydd\/\">Gall dysgu iaith newydd<\/a> fod yn ymdrech heriol ond gwerth chweil. Nid yw Lao, iaith Tai-Kadai a siaredir yn bennaf yn <a href=\"https:\/\/talkpal.ai\/learn-lao\/\">Laos<\/a>, yn eithriad. Gyda&#8217;i nodweddion a&#8217;i strwythurau unigryw, mae <a href=\"https:\/\/talkpal.ai\/cy\/talkpal-ar-gyfer-addysg\/\">dysgu<\/a> Laos yn gofyn am ddull systematig o ddeall sut mae ystyr yn cael ei adeiladu gyda gronynnau, trefn geiriau, a dosbarthwyr yn hytrach na ffurflennu. Mae&#8217;r canllaw hwn yn amlinellu meysydd allweddol <a href=\"https:\/\/talkpal.ai\/cy\/gramadeg-lao\/\">gramadeg Lao<\/a> mewn dilyniant rhesymegol ar gyfer <a href=\"https:\/\/talkpal.ai\/cy\/ai-chatbot-ar-gyfer-dysgu-iaith\/\">dysgu iaith<\/a>, gan ddechrau o&#8217;r pethau sylfaenol fel enwau a dosbarthwyr, a symud ymlaen i feysydd mwy cymhleth fel marcwyr agweddau ac adeiladu brawddegau.<\/p>\n\n\n\n<h3 class=\"wp-block-heading\" id=\"h-1-nouns\">1. Enwau:<\/h3>\n\n\n\n<p>Dechreuwch eich taith iaith Lao trwy ddysgu&#8217;r enwau. Mae hyn yn cynnwys deall enwau cyffredin a phriodol, sut mae lluosogrwydd yn cael ei ddangos trwy gyd-destun, rhifolion a geiriau fel llawer, yn ogystal \u00e2 r\u00f4l hanfodol dosbarthwyr ar \u00f4l rhifau a meintiolwyr.<\/p>\n\n\n\n<h3 class=\"wp-block-heading\" id=\"h-2-articles\">2. Erthyglau:<\/h3>\n\n\n\n<p>Nid yw Lao yn defnyddio erthyglau pendant neu amhenodol. Yn hytrach, mynegir diffiniaeth a phenodoldeb trwy gyd-destun, arddangosiadau fel hyn a hynny, ac adeiladau dosbarthwyr.<\/p>\n\n\n\n<h3 class=\"wp-block-heading\" id=\"h-3-adjectives\">3. Ansoddeiriau:<\/h3>\n\n\n\n<p>Mae ansoddeiriau yn Lao fel arfer yn dilyn yr enwau maen nhw&#8217;n eu haddasu. Dysgwch sut y gall ansoddeiriau hefyd weithredu fel rhagdybiaethau, a sut i ffurfio cymariaethau gan ddefnyddio marcwyr ar gyfer mwy a na, yn ogystal \u00e2 superlatives gyda&#8217;r mwyafrif.<\/p>\n\n\n\n<h3 class=\"wp-block-heading\" id=\"h-4-pronouns-determiners\">4. Rhagenwau \/ Penderfynwyr:<\/h3>\n\n\n\n<p>Mae rhagenwau a phenderfynyddion yn hanfodol yn Lao; Mae rhagenwau yn amrywio yn \u00f4l cwrteisi, oedran, a chyd-destun cymdeithasol. Mae penderfynwyr yn cynnwys dangosyddion a meintiolwyr, ac mae meddiant yn cael ei farcio&#8217;n gyffredin gyda&#8217;r gair am o rhwng y meddiant a&#8217;r enw.<\/p>\n\n\n\n<h3 class=\"wp-block-heading\" id=\"h-5-verbs\">5. Berfau:<\/h3>\n\n\n\n<p>Nid yw berfau Lao yn newid ffurf ar gyfer amser, person, neu rif. Dangosir amser, agwedd a hwyliau gyda gronynnau a geiriau ategol. Dechreuwch gyda phatrymau berfau sylfaenol a dysgwch farcwyr cyffredin ar gyfer gorffennol, cwblhau, gweithredu parhaus, a bwriad.<\/p>\n\n\n\n<h3 class=\"wp-block-heading\" id=\"h-6-tenses\">6. Amserau:<\/h3>\n\n\n\n<p>Ar \u00f4l meistroli patrymau berfau sylfaenol, ymchwiliwch yn ddyfnach i sut mae Lao yn mynegi amser heb amserau ffurfiol. Mae hyn yn cynnwys defnyddio geiriau amser a marcwyr agwedd i wahaniaethu rhwng sefyllfaoedd presennol, digwyddiadau wedi&#8217;u cwblhau, a gweithredoedd yn y dyfodol neu a fwriadwyd mewn gwahanol gyd-destunau.<\/p>\n\n\n\n<h3 class=\"wp-block-heading\" id=\"h-7-tense-comparison\">7. Cymhariaeth Tense:<\/h3>\n\n\n\n<p>Mae cymharu marcio amser ac agwedd yn Lao yn helpu i ddeall dilyniant a safbwynt digwyddiadau. Cymharwch yr un cymal \u00e2 gwahanol ronynnau i weld sut mae ystyr yn newid rhwng darlleniadau cwblhau, parhaus, arferol a darpar ddarlleniadau.<\/p>\n\n\n\n<h3 class=\"wp-block-heading\" id=\"h-8-progressive\">8. Blaengar:<\/h3>\n\n\n\n<p>Mae&#8217;r blaengar yn Lao yn cael ei ddefnyddio i fynegi gweithredoedd parhaus. Mae&#8217;n cael ei ffurfio&#8217;n gyffredin gyda marciwr cyn-eiriol ar gyfer ar y gweill a gellir ei atgyfnerthu gyda marciwr brawddeg-derfynol neu \u00f4l-eiriol sy&#8217;n dynodi cyflwr cyfredol.<\/p>\n\n\n\n<h3 class=\"wp-block-heading\" id=\"h-9-perfect-progressive\">9. Blaengar Perffaith:<\/h3>\n\n\n\n<p>Mynegir yr ystyr hwn gyda chyfuniadau sy&#8217;n dangos hyd hyd at bwynt cyfeirio. Mae Lao yn defnyddio marcwyr agwedd, mynegiant amser, a gronynnau sy&#8217;n nodi eisoes neu hyd yn hyn i gyfleu <a href=\"https:\/\/talkpal.ai\/culture\/how-do-i-use-wedi-bod-to-express-have-been\/\">wedi bod<\/a> yn gwneud ers cyfnod.<\/p>\n\n\n\n<h3 class=\"wp-block-heading\" id=\"h-10-conditionals\">10. Amodau:<\/h3>\n\n\n\n<p>Mae amodoliadau yn mynegi sefyllfaoedd damcaniaethol a&#8217;u canlyniadau posibl. Maent yn cael eu ffurfio gyda chymal if wedi&#8217;i ddilyn gan gymal canlyniad, yn aml yn defnyddio gronynnau moddol i nodi tebygolrwydd neu fwriad yn hytrach na newidiadau tensiwn.<\/p>\n\n\n\n<h3 class=\"wp-block-heading\" id=\"h-11-adverbs\">11. Adferfau:<\/h3>\n\n\n\n<p>Mae adferfau yn Lao yn addasu berfau, ansoddeiriau, neu adferfau eraill. Maent yn ymddangos fel arfer ar \u00f4l y ferf neu ar ddiwedd y cymal ac yn darparu gwybodaeth am fodd, lle, amser, gradd, a mwy.<\/p>\n\n\n\n<h3 class=\"wp-block-heading\" id=\"h-12-prepositions\">12. Arddueddiadau:<\/h3>\n\n\n\n<p>Mae arddodiaid yn cysylltu geiriau ac ymadroddion gyda&#8217;i gilydd. Yn Lao mae llawer o&#8217;r rhain yn coverbs sy&#8217;n digwydd cyn yr enw neu mewn cystrawennau berfau cyfresol i fynegi perthnasoedd amser, lle, cyfeiriad a chyfeiliant.<\/p>\n\n\n\n<h3 class=\"wp-block-heading\" id=\"h-13-sentences\">13. Brawddegau:<\/h3>\n\n\n\n<p>Yn olaf, ymarferwch adeiladu brawddegau. Mae Lao yn wrthrych berf pwnc yn bennaf, gyda negiad cyn y ferf a gronynnau cwestiwn neu eiriau cwestiwn yn eu safle. Defnyddiwch yr holl bwyntiau gramadeg a ddysgwyd yn flaenorol mewn cyd-destun, gan gynnwys dosbarthwyr, marcwyr agwedd, a berfau cyfresol, i sicrhau dealltwriaeth gynhwysfawr o&#8217;r iaith Lao.<\/p>\n<\/div><\/div>\n\r\n<section class=\"learnNavigationSection\">\r\n            \r\n        <a href=\"https:\/\/talkpal.ai\/cy\/dysgu-lao\/\">\r\n            <div class=\"learnNavigationWrapper\">\r\n                <div class=\"learnNavigationContent\">\r\n                    <img decoding=\"async\" src=\"https:\/\/talkpal.ai\/wp-content\/uploads\/2025\/11\/Lao-1.png\" alt=\"Laotian Flag\">\r\n                    <div>\r\n                        <h4>Yngl\u0177n \u00e2 Lao Learning<\/h4>\r\n                        <p>Darganfyddwch bopeth am Lao Grammar.<\/p>\r\n                    <\/div>\r\n                <\/div>\r\n            <\/div>\r\n        <\/a>\r\n\r\n        \r\n        <a href=\"https:\/\/talkpal.ai\/cy\/gramadeg-lao\/\">\r\n            <div class=\"learnNavigationWrapper\">\r\n                <div class=\"learnNavigationContent\">\r\n                    <img decoding=\"async\" src=\"https:\/\/talkpal.ai\/wp-content\/uploads\/2025\/11\/Lao-1.png\" alt=\"Laotian Flag\">\r\n                    <div>\r\n                        <h4>Gwersi Gramadeg Laos<\/h4>\r\n                        <p>Ymarfer gramadeg Lao.<\/p>\r\n                    <\/div>\r\n                <\/div>\r\n            <\/div>\r\n        <\/a>\r\n\r\n            <\/section>","protected":false},"excerpt":{"rendered":"<p>Pynciau Gramadeg Laos Gall dysgu iaith newydd fod yn ymdrech heriol ond gwerth chweil. Nid yw Lao, iaith Tai-Kadai a siaredir yn bennaf yn Laos, yn eithriad. Gyda&#8217;i nodweddion a&#8217;i strwythurau unigryw, mae dysgu Laos yn gofyn am ddull systematig o ddeall sut mae ystyr yn cael ei adeiladu gyda gronynnau, trefn geiriau, a dosbarthwyr [&hellip;]<\/p>\n","protected":false},"author":20,"featured_media":0,"parent":0,"menu_order":0,"comment_status":"closed","ping_status":"closed","template":"LearningContentPage.php","meta":{"_acf_changed":false,"footnotes":""},"class_list":["post-1475065","page","type-page","status-publish","hentry"],"acf":[],"yoast_head":"<!-- This site is optimized with the Yoast SEO Premium plugin v27.2 (Yoast SEO v27.2) - https:\/\/yoast.com\/product\/yoast-seo-premium-wordpress\/ -->\n<title>Ymarferion Gramadeg Lao - Talkpal<\/title>\n<meta name=\"description\" content=\"Meistroli gramadeg Laoeg gydag ymarferion rhyngweithiol wedi&#039;u cynllunio i&#039;ch helpu i feithrin rhuglder a hyder yn yr iaith.\" \/>\n<meta name=\"robots\" content=\"index, follow, max-snippet:-1, max-image-preview:large, max-video-preview:-1\" \/>\n<link rel=\"canonical\" href=\"https:\/\/talkpal.ai\/cy\/ymarferion-gramadeg-lao\/\" \/>\n<meta property=\"og:locale\" content=\"cy_GB\" \/>\n<meta property=\"og:type\" content=\"article\" \/>\n<meta property=\"og:title\" content=\"Ymarferion Gramadeg Lao\" \/>\n<meta property=\"og:description\" content=\"Pynciau Gramadeg Laos Gall dysgu iaith newydd fod yn ymdrech heriol ond gwerth chweil. Nid yw Lao, iaith Tai-Kadai a siaredir yn bennaf yn Laos, yn\" \/>\n<meta property=\"og:url\" content=\"https:\/\/talkpal.ai\/cy\/ymarferion-gramadeg-lao\/\" \/>\n<meta property=\"og:site_name\" content=\"Talkpal\" \/>\n<meta property=\"article:publisher\" content=\"https:\/\/www.facebook.com\/profile.php?id=100090733639311\" \/>\n<meta property=\"article:modified_time\" content=\"2025-12-30T14:07:52+00:00\" \/>\n<meta property=\"og:image\" content=\"https:\/\/talkpal.ai\/wp-content\/uploads\/2025\/02\/Progress-tab-16_9.png\" \/>\n\t<meta property=\"og:image:width\" content=\"2880\" \/>\n\t<meta property=\"og:image:height\" content=\"1620\" \/>\n\t<meta property=\"og:image:type\" content=\"image\/png\" \/>\n<meta name=\"twitter:card\" content=\"summary_large_image\" \/>\n<meta name=\"twitter:site\" content=\"@talkpalai\" \/>\n<meta name=\"twitter:label1\" content=\"Est. reading time\" \/>\n\t<meta name=\"twitter:data1\" content=\"3 minutes\" \/>\n<script type=\"application\/ld+json\" class=\"yoast-schema-graph\">{\"@context\":\"https:\/\/schema.org\",\"@graph\":[{\"@type\":\"WebPage\",\"@id\":\"https:\/\/talkpal.ai\/cy\/ymarferion-gramadeg-lao\/\",\"url\":\"https:\/\/talkpal.ai\/cy\/ymarferion-gramadeg-lao\/\",\"name\":\"Ymarferion Gramadeg Lao - Talkpal\",\"isPartOf\":{\"@id\":\"https:\/\/talkpal.ai\/cy\/#website\"},\"datePublished\":\"2025-11-12T12:14:54+00:00\",\"dateModified\":\"2025-12-30T14:07:52+00:00\",\"description\":\"Meistroli gramadeg Laoeg gydag ymarferion rhyngweithiol wedi'u cynllunio i'ch helpu i feithrin rhuglder a hyder yn yr iaith.\",\"breadcrumb\":{\"@id\":\"https:\/\/talkpal.ai\/cy\/ymarferion-gramadeg-lao\/#breadcrumb\"},\"inLanguage\":\"cy-GB\",\"potentialAction\":[{\"@type\":\"ReadAction\",\"target\":[\"https:\/\/talkpal.ai\/cy\/ymarferion-gramadeg-lao\/\"]}]},{\"@type\":\"BreadcrumbList\",\"@id\":\"https:\/\/talkpal.ai\/cy\/ymarferion-gramadeg-lao\/#breadcrumb\",\"itemListElement\":[{\"@type\":\"ListItem\",\"position\":1,\"name\":\"Homepage\",\"item\":\"https:\/\/talkpal.ai\/cy\/ai-athro-iaith-3\/\"},{\"@type\":\"ListItem\",\"position\":2,\"name\":\"Ymarferion Gramadeg Lao\"}]},{\"@type\":\"WebSite\",\"@id\":\"https:\/\/talkpal.ai\/cy\/#website\",\"url\":\"https:\/\/talkpal.ai\/cy\/\",\"name\":\"Talkpal\",\"description\":\"AI Language Learning\",\"publisher\":{\"@id\":\"https:\/\/talkpal.ai\/cy\/#organization\"},\"alternateName\":\"Talkpal AI\",\"potentialAction\":[{\"@type\":\"SearchAction\",\"target\":{\"@type\":\"EntryPoint\",\"urlTemplate\":\"https:\/\/talkpal.ai\/cy\/?s={search_term_string}\"},\"query-input\":{\"@type\":\"PropertyValueSpecification\",\"valueRequired\":true,\"valueName\":\"search_term_string\"}}],\"inLanguage\":\"cy-GB\"},{\"@type\":\"Organization\",\"@id\":\"https:\/\/talkpal.ai\/cy\/#organization\",\"name\":\"Talkpal, Inc.\",\"alternateName\":\"Talkpal AI\",\"url\":\"https:\/\/talkpal.ai\/cy\/\",\"logo\":{\"@type\":\"ImageObject\",\"inLanguage\":\"cy-GB\",\"@id\":\"https:\/\/talkpal.ai\/cy\/#\/schema\/logo\/image\/\",\"url\":\"https:\/\/talkpal.ai\/wp-content\/uploads\/2024\/03\/Talkpal-Logo-Icon.png\",\"contentUrl\":\"https:\/\/talkpal.ai\/wp-content\/uploads\/2024\/03\/Talkpal-Logo-Icon.png\",\"width\":2880,\"height\":2880,\"caption\":\"Talkpal, Inc.\"},\"image\":{\"@id\":\"https:\/\/talkpal.ai\/cy\/#\/schema\/logo\/image\/\"},\"sameAs\":[\"https:\/\/www.facebook.com\/profile.php?id=100090733639311\",\"https:\/\/x.com\/talkpalai\",\"https:\/\/www.linkedin.com\/company\/talkpal\/\",\"https:\/\/www.youtube.com\/@TalkPal\/\",\"https:\/\/www.tiktok.com\/@talkpal\",\"https:\/\/www.instagram.com\/talkpal_ai\/\",\"https:\/\/www.crunchbase.com\/organization\/talkpal-9cde\",\"https:\/\/www.g2.com\/products\/talkpal-for-business\/\",\"https:\/\/www.trustpilot.com\/review\/talkpal.ai\",\"https:\/\/www.capterra.com\/p\/10006800\/TalkPal\/\"],\"description\":\"Talkpal is a language learning web and mobile education app, powered by the latest AI technologies, that provides engaging experiences to its customers in many different languages to help them improve their language skills. Users can chat about unlimited amount of topics with the app and use other modes to practice their language learning.\",\"email\":\"support@talkpal.ai\",\"legalName\":\"Talkpal, Inc.\",\"foundingDate\":\"2023-04-03\",\"duns\":\"118989042\",\"numberOfEmployees\":{\"@type\":\"QuantitativeValue\",\"minValue\":\"11\",\"maxValue\":\"50\"},\"publishingPrinciples\":\"https:\/\/talkpal.ai\/publishing-principles\/\",\"actionableFeedbackPolicy\":\"https:\/\/talkpal.ai\/actionable-feedback-policy\/\",\"correctionsPolicy\":\"https:\/\/talkpal.ai\/corrections-policy\/\",\"ethicsPolicy\":\"https:\/\/talkpal.ai\/ethics-policy\/\",\"diversityPolicy\":\"https:\/\/talkpal.ai\/diversity-policy\/\",\"diversityStaffingReport\":\"https:\/\/talkpal.ai\/diversity-policy\/\"}]}<\/script>\n<!-- \/ Yoast SEO Premium plugin. -->","yoast_head_json":{"title":"Ymarferion Gramadeg Lao - Talkpal","description":"Meistroli gramadeg Laoeg gydag ymarferion rhyngweithiol wedi'u cynllunio i'ch helpu i feithrin rhuglder a hyder yn yr iaith.","robots":{"index":"index","follow":"follow","max-snippet":"max-snippet:-1","max-image-preview":"max-image-preview:large","max-video-preview":"max-video-preview:-1"},"canonical":"https:\/\/talkpal.ai\/cy\/ymarferion-gramadeg-lao\/","og_locale":"cy_GB","og_type":"article","og_title":"Ymarferion Gramadeg Lao","og_description":"Pynciau Gramadeg Laos Gall dysgu iaith newydd fod yn ymdrech heriol ond gwerth chweil. Nid yw Lao, iaith Tai-Kadai a siaredir yn bennaf yn Laos, yn","og_url":"https:\/\/talkpal.ai\/cy\/ymarferion-gramadeg-lao\/","og_site_name":"Talkpal","article_publisher":"https:\/\/www.facebook.com\/profile.php?id=100090733639311","article_modified_time":"2025-12-30T14:07:52+00:00","og_image":[{"width":2880,"height":1620,"url":"https:\/\/talkpal.ai\/wp-content\/uploads\/2025\/02\/Progress-tab-16_9.png","type":"image\/png"}],"twitter_card":"summary_large_image","twitter_site":"@talkpalai","twitter_misc":{"Est. reading time":"3 minutes"},"schema":{"@context":"https:\/\/schema.org","@graph":[{"@type":"WebPage","@id":"https:\/\/talkpal.ai\/cy\/ymarferion-gramadeg-lao\/","url":"https:\/\/talkpal.ai\/cy\/ymarferion-gramadeg-lao\/","name":"Ymarferion Gramadeg Lao - Talkpal","isPartOf":{"@id":"https:\/\/talkpal.ai\/cy\/#website"},"datePublished":"2025-11-12T12:14:54+00:00","dateModified":"2025-12-30T14:07:52+00:00","description":"Meistroli gramadeg Laoeg gydag ymarferion rhyngweithiol wedi'u cynllunio i'ch helpu i feithrin rhuglder a hyder yn yr iaith.","breadcrumb":{"@id":"https:\/\/talkpal.ai\/cy\/ymarferion-gramadeg-lao\/#breadcrumb"},"inLanguage":"cy-GB","potentialAction":[{"@type":"ReadAction","target":["https:\/\/talkpal.ai\/cy\/ymarferion-gramadeg-lao\/"]}]},{"@type":"BreadcrumbList","@id":"https:\/\/talkpal.ai\/cy\/ymarferion-gramadeg-lao\/#breadcrumb","itemListElement":[{"@type":"ListItem","position":1,"name":"Homepage","item":"https:\/\/talkpal.ai\/cy\/ai-athro-iaith-3\/"},{"@type":"ListItem","position":2,"name":"Ymarferion Gramadeg Lao"}]},{"@type":"WebSite","@id":"https:\/\/talkpal.ai\/cy\/#website","url":"https:\/\/talkpal.ai\/cy\/","name":"Talkpal","description":"AI Language Learning","publisher":{"@id":"https:\/\/talkpal.ai\/cy\/#organization"},"alternateName":"Talkpal AI","potentialAction":[{"@type":"SearchAction","target":{"@type":"EntryPoint","urlTemplate":"https:\/\/talkpal.ai\/cy\/?s={search_term_string}"},"query-input":{"@type":"PropertyValueSpecification","valueRequired":true,"valueName":"search_term_string"}}],"inLanguage":"cy-GB"},{"@type":"Organization","@id":"https:\/\/talkpal.ai\/cy\/#organization","name":"Talkpal, Inc.","alternateName":"Talkpal AI","url":"https:\/\/talkpal.ai\/cy\/","logo":{"@type":"ImageObject","inLanguage":"cy-GB","@id":"https:\/\/talkpal.ai\/cy\/#\/schema\/logo\/image\/","url":"https:\/\/talkpal.ai\/wp-content\/uploads\/2024\/03\/Talkpal-Logo-Icon.png","contentUrl":"https:\/\/talkpal.ai\/wp-content\/uploads\/2024\/03\/Talkpal-Logo-Icon.png","width":2880,"height":2880,"caption":"Talkpal, Inc."},"image":{"@id":"https:\/\/talkpal.ai\/cy\/#\/schema\/logo\/image\/"},"sameAs":["https:\/\/www.facebook.com\/profile.php?id=100090733639311","https:\/\/x.com\/talkpalai","https:\/\/www.linkedin.com\/company\/talkpal\/","https:\/\/www.youtube.com\/@TalkPal\/","https:\/\/www.tiktok.com\/@talkpal","https:\/\/www.instagram.com\/talkpal_ai\/","https:\/\/www.crunchbase.com\/organization\/talkpal-9cde","https:\/\/www.g2.com\/products\/talkpal-for-business\/","https:\/\/www.trustpilot.com\/review\/talkpal.ai","https:\/\/www.capterra.com\/p\/10006800\/TalkPal\/"],"description":"Talkpal is a language learning web and mobile education app, powered by the latest AI technologies, that provides engaging experiences to its customers in many different languages to help them improve their language skills. Users can chat about unlimited amount of topics with the app and use other modes to practice their language learning.","email":"support@talkpal.ai","legalName":"Talkpal, Inc.","foundingDate":"2023-04-03","duns":"118989042","numberOfEmployees":{"@type":"QuantitativeValue","minValue":"11","maxValue":"50"},"publishingPrinciples":"https:\/\/talkpal.ai\/publishing-principles\/","actionableFeedbackPolicy":"https:\/\/talkpal.ai\/actionable-feedback-policy\/","correctionsPolicy":"https:\/\/talkpal.ai\/corrections-policy\/","ethicsPolicy":"https:\/\/talkpal.ai\/ethics-policy\/","diversityPolicy":"https:\/\/talkpal.ai\/diversity-policy\/","diversityStaffingReport":"https:\/\/talkpal.ai\/diversity-policy\/"}]}},"_links":{"self":[{"href":"https:\/\/talkpal.ai\/cy\/wp-json\/wp\/v2\/pages\/1475065","targetHints":{"allow":["GET"]}}],"collection":[{"href":"https:\/\/talkpal.ai\/cy\/wp-json\/wp\/v2\/pages"}],"about":[{"href":"https:\/\/talkpal.ai\/cy\/wp-json\/wp\/v2\/types\/page"}],"author":[{"embeddable":true,"href":"https:\/\/talkpal.ai\/cy\/wp-json\/wp\/v2\/users\/20"}],"replies":[{"embeddable":true,"href":"https:\/\/talkpal.ai\/cy\/wp-json\/wp\/v2\/comments?post=1475065"}],"version-history":[{"count":0,"href":"https:\/\/talkpal.ai\/cy\/wp-json\/wp\/v2\/pages\/1475065\/revisions"}],"wp:attachment":[{"href":"https:\/\/talkpal.ai\/cy\/wp-json\/wp\/v2\/media?parent=1475065"}],"curies":[{"name":"wp","href":"https:\/\/api.w.org\/{rel}","templated":true}]}}