{"id":1475013,"date":"2025-11-12T09:53:34","date_gmt":"2025-11-12T09:53:34","guid":{"rendered":"https:\/\/talkpal.ai\/ymarferion-gramadeg-gwyddeleg\/"},"modified":"2025-12-30T14:31:31","modified_gmt":"2025-12-30T14:31:31","slug":"ymarferion-gramadeg-gwyddeleg","status":"publish","type":"page","link":"https:\/\/talkpal.ai\/cy\/ymarferion-gramadeg-gwyddeleg\/","title":{"rendered":"Ymarferion Gramadeg Gwyddeleg"},"content":{"rendered":"\r\n\r\n\r\n<section class=\"languageChallengeSection\">\r\n    <div class=\"languageInfoWrapper\">\r\n        \r\n        <h1>Ymarferion Gramadeg Gwyddeleg<\/h1>\r\n        <p>Yn barod i blymio i ramadeg Gwyddeleg? Bydd ymarfer ychydig o pethau sylfaenol yn eich helpu i fod yn gyfforddus gyda&#039;r iaith unigryw a hardd hon. Rhowch gynnig ar yr ymarferion hyn i adeiladu eich hyder a chael hwyl ar hyd y ffordd!<\/p>\r\n\r\n                            <a class=\"getStartedHidden\" href=\"https:\/\/app.talkpal.ai\/signup?lng=\">Dechrau<\/a>\r\n        \r\n    <\/div>\r\n\r\n    <figure>\r\n    <img decoding=\"async\" width=\"768\" height=\"768\" src=\"https:\/\/talkpal.ai\/wp-content\/uploads\/2023\/06\/welsh-768x768.png\" class=\"languageImage no-lazy\" alt=\"Language learning for better cognitive abilities\" fetchpriority=\"high\" sizes=\"(max-width: 768px) 150px, 768px\" srcset=\"https:\/\/talkpal.ai\/wp-content\/uploads\/2023\/06\/welsh-768x768.png 768w, https:\/\/talkpal.ai\/wp-content\/uploads\/2023\/06\/welsh-300x300.png 300w\" \/>\r\n    \r\n\r\n    <\/figure>\r\n\r\n            <a class=\"getStartedVisible\" href=\"https:\/\/app.talkpal.ai\/signup?lng=\">Dechrau<\/a>\r\n    \r\n<\/section><section class=\"promotionalBanner\">\r\n    <p class=\"promotionalText\">Y ffordd fwyaf effeithlon o ddysgu iaith<\/p>\r\n    <a class=\"promotionalLink\" href=\"https:\/\/app.talkpal.ai\/signup?lng=\">Rhowch gynnig ar Talkpal am ddim<\/a>\r\n<\/section>\n<div class=\"wp-block-group pageContainerStyle\"><div class=\"wp-block-group__inner-container is-layout-constrained wp-block-group-is-layout-constrained\">\n<h2 class=\"wp-block-heading\" id=\"h-irish-grammar-topics\">Pynciau Gramadeg Gwyddeleg<\/h2>\n\n\n\n<p><a href=\"https:\/\/talkpal.ai\/cy\/camgymeriadau-mwyaf-iw-hosgoi-wrth-ddysgu-iaith-newydd\/\">Gall dysgu iaith newydd<\/a> fod yn ymdrech heriol ond gwerth chweil. Nid yw Gwyddeleg, iaith Geltaidd a siaredir yn bennaf yn Iwerddon, yn eithriad. Gyda&#8217;i nodweddion a&#8217;i strwythurau unigryw, mae <a href=\"https:\/\/talkpal.ai\/cy\/talkpal-ar-gyfer-addysg\/\">dysgu<\/a> Gwyddeleg yn gofyn am ddull systematig o ddeall ei gramadeg cymhleth. Mae&#8217;r canllaw hwn yn amlinellu meysydd allweddol <a href=\"https:\/\/talkpal.ai\/cy\/gramadeg-gwyddeleg\/\">gramadeg Gwyddeleg<\/a> mewn dilyniant rhesymegol ar gyfer <a href=\"https:\/\/talkpal.ai\/cy\/ai-chatbot-ar-gyfer-dysgu-iaith\/\">dysgu iaith<\/a>, gan ddechrau o&#8217;r pethau sylfaenol fel enwau ac erthyglau, a symud ymlaen i feysydd mwy cymhleth fel amserau ac adeiladu brawddegau.<\/p>\n\n\n\n<h3 class=\"wp-block-heading\" id=\"h-1-nouns\">1. Enwau:<\/h3>\n\n\n\n<p>Dechreuwch eich taith iaith Wyddeleg trwy ddysgu&#8217;r enwau. Mae hyn yn cynnwys deall rhyw enwau, enwau cyffredin a phriodol, eu ffurfiau lluosog, a sut mae achosion yn effeithio ar ffurfiau a mwtaniadau.<\/p>\n\n\n\n<h3 class=\"wp-block-heading\" id=\"h-2-articles\">2. Erthyglau:<\/h3>\n\n\n\n<p>Defnyddir erthyglau yn yr iaith Wyddeleg yn wahanol nag yn <a href=\"https:\/\/talkpal.ai\/ai-english-speaking-practice\/\">Saesneg<\/a>. Mae gan y Wyddeleg erthygl benodol an a na ond dim erthygl amhenodol, felly mae meistroli eu ffurfiau a&#8217;u heffeithiau ar fwtaniadau yn hanfodol.<\/p>\n\n\n\n<h3 class=\"wp-block-heading\" id=\"h-3-adjectives\">3. Ansoddeiriau:<\/h3>\n\n\n\n<p>Mae ansoddeiriau yn y Wyddeleg fel arfer yn dilyn eu henwau, sy&#8217;n wahanol i&#8217;r <a href=\"https:\/\/talkpal.ai\/learn-english-with-ai\/\">Saesneg<\/a>. Bydd angen i chi hefyd ddysgu am fwtaniadau cychwynnol fel lenition ac eclipsis a sut i ffurfio cymhariaethau a superlatives gyda n\u00edos ac is.<\/p>\n\n\n\n<h3 class=\"wp-block-heading\" id=\"h-4-pronouns-determiners\">4. Rhagenwau \/ Penderfynwyr:<\/h3>\n\n\n\n<p>Mae rhagenwau a phenderfynyddion yn hanfodol yn y Wyddeleg; maent yn disodli enwau ac yn darparu gwybodaeth am faint, meddiant, a mwy. Dysgwch ragenwau personol, penderfynwyr meddiannol fel mo do a \u00e1r bhur a sy&#8217;n sbarduno treigladau, a dangosyddion fel seo a sin.<\/p>\n\n\n\n<h3 class=\"wp-block-heading\" id=\"h-5-verbs\">5. Berfau:<\/h3>\n\n\n\n<p>Mae gan ferfau Gwyddeleg ffurfiau gwahanol yn dibynnu ar yr amser, naws a pherson. Dechreuwch gyda&#8217;r presennol a&#8217;r ferf b\u00ed yna archwilio&#8217;r amserau gorffennol a&#8217;r dyfodol yn raddol ynghyd \u00e2 berfau afreolaidd allweddol a&#8217;r copula is.<\/p>\n\n\n\n<h3 class=\"wp-block-heading\" id=\"h-6-tenses\">6. Amserau:<\/h3>\n\n\n\n<p>Ar \u00f4l meistroli&#8217;r ffurfiau berfol, ymchwiliwch yn ddyfnach i&#8217;r amserau Gwyddeleg. Mae hyn yn cynnwys deall y gwahaniaethau rhwng y presennol arferol, y gorffennol, y dyfodol, a&#8217;r amodol, a sut maent yn cael eu defnyddio mewn gwahanol gyd-destunau gyda b\u00ed yn erbyn y copula.<\/p>\n\n\n\n<h3 class=\"wp-block-heading\" id=\"h-7-tense-comparison\">7. Cymhariaeth Tense:<\/h3>\n\n\n\n<p>Mae cymharu amserau yn y Wyddeleg yn helpu i ddeall dilyniant digwyddiadau. Bydd cymharu&#8217;r un ferf mewn gwahanol amserau yn rhoi gwell dealltwriaeth o&#8217;r defnydd a&#8217;r agwedd Wyddeleg.<\/p>\n\n\n\n<h3 class=\"wp-block-heading\" id=\"h-8-progressive\">8. Blaengar:<\/h3>\n\n\n\n<p>Defnyddir y blaengar yn y Wyddeleg i fynegi gweithredoedd parhaus. Fe&#8217;i ffurfir gyda&#8217;r ferf b\u00ed ac yna ag a&#8217;r enw geiriol er enghraifft T\u00e1 m\u00e9 ag l\u00e9amh.<\/p>\n\n\n\n<h3 class=\"wp-block-heading\" id=\"h-9-perfect-progressive\">9. Blaengar Perffaith:<\/h3>\n\n\n\n<p>Defnyddir hyn i fynegi gweithredoedd sydd <a href=\"https:\/\/talkpal.ai\/culture\/how-do-i-use-wedi-bod-to-express-have-been\/\">wedi bod<\/a> yn mynd rhagddo hyd at bwynt penodol. Yn y Wyddeleg, fe&#8217;i mynegir yn gyffredin gyda b\u00ed plus tar \u00e9is a bheith ag a&#8217;r enw geiriol neu gydag ymadroddion amser am hyd.<\/p>\n\n\n\n<h3 class=\"wp-block-heading\" id=\"h-10-conditionals\">10. Amodau:<\/h3>\n\n\n\n<p>Mae amodoliadau yn mynegi sefyllfaoedd damcaniaethol a&#8217;u canlyniadau posibl. Maent yn rhan bwysig o ramadeg Gwyddeleg ac yn defnyddio patrymau gyda m\u00e1 ar gyfer amodau real a d\u00e1 gyda&#8217;r amodol ar gyfer rhai damcaniaethol.<\/p>\n\n\n\n<h3 class=\"wp-block-heading\" id=\"h-11-adverbs\">11. Adferfau:<\/h3>\n\n\n\n<p>Mae adferfau yn y Wyddeleg yn addasu berfau, ansoddeiriau, neu adferfau eraill. Maent yn cynnwys ffurfiau a wneir gyda go cyn ansoddeiriau yn ogystal \u00e2 llawer o adferfau penodol o fodd, lle, amser a gradd.<\/p>\n\n\n\n<h3 class=\"wp-block-heading\" id=\"h-12-prepositions\">12. Arddueddiadau:<\/h3>\n\n\n\n<p>Mae arddodiaid yn cysylltu geiriau ac ymadroddion gyda&#8217;i gilydd. Mae Gwyddeleg yn defnyddio rhagenwau rhagddodol fel agam agat aige i fynegi perthnasoedd meddiant, amser, lle, a mwy.<\/p>\n\n\n\n<h3 class=\"wp-block-heading\" id=\"h-13-sentences\">13. Brawddegau:<\/h3>\n\n\n\n<p>Yn olaf, ymarferwch adeiladu brawddegau. Bydd hyn yn golygu defnyddio trefn geiriau Wyddeleg VSO, sbardunau treiglad, a b\u00ed a&#8217;r copula mewn cyd-destun, a thrwy hynny sicrhau dealltwriaeth gynhwysfawr o&#8217;r iaith Wyddeleg.<\/p>\n<\/div><\/div>\n\r\n<section class=\"learnNavigationSection\">\r\n            \r\n        <a href=\"https:\/\/talkpal.ai\/cy\/dysgu-gwyddeleg\/\">\r\n            <div class=\"learnNavigationWrapper\">\r\n                <div class=\"learnNavigationContent\">\r\n                    <img decoding=\"async\" src=\"https:\/\/talkpal.ai\/wp-content\/uploads\/2025\/11\/Irish.png\" alt=\"Irish Flag\">\r\n                    <div>\r\n                        <h4>Yngl\u0177n \u00e2 Dysgu Gwyddeleg<\/h4>\r\n                        <p>Darganfyddwch bopeth am Ramadeg Gwyddeleg.<\/p>\r\n                    <\/div>\r\n                <\/div>\r\n            <\/div>\r\n        <\/a>\r\n\r\n        \r\n        <a href=\"https:\/\/talkpal.ai\/cy\/gramadeg-gwyddeleg\/\">\r\n            <div class=\"learnNavigationWrapper\">\r\n                <div class=\"learnNavigationContent\">\r\n                    <img decoding=\"async\" src=\"https:\/\/talkpal.ai\/wp-content\/uploads\/2025\/11\/Irish.png\" alt=\"Irish Flag\">\r\n                    <div>\r\n                        <h4>Gwersi Gramadeg Gwyddeleg<\/h4>\r\n                        <p>Ymarfer gramadeg Gwyddeleg.<\/p>\r\n                    <\/div>\r\n                <\/div>\r\n            <\/div>\r\n        <\/a>\r\n\r\n            <\/section>","protected":false},"excerpt":{"rendered":"<p>Pynciau Gramadeg Gwyddeleg Gall dysgu iaith newydd fod yn ymdrech heriol ond gwerth chweil. Nid yw Gwyddeleg, iaith Geltaidd a siaredir yn bennaf yn Iwerddon, yn eithriad. Gyda&#8217;i nodweddion a&#8217;i strwythurau unigryw, mae dysgu Gwyddeleg yn gofyn am ddull systematig o ddeall ei gramadeg cymhleth. Mae&#8217;r canllaw hwn yn amlinellu meysydd allweddol gramadeg Gwyddeleg mewn [&hellip;]<\/p>\n","protected":false},"author":20,"featured_media":0,"parent":0,"menu_order":0,"comment_status":"closed","ping_status":"closed","template":"LearningContentPage.php","meta":{"_acf_changed":false,"footnotes":""},"class_list":["post-1475013","page","type-page","status-publish","hentry"],"acf":[],"yoast_head":"<!-- This site is optimized with the Yoast SEO Premium plugin v27.2 (Yoast SEO v27.2) - https:\/\/yoast.com\/product\/yoast-seo-premium-wordpress\/ -->\n<title>Ymarferion Gramadeg Gwyddeleg - Talkpal<\/title>\n<meta name=\"description\" content=\"Meistroli gramadeg Gwyddeleg gydag ymarferion rhyngweithiol sydd wedi&#039;u cynllunio i&#039;ch helpu i feithrin hyder a dysgu&#039;r iaith yn gyflymach.\" \/>\n<meta name=\"robots\" content=\"index, follow, max-snippet:-1, max-image-preview:large, max-video-preview:-1\" \/>\n<link rel=\"canonical\" href=\"https:\/\/talkpal.ai\/cy\/ymarferion-gramadeg-gwyddeleg\/\" \/>\n<meta property=\"og:locale\" content=\"cy_GB\" \/>\n<meta property=\"og:type\" content=\"article\" \/>\n<meta property=\"og:title\" content=\"Ymarferion Gramadeg Gwyddeleg\" \/>\n<meta property=\"og:description\" content=\"Pynciau Gramadeg Gwyddeleg Gall dysgu iaith newydd fod yn ymdrech heriol ond gwerth chweil. Nid yw Gwyddeleg, iaith Geltaidd a siaredir yn bennaf yn\" \/>\n<meta property=\"og:url\" content=\"https:\/\/talkpal.ai\/cy\/ymarferion-gramadeg-gwyddeleg\/\" \/>\n<meta property=\"og:site_name\" content=\"Talkpal\" \/>\n<meta property=\"article:publisher\" content=\"https:\/\/www.facebook.com\/profile.php?id=100090733639311\" \/>\n<meta property=\"article:modified_time\" content=\"2025-12-30T14:31:31+00:00\" \/>\n<meta property=\"og:image\" content=\"https:\/\/talkpal.ai\/wp-content\/uploads\/2025\/02\/Progress-tab-16_9.png\" \/>\n\t<meta property=\"og:image:width\" content=\"2880\" \/>\n\t<meta property=\"og:image:height\" content=\"1620\" \/>\n\t<meta property=\"og:image:type\" content=\"image\/png\" \/>\n<meta name=\"twitter:card\" content=\"summary_large_image\" \/>\n<meta name=\"twitter:site\" content=\"@talkpalai\" \/>\n<meta name=\"twitter:label1\" content=\"Est. reading time\" \/>\n\t<meta name=\"twitter:data1\" content=\"3 minutes\" \/>\n<script type=\"application\/ld+json\" class=\"yoast-schema-graph\">{\"@context\":\"https:\/\/schema.org\",\"@graph\":[{\"@type\":\"WebPage\",\"@id\":\"https:\/\/talkpal.ai\/cy\/ymarferion-gramadeg-gwyddeleg\/\",\"url\":\"https:\/\/talkpal.ai\/cy\/ymarferion-gramadeg-gwyddeleg\/\",\"name\":\"Ymarferion Gramadeg Gwyddeleg - Talkpal\",\"isPartOf\":{\"@id\":\"https:\/\/talkpal.ai\/cy\/#website\"},\"datePublished\":\"2025-11-12T09:53:34+00:00\",\"dateModified\":\"2025-12-30T14:31:31+00:00\",\"description\":\"Meistroli gramadeg Gwyddeleg gydag ymarferion rhyngweithiol sydd wedi'u cynllunio i'ch helpu i feithrin hyder a dysgu'r iaith yn gyflymach.\",\"breadcrumb\":{\"@id\":\"https:\/\/talkpal.ai\/cy\/ymarferion-gramadeg-gwyddeleg\/#breadcrumb\"},\"inLanguage\":\"cy-GB\",\"potentialAction\":[{\"@type\":\"ReadAction\",\"target\":[\"https:\/\/talkpal.ai\/cy\/ymarferion-gramadeg-gwyddeleg\/\"]}]},{\"@type\":\"BreadcrumbList\",\"@id\":\"https:\/\/talkpal.ai\/cy\/ymarferion-gramadeg-gwyddeleg\/#breadcrumb\",\"itemListElement\":[{\"@type\":\"ListItem\",\"position\":1,\"name\":\"Homepage\",\"item\":\"https:\/\/talkpal.ai\/cy\/ai-athro-iaith-3\/\"},{\"@type\":\"ListItem\",\"position\":2,\"name\":\"Ymarferion Gramadeg Gwyddeleg\"}]},{\"@type\":\"WebSite\",\"@id\":\"https:\/\/talkpal.ai\/cy\/#website\",\"url\":\"https:\/\/talkpal.ai\/cy\/\",\"name\":\"Talkpal\",\"description\":\"AI Language Learning\",\"publisher\":{\"@id\":\"https:\/\/talkpal.ai\/cy\/#organization\"},\"alternateName\":\"Talkpal AI\",\"potentialAction\":[{\"@type\":\"SearchAction\",\"target\":{\"@type\":\"EntryPoint\",\"urlTemplate\":\"https:\/\/talkpal.ai\/cy\/?s={search_term_string}\"},\"query-input\":{\"@type\":\"PropertyValueSpecification\",\"valueRequired\":true,\"valueName\":\"search_term_string\"}}],\"inLanguage\":\"cy-GB\"},{\"@type\":\"Organization\",\"@id\":\"https:\/\/talkpal.ai\/cy\/#organization\",\"name\":\"Talkpal, Inc.\",\"alternateName\":\"Talkpal AI\",\"url\":\"https:\/\/talkpal.ai\/cy\/\",\"logo\":{\"@type\":\"ImageObject\",\"inLanguage\":\"cy-GB\",\"@id\":\"https:\/\/talkpal.ai\/cy\/#\/schema\/logo\/image\/\",\"url\":\"https:\/\/talkpal.ai\/wp-content\/uploads\/2024\/03\/Talkpal-Logo-Icon.png\",\"contentUrl\":\"https:\/\/talkpal.ai\/wp-content\/uploads\/2024\/03\/Talkpal-Logo-Icon.png\",\"width\":2880,\"height\":2880,\"caption\":\"Talkpal, Inc.\"},\"image\":{\"@id\":\"https:\/\/talkpal.ai\/cy\/#\/schema\/logo\/image\/\"},\"sameAs\":[\"https:\/\/www.facebook.com\/profile.php?id=100090733639311\",\"https:\/\/x.com\/talkpalai\",\"https:\/\/www.linkedin.com\/company\/talkpal\/\",\"https:\/\/www.youtube.com\/@TalkPal\/\",\"https:\/\/www.tiktok.com\/@talkpal\",\"https:\/\/www.instagram.com\/talkpal_ai\/\",\"https:\/\/www.crunchbase.com\/organization\/talkpal-9cde\",\"https:\/\/www.g2.com\/products\/talkpal-for-business\/\",\"https:\/\/www.trustpilot.com\/review\/talkpal.ai\",\"https:\/\/www.capterra.com\/p\/10006800\/TalkPal\/\"],\"description\":\"Talkpal is a language learning web and mobile education app, powered by the latest AI technologies, that provides engaging experiences to its customers in many different languages to help them improve their language skills. Users can chat about unlimited amount of topics with the app and use other modes to practice their language learning.\",\"email\":\"support@talkpal.ai\",\"legalName\":\"Talkpal, Inc.\",\"foundingDate\":\"2023-04-03\",\"duns\":\"118989042\",\"numberOfEmployees\":{\"@type\":\"QuantitativeValue\",\"minValue\":\"11\",\"maxValue\":\"50\"},\"publishingPrinciples\":\"https:\/\/talkpal.ai\/publishing-principles\/\",\"actionableFeedbackPolicy\":\"https:\/\/talkpal.ai\/actionable-feedback-policy\/\",\"correctionsPolicy\":\"https:\/\/talkpal.ai\/corrections-policy\/\",\"ethicsPolicy\":\"https:\/\/talkpal.ai\/ethics-policy\/\",\"diversityPolicy\":\"https:\/\/talkpal.ai\/diversity-policy\/\",\"diversityStaffingReport\":\"https:\/\/talkpal.ai\/diversity-policy\/\"}]}<\/script>\n<!-- \/ Yoast SEO Premium plugin. -->","yoast_head_json":{"title":"Ymarferion Gramadeg Gwyddeleg - Talkpal","description":"Meistroli gramadeg Gwyddeleg gydag ymarferion rhyngweithiol sydd wedi'u cynllunio i'ch helpu i feithrin hyder a dysgu'r iaith yn gyflymach.","robots":{"index":"index","follow":"follow","max-snippet":"max-snippet:-1","max-image-preview":"max-image-preview:large","max-video-preview":"max-video-preview:-1"},"canonical":"https:\/\/talkpal.ai\/cy\/ymarferion-gramadeg-gwyddeleg\/","og_locale":"cy_GB","og_type":"article","og_title":"Ymarferion Gramadeg Gwyddeleg","og_description":"Pynciau Gramadeg Gwyddeleg Gall dysgu iaith newydd fod yn ymdrech heriol ond gwerth chweil. Nid yw Gwyddeleg, iaith Geltaidd a siaredir yn bennaf yn","og_url":"https:\/\/talkpal.ai\/cy\/ymarferion-gramadeg-gwyddeleg\/","og_site_name":"Talkpal","article_publisher":"https:\/\/www.facebook.com\/profile.php?id=100090733639311","article_modified_time":"2025-12-30T14:31:31+00:00","og_image":[{"width":2880,"height":1620,"url":"https:\/\/talkpal.ai\/wp-content\/uploads\/2025\/02\/Progress-tab-16_9.png","type":"image\/png"}],"twitter_card":"summary_large_image","twitter_site":"@talkpalai","twitter_misc":{"Est. reading time":"3 minutes"},"schema":{"@context":"https:\/\/schema.org","@graph":[{"@type":"WebPage","@id":"https:\/\/talkpal.ai\/cy\/ymarferion-gramadeg-gwyddeleg\/","url":"https:\/\/talkpal.ai\/cy\/ymarferion-gramadeg-gwyddeleg\/","name":"Ymarferion Gramadeg Gwyddeleg - Talkpal","isPartOf":{"@id":"https:\/\/talkpal.ai\/cy\/#website"},"datePublished":"2025-11-12T09:53:34+00:00","dateModified":"2025-12-30T14:31:31+00:00","description":"Meistroli gramadeg Gwyddeleg gydag ymarferion rhyngweithiol sydd wedi'u cynllunio i'ch helpu i feithrin hyder a dysgu'r iaith yn gyflymach.","breadcrumb":{"@id":"https:\/\/talkpal.ai\/cy\/ymarferion-gramadeg-gwyddeleg\/#breadcrumb"},"inLanguage":"cy-GB","potentialAction":[{"@type":"ReadAction","target":["https:\/\/talkpal.ai\/cy\/ymarferion-gramadeg-gwyddeleg\/"]}]},{"@type":"BreadcrumbList","@id":"https:\/\/talkpal.ai\/cy\/ymarferion-gramadeg-gwyddeleg\/#breadcrumb","itemListElement":[{"@type":"ListItem","position":1,"name":"Homepage","item":"https:\/\/talkpal.ai\/cy\/ai-athro-iaith-3\/"},{"@type":"ListItem","position":2,"name":"Ymarferion Gramadeg Gwyddeleg"}]},{"@type":"WebSite","@id":"https:\/\/talkpal.ai\/cy\/#website","url":"https:\/\/talkpal.ai\/cy\/","name":"Talkpal","description":"AI Language Learning","publisher":{"@id":"https:\/\/talkpal.ai\/cy\/#organization"},"alternateName":"Talkpal AI","potentialAction":[{"@type":"SearchAction","target":{"@type":"EntryPoint","urlTemplate":"https:\/\/talkpal.ai\/cy\/?s={search_term_string}"},"query-input":{"@type":"PropertyValueSpecification","valueRequired":true,"valueName":"search_term_string"}}],"inLanguage":"cy-GB"},{"@type":"Organization","@id":"https:\/\/talkpal.ai\/cy\/#organization","name":"Talkpal, Inc.","alternateName":"Talkpal AI","url":"https:\/\/talkpal.ai\/cy\/","logo":{"@type":"ImageObject","inLanguage":"cy-GB","@id":"https:\/\/talkpal.ai\/cy\/#\/schema\/logo\/image\/","url":"https:\/\/talkpal.ai\/wp-content\/uploads\/2024\/03\/Talkpal-Logo-Icon.png","contentUrl":"https:\/\/talkpal.ai\/wp-content\/uploads\/2024\/03\/Talkpal-Logo-Icon.png","width":2880,"height":2880,"caption":"Talkpal, Inc."},"image":{"@id":"https:\/\/talkpal.ai\/cy\/#\/schema\/logo\/image\/"},"sameAs":["https:\/\/www.facebook.com\/profile.php?id=100090733639311","https:\/\/x.com\/talkpalai","https:\/\/www.linkedin.com\/company\/talkpal\/","https:\/\/www.youtube.com\/@TalkPal\/","https:\/\/www.tiktok.com\/@talkpal","https:\/\/www.instagram.com\/talkpal_ai\/","https:\/\/www.crunchbase.com\/organization\/talkpal-9cde","https:\/\/www.g2.com\/products\/talkpal-for-business\/","https:\/\/www.trustpilot.com\/review\/talkpal.ai","https:\/\/www.capterra.com\/p\/10006800\/TalkPal\/"],"description":"Talkpal is a language learning web and mobile education app, powered by the latest AI technologies, that provides engaging experiences to its customers in many different languages to help them improve their language skills. Users can chat about unlimited amount of topics with the app and use other modes to practice their language learning.","email":"support@talkpal.ai","legalName":"Talkpal, Inc.","foundingDate":"2023-04-03","duns":"118989042","numberOfEmployees":{"@type":"QuantitativeValue","minValue":"11","maxValue":"50"},"publishingPrinciples":"https:\/\/talkpal.ai\/publishing-principles\/","actionableFeedbackPolicy":"https:\/\/talkpal.ai\/actionable-feedback-policy\/","correctionsPolicy":"https:\/\/talkpal.ai\/corrections-policy\/","ethicsPolicy":"https:\/\/talkpal.ai\/ethics-policy\/","diversityPolicy":"https:\/\/talkpal.ai\/diversity-policy\/","diversityStaffingReport":"https:\/\/talkpal.ai\/diversity-policy\/"}]}},"_links":{"self":[{"href":"https:\/\/talkpal.ai\/cy\/wp-json\/wp\/v2\/pages\/1475013","targetHints":{"allow":["GET"]}}],"collection":[{"href":"https:\/\/talkpal.ai\/cy\/wp-json\/wp\/v2\/pages"}],"about":[{"href":"https:\/\/talkpal.ai\/cy\/wp-json\/wp\/v2\/types\/page"}],"author":[{"embeddable":true,"href":"https:\/\/talkpal.ai\/cy\/wp-json\/wp\/v2\/users\/20"}],"replies":[{"embeddable":true,"href":"https:\/\/talkpal.ai\/cy\/wp-json\/wp\/v2\/comments?post=1475013"}],"version-history":[{"count":0,"href":"https:\/\/talkpal.ai\/cy\/wp-json\/wp\/v2\/pages\/1475013\/revisions"}],"wp:attachment":[{"href":"https:\/\/talkpal.ai\/cy\/wp-json\/wp\/v2\/media?parent=1475013"}],"curies":[{"name":"wp","href":"https:\/\/api.w.org\/{rel}","templated":true}]}}