{"id":1474818,"date":"2025-11-11T12:01:19","date_gmt":"2025-11-11T12:01:19","guid":{"rendered":"https:\/\/talkpal.ai\/gramadeg-albaneg\/"},"modified":"2025-12-30T15:33:46","modified_gmt":"2025-12-30T15:33:46","slug":"gramadeg-albaneg","status":"publish","type":"page","link":"https:\/\/talkpal.ai\/cy\/gramadeg-albaneg\/","title":{"rendered":"Gramadeg Albaneg"},"content":{"rendered":"\r\n\r\n\r\n<section class=\"languageChallengeSection\">\r\n    <div class=\"languageInfoWrapper\">\r\n        \r\n        <h1>Gramadeg Albaneg<\/h1>\r\n        <p>Efallai y bydd <a href=\"https:\/\/talkpal.ai\/albanian-grammar\/\">gramadeg Albaneg<\/a> yn ymddangos yn heriol ar y dechrau, ond mae ei nodweddion unigryw yn gwneud dysgu&#039;r iaith yn brofiad gwerth chweil. Trwy archwilio ei wyddor, treigladau, a rheolau gramadeg, byddwch yn cael mewnwelediad i draddodiad ieithyddol cyfoethog. Dechreuwch eich taith a darganfod harddwch <a href=\"https:\/\/talkpal.ai\/learn-albanian\/\">Albaneg<\/a>!<\/p>\r\n\r\n                            <a class=\"getStartedHidden\" href=\"https:\/\/app.talkpal.ai\/signup?lng=\">Dechrau<\/a>\r\n        \r\n    <\/div>\r\n\r\n    <figure>\r\n    <img decoding=\"async\" width=\"768\" height=\"768\" src=\"https:\/\/talkpal.ai\/wp-content\/uploads\/2023\/06\/welsh-768x768.png\" class=\"languageImage no-lazy\" alt=\"Language learning for better cognitive abilities\" fetchpriority=\"high\" sizes=\"(max-width: 768px) 150px, 768px\" srcset=\"https:\/\/talkpal.ai\/wp-content\/uploads\/2023\/06\/welsh-768x768.png 768w, https:\/\/talkpal.ai\/wp-content\/uploads\/2023\/06\/welsh-300x300.png 300w\" \/>\r\n    \r\n\r\n    <\/figure>\r\n\r\n            <a class=\"getStartedVisible\" href=\"https:\/\/app.talkpal.ai\/signup?lng=\">Dechrau<\/a>\r\n    \r\n<\/section><section class=\"promotionalBanner\">\r\n    <p class=\"promotionalText\">Y ffordd fwyaf effeithlon o ddysgu iaith<\/p>\r\n    <a class=\"promotionalLink\" href=\"https:\/\/app.talkpal.ai\/signup?lng=\">Rhowch gynnig ar Talkpal am ddim<\/a>\r\n<\/section>\n<div class=\"wp-block-group pageContainerStyle\"><div class=\"wp-block-group__inner-container is-layout-constrained wp-block-group-is-layout-constrained\">\n<h2 class=\"wp-block-heading\" id=\"h-navigating-the-intricacies-of-albanian-grammar\">Llywio cymhlethdodau gramadeg Albaneg<\/h2>\n\n\n\n<p>Mae <a href=\"https:\/\/talkpal.ai\/cy\/dysgu-albaneg\/\">Albaneg<\/a>, iaith Indo Ewropeaidd gyda changen unigryw a gwreiddiau diwylliannol dwfn, yn cynnig taith werth chweil i ddysgwyr sy&#8217;n cael eu denu at ei system ramadeg a sain unigryw. Wrth i chi archwilio Albaneg, byddwch yn ehangu eich pecyn cymorth ieithyddol wrth gysylltu \u00e2 diwylliant <a href=\"https:\/\/talkpal.ai\/locations\/language-courses-in-albania\/\">Albania<\/a> a&#8217;r byd Albaneg ehangach. Gall gramadeg Albaneg edrych yn gymhleth ar y dechrau, ond mae ei dorri&#8217;n rhannau craidd yn gwneud cynnydd yn syml. Isod mae canllaw ffocws i&#8217;r hanfodion, gydag awgrymiadau i&#8217;ch helpu chi i&#8217;w meistroli.<\/p>\n\n\n\n<h3 class=\"wp-block-heading\" id=\"h-1-albanian-alphabet-and-phonetics\">1. Wyddor Albaneg a seineg<\/h3>\n\n\n\n<p>Mae gan wyddor Albaneg 36 llythyren, gan gynnwys sawl un sydd wedi&#8217;u hysgrifennu fel deugraffau ond sy&#8217;n cyfrif fel llythrennau sengl, megis dh, gj, ll, nj, rr, sh, th, xh, zh. Mae hefyd yn defnyddio \u00e7 ac \u00eb, ac mae&#8217;r llafariad y yn cynrychioli sain crwn blaen agos. Mae&#8217;r cyferbyniad rhwng r a rr yn ystyrlon, ac mae q a gj yn stopiau palatal gwahanol i k a g. Mae dod yn gyfforddus \u00e2&#8217;r synau a&#8217;r llythrennau hyn trwy ddarllen yn uchel ac ymarfer gwrando yn gam cyntaf allweddol.<\/p>\n\n\n\n<h3 class=\"wp-block-heading\" id=\"h-2-definite-articles-and-linkers-a-distinctive-albanian-feature\">2. Erthyglau a Chysylltwyr Pendant: Nodwedd Albanaidd Nodweddiadol<\/h3>\n\n\n\n<p>Nodwedd o Albaneg yw&#8217;r \u00f4l-ddodiad erthygl bendant, sy&#8217;n atodi enwau ac yn amrywio yn \u00f4l rhyw a rhif. Nodwedd nodedig arall yw&#8217;r gronyn cysylltu yn yr ymadrodd enw, fel arfer i neu e yn yr amhenodol a t\u00eb neu s\u00eb mewn cyd-destunau penodol ac achosion, a ddefnyddir cyn ansoddeiriau a rhai addaswyr. Mae deall pryd a sut mae diffiniaeth a&#8217;r linker yn ymddangos yn hanfodol ar gyfer cyfathrebu cywir yn Albaneg.<\/p>\n\n\n\n<h3 class=\"wp-block-heading\" id=\"h-3-nouns-and-pronouns-gender-and-cases\">3. Enwau a rhagenwau: Rhyw ac Achosion<\/h3>\n\n\n\n<p>Mae gan enwau Albaneg ryw ramadegol (gwrywaidd neu fenywaidd) ac yn dilyn gwahanol batrymau ffurfio lluosog. Mae&#8217;r iaith yn nodi perthnasoedd achos yn yr ymadrodd enwol, yn draddodiadol pum achos yn yr iaith safonol. Mae rhagenwau yn cynnwys ffurfiau personol, meddiannol, adfyfyriol, arddangosol a chwestiynol, yn ogystal \u00e2 chlitics gwrthrychau sy&#8217;n gysylltiedig \u00e2&#8217;r ferf. Bydd dod yn gyfarwydd \u00e2&#8217;r rhagenwau hyn a&#8217;u lleoliad yn gwella&#8217;n sylweddol eich gafael ar ramadeg Albaneg.<\/p>\n\n\n\n<h3 class=\"wp-block-heading\" id=\"h-4-verbs-structure-and-conjugation\">4. Berfau: Strwythur a chyfuniad<\/h3>\n\n\n\n<p>Mae berfau Albaneg yn dilyn strwythur a phatrwm cyfuniad gwahanol yn dibynnu ar amser, hwyliau a pherson. Mae&#8217;r amserau hanfodol yn cynnwys y presennol, y gorffennol syml, yr amherffaith, a&#8217;r perffaith cyfansawdd, ynghyd \u00e2&#8217;r dyfodol a ffurfiwyd gyda do t\u00eb ynghyd \u00e2&#8217;r is-gyswllt. Albaneg hefyd yn gwneud defnydd helaeth o&#8217;r subjunctive, ac yn cynnwys hwyliau amodol a gorfodol. Bydd dysgu&#8217;r rheolau cyfuniad ar gyfer berfau cyffredin yn gwella eich gallu i gyfathrebu&#8217;n effeithiol yn Albaneg.<\/p>\n\n\n\n<h3 class=\"wp-block-heading\" id=\"h-5-adjectives-agreement-and-placement\">5. Ansoddeiriau: Cytundeb a Lleoliad<\/h3>\n\n\n\n<p>Mewn gramadeg Albaneg, mae ansoddeiriau fel arfer yn dilyn yr enw maen nhw&#8217;n ei addasu ac yn cytuno trwy gronyn cysylltu sy&#8217;n dangos rhywedd a rhif. Mae gan rai ansoddeiriau batrymau cymharol a superlative afreolaidd, ac mae cymhariaeth yn aml yn defnyddio m\u00eb ynghyd \u00e2&#8217;r ansoddair, tra bod superlatives yn ychwanegu&#8217;r erthygl sy&#8217;n cytuno. Mae meistroli cytundeb a lleoliad yn eich helpu i swnio&#8217;n naturiol.<\/p>\n\n\n\n<p><strong>Enghreifftiau:<\/strong><\/p>\n\n\n\n<p><strong>\u2013 dashuri e madhe (cariad mawr)<\/strong><\/p>\n\n\n\n<p><strong>\u2013 F\u00ebmij\u00eb t\u00eb vegj\u00ebl (plant bach)<\/strong><\/p>\n\n\n\n<h3 class=\"wp-block-heading\" id=\"h-6-engaging-with-the-language\">6. Ymgysylltu \u00e2&#8217;r iaith<\/h3>\n\n\n\n<p>Y ffordd fwyaf effeithiol o ddeall a mewnoli gramadeg Albaneg yn llawn yw ymgysylltu&#8217;n gyson \u00e2&#8217;r iaith. Trwy ddarllen llenyddiaeth Albaneg, gwylio ffilmiau neu gyfresi teledu Albaneg, dilyn newyddion a phodlediadau, a chyfathrebu&#8217;n weithredol \u00e2 siaradwyr brodorol, byddwch yn atgyfnerthu eich dealltwriaeth o ramadeg wrth ehangu eich geirfa.<\/p>\n\n\n\n<h3 class=\"wp-block-heading\" id=\"h-conclusion\">Casgliad<\/h3>\n\n\n\n<p>Er y gall gramadeg Albaneg ymddangos yn gymhleth, gallwch ddod yn hyfedr yn yr iaith hardd hon gydag ymroddiad, ymarfer a brwdfrydedd. Trwy ganolbwyntio ar y rheolau sylfaenol ac ymgysylltu \u00e2&#8217;r iaith ar draws gwahanol gyd-destunau, byddwch yn gwella&#8217;ch <a href=\"https:\/\/talkpal.ai\/cy\/gramadeg\/\">sgiliau gramadeg<\/a> Albaneg yn gyflym. Llwyddwch gyda&#8217;ch taith iaith Albaneg, a mwynhewch ddatgelu byd mynegiannol a hudolus gramadeg Albaneg.<\/p>\n<\/div><\/div>\n\r\n<section class=\"learnNavigationSection\">\r\n            \r\n        <a href=\"https:\/\/talkpal.ai\/cy\/dysgu-albaneg\/\">\r\n            <div class=\"learnNavigationWrapper\">\r\n                <div class=\"learnNavigationContent\">\r\n                    <img decoding=\"async\" src=\"https:\/\/talkpal.ai\/wp-content\/uploads\/2025\/11\/Albanian.png\" alt=\"Albanian Flag\">\r\n                    <div>\r\n                        <h4>Yngl\u0177n \u00e2 Dysgu Albaneg<\/h4>\r\n                        <p>Darganfyddwch bopeth am Ramadeg Albaneg.<\/p>\r\n                    <\/div>\r\n                <\/div>\r\n            <\/div>\r\n        <\/a>\r\n\r\n        \r\n        <a href=\"https:\/\/talkpal.ai\/cy\/ymarferion-gramadeg-albaneg\/\">\r\n            <div class=\"learnNavigationWrapper\">\r\n                <div class=\"learnNavigationContent\">\r\n                    <img decoding=\"async\" src=\"https:\/\/talkpal.ai\/wp-content\/uploads\/2025\/11\/Albanian.png\" alt=\"Albanian Flag\">\r\n                    <div>\r\n                        <h4>Ymarfer Gramadeg Albaneg<\/h4>\r\n                        <p>Ymarfer gramadeg Albaneg.<\/p>\r\n                    <\/div>\r\n                <\/div>\r\n            <\/div>\r\n        <\/a>\r\n\r\n            <\/section>","protected":false},"excerpt":{"rendered":"<p>Llywio cymhlethdodau gramadeg Albaneg Mae Albaneg, iaith Indo Ewropeaidd gyda changen unigryw a gwreiddiau diwylliannol dwfn, yn cynnig taith werth chweil i ddysgwyr sy&#8217;n cael eu denu at ei system ramadeg a sain unigryw. Wrth i chi archwilio Albaneg, byddwch yn ehangu eich pecyn cymorth ieithyddol wrth gysylltu \u00e2 diwylliant Albania a&#8217;r byd Albaneg ehangach. [&hellip;]<\/p>\n","protected":false},"author":20,"featured_media":0,"parent":0,"menu_order":0,"comment_status":"closed","ping_status":"closed","template":"LearningContentPage.php","meta":{"_acf_changed":false,"footnotes":""},"class_list":["post-1474818","page","type-page","status-publish","hentry"],"acf":[],"yoast_head":"<!-- This site is optimized with the Yoast SEO Premium plugin v27.2 (Yoast SEO v27.2) - https:\/\/yoast.com\/product\/yoast-seo-premium-wordpress\/ -->\n<title>Gramadeg Albaneg - Talkpal<\/title>\n<meta name=\"description\" content=\"Meistroli hanfodion gramadeg Albaneg, gan gynnwys achosion a berfau, gyda chanllaw dysgu iaith rhyngweithiol AI Talkpal.\" \/>\n<meta name=\"robots\" content=\"index, follow, max-snippet:-1, max-image-preview:large, max-video-preview:-1\" \/>\n<link rel=\"canonical\" href=\"https:\/\/talkpal.ai\/cy\/gramadeg-albaneg\/\" \/>\n<meta property=\"og:locale\" content=\"cy_GB\" \/>\n<meta property=\"og:type\" content=\"article\" \/>\n<meta property=\"og:title\" content=\"Gramadeg Albaneg\" \/>\n<meta property=\"og:description\" content=\"Llywio cymhlethdodau gramadeg Albaneg Mae Albaneg, iaith Indo Ewropeaidd gyda changen unigryw a gwreiddiau diwylliannol dwfn, yn cynnig taith werth chweil\" \/>\n<meta property=\"og:url\" content=\"https:\/\/talkpal.ai\/cy\/gramadeg-albaneg\/\" \/>\n<meta property=\"og:site_name\" content=\"Talkpal\" \/>\n<meta property=\"article:publisher\" content=\"https:\/\/www.facebook.com\/profile.php?id=100090733639311\" \/>\n<meta property=\"article:modified_time\" content=\"2025-12-30T15:33:46+00:00\" \/>\n<meta property=\"og:image\" content=\"https:\/\/talkpal.ai\/wp-content\/uploads\/2025\/02\/Progress-tab-16_9.png\" \/>\n\t<meta property=\"og:image:width\" content=\"2880\" \/>\n\t<meta property=\"og:image:height\" content=\"1620\" \/>\n\t<meta property=\"og:image:type\" content=\"image\/png\" \/>\n<meta name=\"twitter:card\" content=\"summary_large_image\" \/>\n<meta name=\"twitter:site\" content=\"@talkpalai\" \/>\n<meta name=\"twitter:label1\" content=\"Est. reading time\" \/>\n\t<meta name=\"twitter:data1\" content=\"3 minutes\" \/>\n<script type=\"application\/ld+json\" class=\"yoast-schema-graph\">{\"@context\":\"https:\/\/schema.org\",\"@graph\":[{\"@type\":\"WebPage\",\"@id\":\"https:\/\/talkpal.ai\/cy\/gramadeg-albaneg\/\",\"url\":\"https:\/\/talkpal.ai\/cy\/gramadeg-albaneg\/\",\"name\":\"Gramadeg Albaneg - Talkpal\",\"isPartOf\":{\"@id\":\"https:\/\/talkpal.ai\/cy\/#website\"},\"datePublished\":\"2025-11-11T12:01:19+00:00\",\"dateModified\":\"2025-12-30T15:33:46+00:00\",\"description\":\"Meistroli hanfodion gramadeg Albaneg, gan gynnwys achosion a berfau, gyda chanllaw dysgu iaith rhyngweithiol AI Talkpal.\",\"breadcrumb\":{\"@id\":\"https:\/\/talkpal.ai\/cy\/gramadeg-albaneg\/#breadcrumb\"},\"inLanguage\":\"cy-GB\",\"potentialAction\":[{\"@type\":\"ReadAction\",\"target\":[\"https:\/\/talkpal.ai\/cy\/gramadeg-albaneg\/\"]}]},{\"@type\":\"BreadcrumbList\",\"@id\":\"https:\/\/talkpal.ai\/cy\/gramadeg-albaneg\/#breadcrumb\",\"itemListElement\":[{\"@type\":\"ListItem\",\"position\":1,\"name\":\"Homepage\",\"item\":\"https:\/\/talkpal.ai\/cy\/ai-athro-iaith-3\/\"},{\"@type\":\"ListItem\",\"position\":2,\"name\":\"Gramadeg Albaneg\"}]},{\"@type\":\"WebSite\",\"@id\":\"https:\/\/talkpal.ai\/cy\/#website\",\"url\":\"https:\/\/talkpal.ai\/cy\/\",\"name\":\"Talkpal\",\"description\":\"AI Language Learning\",\"publisher\":{\"@id\":\"https:\/\/talkpal.ai\/cy\/#organization\"},\"alternateName\":\"Talkpal AI\",\"potentialAction\":[{\"@type\":\"SearchAction\",\"target\":{\"@type\":\"EntryPoint\",\"urlTemplate\":\"https:\/\/talkpal.ai\/cy\/?s={search_term_string}\"},\"query-input\":{\"@type\":\"PropertyValueSpecification\",\"valueRequired\":true,\"valueName\":\"search_term_string\"}}],\"inLanguage\":\"cy-GB\"},{\"@type\":\"Organization\",\"@id\":\"https:\/\/talkpal.ai\/cy\/#organization\",\"name\":\"Talkpal, Inc.\",\"alternateName\":\"Talkpal AI\",\"url\":\"https:\/\/talkpal.ai\/cy\/\",\"logo\":{\"@type\":\"ImageObject\",\"inLanguage\":\"cy-GB\",\"@id\":\"https:\/\/talkpal.ai\/cy\/#\/schema\/logo\/image\/\",\"url\":\"https:\/\/talkpal.ai\/wp-content\/uploads\/2024\/03\/Talkpal-Logo-Icon.png\",\"contentUrl\":\"https:\/\/talkpal.ai\/wp-content\/uploads\/2024\/03\/Talkpal-Logo-Icon.png\",\"width\":2880,\"height\":2880,\"caption\":\"Talkpal, Inc.\"},\"image\":{\"@id\":\"https:\/\/talkpal.ai\/cy\/#\/schema\/logo\/image\/\"},\"sameAs\":[\"https:\/\/www.facebook.com\/profile.php?id=100090733639311\",\"https:\/\/x.com\/talkpalai\",\"https:\/\/www.linkedin.com\/company\/talkpal\/\",\"https:\/\/www.youtube.com\/@TalkPal\/\",\"https:\/\/www.tiktok.com\/@talkpal\",\"https:\/\/www.instagram.com\/talkpal_ai\/\",\"https:\/\/www.crunchbase.com\/organization\/talkpal-9cde\",\"https:\/\/www.g2.com\/products\/talkpal-for-business\/\",\"https:\/\/www.trustpilot.com\/review\/talkpal.ai\",\"https:\/\/www.capterra.com\/p\/10006800\/TalkPal\/\"],\"description\":\"Talkpal is a language learning web and mobile education app, powered by the latest AI technologies, that provides engaging experiences to its customers in many different languages to help them improve their language skills. Users can chat about unlimited amount of topics with the app and use other modes to practice their language learning.\",\"email\":\"support@talkpal.ai\",\"legalName\":\"Talkpal, Inc.\",\"foundingDate\":\"2023-04-03\",\"duns\":\"118989042\",\"numberOfEmployees\":{\"@type\":\"QuantitativeValue\",\"minValue\":\"11\",\"maxValue\":\"50\"},\"publishingPrinciples\":\"https:\/\/talkpal.ai\/publishing-principles\/\",\"actionableFeedbackPolicy\":\"https:\/\/talkpal.ai\/actionable-feedback-policy\/\",\"correctionsPolicy\":\"https:\/\/talkpal.ai\/corrections-policy\/\",\"ethicsPolicy\":\"https:\/\/talkpal.ai\/ethics-policy\/\",\"diversityPolicy\":\"https:\/\/talkpal.ai\/diversity-policy\/\",\"diversityStaffingReport\":\"https:\/\/talkpal.ai\/diversity-policy\/\"}]}<\/script>\n<!-- \/ Yoast SEO Premium plugin. -->","yoast_head_json":{"title":"Gramadeg Albaneg - Talkpal","description":"Meistroli hanfodion gramadeg Albaneg, gan gynnwys achosion a berfau, gyda chanllaw dysgu iaith rhyngweithiol AI Talkpal.","robots":{"index":"index","follow":"follow","max-snippet":"max-snippet:-1","max-image-preview":"max-image-preview:large","max-video-preview":"max-video-preview:-1"},"canonical":"https:\/\/talkpal.ai\/cy\/gramadeg-albaneg\/","og_locale":"cy_GB","og_type":"article","og_title":"Gramadeg Albaneg","og_description":"Llywio cymhlethdodau gramadeg Albaneg Mae Albaneg, iaith Indo Ewropeaidd gyda changen unigryw a gwreiddiau diwylliannol dwfn, yn cynnig taith werth chweil","og_url":"https:\/\/talkpal.ai\/cy\/gramadeg-albaneg\/","og_site_name":"Talkpal","article_publisher":"https:\/\/www.facebook.com\/profile.php?id=100090733639311","article_modified_time":"2025-12-30T15:33:46+00:00","og_image":[{"width":2880,"height":1620,"url":"https:\/\/talkpal.ai\/wp-content\/uploads\/2025\/02\/Progress-tab-16_9.png","type":"image\/png"}],"twitter_card":"summary_large_image","twitter_site":"@talkpalai","twitter_misc":{"Est. reading time":"3 minutes"},"schema":{"@context":"https:\/\/schema.org","@graph":[{"@type":"WebPage","@id":"https:\/\/talkpal.ai\/cy\/gramadeg-albaneg\/","url":"https:\/\/talkpal.ai\/cy\/gramadeg-albaneg\/","name":"Gramadeg Albaneg - Talkpal","isPartOf":{"@id":"https:\/\/talkpal.ai\/cy\/#website"},"datePublished":"2025-11-11T12:01:19+00:00","dateModified":"2025-12-30T15:33:46+00:00","description":"Meistroli hanfodion gramadeg Albaneg, gan gynnwys achosion a berfau, gyda chanllaw dysgu iaith rhyngweithiol AI Talkpal.","breadcrumb":{"@id":"https:\/\/talkpal.ai\/cy\/gramadeg-albaneg\/#breadcrumb"},"inLanguage":"cy-GB","potentialAction":[{"@type":"ReadAction","target":["https:\/\/talkpal.ai\/cy\/gramadeg-albaneg\/"]}]},{"@type":"BreadcrumbList","@id":"https:\/\/talkpal.ai\/cy\/gramadeg-albaneg\/#breadcrumb","itemListElement":[{"@type":"ListItem","position":1,"name":"Homepage","item":"https:\/\/talkpal.ai\/cy\/ai-athro-iaith-3\/"},{"@type":"ListItem","position":2,"name":"Gramadeg Albaneg"}]},{"@type":"WebSite","@id":"https:\/\/talkpal.ai\/cy\/#website","url":"https:\/\/talkpal.ai\/cy\/","name":"Talkpal","description":"AI Language Learning","publisher":{"@id":"https:\/\/talkpal.ai\/cy\/#organization"},"alternateName":"Talkpal AI","potentialAction":[{"@type":"SearchAction","target":{"@type":"EntryPoint","urlTemplate":"https:\/\/talkpal.ai\/cy\/?s={search_term_string}"},"query-input":{"@type":"PropertyValueSpecification","valueRequired":true,"valueName":"search_term_string"}}],"inLanguage":"cy-GB"},{"@type":"Organization","@id":"https:\/\/talkpal.ai\/cy\/#organization","name":"Talkpal, Inc.","alternateName":"Talkpal AI","url":"https:\/\/talkpal.ai\/cy\/","logo":{"@type":"ImageObject","inLanguage":"cy-GB","@id":"https:\/\/talkpal.ai\/cy\/#\/schema\/logo\/image\/","url":"https:\/\/talkpal.ai\/wp-content\/uploads\/2024\/03\/Talkpal-Logo-Icon.png","contentUrl":"https:\/\/talkpal.ai\/wp-content\/uploads\/2024\/03\/Talkpal-Logo-Icon.png","width":2880,"height":2880,"caption":"Talkpal, Inc."},"image":{"@id":"https:\/\/talkpal.ai\/cy\/#\/schema\/logo\/image\/"},"sameAs":["https:\/\/www.facebook.com\/profile.php?id=100090733639311","https:\/\/x.com\/talkpalai","https:\/\/www.linkedin.com\/company\/talkpal\/","https:\/\/www.youtube.com\/@TalkPal\/","https:\/\/www.tiktok.com\/@talkpal","https:\/\/www.instagram.com\/talkpal_ai\/","https:\/\/www.crunchbase.com\/organization\/talkpal-9cde","https:\/\/www.g2.com\/products\/talkpal-for-business\/","https:\/\/www.trustpilot.com\/review\/talkpal.ai","https:\/\/www.capterra.com\/p\/10006800\/TalkPal\/"],"description":"Talkpal is a language learning web and mobile education app, powered by the latest AI technologies, that provides engaging experiences to its customers in many different languages to help them improve their language skills. Users can chat about unlimited amount of topics with the app and use other modes to practice their language learning.","email":"support@talkpal.ai","legalName":"Talkpal, Inc.","foundingDate":"2023-04-03","duns":"118989042","numberOfEmployees":{"@type":"QuantitativeValue","minValue":"11","maxValue":"50"},"publishingPrinciples":"https:\/\/talkpal.ai\/publishing-principles\/","actionableFeedbackPolicy":"https:\/\/talkpal.ai\/actionable-feedback-policy\/","correctionsPolicy":"https:\/\/talkpal.ai\/corrections-policy\/","ethicsPolicy":"https:\/\/talkpal.ai\/ethics-policy\/","diversityPolicy":"https:\/\/talkpal.ai\/diversity-policy\/","diversityStaffingReport":"https:\/\/talkpal.ai\/diversity-policy\/"}]}},"_links":{"self":[{"href":"https:\/\/talkpal.ai\/cy\/wp-json\/wp\/v2\/pages\/1474818","targetHints":{"allow":["GET"]}}],"collection":[{"href":"https:\/\/talkpal.ai\/cy\/wp-json\/wp\/v2\/pages"}],"about":[{"href":"https:\/\/talkpal.ai\/cy\/wp-json\/wp\/v2\/types\/page"}],"author":[{"embeddable":true,"href":"https:\/\/talkpal.ai\/cy\/wp-json\/wp\/v2\/users\/20"}],"replies":[{"embeddable":true,"href":"https:\/\/talkpal.ai\/cy\/wp-json\/wp\/v2\/comments?post=1474818"}],"version-history":[{"count":0,"href":"https:\/\/talkpal.ai\/cy\/wp-json\/wp\/v2\/pages\/1474818\/revisions"}],"wp:attachment":[{"href":"https:\/\/talkpal.ai\/cy\/wp-json\/wp\/v2\/media?parent=1474818"}],"curies":[{"name":"wp","href":"https:\/\/api.w.org\/{rel}","templated":true}]}}