{"id":1474813,"date":"2025-11-11T12:32:58","date_gmt":"2025-11-11T12:32:58","guid":{"rendered":"https:\/\/talkpal.ai\/ymarferion-gramadeg-albaneg\/"},"modified":"2025-12-30T15:38:12","modified_gmt":"2025-12-30T15:38:12","slug":"ymarferion-gramadeg-albaneg","status":"publish","type":"page","link":"https:\/\/talkpal.ai\/cy\/ymarferion-gramadeg-albaneg\/","title":{"rendered":"Ymarferion Gramadeg Albaneg"},"content":{"rendered":"\r\n\r\n\r\n<section class=\"languageChallengeSection\">\r\n    <div class=\"languageInfoWrapper\">\r\n        \r\n        <h1>Ymarferion Gramadeg Albaneg<\/h1>\r\n        <p>Yn barod i blymio i ramadeg <a href=\"https:\/\/talkpal.ai\/learn-albanian\/\">Albaneg<\/a>? Bydd ymarfer ychydig o pethau sylfaenol yn eich helpu i fod yn gyfforddus gyda&#039;r iaith unigryw a hardd hon. Rhowch gynnig ar yr ymarferion hyn i adeiladu eich hyder a chael hwyl ar hyd y ffordd!<\/p>\r\n\r\n                            <a class=\"getStartedHidden\" href=\"https:\/\/app.talkpal.ai\/signup?lng=\">Dechrau<\/a>\r\n        \r\n    <\/div>\r\n\r\n    <figure>\r\n    <img decoding=\"async\" width=\"768\" height=\"768\" src=\"https:\/\/talkpal.ai\/wp-content\/uploads\/2023\/06\/welsh-768x768.png\" class=\"languageImage no-lazy\" alt=\"Language learning for better cognitive abilities\" fetchpriority=\"high\" sizes=\"(max-width: 768px) 150px, 768px\" srcset=\"https:\/\/talkpal.ai\/wp-content\/uploads\/2023\/06\/welsh-768x768.png 768w, https:\/\/talkpal.ai\/wp-content\/uploads\/2023\/06\/welsh-300x300.png 300w\" \/>\r\n    \r\n\r\n    <\/figure>\r\n\r\n            <a class=\"getStartedVisible\" href=\"https:\/\/app.talkpal.ai\/signup?lng=\">Dechrau<\/a>\r\n    \r\n<\/section><section class=\"promotionalBanner\">\r\n    <p class=\"promotionalText\">Y ffordd fwyaf effeithlon o ddysgu iaith<\/p>\r\n    <a class=\"promotionalLink\" href=\"https:\/\/app.talkpal.ai\/signup?lng=\">Rhowch gynnig ar Talkpal am ddim<\/a>\r\n<\/section>\n<div class=\"wp-block-group pageContainerStyle\"><div class=\"wp-block-group__inner-container is-layout-constrained wp-block-group-is-layout-constrained\">\n<h2 class=\"wp-block-heading\" id=\"h-albanian-grammar-topics\">Pynciau Gramadeg Albaneg<\/h2>\n\n\n\n<p><a href=\"https:\/\/talkpal.ai\/cy\/camgymeriadau-mwyaf-iw-hosgoi-wrth-ddysgu-iaith-newydd\/\">Gall dysgu iaith newydd<\/a> fod yn ymdrech heriol ond gwerth chweil. Albaneg, iaith Indo-Ewropeaidd a siaredir yn bennaf yn <a href=\"https:\/\/talkpal.ai\/locations\/language-courses-in-albania\/\">Albania<\/a>, nid yw eithriad. Gyda&#8217;i nodweddion a&#8217;i strwythurau unigryw, mae <a href=\"https:\/\/talkpal.ai\/cy\/talkpal-ar-gyfer-addysg\/\">dysgu<\/a> Albaneg yn gofyn am ddull systematig o ddeall ei gramadeg cyfoethog. Mae&#8217;r canllaw hwn yn amlinellu meysydd allweddol <a href=\"https:\/\/talkpal.ai\/cy\/gramadeg-albaneg\/\">gramadeg Albaneg<\/a> mewn dilyniant rhesymegol ar gyfer <a href=\"https:\/\/talkpal.ai\/cy\/ai-chatbot-ar-gyfer-dysgu-iaith\/\">dysgu iaith<\/a>, gan ddechrau o&#8217;r pethau sylfaenol fel enwau ac erthyglau, ac ymlaen i feysydd mwy cymhleth fel amserau ac adeiladu brawddegau.<\/p>\n\n\n\n<h3 class=\"wp-block-heading\" id=\"h-1-nouns\">1. Enwau:<\/h3>\n\n\n\n<p>Dechreuwch eich taith iaith Albaneg trwy ddysgu&#8217;r enwau. Mae hyn yn cynnwys deall rhywedd a rhif, enwau cyffredin a phriodol, a&#8217;u ffurfiau lluosog. Mae enwau Albaneg hefyd yn troi ar gyfer achos ac mae ganddynt ffurfiau amhendant a phenodol, gyda phenderfyniad yn aml wedi&#8217;i nodi gan \u00f4l-ddodiad ynghlwm wrth yr enw.<\/p>\n\n\n\n<h3 class=\"wp-block-heading\" id=\"h-2-articles\">2. Erthyglau:<\/h3>\n\n\n\n<p>Mae erthyglau yn Albaneg yn gweithio&#8217;n wahanol i&#8217;r <a href=\"https:\/\/talkpal.ai\/ai-english-speaking-practice\/\">Saesneg<\/a>. Mae&#8217;r erthygl bendant fel arfer yn \u00f4l-ddodiad a ychwanegir at yr enw, tra bod yr erthygl amhenodol yn y gair ar wah\u00e2n nj\u00eb yn yr unigol. Mae Albaneg hefyd yn defnyddio erthygl gysylltu cyn ansoddeiriau ac mewn rhai cystrawennau genidol, sy&#8217;n cytuno o ran rhyw a rhif.<\/p>\n\n\n\n<h3 class=\"wp-block-heading\" id=\"h-3-adjectives\">3. Ansoddeiriau:<\/h3>\n\n\n\n<p>Mae ansoddeiriau yn Albaneg fel arfer yn dilyn eu henwau. Dangosir cytundeb trwy&#8217;r erthygl gysylltu a osodir cyn yr ansoddair, sy&#8217;n adlewyrchu rhyw, rhif, ac achos yr enw. Dysgwch sut i ffurfio cymhariaethau a superlatives, yn gyffredin gyda m\u00eb ar gyfer y cymharol a&#8217;r ffurf bendant ar gyfer y superlative.<\/p>\n\n\n\n<h3 class=\"wp-block-heading\" id=\"h-4-pronouns-determiners\">4. Rhagenwau \/ Penderfynwyr:<\/h3>\n\n\n\n<p>Mae rhagenwau a phenderfynyddion yn hanfodol yn Albaneg; maent yn disodli enwau ac yn darparu gwybodaeth am berson, meddiant, maint, a mwy. Rhowch sylw arbennig i ragenwau gwrthrych clitig, sy&#8217;n aml yn ymddangos cyn y ferf, ac i benderfynwyr meddiannol sy&#8217;n cytuno \u00e2&#8217;r enw maen nhw&#8217;n ei addasu.<\/p>\n\n\n\n<h3 class=\"wp-block-heading\" id=\"h-5-verbs\">5. Berfau:<\/h3>\n\n\n\n<p>Mae berfau Albaneg yn newid ffurf ar gyfer person a rhif ac fe&#8217;u defnyddir ar draws sawl hwyliau megis dangosol, is-gysynol, gorfodol, amodol, ac edmygus. Dechreuwch gyda&#8217;r amser presennol a ffurfiau gorffennol cyffredin, yna ehangwch i hwyliau a lleisiau eraill, gan gynnwys ffurfiannau goddefol.<\/p>\n\n\n\n<h3 class=\"wp-block-heading\" id=\"h-6-tenses\">6. Amserau:<\/h3>\n\n\n\n<p>Ar \u00f4l meistroli&#8217;r ffurfiau berfol, ymchwiliwch yn ddyfnach i amserau Albaneg. Mae&#8217;r amserau allweddol yn cynnwys y ffurfiau presennol, amherffaith, aorist, perffaith presennol, pluperfect, a&#8217;r dyfodol. Dysgwch sut mae pob amser yn cael ei ddefnyddio mewn cyd-destun i fynegi gweithredoedd wedi&#8217;u cwblhau, gweithredoedd parhaus yn y gorffennol, a digwyddiadau yn y dyfodol.<\/p>\n\n\n\n<h3 class=\"wp-block-heading\" id=\"h-7-tense-comparison\">7. Cymhariaeth Tense:<\/h3>\n\n\n\n<p>Mae cymharu amserau yn Albaneg yn helpu i ddeall dilyniant ac agwedd digwyddiadau. Cyferbynnwch yr aorist \u00e2&#8217;r presennol perffaith, a&#8217;r amherffaith \u00e2&#8217;r aorist, i weld sut mae Albaneg yn gwahaniaethu rhwng gweithredoedd unigol wedi&#8217;u cwblhau, gweithredoedd parhaus yn y gorffennol, a pherthnasedd presennol.<\/p>\n\n\n\n<h3 class=\"wp-block-heading\" id=\"h-8-progressive\">8. Blaengar:<\/h3>\n\n\n\n<p>Mynegir yr agwedd flaengar yn Albaneg yn gyffredin gyda&#8217;r gronyn po cyn y ferf gyfyngedig neu gyda&#8217;r strwythur jam duke ac yna&#8217;r enw geiriol neu&#8217;r cyfranogwr. Defnyddiwch y rhain i fynegi gweithredoedd parhaus yn y presennol neu&#8217;r gorffennol.<\/p>\n\n\n\n<h3 class=\"wp-block-heading\" id=\"h-9-perfect-progressive\">9. Blaengar Perffaith:<\/h3>\n\n\n\n<p>Defnyddir yr agwedd hon i fynegi gweithredoedd sydd <a href=\"https:\/\/talkpal.ai\/culture\/how-do-i-use-wedi-bod-to-express-have-been\/\">wedi bod<\/a> yn mynd rhagddo hyd at bwynt penodol. Yn Albaneg, mae&#8217;n cael ei ffurfio gyda kam qen\u00eb duke ac yna y cyfranogwr ar gyfer presennol perffaith blaengar, a kisha qen\u00eb duke ar gyfer y gorffennol perffaith blaengar.<\/p>\n\n\n\n<h3 class=\"wp-block-heading\" id=\"h-10-conditionals\">10. Amodau:<\/h3>\n\n\n\n<p>Mae amodoliadau yn mynegi sefyllfaoedd damcaniaethol a&#8217;u canlyniadau posibl. Mae Albaneg yn defnyddio ffurfiau gyda do t\u00eb ynghyd \u00e2&#8217;r ffurf ferf briodol ar gyfer sefyllfaoedd posibl neu afreal, ac if-cymalau a gyflwynir gan n\u00ebse neu po t\u00eb. Bydd meistroli&#8217;r rhain yn ychwanegu naws i&#8217;ch sgiliau iaith.<\/p>\n\n\n\n<h3 class=\"wp-block-heading\" id=\"h-11-adverbs\">11. Adferfau:<\/h3>\n\n\n\n<p>Mae adferfau yn Albaneg yn addasu berfau, ansoddeiriau, neu adferfau eraill. Maent yn darparu gwybodaeth am fodd, lle, amser, gradd, a mwy, yn aml yn defnyddio ffurfiau yr un fath ag ansoddeiriau neu eiriau adferfol sefydlog fel tani, dje, k\u00ebtu, ac atje.<\/p>\n\n\n\n<h3 class=\"wp-block-heading\" id=\"h-12-prepositions\">12. Arddueddiadau:<\/h3>\n\n\n\n<p>Mae arddodiaid yn cysylltu geiriau ac ymadroddion gyda&#8217;i gilydd. Maent yn mynegi perthnasoedd amser, lle, cyfeiriad, a mwy, gan ddefnyddio eitemau cyffredin fel n\u00eb, te, tek, me, pa, p\u00ebr, nga, mbi, n\u00ebn, para, a pas. Dysgwch sut maen nhw&#8217;n cyfuno ag achosion a&#8217;r erthygl sy&#8217;n cysylltu mewn ymadroddion enwol.<\/p>\n\n\n\n<h3 class=\"wp-block-heading\" id=\"h-13-sentences\">13. Brawddegau:<\/h3>\n\n\n\n<p>Yn olaf, ymarferwch adeiladu brawddegau. Mae gan Albaneg drefn eiriau hyblyg gyda phatrwm SVO cyffredin, yn defnyddio rhagenwau clitig cyn y ferf, yn negyddu gyda nuk, ac yn ffurfio cwestiynau trwy intonation neu gydag a. Bydd defnyddio&#8217;r holl bwyntiau gramadeg a ddysgwyd yn flaenorol yn y cyd-destun yn sicrhau dealltwriaeth gynhwysfawr o&#8217;r iaith Albaneg.<\/p>\n<\/div><\/div>\n\r\n<section class=\"learnNavigationSection\">\r\n            \r\n        <a href=\"https:\/\/talkpal.ai\/cy\/dysgu-albaneg\/\">\r\n            <div class=\"learnNavigationWrapper\">\r\n                <div class=\"learnNavigationContent\">\r\n                    <img decoding=\"async\" src=\"https:\/\/talkpal.ai\/wp-content\/uploads\/2025\/11\/Albanian.png\" alt=\"Albanian Flag\">\r\n                    <div>\r\n                        <h4>Yngl\u0177n \u00e2 Dysgu Albaneg<\/h4>\r\n                        <p>Darganfyddwch bopeth am Ramadeg Albaneg.<\/p>\r\n                    <\/div>\r\n                <\/div>\r\n            <\/div>\r\n        <\/a>\r\n\r\n        \r\n        <a href=\"https:\/\/talkpal.ai\/cy\/gramadeg-albaneg\/\">\r\n            <div class=\"learnNavigationWrapper\">\r\n                <div class=\"learnNavigationContent\">\r\n                    <img decoding=\"async\" src=\"https:\/\/talkpal.ai\/wp-content\/uploads\/2025\/11\/Albanian.png\" alt=\"Albanian Flag\">\r\n                    <div>\r\n                        <h4>Gwersi Gramadeg Albaneg<\/h4>\r\n                        <p>Ymarfer gramadeg Albaneg.<\/p>\r\n                    <\/div>\r\n                <\/div>\r\n            <\/div>\r\n        <\/a>\r\n\r\n            <\/section>","protected":false},"excerpt":{"rendered":"<p>Pynciau Gramadeg Albaneg Gall dysgu iaith newydd fod yn ymdrech heriol ond gwerth chweil. Albaneg, iaith Indo-Ewropeaidd a siaredir yn bennaf yn Albania, nid yw eithriad. Gyda&#8217;i nodweddion a&#8217;i strwythurau unigryw, mae dysgu Albaneg yn gofyn am ddull systematig o ddeall ei gramadeg cyfoethog. Mae&#8217;r canllaw hwn yn amlinellu meysydd allweddol gramadeg Albaneg mewn dilyniant [&hellip;]<\/p>\n","protected":false},"author":20,"featured_media":0,"parent":0,"menu_order":0,"comment_status":"closed","ping_status":"closed","template":"LearningContentPage.php","meta":{"_acf_changed":false,"footnotes":""},"class_list":["post-1474813","page","type-page","status-publish","hentry"],"acf":[],"yoast_head":"<!-- This site is optimized with the Yoast SEO Premium plugin v27.2 (Yoast SEO v27.2) - https:\/\/yoast.com\/product\/yoast-seo-premium-wordpress\/ -->\n<title>Ymarferion Gramadeg Albaneg - Talkpal<\/title>\n<meta name=\"description\" content=\"Gwella eich Albaneg gydag ymarferion gramadeg rhyngweithiol Talkpal sy&#039;n ymdrin ag enwau, berfau, amserau a strwythurau brawddegau.\" \/>\n<meta name=\"robots\" content=\"index, follow, max-snippet:-1, max-image-preview:large, max-video-preview:-1\" \/>\n<link rel=\"canonical\" href=\"https:\/\/talkpal.ai\/cy\/ymarferion-gramadeg-albaneg\/\" \/>\n<meta property=\"og:locale\" content=\"cy_GB\" \/>\n<meta property=\"og:type\" content=\"article\" \/>\n<meta property=\"og:title\" content=\"Ymarferion Gramadeg Albaneg\" \/>\n<meta property=\"og:description\" content=\"Pynciau Gramadeg Albaneg Gall dysgu iaith newydd fod yn ymdrech heriol ond gwerth chweil. Albaneg, iaith Indo-Ewropeaidd a siaredir yn bennaf yn Albania,\" \/>\n<meta property=\"og:url\" content=\"https:\/\/talkpal.ai\/cy\/ymarferion-gramadeg-albaneg\/\" \/>\n<meta property=\"og:site_name\" content=\"Talkpal\" \/>\n<meta property=\"article:publisher\" content=\"https:\/\/www.facebook.com\/profile.php?id=100090733639311\" \/>\n<meta property=\"article:modified_time\" content=\"2025-12-30T15:38:12+00:00\" \/>\n<meta property=\"og:image\" content=\"https:\/\/talkpal.ai\/wp-content\/uploads\/2025\/02\/Progress-tab-16_9.png\" \/>\n\t<meta property=\"og:image:width\" content=\"2880\" \/>\n\t<meta property=\"og:image:height\" content=\"1620\" \/>\n\t<meta property=\"og:image:type\" content=\"image\/png\" \/>\n<meta name=\"twitter:card\" content=\"summary_large_image\" \/>\n<meta name=\"twitter:site\" content=\"@talkpalai\" \/>\n<meta name=\"twitter:label1\" content=\"Est. reading time\" \/>\n\t<meta name=\"twitter:data1\" content=\"4 minutes\" \/>\n<script type=\"application\/ld+json\" class=\"yoast-schema-graph\">{\"@context\":\"https:\/\/schema.org\",\"@graph\":[{\"@type\":\"WebPage\",\"@id\":\"https:\/\/talkpal.ai\/cy\/ymarferion-gramadeg-albaneg\/\",\"url\":\"https:\/\/talkpal.ai\/cy\/ymarferion-gramadeg-albaneg\/\",\"name\":\"Ymarferion Gramadeg Albaneg - Talkpal\",\"isPartOf\":{\"@id\":\"https:\/\/talkpal.ai\/cy\/#website\"},\"datePublished\":\"2025-11-11T12:32:58+00:00\",\"dateModified\":\"2025-12-30T15:38:12+00:00\",\"description\":\"Gwella eich Albaneg gydag ymarferion gramadeg rhyngweithiol Talkpal sy'n ymdrin ag enwau, berfau, amserau a strwythurau brawddegau.\",\"breadcrumb\":{\"@id\":\"https:\/\/talkpal.ai\/cy\/ymarferion-gramadeg-albaneg\/#breadcrumb\"},\"inLanguage\":\"cy-GB\",\"potentialAction\":[{\"@type\":\"ReadAction\",\"target\":[\"https:\/\/talkpal.ai\/cy\/ymarferion-gramadeg-albaneg\/\"]}]},{\"@type\":\"BreadcrumbList\",\"@id\":\"https:\/\/talkpal.ai\/cy\/ymarferion-gramadeg-albaneg\/#breadcrumb\",\"itemListElement\":[{\"@type\":\"ListItem\",\"position\":1,\"name\":\"Homepage\",\"item\":\"https:\/\/talkpal.ai\/cy\/ai-athro-iaith-3\/\"},{\"@type\":\"ListItem\",\"position\":2,\"name\":\"Ymarferion Gramadeg Albaneg\"}]},{\"@type\":\"WebSite\",\"@id\":\"https:\/\/talkpal.ai\/cy\/#website\",\"url\":\"https:\/\/talkpal.ai\/cy\/\",\"name\":\"Talkpal\",\"description\":\"AI Language Learning\",\"publisher\":{\"@id\":\"https:\/\/talkpal.ai\/cy\/#organization\"},\"alternateName\":\"Talkpal AI\",\"potentialAction\":[{\"@type\":\"SearchAction\",\"target\":{\"@type\":\"EntryPoint\",\"urlTemplate\":\"https:\/\/talkpal.ai\/cy\/?s={search_term_string}\"},\"query-input\":{\"@type\":\"PropertyValueSpecification\",\"valueRequired\":true,\"valueName\":\"search_term_string\"}}],\"inLanguage\":\"cy-GB\"},{\"@type\":\"Organization\",\"@id\":\"https:\/\/talkpal.ai\/cy\/#organization\",\"name\":\"Talkpal, Inc.\",\"alternateName\":\"Talkpal AI\",\"url\":\"https:\/\/talkpal.ai\/cy\/\",\"logo\":{\"@type\":\"ImageObject\",\"inLanguage\":\"cy-GB\",\"@id\":\"https:\/\/talkpal.ai\/cy\/#\/schema\/logo\/image\/\",\"url\":\"https:\/\/talkpal.ai\/wp-content\/uploads\/2024\/03\/Talkpal-Logo-Icon.png\",\"contentUrl\":\"https:\/\/talkpal.ai\/wp-content\/uploads\/2024\/03\/Talkpal-Logo-Icon.png\",\"width\":2880,\"height\":2880,\"caption\":\"Talkpal, Inc.\"},\"image\":{\"@id\":\"https:\/\/talkpal.ai\/cy\/#\/schema\/logo\/image\/\"},\"sameAs\":[\"https:\/\/www.facebook.com\/profile.php?id=100090733639311\",\"https:\/\/x.com\/talkpalai\",\"https:\/\/www.linkedin.com\/company\/talkpal\/\",\"https:\/\/www.youtube.com\/@TalkPal\/\",\"https:\/\/www.tiktok.com\/@talkpal\",\"https:\/\/www.instagram.com\/talkpal_ai\/\",\"https:\/\/www.crunchbase.com\/organization\/talkpal-9cde\",\"https:\/\/www.g2.com\/products\/talkpal-for-business\/\",\"https:\/\/www.trustpilot.com\/review\/talkpal.ai\",\"https:\/\/www.capterra.com\/p\/10006800\/TalkPal\/\"],\"description\":\"Talkpal is a language learning web and mobile education app, powered by the latest AI technologies, that provides engaging experiences to its customers in many different languages to help them improve their language skills. Users can chat about unlimited amount of topics with the app and use other modes to practice their language learning.\",\"email\":\"support@talkpal.ai\",\"legalName\":\"Talkpal, Inc.\",\"foundingDate\":\"2023-04-03\",\"duns\":\"118989042\",\"numberOfEmployees\":{\"@type\":\"QuantitativeValue\",\"minValue\":\"11\",\"maxValue\":\"50\"},\"publishingPrinciples\":\"https:\/\/talkpal.ai\/publishing-principles\/\",\"actionableFeedbackPolicy\":\"https:\/\/talkpal.ai\/actionable-feedback-policy\/\",\"correctionsPolicy\":\"https:\/\/talkpal.ai\/corrections-policy\/\",\"ethicsPolicy\":\"https:\/\/talkpal.ai\/ethics-policy\/\",\"diversityPolicy\":\"https:\/\/talkpal.ai\/diversity-policy\/\",\"diversityStaffingReport\":\"https:\/\/talkpal.ai\/diversity-policy\/\"}]}<\/script>\n<!-- \/ Yoast SEO Premium plugin. -->","yoast_head_json":{"title":"Ymarferion Gramadeg Albaneg - Talkpal","description":"Gwella eich Albaneg gydag ymarferion gramadeg rhyngweithiol Talkpal sy'n ymdrin ag enwau, berfau, amserau a strwythurau brawddegau.","robots":{"index":"index","follow":"follow","max-snippet":"max-snippet:-1","max-image-preview":"max-image-preview:large","max-video-preview":"max-video-preview:-1"},"canonical":"https:\/\/talkpal.ai\/cy\/ymarferion-gramadeg-albaneg\/","og_locale":"cy_GB","og_type":"article","og_title":"Ymarferion Gramadeg Albaneg","og_description":"Pynciau Gramadeg Albaneg Gall dysgu iaith newydd fod yn ymdrech heriol ond gwerth chweil. Albaneg, iaith Indo-Ewropeaidd a siaredir yn bennaf yn Albania,","og_url":"https:\/\/talkpal.ai\/cy\/ymarferion-gramadeg-albaneg\/","og_site_name":"Talkpal","article_publisher":"https:\/\/www.facebook.com\/profile.php?id=100090733639311","article_modified_time":"2025-12-30T15:38:12+00:00","og_image":[{"width":2880,"height":1620,"url":"https:\/\/talkpal.ai\/wp-content\/uploads\/2025\/02\/Progress-tab-16_9.png","type":"image\/png"}],"twitter_card":"summary_large_image","twitter_site":"@talkpalai","twitter_misc":{"Est. reading time":"4 minutes"},"schema":{"@context":"https:\/\/schema.org","@graph":[{"@type":"WebPage","@id":"https:\/\/talkpal.ai\/cy\/ymarferion-gramadeg-albaneg\/","url":"https:\/\/talkpal.ai\/cy\/ymarferion-gramadeg-albaneg\/","name":"Ymarferion Gramadeg Albaneg - Talkpal","isPartOf":{"@id":"https:\/\/talkpal.ai\/cy\/#website"},"datePublished":"2025-11-11T12:32:58+00:00","dateModified":"2025-12-30T15:38:12+00:00","description":"Gwella eich Albaneg gydag ymarferion gramadeg rhyngweithiol Talkpal sy'n ymdrin ag enwau, berfau, amserau a strwythurau brawddegau.","breadcrumb":{"@id":"https:\/\/talkpal.ai\/cy\/ymarferion-gramadeg-albaneg\/#breadcrumb"},"inLanguage":"cy-GB","potentialAction":[{"@type":"ReadAction","target":["https:\/\/talkpal.ai\/cy\/ymarferion-gramadeg-albaneg\/"]}]},{"@type":"BreadcrumbList","@id":"https:\/\/talkpal.ai\/cy\/ymarferion-gramadeg-albaneg\/#breadcrumb","itemListElement":[{"@type":"ListItem","position":1,"name":"Homepage","item":"https:\/\/talkpal.ai\/cy\/ai-athro-iaith-3\/"},{"@type":"ListItem","position":2,"name":"Ymarferion Gramadeg Albaneg"}]},{"@type":"WebSite","@id":"https:\/\/talkpal.ai\/cy\/#website","url":"https:\/\/talkpal.ai\/cy\/","name":"Talkpal","description":"AI Language Learning","publisher":{"@id":"https:\/\/talkpal.ai\/cy\/#organization"},"alternateName":"Talkpal AI","potentialAction":[{"@type":"SearchAction","target":{"@type":"EntryPoint","urlTemplate":"https:\/\/talkpal.ai\/cy\/?s={search_term_string}"},"query-input":{"@type":"PropertyValueSpecification","valueRequired":true,"valueName":"search_term_string"}}],"inLanguage":"cy-GB"},{"@type":"Organization","@id":"https:\/\/talkpal.ai\/cy\/#organization","name":"Talkpal, Inc.","alternateName":"Talkpal AI","url":"https:\/\/talkpal.ai\/cy\/","logo":{"@type":"ImageObject","inLanguage":"cy-GB","@id":"https:\/\/talkpal.ai\/cy\/#\/schema\/logo\/image\/","url":"https:\/\/talkpal.ai\/wp-content\/uploads\/2024\/03\/Talkpal-Logo-Icon.png","contentUrl":"https:\/\/talkpal.ai\/wp-content\/uploads\/2024\/03\/Talkpal-Logo-Icon.png","width":2880,"height":2880,"caption":"Talkpal, Inc."},"image":{"@id":"https:\/\/talkpal.ai\/cy\/#\/schema\/logo\/image\/"},"sameAs":["https:\/\/www.facebook.com\/profile.php?id=100090733639311","https:\/\/x.com\/talkpalai","https:\/\/www.linkedin.com\/company\/talkpal\/","https:\/\/www.youtube.com\/@TalkPal\/","https:\/\/www.tiktok.com\/@talkpal","https:\/\/www.instagram.com\/talkpal_ai\/","https:\/\/www.crunchbase.com\/organization\/talkpal-9cde","https:\/\/www.g2.com\/products\/talkpal-for-business\/","https:\/\/www.trustpilot.com\/review\/talkpal.ai","https:\/\/www.capterra.com\/p\/10006800\/TalkPal\/"],"description":"Talkpal is a language learning web and mobile education app, powered by the latest AI technologies, that provides engaging experiences to its customers in many different languages to help them improve their language skills. Users can chat about unlimited amount of topics with the app and use other modes to practice their language learning.","email":"support@talkpal.ai","legalName":"Talkpal, Inc.","foundingDate":"2023-04-03","duns":"118989042","numberOfEmployees":{"@type":"QuantitativeValue","minValue":"11","maxValue":"50"},"publishingPrinciples":"https:\/\/talkpal.ai\/publishing-principles\/","actionableFeedbackPolicy":"https:\/\/talkpal.ai\/actionable-feedback-policy\/","correctionsPolicy":"https:\/\/talkpal.ai\/corrections-policy\/","ethicsPolicy":"https:\/\/talkpal.ai\/ethics-policy\/","diversityPolicy":"https:\/\/talkpal.ai\/diversity-policy\/","diversityStaffingReport":"https:\/\/talkpal.ai\/diversity-policy\/"}]}},"_links":{"self":[{"href":"https:\/\/talkpal.ai\/cy\/wp-json\/wp\/v2\/pages\/1474813","targetHints":{"allow":["GET"]}}],"collection":[{"href":"https:\/\/talkpal.ai\/cy\/wp-json\/wp\/v2\/pages"}],"about":[{"href":"https:\/\/talkpal.ai\/cy\/wp-json\/wp\/v2\/types\/page"}],"author":[{"embeddable":true,"href":"https:\/\/talkpal.ai\/cy\/wp-json\/wp\/v2\/users\/20"}],"replies":[{"embeddable":true,"href":"https:\/\/talkpal.ai\/cy\/wp-json\/wp\/v2\/comments?post=1474813"}],"version-history":[{"count":0,"href":"https:\/\/talkpal.ai\/cy\/wp-json\/wp\/v2\/pages\/1474813\/revisions"}],"wp:attachment":[{"href":"https:\/\/talkpal.ai\/cy\/wp-json\/wp\/v2\/media?parent=1474813"}],"curies":[{"name":"wp","href":"https:\/\/api.w.org\/{rel}","templated":true}]}}