{"id":1447771,"date":"2023-06-21T14:50:44","date_gmt":"2023-06-21T14:50:44","guid":{"rendered":"https:\/\/talkpal.ai\/ymarferion-ramadeg-gwlad-yr-ia\/"},"modified":"2025-12-17T16:08:07","modified_gmt":"2025-12-17T16:08:07","slug":"ymarferion-ramadeg-gwlad-yr-ia","status":"publish","type":"page","link":"https:\/\/talkpal.ai\/cy\/ymarferion-ramadeg-gwlad-yr-ia\/","title":{"rendered":"Ymarferion Ramadeg Gwlad yr I\u00e2"},"content":{"rendered":"\r\n\r\n\r\n<section class=\"languageChallengeSection\">\r\n    <div class=\"languageInfoWrapper\">\r\n        \r\n        <h1>Ymarferion Ramadeg Gwlad yr I\u00e2<\/h1>\r\n        <p>Yn barod i gryfhau eich sgiliau Gwlad yr I\u00e2? Mae ymarfer ymarferion gramadeg yn ffordd wych o feistroli strwythur brawddegau, ffurfiau berfau, a nodweddion unigryw&#039;r iaith Gwlad yr I\u00e2. Dechreuwch archwilio gramadeg Gwlad yr I\u00e2 heddiw a gwyliwch eich hyder a&#039;ch rhuglder yn tyfu gyda phob ymarfer!\n\n<\/p>\r\n\r\n                            <a class=\"getStartedHidden\" href=\"https:\/\/app.talkpal.ai\/signup?lng=\">Dechrau<\/a>\r\n        \r\n    <\/div>\r\n\r\n    <figure>\r\n    <img decoding=\"async\" width=\"768\" height=\"768\" src=\"https:\/\/talkpal.ai\/wp-content\/uploads\/2023\/06\/Icelandic-768x768.png\" class=\"languageImage no-lazy\" alt=\"Language learning for better job opportunities\" fetchpriority=\"high\" sizes=\"(max-width: 768px) 150px, 768px\" srcset=\"https:\/\/talkpal.ai\/wp-content\/uploads\/2023\/06\/Icelandic-768x768.png 768w, https:\/\/talkpal.ai\/wp-content\/uploads\/2023\/06\/Icelandic-300x300.png 300w\" \/>\r\n    \r\n\r\n    <\/figure>\r\n\r\n            <a class=\"getStartedVisible\" href=\"https:\/\/app.talkpal.ai\/signup?lng=\">Dechrau<\/a>\r\n    \r\n<\/section>\r\n\r\n\r\n<!-- <section class=\"grammarSection\">\r\n    <div class=\"grammarLinks\">\r\n            <\/div>\r\n<\/section> -->\r\n\r\n\r\n\r\n\r\n<section class=\"promotionalBanner\">\r\n    <p class=\"promotionalText\">Y ffordd fwyaf effeithlon o ddysgu iaith<\/p>\r\n    <a class=\"promotionalLink\" href=\"https:\/\/app.talkpal.ai\/signup?lng=\">Rhowch gynnig ar Talkpal am ddim<\/a>\r\n<\/section>\n<div class=\"wp-block-group pageContainerStyle\"><div class=\"wp-block-group__inner-container is-layout-constrained wp-block-group-is-layout-constrained\">\n<h2 class=\"wp-block-heading\" id=\"h-icelandic-grammar-topics\">Pynciau Gramadeg Gwlad yr I\u00e2<\/h2>\n\n\n\n<p>Gwlad yr I\u00e2, iaith Ogledd Germaneg a siaredir gan fwy na 300,000 o bobl, yw iaith swyddogol Gwlad yr I\u00e2. Yn adnabyddus am ei ramadeg cymhleth a&#8217;i eirfa gyfoethog, mae gan <a href=\"https:\/\/talkpal.ai\/learn-icelandic\/\">Islandeg<\/a> swyn unigryw sy&#8217;n denu dysgwyr iaith o bob cwr o&#8217;r byd. Gyda&#8217;i wreiddiau yn yr Hen Norseg, mae gan Wlad yr I\u00e2 draddodiad llenyddol cryf sy&#8217;n dyddio&#8217;n \u00f4l i Oes y Llychlynwyr. Yn yr erthygl hon, byddwn yn archwilio&#8217;r pynciau gramadeg Gwlad yr I\u00e2 allweddol a fydd yn eich helpu i ddeall a meistroli&#8217;r iaith ddiddorol hon, o&#8217;r pethau sylfaenol fel enwau a berfau i strwythurau mwy cymhleth fel amodolion ac arddodiaid.<\/p>\n\n\n\n<h3 class=\"wp-block-heading\" id=\"h-1-nouns\">1. Enwau<\/h3>\n\n\n\n<p>Dechreuwch trwy ddysgu hanfodion enwau Gwlad yr I\u00e2, sy&#8217;n cwmpasu pobl, lleoedd a phethau. Mae gan Gwlad yr I\u00e2 dri rhyw gramadegol (gwrywaidd, benywaidd, a neuter) a phedwar achos (enwadol, cyhuddiad, dadiol, ac genitive). Mae deall yr agweddau hyn yn hanfodol ar gyfer dirywiad a chytundeb priodol \u00e2 rhannau eraill o&#8217;r lleferydd.<\/p>\n\n\n\n<h3 class=\"wp-block-heading\" id=\"h-2-articles\">2. Erthyglau<\/h3>\n\n\n\n<p>Nid oes gan Islandeg erthyglau amhenodol, ond mae ganddo erthyglau penodol sydd ynghlwm wrth ddiwedd enw. Dysgwch sut i ffurfio&#8217;r erthygl benodol ar gyfer pob rhyw ac achos, gan y bydd hyn yn helpu gyda defnydd priodol o enwau.<\/p>\n\n\n\n<h3 class=\"wp-block-heading\" id=\"h-3-pronouns-determiners\">3. Rhagenwau \/ Penderfynwyr<\/h3>\n\n\n\n<p>Mae gan Wlad yr I\u00e2 ragenwau personol, meddiannol, adfyfyriol ac arddangosol, yn ogystal \u00e2 meintiolwyr a phenderfynwyr cwestiynol. Ymgyfarwyddwch \u00e2&#8217;r rhagenwau a&#8217;r penderfynwyr hyn a&#8217;u dirywiadau priodol i sicrhau cytundeb a defnydd priodol mewn brawddegau.<\/p>\n\n\n\n<h3 class=\"wp-block-heading\" id=\"h-4-adjectives\">4. Ansoddeiriau<\/h3>\n\n\n\n<p>Rhaid i ansoddeiriau yn Islandeg gytuno mewn rhyw, rhif, ac achos gyda&#8217;r enw maen nhw&#8217;n ei addasu. Dysgwch y gwahanol batrymau declension ar gyfer ansoddeiriau a sut maen nhw&#8217;n newid yn seiliedig ar ryw ac achos yr enw.<\/p>\n\n\n\n<h3 class=\"wp-block-heading\" id=\"h-5-verbs\">5. Berfau<\/h3>\n\n\n\n<p>Mae berfau Gwlad yr I\u00e2 yn cael eu cyfuno yn \u00f4l amser, hwyliau a llais. Dechreuwch trwy ddysgu&#8217;r amseroedd presennol, gorffennol a dyfodol, yn ogystal \u00e2&#8217;r hwyliau dangosol, subjunctive, a hanfodol. Hefyd, ymgyfarwyddwch \u00e2&#8217;r patrymau conjugation ar gyfer berfau rheolaidd ac afreolaidd.<\/p>\n\n\n\n<h3 class=\"wp-block-heading\" id=\"h-6-tense-comparison\">6. Cymhariaeth Tense<\/h3>\n\n\n\n<p>Deall y gwahaniaeth rhwng ffurfiau syml a pharhaus pob amser. Nid oes gan Islandeg agwedd flaengar fel <a href=\"https:\/\/talkpal.ai\/learn-english-with-ai\/\">Saesneg<\/a>, felly dysgwch sut i fynegi gweithredoedd parhaus gan ddefnyddio strwythurau eraill.<\/p>\n\n\n\n<h3 class=\"wp-block-heading\" id=\"h-7-perfect-progressive\">7. Blaengar Perffaith<\/h3>\n\n\n\n<p>Nid oes gan Islandeg gyfwerth uniongyrchol \u00e2&#8217;r amser blaengar perffaith Saesneg. Fodd bynnag, gallwch ddysgu mynegi syniadau tebyg gan ddefnyddio cystrawennau periphrastig gyda berfau a chyfranogiadau ategol.<\/p>\n\n\n\n<h3 class=\"wp-block-heading\" id=\"h-8-adverbs\">8. Adferfau<\/h3>\n\n\n\n<p>Mae adferfau yn addasu berfau, ansoddeiriau, ac adferfau eraill. Dysgwch y gwahanol fathau o adferfau yn Islandeg, yn ogystal \u00e2&#8217;u gosodiad mewn brawddegau.<\/p>\n\n\n\n<h3 class=\"wp-block-heading\" id=\"h-9-prepositions\">9. Arddodiaid<\/h3>\n\n\n\n<p>Mae arddodiaid yn dangos y berthynas rhwng enw neu ragenw ac elfen arall yn y frawddeg. Astudio&#8217;r arddodiaid Gwlad yr I\u00e2 mwyaf cyffredin a&#8217;u hachosion priodol i&#8217;w defnyddio&#8217;n gywir.<\/p>\n\n\n\n<h3 class=\"wp-block-heading\" id=\"h-10-conditionals\">10. Amodau<\/h3>\n\n\n\n<p>Mae gan Islandeg dri math o frawddegau amodol: real, afreal, ac afreal yn y gorffennol. Deall strwythur a defnydd yr amodau hyn i fynegi sefyllfaoedd damcaniaethol a&#8217;u canlyniadau posibl.<\/p>\n\n\n\n<h3 class=\"wp-block-heading\" id=\"h-11-sentences\">11. Brawddegau<\/h3>\n\n\n\n<p>Yn olaf, ymarferwch adeiladu gwahanol fathau o frawddegau Gwlad yr I\u00e2, megis datganiad, cwestiynol, gorfodol, a exclamatory. Bydd hyn yn eich helpu i ddatblygu sylfaen gref mewn cystrawen Gwlad yr I\u00e2 a hyfedredd iaith gyffredinol.<\/p>\n<\/div><\/div>\n\r\n<section class=\"learnNavigationSection\">\r\n            \r\n        <a href=\"https:\/\/talkpal.ai\/cy\/dysgu-gwlad-yr-ia\/\">\r\n            <div class=\"learnNavigationWrapper\">\r\n                <div class=\"learnNavigationContent\">\r\n                    <img decoding=\"async\" src=\"https:\/\/talkpal.ai\/wp-content\/uploads\/2024\/08\/Icelandic.jpg\" alt=\"Iceland Flag\">\r\n                    <div>\r\n                        <h4>Yngl\u0177n \u00e2 Dysgu Gwlad yr I\u00e2<\/h4>\r\n                        <p>Darganfyddwch bopeth am ramadeg Gwlad yr I\u00e2.<\/p>\r\n                    <\/div>\r\n                <\/div>\r\n            <\/div>\r\n        <\/a>\r\n\r\n        \r\n        <a href=\"https:\/\/talkpal.ai\/cy\/gramadeg-gwlad-yr-ia\/\">\r\n            <div class=\"learnNavigationWrapper\">\r\n                <div class=\"learnNavigationContent\">\r\n                    <img decoding=\"async\" src=\"https:\/\/talkpal.ai\/wp-content\/uploads\/2024\/08\/Icelandic.jpg\" alt=\"Iceland Flag\">\r\n                    <div>\r\n                        <h4>Gwersi Gramadeg Gwlad yr I\u00e2<\/h4>\r\n                        <p>Ymarfer gramadeg Gwlad yr I\u00e2.<\/p>\r\n                    <\/div>\r\n                <\/div>\r\n            <\/div>\r\n        <\/a>\r\n\r\n        \r\n        <a href=\"https:\/\/talkpal.ai\/vocabulary_language\/icelandic\/\">\r\n            <div class=\"learnNavigationWrapper\">\r\n                <div class=\"learnNavigationContent\">\r\n                    <img decoding=\"async\" src=\"https:\/\/talkpal.ai\/wp-content\/uploads\/2024\/08\/Icelandic.jpg\" alt=\"Iceland Flag\">\r\n                    <div>\r\n                        <h4>Geirfa Gwlad yr I\u00e2<\/h4>\r\n                        <p>Ehangwch eich geirfa Gwlad yr I\u00e2.<\/p>\r\n                    <\/div>\r\n                <\/div>\r\n            <\/div>\r\n        <\/a>\r\n\r\n            <\/section>","protected":false},"excerpt":{"rendered":"<p>Pynciau Gramadeg Gwlad yr I\u00e2 Gwlad yr I\u00e2, iaith Ogledd Germaneg a siaredir gan fwy na 300,000 o bobl, yw iaith swyddogol Gwlad yr I\u00e2. Yn adnabyddus am ei ramadeg cymhleth a&#8217;i eirfa gyfoethog, mae gan Islandeg swyn unigryw sy&#8217;n denu dysgwyr iaith o bob cwr o&#8217;r byd. Gyda&#8217;i wreiddiau yn yr Hen Norseg, mae [&hellip;]<\/p>\n","protected":false},"author":6,"featured_media":1443741,"parent":0,"menu_order":0,"comment_status":"closed","ping_status":"closed","template":"LearningContentPage.php","meta":{"_acf_changed":false,"footnotes":""},"class_list":["post-1447771","page","type-page","status-publish","has-post-thumbnail","hentry"],"acf":[],"yoast_head":"<!-- This site is optimized with the Yoast SEO Premium plugin v27.2 (Yoast SEO v27.2) - https:\/\/yoast.com\/product\/yoast-seo-premium-wordpress\/ -->\n<title>Ymarferion Ramadeg Gwlad yr I\u00e2 - Talkpal<\/title>\n<meta name=\"description\" content=\"Ymarferwch ramadeg Gwlad yr I\u00e2 yn hawdd - cryfhau&#039;ch sgiliau trwy ymarferion, ymarfer rhyngweithiol, ac adborth ar unwaith gyda TalkPal AI.\" \/>\n<meta name=\"robots\" content=\"index, follow, max-snippet:-1, max-image-preview:large, max-video-preview:-1\" \/>\n<link rel=\"canonical\" href=\"https:\/\/talkpal.ai\/cy\/ymarferion-ramadeg-gwlad-yr-ia\/\" \/>\n<meta property=\"og:locale\" content=\"cy_GB\" \/>\n<meta property=\"og:type\" content=\"article\" \/>\n<meta property=\"og:title\" content=\"Ymarferion Ramadeg Gwlad yr I\u00e2\" \/>\n<meta property=\"og:description\" content=\"Pynciau Gramadeg Gwlad yr I\u00e2 Gwlad yr I\u00e2, iaith Ogledd Germaneg a siaredir gan fwy na 300,000 o bobl, yw iaith swyddogol Gwlad yr I\u00e2. Yn adnabyddus am ei\" \/>\n<meta property=\"og:url\" content=\"https:\/\/talkpal.ai\/cy\/ymarferion-ramadeg-gwlad-yr-ia\/\" \/>\n<meta property=\"og:site_name\" content=\"Talkpal\" \/>\n<meta property=\"article:publisher\" content=\"https:\/\/www.facebook.com\/profile.php?id=100090733639311\" \/>\n<meta property=\"article:modified_time\" content=\"2025-12-17T16:08:07+00:00\" \/>\n<meta property=\"og:image\" content=\"https:\/\/talkpal.ai\/wp-content\/uploads\/2023\/05\/iceland.png\" \/>\n\t<meta property=\"og:image:width\" content=\"512\" \/>\n\t<meta property=\"og:image:height\" content=\"512\" \/>\n\t<meta property=\"og:image:type\" content=\"image\/png\" \/>\n<meta name=\"twitter:card\" content=\"summary_large_image\" \/>\n<meta name=\"twitter:site\" content=\"@talkpalai\" \/>\n<meta name=\"twitter:label1\" content=\"Est. reading time\" \/>\n\t<meta name=\"twitter:data1\" content=\"2 minutes\" \/>\n<script type=\"application\/ld+json\" class=\"yoast-schema-graph\">{\"@context\":\"https:\/\/schema.org\",\"@graph\":[{\"@type\":\"WebPage\",\"@id\":\"https:\/\/talkpal.ai\/cy\/ymarferion-ramadeg-gwlad-yr-ia\/\",\"url\":\"https:\/\/talkpal.ai\/cy\/ymarferion-ramadeg-gwlad-yr-ia\/\",\"name\":\"Ymarferion Ramadeg Gwlad yr I\u00e2 - Talkpal\",\"isPartOf\":{\"@id\":\"https:\/\/talkpal.ai\/cy\/#website\"},\"primaryImageOfPage\":{\"@id\":\"https:\/\/talkpal.ai\/cy\/ymarferion-ramadeg-gwlad-yr-ia\/#primaryimage\"},\"image\":{\"@id\":\"https:\/\/talkpal.ai\/cy\/ymarferion-ramadeg-gwlad-yr-ia\/#primaryimage\"},\"thumbnailUrl\":\"https:\/\/talkpal.ai\/wp-content\/uploads\/2023\/05\/iceland.png\",\"datePublished\":\"2023-06-21T14:50:44+00:00\",\"dateModified\":\"2025-12-17T16:08:07+00:00\",\"description\":\"Ymarferwch ramadeg Gwlad yr I\u00e2 yn hawdd - cryfhau'ch sgiliau trwy ymarferion, ymarfer rhyngweithiol, ac adborth ar unwaith gyda TalkPal AI.\",\"breadcrumb\":{\"@id\":\"https:\/\/talkpal.ai\/cy\/ymarferion-ramadeg-gwlad-yr-ia\/#breadcrumb\"},\"inLanguage\":\"cy-GB\",\"potentialAction\":[{\"@type\":\"ReadAction\",\"target\":[\"https:\/\/talkpal.ai\/cy\/ymarferion-ramadeg-gwlad-yr-ia\/\"]}]},{\"@type\":\"ImageObject\",\"inLanguage\":\"cy-GB\",\"@id\":\"https:\/\/talkpal.ai\/cy\/ymarferion-ramadeg-gwlad-yr-ia\/#primaryimage\",\"url\":\"https:\/\/talkpal.ai\/wp-content\/uploads\/2023\/05\/iceland.png\",\"contentUrl\":\"https:\/\/talkpal.ai\/wp-content\/uploads\/2023\/05\/iceland.png\",\"width\":512,\"height\":512,\"caption\":\"TalkPal Iceland Flag\"},{\"@type\":\"BreadcrumbList\",\"@id\":\"https:\/\/talkpal.ai\/cy\/ymarferion-ramadeg-gwlad-yr-ia\/#breadcrumb\",\"itemListElement\":[{\"@type\":\"ListItem\",\"position\":1,\"name\":\"Homepage\",\"item\":\"https:\/\/talkpal.ai\/cy\/ai-athro-iaith-3\/\"},{\"@type\":\"ListItem\",\"position\":2,\"name\":\"Ymarferion Ramadeg Gwlad yr I\u00e2\"}]},{\"@type\":\"WebSite\",\"@id\":\"https:\/\/talkpal.ai\/cy\/#website\",\"url\":\"https:\/\/talkpal.ai\/cy\/\",\"name\":\"Talkpal\",\"description\":\"AI Language Learning\",\"publisher\":{\"@id\":\"https:\/\/talkpal.ai\/cy\/#organization\"},\"alternateName\":\"Talkpal AI\",\"potentialAction\":[{\"@type\":\"SearchAction\",\"target\":{\"@type\":\"EntryPoint\",\"urlTemplate\":\"https:\/\/talkpal.ai\/cy\/?s={search_term_string}\"},\"query-input\":{\"@type\":\"PropertyValueSpecification\",\"valueRequired\":true,\"valueName\":\"search_term_string\"}}],\"inLanguage\":\"cy-GB\"},{\"@type\":\"Organization\",\"@id\":\"https:\/\/talkpal.ai\/cy\/#organization\",\"name\":\"Talkpal, Inc.\",\"alternateName\":\"Talkpal AI\",\"url\":\"https:\/\/talkpal.ai\/cy\/\",\"logo\":{\"@type\":\"ImageObject\",\"inLanguage\":\"cy-GB\",\"@id\":\"https:\/\/talkpal.ai\/cy\/#\/schema\/logo\/image\/\",\"url\":\"https:\/\/talkpal.ai\/wp-content\/uploads\/2024\/03\/Talkpal-Logo-Icon.png\",\"contentUrl\":\"https:\/\/talkpal.ai\/wp-content\/uploads\/2024\/03\/Talkpal-Logo-Icon.png\",\"width\":2880,\"height\":2880,\"caption\":\"Talkpal, Inc.\"},\"image\":{\"@id\":\"https:\/\/talkpal.ai\/cy\/#\/schema\/logo\/image\/\"},\"sameAs\":[\"https:\/\/www.facebook.com\/profile.php?id=100090733639311\",\"https:\/\/x.com\/talkpalai\",\"https:\/\/www.linkedin.com\/company\/talkpal\/\",\"https:\/\/www.youtube.com\/@TalkPal\/\",\"https:\/\/www.tiktok.com\/@talkpal\",\"https:\/\/www.instagram.com\/talkpal_ai\/\",\"https:\/\/www.crunchbase.com\/organization\/talkpal-9cde\",\"https:\/\/www.g2.com\/products\/talkpal-for-business\/\",\"https:\/\/www.trustpilot.com\/review\/talkpal.ai\",\"https:\/\/www.capterra.com\/p\/10006800\/TalkPal\/\"],\"description\":\"Talkpal is a language learning web and mobile education app, powered by the latest AI technologies, that provides engaging experiences to its customers in many different languages to help them improve their language skills. Users can chat about unlimited amount of topics with the app and use other modes to practice their language learning.\",\"email\":\"support@talkpal.ai\",\"legalName\":\"Talkpal, Inc.\",\"foundingDate\":\"2023-04-03\",\"duns\":\"118989042\",\"numberOfEmployees\":{\"@type\":\"QuantitativeValue\",\"minValue\":\"11\",\"maxValue\":\"50\"},\"publishingPrinciples\":\"https:\/\/talkpal.ai\/publishing-principles\/\",\"actionableFeedbackPolicy\":\"https:\/\/talkpal.ai\/actionable-feedback-policy\/\",\"correctionsPolicy\":\"https:\/\/talkpal.ai\/corrections-policy\/\",\"ethicsPolicy\":\"https:\/\/talkpal.ai\/ethics-policy\/\",\"diversityPolicy\":\"https:\/\/talkpal.ai\/diversity-policy\/\",\"diversityStaffingReport\":\"https:\/\/talkpal.ai\/diversity-policy\/\"}]}<\/script>\n<!-- \/ Yoast SEO Premium plugin. -->","yoast_head_json":{"title":"Ymarferion Ramadeg Gwlad yr I\u00e2 - Talkpal","description":"Ymarferwch ramadeg Gwlad yr I\u00e2 yn hawdd - cryfhau'ch sgiliau trwy ymarferion, ymarfer rhyngweithiol, ac adborth ar unwaith gyda TalkPal AI.","robots":{"index":"index","follow":"follow","max-snippet":"max-snippet:-1","max-image-preview":"max-image-preview:large","max-video-preview":"max-video-preview:-1"},"canonical":"https:\/\/talkpal.ai\/cy\/ymarferion-ramadeg-gwlad-yr-ia\/","og_locale":"cy_GB","og_type":"article","og_title":"Ymarferion Ramadeg Gwlad yr I\u00e2","og_description":"Pynciau Gramadeg Gwlad yr I\u00e2 Gwlad yr I\u00e2, iaith Ogledd Germaneg a siaredir gan fwy na 300,000 o bobl, yw iaith swyddogol Gwlad yr I\u00e2. Yn adnabyddus am ei","og_url":"https:\/\/talkpal.ai\/cy\/ymarferion-ramadeg-gwlad-yr-ia\/","og_site_name":"Talkpal","article_publisher":"https:\/\/www.facebook.com\/profile.php?id=100090733639311","article_modified_time":"2025-12-17T16:08:07+00:00","og_image":[{"width":512,"height":512,"url":"https:\/\/talkpal.ai\/wp-content\/uploads\/2023\/05\/iceland.png","type":"image\/png"}],"twitter_card":"summary_large_image","twitter_site":"@talkpalai","twitter_misc":{"Est. reading time":"2 minutes"},"schema":{"@context":"https:\/\/schema.org","@graph":[{"@type":"WebPage","@id":"https:\/\/talkpal.ai\/cy\/ymarferion-ramadeg-gwlad-yr-ia\/","url":"https:\/\/talkpal.ai\/cy\/ymarferion-ramadeg-gwlad-yr-ia\/","name":"Ymarferion Ramadeg Gwlad yr I\u00e2 - Talkpal","isPartOf":{"@id":"https:\/\/talkpal.ai\/cy\/#website"},"primaryImageOfPage":{"@id":"https:\/\/talkpal.ai\/cy\/ymarferion-ramadeg-gwlad-yr-ia\/#primaryimage"},"image":{"@id":"https:\/\/talkpal.ai\/cy\/ymarferion-ramadeg-gwlad-yr-ia\/#primaryimage"},"thumbnailUrl":"https:\/\/talkpal.ai\/wp-content\/uploads\/2023\/05\/iceland.png","datePublished":"2023-06-21T14:50:44+00:00","dateModified":"2025-12-17T16:08:07+00:00","description":"Ymarferwch ramadeg Gwlad yr I\u00e2 yn hawdd - cryfhau'ch sgiliau trwy ymarferion, ymarfer rhyngweithiol, ac adborth ar unwaith gyda TalkPal AI.","breadcrumb":{"@id":"https:\/\/talkpal.ai\/cy\/ymarferion-ramadeg-gwlad-yr-ia\/#breadcrumb"},"inLanguage":"cy-GB","potentialAction":[{"@type":"ReadAction","target":["https:\/\/talkpal.ai\/cy\/ymarferion-ramadeg-gwlad-yr-ia\/"]}]},{"@type":"ImageObject","inLanguage":"cy-GB","@id":"https:\/\/talkpal.ai\/cy\/ymarferion-ramadeg-gwlad-yr-ia\/#primaryimage","url":"https:\/\/talkpal.ai\/wp-content\/uploads\/2023\/05\/iceland.png","contentUrl":"https:\/\/talkpal.ai\/wp-content\/uploads\/2023\/05\/iceland.png","width":512,"height":512,"caption":"TalkPal Iceland Flag"},{"@type":"BreadcrumbList","@id":"https:\/\/talkpal.ai\/cy\/ymarferion-ramadeg-gwlad-yr-ia\/#breadcrumb","itemListElement":[{"@type":"ListItem","position":1,"name":"Homepage","item":"https:\/\/talkpal.ai\/cy\/ai-athro-iaith-3\/"},{"@type":"ListItem","position":2,"name":"Ymarferion Ramadeg Gwlad yr I\u00e2"}]},{"@type":"WebSite","@id":"https:\/\/talkpal.ai\/cy\/#website","url":"https:\/\/talkpal.ai\/cy\/","name":"Talkpal","description":"AI Language Learning","publisher":{"@id":"https:\/\/talkpal.ai\/cy\/#organization"},"alternateName":"Talkpal AI","potentialAction":[{"@type":"SearchAction","target":{"@type":"EntryPoint","urlTemplate":"https:\/\/talkpal.ai\/cy\/?s={search_term_string}"},"query-input":{"@type":"PropertyValueSpecification","valueRequired":true,"valueName":"search_term_string"}}],"inLanguage":"cy-GB"},{"@type":"Organization","@id":"https:\/\/talkpal.ai\/cy\/#organization","name":"Talkpal, Inc.","alternateName":"Talkpal AI","url":"https:\/\/talkpal.ai\/cy\/","logo":{"@type":"ImageObject","inLanguage":"cy-GB","@id":"https:\/\/talkpal.ai\/cy\/#\/schema\/logo\/image\/","url":"https:\/\/talkpal.ai\/wp-content\/uploads\/2024\/03\/Talkpal-Logo-Icon.png","contentUrl":"https:\/\/talkpal.ai\/wp-content\/uploads\/2024\/03\/Talkpal-Logo-Icon.png","width":2880,"height":2880,"caption":"Talkpal, Inc."},"image":{"@id":"https:\/\/talkpal.ai\/cy\/#\/schema\/logo\/image\/"},"sameAs":["https:\/\/www.facebook.com\/profile.php?id=100090733639311","https:\/\/x.com\/talkpalai","https:\/\/www.linkedin.com\/company\/talkpal\/","https:\/\/www.youtube.com\/@TalkPal\/","https:\/\/www.tiktok.com\/@talkpal","https:\/\/www.instagram.com\/talkpal_ai\/","https:\/\/www.crunchbase.com\/organization\/talkpal-9cde","https:\/\/www.g2.com\/products\/talkpal-for-business\/","https:\/\/www.trustpilot.com\/review\/talkpal.ai","https:\/\/www.capterra.com\/p\/10006800\/TalkPal\/"],"description":"Talkpal is a language learning web and mobile education app, powered by the latest AI technologies, that provides engaging experiences to its customers in many different languages to help them improve their language skills. Users can chat about unlimited amount of topics with the app and use other modes to practice their language learning.","email":"support@talkpal.ai","legalName":"Talkpal, Inc.","foundingDate":"2023-04-03","duns":"118989042","numberOfEmployees":{"@type":"QuantitativeValue","minValue":"11","maxValue":"50"},"publishingPrinciples":"https:\/\/talkpal.ai\/publishing-principles\/","actionableFeedbackPolicy":"https:\/\/talkpal.ai\/actionable-feedback-policy\/","correctionsPolicy":"https:\/\/talkpal.ai\/corrections-policy\/","ethicsPolicy":"https:\/\/talkpal.ai\/ethics-policy\/","diversityPolicy":"https:\/\/talkpal.ai\/diversity-policy\/","diversityStaffingReport":"https:\/\/talkpal.ai\/diversity-policy\/"}]}},"_links":{"self":[{"href":"https:\/\/talkpal.ai\/cy\/wp-json\/wp\/v2\/pages\/1447771","targetHints":{"allow":["GET"]}}],"collection":[{"href":"https:\/\/talkpal.ai\/cy\/wp-json\/wp\/v2\/pages"}],"about":[{"href":"https:\/\/talkpal.ai\/cy\/wp-json\/wp\/v2\/types\/page"}],"author":[{"embeddable":true,"href":"https:\/\/talkpal.ai\/cy\/wp-json\/wp\/v2\/users\/6"}],"replies":[{"embeddable":true,"href":"https:\/\/talkpal.ai\/cy\/wp-json\/wp\/v2\/comments?post=1447771"}],"version-history":[{"count":0,"href":"https:\/\/talkpal.ai\/cy\/wp-json\/wp\/v2\/pages\/1447771\/revisions"}],"wp:featuredmedia":[{"embeddable":true,"href":"https:\/\/talkpal.ai\/cy\/wp-json\/wp\/v2\/media\/1443741"}],"wp:attachment":[{"href":"https:\/\/talkpal.ai\/cy\/wp-json\/wp\/v2\/media?parent=1447771"}],"curies":[{"name":"wp","href":"https:\/\/api.w.org\/{rel}","templated":true}]}}