{"id":1447440,"date":"2023-05-14T14:23:00","date_gmt":"2023-05-14T14:23:00","guid":{"rendered":"https:\/\/talkpal.ai\/gramadeg-fietnameg\/"},"modified":"2025-12-12T11:04:00","modified_gmt":"2025-12-12T11:04:00","slug":"gramadeg-fietnameg","status":"publish","type":"page","link":"https:\/\/talkpal.ai\/cy\/gramadeg-fietnameg\/","title":{"rendered":"Gramadeg Fietnameg"},"content":{"rendered":"\r\n\r\n\r\n<section class=\"languageChallengeSection\">\r\n    <div class=\"languageInfoWrapper\">\r\n        \r\n        <h1>Gramadeg Fietnameg<\/h1>\r\n        <p>Mae <a href=\"https:\/\/talkpal.ai\/vietnamese-grammar\/\">gramadeg Fietnameg<\/a> yn adnabyddus am ei symlrwydd a&#039;i strwythur rhesymegol, gan ei gwneud yn hygyrch i ddysgwyr newydd. With a Romanized alphabet, no verb conjugations, and minimal use of plurals, students can quickly focus on building vocabulary and conversation skills. Mae archwilio <a href=\"https:\/\/talkpal.ai\/learn-vietnamese\/\">Fietnameg<\/a> nid yn unig yn ymwneud \u00e2 dysgu&#039;r iaith &#8211; mae hefyd yn agor ffenestr i ddiwylliant a hanes cyfoethog y wlad.<\/p>\r\n\r\n                            <a class=\"getStartedHidden\" href=\"https:\/\/app.talkpal.ai\/signup?lng=\">Dechrau<\/a>\r\n        \r\n    <\/div>\r\n\r\n    <figure>\r\n    <img decoding=\"async\" width=\"768\" height=\"768\" src=\"https:\/\/talkpal.ai\/wp-content\/uploads\/2023\/06\/vietnamese-768x768.png\" class=\"languageImage no-lazy\" alt=\"Language learning for extensive cultural knowledge\" fetchpriority=\"high\" sizes=\"(max-width: 768px) 150px, 768px\" srcset=\"https:\/\/talkpal.ai\/wp-content\/uploads\/2023\/06\/vietnamese-768x768.png 768w, https:\/\/talkpal.ai\/wp-content\/uploads\/2023\/06\/vietnamese-300x300.png 300w\" \/>\r\n    \r\n\r\n    <\/figure>\r\n\r\n            <a class=\"getStartedVisible\" href=\"https:\/\/app.talkpal.ai\/signup?lng=\">Dechrau<\/a>\r\n    \r\n<\/section>\r\n<section class=\"promotionalBanner\">\r\n    <p class=\"promotionalText\">Y ffordd fwyaf effeithlon o ddysgu iaith<\/p>\r\n    <a class=\"promotionalLink\" href=\"https:\/\/app.talkpal.ai\/signup?lng=\">Rhowch gynnig ar Talkpal am ddim<\/a>\r\n<\/section>\n<div class=\"wp-block-group pageContainerStyle\"><div class=\"wp-block-group__inner-container is-layout-constrained wp-block-group-is-layout-constrained\">\n<h2 class=\"wp-block-heading\" id=\"h-the-intricacies-of-vietnamese-grammar-an-engaging-exploration\">Cymhlethdodau Gramadeg Fietnameg: Archwiliad Diddorol<\/h2>\n\n\n\n<p>Mae&#8217;r iaith Fietnameg, gyda&#8217;i gwreiddiau hanesyddol dwfn a&#8217;i chefndir diwylliannol unigryw, yn cynnig antur ddeniadol i ieithyddion a dysgwyr iaith fel ei gilydd. Er y gallai gramadeg Fietnam ddod i&#8217;r amlwg fel her i ddechrau, mae ei rhesymeg syml a&#8217;i chysondeb yn paratoi&#8217;r ffordd ar gyfer profiad dysgu cyffrous. Felly, paratowch eich hun ar gyfer taith ieithyddol ddiddorol wrth i ni ymchwilio i hynodrwydd <a href=\"https:\/\/talkpal.ai\/vietnamese-grammar\/\">gramadeg Fietnameg<\/a>.<\/p>\n\n\n\n<h3 class=\"wp-block-heading\" id=\"h-1-the-alphabet-a-gift-from-the-past\">1. Yr Wyddor: Rhodd o&#8217;r Gorffennol<\/h3>\n\n\n\n<p>Mae&#8217;r wyddor Fietnameg, sy&#8217;n cynnwys 29 llythyren, yn deillio&#8217;n bennaf o&#8217;r sgript Ladin, gyda dechreuadau <a href=\"https:\/\/talkpal.ai\/learn-portuguese\/\">Portiwgaleg<\/a> a Ffrangeg. Diolch i&#8217;r sgript Qu\u1ed1c Ng\u1eef, mae&#8217;r trawsnewid i sgript Rufeinig wedi gwneud yr wyddor yn gyfarwydd ac yn hawdd ei gyrraedd i siaradwyr ieithoedd eraill sy&#8217;n seiliedig ar Ladin. Mae hyn yn caniat\u00e1u pwynt mynediad llyfn i ddechreuwyr ganolbwyntio ar synau unigryw ac ynganiad yr iaith.<\/p>\n\n\n\n<h3 class=\"wp-block-heading\" id=\"h-2-tones-vietnamese-s-musical-notation\">2. Tonau: Nodiant Cerddorol Fietnameg<\/h3>\n\n\n\n<p>Mae Fietnameg yn iaith tonal, sy&#8217;n cynnwys chwe th\u00f4n nodedig sy&#8217;n newid ystyr gair trwy ddefnyddio marciau diacritig amrywiol. Gall caffael meistrolaeth o&#8217;r tonau hynny fod yn heriol, ond mae&#8217;n ychwanegu cerddoriaeth a naws i&#8217;r iaith sy&#8217;n ei gwneud hyd yn oed yn fwy cyfareddol. Bydd amynedd ac ymarfer yn ei gwneud yn berffaith, gan eich galluogi i werthfawrogi harddwch melodig Fietnameg yn llawn.<\/p>\n\n\n\n<h3 class=\"wp-block-heading\" id=\"h-3-word-order-unraveling-the-vietnamese-sentence-structure\">3. Trefn Geiriau: Datgelu Strwythur Brawddeg Fietnameg<\/h3>\n\n\n\n<p>Diolch byth, mae trefn geiriau Fietnameg yn eithaf syml, gan ddilyn y fformat cyfarwydd Subject-Verb-Object (SVO). Mae&#8217;r strwythur hygyrch hwn yn ei gwneud hi&#8217;n haws i siaradwyr <a href=\"https:\/\/talkpal.ai\/learn-english-with-ai\/\">Saesneg<\/a> ffurfio brawddegau yn Fietnameg heb brofi newid mawr mewn ieithyddiaeth. Cymerwch yr enghraifft o &#8220;T\u00f4i y\u00eau Vi\u1ec7t Nam!&#8221; (Rwy&#8217;n caru Fietnam!), lle mae&#8217;r ddwy iaith yn rhannu cystrawennau cyfochrog.<\/p>\n\n\n\n<h3 class=\"wp-block-heading\" id=\"h-4-no-more-plural-nouns-or-verb-conjugations\">4. Dim mwy o enwau lluosog neu gyfuniadau berfau<\/h3>\n\n\n\n<p>Yn Fietnameg, nid yw enwau yn newid eu ffurf i nodi lluosogrwydd, ac mae berfau&#8217;n aros yn gyson waeth beth fo&#8217;r amser neu&#8217;r pwnc. Er y gallai hyn ymddangos yn ddryslyd ar y dechrau, mae&#8217;n symleiddio dysgu rheolau gramadeg yn sylweddol. Yn hytrach, mae cyd-destun a defnyddio geiriau ychwanegol yn egluro ystyr y frawddeg. Felly, anadlwch ochenaid o ryddhad wrth i chi ffarwelio \u00e2&#8217;r drafferth o gyfuno.<\/p>\n\n\n\n<h3 class=\"wp-block-heading\" id=\"h-5-immerse-yourself-in-the-vietnamese-mindset\">5. Trochi eich hun yn y meddylfryd Fietnam<\/h3>\n\n\n\n<p>Mae dysgu Fietnameg nid yn unig yn ymwneud \u00e2 meistroli ei gramadeg &#8211; mae hefyd yn ymwneud \u00e2 chofleidio&#8217;r cyd-destunau diwylliannol, hanesyddol a chymdeithasol sydd wedi siapio&#8217;r iaith. Ymgysylltu \u00e2 siaradwyr brodorol, archwilio llenyddiaeth a chelf Fietnameg, a cheisio cysylltu \u00e2 gwerthoedd ac arferion y genedl. Bydd y dull cyfannol hwn nid yn unig yn gwella eich sgiliau iaith ond hefyd yn dyfnhau eich dealltwriaeth o harddwch amlochrog Fietnam.<\/p>\n\n\n\n<h3 class=\"wp-block-heading\" id=\"h-in-conclusion-relish-the-charm-of-vietnamese-grammar\">I gloi: Mwynhewch swyn gramadeg Fietnameg<\/h3>\n\n\n\n<p>Er y gallai gramadeg Fietnameg ymddangos yn ddryslyd ar yr wyneb, mae ei strwythur diddorol a&#8217;i symlrwydd cynhenid yn gwahodd dysgwyr i gychwyn ar daith ieithyddol werth chweil. Wrth i chi ymchwilio i fyd Fietnameg, byddwch chi&#8217;n rhyfeddu at geinder a harddwch ei ramadeg a&#8217;r tapestri diwylliannol cyfoethog sydd wedi siapio&#8217;r iaith dros ganrifoedd. Felly, ewch ymlaen ac archwilio rhyfeddodau gramadeg Fietnam wrth i chi lywio tirwedd ieithyddol yr iaith hudolus hon.<\/p>\n<\/div><\/div>\n\r\n<section class=\"learnNavigationSection\">\r\n            \r\n        <a href=\"https:\/\/talkpal.ai\/cy\/dysgu-fietnameg\/\">\r\n            <div class=\"learnNavigationWrapper\">\r\n                <div class=\"learnNavigationContent\">\r\n                    <img decoding=\"async\" src=\"https:\/\/talkpal.ai\/wp-content\/uploads\/2024\/08\/Vietnamese.jpg\" alt=\"Vietnamise Flag\">\r\n                    <div>\r\n                        <h4>Yngl\u0177n \u00e2 Dysgu Fietnameg<\/h4>\r\n                        <p>Darganfyddwch bopeth am ramadeg Fietnameg.<\/p>\r\n                    <\/div>\r\n                <\/div>\r\n            <\/div>\r\n        <\/a>\r\n\r\n        \r\n        <a href=\"https:\/\/talkpal.ai\/cy\/ymarferion-ramadeg-fietnameg\/\">\r\n            <div class=\"learnNavigationWrapper\">\r\n                <div class=\"learnNavigationContent\">\r\n                    <img decoding=\"async\" src=\"https:\/\/talkpal.ai\/wp-content\/uploads\/2024\/08\/Vietnamese.jpg\" alt=\"Vietnamise Flag\">\r\n                    <div>\r\n                        <h4>Ymarfer Gramadeg Fietnameg<\/h4>\r\n                        <p>Ymarfer gramadeg Fietnameg.<\/p>\r\n                    <\/div>\r\n                <\/div>\r\n            <\/div>\r\n        <\/a>\r\n\r\n        \r\n        <a href=\"https:\/\/talkpal.ai\/vocabulary_language\/vietnamese\/\">\r\n            <div class=\"learnNavigationWrapper\">\r\n                <div class=\"learnNavigationContent\">\r\n                    <img decoding=\"async\" src=\"https:\/\/talkpal.ai\/wp-content\/uploads\/2024\/08\/Vietnamese.jpg\" alt=\"Vietnamise Flag\">\r\n                    <div>\r\n                        <h4>Geirfa Fietnameg<\/h4>\r\n                        <p>Ehangwch eich geirfa Fietnameg.<\/p>\r\n                    <\/div>\r\n                <\/div>\r\n            <\/div>\r\n        <\/a>\r\n\r\n            <\/section>","protected":false},"excerpt":{"rendered":"<p>Cymhlethdodau Gramadeg Fietnameg: Archwiliad Diddorol Mae&#8217;r iaith Fietnameg, gyda&#8217;i gwreiddiau hanesyddol dwfn a&#8217;i chefndir diwylliannol unigryw, yn cynnig antur ddeniadol i ieithyddion a dysgwyr iaith fel ei gilydd. Er y gallai gramadeg Fietnam ddod i&#8217;r amlwg fel her i ddechrau, mae ei rhesymeg syml a&#8217;i chysondeb yn paratoi&#8217;r ffordd ar gyfer profiad dysgu cyffrous. Felly, [&hellip;]<\/p>\n","protected":false},"author":1,"featured_media":1444885,"parent":0,"menu_order":0,"comment_status":"closed","ping_status":"closed","template":"LearningContentPage.php","meta":{"_acf_changed":false,"footnotes":""},"class_list":["post-1447440","page","type-page","status-publish","has-post-thumbnail","hentry"],"acf":[],"yoast_head":"<!-- This site is optimized with the Yoast SEO Premium plugin v27.2 (Yoast SEO v27.2) - https:\/\/yoast.com\/product\/yoast-seo-premium-wordpress\/ -->\n<title>Gramadeg Fietnameg - Talkpal<\/title>\n<meta name=\"description\" content=\"Archwiliwch agweddau diddorol gramadeg Fietnam a darganfyddwch y llawenydd o ddysgu&#039;r iaith unigryw hon.\" \/>\n<meta name=\"robots\" content=\"index, follow, max-snippet:-1, max-image-preview:large, max-video-preview:-1\" \/>\n<link rel=\"canonical\" href=\"https:\/\/talkpal.ai\/cy\/gramadeg-fietnameg\/\" \/>\n<meta property=\"og:locale\" content=\"cy_GB\" \/>\n<meta property=\"og:type\" content=\"article\" \/>\n<meta property=\"og:title\" content=\"Gramadeg Fietnameg\" \/>\n<meta property=\"og:description\" content=\"Cymhlethdodau Gramadeg Fietnameg: Archwiliad Diddorol Mae&#039;r iaith Fietnameg, gyda&#039;i gwreiddiau hanesyddol dwfn a&#039;i chefndir diwylliannol unigryw, yn\" \/>\n<meta property=\"og:url\" content=\"https:\/\/talkpal.ai\/cy\/gramadeg-fietnameg\/\" \/>\n<meta property=\"og:site_name\" content=\"Talkpal\" \/>\n<meta property=\"article:publisher\" content=\"https:\/\/www.facebook.com\/profile.php?id=100090733639311\" \/>\n<meta property=\"article:modified_time\" content=\"2025-12-12T11:04:00+00:00\" \/>\n<meta property=\"og:image\" content=\"https:\/\/talkpal.ai\/wp-content\/uploads\/2023\/05\/vietnam.png\" \/>\n\t<meta property=\"og:image:width\" content=\"512\" \/>\n\t<meta property=\"og:image:height\" content=\"512\" \/>\n\t<meta property=\"og:image:type\" content=\"image\/png\" \/>\n<meta name=\"twitter:card\" content=\"summary_large_image\" \/>\n<meta name=\"twitter:site\" content=\"@talkpalai\" \/>\n<meta name=\"twitter:label1\" content=\"Est. reading time\" \/>\n\t<meta name=\"twitter:data1\" content=\"3 minutes\" \/>\n<script type=\"application\/ld+json\" class=\"yoast-schema-graph\">{\"@context\":\"https:\/\/schema.org\",\"@graph\":[{\"@type\":\"WebPage\",\"@id\":\"https:\/\/talkpal.ai\/cy\/gramadeg-fietnameg\/\",\"url\":\"https:\/\/talkpal.ai\/cy\/gramadeg-fietnameg\/\",\"name\":\"Gramadeg Fietnameg - Talkpal\",\"isPartOf\":{\"@id\":\"https:\/\/talkpal.ai\/cy\/#website\"},\"primaryImageOfPage\":{\"@id\":\"https:\/\/talkpal.ai\/cy\/gramadeg-fietnameg\/#primaryimage\"},\"image\":{\"@id\":\"https:\/\/talkpal.ai\/cy\/gramadeg-fietnameg\/#primaryimage\"},\"thumbnailUrl\":\"https:\/\/talkpal.ai\/wp-content\/uploads\/2023\/05\/vietnam.png\",\"datePublished\":\"2023-05-14T14:23:00+00:00\",\"dateModified\":\"2025-12-12T11:04:00+00:00\",\"description\":\"Archwiliwch agweddau diddorol gramadeg Fietnam a darganfyddwch y llawenydd o ddysgu'r iaith unigryw hon.\",\"breadcrumb\":{\"@id\":\"https:\/\/talkpal.ai\/cy\/gramadeg-fietnameg\/#breadcrumb\"},\"inLanguage\":\"cy-GB\",\"potentialAction\":[{\"@type\":\"ReadAction\",\"target\":[\"https:\/\/talkpal.ai\/cy\/gramadeg-fietnameg\/\"]}]},{\"@type\":\"ImageObject\",\"inLanguage\":\"cy-GB\",\"@id\":\"https:\/\/talkpal.ai\/cy\/gramadeg-fietnameg\/#primaryimage\",\"url\":\"https:\/\/talkpal.ai\/wp-content\/uploads\/2023\/05\/vietnam.png\",\"contentUrl\":\"https:\/\/talkpal.ai\/wp-content\/uploads\/2023\/05\/vietnam.png\",\"width\":512,\"height\":512,\"caption\":\"TalkPal Vietnam Flag\"},{\"@type\":\"BreadcrumbList\",\"@id\":\"https:\/\/talkpal.ai\/cy\/gramadeg-fietnameg\/#breadcrumb\",\"itemListElement\":[{\"@type\":\"ListItem\",\"position\":1,\"name\":\"Homepage\",\"item\":\"https:\/\/talkpal.ai\/cy\/ai-athro-iaith-3\/\"},{\"@type\":\"ListItem\",\"position\":2,\"name\":\"Gramadeg Fietnameg\"}]},{\"@type\":\"WebSite\",\"@id\":\"https:\/\/talkpal.ai\/cy\/#website\",\"url\":\"https:\/\/talkpal.ai\/cy\/\",\"name\":\"Talkpal\",\"description\":\"AI Language Learning\",\"publisher\":{\"@id\":\"https:\/\/talkpal.ai\/cy\/#organization\"},\"alternateName\":\"Talkpal AI\",\"potentialAction\":[{\"@type\":\"SearchAction\",\"target\":{\"@type\":\"EntryPoint\",\"urlTemplate\":\"https:\/\/talkpal.ai\/cy\/?s={search_term_string}\"},\"query-input\":{\"@type\":\"PropertyValueSpecification\",\"valueRequired\":true,\"valueName\":\"search_term_string\"}}],\"inLanguage\":\"cy-GB\"},{\"@type\":\"Organization\",\"@id\":\"https:\/\/talkpal.ai\/cy\/#organization\",\"name\":\"Talkpal, Inc.\",\"alternateName\":\"Talkpal AI\",\"url\":\"https:\/\/talkpal.ai\/cy\/\",\"logo\":{\"@type\":\"ImageObject\",\"inLanguage\":\"cy-GB\",\"@id\":\"https:\/\/talkpal.ai\/cy\/#\/schema\/logo\/image\/\",\"url\":\"https:\/\/talkpal.ai\/wp-content\/uploads\/2024\/03\/Talkpal-Logo-Icon.png\",\"contentUrl\":\"https:\/\/talkpal.ai\/wp-content\/uploads\/2024\/03\/Talkpal-Logo-Icon.png\",\"width\":2880,\"height\":2880,\"caption\":\"Talkpal, Inc.\"},\"image\":{\"@id\":\"https:\/\/talkpal.ai\/cy\/#\/schema\/logo\/image\/\"},\"sameAs\":[\"https:\/\/www.facebook.com\/profile.php?id=100090733639311\",\"https:\/\/x.com\/talkpalai\",\"https:\/\/www.linkedin.com\/company\/talkpal\/\",\"https:\/\/www.youtube.com\/@TalkPal\/\",\"https:\/\/www.tiktok.com\/@talkpal\",\"https:\/\/www.instagram.com\/talkpal_ai\/\",\"https:\/\/www.crunchbase.com\/organization\/talkpal-9cde\",\"https:\/\/www.g2.com\/products\/talkpal-for-business\/\",\"https:\/\/www.trustpilot.com\/review\/talkpal.ai\",\"https:\/\/www.capterra.com\/p\/10006800\/TalkPal\/\"],\"description\":\"Talkpal is a language learning web and mobile education app, powered by the latest AI technologies, that provides engaging experiences to its customers in many different languages to help them improve their language skills. Users can chat about unlimited amount of topics with the app and use other modes to practice their language learning.\",\"email\":\"support@talkpal.ai\",\"legalName\":\"Talkpal, Inc.\",\"foundingDate\":\"2023-04-03\",\"duns\":\"118989042\",\"numberOfEmployees\":{\"@type\":\"QuantitativeValue\",\"minValue\":\"11\",\"maxValue\":\"50\"},\"publishingPrinciples\":\"https:\/\/talkpal.ai\/publishing-principles\/\",\"actionableFeedbackPolicy\":\"https:\/\/talkpal.ai\/actionable-feedback-policy\/\",\"correctionsPolicy\":\"https:\/\/talkpal.ai\/corrections-policy\/\",\"ethicsPolicy\":\"https:\/\/talkpal.ai\/ethics-policy\/\",\"diversityPolicy\":\"https:\/\/talkpal.ai\/diversity-policy\/\",\"diversityStaffingReport\":\"https:\/\/talkpal.ai\/diversity-policy\/\"}]}<\/script>\n<!-- \/ Yoast SEO Premium plugin. -->","yoast_head_json":{"title":"Gramadeg Fietnameg - Talkpal","description":"Archwiliwch agweddau diddorol gramadeg Fietnam a darganfyddwch y llawenydd o ddysgu'r iaith unigryw hon.","robots":{"index":"index","follow":"follow","max-snippet":"max-snippet:-1","max-image-preview":"max-image-preview:large","max-video-preview":"max-video-preview:-1"},"canonical":"https:\/\/talkpal.ai\/cy\/gramadeg-fietnameg\/","og_locale":"cy_GB","og_type":"article","og_title":"Gramadeg Fietnameg","og_description":"Cymhlethdodau Gramadeg Fietnameg: Archwiliad Diddorol Mae'r iaith Fietnameg, gyda'i gwreiddiau hanesyddol dwfn a'i chefndir diwylliannol unigryw, yn","og_url":"https:\/\/talkpal.ai\/cy\/gramadeg-fietnameg\/","og_site_name":"Talkpal","article_publisher":"https:\/\/www.facebook.com\/profile.php?id=100090733639311","article_modified_time":"2025-12-12T11:04:00+00:00","og_image":[{"width":512,"height":512,"url":"https:\/\/talkpal.ai\/wp-content\/uploads\/2023\/05\/vietnam.png","type":"image\/png"}],"twitter_card":"summary_large_image","twitter_site":"@talkpalai","twitter_misc":{"Est. reading time":"3 minutes"},"schema":{"@context":"https:\/\/schema.org","@graph":[{"@type":"WebPage","@id":"https:\/\/talkpal.ai\/cy\/gramadeg-fietnameg\/","url":"https:\/\/talkpal.ai\/cy\/gramadeg-fietnameg\/","name":"Gramadeg Fietnameg - Talkpal","isPartOf":{"@id":"https:\/\/talkpal.ai\/cy\/#website"},"primaryImageOfPage":{"@id":"https:\/\/talkpal.ai\/cy\/gramadeg-fietnameg\/#primaryimage"},"image":{"@id":"https:\/\/talkpal.ai\/cy\/gramadeg-fietnameg\/#primaryimage"},"thumbnailUrl":"https:\/\/talkpal.ai\/wp-content\/uploads\/2023\/05\/vietnam.png","datePublished":"2023-05-14T14:23:00+00:00","dateModified":"2025-12-12T11:04:00+00:00","description":"Archwiliwch agweddau diddorol gramadeg Fietnam a darganfyddwch y llawenydd o ddysgu'r iaith unigryw hon.","breadcrumb":{"@id":"https:\/\/talkpal.ai\/cy\/gramadeg-fietnameg\/#breadcrumb"},"inLanguage":"cy-GB","potentialAction":[{"@type":"ReadAction","target":["https:\/\/talkpal.ai\/cy\/gramadeg-fietnameg\/"]}]},{"@type":"ImageObject","inLanguage":"cy-GB","@id":"https:\/\/talkpal.ai\/cy\/gramadeg-fietnameg\/#primaryimage","url":"https:\/\/talkpal.ai\/wp-content\/uploads\/2023\/05\/vietnam.png","contentUrl":"https:\/\/talkpal.ai\/wp-content\/uploads\/2023\/05\/vietnam.png","width":512,"height":512,"caption":"TalkPal Vietnam Flag"},{"@type":"BreadcrumbList","@id":"https:\/\/talkpal.ai\/cy\/gramadeg-fietnameg\/#breadcrumb","itemListElement":[{"@type":"ListItem","position":1,"name":"Homepage","item":"https:\/\/talkpal.ai\/cy\/ai-athro-iaith-3\/"},{"@type":"ListItem","position":2,"name":"Gramadeg Fietnameg"}]},{"@type":"WebSite","@id":"https:\/\/talkpal.ai\/cy\/#website","url":"https:\/\/talkpal.ai\/cy\/","name":"Talkpal","description":"AI Language Learning","publisher":{"@id":"https:\/\/talkpal.ai\/cy\/#organization"},"alternateName":"Talkpal AI","potentialAction":[{"@type":"SearchAction","target":{"@type":"EntryPoint","urlTemplate":"https:\/\/talkpal.ai\/cy\/?s={search_term_string}"},"query-input":{"@type":"PropertyValueSpecification","valueRequired":true,"valueName":"search_term_string"}}],"inLanguage":"cy-GB"},{"@type":"Organization","@id":"https:\/\/talkpal.ai\/cy\/#organization","name":"Talkpal, Inc.","alternateName":"Talkpal AI","url":"https:\/\/talkpal.ai\/cy\/","logo":{"@type":"ImageObject","inLanguage":"cy-GB","@id":"https:\/\/talkpal.ai\/cy\/#\/schema\/logo\/image\/","url":"https:\/\/talkpal.ai\/wp-content\/uploads\/2024\/03\/Talkpal-Logo-Icon.png","contentUrl":"https:\/\/talkpal.ai\/wp-content\/uploads\/2024\/03\/Talkpal-Logo-Icon.png","width":2880,"height":2880,"caption":"Talkpal, Inc."},"image":{"@id":"https:\/\/talkpal.ai\/cy\/#\/schema\/logo\/image\/"},"sameAs":["https:\/\/www.facebook.com\/profile.php?id=100090733639311","https:\/\/x.com\/talkpalai","https:\/\/www.linkedin.com\/company\/talkpal\/","https:\/\/www.youtube.com\/@TalkPal\/","https:\/\/www.tiktok.com\/@talkpal","https:\/\/www.instagram.com\/talkpal_ai\/","https:\/\/www.crunchbase.com\/organization\/talkpal-9cde","https:\/\/www.g2.com\/products\/talkpal-for-business\/","https:\/\/www.trustpilot.com\/review\/talkpal.ai","https:\/\/www.capterra.com\/p\/10006800\/TalkPal\/"],"description":"Talkpal is a language learning web and mobile education app, powered by the latest AI technologies, that provides engaging experiences to its customers in many different languages to help them improve their language skills. Users can chat about unlimited amount of topics with the app and use other modes to practice their language learning.","email":"support@talkpal.ai","legalName":"Talkpal, Inc.","foundingDate":"2023-04-03","duns":"118989042","numberOfEmployees":{"@type":"QuantitativeValue","minValue":"11","maxValue":"50"},"publishingPrinciples":"https:\/\/talkpal.ai\/publishing-principles\/","actionableFeedbackPolicy":"https:\/\/talkpal.ai\/actionable-feedback-policy\/","correctionsPolicy":"https:\/\/talkpal.ai\/corrections-policy\/","ethicsPolicy":"https:\/\/talkpal.ai\/ethics-policy\/","diversityPolicy":"https:\/\/talkpal.ai\/diversity-policy\/","diversityStaffingReport":"https:\/\/talkpal.ai\/diversity-policy\/"}]}},"_links":{"self":[{"href":"https:\/\/talkpal.ai\/cy\/wp-json\/wp\/v2\/pages\/1447440","targetHints":{"allow":["GET"]}}],"collection":[{"href":"https:\/\/talkpal.ai\/cy\/wp-json\/wp\/v2\/pages"}],"about":[{"href":"https:\/\/talkpal.ai\/cy\/wp-json\/wp\/v2\/types\/page"}],"author":[{"embeddable":true,"href":"https:\/\/talkpal.ai\/cy\/wp-json\/wp\/v2\/users\/1"}],"replies":[{"embeddable":true,"href":"https:\/\/talkpal.ai\/cy\/wp-json\/wp\/v2\/comments?post=1447440"}],"version-history":[{"count":0,"href":"https:\/\/talkpal.ai\/cy\/wp-json\/wp\/v2\/pages\/1447440\/revisions"}],"wp:featuredmedia":[{"embeddable":true,"href":"https:\/\/talkpal.ai\/cy\/wp-json\/wp\/v2\/media\/1444885"}],"wp:attachment":[{"href":"https:\/\/talkpal.ai\/cy\/wp-json\/wp\/v2\/media?parent=1447440"}],"curies":[{"name":"wp","href":"https:\/\/api.w.org\/{rel}","templated":true}]}}