{"id":1447427,"date":"2023-05-14T14:23:49","date_gmt":"2023-05-14T14:23:49","guid":{"rendered":"https:\/\/talkpal.ai\/gramadeg-twrcaidd\/"},"modified":"2025-12-13T15:45:09","modified_gmt":"2025-12-13T15:45:09","slug":"gramadeg-twrcaidd","status":"publish","type":"page","link":"https:\/\/talkpal.ai\/cy\/gramadeg-twrcaidd\/","title":{"rendered":"Gramadeg Twrcaidd"},"content":{"rendered":"\r\n\r\n\r\n<section class=\"languageChallengeSection\">\r\n    <div class=\"languageInfoWrapper\">\r\n        \r\n        <h1>Gramadeg Twrcaidd<\/h1>\r\n        <p>Chwilfrydig am ddysgu Twrceg? Archwiliwch ramadeg <a href=\"https:\/\/talkpal.ai\/learn-turkish\/\">Twrcaidd<\/a> a gweld sut mae ei strwythur rhesymegol, cytgord llafariad, a phatrymau berfau hawdd eu dilyn yn ei gwneud yn ddiddorol ac yn hygyrch. Dechreuwch eich taith heddiw &#8211; meistroli <a href=\"https:\/\/talkpal.ai\/turkish-grammar\/\">gramadeg Twrceg<\/a> yw eich allwedd i gyfathrebu rhugl a datgloi byd bywiog o ddiwylliant a chysylltiad!<\/p>\r\n\r\n                            <a class=\"getStartedHidden\" href=\"https:\/\/app.talkpal.ai\/signup?lng=\">Dechrau<\/a>\r\n        \r\n    <\/div>\r\n\r\n    <figure>\r\n    <img decoding=\"async\" width=\"768\" height=\"768\" src=\"https:\/\/talkpal.ai\/wp-content\/uploads\/2023\/06\/turkish-768x768.png\" class=\"languageImage no-lazy\" alt=\"Language learning for increased focus\" fetchpriority=\"high\" sizes=\"(max-width: 768px) 150px, 768px\" srcset=\"https:\/\/talkpal.ai\/wp-content\/uploads\/2023\/06\/turkish-768x768.png 768w, https:\/\/talkpal.ai\/wp-content\/uploads\/2023\/06\/turkish-300x300.png 300w\" \/>\r\n    \r\n\r\n    <\/figure>\r\n\r\n            <a class=\"getStartedVisible\" href=\"https:\/\/app.talkpal.ai\/signup?lng=\">Dechrau<\/a>\r\n    \r\n<\/section>\r\n<section class=\"promotionalBanner\">\r\n    <p class=\"promotionalText\">Y ffordd fwyaf effeithlon o ddysgu iaith<\/p>\r\n    <a class=\"promotionalLink\" href=\"https:\/\/app.talkpal.ai\/signup?lng=\">Rhowch gynnig ar Talkpal am ddim<\/a>\r\n<\/section>\n<div class=\"wp-block-group pageContainerStyle\"><div class=\"wp-block-group__inner-container is-layout-constrained wp-block-group-is-layout-constrained\">\n<h2 class=\"wp-block-heading\" id=\"h-the-ultimate-guide-to-turkish-grammar-navigating-the-intricacies-of-a-unique-language\">Y Canllaw Ultimate i Ramadeg Twrceg: Llywio Cymhlethdodau Iaith Unigryw<\/h2>\n\n\n\n<p>Mae gramadeg Twrceg, fel yr iaith ei hun, yn cyflwyno tapestri cyfoethog a diddorol o elfennau ieithyddol. Fel aelod o&#8217;r teulu iaith Twrceg, mae Twrceg yn cyfareddu dysgwyr gyda&#8217;i nodweddion amrywiol ac yn herio hyd yn oed y siaradwyr mwyaf medrus. Yn y canllaw hwn, byddwn yn archwilio egwyddorion allweddol gramadeg Twrceg, demystify ei gymhlethdodau, a&#8217;ch cefnogi ar eich taith i ddod yn rhugl yn yr iaith hudolus hon. Gadewch i ni ddechrau!<\/p>\n\n\n\n<h3 class=\"wp-block-heading\" id=\"h-the-nuts-and-bolts-turkish-sentence-structure\">Y Cnau a&#8217;r Bolltau: Strwythur Brawddeg Twrcaidd<\/h3>\n\n\n\n<p>Yn ei hanfod, mae gramadeg Twrcaidd yn eithaf syml. Mae&#8217;r iaith yn gyffredinol yn dilyn strwythur brawddeg <a href=\"https:\/\/talkpal.ai\/culture\/how-do-you-structure-a-sentence-using-subject-object-verb-order-in-uzbek\/\">Subject-Object-Verb<\/a> (SOV), yn wahanol i&#8217;r <a href=\"https:\/\/talkpal.ai\/learn-english-with-ai\/\">Saesneg<\/a> a llawer o ieithoedd eraill. Er enghraifft, mae&#8217;r frawddeg &#8220;Rwy&#8217;n bwyta afal&#8221; yn cyfieithu i &#8220;Ben elma yiyorum&#8221; (Ben = I, elma = afal, yiyorum = bwyta). Syml, iawn? Fodd bynnag, wrth i ni gloddio&#8217;n ddyfnach, byddwch yn dod ar draws rhai nodweddion diddorol a nodweddiadol gramadeg Twrcaidd.<\/p>\n\n\n\n<h3 class=\"wp-block-heading\" id=\"h-meet-the-family-turkish-nouns-and-their-suffixes\">Cwrdd \u00e2&#8217;r teulu: enwau Twrcaidd a&#8217;u h\u00f4l-ddodiadau<\/h3>\n\n\n\n<p>Un o nodweddion mwyaf rhyfedd gramadeg Twrcaidd yw&#8217;r defnydd o \u00f4l-ddodiadau i fynegi perthnasoedd gramadegol amrywiol. Nid oes arddodiaid yn Twrceg; yn eu lle, mae \u00f4l-ddodiadau ynghlwm wrth enwau i nodi meddiant, gwrthrychau uniongyrchol, a lleoliad.<\/p>\n\n\n\n<p>Er enghraifft, gadewch i ni gymryd y gair &#8220;elma&#8221; (elma) sy&#8217;n golygu &#8220;afal&#8221;:<\/p>\n\n\n\n<p><strong>\u2013 Meddiant: Benim elmam (Fy afal)<\/strong><\/p>\n\n\n\n<p><strong>&#8211; Gwrthrych uniongyrchol: Elmay\u0131 yedim (Fe wnes i fwyta&#8217;r afal)<\/strong><\/p>\n\n\n\n<p><strong>&#8211; Lleoliad: Elmada (Yn yr afal)<\/strong><\/p>\n\n\n\n<p>Mae&#8217;n bwysig ymgyfarwyddo \u00e2&#8217;r \u00f4l-ddodiadau hyn, gan y gallant newid ystyr eich brawddegau yn ddramatig.<\/p>\n\n\n\n<h3 class=\"wp-block-heading\" id=\"h-playing-with-numbers-turkish-plurals-and-genders\">Chwarae gyda Rhifau: Lluosog a Rhywiau Twrcaidd<\/h3>\n\n\n\n<p>Wrth ffurfio lluosog yn Twrceg, mae&#8217;n hanfodol ychwanegu un \u00f4l-ddodiad yn unig: -ler neu -lar, yn dibynnu ar y llafariad agosaf yn y gair. Yn wahanol i lawer o ieithoedd eraill, nid oes gan Twrceg ryw ramadeg. Mae hyn yn golygu na fydd yn rhaid i chi boeni am ddysgu gwahanol derfyniadau neu ffurfiau ar gyfer enwau gwrywaidd, benywaidd neu niwtral.<\/p>\n\n\n\n<p>Er enghraifft, mae &#8220;k\u00f6pek&#8221; (k\u00f6pek, enw sy&#8217;n golygu &#8220;ci&#8221;) yn dod yn &#8220;k\u00f6pekler&#8221; (k\u00f6pekler, c\u0175n), a &#8220;kedi&#8221; (kedi, enw sy&#8217;n golygu &#8220;cath&#8221;) yn dod yn &#8220;kediler&#8221; (kediler, cathod).<\/p>\n\n\n\n<h3 class=\"wp-block-heading\" id=\"h-the-art-of-conjugation-turkish-verbs\">The Art of Conjugation: Berfau Twrcaidd<\/h3>\n\n\n\n<p>Gallai berfau Twrcaidd ymddangos yn frawychus ar y dechrau, oherwydd eu hamserau, hwyliau a chyfuniadau niferus. Fodd bynnag, yr allwedd i&#8217;w deall yw adnabod patrymau cyffredin ac ymarfer yn rheolaidd.<\/p>\n\n\n\n<p>Yn Twrceg, mae berfau&#8217;n defnyddio amrywiaeth o \u00f4l-ddodiadau i nodi amser, hwyliau a pherson. Mae&#8217;r coesyn berf yn aros yn ddigyfnewid. Gadewch i ni gymryd y ferf &#8220;yemek&#8221; (yemek, &#8220;bwyta&#8221;) fel enghraifft:<\/p>\n\n\n\n<p><strong>Amser parhaus presennol: Yiyorum (Rwy&#8217;n bwyta)<\/strong><\/p>\n\n\n\n<p><strong>Amser gorffennol: Yedim (Rwy&#8217;n bwyta)<\/strong><\/p>\n\n\n\n<p><strong>Amser y dyfodol: Yiyece\u011fim (Byddaf yn bwyta)<\/strong><\/p>\n\n\n\n<p>Fel y gwelwch, mae&#8217;r terfyniadau yn newid yn \u00f4l yr amser a&#8217;r person. Gydag ymarfer ac amynedd, byddwch chi&#8217;n dechrau adnabod y patrymau ac yn goresgyn yr her hon.<\/p>\n\n\n\n<h3 class=\"wp-block-heading\" id=\"h-the-finishing-touches-turkish-adjectives-adverbs-and-more\">Y Cyffyrddiadau Terfynol: Ansoddeiriau Twrceg, Adferfau, a Mwy<\/h3>\n\n\n\n<p>Pan ddaw i ansoddeiriau ac adferfau Twrcaidd, maent yn chwarae rhan hanfodol wrth ychwanegu dyfnder a chymhlethdod i&#8217;ch lleferydd. Nid oes angen i ansoddeiriau yn Twrceg gytuno \u00e2&#8217;r enwau maen nhw&#8217;n eu haddasu, gan eu gwneud yn haws delio \u00e2 nhw nag mewn llawer o ieithoedd eraill.<\/p>\n\n\n\n<p>Er enghraifft, mae &#8220;g\u00fczel&#8221; (g\u00fczel) yn golygu &#8220;hardd,&#8221; ac efallai y byddwch chi&#8217;n ei weld fel &#8220;g\u00fczel \u00e7i\u00e7ek&#8221; (g\u00fczel \u00e7i\u00e7ek, &#8220;blodyn hardd&#8221;) neu &#8220;g\u00fczel k\u00f6pek&#8221; (g\u00fczel k\u00f6pek, &#8220;ci hardd&#8221;), heb unrhyw newid ar gyfer lluosog neu ryw.<\/p>\n\n\n\n<p>Mae adferfau fel arfer yn dilyn patrymau tebyg, yn aml yn deillio o ansoddeiriau. Yn Twrceg, gellir ffurfio llawer o adferfau trwy ychwanegu&#8217;r \u00f4l-ddodiad -ce neu -ca at yr ansoddeiriau, yn dibynnu ar y llafariad agosaf.<\/p>\n\n\n\n<p>I gloi, mae cymhlethdodau a hynodrwydd gramadeg Twrceg, er eu bod yn heriol, yn rhoi harddwch a chymeriad cyfareddol i&#8217;r iaith. Gyda chyfuniad o ddyfalbarhad, chwilfrydedd, a chymhwysiad ymarferol, byddwch yn fuan yn llywio gramadeg Twrcaidd yn rhwydd a hyder. Dysgu hapus!<\/p>\n<\/div><\/div>\n\r\n<section class=\"learnNavigationSection\">\r\n            \r\n        <a href=\"https:\/\/talkpal.ai\/cy\/dysgu-twrceg\/\">\r\n            <div class=\"learnNavigationWrapper\">\r\n                <div class=\"learnNavigationContent\">\r\n                    <img decoding=\"async\" src=\"https:\/\/talkpal.ai\/wp-content\/uploads\/2024\/08\/Turkish.jpg\" alt=\"Turkish Flag\">\r\n                    <div>\r\n                        <h4>Yngl\u0177n \u00e2 dysgu Twrceg<\/h4>\r\n                        <p>Darganfyddwch bopeth am ramadeg Twrcaidd.<\/p>\r\n                    <\/div>\r\n                <\/div>\r\n            <\/div>\r\n        <\/a>\r\n\r\n        \r\n        <a href=\"https:\/\/talkpal.ai\/cy\/ymarferion-ramadeg-twrcaidd\/\">\r\n            <div class=\"learnNavigationWrapper\">\r\n                <div class=\"learnNavigationContent\">\r\n                    <img decoding=\"async\" src=\"https:\/\/talkpal.ai\/wp-content\/uploads\/2024\/08\/Turkish.jpg\" alt=\"Turkish Flag\">\r\n                    <div>\r\n                        <h4>Ymarfer Gramadeg Twrcaidd<\/h4>\r\n                        <p>Ymarfer gramadeg Twrceg.<\/p>\r\n                    <\/div>\r\n                <\/div>\r\n            <\/div>\r\n        <\/a>\r\n\r\n        \r\n        <a href=\"https:\/\/talkpal.ai\/vocabulary_language\/turkish\/\">\r\n            <div class=\"learnNavigationWrapper\">\r\n                <div class=\"learnNavigationContent\">\r\n                    <img decoding=\"async\" src=\"https:\/\/talkpal.ai\/wp-content\/uploads\/2024\/08\/Turkish.jpg\" alt=\"Turkish Flag\">\r\n                    <div>\r\n                        <h4>Geirfa Twrceg<\/h4>\r\n                        <p>Ehangwch eich geirfa Twrceg.<\/p>\r\n                    <\/div>\r\n                <\/div>\r\n            <\/div>\r\n        <\/a>\r\n\r\n            <\/section>","protected":false},"excerpt":{"rendered":"<p>Y Canllaw Ultimate i Ramadeg Twrceg: Llywio Cymhlethdodau Iaith Unigryw Mae gramadeg Twrceg, fel yr iaith ei hun, yn cyflwyno tapestri cyfoethog a diddorol o elfennau ieithyddol. Fel aelod o&#8217;r teulu iaith Twrceg, mae Twrceg yn cyfareddu dysgwyr gyda&#8217;i nodweddion amrywiol ac yn herio hyd yn oed y siaradwyr mwyaf medrus. Yn y canllaw hwn, [&hellip;]<\/p>\n","protected":false},"author":1,"featured_media":1444903,"parent":0,"menu_order":0,"comment_status":"closed","ping_status":"closed","template":"LearningContentPage.php","meta":{"_acf_changed":false,"footnotes":""},"class_list":["post-1447427","page","type-page","status-publish","has-post-thumbnail","hentry"],"acf":[],"yoast_head":"<!-- This site is optimized with the Yoast SEO Premium plugin v27.2 (Yoast SEO v27.2) - https:\/\/yoast.com\/product\/yoast-seo-premium-wordpress\/ -->\n<title>Gramadeg Twrcaidd - Talkpal<\/title>\n<meta name=\"description\" content=\"Datgloi cyfrinachau gramadeg Twrcaidd gyda&#039;n canllaw cynhwysfawr i&#039;w egwyddorion allweddol a&#039;i strwythur brawddegau.\" \/>\n<meta name=\"robots\" content=\"index, follow, max-snippet:-1, max-image-preview:large, max-video-preview:-1\" \/>\n<link rel=\"canonical\" href=\"https:\/\/talkpal.ai\/cy\/gramadeg-twrcaidd\/\" \/>\n<meta property=\"og:locale\" content=\"cy_GB\" \/>\n<meta property=\"og:type\" content=\"article\" \/>\n<meta property=\"og:title\" content=\"Gramadeg Twrcaidd\" \/>\n<meta property=\"og:description\" content=\"Y Canllaw Ultimate i Ramadeg Twrceg: Llywio Cymhlethdodau Iaith Unigryw Mae gramadeg Twrceg, fel yr iaith ei hun, yn cyflwyno tapestri cyfoethog a\" \/>\n<meta property=\"og:url\" content=\"https:\/\/talkpal.ai\/cy\/gramadeg-twrcaidd\/\" \/>\n<meta property=\"og:site_name\" content=\"Talkpal\" \/>\n<meta property=\"article:publisher\" content=\"https:\/\/www.facebook.com\/profile.php?id=100090733639311\" \/>\n<meta property=\"article:modified_time\" content=\"2025-12-13T15:45:09+00:00\" \/>\n<meta property=\"og:image\" content=\"https:\/\/talkpal.ai\/wp-content\/uploads\/2023\/05\/turkish.png\" \/>\n\t<meta property=\"og:image:width\" content=\"512\" \/>\n\t<meta property=\"og:image:height\" content=\"512\" \/>\n\t<meta property=\"og:image:type\" content=\"image\/png\" \/>\n<meta name=\"twitter:card\" content=\"summary_large_image\" \/>\n<meta name=\"twitter:site\" content=\"@talkpalai\" \/>\n<meta name=\"twitter:label1\" content=\"Est. reading time\" \/>\n\t<meta name=\"twitter:data1\" content=\"3 minutes\" \/>\n<script type=\"application\/ld+json\" class=\"yoast-schema-graph\">{\"@context\":\"https:\/\/schema.org\",\"@graph\":[{\"@type\":\"WebPage\",\"@id\":\"https:\/\/talkpal.ai\/cy\/gramadeg-twrcaidd\/\",\"url\":\"https:\/\/talkpal.ai\/cy\/gramadeg-twrcaidd\/\",\"name\":\"Gramadeg Twrcaidd - Talkpal\",\"isPartOf\":{\"@id\":\"https:\/\/talkpal.ai\/cy\/#website\"},\"primaryImageOfPage\":{\"@id\":\"https:\/\/talkpal.ai\/cy\/gramadeg-twrcaidd\/#primaryimage\"},\"image\":{\"@id\":\"https:\/\/talkpal.ai\/cy\/gramadeg-twrcaidd\/#primaryimage\"},\"thumbnailUrl\":\"https:\/\/talkpal.ai\/wp-content\/uploads\/2023\/05\/turkish.png\",\"datePublished\":\"2023-05-14T14:23:49+00:00\",\"dateModified\":\"2025-12-13T15:45:09+00:00\",\"description\":\"Datgloi cyfrinachau gramadeg Twrcaidd gyda'n canllaw cynhwysfawr i'w egwyddorion allweddol a'i strwythur brawddegau.\",\"breadcrumb\":{\"@id\":\"https:\/\/talkpal.ai\/cy\/gramadeg-twrcaidd\/#breadcrumb\"},\"inLanguage\":\"cy-GB\",\"potentialAction\":[{\"@type\":\"ReadAction\",\"target\":[\"https:\/\/talkpal.ai\/cy\/gramadeg-twrcaidd\/\"]}]},{\"@type\":\"ImageObject\",\"inLanguage\":\"cy-GB\",\"@id\":\"https:\/\/talkpal.ai\/cy\/gramadeg-twrcaidd\/#primaryimage\",\"url\":\"https:\/\/talkpal.ai\/wp-content\/uploads\/2023\/05\/turkish.png\",\"contentUrl\":\"https:\/\/talkpal.ai\/wp-content\/uploads\/2023\/05\/turkish.png\",\"width\":512,\"height\":512,\"caption\":\"TalkPal Turkish Flag\"},{\"@type\":\"BreadcrumbList\",\"@id\":\"https:\/\/talkpal.ai\/cy\/gramadeg-twrcaidd\/#breadcrumb\",\"itemListElement\":[{\"@type\":\"ListItem\",\"position\":1,\"name\":\"Homepage\",\"item\":\"https:\/\/talkpal.ai\/cy\/ai-athro-iaith-3\/\"},{\"@type\":\"ListItem\",\"position\":2,\"name\":\"Gramadeg Twrcaidd\"}]},{\"@type\":\"WebSite\",\"@id\":\"https:\/\/talkpal.ai\/cy\/#website\",\"url\":\"https:\/\/talkpal.ai\/cy\/\",\"name\":\"Talkpal\",\"description\":\"AI Language Learning\",\"publisher\":{\"@id\":\"https:\/\/talkpal.ai\/cy\/#organization\"},\"alternateName\":\"Talkpal AI\",\"potentialAction\":[{\"@type\":\"SearchAction\",\"target\":{\"@type\":\"EntryPoint\",\"urlTemplate\":\"https:\/\/talkpal.ai\/cy\/?s={search_term_string}\"},\"query-input\":{\"@type\":\"PropertyValueSpecification\",\"valueRequired\":true,\"valueName\":\"search_term_string\"}}],\"inLanguage\":\"cy-GB\"},{\"@type\":\"Organization\",\"@id\":\"https:\/\/talkpal.ai\/cy\/#organization\",\"name\":\"Talkpal, Inc.\",\"alternateName\":\"Talkpal AI\",\"url\":\"https:\/\/talkpal.ai\/cy\/\",\"logo\":{\"@type\":\"ImageObject\",\"inLanguage\":\"cy-GB\",\"@id\":\"https:\/\/talkpal.ai\/cy\/#\/schema\/logo\/image\/\",\"url\":\"https:\/\/talkpal.ai\/wp-content\/uploads\/2024\/03\/Talkpal-Logo-Icon.png\",\"contentUrl\":\"https:\/\/talkpal.ai\/wp-content\/uploads\/2024\/03\/Talkpal-Logo-Icon.png\",\"width\":2880,\"height\":2880,\"caption\":\"Talkpal, Inc.\"},\"image\":{\"@id\":\"https:\/\/talkpal.ai\/cy\/#\/schema\/logo\/image\/\"},\"sameAs\":[\"https:\/\/www.facebook.com\/profile.php?id=100090733639311\",\"https:\/\/x.com\/talkpalai\",\"https:\/\/www.linkedin.com\/company\/talkpal\/\",\"https:\/\/www.youtube.com\/@TalkPal\/\",\"https:\/\/www.tiktok.com\/@talkpal\",\"https:\/\/www.instagram.com\/talkpal_ai\/\",\"https:\/\/www.crunchbase.com\/organization\/talkpal-9cde\",\"https:\/\/www.g2.com\/products\/talkpal-for-business\/\",\"https:\/\/www.trustpilot.com\/review\/talkpal.ai\",\"https:\/\/www.capterra.com\/p\/10006800\/TalkPal\/\"],\"description\":\"Talkpal is a language learning web and mobile education app, powered by the latest AI technologies, that provides engaging experiences to its customers in many different languages to help them improve their language skills. Users can chat about unlimited amount of topics with the app and use other modes to practice their language learning.\",\"email\":\"support@talkpal.ai\",\"legalName\":\"Talkpal, Inc.\",\"foundingDate\":\"2023-04-03\",\"duns\":\"118989042\",\"numberOfEmployees\":{\"@type\":\"QuantitativeValue\",\"minValue\":\"11\",\"maxValue\":\"50\"},\"publishingPrinciples\":\"https:\/\/talkpal.ai\/publishing-principles\/\",\"actionableFeedbackPolicy\":\"https:\/\/talkpal.ai\/actionable-feedback-policy\/\",\"correctionsPolicy\":\"https:\/\/talkpal.ai\/corrections-policy\/\",\"ethicsPolicy\":\"https:\/\/talkpal.ai\/ethics-policy\/\",\"diversityPolicy\":\"https:\/\/talkpal.ai\/diversity-policy\/\",\"diversityStaffingReport\":\"https:\/\/talkpal.ai\/diversity-policy\/\"}]}<\/script>\n<!-- \/ Yoast SEO Premium plugin. -->","yoast_head_json":{"title":"Gramadeg Twrcaidd - Talkpal","description":"Datgloi cyfrinachau gramadeg Twrcaidd gyda'n canllaw cynhwysfawr i'w egwyddorion allweddol a'i strwythur brawddegau.","robots":{"index":"index","follow":"follow","max-snippet":"max-snippet:-1","max-image-preview":"max-image-preview:large","max-video-preview":"max-video-preview:-1"},"canonical":"https:\/\/talkpal.ai\/cy\/gramadeg-twrcaidd\/","og_locale":"cy_GB","og_type":"article","og_title":"Gramadeg Twrcaidd","og_description":"Y Canllaw Ultimate i Ramadeg Twrceg: Llywio Cymhlethdodau Iaith Unigryw Mae gramadeg Twrceg, fel yr iaith ei hun, yn cyflwyno tapestri cyfoethog a","og_url":"https:\/\/talkpal.ai\/cy\/gramadeg-twrcaidd\/","og_site_name":"Talkpal","article_publisher":"https:\/\/www.facebook.com\/profile.php?id=100090733639311","article_modified_time":"2025-12-13T15:45:09+00:00","og_image":[{"width":512,"height":512,"url":"https:\/\/talkpal.ai\/wp-content\/uploads\/2023\/05\/turkish.png","type":"image\/png"}],"twitter_card":"summary_large_image","twitter_site":"@talkpalai","twitter_misc":{"Est. reading time":"3 minutes"},"schema":{"@context":"https:\/\/schema.org","@graph":[{"@type":"WebPage","@id":"https:\/\/talkpal.ai\/cy\/gramadeg-twrcaidd\/","url":"https:\/\/talkpal.ai\/cy\/gramadeg-twrcaidd\/","name":"Gramadeg Twrcaidd - Talkpal","isPartOf":{"@id":"https:\/\/talkpal.ai\/cy\/#website"},"primaryImageOfPage":{"@id":"https:\/\/talkpal.ai\/cy\/gramadeg-twrcaidd\/#primaryimage"},"image":{"@id":"https:\/\/talkpal.ai\/cy\/gramadeg-twrcaidd\/#primaryimage"},"thumbnailUrl":"https:\/\/talkpal.ai\/wp-content\/uploads\/2023\/05\/turkish.png","datePublished":"2023-05-14T14:23:49+00:00","dateModified":"2025-12-13T15:45:09+00:00","description":"Datgloi cyfrinachau gramadeg Twrcaidd gyda'n canllaw cynhwysfawr i'w egwyddorion allweddol a'i strwythur brawddegau.","breadcrumb":{"@id":"https:\/\/talkpal.ai\/cy\/gramadeg-twrcaidd\/#breadcrumb"},"inLanguage":"cy-GB","potentialAction":[{"@type":"ReadAction","target":["https:\/\/talkpal.ai\/cy\/gramadeg-twrcaidd\/"]}]},{"@type":"ImageObject","inLanguage":"cy-GB","@id":"https:\/\/talkpal.ai\/cy\/gramadeg-twrcaidd\/#primaryimage","url":"https:\/\/talkpal.ai\/wp-content\/uploads\/2023\/05\/turkish.png","contentUrl":"https:\/\/talkpal.ai\/wp-content\/uploads\/2023\/05\/turkish.png","width":512,"height":512,"caption":"TalkPal Turkish Flag"},{"@type":"BreadcrumbList","@id":"https:\/\/talkpal.ai\/cy\/gramadeg-twrcaidd\/#breadcrumb","itemListElement":[{"@type":"ListItem","position":1,"name":"Homepage","item":"https:\/\/talkpal.ai\/cy\/ai-athro-iaith-3\/"},{"@type":"ListItem","position":2,"name":"Gramadeg Twrcaidd"}]},{"@type":"WebSite","@id":"https:\/\/talkpal.ai\/cy\/#website","url":"https:\/\/talkpal.ai\/cy\/","name":"Talkpal","description":"AI Language Learning","publisher":{"@id":"https:\/\/talkpal.ai\/cy\/#organization"},"alternateName":"Talkpal AI","potentialAction":[{"@type":"SearchAction","target":{"@type":"EntryPoint","urlTemplate":"https:\/\/talkpal.ai\/cy\/?s={search_term_string}"},"query-input":{"@type":"PropertyValueSpecification","valueRequired":true,"valueName":"search_term_string"}}],"inLanguage":"cy-GB"},{"@type":"Organization","@id":"https:\/\/talkpal.ai\/cy\/#organization","name":"Talkpal, Inc.","alternateName":"Talkpal AI","url":"https:\/\/talkpal.ai\/cy\/","logo":{"@type":"ImageObject","inLanguage":"cy-GB","@id":"https:\/\/talkpal.ai\/cy\/#\/schema\/logo\/image\/","url":"https:\/\/talkpal.ai\/wp-content\/uploads\/2024\/03\/Talkpal-Logo-Icon.png","contentUrl":"https:\/\/talkpal.ai\/wp-content\/uploads\/2024\/03\/Talkpal-Logo-Icon.png","width":2880,"height":2880,"caption":"Talkpal, Inc."},"image":{"@id":"https:\/\/talkpal.ai\/cy\/#\/schema\/logo\/image\/"},"sameAs":["https:\/\/www.facebook.com\/profile.php?id=100090733639311","https:\/\/x.com\/talkpalai","https:\/\/www.linkedin.com\/company\/talkpal\/","https:\/\/www.youtube.com\/@TalkPal\/","https:\/\/www.tiktok.com\/@talkpal","https:\/\/www.instagram.com\/talkpal_ai\/","https:\/\/www.crunchbase.com\/organization\/talkpal-9cde","https:\/\/www.g2.com\/products\/talkpal-for-business\/","https:\/\/www.trustpilot.com\/review\/talkpal.ai","https:\/\/www.capterra.com\/p\/10006800\/TalkPal\/"],"description":"Talkpal is a language learning web and mobile education app, powered by the latest AI technologies, that provides engaging experiences to its customers in many different languages to help them improve their language skills. Users can chat about unlimited amount of topics with the app and use other modes to practice their language learning.","email":"support@talkpal.ai","legalName":"Talkpal, Inc.","foundingDate":"2023-04-03","duns":"118989042","numberOfEmployees":{"@type":"QuantitativeValue","minValue":"11","maxValue":"50"},"publishingPrinciples":"https:\/\/talkpal.ai\/publishing-principles\/","actionableFeedbackPolicy":"https:\/\/talkpal.ai\/actionable-feedback-policy\/","correctionsPolicy":"https:\/\/talkpal.ai\/corrections-policy\/","ethicsPolicy":"https:\/\/talkpal.ai\/ethics-policy\/","diversityPolicy":"https:\/\/talkpal.ai\/diversity-policy\/","diversityStaffingReport":"https:\/\/talkpal.ai\/diversity-policy\/"}]}},"_links":{"self":[{"href":"https:\/\/talkpal.ai\/cy\/wp-json\/wp\/v2\/pages\/1447427","targetHints":{"allow":["GET"]}}],"collection":[{"href":"https:\/\/talkpal.ai\/cy\/wp-json\/wp\/v2\/pages"}],"about":[{"href":"https:\/\/talkpal.ai\/cy\/wp-json\/wp\/v2\/types\/page"}],"author":[{"embeddable":true,"href":"https:\/\/talkpal.ai\/cy\/wp-json\/wp\/v2\/users\/1"}],"replies":[{"embeddable":true,"href":"https:\/\/talkpal.ai\/cy\/wp-json\/wp\/v2\/comments?post=1447427"}],"version-history":[{"count":0,"href":"https:\/\/talkpal.ai\/cy\/wp-json\/wp\/v2\/pages\/1447427\/revisions"}],"wp:featuredmedia":[{"embeddable":true,"href":"https:\/\/talkpal.ai\/cy\/wp-json\/wp\/v2\/media\/1444903"}],"wp:attachment":[{"href":"https:\/\/talkpal.ai\/cy\/wp-json\/wp\/v2\/media?parent=1447427"}],"curies":[{"name":"wp","href":"https:\/\/api.w.org\/{rel}","templated":true}]}}