{"id":1447425,"date":"2023-05-14T14:24:42","date_gmt":"2023-05-14T14:24:42","guid":{"rendered":"https:\/\/talkpal.ai\/gramadeg-thai\/"},"modified":"2025-12-13T15:46:24","modified_gmt":"2025-12-13T15:46:24","slug":"gramadeg-thai","status":"publish","type":"page","link":"https:\/\/talkpal.ai\/cy\/gramadeg-thai\/","title":{"rendered":"Gramadeg Thai"},"content":{"rendered":"\r\n\r\n\r\n<section class=\"languageChallengeSection\">\r\n    <div class=\"languageInfoWrapper\">\r\n        \r\n        <h1>Gramadeg Thai<\/h1>\r\n        <p>Dysgwch ramadeg <a href=\"https:\/\/talkpal.ai\/learn-thai\/\">Thai<\/a> a phrofi harddwch iaith sy&#039;n rhesymegol ac yn fynegiannol. Dechreuwch eich taith ac agorwch y drws i ffordd ddiddorol o feddwl a siarad!<\/p>\r\n\r\n                            <a class=\"getStartedHidden\" href=\"https:\/\/app.talkpal.ai\/signup?lng=\">Dechrau<\/a>\r\n        \r\n    <\/div>\r\n\r\n    <figure>\r\n    <img decoding=\"async\" width=\"768\" height=\"768\" src=\"https:\/\/talkpal.ai\/wp-content\/uploads\/2023\/06\/thai-768x768.png\" class=\"languageImage no-lazy\" alt=\"Language learning for improved thought process\" fetchpriority=\"high\" sizes=\"(max-width: 768px) 150px, 768px\" srcset=\"https:\/\/talkpal.ai\/wp-content\/uploads\/2023\/06\/thai-768x768.png 768w, https:\/\/talkpal.ai\/wp-content\/uploads\/2023\/06\/thai-300x300.png 300w\" \/>\r\n    \r\n\r\n    <\/figure>\r\n\r\n            <a class=\"getStartedVisible\" href=\"https:\/\/app.talkpal.ai\/signup?lng=\">Dechrau<\/a>\r\n    \r\n<\/section>\r\n<section class=\"promotionalBanner\">\r\n    <p class=\"promotionalText\">Y ffordd fwyaf effeithlon o ddysgu iaith<\/p>\r\n    <a class=\"promotionalLink\" href=\"https:\/\/app.talkpal.ai\/signup?lng=\">Rhowch gynnig ar Talkpal am ddim<\/a>\r\n<\/section>\n<div class=\"wp-block-group pageContainerStyle\"><div class=\"wp-block-group__inner-container is-layout-constrained wp-block-group-is-layout-constrained\">\n<h2 class=\"wp-block-heading\" id=\"h-thai-grammar-exploring-a-unique-linguistic-world\">Gramadeg Thai: Archwilio Byd Ieithyddol Unigryw<\/h2>\n\n\n\n<p><a href=\"https:\/\/talkpal.ai\/thai-grammar\/\">Gramadeg Thai<\/a> \u2013 sy&#8217;n ymddangos yn enigmatig, egsotig a hudolus. Wrth i chi gychwyn ar eich taith i ddysgu&#8217;r iaith Thai, efallai y byddwch chi&#8217;n cael eich swyno yn annisgwyl gan ei gramadeg. Peidiwch ag ofni, fy nghyd-fforwyr ieithyddol! Rydym yma i gynnig arweiniad a chefnogaeth ar yr antur ddiddorol hon!<\/p>\n\n\n\n<p>Yn yr erthygl hon, rydym yn ymchwilio i agweddau craidd gramadeg Thai, gan ddadansoddi cysyniadau allweddol, esbonio rheolau, a hyd yn oed symleiddio&#8217;r cymhlethdodau. Ymunwch \u00e2 ni wrth i ni godi&#8217;r gorchudd ar ramadeg Thai a thanio&#8217;ch angerdd am yr iaith hynod unigryw hon!<\/p>\n\n\n\n<h3 class=\"wp-block-heading\" id=\"h-1-nouns-no-plurals-no-genders-no-worries\">1. Enwau: Dim lluosog, dim rhywiau, dim pryderon!<\/h3>\n\n\n\n<p>Mae harddwch gramadeg Thai yn gorwedd yn ei symlrwydd yngl\u0177n ag enwau. Nid oes gan enwau Thai ffurfiau rhywedd na lluosog, sy&#8217;n eu gwneud yn hawdd eu defnyddio a&#8217;u deall. I nodi lluosogrwydd, ychwanegwch air maint fel &#8220;llawer&#8221; (\u0e21\u0e32\u0e01, m\u00e2ak) neu &#8220;rhai&#8221; (\u0e1a\u0e49\u0e32\u0e07, b\u00e2ang) neu ailadroddwch yr enw i bwysleisio&#8217;r ystyr lluosog.<\/p>\n\n\n\n<h3 class=\"wp-block-heading\" id=\"h-2-pronouns-choose-wisely-based-on-politeness\">2. Rhagenwau: Dewiswch yn ddoeth yn seiliedig ar gwrteisi<\/h3>\n\n\n\n<p>Mae dewis y rhagenw priodol yn hanfodol mewn gramadeg Thai i ddangos parch a gostyngeiddrwydd. Mae rhagenwau Thai yn amrywio yn seiliedig ar ryw, oedran a pherthynas y siaradwr a&#8217;r gwrand\u00e4wr. Er enghraifft, mae &#8220;\u0e09\u0e31\u0e19&#8221; (ch\u0103n) yn rhagenw person cyntaf anffurfiol cyffredin, tra bod &#8220;\u0e1c\u0e21&#8221; (p\u014fm) yn cael ei ddefnyddio&#8217;n aml gan ddynion mewn sefyllfaoedd mwy ffurfiol.<\/p>\n\n\n\n<p>I gamgymeriad ar ochr cwrteisi, defnyddiwch &#8220;\u0e04\u0e38\u0e13&#8221; (kun) ar gyfer &#8220;chi&#8221; a &#8220;\u0e40\u0e02\u0e32&#8221; (k\u0103o) ar gyfer &#8220;ef \/ hi \/ nhw.&#8221;<\/p>\n\n\n\n<h3 class=\"wp-block-heading\" id=\"h-3-verbs-no-conjugation-or-tenses-only-particles\">3. Berfau: Dim cyfuniad neu amserau, dim ond gronynnau<\/h3>\n\n\n\n<p>Mewn gramadeg Thai, mae berfau yn aros yn ddigyfnewid waeth beth fo&#8217;u hamser, naws neu bwnc. Yn hytrach, mae Thai yn dibynnu ar eiriau syml a elwir yn ronynnau i nodi amser neu agwedd y frawddeg. Mae&#8217;r gronynnau hyn yn cael eu gosod ar ddiwedd y frawddeg.<\/p>\n\n\n\n<p>Er enghraifft, mae&#8217;r gronyn &#8220;\u0e41\u0e25\u0e49\u0e27&#8221; (l\u00e1ew) yn dynodi amser gorffennol neu weithred wedi&#8217;i gwblhau, a defnyddir &#8220;\u0e01\u0e4d\u0e32\u0e25\u0e31\u0e07&#8221; (gam-lang) ar gyfer gweithredoedd ar y gweill. Felly, mae &#8220;\u0e40\u0e02\u0e32\u0e01\u0e34\u0e19&#8221; (k\u0103o gin) yn golygu &#8220;mae\/hi yn bwyta,&#8221; tra bod &#8220;\u0e40\u0e02\u0e32\u0e01\u0e34\u0e19\u0e41\u0e25\u0e49\u0e27&#8221; (k\u0103o gin l\u00e1ew) yn golygu &#8220;mae&#8217;n bwyta.&#8221;<\/p>\n\n\n\n<h3 class=\"wp-block-heading\" id=\"h-4-sentence-structure-clear-and-straightforward\">4. Strwythur Brawddeg: Clir a Syml<\/h3>\n\n\n\n<p>Mae gramadeg Thai yn dilyn strwythur brawddegau Subject-Verb-Object (SVO), sy&#8217;n symleiddio dealltwriaeth i siaradwyr <a href=\"https:\/\/talkpal.ai\/learn-english-with-ai\/\">Saesneg<\/a>. Y brif reol yw bod ansoddeiriau, adferfau, a geiriau disgrifiadol eraill yn dilyn yr enw neu&#8217;r ferf maen nhw&#8217;n ei ddisgrifio.<\/p>\n\n\n\n<p>Er enghraifft, mae &#8220;\u0e1c\u0e21\u0e0a\u0e2d\u0e1a\u0e2b\u0e19\u0e31\u0e07\u0e2a\u0e37\u0e2d\u0e19\u0e35\u0e49&#8221; (p\u014fm ch\u00e2wp n\u0103ng s\u011bu n\u00e9e) yn cyfieithu i &#8220;I (subject) like (verb) this book (object).&#8221;<\/p>\n\n\n\n<h3 class=\"wp-block-heading\" id=\"h-5-immerse-yourself-in-thai-practice-makes-perfect\">5. Ymgolli Eich Hun yn Thai: Mae Ymarfer yn Gwneud Perffaith<\/h3>\n\n\n\n<p>Gall deall a meistroli gramadeg Thai ymddangos yn heriol i ddechrau, ond yr allwedd yw dyfalbarhad ac ymarfer cyson. Ymgysylltu \u00e2&#8217;ch holl synhwyrau trwy ymgolli yn yr iaith, darllen, ysgrifennu, gwrando, a sgwrsio \u00e2 siaradwyr brodorol. Po fwyaf o amlygiad sydd gennych i ramadeg Thai, y mwyaf y bydd y cysyniadau egsotig hyn yn teimlo&#8217;n gyfarwydd ac yn gyfforddus.<\/p>\n\n\n\n<p>Felly, ydych chi&#8217;n barod i blymio i fyd diddorol gramadeg Thai? Cofleidio&#8217;r her a nodweddion unigryw gramadeg Thai ac, gydag amser, ymroddiad, ac ymdeimlad o antur, gallwch ddatgloi harddwch cyfareddol yr iaith Thai.<\/p>\n<\/div><\/div>\n\r\n<section class=\"learnNavigationSection\">\r\n            \r\n        <a href=\"https:\/\/talkpal.ai\/cy\/dysgu-thai\/\">\r\n            <div class=\"learnNavigationWrapper\">\r\n                <div class=\"learnNavigationContent\">\r\n                    <img decoding=\"async\" src=\"https:\/\/talkpal.ai\/wp-content\/uploads\/2024\/08\/Thai.jpg\" alt=\"Thai Flag\">\r\n                    <div>\r\n                        <h4>Yngl\u0177n \u00e2 Dysgu Thai<\/h4>\r\n                        <p>Darganfyddwch bopeth am ramadeg Thai.<\/p>\r\n                    <\/div>\r\n                <\/div>\r\n            <\/div>\r\n        <\/a>\r\n\r\n        \r\n        <a href=\"https:\/\/talkpal.ai\/cy\/ymarferion-gramadeg-thai\/\">\r\n            <div class=\"learnNavigationWrapper\">\r\n                <div class=\"learnNavigationContent\">\r\n                    <img decoding=\"async\" src=\"https:\/\/talkpal.ai\/wp-content\/uploads\/2024\/08\/Thai.jpg\" alt=\"Thai Flag\">\r\n                    <div>\r\n                        <h4>Ymarfer Gramadeg Thai<\/h4>\r\n                        <p>Ymarfer gramadeg Thai.<\/p>\r\n                    <\/div>\r\n                <\/div>\r\n            <\/div>\r\n        <\/a>\r\n\r\n        \r\n        <a href=\"https:\/\/talkpal.ai\/vocabulary_language\/thai\/\">\r\n            <div class=\"learnNavigationWrapper\">\r\n                <div class=\"learnNavigationContent\">\r\n                    <img decoding=\"async\" src=\"https:\/\/talkpal.ai\/wp-content\/uploads\/2024\/08\/Thai.jpg\" alt=\"Thai Flag\">\r\n                    <div>\r\n                        <h4>Geirfa Siameg<\/h4>\r\n                        <p>Ehangwch eich geirfa Thai.<\/p>\r\n                    <\/div>\r\n                <\/div>\r\n            <\/div>\r\n        <\/a>\r\n\r\n            <\/section>","protected":false},"excerpt":{"rendered":"<p>Gramadeg Thai: Archwilio Byd Ieithyddol Unigryw Gramadeg Thai \u2013 sy&#8217;n ymddangos yn enigmatig, egsotig a hudolus. Wrth i chi gychwyn ar eich taith i ddysgu&#8217;r iaith Thai, efallai y byddwch chi&#8217;n cael eich swyno yn annisgwyl gan ei gramadeg. Peidiwch ag ofni, fy nghyd-fforwyr ieithyddol! Rydym yma i gynnig arweiniad a chefnogaeth ar yr antur [&hellip;]<\/p>\n","protected":false},"author":1,"featured_media":1444908,"parent":0,"menu_order":0,"comment_status":"closed","ping_status":"closed","template":"LearningContentPage.php","meta":{"_acf_changed":false,"footnotes":""},"class_list":["post-1447425","page","type-page","status-publish","has-post-thumbnail","hentry"],"acf":[],"yoast_head":"<!-- This site is optimized with the Yoast SEO Premium plugin v27.2 (Yoast SEO v27.2) - https:\/\/yoast.com\/product\/yoast-seo-premium-wordpress\/ -->\n<title>Gramadeg Thai - Talkpal<\/title>\n<meta name=\"description\" content=\"Archwiliwch fyd diddorol gramadeg Thai. Darganfyddwch ei symlrwydd a&#039;i nodweddion unigryw sy&#039;n gwneud dysgu yn bleserus.\" \/>\n<meta name=\"robots\" content=\"index, follow, max-snippet:-1, max-image-preview:large, max-video-preview:-1\" \/>\n<link rel=\"canonical\" href=\"https:\/\/talkpal.ai\/cy\/gramadeg-thai\/\" \/>\n<meta property=\"og:locale\" content=\"cy_GB\" \/>\n<meta property=\"og:type\" content=\"article\" \/>\n<meta property=\"og:title\" content=\"Gramadeg Thai\" \/>\n<meta property=\"og:description\" content=\"Gramadeg Thai: Archwilio Byd Ieithyddol Unigryw Gramadeg Thai \u2013 sy&#039;n ymddangos yn enigmatig, egsotig a hudolus. Wrth i chi gychwyn ar eich taith i\" \/>\n<meta property=\"og:url\" content=\"https:\/\/talkpal.ai\/cy\/gramadeg-thai\/\" \/>\n<meta property=\"og:site_name\" content=\"Talkpal\" \/>\n<meta property=\"article:publisher\" content=\"https:\/\/www.facebook.com\/profile.php?id=100090733639311\" \/>\n<meta property=\"article:modified_time\" content=\"2025-12-13T15:46:24+00:00\" \/>\n<meta property=\"og:image\" content=\"https:\/\/talkpal.ai\/wp-content\/uploads\/2023\/05\/thailand.png\" \/>\n\t<meta property=\"og:image:width\" content=\"512\" \/>\n\t<meta property=\"og:image:height\" content=\"512\" \/>\n\t<meta property=\"og:image:type\" content=\"image\/png\" \/>\n<meta name=\"twitter:card\" content=\"summary_large_image\" \/>\n<meta name=\"twitter:site\" content=\"@talkpalai\" \/>\n<meta name=\"twitter:label1\" content=\"Est. reading time\" \/>\n\t<meta name=\"twitter:data1\" content=\"3 minutes\" \/>\n<script type=\"application\/ld+json\" class=\"yoast-schema-graph\">{\"@context\":\"https:\/\/schema.org\",\"@graph\":[{\"@type\":\"WebPage\",\"@id\":\"https:\/\/talkpal.ai\/cy\/gramadeg-thai\/\",\"url\":\"https:\/\/talkpal.ai\/cy\/gramadeg-thai\/\",\"name\":\"Gramadeg Thai - Talkpal\",\"isPartOf\":{\"@id\":\"https:\/\/talkpal.ai\/cy\/#website\"},\"primaryImageOfPage\":{\"@id\":\"https:\/\/talkpal.ai\/cy\/gramadeg-thai\/#primaryimage\"},\"image\":{\"@id\":\"https:\/\/talkpal.ai\/cy\/gramadeg-thai\/#primaryimage\"},\"thumbnailUrl\":\"https:\/\/talkpal.ai\/wp-content\/uploads\/2023\/05\/thailand.png\",\"datePublished\":\"2023-05-14T14:24:42+00:00\",\"dateModified\":\"2025-12-13T15:46:24+00:00\",\"description\":\"Archwiliwch fyd diddorol gramadeg Thai. Darganfyddwch ei symlrwydd a'i nodweddion unigryw sy'n gwneud dysgu yn bleserus.\",\"breadcrumb\":{\"@id\":\"https:\/\/talkpal.ai\/cy\/gramadeg-thai\/#breadcrumb\"},\"inLanguage\":\"cy-GB\",\"potentialAction\":[{\"@type\":\"ReadAction\",\"target\":[\"https:\/\/talkpal.ai\/cy\/gramadeg-thai\/\"]}]},{\"@type\":\"ImageObject\",\"inLanguage\":\"cy-GB\",\"@id\":\"https:\/\/talkpal.ai\/cy\/gramadeg-thai\/#primaryimage\",\"url\":\"https:\/\/talkpal.ai\/wp-content\/uploads\/2023\/05\/thailand.png\",\"contentUrl\":\"https:\/\/talkpal.ai\/wp-content\/uploads\/2023\/05\/thailand.png\",\"width\":512,\"height\":512,\"caption\":\"TalkPal Thailand Flag\"},{\"@type\":\"BreadcrumbList\",\"@id\":\"https:\/\/talkpal.ai\/cy\/gramadeg-thai\/#breadcrumb\",\"itemListElement\":[{\"@type\":\"ListItem\",\"position\":1,\"name\":\"Homepage\",\"item\":\"https:\/\/talkpal.ai\/cy\/ai-athro-iaith-3\/\"},{\"@type\":\"ListItem\",\"position\":2,\"name\":\"Gramadeg Thai\"}]},{\"@type\":\"WebSite\",\"@id\":\"https:\/\/talkpal.ai\/cy\/#website\",\"url\":\"https:\/\/talkpal.ai\/cy\/\",\"name\":\"Talkpal\",\"description\":\"AI Language Learning\",\"publisher\":{\"@id\":\"https:\/\/talkpal.ai\/cy\/#organization\"},\"alternateName\":\"Talkpal AI\",\"potentialAction\":[{\"@type\":\"SearchAction\",\"target\":{\"@type\":\"EntryPoint\",\"urlTemplate\":\"https:\/\/talkpal.ai\/cy\/?s={search_term_string}\"},\"query-input\":{\"@type\":\"PropertyValueSpecification\",\"valueRequired\":true,\"valueName\":\"search_term_string\"}}],\"inLanguage\":\"cy-GB\"},{\"@type\":\"Organization\",\"@id\":\"https:\/\/talkpal.ai\/cy\/#organization\",\"name\":\"Talkpal, Inc.\",\"alternateName\":\"Talkpal AI\",\"url\":\"https:\/\/talkpal.ai\/cy\/\",\"logo\":{\"@type\":\"ImageObject\",\"inLanguage\":\"cy-GB\",\"@id\":\"https:\/\/talkpal.ai\/cy\/#\/schema\/logo\/image\/\",\"url\":\"https:\/\/talkpal.ai\/wp-content\/uploads\/2024\/03\/Talkpal-Logo-Icon.png\",\"contentUrl\":\"https:\/\/talkpal.ai\/wp-content\/uploads\/2024\/03\/Talkpal-Logo-Icon.png\",\"width\":2880,\"height\":2880,\"caption\":\"Talkpal, Inc.\"},\"image\":{\"@id\":\"https:\/\/talkpal.ai\/cy\/#\/schema\/logo\/image\/\"},\"sameAs\":[\"https:\/\/www.facebook.com\/profile.php?id=100090733639311\",\"https:\/\/x.com\/talkpalai\",\"https:\/\/www.linkedin.com\/company\/talkpal\/\",\"https:\/\/www.youtube.com\/@TalkPal\/\",\"https:\/\/www.tiktok.com\/@talkpal\",\"https:\/\/www.instagram.com\/talkpal_ai\/\",\"https:\/\/www.crunchbase.com\/organization\/talkpal-9cde\",\"https:\/\/www.g2.com\/products\/talkpal-for-business\/\",\"https:\/\/www.trustpilot.com\/review\/talkpal.ai\",\"https:\/\/www.capterra.com\/p\/10006800\/TalkPal\/\"],\"description\":\"Talkpal is a language learning web and mobile education app, powered by the latest AI technologies, that provides engaging experiences to its customers in many different languages to help them improve their language skills. Users can chat about unlimited amount of topics with the app and use other modes to practice their language learning.\",\"email\":\"support@talkpal.ai\",\"legalName\":\"Talkpal, Inc.\",\"foundingDate\":\"2023-04-03\",\"duns\":\"118989042\",\"numberOfEmployees\":{\"@type\":\"QuantitativeValue\",\"minValue\":\"11\",\"maxValue\":\"50\"},\"publishingPrinciples\":\"https:\/\/talkpal.ai\/publishing-principles\/\",\"actionableFeedbackPolicy\":\"https:\/\/talkpal.ai\/actionable-feedback-policy\/\",\"correctionsPolicy\":\"https:\/\/talkpal.ai\/corrections-policy\/\",\"ethicsPolicy\":\"https:\/\/talkpal.ai\/ethics-policy\/\",\"diversityPolicy\":\"https:\/\/talkpal.ai\/diversity-policy\/\",\"diversityStaffingReport\":\"https:\/\/talkpal.ai\/diversity-policy\/\"}]}<\/script>\n<!-- \/ Yoast SEO Premium plugin. -->","yoast_head_json":{"title":"Gramadeg Thai - Talkpal","description":"Archwiliwch fyd diddorol gramadeg Thai. Darganfyddwch ei symlrwydd a'i nodweddion unigryw sy'n gwneud dysgu yn bleserus.","robots":{"index":"index","follow":"follow","max-snippet":"max-snippet:-1","max-image-preview":"max-image-preview:large","max-video-preview":"max-video-preview:-1"},"canonical":"https:\/\/talkpal.ai\/cy\/gramadeg-thai\/","og_locale":"cy_GB","og_type":"article","og_title":"Gramadeg Thai","og_description":"Gramadeg Thai: Archwilio Byd Ieithyddol Unigryw Gramadeg Thai \u2013 sy'n ymddangos yn enigmatig, egsotig a hudolus. Wrth i chi gychwyn ar eich taith i","og_url":"https:\/\/talkpal.ai\/cy\/gramadeg-thai\/","og_site_name":"Talkpal","article_publisher":"https:\/\/www.facebook.com\/profile.php?id=100090733639311","article_modified_time":"2025-12-13T15:46:24+00:00","og_image":[{"width":512,"height":512,"url":"https:\/\/talkpal.ai\/wp-content\/uploads\/2023\/05\/thailand.png","type":"image\/png"}],"twitter_card":"summary_large_image","twitter_site":"@talkpalai","twitter_misc":{"Est. reading time":"3 minutes"},"schema":{"@context":"https:\/\/schema.org","@graph":[{"@type":"WebPage","@id":"https:\/\/talkpal.ai\/cy\/gramadeg-thai\/","url":"https:\/\/talkpal.ai\/cy\/gramadeg-thai\/","name":"Gramadeg Thai - Talkpal","isPartOf":{"@id":"https:\/\/talkpal.ai\/cy\/#website"},"primaryImageOfPage":{"@id":"https:\/\/talkpal.ai\/cy\/gramadeg-thai\/#primaryimage"},"image":{"@id":"https:\/\/talkpal.ai\/cy\/gramadeg-thai\/#primaryimage"},"thumbnailUrl":"https:\/\/talkpal.ai\/wp-content\/uploads\/2023\/05\/thailand.png","datePublished":"2023-05-14T14:24:42+00:00","dateModified":"2025-12-13T15:46:24+00:00","description":"Archwiliwch fyd diddorol gramadeg Thai. Darganfyddwch ei symlrwydd a'i nodweddion unigryw sy'n gwneud dysgu yn bleserus.","breadcrumb":{"@id":"https:\/\/talkpal.ai\/cy\/gramadeg-thai\/#breadcrumb"},"inLanguage":"cy-GB","potentialAction":[{"@type":"ReadAction","target":["https:\/\/talkpal.ai\/cy\/gramadeg-thai\/"]}]},{"@type":"ImageObject","inLanguage":"cy-GB","@id":"https:\/\/talkpal.ai\/cy\/gramadeg-thai\/#primaryimage","url":"https:\/\/talkpal.ai\/wp-content\/uploads\/2023\/05\/thailand.png","contentUrl":"https:\/\/talkpal.ai\/wp-content\/uploads\/2023\/05\/thailand.png","width":512,"height":512,"caption":"TalkPal Thailand Flag"},{"@type":"BreadcrumbList","@id":"https:\/\/talkpal.ai\/cy\/gramadeg-thai\/#breadcrumb","itemListElement":[{"@type":"ListItem","position":1,"name":"Homepage","item":"https:\/\/talkpal.ai\/cy\/ai-athro-iaith-3\/"},{"@type":"ListItem","position":2,"name":"Gramadeg Thai"}]},{"@type":"WebSite","@id":"https:\/\/talkpal.ai\/cy\/#website","url":"https:\/\/talkpal.ai\/cy\/","name":"Talkpal","description":"AI Language Learning","publisher":{"@id":"https:\/\/talkpal.ai\/cy\/#organization"},"alternateName":"Talkpal AI","potentialAction":[{"@type":"SearchAction","target":{"@type":"EntryPoint","urlTemplate":"https:\/\/talkpal.ai\/cy\/?s={search_term_string}"},"query-input":{"@type":"PropertyValueSpecification","valueRequired":true,"valueName":"search_term_string"}}],"inLanguage":"cy-GB"},{"@type":"Organization","@id":"https:\/\/talkpal.ai\/cy\/#organization","name":"Talkpal, Inc.","alternateName":"Talkpal AI","url":"https:\/\/talkpal.ai\/cy\/","logo":{"@type":"ImageObject","inLanguage":"cy-GB","@id":"https:\/\/talkpal.ai\/cy\/#\/schema\/logo\/image\/","url":"https:\/\/talkpal.ai\/wp-content\/uploads\/2024\/03\/Talkpal-Logo-Icon.png","contentUrl":"https:\/\/talkpal.ai\/wp-content\/uploads\/2024\/03\/Talkpal-Logo-Icon.png","width":2880,"height":2880,"caption":"Talkpal, Inc."},"image":{"@id":"https:\/\/talkpal.ai\/cy\/#\/schema\/logo\/image\/"},"sameAs":["https:\/\/www.facebook.com\/profile.php?id=100090733639311","https:\/\/x.com\/talkpalai","https:\/\/www.linkedin.com\/company\/talkpal\/","https:\/\/www.youtube.com\/@TalkPal\/","https:\/\/www.tiktok.com\/@talkpal","https:\/\/www.instagram.com\/talkpal_ai\/","https:\/\/www.crunchbase.com\/organization\/talkpal-9cde","https:\/\/www.g2.com\/products\/talkpal-for-business\/","https:\/\/www.trustpilot.com\/review\/talkpal.ai","https:\/\/www.capterra.com\/p\/10006800\/TalkPal\/"],"description":"Talkpal is a language learning web and mobile education app, powered by the latest AI technologies, that provides engaging experiences to its customers in many different languages to help them improve their language skills. Users can chat about unlimited amount of topics with the app and use other modes to practice their language learning.","email":"support@talkpal.ai","legalName":"Talkpal, Inc.","foundingDate":"2023-04-03","duns":"118989042","numberOfEmployees":{"@type":"QuantitativeValue","minValue":"11","maxValue":"50"},"publishingPrinciples":"https:\/\/talkpal.ai\/publishing-principles\/","actionableFeedbackPolicy":"https:\/\/talkpal.ai\/actionable-feedback-policy\/","correctionsPolicy":"https:\/\/talkpal.ai\/corrections-policy\/","ethicsPolicy":"https:\/\/talkpal.ai\/ethics-policy\/","diversityPolicy":"https:\/\/talkpal.ai\/diversity-policy\/","diversityStaffingReport":"https:\/\/talkpal.ai\/diversity-policy\/"}]}},"_links":{"self":[{"href":"https:\/\/talkpal.ai\/cy\/wp-json\/wp\/v2\/pages\/1447425","targetHints":{"allow":["GET"]}}],"collection":[{"href":"https:\/\/talkpal.ai\/cy\/wp-json\/wp\/v2\/pages"}],"about":[{"href":"https:\/\/talkpal.ai\/cy\/wp-json\/wp\/v2\/types\/page"}],"author":[{"embeddable":true,"href":"https:\/\/talkpal.ai\/cy\/wp-json\/wp\/v2\/users\/1"}],"replies":[{"embeddable":true,"href":"https:\/\/talkpal.ai\/cy\/wp-json\/wp\/v2\/comments?post=1447425"}],"version-history":[{"count":0,"href":"https:\/\/talkpal.ai\/cy\/wp-json\/wp\/v2\/pages\/1447425\/revisions"}],"wp:featuredmedia":[{"embeddable":true,"href":"https:\/\/talkpal.ai\/cy\/wp-json\/wp\/v2\/media\/1444908"}],"wp:attachment":[{"href":"https:\/\/talkpal.ai\/cy\/wp-json\/wp\/v2\/media?parent=1447425"}],"curies":[{"name":"wp","href":"https:\/\/api.w.org\/{rel}","templated":true}]}}