{"id":1447348,"date":"2023-06-16T09:39:29","date_gmt":"2023-06-16T09:39:29","guid":{"rendered":"https:\/\/talkpal.ai\/ymarferion-gramadeg-tsieineaidd\/"},"modified":"2025-09-06T21:24:35","modified_gmt":"2025-09-06T21:24:35","slug":"ymarferion-gramadeg-tsieineaidd","status":"publish","type":"page","link":"https:\/\/talkpal.ai\/cy\/ymarferion-gramadeg-tsieineaidd\/","title":{"rendered":"Ymarferion Gramadeg Tsieineaidd"},"content":{"rendered":"\r\n\r\n\r\n<section class=\"languageChallengeSection\">\r\n    <div class=\"languageInfoWrapper\">\r\n        \r\n        <h1>Ymarferion Gramadeg Tsieineaidd<\/h1>\r\n        <p>Eisiau rhoi hwb i&#039;ch sgiliau iaith <a href=\"https:\/\/talkpal.ai\/learn-chinese\/\">Tsieineaidd<\/a>? Bydd canolbwyntio ar ymarferion gramadeg yn eich helpu i ddeall strwythur brawddegau, meistroli patrymau hanfodol, ac adeiladu eich hyder mewn sgyrsiau bob dydd. Dechreuwch ymarfer gramadeg Tsiein\u00ebeg heddiw a chymerwch gamau cyson tuag at rhuglder gyda phob ymarfer!<\/p>\r\n\r\n                            <a class=\"getStartedHidden\" href=\"https:\/\/app.talkpal.ai\/signup?lng=\">Dechrau<\/a>\r\n        \r\n    <\/div>\r\n\r\n    <figure>\r\n    <img decoding=\"async\" width=\"768\" height=\"768\" src=\"https:\/\/talkpal.ai\/wp-content\/uploads\/2023\/06\/chinese-768x768.png\" class=\"languageImage no-lazy\" alt=\"Language learning for flexible communication\" fetchpriority=\"high\" sizes=\"(max-width: 768px) 150px, 768px\" srcset=\"https:\/\/talkpal.ai\/wp-content\/uploads\/2023\/06\/chinese-768x768.png 768w, https:\/\/talkpal.ai\/wp-content\/uploads\/2023\/06\/chinese-300x300.png 300w\" \/>\r\n    \r\n\r\n    <\/figure>\r\n\r\n            <a class=\"getStartedVisible\" href=\"https:\/\/app.talkpal.ai\/signup?lng=\">Dechrau<\/a>\r\n    \r\n<\/section>\r\n\r\n\r\n<!-- <section class=\"grammarSection\">\r\n    <div class=\"grammarLinks\">\r\n            <\/div>\r\n<\/section> -->\r\n\r\n\r\n\r\n\r\n<section class=\"promotionalBanner\">\r\n    <p class=\"promotionalText\">Y ffordd fwyaf effeithlon o ddysgu iaith<\/p>\r\n    <a class=\"promotionalLink\" href=\"https:\/\/app.talkpal.ai\/signup?lng=\">Rhowch gynnig ar Talkpal rhad ac am ddim<\/a>\r\n<\/section>\n<div class=\"wp-block-group pageContainerStyle\"><div class=\"wp-block-group__inner-container is-layout-constrained wp-block-group-is-layout-constrained\">\n<h2 class=\"wp-block-heading\" id=\"h-chinese-grammar-topics\">Pynciau Gramadeg Tsieineaidd<\/h2>\n\n\n\n<p>Efallai y bydd gramadeg Tsieineaidd yn ymddangos yn frawychus ar y dechrau, ond mae&#8217;n hanfodol i feistroli&#8217;r iaith. Gyda&#8217;i system gymeriadau unigryw a&#8217;i natur tonal, mae gramadeg Tsieineaidd yn dilyn set wahanol o reolau nag ieithoedd fel <a href=\"https:\/\/talkpal.ai\/learn-english-with-ai\/\">Saesneg<\/a>. Bydd dysgu&#8217;r rheolau hyn yn y dilyniant cywir yn eich helpu i symud ymlaen yn fwy effeithiol yn eich astudiaethau iaith. Trafodir y pynciau canlynol yn y drefn ddysgu a argymhellir: Amserau, Berfau, Enwau, Erthyglau, Rhagenwau, Ansoddeiriau, Adferfau, Arddodiaid, a Strwythur Brawddegau. Bydd y canllaw hwn yn darparu esboniadau byr o bob pwnc i&#8217;ch helpu i ddeall eu swyddogaethau yn yr iaith Tsieineaidd yn well.<\/p>\n\n\n\n<h3 class=\"wp-block-heading\" id=\"h-1-tenses\">1. Amserau:<\/h3>\n\n\n\n<p>Yn wahanol i&#8217;r Saesneg, nid oes gan Tsiein\u00ebeg gyfuniadau berfau cymhleth i nodi&#8217;r amser. Yn hytrach, mae&#8217;n defnyddio geiriau neu ronynnau amser i ddangos pryd mae gweithred yn digwydd. <a href=\"https:\/\/talkpal.ai\/culture\/how-do-i-use-er-mwyn-correctly\/\">Er mwyn<\/a> mynegi gweithredoedd yn y gorffennol, presennol neu yn y dyfodol, dylech ymgyfarwyddo \u00e2 geiriau amser cyffredin fel &#8220;ddoe,&#8221; &#8220;heddiw,&#8221; a &#8220;yfory.&#8221;<\/p>\n\n\n\n<h3 class=\"wp-block-heading\" id=\"h-2-verbs\">2. Berfau:<\/h3>\n\n\n\n<p>Unwaith y byddwch chi&#8217;n deall amserau, mae&#8217;n hanfodol dysgu&#8217;r berfau sylfaenol yn Tsiein\u00ebeg. Mae berfau yn hanfodol wrth iddynt fynegi gweithredoedd a chyflyrau, ac maent yn aml yn aros yn ddigyfnewid mewn gwahanol amserau. Canolbwyntiwch ar ddysgu&#8217;r berfau mwyaf cyffredin a&#8217;u defnydd priodol.<\/p>\n\n\n\n<h3 class=\"wp-block-heading\" id=\"h-3-nouns\">3. Enwau:<\/h3>\n\n\n\n<p>Enwau yw blociau adeiladu iaith, sy&#8217;n cynrychioli pobl, lleoedd, pethau neu syniadau. Yn Tsieineaidd, mae enwau yn gyffredinol syml, a gallwch ddechrau trwy ddysgu&#8217;r rhai mwyaf cyffredin a defnyddiol i ehangu eich geirfa.<\/p>\n\n\n\n<h3 class=\"wp-block-heading\" id=\"h-4-articles\">4. Erthyglau:<\/h3>\n\n\n\n<p>Nid oes gan Tsiein\u00ebeg erthyglau fel &#8220;a&#8221; neu &#8220;the&#8221; yn Saesneg. Fodd bynnag, mae geiriau mesur sy&#8217;n cyd-fynd ag enwau i nodi maint. Mae&#8217;r geiriau mesur hyn yn hanfodol wrth drafod symiau neu nifer eitemau penodol.<\/p>\n\n\n\n<h3 class=\"wp-block-heading\" id=\"h-5-pronouns\">5. Rhagenwau:<\/h3>\n\n\n\n<p>Defnyddir rhagenwau i ddisodli enwau mewn brawddeg ac maent yn hanfodol <a href=\"https:\/\/talkpal.ai\/culture\/how-do-i-use-er-mwyn-correctly\/\">er mwyn<\/a> osgoi ailadrodd. Yn Tsieineaidd, mae rhagenwau&#8217;n newid yn seiliedig ar eu swyddogaeth o fewn brawddeg, fel pwnc, gwrthrych, neu feddiannol. Dysgwch y gwahanol ragenwau a&#8217;u defnydd priodol i wella adeiladwaith eich brawddegau.<\/p>\n\n\n\n<h3 class=\"wp-block-heading\" id=\"h-6-adjectives\">6. Ansoddeiriau:<\/h3>\n\n\n\n<p>Defnyddir ansoddeiriau i ddisgrifio neu addasu enwau, ac maent yn chwarae rhan bwysig wrth wneud eich brawddegau yn fwy mynegiannol a diddorol. Dysgwch yr ansoddeiriau mwyaf cyffredin a&#8217;u lleoliad mewn perthynas \u00e2&#8217;r enw o fewn brawddeg.<\/p>\n\n\n\n<h3 class=\"wp-block-heading\" id=\"h-7-adverbs\">7. Adferfau:<\/h3>\n\n\n\n<p>Mae adferfau yn hanfodol ar gyfer darparu gwybodaeth ychwanegol am ferfau, ansoddeiriau, neu adferfau eraill. Gallant ddisgrifio sut, pryd, neu ble mae gweithred yn digwydd. Ymgyfarwyddwch \u00e2&#8217;r adferfau cyffredin a&#8217;u defnydd i wella&#8217;ch galluoedd disgrifiadol.<\/p>\n\n\n\n<h3 class=\"wp-block-heading\" id=\"h-8-prepositions\">8. Arddodiadau:<\/h3>\n\n\n\n<p>Defnyddir arddodiaid i nodi&#8217;r berthynas rhwng enwau neu ragenwau o fewn brawddeg. Maent yn aml yn mynegi perthnasoedd gofodol neu amserol, fel &#8220;mewn,&#8221; &#8220;ymlaen,&#8221; neu &#8220;at.&#8221; Bydd dysgu&#8217;r arddodiaid mwyaf cyffredin a&#8217;u defnydd cywir yn gwella strwythur eich brawddeg yn fawr.<\/p>\n\n\n\n<h3 class=\"wp-block-heading\" id=\"h-9-sentence-structure\">9. Strwythur Brawddeg:<\/h3>\n\n\n\n<p>Yn olaf, deall strwythur brawddegau Tsieineaidd yw&#8217;r allwedd i ffurfio brawddegau cydlynol a gramadegol gywir. Mae Tsiein\u00ebeg yn dilyn strwythur pwnc-berf-gwrthrych (SVO), yn debyg i&#8217;r Saesneg. Fodd bynnag, mae gwahaniaethau yn nhrefn geiriau a lleoliad gwahanol elfennau gramadeg. Dysgwch y patrymau brawddegau sylfaenol ac ymarferwch adeiladu brawddegau gyda&#8217;r elfennau rydych chi wedi&#8217;u dysgu, megis amserau, berfau, enwau, rhagenwau, ansoddeiriau, adferfau, ac arddodiadau.<\/p>\n\n\n\n<p>Trwy ddilyn y dilyniant hwn a chanolbwyntio ar bob pwnc, byddwch yn datblygu sylfaen gref mewn gramadeg Tsieineaidd ac yn dda ar eich ffordd i rhuglder yn yr iaith.<\/p>\n<\/div><\/div>\n\r\n<section class=\"learnNavigationSection\">\r\n            \r\n        <a href=\"https:\/\/talkpal.ai\/cy\/dysgu-tsieineeg\/\">\r\n            <div class=\"learnNavigationWrapper\">\r\n                <div class=\"learnNavigationContent\">\r\n                    <img decoding=\"async\" src=\"https:\/\/talkpal.ai\/wp-content\/uploads\/2024\/08\/Chinese.jpg\" alt=\"Chinese Flag\u00a0\">\r\n                    <div>\r\n                        <h4>Yngl\u0177n \u00e2 Dysgu Tsiein\u00ebeg<\/h4>\r\n                        <p>Darganfyddwch bopeth am ramadeg Tsieineaidd.<\/p>\r\n                    <\/div>\r\n                <\/div>\r\n            <\/div>\r\n        <\/a>\r\n\r\n        \r\n        <a href=\"https:\/\/talkpal.ai\/cy\/gramadeg-tsieineeg\/\">\r\n            <div class=\"learnNavigationWrapper\">\r\n                <div class=\"learnNavigationContent\">\r\n                    <img decoding=\"async\" src=\"https:\/\/talkpal.ai\/wp-content\/uploads\/2024\/08\/Chinese.jpg\" alt=\"Chinese Flag\u00a0\">\r\n                    <div>\r\n                        <h4>Gwersi Gramadeg Tsiein\u00ebeg<\/h4>\r\n                        <p>Ymarfer gramadeg Tsieineaidd.<\/p>\r\n                    <\/div>\r\n                <\/div>\r\n            <\/div>\r\n        <\/a>\r\n\r\n        \r\n        <a href=\"https:\/\/talkpal.ai\/vocabulary_language\/chinese\/\">\r\n            <div class=\"learnNavigationWrapper\">\r\n                <div class=\"learnNavigationContent\">\r\n                    <img decoding=\"async\" src=\"https:\/\/talkpal.ai\/wp-content\/uploads\/2024\/08\/Chinese.jpg\" alt=\"Chinese Flag\u00a0\">\r\n                    <div>\r\n                        <h4>Geirfa Tsiein\u00ebeg<\/h4>\r\n                        <p>Ehangwch eich geirfa Tsieineaidd.<\/p>\r\n                    <\/div>\r\n                <\/div>\r\n            <\/div>\r\n        <\/a>\r\n\r\n            <\/section>","protected":false},"excerpt":{"rendered":"<p>Pynciau Gramadeg Tsieineaidd Efallai y bydd gramadeg Tsieineaidd yn ymddangos yn frawychus ar y dechrau, ond mae&#8217;n hanfodol i feistroli&#8217;r iaith. Gyda&#8217;i system gymeriadau unigryw a&#8217;i natur tonal, mae gramadeg Tsieineaidd yn dilyn set wahanol o reolau nag ieithoedd fel Saesneg. Bydd dysgu&#8217;r rheolau hyn yn y dilyniant cywir yn eich helpu i symud ymlaen [&hellip;]<\/p>\n","protected":false},"author":6,"featured_media":1440944,"parent":0,"menu_order":0,"comment_status":"closed","ping_status":"closed","template":"LearningContentPage.php","meta":{"_acf_changed":false,"footnotes":""},"class_list":["post-1447348","page","type-page","status-publish","has-post-thumbnail","hentry"],"acf":[],"yoast_head":"<!-- This site is optimized with the Yoast SEO Premium plugin v27.2 (Yoast SEO v27.2) - https:\/\/yoast.com\/product\/yoast-seo-premium-wordpress\/ -->\n<title>Ymarferion Gramadeg Tsieineaidd - Talkpal<\/title>\n<meta name=\"description\" content=\"Meistr gramadeg Tsieineaidd gyda&#039;n canllaw cynhwysfawr sy&#039;n cwmpasu amserau, berfau, a mwy i wella eich sgiliau iaith.\" \/>\n<meta name=\"robots\" content=\"index, follow, max-snippet:-1, max-image-preview:large, max-video-preview:-1\" \/>\n<link rel=\"canonical\" href=\"https:\/\/talkpal.ai\/cy\/ymarferion-gramadeg-tsieineaidd\/\" \/>\n<meta property=\"og:locale\" content=\"cy_GB\" \/>\n<meta property=\"og:type\" content=\"article\" \/>\n<meta property=\"og:title\" content=\"Ymarferion Gramadeg Tsieineaidd\" \/>\n<meta property=\"og:description\" content=\"Pynciau Gramadeg Tsieineaidd Efallai y bydd gramadeg Tsieineaidd yn ymddangos yn frawychus ar y dechrau, ond mae&#039;n hanfodol i feistroli&#039;r iaith. Gyda&#039;i\" \/>\n<meta property=\"og:url\" content=\"https:\/\/talkpal.ai\/cy\/ymarferion-gramadeg-tsieineaidd\/\" \/>\n<meta property=\"og:site_name\" content=\"Talkpal\" \/>\n<meta property=\"article:publisher\" content=\"https:\/\/www.facebook.com\/profile.php?id=100090733639311\" \/>\n<meta property=\"article:modified_time\" content=\"2025-09-06T21:24:35+00:00\" \/>\n<meta property=\"og:image\" content=\"https:\/\/talkpal.ai\/wp-content\/uploads\/2023\/04\/china.png\" \/>\n\t<meta property=\"og:image:width\" content=\"512\" \/>\n\t<meta property=\"og:image:height\" content=\"512\" \/>\n\t<meta property=\"og:image:type\" content=\"image\/png\" \/>\n<meta name=\"twitter:card\" content=\"summary_large_image\" \/>\n<meta name=\"twitter:site\" content=\"@talkpalai\" \/>\n<meta name=\"twitter:label1\" content=\"Est. reading time\" \/>\n\t<meta name=\"twitter:data1\" content=\"3 minutes\" \/>\n<script type=\"application\/ld+json\" class=\"yoast-schema-graph\">{\"@context\":\"https:\/\/schema.org\",\"@graph\":[{\"@type\":\"WebPage\",\"@id\":\"https:\/\/talkpal.ai\/cy\/ymarferion-gramadeg-tsieineaidd\/\",\"url\":\"https:\/\/talkpal.ai\/cy\/ymarferion-gramadeg-tsieineaidd\/\",\"name\":\"Ymarferion Gramadeg Tsieineaidd - Talkpal\",\"isPartOf\":{\"@id\":\"https:\/\/talkpal.ai\/cy\/#website\"},\"primaryImageOfPage\":{\"@id\":\"https:\/\/talkpal.ai\/cy\/ymarferion-gramadeg-tsieineaidd\/#primaryimage\"},\"image\":{\"@id\":\"https:\/\/talkpal.ai\/cy\/ymarferion-gramadeg-tsieineaidd\/#primaryimage\"},\"thumbnailUrl\":\"https:\/\/talkpal.ai\/wp-content\/uploads\/2023\/04\/china.png\",\"datePublished\":\"2023-06-16T09:39:29+00:00\",\"dateModified\":\"2025-09-06T21:24:35+00:00\",\"description\":\"Meistr gramadeg Tsieineaidd gyda'n canllaw cynhwysfawr sy'n cwmpasu amserau, berfau, a mwy i wella eich sgiliau iaith.\",\"breadcrumb\":{\"@id\":\"https:\/\/talkpal.ai\/cy\/ymarferion-gramadeg-tsieineaidd\/#breadcrumb\"},\"inLanguage\":\"cy-GB\",\"potentialAction\":[{\"@type\":\"ReadAction\",\"target\":[\"https:\/\/talkpal.ai\/cy\/ymarferion-gramadeg-tsieineaidd\/\"]}]},{\"@type\":\"ImageObject\",\"inLanguage\":\"cy-GB\",\"@id\":\"https:\/\/talkpal.ai\/cy\/ymarferion-gramadeg-tsieineaidd\/#primaryimage\",\"url\":\"https:\/\/talkpal.ai\/wp-content\/uploads\/2023\/04\/china.png\",\"contentUrl\":\"https:\/\/talkpal.ai\/wp-content\/uploads\/2023\/04\/china.png\",\"width\":512,\"height\":512,\"caption\":\"TalkPal Catalan Flag\"},{\"@type\":\"BreadcrumbList\",\"@id\":\"https:\/\/talkpal.ai\/cy\/ymarferion-gramadeg-tsieineaidd\/#breadcrumb\",\"itemListElement\":[{\"@type\":\"ListItem\",\"position\":1,\"name\":\"Homepage\",\"item\":\"https:\/\/talkpal.ai\/cy\/ai-athro-iaith-3\/\"},{\"@type\":\"ListItem\",\"position\":2,\"name\":\"Ymarferion Gramadeg Tsieineaidd\"}]},{\"@type\":\"WebSite\",\"@id\":\"https:\/\/talkpal.ai\/cy\/#website\",\"url\":\"https:\/\/talkpal.ai\/cy\/\",\"name\":\"Talkpal\",\"description\":\"AI Language Learning\",\"publisher\":{\"@id\":\"https:\/\/talkpal.ai\/cy\/#organization\"},\"alternateName\":\"Talkpal AI\",\"potentialAction\":[{\"@type\":\"SearchAction\",\"target\":{\"@type\":\"EntryPoint\",\"urlTemplate\":\"https:\/\/talkpal.ai\/cy\/?s={search_term_string}\"},\"query-input\":{\"@type\":\"PropertyValueSpecification\",\"valueRequired\":true,\"valueName\":\"search_term_string\"}}],\"inLanguage\":\"cy-GB\"},{\"@type\":\"Organization\",\"@id\":\"https:\/\/talkpal.ai\/cy\/#organization\",\"name\":\"Talkpal, Inc.\",\"alternateName\":\"Talkpal AI\",\"url\":\"https:\/\/talkpal.ai\/cy\/\",\"logo\":{\"@type\":\"ImageObject\",\"inLanguage\":\"cy-GB\",\"@id\":\"https:\/\/talkpal.ai\/cy\/#\/schema\/logo\/image\/\",\"url\":\"https:\/\/talkpal.ai\/wp-content\/uploads\/2024\/03\/Talkpal-Logo-Icon.png\",\"contentUrl\":\"https:\/\/talkpal.ai\/wp-content\/uploads\/2024\/03\/Talkpal-Logo-Icon.png\",\"width\":2880,\"height\":2880,\"caption\":\"Talkpal, Inc.\"},\"image\":{\"@id\":\"https:\/\/talkpal.ai\/cy\/#\/schema\/logo\/image\/\"},\"sameAs\":[\"https:\/\/www.facebook.com\/profile.php?id=100090733639311\",\"https:\/\/x.com\/talkpalai\",\"https:\/\/www.linkedin.com\/company\/talkpal\/\",\"https:\/\/www.youtube.com\/@TalkPal\/\",\"https:\/\/www.tiktok.com\/@talkpal\",\"https:\/\/www.instagram.com\/talkpal_ai\/\",\"https:\/\/www.crunchbase.com\/organization\/talkpal-9cde\",\"https:\/\/www.g2.com\/products\/talkpal-for-business\/\",\"https:\/\/www.trustpilot.com\/review\/talkpal.ai\",\"https:\/\/www.capterra.com\/p\/10006800\/TalkPal\/\"],\"description\":\"Talkpal is a language learning web and mobile education app, powered by the latest AI technologies, that provides engaging experiences to its customers in many different languages to help them improve their language skills. Users can chat about unlimited amount of topics with the app and use other modes to practice their language learning.\",\"email\":\"support@talkpal.ai\",\"legalName\":\"Talkpal, Inc.\",\"foundingDate\":\"2023-04-03\",\"duns\":\"118989042\",\"numberOfEmployees\":{\"@type\":\"QuantitativeValue\",\"minValue\":\"11\",\"maxValue\":\"50\"},\"publishingPrinciples\":\"https:\/\/talkpal.ai\/publishing-principles\/\",\"actionableFeedbackPolicy\":\"https:\/\/talkpal.ai\/actionable-feedback-policy\/\",\"correctionsPolicy\":\"https:\/\/talkpal.ai\/corrections-policy\/\",\"ethicsPolicy\":\"https:\/\/talkpal.ai\/ethics-policy\/\",\"diversityPolicy\":\"https:\/\/talkpal.ai\/diversity-policy\/\",\"diversityStaffingReport\":\"https:\/\/talkpal.ai\/diversity-policy\/\"}]}<\/script>\n<!-- \/ Yoast SEO Premium plugin. -->","yoast_head_json":{"title":"Ymarferion Gramadeg Tsieineaidd - Talkpal","description":"Meistr gramadeg Tsieineaidd gyda'n canllaw cynhwysfawr sy'n cwmpasu amserau, berfau, a mwy i wella eich sgiliau iaith.","robots":{"index":"index","follow":"follow","max-snippet":"max-snippet:-1","max-image-preview":"max-image-preview:large","max-video-preview":"max-video-preview:-1"},"canonical":"https:\/\/talkpal.ai\/cy\/ymarferion-gramadeg-tsieineaidd\/","og_locale":"cy_GB","og_type":"article","og_title":"Ymarferion Gramadeg Tsieineaidd","og_description":"Pynciau Gramadeg Tsieineaidd Efallai y bydd gramadeg Tsieineaidd yn ymddangos yn frawychus ar y dechrau, ond mae'n hanfodol i feistroli'r iaith. Gyda'i","og_url":"https:\/\/talkpal.ai\/cy\/ymarferion-gramadeg-tsieineaidd\/","og_site_name":"Talkpal","article_publisher":"https:\/\/www.facebook.com\/profile.php?id=100090733639311","article_modified_time":"2025-09-06T21:24:35+00:00","og_image":[{"width":512,"height":512,"url":"https:\/\/talkpal.ai\/wp-content\/uploads\/2023\/04\/china.png","type":"image\/png"}],"twitter_card":"summary_large_image","twitter_site":"@talkpalai","twitter_misc":{"Est. reading time":"3 minutes"},"schema":{"@context":"https:\/\/schema.org","@graph":[{"@type":"WebPage","@id":"https:\/\/talkpal.ai\/cy\/ymarferion-gramadeg-tsieineaidd\/","url":"https:\/\/talkpal.ai\/cy\/ymarferion-gramadeg-tsieineaidd\/","name":"Ymarferion Gramadeg Tsieineaidd - Talkpal","isPartOf":{"@id":"https:\/\/talkpal.ai\/cy\/#website"},"primaryImageOfPage":{"@id":"https:\/\/talkpal.ai\/cy\/ymarferion-gramadeg-tsieineaidd\/#primaryimage"},"image":{"@id":"https:\/\/talkpal.ai\/cy\/ymarferion-gramadeg-tsieineaidd\/#primaryimage"},"thumbnailUrl":"https:\/\/talkpal.ai\/wp-content\/uploads\/2023\/04\/china.png","datePublished":"2023-06-16T09:39:29+00:00","dateModified":"2025-09-06T21:24:35+00:00","description":"Meistr gramadeg Tsieineaidd gyda'n canllaw cynhwysfawr sy'n cwmpasu amserau, berfau, a mwy i wella eich sgiliau iaith.","breadcrumb":{"@id":"https:\/\/talkpal.ai\/cy\/ymarferion-gramadeg-tsieineaidd\/#breadcrumb"},"inLanguage":"cy-GB","potentialAction":[{"@type":"ReadAction","target":["https:\/\/talkpal.ai\/cy\/ymarferion-gramadeg-tsieineaidd\/"]}]},{"@type":"ImageObject","inLanguage":"cy-GB","@id":"https:\/\/talkpal.ai\/cy\/ymarferion-gramadeg-tsieineaidd\/#primaryimage","url":"https:\/\/talkpal.ai\/wp-content\/uploads\/2023\/04\/china.png","contentUrl":"https:\/\/talkpal.ai\/wp-content\/uploads\/2023\/04\/china.png","width":512,"height":512,"caption":"TalkPal Catalan Flag"},{"@type":"BreadcrumbList","@id":"https:\/\/talkpal.ai\/cy\/ymarferion-gramadeg-tsieineaidd\/#breadcrumb","itemListElement":[{"@type":"ListItem","position":1,"name":"Homepage","item":"https:\/\/talkpal.ai\/cy\/ai-athro-iaith-3\/"},{"@type":"ListItem","position":2,"name":"Ymarferion Gramadeg Tsieineaidd"}]},{"@type":"WebSite","@id":"https:\/\/talkpal.ai\/cy\/#website","url":"https:\/\/talkpal.ai\/cy\/","name":"Talkpal","description":"AI Language Learning","publisher":{"@id":"https:\/\/talkpal.ai\/cy\/#organization"},"alternateName":"Talkpal AI","potentialAction":[{"@type":"SearchAction","target":{"@type":"EntryPoint","urlTemplate":"https:\/\/talkpal.ai\/cy\/?s={search_term_string}"},"query-input":{"@type":"PropertyValueSpecification","valueRequired":true,"valueName":"search_term_string"}}],"inLanguage":"cy-GB"},{"@type":"Organization","@id":"https:\/\/talkpal.ai\/cy\/#organization","name":"Talkpal, Inc.","alternateName":"Talkpal AI","url":"https:\/\/talkpal.ai\/cy\/","logo":{"@type":"ImageObject","inLanguage":"cy-GB","@id":"https:\/\/talkpal.ai\/cy\/#\/schema\/logo\/image\/","url":"https:\/\/talkpal.ai\/wp-content\/uploads\/2024\/03\/Talkpal-Logo-Icon.png","contentUrl":"https:\/\/talkpal.ai\/wp-content\/uploads\/2024\/03\/Talkpal-Logo-Icon.png","width":2880,"height":2880,"caption":"Talkpal, Inc."},"image":{"@id":"https:\/\/talkpal.ai\/cy\/#\/schema\/logo\/image\/"},"sameAs":["https:\/\/www.facebook.com\/profile.php?id=100090733639311","https:\/\/x.com\/talkpalai","https:\/\/www.linkedin.com\/company\/talkpal\/","https:\/\/www.youtube.com\/@TalkPal\/","https:\/\/www.tiktok.com\/@talkpal","https:\/\/www.instagram.com\/talkpal_ai\/","https:\/\/www.crunchbase.com\/organization\/talkpal-9cde","https:\/\/www.g2.com\/products\/talkpal-for-business\/","https:\/\/www.trustpilot.com\/review\/talkpal.ai","https:\/\/www.capterra.com\/p\/10006800\/TalkPal\/"],"description":"Talkpal is a language learning web and mobile education app, powered by the latest AI technologies, that provides engaging experiences to its customers in many different languages to help them improve their language skills. Users can chat about unlimited amount of topics with the app and use other modes to practice their language learning.","email":"support@talkpal.ai","legalName":"Talkpal, Inc.","foundingDate":"2023-04-03","duns":"118989042","numberOfEmployees":{"@type":"QuantitativeValue","minValue":"11","maxValue":"50"},"publishingPrinciples":"https:\/\/talkpal.ai\/publishing-principles\/","actionableFeedbackPolicy":"https:\/\/talkpal.ai\/actionable-feedback-policy\/","correctionsPolicy":"https:\/\/talkpal.ai\/corrections-policy\/","ethicsPolicy":"https:\/\/talkpal.ai\/ethics-policy\/","diversityPolicy":"https:\/\/talkpal.ai\/diversity-policy\/","diversityStaffingReport":"https:\/\/talkpal.ai\/diversity-policy\/"}]}},"_links":{"self":[{"href":"https:\/\/talkpal.ai\/cy\/wp-json\/wp\/v2\/pages\/1447348","targetHints":{"allow":["GET"]}}],"collection":[{"href":"https:\/\/talkpal.ai\/cy\/wp-json\/wp\/v2\/pages"}],"about":[{"href":"https:\/\/talkpal.ai\/cy\/wp-json\/wp\/v2\/types\/page"}],"author":[{"embeddable":true,"href":"https:\/\/talkpal.ai\/cy\/wp-json\/wp\/v2\/users\/6"}],"replies":[{"embeddable":true,"href":"https:\/\/talkpal.ai\/cy\/wp-json\/wp\/v2\/comments?post=1447348"}],"version-history":[{"count":0,"href":"https:\/\/talkpal.ai\/cy\/wp-json\/wp\/v2\/pages\/1447348\/revisions"}],"wp:featuredmedia":[{"embeddable":true,"href":"https:\/\/talkpal.ai\/cy\/wp-json\/wp\/v2\/media\/1440944"}],"wp:attachment":[{"href":"https:\/\/talkpal.ai\/cy\/wp-json\/wp\/v2\/media?parent=1447348"}],"curies":[{"name":"wp","href":"https:\/\/api.w.org\/{rel}","templated":true}]}}