{"id":1445982,"date":"2023-05-14T14:19:49","date_gmt":"2023-05-14T14:19:49","guid":{"rendered":"https:\/\/talkpal.ai\/gramadeg-slofaceg\/"},"modified":"2025-12-12T11:09:28","modified_gmt":"2025-12-12T11:09:28","slug":"gramadeg-slofaceg","status":"publish","type":"page","link":"https:\/\/talkpal.ai\/cy\/gramadeg-slofaceg\/","title":{"rendered":"Gramadeg Slofaceg"},"content":{"rendered":"\r\n\r\n\r\n<section class=\"languageChallengeSection\">\r\n    <div class=\"languageInfoWrapper\">\r\n        \r\n        <h1>Gramadeg Slofaceg<\/h1>\r\n        <p>Datgloi harddwch yr iaith Slofacia trwy ddysgu ei rheolau gramadeg sylfaenol. Bydd deall gramadeg Slofacia yn eich helpu i gyfathrebu yn hyderus a chysylltu&#039;n ddyfnach \u00e2 thraddodiadau cyfoethog Slofacia. Dechreuwch eich taith heddiw a chymryd y cam cyntaf tuag at feistroli <a href=\"https:\/\/talkpal.ai\/learn-slovak\/\">Slofaceg<\/a>!\n\n<\/p>\r\n\r\n                            <a class=\"getStartedHidden\" href=\"https:\/\/app.talkpal.ai\/signup?lng=\">Dechrau<\/a>\r\n        \r\n    <\/div>\r\n\r\n    <figure>\r\n    <img decoding=\"async\" width=\"768\" height=\"768\" src=\"https:\/\/talkpal.ai\/wp-content\/uploads\/2023\/06\/slovak-768x768.png\" class=\"languageImage no-lazy\" alt=\"Language learning for cross-cultural competence\" fetchpriority=\"high\" sizes=\"(max-width: 768px) 150px, 768px\" srcset=\"https:\/\/talkpal.ai\/wp-content\/uploads\/2023\/06\/slovak-768x768.png 768w, https:\/\/talkpal.ai\/wp-content\/uploads\/2023\/06\/slovak-300x300.png 300w\" \/>\r\n    \r\n\r\n    <\/figure>\r\n\r\n            <a class=\"getStartedVisible\" href=\"https:\/\/app.talkpal.ai\/signup?lng=\">Dechrau<\/a>\r\n    \r\n<\/section>\r\n<section class=\"promotionalBanner\">\r\n    <p class=\"promotionalText\">Y ffordd fwyaf effeithlon o ddysgu iaith<\/p>\r\n    <a class=\"promotionalLink\" href=\"https:\/\/app.talkpal.ai\/signup?lng=\">Rhowch gynnig ar Talkpal am ddim<\/a>\r\n<\/section>\n<div class=\"wp-block-group pageContainerStyle\"><div class=\"wp-block-group__inner-container is-layout-constrained wp-block-group-is-layout-constrained\">\n<h2 class=\"wp-block-heading\" id=\"h-slovak-grammar-the-key-to-unlocking-a-beautiful-language\">Gramadeg Slofaceg: Yr Allwedd i Ddatgloi Iaith Hardd<\/h2>\n\n\n\n<p>Ydych chi&#8217;n bwriadu <a href=\"https:\/\/talkpal.ai\/learn-slovak\/\">dysgu Slofaceg<\/a> neu ddim ond yn chwilfrydig am ei gramadeg unigryw? Rydych chi yn y lle iawn! Efallai y bydd gramadeg Slofacia yn ymddangos yn frawychus ar yr olwg gyntaf, ond peidiwch \u00e2 phoeni &#8211; mae&#8217;n eithaf rhesymegol a rheoladwy mewn gwirionedd. Yn yr erthygl hon, byddwn yn archwilio ins and outs gramadeg Slofacia i&#8217;ch helpu i ddeall a gwerthfawrogi ei harddwch yn well.<\/p>\n\n\n\n<p>Yn gyntaf, gadewch i ni ddechrau gydag ychydig o gefndir. Slofaceg yn iaith Orllewinol Slafeg a siaredir yn bennaf yn Slofacia, ond gallwch ddod o hyd i siaradwyr yn y gwledydd cyfagos hefyd. Fel iaith Slafeg, mae&#8217;n rhannu llawer o debygrwydd ag ieithoedd eraill yn y rhanbarth, fel <a href=\"https:\/\/talkpal.ai\/learn-czech\/\">Tsieceg<\/a> a <a href=\"https:\/\/talkpal.ai\/learn-polish\/\">Pwyleg<\/a>. Fodd bynnag, mae ganddo ei reolau gramadeg a phatrymau defnydd gwahanol ei hun sy&#8217;n ei osod ar wah\u00e2n.<\/p>\n\n\n\n<p>Nawr, gadewch i ni blymio i mewn i rai o&#8217;r agweddau pwysicaf ar ramadeg Slofaceg.<\/p>\n\n\n\n<h3 class=\"wp-block-heading\" id=\"h-1-nouns-and-their-cases\">1. Enwau a&#8217;u hachosion<\/h3>\n\n\n\n<p>Un o nodweddion mwyaf trawiadol gramadeg Slofacia yw ei system achos gymhleth. Os ydych chi&#8217;n gyfarwydd ag Almaeneg neu Rwseg, byddwch chi&#8217;n gwybod beth rydyn ni&#8217;n siarad amdano: Mae enwau Slofaceg yn newid eu ffurf yn dibynnu ar eu swyddogaeth mewn brawddeg. Gyda saith achos (enwadol, genitive, dative, accusative, locative, instrumental, and vocative), gallai hyn ymddangos yn llethol ar y dechrau, ond peidiwch \u00e2 rhoi&#8217;r gorau iddi! Unwaith y byddwch wedi cael y hang ohono, mae&#8217;n anhygoel o resymegol a hyd yn oed yn hwyl.<\/p>\n\n\n\n<p>Cymerwch yr enw &#8220;chlapec&#8221; (bachgen) fel enghraifft. Gall newid i &#8220;chlapca,&#8221; &#8220;chlapcovi,&#8221; &#8220;chlapcom,&#8221; ac yn y blaen, yn dibynnu ar a yw&#8217;n bwnc, gwrthrych, neu dderbynnydd gweithred. Mae&#8217;r terfyniadau yn dibynnu ar ryw yr enw (gwrywaidd, benywaidd, neu neuter) hefyd, gan roi hyd yn oed mwy o amrywiaeth i&#8217;r iaith.<\/p>\n\n\n\n<h3 class=\"wp-block-heading\" id=\"h-2-verb-conjugation-and-tenses\">2. Cyfuniad berfau ac amserau<\/h3>\n\n\n\n<p>Mae berfau Slofacia yn newid eu terfyniadau yn seiliedig ar berson a rhif (unigol neu luosog) y pwnc. Er enghraifft, gall y ferf &#8220;vidie\u0165&#8221; (gweld) ddod yn &#8220;vid\u00edm&#8221; (rwy&#8217;n gweld), &#8220;vid\u00ed\u0161&#8221; (rydych chi&#8217;n gweld), &#8220;vidia&#8221; (maen nhw&#8217;n gweld), ac eraill.<\/p>\n\n\n\n<p>Mae gan Slofaceg dri phrif amser: gorffennol, presennol a dyfodol. Y peth diddorol yw, yn wahanol i&#8217;r <a href=\"https:\/\/talkpal.ai\/learn-english-with-ai\/\">Saesneg<\/a>, nad yw Slofacia fel arfer yn defnyddio berfau ategol i ffurfio&#8217;r amserau hyn. Yn hytrach, maent yn cael eu ffurfio trwy newid terfyniadau y ferfau. Er enghraifft, &#8220;I see&#8221; yw &#8220;vid\u00edm,&#8221; &#8220;I see&#8221; yw &#8220;videl som,&#8221; a &#8220;I will see&#8221; yw &#8220;uvid\u00edm.&#8221;<\/p>\n\n\n\n<h3 class=\"wp-block-heading\" id=\"h-3-sentence-structure-and-word-order\">3. Strwythur brawddeg a threfn geiriau<\/h3>\n\n\n\n<p>Mae gan Slofaceg drefn geiriau cymharol hyblyg, diolch i&#8217;w system cyfuniad achos enwau a berfau. Mae hyn yn golygu, yn wahanol i&#8217;r Saesneg, y gallwch roi geiriau mewn gwahanol safleoedd o fewn brawddeg heb newid ei hystyr \u2013 er enghraifft, gall &#8220;chlapec vid\u00ed psa&#8221; (y bachgen sy&#8217;n gweld y ci) hefyd fod yn &#8220;psa vid\u00ed chlapec&#8221; ac yn dal i gael yr un ystyr.<\/p>\n\n\n\n<p>Wedi dweud hynny, y drefn eiriau mwyaf cyffredin yn Slofaceg yw pwnc-berf-gwrthrych neu SVO. Mae hyn yn debyg i Saesneg, ac mae&#8217;n fan cychwyn gwych i ddysgwyr. Wrth i chi ddod yn fwy cyfforddus gyda&#8217;r iaith, gallwch arbrofi gyda gwahanol drefnau geiriau i ychwanegu pwyslais neu nuance i&#8217;ch brawddegau.<\/p>\n\n\n\n<h3 class=\"wp-block-heading\" id=\"h-4-adjectives-and-adverbs\">4. Ansoddeiriau ac adferfau<\/h3>\n\n\n\n<p>Yn <a href=\"https:\/\/talkpal.ai\/locations\/language-courses-in-union\/\">union<\/a> fel mewn llawer o ieithoedd eraill, defnyddir ansoddeiriau ac adferfau yn Slofaceg i ddisgrifio enwau a berfau. Fodd bynnag, maen nhw hefyd yn dod \u00e2&#8217;u cytundeb achos eu hunain a rheolau cytundeb rhywedd, a all wneud pethau ychydig yn fwy cymhleth. Diolch byth, unwaith y byddwch chi&#8217;n meistroli&#8217;r achosion enwau a&#8217;r cyfuniadau berfau, bydd y rheolau hyn yn dod yn fwy naturiol.<\/p>\n\n\n\n<p>Felly, ydych chi&#8217;n barod i fynd i&#8217;r afael \u00e2 gramadeg Slofaceg? Gyda&#8217;r meddylfryd a&#8217;r adnoddau cywir, mae dysgu Slofaceg yn brofiad gwerth chweil a all agor drysau i ddiwylliant cyfoethog a gwlad hardd. Cymerwch ef gam wrth gam, ymarferwch yn rheolaidd, a pheidiwch \u00e2 bod ofn gwneud camgymeriadau &#8211; dyna sut rydyn ni i gyd yn dysgu, wedi&#8217;r cyfan. Ve\u013ea \u0161\u0165astia! (Pob lwc!)<\/p>\n<\/div><\/div>\n\r\n<section class=\"learnNavigationSection\">\r\n            \r\n        <a href=\"https:\/\/talkpal.ai\/cy\/dysgu-slofacia\/\">\r\n            <div class=\"learnNavigationWrapper\">\r\n                <div class=\"learnNavigationContent\">\r\n                    <img decoding=\"async\" src=\"https:\/\/talkpal.ai\/wp-content\/uploads\/2024\/08\/Slovak.jpg\" alt=\"Slovak Flag\">\r\n                    <div>\r\n                        <h4>Yngl\u0177n \u00e2 Dysgu Slofacia<\/h4>\r\n                        <p>Darganfyddwch bopeth am ramadeg Slofacia.<\/p>\r\n                    <\/div>\r\n                <\/div>\r\n            <\/div>\r\n        <\/a>\r\n\r\n        \r\n        <a href=\"https:\/\/talkpal.ai\/cy\/ymarferion-gramadeg-slofacia\/\">\r\n            <div class=\"learnNavigationWrapper\">\r\n                <div class=\"learnNavigationContent\">\r\n                    <img decoding=\"async\" src=\"https:\/\/talkpal.ai\/wp-content\/uploads\/2024\/08\/Slovak.jpg\" alt=\"Slovak Flag\">\r\n                    <div>\r\n                        <h4>Ymarfer Gramadeg Slofaceg<\/h4>\r\n                        <p>Ymarfer gramadeg Slofaceg.<\/p>\r\n                    <\/div>\r\n                <\/div>\r\n            <\/div>\r\n        <\/a>\r\n\r\n        \r\n        <a href=\"https:\/\/talkpal.ai\/vocabulary_language\/slovak\/\">\r\n            <div class=\"learnNavigationWrapper\">\r\n                <div class=\"learnNavigationContent\">\r\n                    <img decoding=\"async\" src=\"https:\/\/talkpal.ai\/wp-content\/uploads\/2024\/08\/Slovak.jpg\" alt=\"Slovak Flag\">\r\n                    <div>\r\n                        <h4>Geirfa Slofaceg<\/h4>\r\n                        <p>Ehangwch eich geirfa Slofaceg.<\/p>\r\n                    <\/div>\r\n                <\/div>\r\n            <\/div>\r\n        <\/a>\r\n\r\n            <\/section>","protected":false},"excerpt":{"rendered":"<p>Gramadeg Slofaceg: Yr Allwedd i Ddatgloi Iaith Hardd Ydych chi&#8217;n bwriadu dysgu Slofaceg neu ddim ond yn chwilfrydig am ei gramadeg unigryw? Rydych chi yn y lle iawn! Efallai y bydd gramadeg Slofacia yn ymddangos yn frawychus ar yr olwg gyntaf, ond peidiwch \u00e2 phoeni &#8211; mae&#8217;n eithaf rhesymegol a rheoladwy mewn gwirionedd. Yn yr [&hellip;]<\/p>\n","protected":false},"author":1,"featured_media":1445386,"parent":0,"menu_order":0,"comment_status":"closed","ping_status":"closed","template":"LearningContentPage.php","meta":{"_acf_changed":false,"footnotes":""},"class_list":["post-1445982","page","type-page","status-publish","has-post-thumbnail","hentry"],"acf":[],"yoast_head":"<!-- This site is optimized with the Yoast SEO Premium plugin v27.2 (Yoast SEO v27.2) - https:\/\/yoast.com\/product\/yoast-seo-premium-wordpress\/ -->\n<title>Gramadeg Slofaceg - Talkpal<\/title>\n<meta name=\"description\" content=\"Meistr gramadeg Slofacia gydag esboniadau clir, enghreifftiau ymarferol, ac ymarferion rhyngweithiol. Gwella eich sgiliau!\" \/>\n<meta name=\"robots\" content=\"index, follow, max-snippet:-1, max-image-preview:large, max-video-preview:-1\" \/>\n<link rel=\"canonical\" href=\"https:\/\/talkpal.ai\/cy\/gramadeg-slofaceg\/\" \/>\n<meta property=\"og:locale\" content=\"cy_GB\" \/>\n<meta property=\"og:type\" content=\"article\" \/>\n<meta property=\"og:title\" content=\"Gramadeg Slofaceg\" \/>\n<meta property=\"og:description\" content=\"Gramadeg Slofaceg: Yr Allwedd i Ddatgloi Iaith Hardd Ydych chi&#039;n bwriadu dysgu Slofaceg neu ddim ond yn chwilfrydig am ei gramadeg unigryw? Rydych chi yn\" \/>\n<meta property=\"og:url\" content=\"https:\/\/talkpal.ai\/cy\/gramadeg-slofaceg\/\" \/>\n<meta property=\"og:site_name\" content=\"Talkpal\" \/>\n<meta property=\"article:publisher\" content=\"https:\/\/www.facebook.com\/profile.php?id=100090733639311\" \/>\n<meta property=\"article:modified_time\" content=\"2025-12-12T11:09:28+00:00\" \/>\n<meta property=\"og:image\" content=\"https:\/\/talkpal.ai\/wp-content\/uploads\/2023\/05\/slovakia.png\" \/>\n\t<meta property=\"og:image:width\" content=\"512\" \/>\n\t<meta property=\"og:image:height\" content=\"512\" \/>\n\t<meta property=\"og:image:type\" content=\"image\/png\" \/>\n<meta name=\"twitter:card\" content=\"summary_large_image\" \/>\n<meta name=\"twitter:site\" content=\"@talkpalai\" \/>\n<meta name=\"twitter:label1\" content=\"Est. reading time\" \/>\n\t<meta name=\"twitter:data1\" content=\"3 minutes\" \/>\n<script type=\"application\/ld+json\" class=\"yoast-schema-graph\">{\"@context\":\"https:\/\/schema.org\",\"@graph\":[{\"@type\":\"WebPage\",\"@id\":\"https:\/\/talkpal.ai\/cy\/gramadeg-slofaceg\/\",\"url\":\"https:\/\/talkpal.ai\/cy\/gramadeg-slofaceg\/\",\"name\":\"Gramadeg Slofaceg - Talkpal\",\"isPartOf\":{\"@id\":\"https:\/\/talkpal.ai\/cy\/#website\"},\"primaryImageOfPage\":{\"@id\":\"https:\/\/talkpal.ai\/cy\/gramadeg-slofaceg\/#primaryimage\"},\"image\":{\"@id\":\"https:\/\/talkpal.ai\/cy\/gramadeg-slofaceg\/#primaryimage\"},\"thumbnailUrl\":\"https:\/\/talkpal.ai\/wp-content\/uploads\/2023\/05\/slovakia.png\",\"datePublished\":\"2023-05-14T14:19:49+00:00\",\"dateModified\":\"2025-12-12T11:09:28+00:00\",\"description\":\"Meistr gramadeg Slofacia gydag esboniadau clir, enghreifftiau ymarferol, ac ymarferion rhyngweithiol. Gwella eich sgiliau!\",\"breadcrumb\":{\"@id\":\"https:\/\/talkpal.ai\/cy\/gramadeg-slofaceg\/#breadcrumb\"},\"inLanguage\":\"cy-GB\",\"potentialAction\":[{\"@type\":\"ReadAction\",\"target\":[\"https:\/\/talkpal.ai\/cy\/gramadeg-slofaceg\/\"]}]},{\"@type\":\"ImageObject\",\"inLanguage\":\"cy-GB\",\"@id\":\"https:\/\/talkpal.ai\/cy\/gramadeg-slofaceg\/#primaryimage\",\"url\":\"https:\/\/talkpal.ai\/wp-content\/uploads\/2023\/05\/slovakia.png\",\"contentUrl\":\"https:\/\/talkpal.ai\/wp-content\/uploads\/2023\/05\/slovakia.png\",\"width\":512,\"height\":512,\"caption\":\"TalkPal Slovakia Flag\"},{\"@type\":\"BreadcrumbList\",\"@id\":\"https:\/\/talkpal.ai\/cy\/gramadeg-slofaceg\/#breadcrumb\",\"itemListElement\":[{\"@type\":\"ListItem\",\"position\":1,\"name\":\"Homepage\",\"item\":\"https:\/\/talkpal.ai\/cy\/ai-athro-iaith-3\/\"},{\"@type\":\"ListItem\",\"position\":2,\"name\":\"Gramadeg Slofaceg\"}]},{\"@type\":\"WebSite\",\"@id\":\"https:\/\/talkpal.ai\/cy\/#website\",\"url\":\"https:\/\/talkpal.ai\/cy\/\",\"name\":\"Talkpal\",\"description\":\"AI Language Learning\",\"publisher\":{\"@id\":\"https:\/\/talkpal.ai\/cy\/#organization\"},\"alternateName\":\"Talkpal AI\",\"potentialAction\":[{\"@type\":\"SearchAction\",\"target\":{\"@type\":\"EntryPoint\",\"urlTemplate\":\"https:\/\/talkpal.ai\/cy\/?s={search_term_string}\"},\"query-input\":{\"@type\":\"PropertyValueSpecification\",\"valueRequired\":true,\"valueName\":\"search_term_string\"}}],\"inLanguage\":\"cy-GB\"},{\"@type\":\"Organization\",\"@id\":\"https:\/\/talkpal.ai\/cy\/#organization\",\"name\":\"Talkpal, Inc.\",\"alternateName\":\"Talkpal AI\",\"url\":\"https:\/\/talkpal.ai\/cy\/\",\"logo\":{\"@type\":\"ImageObject\",\"inLanguage\":\"cy-GB\",\"@id\":\"https:\/\/talkpal.ai\/cy\/#\/schema\/logo\/image\/\",\"url\":\"https:\/\/talkpal.ai\/wp-content\/uploads\/2024\/03\/Talkpal-Logo-Icon.png\",\"contentUrl\":\"https:\/\/talkpal.ai\/wp-content\/uploads\/2024\/03\/Talkpal-Logo-Icon.png\",\"width\":2880,\"height\":2880,\"caption\":\"Talkpal, Inc.\"},\"image\":{\"@id\":\"https:\/\/talkpal.ai\/cy\/#\/schema\/logo\/image\/\"},\"sameAs\":[\"https:\/\/www.facebook.com\/profile.php?id=100090733639311\",\"https:\/\/x.com\/talkpalai\",\"https:\/\/www.linkedin.com\/company\/talkpal\/\",\"https:\/\/www.youtube.com\/@TalkPal\/\",\"https:\/\/www.tiktok.com\/@talkpal\",\"https:\/\/www.instagram.com\/talkpal_ai\/\",\"https:\/\/www.crunchbase.com\/organization\/talkpal-9cde\",\"https:\/\/www.g2.com\/products\/talkpal-for-business\/\",\"https:\/\/www.trustpilot.com\/review\/talkpal.ai\",\"https:\/\/www.capterra.com\/p\/10006800\/TalkPal\/\"],\"description\":\"Talkpal is a language learning web and mobile education app, powered by the latest AI technologies, that provides engaging experiences to its customers in many different languages to help them improve their language skills. Users can chat about unlimited amount of topics with the app and use other modes to practice their language learning.\",\"email\":\"support@talkpal.ai\",\"legalName\":\"Talkpal, Inc.\",\"foundingDate\":\"2023-04-03\",\"duns\":\"118989042\",\"numberOfEmployees\":{\"@type\":\"QuantitativeValue\",\"minValue\":\"11\",\"maxValue\":\"50\"},\"publishingPrinciples\":\"https:\/\/talkpal.ai\/publishing-principles\/\",\"actionableFeedbackPolicy\":\"https:\/\/talkpal.ai\/actionable-feedback-policy\/\",\"correctionsPolicy\":\"https:\/\/talkpal.ai\/corrections-policy\/\",\"ethicsPolicy\":\"https:\/\/talkpal.ai\/ethics-policy\/\",\"diversityPolicy\":\"https:\/\/talkpal.ai\/diversity-policy\/\",\"diversityStaffingReport\":\"https:\/\/talkpal.ai\/diversity-policy\/\"}]}<\/script>\n<!-- \/ Yoast SEO Premium plugin. -->","yoast_head_json":{"title":"Gramadeg Slofaceg - Talkpal","description":"Meistr gramadeg Slofacia gydag esboniadau clir, enghreifftiau ymarferol, ac ymarferion rhyngweithiol. Gwella eich sgiliau!","robots":{"index":"index","follow":"follow","max-snippet":"max-snippet:-1","max-image-preview":"max-image-preview:large","max-video-preview":"max-video-preview:-1"},"canonical":"https:\/\/talkpal.ai\/cy\/gramadeg-slofaceg\/","og_locale":"cy_GB","og_type":"article","og_title":"Gramadeg Slofaceg","og_description":"Gramadeg Slofaceg: Yr Allwedd i Ddatgloi Iaith Hardd Ydych chi'n bwriadu dysgu Slofaceg neu ddim ond yn chwilfrydig am ei gramadeg unigryw? Rydych chi yn","og_url":"https:\/\/talkpal.ai\/cy\/gramadeg-slofaceg\/","og_site_name":"Talkpal","article_publisher":"https:\/\/www.facebook.com\/profile.php?id=100090733639311","article_modified_time":"2025-12-12T11:09:28+00:00","og_image":[{"width":512,"height":512,"url":"https:\/\/talkpal.ai\/wp-content\/uploads\/2023\/05\/slovakia.png","type":"image\/png"}],"twitter_card":"summary_large_image","twitter_site":"@talkpalai","twitter_misc":{"Est. reading time":"3 minutes"},"schema":{"@context":"https:\/\/schema.org","@graph":[{"@type":"WebPage","@id":"https:\/\/talkpal.ai\/cy\/gramadeg-slofaceg\/","url":"https:\/\/talkpal.ai\/cy\/gramadeg-slofaceg\/","name":"Gramadeg Slofaceg - Talkpal","isPartOf":{"@id":"https:\/\/talkpal.ai\/cy\/#website"},"primaryImageOfPage":{"@id":"https:\/\/talkpal.ai\/cy\/gramadeg-slofaceg\/#primaryimage"},"image":{"@id":"https:\/\/talkpal.ai\/cy\/gramadeg-slofaceg\/#primaryimage"},"thumbnailUrl":"https:\/\/talkpal.ai\/wp-content\/uploads\/2023\/05\/slovakia.png","datePublished":"2023-05-14T14:19:49+00:00","dateModified":"2025-12-12T11:09:28+00:00","description":"Meistr gramadeg Slofacia gydag esboniadau clir, enghreifftiau ymarferol, ac ymarferion rhyngweithiol. Gwella eich sgiliau!","breadcrumb":{"@id":"https:\/\/talkpal.ai\/cy\/gramadeg-slofaceg\/#breadcrumb"},"inLanguage":"cy-GB","potentialAction":[{"@type":"ReadAction","target":["https:\/\/talkpal.ai\/cy\/gramadeg-slofaceg\/"]}]},{"@type":"ImageObject","inLanguage":"cy-GB","@id":"https:\/\/talkpal.ai\/cy\/gramadeg-slofaceg\/#primaryimage","url":"https:\/\/talkpal.ai\/wp-content\/uploads\/2023\/05\/slovakia.png","contentUrl":"https:\/\/talkpal.ai\/wp-content\/uploads\/2023\/05\/slovakia.png","width":512,"height":512,"caption":"TalkPal Slovakia Flag"},{"@type":"BreadcrumbList","@id":"https:\/\/talkpal.ai\/cy\/gramadeg-slofaceg\/#breadcrumb","itemListElement":[{"@type":"ListItem","position":1,"name":"Homepage","item":"https:\/\/talkpal.ai\/cy\/ai-athro-iaith-3\/"},{"@type":"ListItem","position":2,"name":"Gramadeg Slofaceg"}]},{"@type":"WebSite","@id":"https:\/\/talkpal.ai\/cy\/#website","url":"https:\/\/talkpal.ai\/cy\/","name":"Talkpal","description":"AI Language Learning","publisher":{"@id":"https:\/\/talkpal.ai\/cy\/#organization"},"alternateName":"Talkpal AI","potentialAction":[{"@type":"SearchAction","target":{"@type":"EntryPoint","urlTemplate":"https:\/\/talkpal.ai\/cy\/?s={search_term_string}"},"query-input":{"@type":"PropertyValueSpecification","valueRequired":true,"valueName":"search_term_string"}}],"inLanguage":"cy-GB"},{"@type":"Organization","@id":"https:\/\/talkpal.ai\/cy\/#organization","name":"Talkpal, Inc.","alternateName":"Talkpal AI","url":"https:\/\/talkpal.ai\/cy\/","logo":{"@type":"ImageObject","inLanguage":"cy-GB","@id":"https:\/\/talkpal.ai\/cy\/#\/schema\/logo\/image\/","url":"https:\/\/talkpal.ai\/wp-content\/uploads\/2024\/03\/Talkpal-Logo-Icon.png","contentUrl":"https:\/\/talkpal.ai\/wp-content\/uploads\/2024\/03\/Talkpal-Logo-Icon.png","width":2880,"height":2880,"caption":"Talkpal, Inc."},"image":{"@id":"https:\/\/talkpal.ai\/cy\/#\/schema\/logo\/image\/"},"sameAs":["https:\/\/www.facebook.com\/profile.php?id=100090733639311","https:\/\/x.com\/talkpalai","https:\/\/www.linkedin.com\/company\/talkpal\/","https:\/\/www.youtube.com\/@TalkPal\/","https:\/\/www.tiktok.com\/@talkpal","https:\/\/www.instagram.com\/talkpal_ai\/","https:\/\/www.crunchbase.com\/organization\/talkpal-9cde","https:\/\/www.g2.com\/products\/talkpal-for-business\/","https:\/\/www.trustpilot.com\/review\/talkpal.ai","https:\/\/www.capterra.com\/p\/10006800\/TalkPal\/"],"description":"Talkpal is a language learning web and mobile education app, powered by the latest AI technologies, that provides engaging experiences to its customers in many different languages to help them improve their language skills. Users can chat about unlimited amount of topics with the app and use other modes to practice their language learning.","email":"support@talkpal.ai","legalName":"Talkpal, Inc.","foundingDate":"2023-04-03","duns":"118989042","numberOfEmployees":{"@type":"QuantitativeValue","minValue":"11","maxValue":"50"},"publishingPrinciples":"https:\/\/talkpal.ai\/publishing-principles\/","actionableFeedbackPolicy":"https:\/\/talkpal.ai\/actionable-feedback-policy\/","correctionsPolicy":"https:\/\/talkpal.ai\/corrections-policy\/","ethicsPolicy":"https:\/\/talkpal.ai\/ethics-policy\/","diversityPolicy":"https:\/\/talkpal.ai\/diversity-policy\/","diversityStaffingReport":"https:\/\/talkpal.ai\/diversity-policy\/"}]}},"_links":{"self":[{"href":"https:\/\/talkpal.ai\/cy\/wp-json\/wp\/v2\/pages\/1445982","targetHints":{"allow":["GET"]}}],"collection":[{"href":"https:\/\/talkpal.ai\/cy\/wp-json\/wp\/v2\/pages"}],"about":[{"href":"https:\/\/talkpal.ai\/cy\/wp-json\/wp\/v2\/types\/page"}],"author":[{"embeddable":true,"href":"https:\/\/talkpal.ai\/cy\/wp-json\/wp\/v2\/users\/1"}],"replies":[{"embeddable":true,"href":"https:\/\/talkpal.ai\/cy\/wp-json\/wp\/v2\/comments?post=1445982"}],"version-history":[{"count":0,"href":"https:\/\/talkpal.ai\/cy\/wp-json\/wp\/v2\/pages\/1445982\/revisions"}],"wp:featuredmedia":[{"embeddable":true,"href":"https:\/\/talkpal.ai\/cy\/wp-json\/wp\/v2\/media\/1445386"}],"wp:attachment":[{"href":"https:\/\/talkpal.ai\/cy\/wp-json\/wp\/v2\/media?parent=1445982"}],"curies":[{"name":"wp","href":"https:\/\/api.w.org\/{rel}","templated":true}]}}