{"id":1445763,"date":"2023-03-08T11:30:29","date_gmt":"2023-03-08T11:30:29","guid":{"rendered":"https:\/\/talkpal.ai\/cysylltwch\/"},"modified":"2026-01-20T11:42:05","modified_gmt":"2026-01-20T11:42:05","slug":"cysylltwch","status":"publish","type":"page","link":"https:\/\/talkpal.ai\/cy\/cysylltwch\/","title":{"rendered":"Cysylltwch"},"content":{"rendered":"","protected":false},"excerpt":{"rendered":"","protected":false},"author":10,"featured_media":1439684,"parent":0,"menu_order":0,"comment_status":"closed","ping_status":"closed","template":"contactPage.php","meta":{"_acf_changed":false,"footnotes":""},"class_list":["post-1445763","page","type-page","status-publish","has-post-thumbnail","hentry"],"acf":[],"yoast_head":"<!-- This site is optimized with the Yoast SEO Premium plugin v27.2 (Yoast SEO v27.2) - https:\/\/yoast.com\/product\/yoast-seo-premium-wordpress\/ -->\n<title>Cysylltwch - Talkpal<\/title>\n<meta name=\"description\" content=\"Mae croeso i chi gysylltu \u00e2 ni neu ofyn unrhyw gwestiynau i ni yngl\u0177n \u00e2 Talkpal neu ein gwasanaethau. Rydym yn gwerthfawrogi eich adborth yn fawr.\" \/>\n<meta name=\"robots\" content=\"index, follow, max-snippet:-1, max-image-preview:large, max-video-preview:-1\" \/>\n<link rel=\"canonical\" href=\"https:\/\/talkpal.ai\/cy\/cysylltwch\/\" \/>\n<meta property=\"og:locale\" content=\"cy_GB\" \/>\n<meta property=\"og:type\" content=\"article\" \/>\n<meta property=\"og:title\" content=\"Cysylltwch\" \/>\n<meta property=\"og:url\" content=\"https:\/\/talkpal.ai\/cy\/cysylltwch\/\" \/>\n<meta property=\"og:site_name\" content=\"Talkpal\" \/>\n<meta property=\"article:publisher\" content=\"https:\/\/www.facebook.com\/profile.php?id=100090733639311\" \/>\n<meta property=\"article:modified_time\" content=\"2026-01-20T11:42:05+00:00\" \/>\n<meta property=\"og:image\" content=\"https:\/\/talkpal.ai\/wp-content\/uploads\/2024\/03\/Talkpal-Logo-Icon.png\" \/>\n\t<meta property=\"og:image:width\" content=\"2880\" \/>\n\t<meta property=\"og:image:height\" content=\"2880\" \/>\n\t<meta property=\"og:image:type\" content=\"image\/png\" \/>\n<meta name=\"twitter:card\" content=\"summary_large_image\" \/>\n<meta name=\"twitter:site\" content=\"@talkpalai\" \/>\n<script type=\"application\/ld+json\" class=\"yoast-schema-graph\">{\"@context\":\"https:\/\/schema.org\",\"@graph\":[{\"@type\":\"WebPage\",\"@id\":\"https:\/\/talkpal.ai\/cy\/cysylltwch\/\",\"url\":\"https:\/\/talkpal.ai\/cy\/cysylltwch\/\",\"name\":\"Cysylltwch - Talkpal\",\"isPartOf\":{\"@id\":\"https:\/\/talkpal.ai\/cy\/#website\"},\"primaryImageOfPage\":{\"@id\":\"https:\/\/talkpal.ai\/cy\/cysylltwch\/#primaryimage\"},\"image\":{\"@id\":\"https:\/\/talkpal.ai\/cy\/cysylltwch\/#primaryimage\"},\"thumbnailUrl\":\"https:\/\/talkpal.ai\/wp-content\/uploads\/2024\/03\/Talkpal-Logo-Icon.png\",\"datePublished\":\"2023-03-08T11:30:29+00:00\",\"dateModified\":\"2026-01-20T11:42:05+00:00\",\"description\":\"Mae croeso i chi gysylltu \u00e2 ni neu ofyn unrhyw gwestiynau i ni yngl\u0177n \u00e2 Talkpal neu ein gwasanaethau. Rydym yn gwerthfawrogi eich adborth yn fawr.\",\"breadcrumb\":{\"@id\":\"https:\/\/talkpal.ai\/cy\/cysylltwch\/#breadcrumb\"},\"inLanguage\":\"cy-GB\",\"potentialAction\":[{\"@type\":\"ReadAction\",\"target\":[\"https:\/\/talkpal.ai\/cy\/cysylltwch\/\"]}]},{\"@type\":\"ImageObject\",\"inLanguage\":\"cy-GB\",\"@id\":\"https:\/\/talkpal.ai\/cy\/cysylltwch\/#primaryimage\",\"url\":\"https:\/\/talkpal.ai\/wp-content\/uploads\/2024\/03\/Talkpal-Logo-Icon.png\",\"contentUrl\":\"https:\/\/talkpal.ai\/wp-content\/uploads\/2024\/03\/Talkpal-Logo-Icon.png\",\"width\":2880,\"height\":2880,\"caption\":\"Logo Talkpal heb farc geiriau\"},{\"@type\":\"BreadcrumbList\",\"@id\":\"https:\/\/talkpal.ai\/cy\/cysylltwch\/#breadcrumb\",\"itemListElement\":[{\"@type\":\"ListItem\",\"position\":1,\"name\":\"Homepage\",\"item\":\"https:\/\/talkpal.ai\/cy\/ai-athro-iaith-3\/\"},{\"@type\":\"ListItem\",\"position\":2,\"name\":\"Cysylltwch\"}]},{\"@type\":\"WebSite\",\"@id\":\"https:\/\/talkpal.ai\/cy\/#website\",\"url\":\"https:\/\/talkpal.ai\/cy\/\",\"name\":\"Talkpal\",\"description\":\"AI Language Learning\",\"publisher\":{\"@id\":\"https:\/\/talkpal.ai\/cy\/#organization\"},\"alternateName\":\"Talkpal AI\",\"potentialAction\":[{\"@type\":\"SearchAction\",\"target\":{\"@type\":\"EntryPoint\",\"urlTemplate\":\"https:\/\/talkpal.ai\/cy\/?s={search_term_string}\"},\"query-input\":{\"@type\":\"PropertyValueSpecification\",\"valueRequired\":true,\"valueName\":\"search_term_string\"}}],\"inLanguage\":\"cy-GB\"},{\"@type\":\"Organization\",\"@id\":\"https:\/\/talkpal.ai\/cy\/#organization\",\"name\":\"Talkpal, Inc.\",\"alternateName\":\"Talkpal AI\",\"url\":\"https:\/\/talkpal.ai\/cy\/\",\"logo\":{\"@type\":\"ImageObject\",\"inLanguage\":\"cy-GB\",\"@id\":\"https:\/\/talkpal.ai\/cy\/#\/schema\/logo\/image\/\",\"url\":\"https:\/\/talkpal.ai\/wp-content\/uploads\/2024\/03\/Talkpal-Logo-Icon.png\",\"contentUrl\":\"https:\/\/talkpal.ai\/wp-content\/uploads\/2024\/03\/Talkpal-Logo-Icon.png\",\"width\":2880,\"height\":2880,\"caption\":\"Talkpal, Inc.\"},\"image\":{\"@id\":\"https:\/\/talkpal.ai\/cy\/#\/schema\/logo\/image\/\"},\"sameAs\":[\"https:\/\/www.facebook.com\/profile.php?id=100090733639311\",\"https:\/\/x.com\/talkpalai\",\"https:\/\/www.linkedin.com\/company\/talkpal\/\",\"https:\/\/www.youtube.com\/@TalkPal\/\",\"https:\/\/www.tiktok.com\/@talkpal\",\"https:\/\/www.instagram.com\/talkpal_ai\/\",\"https:\/\/www.crunchbase.com\/organization\/talkpal-9cde\",\"https:\/\/www.g2.com\/products\/talkpal-for-business\/\",\"https:\/\/www.trustpilot.com\/review\/talkpal.ai\",\"https:\/\/www.capterra.com\/p\/10006800\/TalkPal\/\"],\"description\":\"Talkpal is a language learning web and mobile education app, powered by the latest AI technologies, that provides engaging experiences to its customers in many different languages to help them improve their language skills. Users can chat about unlimited amount of topics with the app and use other modes to practice their language learning.\",\"email\":\"support@talkpal.ai\",\"legalName\":\"Talkpal, Inc.\",\"foundingDate\":\"2023-04-03\",\"duns\":\"118989042\",\"numberOfEmployees\":{\"@type\":\"QuantitativeValue\",\"minValue\":\"11\",\"maxValue\":\"50\"},\"publishingPrinciples\":\"https:\/\/talkpal.ai\/publishing-principles\/\",\"actionableFeedbackPolicy\":\"https:\/\/talkpal.ai\/actionable-feedback-policy\/\",\"correctionsPolicy\":\"https:\/\/talkpal.ai\/corrections-policy\/\",\"ethicsPolicy\":\"https:\/\/talkpal.ai\/ethics-policy\/\",\"diversityPolicy\":\"https:\/\/talkpal.ai\/diversity-policy\/\",\"diversityStaffingReport\":\"https:\/\/talkpal.ai\/diversity-policy\/\"}]}<\/script>\n<!-- \/ Yoast SEO Premium plugin. -->","yoast_head_json":{"title":"Cysylltwch - Talkpal","description":"Mae croeso i chi gysylltu \u00e2 ni neu ofyn unrhyw gwestiynau i ni yngl\u0177n \u00e2 Talkpal neu ein gwasanaethau. Rydym yn gwerthfawrogi eich adborth yn fawr.","robots":{"index":"index","follow":"follow","max-snippet":"max-snippet:-1","max-image-preview":"max-image-preview:large","max-video-preview":"max-video-preview:-1"},"canonical":"https:\/\/talkpal.ai\/cy\/cysylltwch\/","og_locale":"cy_GB","og_type":"article","og_title":"Cysylltwch","og_url":"https:\/\/talkpal.ai\/cy\/cysylltwch\/","og_site_name":"Talkpal","article_publisher":"https:\/\/www.facebook.com\/profile.php?id=100090733639311","article_modified_time":"2026-01-20T11:42:05+00:00","og_image":[{"width":2880,"height":2880,"url":"https:\/\/talkpal.ai\/wp-content\/uploads\/2024\/03\/Talkpal-Logo-Icon.png","type":"image\/png"}],"twitter_card":"summary_large_image","twitter_site":"@talkpalai","schema":{"@context":"https:\/\/schema.org","@graph":[{"@type":"WebPage","@id":"https:\/\/talkpal.ai\/cy\/cysylltwch\/","url":"https:\/\/talkpal.ai\/cy\/cysylltwch\/","name":"Cysylltwch - Talkpal","isPartOf":{"@id":"https:\/\/talkpal.ai\/cy\/#website"},"primaryImageOfPage":{"@id":"https:\/\/talkpal.ai\/cy\/cysylltwch\/#primaryimage"},"image":{"@id":"https:\/\/talkpal.ai\/cy\/cysylltwch\/#primaryimage"},"thumbnailUrl":"https:\/\/talkpal.ai\/wp-content\/uploads\/2024\/03\/Talkpal-Logo-Icon.png","datePublished":"2023-03-08T11:30:29+00:00","dateModified":"2026-01-20T11:42:05+00:00","description":"Mae croeso i chi gysylltu \u00e2 ni neu ofyn unrhyw gwestiynau i ni yngl\u0177n \u00e2 Talkpal neu ein gwasanaethau. Rydym yn gwerthfawrogi eich adborth yn fawr.","breadcrumb":{"@id":"https:\/\/talkpal.ai\/cy\/cysylltwch\/#breadcrumb"},"inLanguage":"cy-GB","potentialAction":[{"@type":"ReadAction","target":["https:\/\/talkpal.ai\/cy\/cysylltwch\/"]}]},{"@type":"ImageObject","inLanguage":"cy-GB","@id":"https:\/\/talkpal.ai\/cy\/cysylltwch\/#primaryimage","url":"https:\/\/talkpal.ai\/wp-content\/uploads\/2024\/03\/Talkpal-Logo-Icon.png","contentUrl":"https:\/\/talkpal.ai\/wp-content\/uploads\/2024\/03\/Talkpal-Logo-Icon.png","width":2880,"height":2880,"caption":"Logo Talkpal heb farc geiriau"},{"@type":"BreadcrumbList","@id":"https:\/\/talkpal.ai\/cy\/cysylltwch\/#breadcrumb","itemListElement":[{"@type":"ListItem","position":1,"name":"Homepage","item":"https:\/\/talkpal.ai\/cy\/ai-athro-iaith-3\/"},{"@type":"ListItem","position":2,"name":"Cysylltwch"}]},{"@type":"WebSite","@id":"https:\/\/talkpal.ai\/cy\/#website","url":"https:\/\/talkpal.ai\/cy\/","name":"Talkpal","description":"AI Language Learning","publisher":{"@id":"https:\/\/talkpal.ai\/cy\/#organization"},"alternateName":"Talkpal AI","potentialAction":[{"@type":"SearchAction","target":{"@type":"EntryPoint","urlTemplate":"https:\/\/talkpal.ai\/cy\/?s={search_term_string}"},"query-input":{"@type":"PropertyValueSpecification","valueRequired":true,"valueName":"search_term_string"}}],"inLanguage":"cy-GB"},{"@type":"Organization","@id":"https:\/\/talkpal.ai\/cy\/#organization","name":"Talkpal, Inc.","alternateName":"Talkpal AI","url":"https:\/\/talkpal.ai\/cy\/","logo":{"@type":"ImageObject","inLanguage":"cy-GB","@id":"https:\/\/talkpal.ai\/cy\/#\/schema\/logo\/image\/","url":"https:\/\/talkpal.ai\/wp-content\/uploads\/2024\/03\/Talkpal-Logo-Icon.png","contentUrl":"https:\/\/talkpal.ai\/wp-content\/uploads\/2024\/03\/Talkpal-Logo-Icon.png","width":2880,"height":2880,"caption":"Talkpal, Inc."},"image":{"@id":"https:\/\/talkpal.ai\/cy\/#\/schema\/logo\/image\/"},"sameAs":["https:\/\/www.facebook.com\/profile.php?id=100090733639311","https:\/\/x.com\/talkpalai","https:\/\/www.linkedin.com\/company\/talkpal\/","https:\/\/www.youtube.com\/@TalkPal\/","https:\/\/www.tiktok.com\/@talkpal","https:\/\/www.instagram.com\/talkpal_ai\/","https:\/\/www.crunchbase.com\/organization\/talkpal-9cde","https:\/\/www.g2.com\/products\/talkpal-for-business\/","https:\/\/www.trustpilot.com\/review\/talkpal.ai","https:\/\/www.capterra.com\/p\/10006800\/TalkPal\/"],"description":"Talkpal is a language learning web and mobile education app, powered by the latest AI technologies, that provides engaging experiences to its customers in many different languages to help them improve their language skills. Users can chat about unlimited amount of topics with the app and use other modes to practice their language learning.","email":"support@talkpal.ai","legalName":"Talkpal, Inc.","foundingDate":"2023-04-03","duns":"118989042","numberOfEmployees":{"@type":"QuantitativeValue","minValue":"11","maxValue":"50"},"publishingPrinciples":"https:\/\/talkpal.ai\/publishing-principles\/","actionableFeedbackPolicy":"https:\/\/talkpal.ai\/actionable-feedback-policy\/","correctionsPolicy":"https:\/\/talkpal.ai\/corrections-policy\/","ethicsPolicy":"https:\/\/talkpal.ai\/ethics-policy\/","diversityPolicy":"https:\/\/talkpal.ai\/diversity-policy\/","diversityStaffingReport":"https:\/\/talkpal.ai\/diversity-policy\/"}]}},"_links":{"self":[{"href":"https:\/\/talkpal.ai\/cy\/wp-json\/wp\/v2\/pages\/1445763","targetHints":{"allow":["GET"]}}],"collection":[{"href":"https:\/\/talkpal.ai\/cy\/wp-json\/wp\/v2\/pages"}],"about":[{"href":"https:\/\/talkpal.ai\/cy\/wp-json\/wp\/v2\/types\/page"}],"author":[{"embeddable":true,"href":"https:\/\/talkpal.ai\/cy\/wp-json\/wp\/v2\/users\/10"}],"replies":[{"embeddable":true,"href":"https:\/\/talkpal.ai\/cy\/wp-json\/wp\/v2\/comments?post=1445763"}],"version-history":[{"count":0,"href":"https:\/\/talkpal.ai\/cy\/wp-json\/wp\/v2\/pages\/1445763\/revisions"}],"wp:featuredmedia":[{"embeddable":true,"href":"https:\/\/talkpal.ai\/cy\/wp-json\/wp\/v2\/media\/1439684"}],"wp:attachment":[{"href":"https:\/\/talkpal.ai\/cy\/wp-json\/wp\/v2\/media?parent=1445763"}],"curies":[{"name":"wp","href":"https:\/\/api.w.org\/{rel}","templated":true}]}}